{"id":6429,"date":"2024-04-23T14:28:13","date_gmt":"2024-04-23T12:28:13","guid":{"rendered":"https:\/\/buddhaseedbank.com\/ueber-uns\/"},"modified":"2025-04-29T16:53:21","modified_gmt":"2025-04-29T14:53:21","slug":"ueber-uns","status":"publish","type":"page","link":"https:\/\/buddhaseedbank.com\/de\/ueber-uns\/","title":{"rendered":"\u00dcber uns"},"content":{"rendered":"\t\t<div data-elementor-type=\"wp-page\" data-elementor-id=\"6429\" class=\"elementor elementor-6429 elementor-5212\" wpc-filter-elementor-widget=\"1\" data-elementor-post-type=\"page\">\n\t\t\t\t<div class=\"elementor-element elementor-element-79c89ca4 e-con-full e-flex e-con e-parent\" data-id=\"79c89ca4\" data-element_type=\"container\" data-e-type=\"container\">\n\t\t<div class=\"elementor-element elementor-element-6cf09969 e-con-full e-flex e-con e-child\" data-id=\"6cf09969\" data-element_type=\"container\" data-e-type=\"container\">\n\t\t\t\t<div class=\"elementor-element elementor-element-759c21a9 elementor-widget-mobile__width-initial elementor-widget elementor-widget-image\" data-id=\"759c21a9\" data-element_type=\"widget\" data-e-type=\"widget\" data-settings=\"{&quot;motion_fx_motion_fx_scrolling&quot;:&quot;yes&quot;,&quot;motion_fx_translateY_effect&quot;:&quot;yes&quot;,&quot;motion_fx_translateY_speed&quot;:{&quot;unit&quot;:&quot;px&quot;,&quot;size&quot;:1,&quot;sizes&quot;:[]},&quot;motion_fx_devices&quot;:[&quot;desktop&quot;,&quot;tablet&quot;],&quot;motion_fx_translateY_affectedRange&quot;:{&quot;unit&quot;:&quot;%&quot;,&quot;size&quot;:&quot;&quot;,&quot;sizes&quot;:{&quot;start&quot;:0,&quot;end&quot;:100}}}\" data-widget_type=\"image.default\">\n\t\t\t\t<div class=\"elementor-widget-container\">\n\t\t\t\t\t\t\t\t\t\t\t\t\t\t\t<img fetchpriority=\"high\" decoding=\"async\" width=\"900\" height=\"590\" src=\"https:\/\/buddhaseedbank.com\/wp-content\/uploads\/2024\/04\/TECNICAS_BUDDHA3.jpg\" class=\"attachment-full size-full wp-image-5552\" alt=\"mejores semillas de cannabis\" srcset=\"https:\/\/buddhaseedbank.com\/wp-content\/uploads\/2024\/04\/TECNICAS_BUDDHA3.jpg 900w, https:\/\/buddhaseedbank.com\/wp-content\/uploads\/2024\/04\/TECNICAS_BUDDHA3-300x197.jpg 300w, https:\/\/buddhaseedbank.com\/wp-content\/uploads\/2024\/04\/TECNICAS_BUDDHA3-768x503.jpg 768w, https:\/\/buddhaseedbank.com\/wp-content\/uploads\/2024\/04\/TECNICAS_BUDDHA3-600x393.jpg 600w\" sizes=\"(max-width: 900px) 100vw, 900px\" \/>\t\t\t\t\t\t\t\t\t\t\t\t\t\t\t<\/div>\n\t\t\t\t<\/div>\n\t\t\t\t<div class=\"elementor-element elementor-element-35139c67 elementor-widget-mobile__width-initial elementor-widget elementor-widget-image\" data-id=\"35139c67\" data-element_type=\"widget\" data-e-type=\"widget\" data-settings=\"{&quot;motion_fx_motion_fx_scrolling&quot;:&quot;yes&quot;,&quot;motion_fx_translateY_effect&quot;:&quot;yes&quot;,&quot;motion_fx_translateY_direction&quot;:&quot;negative&quot;,&quot;motion_fx_translateY_speed&quot;:{&quot;unit&quot;:&quot;px&quot;,&quot;size&quot;:1,&quot;sizes&quot;:[]},&quot;motion_fx_devices&quot;:[&quot;desktop&quot;,&quot;tablet&quot;],&quot;motion_fx_translateY_affectedRange&quot;:{&quot;unit&quot;:&quot;%&quot;,&quot;size&quot;:&quot;&quot;,&quot;sizes&quot;:{&quot;start&quot;:0,&quot;end&quot;:100}}}\" data-widget_type=\"image.default\">\n\t\t\t\t<div class=\"elementor-widget-container\">\n\t\t\t\t\t\t\t\t\t\t\t\t\t\t\t<img decoding=\"async\" width=\"800\" height=\"887\" src=\"https:\/\/buddhaseedbank.com\/wp-content\/uploads\/2024\/04\/TECNICAS_BUDDHA1.jpg\" class=\"attachment-large size-large wp-image-5546\" alt=\"mejores semillas de cannabis\" srcset=\"https:\/\/buddhaseedbank.com\/wp-content\/uploads\/2024\/04\/TECNICAS_BUDDHA1.jpg 800w, https:\/\/buddhaseedbank.com\/wp-content\/uploads\/2024\/04\/TECNICAS_BUDDHA1-271x300.jpg 271w, https:\/\/buddhaseedbank.com\/wp-content\/uploads\/2024\/04\/TECNICAS_BUDDHA1-768x852.jpg 768w, https:\/\/buddhaseedbank.com\/wp-content\/uploads\/2024\/04\/TECNICAS_BUDDHA1-600x665.jpg 600w\" sizes=\"(max-width: 800px) 100vw, 800px\" \/>\t\t\t\t\t\t\t\t\t\t\t\t\t\t\t<\/div>\n\t\t\t\t<\/div>\n\t\t\t\t<\/div>\n\t\t<div class=\"elementor-element elementor-element-5035c736 e-con-full e-flex e-con e-child\" data-id=\"5035c736\" data-element_type=\"container\" data-e-type=\"container\">\n\t\t\t\t<div class=\"elementor-element elementor-element-3d4db729 elementor-invisible elementor-widget elementor-widget-heading\" data-id=\"3d4db729\" data-element_type=\"widget\" data-e-type=\"widget\" data-settings=\"{&quot;_animation&quot;:&quot;fadeIn&quot;}\" data-widget_type=\"heading.default\">\n\t\t\t\t<div class=\"elementor-widget-container\">\n\t\t\t\t\t<h1 class=\"elementor-heading-title elementor-size-default\">\u00dcber uns<\/h1>\t\t\t\t<\/div>\n\t\t\t\t<\/div>\n\t\t\t\t<div class=\"elementor-element elementor-element-195c430e elementor-invisible elementor-widget elementor-widget-text-editor\" data-id=\"195c430e\" data-element_type=\"widget\" data-e-type=\"widget\" data-settings=\"{&quot;_animation&quot;:&quot;fadeIn&quot;,&quot;_animation_delay&quot;:200}\" data-widget_type=\"text-editor.default\">\n\t\t\t\t<div class=\"elementor-widget-container\">\n\t\t\t\t\t\t\t\t\t<p>Buddha Seeds ist eine spanische Marke mit mehr als 15 Jahren Erfahrung im Cannabissektor. Buddha Seeds konzentriert seine Bem\u00fchungen auf die genetische Verbesserung, um seine Sorten in sehr prominenten Positionen auf dem Markt zu produzieren und zu halten.<\/p>\n<p>Hinter jeder Sorte steckt viel Arbeit, um die gew\u00fcnschten Eigenschaften auszuw\u00e4hlen und zu stabilisieren, sowie umfassende Qualit\u00e4tskontrollen, um den Erfolg von der Keimung bis zur Ernte zu gew\u00e4hrleisten. Eine Arbeit, die den Respekt und das Vertrauen von Tausenden von Landwirten auf der ganzen Welt verdient hat. Tats\u00e4chlich stammen viele der heute auf dem Markt befindlichen Sorten von den ersten Samen dieser Bank ab.<\/p>\n<p>All dies hat Buddha Seeds weltweite Anerkennung als eine der besten Saatgutbanken eingebracht.<\/p>\n\t\t\t\t\t\t\t\t<\/div>\n\t\t\t\t<\/div>\n\t\t\t\t<\/div>\n\t\t\t\t<\/div>\n\t\t<div class=\"elementor-element elementor-element-7a44fbb1 e-con-full e-flex e-con e-parent\" data-id=\"7a44fbb1\" data-element_type=\"container\" data-e-type=\"container\" data-settings=\"{&quot;background_background&quot;:&quot;classic&quot;}\">\n\t\t<div class=\"elementor-element elementor-element-76ed060e e-con-full e-flex e-con e-child\" data-id=\"76ed060e\" data-element_type=\"container\" data-e-type=\"container\">\n\t\t\t\t<div class=\"elementor-element elementor-element-73bc8779 elementor-invisible elementor-widget elementor-widget-heading\" data-id=\"73bc8779\" data-element_type=\"widget\" data-e-type=\"widget\" data-settings=\"{&quot;_animation&quot;:&quot;fadeIn&quot;}\" data-widget_type=\"heading.default\">\n\t\t\t\t<div class=\"elementor-widget-container\">\n\t\t\t\t\t<h2 class=\"elementor-heading-title elementor-size-default\">Forschung und Entwicklung<\/h2>\t\t\t\t<\/div>\n\t\t\t\t<\/div>\n\t\t\t\t<div class=\"elementor-element elementor-element-1ca15cec elementor-invisible elementor-widget elementor-widget-text-editor\" data-id=\"1ca15cec\" data-element_type=\"widget\" data-e-type=\"widget\" data-settings=\"{&quot;_animation&quot;:&quot;fadeIn&quot;,&quot;_animation_delay&quot;:200}\" data-widget_type=\"text-editor.default\">\n\t\t\t\t<div class=\"elementor-widget-container\">\n\t\t\t\t\t\t\t\t\t<p>Das multidisziplin\u00e4re Team von Buddha Seeds besteht aus Agronomen und Biotechnologen, die modernste Technologien wie Gaschromatographie und genetische Sequenzierung einsetzen, um die Pflanzen sowohl auf Genotyp- als auch auf Ph\u00e4notyp-Ebene zu analysieren.<\/p>\n<p>Besonders hervorzuheben ist die Entwicklung einer Methodik zur Charakterisierung der Gene, die f\u00fcr die Enzyme der Cannabinoid-Synthese kodieren.<\/p>\n\t\t\t\t\t\t\t\t<\/div>\n\t\t\t\t<\/div>\n\t\t\t\t<\/div>\n\t\t<div class=\"elementor-element elementor-element-4fe796fe e-con-full e-flex e-con e-child\" data-id=\"4fe796fe\" data-element_type=\"container\" data-e-type=\"container\" data-settings=\"{&quot;background_background&quot;:&quot;classic&quot;}\">\n\t\t\t\t<\/div>\n\t\t\t\t<\/div>\n\t\t<div class=\"elementor-element elementor-element-8907925 e-con-full e-flex e-con e-parent\" data-id=\"8907925\" data-element_type=\"container\" data-e-type=\"container\" data-settings=\"{&quot;background_background&quot;:&quot;classic&quot;}\">\n\t\t<div class=\"elementor-element elementor-element-7e2a8cce e-con-full e-flex e-con e-child\" data-id=\"7e2a8cce\" data-element_type=\"container\" data-e-type=\"container\">\n\t\t\t\t<div class=\"elementor-element elementor-element-4aac7609 elementor-invisible elementor-widget elementor-widget-image\" data-id=\"4aac7609\" data-element_type=\"widget\" data-e-type=\"widget\" data-settings=\"{&quot;_animation&quot;:&quot;fadeIn&quot;}\" data-widget_type=\"image.default\">\n\t\t\t\t<div class=\"elementor-widget-container\">\n\t\t\t\t\t\t\t\t\t\t\t\t\t\t\t<img decoding=\"async\" width=\"800\" height=\"551\" src=\"https:\/\/buddhaseedbank.com\/wp-content\/uploads\/2024\/04\/TECNICAS_BUDDHA6.jpg\" class=\"attachment-large size-large wp-image-5584\" alt=\"mejores semillas de cannabis\" srcset=\"https:\/\/buddhaseedbank.com\/wp-content\/uploads\/2024\/04\/TECNICAS_BUDDHA6.jpg 800w, https:\/\/buddhaseedbank.com\/wp-content\/uploads\/2024\/04\/TECNICAS_BUDDHA6-300x207.jpg 300w, https:\/\/buddhaseedbank.com\/wp-content\/uploads\/2024\/04\/TECNICAS_BUDDHA6-768x529.jpg 768w, https:\/\/buddhaseedbank.com\/wp-content\/uploads\/2024\/04\/TECNICAS_BUDDHA6-600x413.jpg 600w\" sizes=\"(max-width: 800px) 100vw, 800px\" \/>\t\t\t\t\t\t\t\t\t\t\t\t\t\t\t<\/div>\n\t\t\t\t<\/div>\n\t\t\t\t<div class=\"elementor-element elementor-element-53249df9 elementor-widget__width-auto elementor-absolute elementor-invisible elementor-widget elementor-widget-image\" data-id=\"53249df9\" data-element_type=\"widget\" data-e-type=\"widget\" data-settings=\"{&quot;_position&quot;:&quot;absolute&quot;,&quot;_animation&quot;:&quot;fadeIn&quot;,&quot;_animation_delay&quot;:200}\" data-widget_type=\"image.default\">\n\t\t\t\t<div class=\"elementor-widget-container\">\n\t\t\t\t\t\t\t\t\t\t\t\t\t\t\t<img decoding=\"async\" src=\"https:\/\/buddhaseedbank.com\/wp-content\/uploads\/2024\/04\/TECNICAS_BUDDHA5-1.jpg\" title=\"\" alt=\"\" loading=\"lazy\" \/>\t\t\t\t\t\t\t\t\t\t\t\t\t\t\t<\/div>\n\t\t\t\t<\/div>\n\t\t\t\t<\/div>\n\t\t<div class=\"elementor-element elementor-element-213ca6fc e-con-full e-flex e-con e-child\" data-id=\"213ca6fc\" data-element_type=\"container\" data-e-type=\"container\">\n\t\t\t\t<div class=\"elementor-element elementor-element-e196d0b elementor-widget elementor-widget-heading\" data-id=\"e196d0b\" data-element_type=\"widget\" data-e-type=\"widget\" data-widget_type=\"heading.default\">\n\t\t\t\t<div class=\"elementor-widget-container\">\n\t\t\t\t\t<h2 class=\"elementor-heading-title elementor-size-default\">Innovation im Dienste der Qualit\u00e4t\n<\/h2>\t\t\t\t<\/div>\n\t\t\t\t<\/div>\n\t\t\t\t<div class=\"elementor-element elementor-element-317271e elementor-widget elementor-widget-text-editor\" data-id=\"317271e\" data-element_type=\"widget\" data-e-type=\"widget\" data-widget_type=\"text-editor.default\">\n\t\t\t\t<div class=\"elementor-widget-container\">\n\t\t\t\t\t\t\t\t\t<p>Wir bei Buddha Seeds sind stolz darauf, die wahrscheinlich beste Forschungsabteilung in Europa zu haben. Der Einsatz modernster Techniken wie die Selektion mit Hilfe molekulargenetischer Marker, die Analyse von Cannabinoiden und Terpenen durch Gaschromatographie mit Flammenionisationsdetektor, die Entwicklung, Vermehrung und Erhaltung der In-vitro-Genetik sowie die Gewinnung und Charakterisierung polyploider Individuen zielen darauf ab, dem Cannabisz\u00fcchter Individuen mit gro\u00dfer vegetativer Vitalit\u00e4t und einem hohen Gehalt an Cannabinoiden anzubieten.<\/p>\n\t\t\t\t\t\t\t\t<\/div>\n\t\t\t\t<\/div>\n\t\t\t\t<\/div>\n\t\t\t\t<\/div>\n\t\t\t\t<\/div>\n\t\t","protected":false},"excerpt":{"rendered":"<p>\u00dcber uns Buddha Seeds ist eine spanische Marke mit mehr als 15 Jahren Erfahrung im Cannabissektor. Buddha Seeds konzentriert seine Bem\u00fchungen auf die genetische Verbesserung, um seine Sorten in sehr prominenten Positionen auf dem Markt zu produzieren und zu halten. Hinter jeder Sorte steckt viel Arbeit, um die gew\u00fcnschten Eigenschaften auszuw\u00e4hlen und zu stabilisieren, sowie [&hellip;]<\/p>\n","protected":false},"author":1,"featured_media":0,"parent":0,"menu_order":0,"comment_status":"closed","ping_status":"closed","template":"elementor_header_footer","meta":{"_joinchat":[],"footnotes":""},"class_list":["post-6429","page","type-page","status-publish","hentry"],"yoast_head":"<!-- This site is optimized with the Yoast SEO plugin v27.3 - https:\/\/yoast.com\/product\/yoast-seo-wordpress\/ -->\n<title>beste Marihuanasamen<\/title>\n<meta name=\"description\" content=\"Kaufen Sie hochwertige Marihuanasamen. Buddha Seeds ist die beste Bank f\u00fcr selbstbl\u00fchende und photoperiodische Cannabissamen.\" \/>\n<meta name=\"robots\" content=\"index, follow, max-snippet:-1, max-image-preview:large, max-video-preview:-1\" \/>\n<link rel=\"canonical\" href=\"https:\/\/buddhaseedbank.com\/de\/ueber-uns\/\" \/>\n<meta property=\"og:locale\" content=\"de_DE\" \/>\n<meta property=\"og:type\" content=\"article\" \/>\n<meta property=\"og:title\" content=\"beste Marihuanasamen\" \/>\n<meta property=\"og:description\" content=\"Kaufen Sie hochwertige Marihuanasamen. Buddha Seeds ist die beste Bank f\u00fcr selbstbl\u00fchende und photoperiodische Cannabissamen.\" \/>\n<meta property=\"og:url\" content=\"https:\/\/buddhaseedbank.com\/de\/ueber-uns\/\" \/>\n<meta property=\"og:site_name\" content=\"Buddha Seeds\" \/>\n<meta property=\"article:modified_time\" content=\"2025-04-29T14:53:21+00:00\" \/>\n<meta property=\"og:image\" content=\"https:\/\/buddhaseedbank.com\/wp-content\/uploads\/2024\/04\/TECNICAS_BUDDHA3.jpg\" \/>\n<meta name=\"twitter:card\" content=\"summary_large_image\" \/>\n<meta name=\"twitter:label1\" content=\"Gesch\u00e4tzte Lesezeit\" \/>\n\t<meta name=\"twitter:data1\" content=\"2\u00a0Minuten\" \/>\n<script type=\"application\/ld+json\" class=\"yoast-schema-graph\">{\"@context\":\"https:\\\/\\\/schema.org\",\"@graph\":[{\"@type\":\"WebPage\",\"@id\":\"https:\\\/\\\/buddhaseedbank.com\\\/de\\\/ueber-uns\\\/\",\"url\":\"https:\\\/\\\/buddhaseedbank.com\\\/de\\\/ueber-uns\\\/\",\"name\":\"beste Marihuanasamen\",\"isPartOf\":{\"@id\":\"https:\\\/\\\/buddhaseedbank.com\\\/de\\\/#website\"},\"primaryImageOfPage\":{\"@id\":\"https:\\\/\\\/buddhaseedbank.com\\\/de\\\/ueber-uns\\\/#primaryimage\"},\"image\":{\"@id\":\"https:\\\/\\\/buddhaseedbank.com\\\/de\\\/ueber-uns\\\/#primaryimage\"},\"thumbnailUrl\":\"https:\\\/\\\/buddhaseedbank.com\\\/wp-content\\\/uploads\\\/2024\\\/04\\\/TECNICAS_BUDDHA3.jpg\",\"datePublished\":\"2024-04-23T12:28:13+00:00\",\"dateModified\":\"2025-04-29T14:53:21+00:00\",\"description\":\"Kaufen Sie hochwertige Marihuanasamen. Buddha Seeds ist die beste Bank f\u00fcr selbstbl\u00fchende und photoperiodische Cannabissamen.\",\"breadcrumb\":{\"@id\":\"https:\\\/\\\/buddhaseedbank.com\\\/de\\\/ueber-uns\\\/#breadcrumb\"},\"inLanguage\":\"de\",\"potentialAction\":[{\"@type\":\"ReadAction\",\"target\":[\"https:\\\/\\\/buddhaseedbank.com\\\/de\\\/ueber-uns\\\/\"]}]},{\"@type\":\"ImageObject\",\"inLanguage\":\"de\",\"@id\":\"https:\\\/\\\/buddhaseedbank.com\\\/de\\\/ueber-uns\\\/#primaryimage\",\"url\":\"https:\\\/\\\/buddhaseedbank.com\\\/wp-content\\\/uploads\\\/2024\\\/04\\\/TECNICAS_BUDDHA3.jpg\",\"contentUrl\":\"https:\\\/\\\/buddhaseedbank.com\\\/wp-content\\\/uploads\\\/2024\\\/04\\\/TECNICAS_BUDDHA3.jpg\"},{\"@type\":\"BreadcrumbList\",\"@id\":\"https:\\\/\\\/buddhaseedbank.com\\\/de\\\/ueber-uns\\\/#breadcrumb\",\"itemListElement\":[{\"@type\":\"ListItem\",\"position\":1,\"name\":\"Portada\",\"item\":\"https:\\\/\\\/buddhaseedbank.com\\\/de\\\/\"},{\"@type\":\"ListItem\",\"position\":2,\"name\":\"\u00dcber uns\"}]},{\"@type\":\"WebSite\",\"@id\":\"https:\\\/\\\/buddhaseedbank.com\\\/de\\\/#website\",\"url\":\"https:\\\/\\\/buddhaseedbank.com\\\/de\\\/\",\"name\":\"Buddha Seeds\",\"description\":\"\",\"publisher\":{\"@id\":\"https:\\\/\\\/buddhaseedbank.com\\\/de\\\/#organization\"},\"potentialAction\":[{\"@type\":\"SearchAction\",\"target\":{\"@type\":\"EntryPoint\",\"urlTemplate\":\"https:\\\/\\\/buddhaseedbank.com\\\/de\\\/?s={search_term_string}\"},\"query-input\":{\"@type\":\"PropertyValueSpecification\",\"valueRequired\":true,\"valueName\":\"search_term_string\"}}],\"inLanguage\":\"de\"},{\"@type\":\"Organization\",\"@id\":\"https:\\\/\\\/buddhaseedbank.com\\\/de\\\/#organization\",\"name\":\"Buddha Seeds\",\"url\":\"https:\\\/\\\/buddhaseedbank.com\\\/de\\\/\",\"logo\":{\"@type\":\"ImageObject\",\"inLanguage\":\"de\",\"@id\":\"https:\\\/\\\/buddhaseedbank.com\\\/de\\\/#\\\/schema\\\/logo\\\/image\\\/\",\"url\":\"https:\\\/\\\/buddhaseedbank.com\\\/wp-content\\\/uploads\\\/2024\\\/04\\\/buddha-seeds-logo-1622448424-1.png\",\"contentUrl\":\"https:\\\/\\\/buddhaseedbank.com\\\/wp-content\\\/uploads\\\/2024\\\/04\\\/buddha-seeds-logo-1622448424-1.png\",\"width\":478,\"height\":200,\"caption\":\"Buddha Seeds\"},\"image\":{\"@id\":\"https:\\\/\\\/buddhaseedbank.com\\\/de\\\/#\\\/schema\\\/logo\\\/image\\\/\"}}]}<\/script>\n<!-- \/ Yoast SEO plugin. -->","yoast_head_json":{"title":"beste Marihuanasamen","description":"Kaufen Sie hochwertige Marihuanasamen. Buddha Seeds ist die beste Bank f\u00fcr selbstbl\u00fchende und photoperiodische Cannabissamen.","robots":{"index":"index","follow":"follow","max-snippet":"max-snippet:-1","max-image-preview":"max-image-preview:large","max-video-preview":"max-video-preview:-1"},"canonical":"https:\/\/buddhaseedbank.com\/de\/ueber-uns\/","og_locale":"de_DE","og_type":"article","og_title":"beste Marihuanasamen","og_description":"Kaufen Sie hochwertige Marihuanasamen. Buddha Seeds ist die beste Bank f\u00fcr selbstbl\u00fchende und photoperiodische Cannabissamen.","og_url":"https:\/\/buddhaseedbank.com\/de\/ueber-uns\/","og_site_name":"Buddha Seeds","article_modified_time":"2025-04-29T14:53:21+00:00","og_image":[{"url":"https:\/\/buddhaseedbank.com\/wp-content\/uploads\/2024\/04\/TECNICAS_BUDDHA3.jpg","type":"","width":"","height":""}],"twitter_card":"summary_large_image","twitter_misc":{"Gesch\u00e4tzte Lesezeit":"2\u00a0Minuten"},"schema":{"@context":"https:\/\/schema.org","@graph":[{"@type":"WebPage","@id":"https:\/\/buddhaseedbank.com\/de\/ueber-uns\/","url":"https:\/\/buddhaseedbank.com\/de\/ueber-uns\/","name":"beste Marihuanasamen","isPartOf":{"@id":"https:\/\/buddhaseedbank.com\/de\/#website"},"primaryImageOfPage":{"@id":"https:\/\/buddhaseedbank.com\/de\/ueber-uns\/#primaryimage"},"image":{"@id":"https:\/\/buddhaseedbank.com\/de\/ueber-uns\/#primaryimage"},"thumbnailUrl":"https:\/\/buddhaseedbank.com\/wp-content\/uploads\/2024\/04\/TECNICAS_BUDDHA3.jpg","datePublished":"2024-04-23T12:28:13+00:00","dateModified":"2025-04-29T14:53:21+00:00","description":"Kaufen Sie hochwertige Marihuanasamen. Buddha Seeds ist die beste Bank f\u00fcr selbstbl\u00fchende und photoperiodische Cannabissamen.","breadcrumb":{"@id":"https:\/\/buddhaseedbank.com\/de\/ueber-uns\/#breadcrumb"},"inLanguage":"de","potentialAction":[{"@type":"ReadAction","target":["https:\/\/buddhaseedbank.com\/de\/ueber-uns\/"]}]},{"@type":"ImageObject","inLanguage":"de","@id":"https:\/\/buddhaseedbank.com\/de\/ueber-uns\/#primaryimage","url":"https:\/\/buddhaseedbank.com\/wp-content\/uploads\/2024\/04\/TECNICAS_BUDDHA3.jpg","contentUrl":"https:\/\/buddhaseedbank.com\/wp-content\/uploads\/2024\/04\/TECNICAS_BUDDHA3.jpg"},{"@type":"BreadcrumbList","@id":"https:\/\/buddhaseedbank.com\/de\/ueber-uns\/#breadcrumb","itemListElement":[{"@type":"ListItem","position":1,"name":"Portada","item":"https:\/\/buddhaseedbank.com\/de\/"},{"@type":"ListItem","position":2,"name":"\u00dcber uns"}]},{"@type":"WebSite","@id":"https:\/\/buddhaseedbank.com\/de\/#website","url":"https:\/\/buddhaseedbank.com\/de\/","name":"Buddha Seeds","description":"","publisher":{"@id":"https:\/\/buddhaseedbank.com\/de\/#organization"},"potentialAction":[{"@type":"SearchAction","target":{"@type":"EntryPoint","urlTemplate":"https:\/\/buddhaseedbank.com\/de\/?s={search_term_string}"},"query-input":{"@type":"PropertyValueSpecification","valueRequired":true,"valueName":"search_term_string"}}],"inLanguage":"de"},{"@type":"Organization","@id":"https:\/\/buddhaseedbank.com\/de\/#organization","name":"Buddha Seeds","url":"https:\/\/buddhaseedbank.com\/de\/","logo":{"@type":"ImageObject","inLanguage":"de","@id":"https:\/\/buddhaseedbank.com\/de\/#\/schema\/logo\/image\/","url":"https:\/\/buddhaseedbank.com\/wp-content\/uploads\/2024\/04\/buddha-seeds-logo-1622448424-1.png","contentUrl":"https:\/\/buddhaseedbank.com\/wp-content\/uploads\/2024\/04\/buddha-seeds-logo-1622448424-1.png","width":478,"height":200,"caption":"Buddha Seeds"},"image":{"@id":"https:\/\/buddhaseedbank.com\/de\/#\/schema\/logo\/image\/"}}]}},"_links":{"self":[{"href":"https:\/\/buddhaseedbank.com\/de\/wp-json\/wp\/v2\/pages\/6429","targetHints":{"allow":["GET"]}}],"collection":[{"href":"https:\/\/buddhaseedbank.com\/de\/wp-json\/wp\/v2\/pages"}],"about":[{"href":"https:\/\/buddhaseedbank.com\/de\/wp-json\/wp\/v2\/types\/page"}],"author":[{"embeddable":true,"href":"https:\/\/buddhaseedbank.com\/de\/wp-json\/wp\/v2\/users\/1"}],"replies":[{"embeddable":true,"href":"https:\/\/buddhaseedbank.com\/de\/wp-json\/wp\/v2\/comments?post=6429"}],"version-history":[{"count":2,"href":"https:\/\/buddhaseedbank.com\/de\/wp-json\/wp\/v2\/pages\/6429\/revisions"}],"predecessor-version":[{"id":11890,"href":"https:\/\/buddhaseedbank.com\/de\/wp-json\/wp\/v2\/pages\/6429\/revisions\/11890"}],"wp:attachment":[{"href":"https:\/\/buddhaseedbank.com\/de\/wp-json\/wp\/v2\/media?parent=6429"}],"curies":[{"name":"wp","href":"https:\/\/api.w.org\/{rel}","templated":true}]}}