{"id":6614,"date":"2020-10-21T10:18:56","date_gmt":"2020-10-21T08:18:56","guid":{"rendered":"https:\/\/buddhaseedbank.com\/cookies-politik\/"},"modified":"2020-10-21T10:18:56","modified_gmt":"2020-10-21T08:18:56","slug":"cookies-politik","status":"publish","type":"page","link":"https:\/\/buddhaseedbank.com\/de\/cookies-politik\/","title":{"rendered":"Cookies Politik"},"content":{"rendered":"<h3>WAS SIND COOKIES?<\/h3>\n<p>Cookies sind kleine Datendateien, die auf dem Endger\u00e4t von der besuchten Website empfangen werden und dazu dienen, bestimmte Browsing-Interaktionen auf einer Website aufzuzeichnen, indem sie Daten speichern, die aktualisiert und abgerufen werden k\u00f6nnen. Diese Dateien werden auf dem Computer des Benutzers gespeichert und enthalten anonyme Daten, die f\u00fcr den Computer des Benutzers nicht sch\u00e4dlich sind. Sie werden verwendet, um sich an die Pr\u00e4ferenzen des Benutzers zu erinnern, wie z.B. die gew\u00e4hlte Sprache, Zugangsdaten oder die Personalisierung der Seite.<\/p>\n<p>Cookies k\u00f6nnen auch verwendet werden, um anonyme Informationen dar\u00fcber aufzuzeichnen, wie ein Besucher eine Website nutzt. Zum Beispiel, von welcher Website aus Sie darauf zugegriffen haben oder ob Sie eine Bannerwerbung benutzt haben, um dorthin zu gelangen.<\/p>\n<h3>WARUM VERWENDEN WIR COOKIES?<\/h3>\n<p>Buddhaseedbank.com verwendet Cookies, die f\u00fcr die Nutzung unserer Websites unbedingt notwendig und unerl\u00e4sslich sind und es Ihnen erm\u00f6glichen, sich frei zu bewegen, sichere Bereiche zu nutzen, personalisierte Optionen zu verwenden usw. Dar\u00fcber hinaus verwendet www.buddhaseedbank.com Cookies, die Daten f\u00fcr die Analyse der Nutzung der Website sammeln. Diese werden verwendet, um den Kundenservice zu verbessern, indem die Nutzung und Leistung der Website gemessen wird, um die Website zu optimieren und zu personalisieren.<\/p>\n<p>Unsere Websites k\u00f6nnen auch Links zu sozialen Netzwerken (wie Facebook oder Twitter) enthalten. Buddhaseedbank.com hat keine Kontrolle \u00fcber die von diesen externen Websites verwendeten Cookies. F\u00fcr weitere Informationen \u00fcber Cookies von sozialen Netzwerken oder anderen externen Websites empfehlen wir Ihnen, deren eigene Cookie-Richtlinien zu lesen.<\/p>\n<p>Diese Website verwendet Cookies wie folgt:<\/p>\n<ul style=\"list-style-type:disc;\">\n<li>Google ANALYTICS-Cookie: Google ANALYTICS ist ein kostenloser Dienst von Google Inc. und die Informationen \u00fcber die besuchten Webseiten, den Zeitpunkt, den Webbrowser usw. sammelt. Diese Informationen werden dann an die Server von Google Inc. gesendet. in den Vereinigten Staaten.<\/li>\n<li>Add-this&#8220;-Anwendungs-Cookies: Add-this ist ein kostenloser Dienst, der es Ihnen erm\u00f6glicht, Seiten dieser Website auf verschiedenen Wegen zu teilen (E-Mail, soziale Netzwerke usw.). Add-his sammelt statistische Informationen \u00fcber Ihr Surfverhalten, um Ihnen auf dieser Website oder anderswo auf Ihre Surfgewohnheiten zugeschnittene Werbung anbieten zu k\u00f6nnen.<\/li>\n<\/ul>\n<h3>WIE VERWENDEN WIR DIE VERSCHIEDENEN ARTEN VON COOKIES?<\/h3>\n<p><strong>Je nach ihrem Zweck:<\/strong><\/p>\n<ul style=\"list-style-type:disc;\">\n<li>Technische Cookies: Technische Cookies sind solche, die f\u00fcr das korrekte Funktionieren eines Webportals und die Nutzung der verschiedenen Optionen und Dienste, die es bietet, unerl\u00e4sslich und unbedingt notwendig sind. Zum Beispiel solche f\u00fcr die Sitzungspflege, die Verwaltung der Antwortzeiten, die Ausf\u00fchrung oder Validierung von Optionen, die Verwendung von Sicherheitsfunktionen, die Freigabe von Inhalten f\u00fcr soziale Netzwerke usw.<\/li>\n<li>Personalisierungs-Cookies: Diese Cookies erm\u00f6glichen es dem Benutzer, einige Merkmale der allgemeinen Optionen der Website festzulegen oder anzupassen, z. B. die Sprache, die regionale Konfiguration oder den Browsertyp.<\/li>\n<li>Analytische Cookies: Analytische Cookies werden von unserem Webportal verwendet, um Browsing-Profile zu erstellen und die Pr\u00e4ferenzen der Nutzer zu kennen, um das Angebot an Produkten und Dienstleistungen zu verbessern. Ein Analyse-Cookie w\u00fcrde zum Beispiel verwendet, um die geografischen Gebiete zu \u00fcberwachen, die f\u00fcr einen Nutzer am interessantesten sind, welches Produkt am beliebtesten ist usw.<\/li>\n<li>Werbe-\/Werbe-Cookies: Werbe-Cookies erm\u00f6glichen die Verwaltung von Werbefl\u00e4chen auf der Grundlage bestimmter Kriterien. Zum Beispiel die H\u00e4ufigkeit des Zugriffs, der bearbeitete Inhalt, usw. Werbe-Cookies erm\u00f6glichen es dem Werbemanagement, durch die Beobachtung von Gewohnheiten, die Untersuchung von Zugriffen und die Erstellung eines Profils von Benutzerpr\u00e4ferenzen Verhaltensinformationen zu speichern, um Werbung anzubieten, die auf die Interessen des Benutzerprofils abgestimmt ist.<\/li>\n<\/ul>\n<p><strong>Laut Deadline:<\/strong><\/p>\n<ul style=\"list-style-type:disc;\">\n<li>Sitzungscookies: Sitzungscookies sind Cookies, die nur f\u00fcr die Zeit gelten, in der der Nutzer auf der Website surft, und die am Ende der Sitzung gel\u00f6scht werden.<\/li>\n<li>Dauerhafte Cookies: Diese Cookies bleiben f\u00fcr einen l\u00e4ngeren Zeitraum auf dem Endger\u00e4t des Benutzers gespeichert und erleichtern so die Kontrolle der gew\u00e4hlten Einstellungen, ohne dass bestimmte Parameter bei jedem Besuch der Website erneut eingegeben werden m\u00fcssen.<\/li>\n<\/ul>\n<p>Diese Cookies m\u00fcssen mit der RGPD-UE-2016\/679, der LOPD-3\/2018 \u00fcber die Garantie digitaler Rechte und den Bestimmungen der LSSI-CE \u00fcbereinstimmen.<\/p>\n<h6><span style=\"text-decoration:underline;\">EIGENE COOKIES IM EINSATZ:<\/span><\/h6>\n<p><strong>Einige der folgenden Cookies wurden beim Besuch dieser Website zugelassen:<\/strong><\/p>\n<table cellspacing=\"0\" border=\"1\">\n<tbody>\n<tr>\n<td style=\"text-align:center;\">\n  <strong>DOMAIN<\/strong>\n<\/td>\n<td style=\"text-align:center;\">\n  <strong>COOKIE<\/strong>\n<\/td>\n<td style=\"text-align:center;\">\n  <strong>UNTERNEHMEN<\/strong>\n<\/td>\n<td style=\"text-align:center;\">\n  <strong>FUNKTION<\/strong>\n<\/td>\n<td style=\"text-align:center;\">\n  <strong>ABLAUFEN<\/strong>\n<\/td>\n<\/tr>\n<tr>\n<td style=\"text-align:center;\">buddhaseedbank.com<\/td>\n<td style=\"text-align:center;\">_ga<\/td>\n<td style=\"text-align:center;\">Google<\/td>\n<td style=\"text-align:center;\">Analytik<\/td>\n<td style=\"text-align:center;\">2 Jahre<\/td>\n<\/tr>\n<tr>\n<td style=\"text-align:center;\"><\/td>\n<td style=\"text-align:center;\">_gid<\/td>\n<td style=\"text-align:center;\">Google<\/td>\n<td style=\"text-align:center;\">Analytics<\/td>\n<td style=\"text-align:center;\">Sitzung<\/td>\n<\/tr>\n<tr>\n<td style=\"text-align:center;\"><\/td>\n<td style=\"text-align:center;\">PHPSESSID<\/td>\n<td style=\"text-align:center;\">Eigene<\/td>\n<td style=\"text-align:center;\">Technik<\/td>\n<td style=\"text-align:center;\">Sitzung<\/td>\n<\/tr>\n<tr>\n<td style=\"text-align:center;\"><\/td>\n<td style=\"text-align:center;\">PrestaShop<\/td>\n<td style=\"text-align:center;\">Eigene<\/td>\n<td style=\"text-align:center;\">Technik<\/td>\n<td style=\"text-align:center;\">1 Monat<\/td>\n<\/tr>\n<\/tbody>\n<\/table>\n<h6><\/h6>\n<h6><span style=\"text-decoration:underline;\">EXTERNE COOKIES IM EINSATZ:<\/span><\/h6>\n<p><strong>Einige der verwendeten Cookies:<\/strong><\/p>\n<table cellspacing=\"0\" border=\"1\">\n<tbody>\n<tr>\n<td style=\"text-align:center;\">\n  <strong>DOMAIN<\/strong>\n<\/td>\n<td style=\"text-align:center;\">\n  <strong>COOKIE<\/strong>\n<\/td>\n<td style=\"text-align:center;\">\n  <strong>UNTERNEHMEN<\/strong>\n<\/td>\n<td style=\"text-align:center;\">\n  <strong>FUNKTION<\/strong>\n<\/td>\n<td style=\"text-align:center;\">\n  <strong>ABLAUFEN<\/strong>\n<\/td>\n<\/tr>\n<tr>\n<td style=\"text-align:center;\"><\/td>\n<td style=\"text-align:center;\"><\/td>\n<td style=\"text-align:center;\"><\/td>\n<td style=\"text-align:center;\"><\/td>\n<td style=\"text-align:center;\"><\/td>\n<\/tr>\n<\/tbody>\n<\/table>\n<h3>WARUM BRAUCHEN WIR IHRE AUSDR\u00dcCKLICHE ZUSTIMMUNG, UM SIE ZU VERWENDEN?<\/h3>\n<blockquote>\n<p><strong><em><span style=\"text-decoration:underline;\">Urteil der Gro\u00dfen Kammer des Gerichtshofs der Europ\u00e4ischen Union, 1. Oktober 2019, und AEPD Guidance on the use of cookies, Juli 2020.<\/span><\/em><\/strong><\/p>\n<\/blockquote>\n<p>Das Urteil der Gro\u00dfen Kammer des Gerichtshofs der Europ\u00e4ischen Union vom 1. Oktober 2019 ist dahingehend auszulegen, dass die Zustimmung nicht wirksam erteilt wird, wenn die Speicherung von Informationen oder der Zugriff auf bereits auf dem Endger\u00e4t des Nutzers einer Internet-Website gespeicherte Informationen durch Cookies mittels eines voreingestellten K\u00e4stchens gestattet wird, aus dem der Nutzer das H\u00e4kchen entfernen muss, wenn er ihre Verwendung ablehnen m\u00f6chte. In diesem Sinne muss die Autorisierung auf einer ausdr\u00fccklichen Zustimmung beruhen, und zwar durch eine Pr\u00fcfung der ausdr\u00fccklichen Zustimmung, eine Pr\u00fcfung der Ablehnung durch den Benutzer und eine Pr\u00fcfung, ob weitere Informationen \u00fcber die angezeigten Cookies erforderlich sind.<\/p>\n<p>Diese Auslegung kann nicht davon abh\u00e4ngen, ob es sich bei den auf dem Endger\u00e4t des Nutzers einer Internetseite gespeicherten oder abgerufenen Informationen um personenbezogene Daten handelt oder nicht.<\/p>\n<p>Die Gro\u00dfe Kammer des Gerichtshofs der Europ\u00e4ischen Union stellt in diesem Urteil auch fest, dass die Informationen, die der Diensteanbieter dem Nutzer einer Internet-Website zur Verf\u00fcgung stellen muss, die Dauer der Aktivit\u00e4t der Cookies und die M\u00f6glichkeit des Zugriffs Dritter auf die darin gespeicherten Informationen umfassen m\u00fcssen. Diese Anforderung ist in der durch die Richtlinie 2009\/136 zur \u00c4nderung von Artikel 5 Absatz 3 der Richtlinie 2002\/58\/EU und durch die AEPD-Leitlinien vom Juli 2020 ge\u00e4nderten Fassung enthalten.<\/p>\n<p>In Bezug auf die M\u00f6glichkeit des Nutzers, die Verwendung von Cookies abzulehnen, ist zu bedenken, dass wir, wenn Sie die Webbrowser-Cookies ablehnen oder l\u00f6schen, nicht in der Lage sein werden, Ihre Pr\u00e4ferenzen beizubehalten, dass einige Funktionen der Seiten nicht funktionieren werden, dass wir nicht in der Lage sein werden, Ihnen personalisierte Dienste anzubieten, und dass wir Sie jedes Mal, wenn Sie unsere Website besuchen, erneut um Ihre Genehmigung zur Verwendung von Cookies bitten m\u00fcssen.<\/p>\n<p>Wenn Sie sich dennoch entscheiden, die Konfiguration Ihres Zugriffs auf die Website zu \u00e4ndern, sollten Sie wissen, dass es jederzeit m\u00f6glich ist, Cookies zu l\u00f6schen oder zu verhindern, dass diese Informationen auf Ihrem Computer gespeichert werden, indem Sie die Konfigurationsparameter Ihres Browsers \u00e4ndern:<\/p>\n<ul style=\"list-style-type:disc;\">\n<li><a href=\"https:\/\/support.microsoft.com\/es-es\/windows\/eliminar-y-administrar-cookies-168dab11-0753-043d-7c16-ede5947fc64d\" target=\"_blank\" rel=\"noopener noreferrer nofollow\">Internet Explorer Cookie-Einstellungen.<\/a><\/li>\n<li><a href=\"https:\/\/support.mozilla.org\/es\/kb\/habilitar-y-deshabilitar-cookies-sitios-web-rastrear-preferencias\" target=\"_blank\" rel=\"noopener noreferrer nofollow\">Firefox Cookie-Einstellungen.<\/a><\/li>\n<li><a href=\"https:\/\/support.google.com\/chrome\/answer\/95647?co=GENIE.Platform%3DDesktop&amp;hl=es-419\" target=\"_blank\" rel=\"noopener noreferrer nofollow\">Google Chrome Cookie-Einstellungen.<\/a><\/li>\n<li><a href=\"https:\/\/support.apple.com\/es-es\/guide\/safari\/sfri11471\/mac\" target=\"_blank\" rel=\"noopener noreferrer nofollow\">Safari Cookie-Einstellungen.<\/a><\/li>\n<\/ul>\n<p>Diese Browser unterliegen \u00c4nderungen oder Modifikationen, so dass wir nicht garantieren k\u00f6nnen, dass sie mit Ihrer Browserversion vollst\u00e4ndig kompatibel sind. M\u00f6glicherweise verwenden Sie auch einen anderen Browser, der von diesen Links nicht abgedeckt wird, wie z.B. Konqueror, Arora, Flock, etc. Um diese Unstimmigkeiten zu vermeiden, k\u00f6nnen Sie direkt auf die Optionen Ihres Browsers zugreifen, die Sie normalerweise im Men\u00fc Optionen unter dem Abschnitt &#8222;Datenschutz&#8220; finden. (Bitte konsultieren Sie die Hilfe Ihres Browsers f\u00fcr weitere Informationen).<\/p>\n<h3>WO KANN ICH WEITERE INFORMATIONEN ERHALTEN?<\/h3>\n<p>Weitere Informationen \u00fcber Cookies finden Sie unter:<\/p>\n<p>www.allaboutcookies.org oder www.youronlinechoices.com<\/p>\n","protected":false},"excerpt":{"rendered":"<p>WAS SIND COOKIES? Cookies sind kleine Datendateien, die auf dem Endger\u00e4t von der besuchten Website empfangen werden und dazu dienen, bestimmte Browsing-Interaktionen auf einer Website aufzuzeichnen, indem sie Daten speichern, die aktualisiert und abgerufen werden k\u00f6nnen. Diese Dateien werden auf dem Computer des Benutzers gespeichert und enthalten anonyme Daten, die f\u00fcr den Computer des Benutzers [&hellip;]<\/p>\n","protected":false},"author":1,"featured_media":0,"parent":0,"menu_order":3,"comment_status":"open","ping_status":"open","template":"","meta":{"_joinchat":[],"footnotes":""},"class_list":["post-6614","page","type-page","status-publish","hentry"],"yoast_head":"<!-- This site is optimized with the Yoast SEO plugin v27.3 - https:\/\/yoast.com\/product\/yoast-seo-wordpress\/ -->\n<title>Cookies Politik<\/title>\n<meta name=\"description\" content=\"Cookies Politik\" \/>\n<meta name=\"robots\" content=\"noindex, follow\" \/>\n<meta property=\"og:locale\" content=\"de_DE\" \/>\n<meta property=\"og:type\" content=\"article\" \/>\n<meta property=\"og:title\" content=\"Cookies Politik\" \/>\n<meta property=\"og:description\" content=\"Cookies Politik\" \/>\n<meta property=\"og:url\" content=\"https:\/\/buddhaseedbank.com\/de\/cookies-politik\/\" \/>\n<meta property=\"og:site_name\" content=\"Buddha Seeds\" \/>\n<meta name=\"twitter:card\" content=\"summary_large_image\" \/>\n<meta name=\"twitter:label1\" content=\"Gesch\u00e4tzte Lesezeit\" \/>\n\t<meta name=\"twitter:data1\" content=\"6\u00a0Minuten\" \/>\n<script type=\"application\/ld+json\" class=\"yoast-schema-graph\">{\"@context\":\"https:\\\/\\\/schema.org\",\"@graph\":[{\"@type\":\"WebPage\",\"@id\":\"https:\\\/\\\/buddhaseedbank.com\\\/de\\\/cookies-politik\\\/\",\"url\":\"https:\\\/\\\/buddhaseedbank.com\\\/de\\\/cookies-politik\\\/\",\"name\":\"Cookies Politik\",\"isPartOf\":{\"@id\":\"https:\\\/\\\/buddhaseedbank.com\\\/de\\\/#website\"},\"datePublished\":\"2020-10-21T08:18:56+00:00\",\"description\":\"Cookies Politik\",\"breadcrumb\":{\"@id\":\"https:\\\/\\\/buddhaseedbank.com\\\/de\\\/cookies-politik\\\/#breadcrumb\"},\"inLanguage\":\"de\",\"potentialAction\":[{\"@type\":\"ReadAction\",\"target\":[\"https:\\\/\\\/buddhaseedbank.com\\\/de\\\/cookies-politik\\\/\"]}]},{\"@type\":\"BreadcrumbList\",\"@id\":\"https:\\\/\\\/buddhaseedbank.com\\\/de\\\/cookies-politik\\\/#breadcrumb\",\"itemListElement\":[{\"@type\":\"ListItem\",\"position\":1,\"name\":\"Portada\",\"item\":\"https:\\\/\\\/buddhaseedbank.com\\\/de\\\/\"},{\"@type\":\"ListItem\",\"position\":2,\"name\":\"Cookies Politik\"}]},{\"@type\":\"WebSite\",\"@id\":\"https:\\\/\\\/buddhaseedbank.com\\\/de\\\/#website\",\"url\":\"https:\\\/\\\/buddhaseedbank.com\\\/de\\\/\",\"name\":\"Buddha Seeds\",\"description\":\"\",\"publisher\":{\"@id\":\"https:\\\/\\\/buddhaseedbank.com\\\/de\\\/#organization\"},\"potentialAction\":[{\"@type\":\"SearchAction\",\"target\":{\"@type\":\"EntryPoint\",\"urlTemplate\":\"https:\\\/\\\/buddhaseedbank.com\\\/de\\\/?s={search_term_string}\"},\"query-input\":{\"@type\":\"PropertyValueSpecification\",\"valueRequired\":true,\"valueName\":\"search_term_string\"}}],\"inLanguage\":\"de\"},{\"@type\":\"Organization\",\"@id\":\"https:\\\/\\\/buddhaseedbank.com\\\/de\\\/#organization\",\"name\":\"Buddha Seeds\",\"url\":\"https:\\\/\\\/buddhaseedbank.com\\\/de\\\/\",\"logo\":{\"@type\":\"ImageObject\",\"inLanguage\":\"de\",\"@id\":\"https:\\\/\\\/buddhaseedbank.com\\\/de\\\/#\\\/schema\\\/logo\\\/image\\\/\",\"url\":\"https:\\\/\\\/buddhaseedbank.com\\\/wp-content\\\/uploads\\\/2024\\\/04\\\/buddha-seeds-logo-1622448424-1.png\",\"contentUrl\":\"https:\\\/\\\/buddhaseedbank.com\\\/wp-content\\\/uploads\\\/2024\\\/04\\\/buddha-seeds-logo-1622448424-1.png\",\"width\":478,\"height\":200,\"caption\":\"Buddha Seeds\"},\"image\":{\"@id\":\"https:\\\/\\\/buddhaseedbank.com\\\/de\\\/#\\\/schema\\\/logo\\\/image\\\/\"}}]}<\/script>\n<!-- \/ Yoast SEO plugin. -->","yoast_head_json":{"title":"Cookies Politik","description":"Cookies Politik","robots":{"index":"noindex","follow":"follow"},"og_locale":"de_DE","og_type":"article","og_title":"Cookies Politik","og_description":"Cookies Politik","og_url":"https:\/\/buddhaseedbank.com\/de\/cookies-politik\/","og_site_name":"Buddha Seeds","twitter_card":"summary_large_image","twitter_misc":{"Gesch\u00e4tzte Lesezeit":"6\u00a0Minuten"},"schema":{"@context":"https:\/\/schema.org","@graph":[{"@type":"WebPage","@id":"https:\/\/buddhaseedbank.com\/de\/cookies-politik\/","url":"https:\/\/buddhaseedbank.com\/de\/cookies-politik\/","name":"Cookies Politik","isPartOf":{"@id":"https:\/\/buddhaseedbank.com\/de\/#website"},"datePublished":"2020-10-21T08:18:56+00:00","description":"Cookies Politik","breadcrumb":{"@id":"https:\/\/buddhaseedbank.com\/de\/cookies-politik\/#breadcrumb"},"inLanguage":"de","potentialAction":[{"@type":"ReadAction","target":["https:\/\/buddhaseedbank.com\/de\/cookies-politik\/"]}]},{"@type":"BreadcrumbList","@id":"https:\/\/buddhaseedbank.com\/de\/cookies-politik\/#breadcrumb","itemListElement":[{"@type":"ListItem","position":1,"name":"Portada","item":"https:\/\/buddhaseedbank.com\/de\/"},{"@type":"ListItem","position":2,"name":"Cookies Politik"}]},{"@type":"WebSite","@id":"https:\/\/buddhaseedbank.com\/de\/#website","url":"https:\/\/buddhaseedbank.com\/de\/","name":"Buddha Seeds","description":"","publisher":{"@id":"https:\/\/buddhaseedbank.com\/de\/#organization"},"potentialAction":[{"@type":"SearchAction","target":{"@type":"EntryPoint","urlTemplate":"https:\/\/buddhaseedbank.com\/de\/?s={search_term_string}"},"query-input":{"@type":"PropertyValueSpecification","valueRequired":true,"valueName":"search_term_string"}}],"inLanguage":"de"},{"@type":"Organization","@id":"https:\/\/buddhaseedbank.com\/de\/#organization","name":"Buddha Seeds","url":"https:\/\/buddhaseedbank.com\/de\/","logo":{"@type":"ImageObject","inLanguage":"de","@id":"https:\/\/buddhaseedbank.com\/de\/#\/schema\/logo\/image\/","url":"https:\/\/buddhaseedbank.com\/wp-content\/uploads\/2024\/04\/buddha-seeds-logo-1622448424-1.png","contentUrl":"https:\/\/buddhaseedbank.com\/wp-content\/uploads\/2024\/04\/buddha-seeds-logo-1622448424-1.png","width":478,"height":200,"caption":"Buddha Seeds"},"image":{"@id":"https:\/\/buddhaseedbank.com\/de\/#\/schema\/logo\/image\/"}}]}},"_links":{"self":[{"href":"https:\/\/buddhaseedbank.com\/de\/wp-json\/wp\/v2\/pages\/6614","targetHints":{"allow":["GET"]}}],"collection":[{"href":"https:\/\/buddhaseedbank.com\/de\/wp-json\/wp\/v2\/pages"}],"about":[{"href":"https:\/\/buddhaseedbank.com\/de\/wp-json\/wp\/v2\/types\/page"}],"author":[{"embeddable":true,"href":"https:\/\/buddhaseedbank.com\/de\/wp-json\/wp\/v2\/users\/1"}],"replies":[{"embeddable":true,"href":"https:\/\/buddhaseedbank.com\/de\/wp-json\/wp\/v2\/comments?post=6614"}],"version-history":[{"count":0,"href":"https:\/\/buddhaseedbank.com\/de\/wp-json\/wp\/v2\/pages\/6614\/revisions"}],"wp:attachment":[{"href":"https:\/\/buddhaseedbank.com\/de\/wp-json\/wp\/v2\/media?parent=6614"}],"curies":[{"name":"wp","href":"https:\/\/api.w.org\/{rel}","templated":true}]}}