{"id":7265,"date":"2020-10-21T10:18:56","date_gmt":"2020-10-21T08:18:56","guid":{"rendered":"https:\/\/buddhaseedbank.com\/rechtliche-hinweise-und-datenschutz\/"},"modified":"2024-06-20T16:23:21","modified_gmt":"2024-06-20T14:23:21","slug":"rechtliche-hinweise-und-datenschutz","status":"publish","type":"page","link":"https:\/\/buddhaseedbank.com\/de\/rechtliche-hinweise-und-datenschutz\/","title":{"rendered":"Rechtlicher Hinweis"},"content":{"rendered":"<p>In \u00dcbereinstimmung mit dem Gesetz 34\/2002 vom 11. Juli \u00fcber die Dienste der Informationsgesellschaft und den elektronischen Handel informiert HEMP TRADING SLU, im Folgenden HEMP TRADING genannt, dass sie Eigent\u00fcmerin der Website https:\/\/www.buddhaseedbank.com ist, in \u00dcbereinstimmung mit den Anforderungen des Artikels 10 des oben genannten Gesetzes, und teilt folgende Daten mit: mit NIF\/CIF: B97305916. VALENCIA Unternehmensregister. Tomo: 7427, L 4728, Folio: 203, S8, Hoja: V 88713, und Firmensitz: CAMINO DEL POLIO 51, Postleitzahl: 46469. Stadt: BENIPARRELL. Provinz: VALENCIA. Die E-Mail-Adresse f\u00fcr die Kontaktaufnahme mit dem Unternehmen lautet: <strong><a href=\"info@buddhaseedbank.com\">info@buddhaseedbank.com<\/a><\/strong><\/p>\n<p>Cannabissamen werden nicht durch das Einheits\u00fcbereinkommen \u00fcber Suchtstoffe von 1961 kontrolliert, das am 30. M\u00e4rz 1961 in New York unterzeichnet und durch das Genfer Protokoll vom 25. M\u00e4rz 1972, das von Spanien ratifiziert wurde, ge\u00e4ndert wurde.<\/p>\n<p>Das Einheits\u00fcbereinkommen legt fest, welche Teile der Cannabis Sativa L. Pflanze reguliert werden; bl\u00fchende oder fruchttragende Spitzen sowie das aus der Cannabispflanze gewonnene Harz werden kontrolliert, aber Samen sind ausdr\u00fccklich ausgenommen. Daher werden die Samen rechtlich nicht als Cannabis angesehen und sind nicht in den beigef\u00fcgten Listen aufgef\u00fchrt.<\/p>\n<p>Die Samen von Cannabis Sativa L. enthalten kein Delta-9-Tetrahydrocannabinol (THC), den aktiven Wirkstoff.<\/p>\n<p>Dementsprechend werden Cannabissamen im Rahmen des Einheits\u00fcbereinkommens nicht kontrolliert und sind nicht als Bet\u00e4ubungsmittel eingestuft.<\/p>\n<p>In Spanien ist der Verkauf, der Besitz und der Anbau von Cannabissamen f\u00fcr den pers\u00f6nlichen Gebrauch kein Verbrechen. Das spanische Strafgesetzbuch stellt den Anbau von Cannabis mit dem Ziel, den Konsum durch andere zu f\u00f6rdern, zu unterst\u00fctzen oder zu erleichtern, unter Strafe.<\/p>\n<p>Der Staatsanwalt des Obersten Gerichtshofs, Herr Fernando Sequeros Sazatornil, entschied, dass der Verkauf von Cannabissamen in Mengen, die f\u00fcr den Heimanbau und die Selbstversorgung geeignet sind, nicht als Straftat angesehen werden kann.<\/p>\n<p>Der Anbau von Cannabis f\u00fcr den Eigenbedarf kann eine Ordnungswidrigkeit darstellen, wenn er an f\u00fcr die \u00d6ffentlichkeit sichtbaren Orten erfolgt, so Artikel 36.18 des Organgesetzes 4\/2015 vom 30. M\u00e4rz \u00fcber den Schutz der \u00f6ffentlichen Sicherheit.<\/p>\n<p>Die Samen von Hemp Trading, S.L. sind keine kommerziellen Sorten und sind nicht f\u00fcr die landwirtschaftliche Nutzung bestimmt. Sie sind f\u00fcr den pers\u00f6nlichen Gebrauch von Personen \u00fcber 18 Jahren verf\u00fcgbar. Hemp Trading, S.L. vermarktet die Samen als Sammlungsobjekte oder zur genetischen Erhaltung, mit der Einschr\u00e4nkung, dass sie nicht gegen geltendes Recht versto\u00dfen.<\/p>\n<p>Nach dem Grundsatz der gegenseitigen Anerkennung k\u00f6nnen die EU-Mitgliedstaaten den Verkauf von Produkten, die in einem anderen Mitgliedstaat rechtm\u00e4\u00dfig vermarktet werden, nicht verbieten, auch wenn sie nach anderen technischen Normen hergestellt wurden (Verordnung (EU) 2019\/515 vom 19. M\u00e4rz 2019).<\/p>\n<p>Die nationalen Gesetze f\u00fcr Cannabissamen variieren von Land zu Land. An einigen Orten k\u00f6nnen das Keimen und der Anbau von Cannabis f\u00fcr den Eigenbedarf und sogar der einfache Besitz von Samen eine Straftat darstellen. Hemp Trading, S.L. ermutigt niemanden, gegen das in seinem Land geltende Recht zu versto\u00dfen.<\/p>\n<p>Aus diesem Grund bitten wir K\u00e4ufer, die ihren Wohnsitz nicht in Spanien haben, sich \u00fcber die dort geltenden Gesetze zu informieren. Hemp Trading, S.L. fordert seine Kunden auf, verantwortungsvoll zu handeln.<\/p>\n<p>Hemp Trading, S.L. \u00fcbernimmt keine Verantwortung f\u00fcr rechtliche Probleme, die f\u00fcr K\u00e4ufer entstehen k\u00f6nnen, und leistet keine R\u00fcckerstattung f\u00fcr Saatgut, das von Spediteuren oder dem Zoll in Erf\u00fcllung ihrer Pflicht beschlagnahmt oder zur\u00fcckgewiesen wurde.<\/p>\n<p>Beschreibungen, die die Auswirkungen der Verwendung erw\u00e4hnen, dienen nur der Information und bedeuten nicht, dass sie verwendet werden sollten. Hemp Trading, S.L. ist nicht verantwortlich f\u00fcr die Entscheidungen des K\u00e4ufers auf der Grundlage dieser Informationen oder f\u00fcr m\u00f6gliche Druckfehler in den Dokumenten und Grafiken auf der Website. Die Informationen k\u00f6nnen von Zeit zu Zeit ohne Vorank\u00fcndigung ge\u00e4ndert werden, um sie zu erweitern, zu verbessern, zu korrigieren oder zu aktualisieren.<\/p>\n","protected":false},"excerpt":{"rendered":"<p>In \u00dcbereinstimmung mit dem Gesetz 34\/2002 vom 11. Juli \u00fcber die Dienste der Informationsgesellschaft und den elektronischen Handel informiert HEMP TRADING SLU, im Folgenden HEMP TRADING genannt, dass sie Eigent\u00fcmerin der Website https:\/\/www.buddhaseedbank.com ist, in \u00dcbereinstimmung mit den Anforderungen des Artikels 10 des oben genannten Gesetzes, und teilt folgende Daten mit: mit NIF\/CIF: B97305916. VALENCIA [&hellip;]<\/p>\n","protected":false},"author":1,"featured_media":0,"parent":0,"menu_order":0,"comment_status":"open","ping_status":"open","template":"","meta":{"_joinchat":[],"footnotes":""},"class_list":["post-7265","page","type-page","status-publish","hentry"],"yoast_head":"<!-- This site is optimized with the Yoast SEO plugin v27.3 - https:\/\/yoast.com\/product\/yoast-seo-wordpress\/ -->\n<title>Rechtliche Hinweise und Datenschutz<\/title>\n<meta name=\"description\" content=\"Rechtliche Hinweise und Datenschutz\" \/>\n<meta name=\"robots\" content=\"noindex, follow\" \/>\n<meta property=\"og:locale\" content=\"de_DE\" \/>\n<meta property=\"og:type\" content=\"article\" \/>\n<meta property=\"og:title\" content=\"Rechtliche Hinweise und Datenschutz\" \/>\n<meta property=\"og:description\" content=\"Rechtliche Hinweise und Datenschutz\" \/>\n<meta property=\"og:url\" content=\"https:\/\/buddhaseedbank.com\/de\/rechtliche-hinweise-und-datenschutz\/\" \/>\n<meta property=\"og:site_name\" content=\"Buddha Seeds\" \/>\n<meta property=\"article:modified_time\" content=\"2024-06-20T14:23:21+00:00\" \/>\n<meta name=\"twitter:card\" content=\"summary_large_image\" \/>\n<meta name=\"twitter:label1\" content=\"Gesch\u00e4tzte Lesezeit\" \/>\n\t<meta name=\"twitter:data1\" content=\"3\u00a0Minuten\" \/>\n<script type=\"application\/ld+json\" class=\"yoast-schema-graph\">{\"@context\":\"https:\\\/\\\/schema.org\",\"@graph\":[{\"@type\":\"WebPage\",\"@id\":\"https:\\\/\\\/buddhaseedbank.com\\\/de\\\/rechtliche-hinweise-und-datenschutz\\\/\",\"url\":\"https:\\\/\\\/buddhaseedbank.com\\\/de\\\/rechtliche-hinweise-und-datenschutz\\\/\",\"name\":\"Rechtliche Hinweise und Datenschutz\",\"isPartOf\":{\"@id\":\"https:\\\/\\\/buddhaseedbank.com\\\/de\\\/#website\"},\"datePublished\":\"2020-10-21T08:18:56+00:00\",\"dateModified\":\"2024-06-20T14:23:21+00:00\",\"description\":\"Rechtliche Hinweise und Datenschutz\",\"breadcrumb\":{\"@id\":\"https:\\\/\\\/buddhaseedbank.com\\\/de\\\/rechtliche-hinweise-und-datenschutz\\\/#breadcrumb\"},\"inLanguage\":\"de\",\"potentialAction\":[{\"@type\":\"ReadAction\",\"target\":[\"https:\\\/\\\/buddhaseedbank.com\\\/de\\\/rechtliche-hinweise-und-datenschutz\\\/\"]}]},{\"@type\":\"BreadcrumbList\",\"@id\":\"https:\\\/\\\/buddhaseedbank.com\\\/de\\\/rechtliche-hinweise-und-datenschutz\\\/#breadcrumb\",\"itemListElement\":[{\"@type\":\"ListItem\",\"position\":1,\"name\":\"Portada\",\"item\":\"https:\\\/\\\/buddhaseedbank.com\\\/de\\\/\"},{\"@type\":\"ListItem\",\"position\":2,\"name\":\"Rechtlicher Hinweis\"}]},{\"@type\":\"WebSite\",\"@id\":\"https:\\\/\\\/buddhaseedbank.com\\\/de\\\/#website\",\"url\":\"https:\\\/\\\/buddhaseedbank.com\\\/de\\\/\",\"name\":\"Buddha Seeds\",\"description\":\"\",\"publisher\":{\"@id\":\"https:\\\/\\\/buddhaseedbank.com\\\/de\\\/#organization\"},\"potentialAction\":[{\"@type\":\"SearchAction\",\"target\":{\"@type\":\"EntryPoint\",\"urlTemplate\":\"https:\\\/\\\/buddhaseedbank.com\\\/de\\\/?s={search_term_string}\"},\"query-input\":{\"@type\":\"PropertyValueSpecification\",\"valueRequired\":true,\"valueName\":\"search_term_string\"}}],\"inLanguage\":\"de\"},{\"@type\":\"Organization\",\"@id\":\"https:\\\/\\\/buddhaseedbank.com\\\/de\\\/#organization\",\"name\":\"Buddha Seeds\",\"url\":\"https:\\\/\\\/buddhaseedbank.com\\\/de\\\/\",\"logo\":{\"@type\":\"ImageObject\",\"inLanguage\":\"de\",\"@id\":\"https:\\\/\\\/buddhaseedbank.com\\\/de\\\/#\\\/schema\\\/logo\\\/image\\\/\",\"url\":\"https:\\\/\\\/buddhaseedbank.com\\\/wp-content\\\/uploads\\\/2024\\\/04\\\/buddha-seeds-logo-1622448424-1.png\",\"contentUrl\":\"https:\\\/\\\/buddhaseedbank.com\\\/wp-content\\\/uploads\\\/2024\\\/04\\\/buddha-seeds-logo-1622448424-1.png\",\"width\":478,\"height\":200,\"caption\":\"Buddha Seeds\"},\"image\":{\"@id\":\"https:\\\/\\\/buddhaseedbank.com\\\/de\\\/#\\\/schema\\\/logo\\\/image\\\/\"}}]}<\/script>\n<!-- \/ Yoast SEO plugin. -->","yoast_head_json":{"title":"Rechtliche Hinweise und Datenschutz","description":"Rechtliche Hinweise und Datenschutz","robots":{"index":"noindex","follow":"follow"},"og_locale":"de_DE","og_type":"article","og_title":"Rechtliche Hinweise und Datenschutz","og_description":"Rechtliche Hinweise und Datenschutz","og_url":"https:\/\/buddhaseedbank.com\/de\/rechtliche-hinweise-und-datenschutz\/","og_site_name":"Buddha Seeds","article_modified_time":"2024-06-20T14:23:21+00:00","twitter_card":"summary_large_image","twitter_misc":{"Gesch\u00e4tzte Lesezeit":"3\u00a0Minuten"},"schema":{"@context":"https:\/\/schema.org","@graph":[{"@type":"WebPage","@id":"https:\/\/buddhaseedbank.com\/de\/rechtliche-hinweise-und-datenschutz\/","url":"https:\/\/buddhaseedbank.com\/de\/rechtliche-hinweise-und-datenschutz\/","name":"Rechtliche Hinweise und Datenschutz","isPartOf":{"@id":"https:\/\/buddhaseedbank.com\/de\/#website"},"datePublished":"2020-10-21T08:18:56+00:00","dateModified":"2024-06-20T14:23:21+00:00","description":"Rechtliche Hinweise und Datenschutz","breadcrumb":{"@id":"https:\/\/buddhaseedbank.com\/de\/rechtliche-hinweise-und-datenschutz\/#breadcrumb"},"inLanguage":"de","potentialAction":[{"@type":"ReadAction","target":["https:\/\/buddhaseedbank.com\/de\/rechtliche-hinweise-und-datenschutz\/"]}]},{"@type":"BreadcrumbList","@id":"https:\/\/buddhaseedbank.com\/de\/rechtliche-hinweise-und-datenschutz\/#breadcrumb","itemListElement":[{"@type":"ListItem","position":1,"name":"Portada","item":"https:\/\/buddhaseedbank.com\/de\/"},{"@type":"ListItem","position":2,"name":"Rechtlicher Hinweis"}]},{"@type":"WebSite","@id":"https:\/\/buddhaseedbank.com\/de\/#website","url":"https:\/\/buddhaseedbank.com\/de\/","name":"Buddha Seeds","description":"","publisher":{"@id":"https:\/\/buddhaseedbank.com\/de\/#organization"},"potentialAction":[{"@type":"SearchAction","target":{"@type":"EntryPoint","urlTemplate":"https:\/\/buddhaseedbank.com\/de\/?s={search_term_string}"},"query-input":{"@type":"PropertyValueSpecification","valueRequired":true,"valueName":"search_term_string"}}],"inLanguage":"de"},{"@type":"Organization","@id":"https:\/\/buddhaseedbank.com\/de\/#organization","name":"Buddha Seeds","url":"https:\/\/buddhaseedbank.com\/de\/","logo":{"@type":"ImageObject","inLanguage":"de","@id":"https:\/\/buddhaseedbank.com\/de\/#\/schema\/logo\/image\/","url":"https:\/\/buddhaseedbank.com\/wp-content\/uploads\/2024\/04\/buddha-seeds-logo-1622448424-1.png","contentUrl":"https:\/\/buddhaseedbank.com\/wp-content\/uploads\/2024\/04\/buddha-seeds-logo-1622448424-1.png","width":478,"height":200,"caption":"Buddha Seeds"},"image":{"@id":"https:\/\/buddhaseedbank.com\/de\/#\/schema\/logo\/image\/"}}]}},"_links":{"self":[{"href":"https:\/\/buddhaseedbank.com\/de\/wp-json\/wp\/v2\/pages\/7265","targetHints":{"allow":["GET"]}}],"collection":[{"href":"https:\/\/buddhaseedbank.com\/de\/wp-json\/wp\/v2\/pages"}],"about":[{"href":"https:\/\/buddhaseedbank.com\/de\/wp-json\/wp\/v2\/types\/page"}],"author":[{"embeddable":true,"href":"https:\/\/buddhaseedbank.com\/de\/wp-json\/wp\/v2\/users\/1"}],"replies":[{"embeddable":true,"href":"https:\/\/buddhaseedbank.com\/de\/wp-json\/wp\/v2\/comments?post=7265"}],"version-history":[{"count":1,"href":"https:\/\/buddhaseedbank.com\/de\/wp-json\/wp\/v2\/pages\/7265\/revisions"}],"predecessor-version":[{"id":8414,"href":"https:\/\/buddhaseedbank.com\/de\/wp-json\/wp\/v2\/pages\/7265\/revisions\/8414"}],"wp:attachment":[{"href":"https:\/\/buddhaseedbank.com\/de\/wp-json\/wp\/v2\/media?parent=7265"}],"curies":[{"name":"wp","href":"https:\/\/api.w.org\/{rel}","templated":true}]}}