{"id":7331,"date":"2024-06-13T17:13:20","date_gmt":"2024-06-13T15:13:20","guid":{"rendered":"https:\/\/buddhaseedbank.com\/fachleute\/"},"modified":"2025-05-20T17:45:30","modified_gmt":"2025-05-20T15:45:30","slug":"fachleute","status":"publish","type":"page","link":"https:\/\/buddhaseedbank.com\/de\/fachleute\/","title":{"rendered":"Fachleute"},"content":{"rendered":"\r\n<p>Unser Online-Shop ist auf den exklusiven Verkauf an Privatpersonen ausgerichtet.<\/p>\r\n\r\n\r\n\r\n<p>Wenn Sie ein Gesch\u00e4ft oder ein Fachmann in diesem Bereich sind und sich f\u00fcr den Erwerb unseres Saatguts interessieren, laden wir Sie ein, uns direkt zu kontaktieren.<\/p>\r\n\r\n\r\n\r\n<p>Wir bieten Ihnen gerne Sonderkonditionen und eine pers\u00f6nliche Beratung, die auf Ihre speziellen Bed\u00fcrfnisse zugeschnitten ist.<\/p>\r\n\r\n\r\n\r\n<h2 class=\"wp-block-heading\"><strong>Kontakt:<\/strong><\/h2>\r\n\r\n\r\n\r\n<p>F\u00fcr professionelle Anfragen senden Sie uns bitte eine E-Mail an info(at)buddhaseedbank.com. Unser Kundenservice steht Ihnen zur Verf\u00fcgung, um Ihnen alle n\u00f6tigen Informationen zu geben und den Kaufvorgang zu erleichtern.<\/p>\r\n\r\n\r\n\r\n<p>Vielen Dank f\u00fcr Ihr Interesse an unseren Produkten und Ihr Vertrauen in unsere Kompetenz.<\/p>\r\n\r\n\r\n\r\n<div class=\"wp-block-spacer\" style=\"height: 100px;\" aria-hidden=\"true\">\u00a0<\/div>\r\n","protected":false},"excerpt":{"rendered":"<p>Unser Online-Shop ist auf den exklusiven Verkauf an Privatpersonen ausgerichtet. Wenn Sie ein Gesch\u00e4ft oder ein Fachmann in diesem Bereich sind und sich f\u00fcr den Erwerb unseres Saatguts interessieren, laden wir Sie ein, uns direkt zu kontaktieren. Wir bieten Ihnen gerne Sonderkonditionen und eine pers\u00f6nliche Beratung, die auf Ihre speziellen Bed\u00fcrfnisse zugeschnitten ist. Kontakt: F\u00fcr [&hellip;]<\/p>\n","protected":false},"author":1,"featured_media":0,"parent":0,"menu_order":0,"comment_status":"closed","ping_status":"closed","template":"","meta":{"_joinchat":[],"footnotes":""},"class_list":["post-7331","page","type-page","status-publish","hentry"],"yoast_head":"<!-- This site is optimized with the Yoast SEO plugin v27.3 - https:\/\/yoast.com\/product\/yoast-seo-wordpress\/ -->\n<title>Marihuanasamen f\u00fcr Growshops<\/title>\n<meta name=\"description\" content=\"Wenn Sie ein Growshop sind und auf der Suche nach den besten selbstbl\u00fchenden und photoperiodischen Sorten sind.\" \/>\n<meta name=\"robots\" content=\"index, follow, max-snippet:-1, max-image-preview:large, max-video-preview:-1\" \/>\n<link rel=\"canonical\" href=\"https:\/\/buddhaseedbank.com\/de\/fachleute\/\" \/>\n<meta property=\"og:locale\" content=\"de_DE\" \/>\n<meta property=\"og:type\" content=\"article\" \/>\n<meta property=\"og:title\" content=\"Marihuanasamen f\u00fcr Growshops\" \/>\n<meta property=\"og:description\" content=\"Wenn Sie ein Growshop sind und auf der Suche nach den besten selbstbl\u00fchenden und photoperiodischen Sorten sind.\" \/>\n<meta property=\"og:url\" content=\"https:\/\/buddhaseedbank.com\/de\/fachleute\/\" \/>\n<meta property=\"og:site_name\" content=\"Buddha Seeds\" \/>\n<meta property=\"article:modified_time\" content=\"2025-05-20T15:45:30+00:00\" \/>\n<meta name=\"twitter:card\" content=\"summary_large_image\" \/>\n<meta name=\"twitter:label1\" content=\"Gesch\u00e4tzte Lesezeit\" \/>\n\t<meta name=\"twitter:data1\" content=\"1\u00a0Minute\" \/>\n<script type=\"application\/ld+json\" class=\"yoast-schema-graph\">{\"@context\":\"https:\\\/\\\/schema.org\",\"@graph\":[{\"@type\":\"WebPage\",\"@id\":\"https:\\\/\\\/buddhaseedbank.com\\\/de\\\/fachleute\\\/\",\"url\":\"https:\\\/\\\/buddhaseedbank.com\\\/de\\\/fachleute\\\/\",\"name\":\"Marihuanasamen f\u00fcr Growshops\",\"isPartOf\":{\"@id\":\"https:\\\/\\\/buddhaseedbank.com\\\/de\\\/#website\"},\"datePublished\":\"2024-06-13T15:13:20+00:00\",\"dateModified\":\"2025-05-20T15:45:30+00:00\",\"description\":\"Wenn Sie ein Growshop sind und auf der Suche nach den besten selbstbl\u00fchenden und photoperiodischen Sorten sind.\",\"breadcrumb\":{\"@id\":\"https:\\\/\\\/buddhaseedbank.com\\\/de\\\/fachleute\\\/#breadcrumb\"},\"inLanguage\":\"de\",\"potentialAction\":[{\"@type\":\"ReadAction\",\"target\":[\"https:\\\/\\\/buddhaseedbank.com\\\/de\\\/fachleute\\\/\"]}]},{\"@type\":\"BreadcrumbList\",\"@id\":\"https:\\\/\\\/buddhaseedbank.com\\\/de\\\/fachleute\\\/#breadcrumb\",\"itemListElement\":[{\"@type\":\"ListItem\",\"position\":1,\"name\":\"Portada\",\"item\":\"https:\\\/\\\/buddhaseedbank.com\\\/de\\\/\"},{\"@type\":\"ListItem\",\"position\":2,\"name\":\"Fachleute\"}]},{\"@type\":\"WebSite\",\"@id\":\"https:\\\/\\\/buddhaseedbank.com\\\/de\\\/#website\",\"url\":\"https:\\\/\\\/buddhaseedbank.com\\\/de\\\/\",\"name\":\"Buddha Seeds\",\"description\":\"\",\"publisher\":{\"@id\":\"https:\\\/\\\/buddhaseedbank.com\\\/de\\\/#organization\"},\"potentialAction\":[{\"@type\":\"SearchAction\",\"target\":{\"@type\":\"EntryPoint\",\"urlTemplate\":\"https:\\\/\\\/buddhaseedbank.com\\\/de\\\/?s={search_term_string}\"},\"query-input\":{\"@type\":\"PropertyValueSpecification\",\"valueRequired\":true,\"valueName\":\"search_term_string\"}}],\"inLanguage\":\"de\"},{\"@type\":\"Organization\",\"@id\":\"https:\\\/\\\/buddhaseedbank.com\\\/de\\\/#organization\",\"name\":\"Buddha Seeds\",\"url\":\"https:\\\/\\\/buddhaseedbank.com\\\/de\\\/\",\"logo\":{\"@type\":\"ImageObject\",\"inLanguage\":\"de\",\"@id\":\"https:\\\/\\\/buddhaseedbank.com\\\/de\\\/#\\\/schema\\\/logo\\\/image\\\/\",\"url\":\"https:\\\/\\\/buddhaseedbank.com\\\/wp-content\\\/uploads\\\/2024\\\/04\\\/buddha-seeds-logo-1622448424-1.png\",\"contentUrl\":\"https:\\\/\\\/buddhaseedbank.com\\\/wp-content\\\/uploads\\\/2024\\\/04\\\/buddha-seeds-logo-1622448424-1.png\",\"width\":478,\"height\":200,\"caption\":\"Buddha Seeds\"},\"image\":{\"@id\":\"https:\\\/\\\/buddhaseedbank.com\\\/de\\\/#\\\/schema\\\/logo\\\/image\\\/\"}}]}<\/script>\n<!-- \/ Yoast SEO plugin. -->","yoast_head_json":{"title":"Marihuanasamen f\u00fcr Growshops","description":"Wenn Sie ein Growshop sind und auf der Suche nach den besten selbstbl\u00fchenden und photoperiodischen Sorten sind.","robots":{"index":"index","follow":"follow","max-snippet":"max-snippet:-1","max-image-preview":"max-image-preview:large","max-video-preview":"max-video-preview:-1"},"canonical":"https:\/\/buddhaseedbank.com\/de\/fachleute\/","og_locale":"de_DE","og_type":"article","og_title":"Marihuanasamen f\u00fcr Growshops","og_description":"Wenn Sie ein Growshop sind und auf der Suche nach den besten selbstbl\u00fchenden und photoperiodischen Sorten sind.","og_url":"https:\/\/buddhaseedbank.com\/de\/fachleute\/","og_site_name":"Buddha Seeds","article_modified_time":"2025-05-20T15:45:30+00:00","twitter_card":"summary_large_image","twitter_misc":{"Gesch\u00e4tzte Lesezeit":"1\u00a0Minute"},"schema":{"@context":"https:\/\/schema.org","@graph":[{"@type":"WebPage","@id":"https:\/\/buddhaseedbank.com\/de\/fachleute\/","url":"https:\/\/buddhaseedbank.com\/de\/fachleute\/","name":"Marihuanasamen f\u00fcr Growshops","isPartOf":{"@id":"https:\/\/buddhaseedbank.com\/de\/#website"},"datePublished":"2024-06-13T15:13:20+00:00","dateModified":"2025-05-20T15:45:30+00:00","description":"Wenn Sie ein Growshop sind und auf der Suche nach den besten selbstbl\u00fchenden und photoperiodischen Sorten sind.","breadcrumb":{"@id":"https:\/\/buddhaseedbank.com\/de\/fachleute\/#breadcrumb"},"inLanguage":"de","potentialAction":[{"@type":"ReadAction","target":["https:\/\/buddhaseedbank.com\/de\/fachleute\/"]}]},{"@type":"BreadcrumbList","@id":"https:\/\/buddhaseedbank.com\/de\/fachleute\/#breadcrumb","itemListElement":[{"@type":"ListItem","position":1,"name":"Portada","item":"https:\/\/buddhaseedbank.com\/de\/"},{"@type":"ListItem","position":2,"name":"Fachleute"}]},{"@type":"WebSite","@id":"https:\/\/buddhaseedbank.com\/de\/#website","url":"https:\/\/buddhaseedbank.com\/de\/","name":"Buddha Seeds","description":"","publisher":{"@id":"https:\/\/buddhaseedbank.com\/de\/#organization"},"potentialAction":[{"@type":"SearchAction","target":{"@type":"EntryPoint","urlTemplate":"https:\/\/buddhaseedbank.com\/de\/?s={search_term_string}"},"query-input":{"@type":"PropertyValueSpecification","valueRequired":true,"valueName":"search_term_string"}}],"inLanguage":"de"},{"@type":"Organization","@id":"https:\/\/buddhaseedbank.com\/de\/#organization","name":"Buddha Seeds","url":"https:\/\/buddhaseedbank.com\/de\/","logo":{"@type":"ImageObject","inLanguage":"de","@id":"https:\/\/buddhaseedbank.com\/de\/#\/schema\/logo\/image\/","url":"https:\/\/buddhaseedbank.com\/wp-content\/uploads\/2024\/04\/buddha-seeds-logo-1622448424-1.png","contentUrl":"https:\/\/buddhaseedbank.com\/wp-content\/uploads\/2024\/04\/buddha-seeds-logo-1622448424-1.png","width":478,"height":200,"caption":"Buddha Seeds"},"image":{"@id":"https:\/\/buddhaseedbank.com\/de\/#\/schema\/logo\/image\/"}}]}},"_links":{"self":[{"href":"https:\/\/buddhaseedbank.com\/de\/wp-json\/wp\/v2\/pages\/7331","targetHints":{"allow":["GET"]}}],"collection":[{"href":"https:\/\/buddhaseedbank.com\/de\/wp-json\/wp\/v2\/pages"}],"about":[{"href":"https:\/\/buddhaseedbank.com\/de\/wp-json\/wp\/v2\/types\/page"}],"author":[{"embeddable":true,"href":"https:\/\/buddhaseedbank.com\/de\/wp-json\/wp\/v2\/users\/1"}],"replies":[{"embeddable":true,"href":"https:\/\/buddhaseedbank.com\/de\/wp-json\/wp\/v2\/comments?post=7331"}],"version-history":[{"count":2,"href":"https:\/\/buddhaseedbank.com\/de\/wp-json\/wp\/v2\/pages\/7331\/revisions"}],"predecessor-version":[{"id":11840,"href":"https:\/\/buddhaseedbank.com\/de\/wp-json\/wp\/v2\/pages\/7331\/revisions\/11840"}],"wp:attachment":[{"href":"https:\/\/buddhaseedbank.com\/de\/wp-json\/wp\/v2\/media?parent=7331"}],"curies":[{"name":"wp","href":"https:\/\/api.w.org\/{rel}","templated":true}]}}