{"id":6702,"date":"2020-12-02T12:18:36","date_gmt":"2020-12-02T11:18:36","guid":{"rendered":"https:\/\/buddhaseedbank.com\/producto\/buddha-auto-amnesie\/"},"modified":"2026-03-18T19:43:14","modified_gmt":"2026-03-18T18:43:14","slug":"buddha-auto-amnesie","status":"publish","type":"product","link":"https:\/\/buddhaseedbank.com\/de\/producto\/buddha-auto-amnesie\/","title":{"rendered":"Buddha Auto Amnesia"},"content":{"rendered":"<p style=\"text-align: justify;\">Amnesia wurde <strong>in kurzer<\/strong> Zeit und mit \u00fcberzeugenden Argumenten <strong>ber\u00fchmt<\/strong> und konnte so das Vertrauen des normalen Verbrauchers gewinnen. Diese Popularit\u00e4t katapultierte ihn von der Westk\u00fcste der Vereinigten Staaten in das europ\u00e4ische Marihuana-Mekka Amsterdam, wo er noch immer einen prominenten Platz auf der Speisekarte der <em>Coffeeshops<\/em> hat.<\/p>\n<p style=\"text-align: justify;\">Der <strong>Ruf dieses Klassikers<\/strong> beruht haupts\u00e4chlich auf der Wirkung seines Konsums. Sie ist eine <strong>anregende Sorte<\/strong> dank eines h\u00f6heren Sativa-Anteils in ihrer Genetik. Es <strong>ist<\/strong> auch <strong>kreativ<\/strong>, weil es den Verbrauchern erlaubt, sich neuen Ideen und\/oder Projekten zu \u00f6ffnen. Andererseits hat sie eine <strong>medizinische Wirkung<\/strong>, da sie Angst und Stress deutlich reduziert. Schlie\u00dflich hat sie eine <strong>gesellige Wirkung<\/strong>, weil sie soziale Beziehungen f\u00f6rdert.<\/p>\n<p style=\"text-align: justify;\">Wir haben all diese Funktionen in <strong>Buddha Auto Amnesia<\/strong> als Hommage an diesen Klassiker eingebaut. <strong>Buddha Seeds<\/strong> empfiehlt, f\u00fcr den Innenanbau <strong>keine T\u00f6pfe mit einem Volumen von mehr als 11 Litern zu verwenden<\/strong>, da die Pflanze sehr stark w\u00e4chst. <strong>Buddha Auto Amnesia<\/strong> spricht sehr gut auf die <strong>LST-Technik<\/strong> an. Und bei Freilandkulturen sind die Ergebnisse hervorragend, wenn Sie sie in Mutterboden unterbringen k\u00f6nnen.<\/p>\n<p style=\"text-align: justify;\">Was den Geschmack und die Aromen betrifft, so sticht der unglaubliche Weihrauchgeschmack hervor. Wie eine Kathedrale f\u00fcllt diese Sorte den Raum und Ihre Sinne mit Aroma.<\/p>\n<p style=\"text-align: justify;\">Dieser <strong>charakteristische Effekt dieses Klassikers<\/strong> wird von Malern, Musikern und K\u00fcnstlern aller Art gerne f\u00fcr Momente genutzt, in denen ein Funke Kreativit\u00e4t gefragt ist. Nat\u00fcrlich sch\u00e4tzen verspielte Raucher ihn daf\u00fcr und f\u00fcr seine F\u00e4higkeit, schnell Lacher zu provozieren. Dar\u00fcber hinaus kann <strong>Buddha Auto Amnesia<\/strong> einen hohen THC-Gehalt erreichen.<\/p>\n<p style=\"text-align: justify;\"><strong>Ph\u00e4notypen mit zitrischen Noten<\/strong> stechen hervor, aus denen die Linien Amnesia Lemon und andere mit einem Hauch von Holz hervorgehen. Der Geschmack verweilt lange im Mund und wird bei jedem Ausatmen minutenlang genossen. Die Sorte Haze beh\u00e4lt ihren Reichtum an Terpenen bei, was sie zu einem Favoriten f\u00fcr kulinarische Rezepte macht.<\/p>\n<p style=\"text-align: justify;\"><a style=\"background-color: #ff0000; color: #ffffff;\" href=\"https:\/\/youtu.be\/Vn7dlPLE5NA\" target=\"_blank\" rel=\"noreferrer noopener nofollow\">YOUTUBE \u25ba<\/a><\/p>\n","protected":false},"excerpt":{"rendered":"<p style=\"text-align: justify;\">Der <strong>Ruf dieses Klassikers<\/strong> beruht haupts\u00e4chlich auf der Wirkung seines Konsums. Dank eines h\u00f6heren Sativa-Anteils in ihrer Genetik ist sie eine <strong>anregende Sorte<\/strong>. Es <strong>ist<\/strong> auch <strong>kreativ<\/strong>, weil es den Verbrauchern erlaubt, sich neuen Ideen und\/oder Projekten zu \u00f6ffnen.<\/p>\n","protected":false},"featured_media":4332,"template":"","meta":{"_joinchat":[]},"product_brand":[],"product_cat":[732,733],"product_tag":[1151,1393,1460,1507,1503,1380,1378,1485,1436],"class_list":{"0":"post-6702","1":"product","2":"type-product","3":"status-publish","4":"has-post-thumbnail","6":"product_cat-buddha-seeds-sorten","7":"product_cat-classics-buddha-seeds","8":"product_tag-autoflowering-cannabis-samen","9":"product_tag-cannabis-mit-starker-wirkung","10":"product_tag-cannabis-sativa-de","11":"product_tag-cannabis-klassiker","12":"product_tag-indoor-cannabis-de","13":"product_tag-indoor-autoflowering-de","14":"product_tag-outdoor-autoflowering-de","15":"product_tag-produktive-autoflower","16":"product_tag-produktive-selbstbluehende-pflanzen","17":"pa_8d-tiempodecultivocrecimient-70-75-tage","18":"pa_efecto-stimulierend-kreativ","19":"pa_fa-produccionenexteriorporpl-70-130-gr","20":"pa_genetica-sativa-de","21":"pa_produccionm-380-500-gr","22":"pa_semillas-10-unidades-de","23":"pa_semillas-3-unidades-de","24":"pa_semillas-50-unidades-de","25":"pa_sexo-feminisiert","26":"pa_tipo-autoflowering-de","28":"first","29":"instock","30":"taxable","31":"shipping-taxable","32":"purchasable","33":"product-type-variable"},"yoast_head":"<!-- This site is optimized with the Yoast SEO plugin v27.3 - https:\/\/yoast.com\/product\/yoast-seo-wordpress\/ -->\n<title>Buddha Auto Amnesia - Buddha Seeds<\/title>\n<meta name=\"description\" content=\"Die von Buddha Seeds entwickelte autoflowering Version von Amnesia erm\u00f6glicht es dem Z\u00fcchter, Anbautechniken wie Low Stress Training (LST) anzuwenden. Buddha Auto Amnesia ist ergiebig, potent und lecker.\" \/>\n<meta name=\"robots\" content=\"index, follow, max-snippet:-1, max-image-preview:large, max-video-preview:-1\" \/>\n<link rel=\"canonical\" href=\"https:\/\/buddhaseedbank.com\/de\/producto\/buddha-auto-amnesie\/\" \/>\n<meta property=\"og:locale\" content=\"de_DE\" \/>\n<meta property=\"og:type\" content=\"article\" \/>\n<meta property=\"og:title\" content=\"Buddha Auto Amnesia - Buddha Seeds\" \/>\n<meta property=\"og:description\" content=\"Die von Buddha Seeds entwickelte autoflowering Version von Amnesia erm\u00f6glicht es dem Z\u00fcchter, Anbautechniken wie Low Stress Training (LST) anzuwenden. Buddha Auto Amnesia ist ergiebig, potent und lecker.\" \/>\n<meta property=\"og:url\" content=\"https:\/\/buddhaseedbank.com\/de\/producto\/buddha-auto-amnesie\/\" \/>\n<meta property=\"og:site_name\" content=\"Buddha Seeds\" \/>\n<meta property=\"article:modified_time\" content=\"2026-03-18T18:43:14+00:00\" \/>\n<meta property=\"og:image\" content=\"https:\/\/buddhaseedbank.com\/wp-content\/uploads\/2020\/12\/214-Buddha-Auto-Amnesia.jpg\" \/>\n\t<meta property=\"og:image:width\" content=\"1080\" \/>\n\t<meta property=\"og:image:height\" content=\"1080\" \/>\n\t<meta property=\"og:image:type\" content=\"image\/jpeg\" \/>\n<meta name=\"twitter:card\" content=\"summary_large_image\" \/>\n<meta name=\"twitter:label1\" content=\"Gesch\u00e4tzte Lesezeit\" \/>\n\t<meta name=\"twitter:data1\" content=\"2\u00a0Minuten\" \/>\n<script type=\"application\/ld+json\" class=\"yoast-schema-graph\">{\"@context\":\"https:\\\/\\\/schema.org\",\"@graph\":[{\"@type\":\"WebPage\",\"@id\":\"https:\\\/\\\/buddhaseedbank.com\\\/de\\\/producto\\\/buddha-auto-amnesie\\\/\",\"url\":\"https:\\\/\\\/buddhaseedbank.com\\\/de\\\/producto\\\/buddha-auto-amnesie\\\/\",\"name\":\"Buddha Auto Amnesia - Buddha Seeds\",\"isPartOf\":{\"@id\":\"https:\\\/\\\/buddhaseedbank.com\\\/de\\\/#website\"},\"primaryImageOfPage\":{\"@id\":\"https:\\\/\\\/buddhaseedbank.com\\\/de\\\/producto\\\/buddha-auto-amnesie\\\/#primaryimage\"},\"image\":{\"@id\":\"https:\\\/\\\/buddhaseedbank.com\\\/de\\\/producto\\\/buddha-auto-amnesie\\\/#primaryimage\"},\"thumbnailUrl\":\"https:\\\/\\\/buddhaseedbank.com\\\/wp-content\\\/uploads\\\/2020\\\/12\\\/214-Buddha-Auto-Amnesia.jpg\",\"datePublished\":\"2020-12-02T11:18:36+00:00\",\"dateModified\":\"2026-03-18T18:43:14+00:00\",\"description\":\"Die von Buddha Seeds entwickelte autoflowering Version von Amnesia erm\u00f6glicht es dem Z\u00fcchter, Anbautechniken wie Low Stress Training (LST) anzuwenden. Buddha Auto Amnesia ist ergiebig, potent und lecker.\",\"breadcrumb\":{\"@id\":\"https:\\\/\\\/buddhaseedbank.com\\\/de\\\/producto\\\/buddha-auto-amnesie\\\/#breadcrumb\"},\"inLanguage\":\"de\",\"potentialAction\":[{\"@type\":\"ReadAction\",\"target\":[\"https:\\\/\\\/buddhaseedbank.com\\\/de\\\/producto\\\/buddha-auto-amnesie\\\/\"]}]},{\"@type\":\"ImageObject\",\"inLanguage\":\"de\",\"@id\":\"https:\\\/\\\/buddhaseedbank.com\\\/de\\\/producto\\\/buddha-auto-amnesie\\\/#primaryimage\",\"url\":\"https:\\\/\\\/buddhaseedbank.com\\\/wp-content\\\/uploads\\\/2020\\\/12\\\/214-Buddha-Auto-Amnesia.jpg\",\"contentUrl\":\"https:\\\/\\\/buddhaseedbank.com\\\/wp-content\\\/uploads\\\/2020\\\/12\\\/214-Buddha-Auto-Amnesia.jpg\",\"width\":1080,\"height\":1080,\"caption\":\"Buddha Auto Amnesie\"},{\"@type\":\"BreadcrumbList\",\"@id\":\"https:\\\/\\\/buddhaseedbank.com\\\/de\\\/producto\\\/buddha-auto-amnesie\\\/#breadcrumb\",\"itemListElement\":[{\"@type\":\"ListItem\",\"position\":1,\"name\":\"Portada\",\"item\":\"https:\\\/\\\/buddhaseedbank.com\\\/de\\\/\"},{\"@type\":\"ListItem\",\"position\":2,\"name\":\"Shop\",\"item\":\"https:\\\/\\\/buddhaseedbank.com\\\/de\\\/shop\\\/\"},{\"@type\":\"ListItem\",\"position\":3,\"name\":\"Buddha Auto Amnesia\"}]},{\"@type\":\"WebSite\",\"@id\":\"https:\\\/\\\/buddhaseedbank.com\\\/de\\\/#website\",\"url\":\"https:\\\/\\\/buddhaseedbank.com\\\/de\\\/\",\"name\":\"Buddha Seeds\",\"description\":\"\",\"publisher\":{\"@id\":\"https:\\\/\\\/buddhaseedbank.com\\\/de\\\/#organization\"},\"potentialAction\":[{\"@type\":\"SearchAction\",\"target\":{\"@type\":\"EntryPoint\",\"urlTemplate\":\"https:\\\/\\\/buddhaseedbank.com\\\/de\\\/?s={search_term_string}\"},\"query-input\":{\"@type\":\"PropertyValueSpecification\",\"valueRequired\":true,\"valueName\":\"search_term_string\"}}],\"inLanguage\":\"de\"},{\"@type\":\"Organization\",\"@id\":\"https:\\\/\\\/buddhaseedbank.com\\\/de\\\/#organization\",\"name\":\"Buddha Seeds\",\"url\":\"https:\\\/\\\/buddhaseedbank.com\\\/de\\\/\",\"logo\":{\"@type\":\"ImageObject\",\"inLanguage\":\"de\",\"@id\":\"https:\\\/\\\/buddhaseedbank.com\\\/de\\\/#\\\/schema\\\/logo\\\/image\\\/\",\"url\":\"https:\\\/\\\/buddhaseedbank.com\\\/wp-content\\\/uploads\\\/2024\\\/04\\\/buddha-seeds-logo-1622448424-1.png\",\"contentUrl\":\"https:\\\/\\\/buddhaseedbank.com\\\/wp-content\\\/uploads\\\/2024\\\/04\\\/buddha-seeds-logo-1622448424-1.png\",\"width\":478,\"height\":200,\"caption\":\"Buddha Seeds\"},\"image\":{\"@id\":\"https:\\\/\\\/buddhaseedbank.com\\\/de\\\/#\\\/schema\\\/logo\\\/image\\\/\"}}]}<\/script>\n<!-- \/ Yoast SEO plugin. -->","yoast_head_json":{"title":"Buddha Auto Amnesia - Buddha Seeds","description":"Die von Buddha Seeds entwickelte autoflowering Version von Amnesia erm\u00f6glicht es dem Z\u00fcchter, Anbautechniken wie Low Stress Training (LST) anzuwenden. Buddha Auto Amnesia ist ergiebig, potent und lecker.","robots":{"index":"index","follow":"follow","max-snippet":"max-snippet:-1","max-image-preview":"max-image-preview:large","max-video-preview":"max-video-preview:-1"},"canonical":"https:\/\/buddhaseedbank.com\/de\/producto\/buddha-auto-amnesie\/","og_locale":"de_DE","og_type":"article","og_title":"Buddha Auto Amnesia - Buddha Seeds","og_description":"Die von Buddha Seeds entwickelte autoflowering Version von Amnesia erm\u00f6glicht es dem Z\u00fcchter, Anbautechniken wie Low Stress Training (LST) anzuwenden. Buddha Auto Amnesia ist ergiebig, potent und lecker.","og_url":"https:\/\/buddhaseedbank.com\/de\/producto\/buddha-auto-amnesie\/","og_site_name":"Buddha Seeds","article_modified_time":"2026-03-18T18:43:14+00:00","og_image":[{"width":1080,"height":1080,"url":"https:\/\/buddhaseedbank.com\/wp-content\/uploads\/2020\/12\/214-Buddha-Auto-Amnesia.jpg","type":"image\/jpeg"}],"twitter_card":"summary_large_image","twitter_misc":{"Gesch\u00e4tzte Lesezeit":"2\u00a0Minuten"},"schema":{"@context":"https:\/\/schema.org","@graph":[{"@type":"WebPage","@id":"https:\/\/buddhaseedbank.com\/de\/producto\/buddha-auto-amnesie\/","url":"https:\/\/buddhaseedbank.com\/de\/producto\/buddha-auto-amnesie\/","name":"Buddha Auto Amnesia - Buddha Seeds","isPartOf":{"@id":"https:\/\/buddhaseedbank.com\/de\/#website"},"primaryImageOfPage":{"@id":"https:\/\/buddhaseedbank.com\/de\/producto\/buddha-auto-amnesie\/#primaryimage"},"image":{"@id":"https:\/\/buddhaseedbank.com\/de\/producto\/buddha-auto-amnesie\/#primaryimage"},"thumbnailUrl":"https:\/\/buddhaseedbank.com\/wp-content\/uploads\/2020\/12\/214-Buddha-Auto-Amnesia.jpg","datePublished":"2020-12-02T11:18:36+00:00","dateModified":"2026-03-18T18:43:14+00:00","description":"Die von Buddha Seeds entwickelte autoflowering Version von Amnesia erm\u00f6glicht es dem Z\u00fcchter, Anbautechniken wie Low Stress Training (LST) anzuwenden. Buddha Auto Amnesia ist ergiebig, potent und lecker.","breadcrumb":{"@id":"https:\/\/buddhaseedbank.com\/de\/producto\/buddha-auto-amnesie\/#breadcrumb"},"inLanguage":"de","potentialAction":[{"@type":"ReadAction","target":["https:\/\/buddhaseedbank.com\/de\/producto\/buddha-auto-amnesie\/"]}]},{"@type":"ImageObject","inLanguage":"de","@id":"https:\/\/buddhaseedbank.com\/de\/producto\/buddha-auto-amnesie\/#primaryimage","url":"https:\/\/buddhaseedbank.com\/wp-content\/uploads\/2020\/12\/214-Buddha-Auto-Amnesia.jpg","contentUrl":"https:\/\/buddhaseedbank.com\/wp-content\/uploads\/2020\/12\/214-Buddha-Auto-Amnesia.jpg","width":1080,"height":1080,"caption":"Buddha Auto Amnesie"},{"@type":"BreadcrumbList","@id":"https:\/\/buddhaseedbank.com\/de\/producto\/buddha-auto-amnesie\/#breadcrumb","itemListElement":[{"@type":"ListItem","position":1,"name":"Portada","item":"https:\/\/buddhaseedbank.com\/de\/"},{"@type":"ListItem","position":2,"name":"Shop","item":"https:\/\/buddhaseedbank.com\/de\/shop\/"},{"@type":"ListItem","position":3,"name":"Buddha Auto Amnesia"}]},{"@type":"WebSite","@id":"https:\/\/buddhaseedbank.com\/de\/#website","url":"https:\/\/buddhaseedbank.com\/de\/","name":"Buddha Seeds","description":"","publisher":{"@id":"https:\/\/buddhaseedbank.com\/de\/#organization"},"potentialAction":[{"@type":"SearchAction","target":{"@type":"EntryPoint","urlTemplate":"https:\/\/buddhaseedbank.com\/de\/?s={search_term_string}"},"query-input":{"@type":"PropertyValueSpecification","valueRequired":true,"valueName":"search_term_string"}}],"inLanguage":"de"},{"@type":"Organization","@id":"https:\/\/buddhaseedbank.com\/de\/#organization","name":"Buddha Seeds","url":"https:\/\/buddhaseedbank.com\/de\/","logo":{"@type":"ImageObject","inLanguage":"de","@id":"https:\/\/buddhaseedbank.com\/de\/#\/schema\/logo\/image\/","url":"https:\/\/buddhaseedbank.com\/wp-content\/uploads\/2024\/04\/buddha-seeds-logo-1622448424-1.png","contentUrl":"https:\/\/buddhaseedbank.com\/wp-content\/uploads\/2024\/04\/buddha-seeds-logo-1622448424-1.png","width":478,"height":200,"caption":"Buddha Seeds"},"image":{"@id":"https:\/\/buddhaseedbank.com\/de\/#\/schema\/logo\/image\/"}}]}},"_links":{"self":[{"href":"https:\/\/buddhaseedbank.com\/de\/wp-json\/wp\/v2\/product\/6702","targetHints":{"allow":["GET"]}}],"collection":[{"href":"https:\/\/buddhaseedbank.com\/de\/wp-json\/wp\/v2\/product"}],"about":[{"href":"https:\/\/buddhaseedbank.com\/de\/wp-json\/wp\/v2\/types\/product"}],"wp:featuredmedia":[{"embeddable":true,"href":"https:\/\/buddhaseedbank.com\/de\/wp-json\/wp\/v2\/media\/4332"}],"wp:attachment":[{"href":"https:\/\/buddhaseedbank.com\/de\/wp-json\/wp\/v2\/media?parent=6702"}],"wp:term":[{"taxonomy":"product_brand","embeddable":true,"href":"https:\/\/buddhaseedbank.com\/de\/wp-json\/wp\/v2\/product_brand?post=6702"},{"taxonomy":"product_cat","embeddable":true,"href":"https:\/\/buddhaseedbank.com\/de\/wp-json\/wp\/v2\/product_cat?post=6702"},{"taxonomy":"product_tag","embeddable":true,"href":"https:\/\/buddhaseedbank.com\/de\/wp-json\/wp\/v2\/product_tag?post=6702"}],"curies":[{"name":"wp","href":"https:\/\/api.w.org\/{rel}","templated":true}]}}