{"id":6984,"date":"2020-12-01T12:32:51","date_gmt":"2020-12-01T11:32:51","guid":{"rendered":"https:\/\/buddhaseedbank.com\/producto\/buddha-purple-kush\/"},"modified":"2025-03-24T03:35:23","modified_gmt":"2025-03-24T02:35:23","slug":"buddha-purple-kush","status":"publish","type":"product","link":"https:\/\/buddhaseedbank.com\/de\/producto\/buddha-purple-kush\/","title":{"rendered":"Buddha Purple Kush"},"content":{"rendered":"<p style=\"text-align:justify;\"><strong>Mit gro\u00dfem Engagement<\/strong> wurde daran gearbeitet, <strong>die maximalen Qualit\u00e4ten<\/strong> jeder ihrer drei Aszendenten hervorzuheben und <strong>zu stabilisieren<\/strong>, um einen nicht selbstbl\u00fchenden Hybriden mit hoher <strong>Indica-Potenz<\/strong> zu erhalten.<\/p>\n<p style=\"text-align:justify;\"><strong>Purple Kush<\/strong> ist eine explosive Pflanze, die in der <strong>Bl\u00fctephase<\/strong> von <strong>nur 60 Tagen<\/strong> einen wahren Farbenrausch erlebt. Der <strong>intensive violette Farbton<\/strong> jedes Einzelnen f\u00e4llt schon in der ersten Woche auf. Dank des reichlich vorhandenen Harzes kann es je nach Umgebungsbedingungen in einer <strong>echten Farbpalette<\/strong> schillernder Farben gipfeln. Ideal f\u00fcr die Herstellung Ihrer eigenen Extrakte (Trocken\/Eis).<\/p>\n<p style=\"text-align:justify;\"><strong>Purple Kush ist<\/strong> feuchtigkeitsresistent, perfekt f\u00fcr Regionen mit k\u00fcrzerer Anbauzeit im Freien, sch\u00e4dlingsresistent und produktiv. Alles in allem eine pflegeleichte Pflanze mit hohen Ertr\u00e4gen bei der Ernte.<\/p>\n<p style=\"text-align:justify;\">Die <strong>Wirkung von Purple Kush<\/strong> ist angenehm, ideal f\u00fcr den Feierabend, um nach einem stressigen Tag zu entspannen. Ein <strong>Appetitanreger<\/strong> f\u00fcr die anstrengenderen Tage. Der vorherrschende <strong>Geschmack<\/strong> ist der von <strong>Waldfr\u00fcchten<\/strong> mit sp\u00fcrbaren erdigen Untert\u00f6nen.<\/p>\n<p><a style=\"background-color:#ff0000;color:#ffffff;\" href=\"https:\/\/www.youtube.com\/watch?v=QfR20TQR9rI\" class=\"btn btn-default\" target=\"_blank\" rel=\"noreferrer noopener nofollow\">YouTube \u25ba<\/a><\/p>\n","protected":false},"excerpt":{"rendered":"<p style=\"text-align:justify;\"><strong>Purple Kush no auto<\/strong> <strong>von Buddha Seeds<\/strong> ist unsere Hommage an die gute alte Zeit, deren Essenz wir in dieser attraktiven, modernisierten Version wieder eingefangen haben. Eine <em>R\u00fcckblende <\/em>, die Sie in die wunderbaren 90er Jahre zur\u00fcckversetzen wird.<\/p>\n","protected":false},"featured_media":8512,"template":"","meta":{"_joinchat":[]},"product_brand":[],"product_cat":[732,745],"product_tag":[1428,1403,1480,1503,1464,1455,1499],"class_list":{"0":"post-6984","1":"product","2":"type-product","3":"status-publish","4":"has-post-thumbnail","6":"product_cat-buddha-seeds-sorten","7":"product_cat-original-buddha-samen","8":"product_tag-cannabis-indica-de","9":"product_tag-cannabis-zur-entspannung","10":"product_tag-lichtabhaengige-samen","11":"product_tag-indoor-cannabis-de","12":"product_tag-outdoor-hanf","13":"product_tag-schaedlingsresistentes-cannabis","14":"product_tag-violett-cannabis","15":"pa_color-lila","16":"pa_efecto-entspannend-vergnuglich-appetitanregend","17":"pa_fa-produccionenexteriorporpl-900-1500-gr","18":"pa_genetica-indica-dominanter-hybrid","19":"pa_mesdecosecha-anfang-oktober-nordliche-hemisphare-anfang-april-sudliche-hemisphare","20":"pa_produccionm-400-480-gr","21":"pa_semillas-10-unidades-de","22":"pa_semillas-3-unidades-de","23":"pa_semillas-50-unidades-de","24":"pa_sexo-feminisiert","25":"pa_tiempodefloracion-60-tage","26":"pa_tipo-photodependent-de","28":"first","29":"instock","30":"taxable","31":"shipping-taxable","32":"purchasable","33":"product-type-variable"},"yoast_head":"<!-- This site is optimized with the Yoast SEO plugin v27.3 - https:\/\/yoast.com\/product\/yoast-seo-wordpress\/ -->\n<title>Buddha Purple Kush - Buddha Seeds<\/title>\n<meta name=\"robots\" content=\"index, follow, max-snippet:-1, max-image-preview:large, max-video-preview:-1\" \/>\n<link rel=\"canonical\" href=\"https:\/\/buddhaseedbank.com\/de\/producto\/buddha-purple-kush\/\" \/>\n<meta property=\"og:locale\" content=\"de_DE\" \/>\n<meta property=\"og:type\" content=\"article\" \/>\n<meta property=\"og:title\" content=\"Buddha Purple Kush - Buddha Seeds\" \/>\n<meta property=\"og:description\" content=\"Purple Kush no auto von Buddha Seeds ist unsere Hommage an die gute alte Zeit, deren Essenz wir in dieser attraktiven, modernisierten Version wieder eingefangen haben. Eine R\u00fcckblende , die Sie in die wunderbaren 90er Jahre zur\u00fcckversetzen wird.\" \/>\n<meta property=\"og:url\" content=\"https:\/\/buddhaseedbank.com\/de\/producto\/buddha-purple-kush\/\" \/>\n<meta property=\"og:site_name\" content=\"Buddha Seeds\" \/>\n<meta property=\"article:modified_time\" content=\"2025-03-24T02:35:23+00:00\" \/>\n<meta property=\"og:image\" content=\"https:\/\/buddhaseedbank.com\/wp-content\/uploads\/2020\/12\/202-Buddha-Purple-Kush.jpg\" \/>\n\t<meta property=\"og:image:width\" content=\"1080\" \/>\n\t<meta property=\"og:image:height\" content=\"1080\" \/>\n\t<meta property=\"og:image:type\" content=\"image\/jpeg\" \/>\n<meta name=\"twitter:card\" content=\"summary_large_image\" \/>\n<meta name=\"twitter:label1\" content=\"Gesch\u00e4tzte Lesezeit\" \/>\n\t<meta name=\"twitter:data1\" content=\"1\u00a0Minute\" \/>\n<script type=\"application\/ld+json\" class=\"yoast-schema-graph\">{\"@context\":\"https:\\\/\\\/schema.org\",\"@graph\":[{\"@type\":\"WebPage\",\"@id\":\"https:\\\/\\\/buddhaseedbank.com\\\/de\\\/producto\\\/buddha-purple-kush\\\/\",\"url\":\"https:\\\/\\\/buddhaseedbank.com\\\/de\\\/producto\\\/buddha-purple-kush\\\/\",\"name\":\"Buddha Purple Kush - Buddha Seeds\",\"isPartOf\":{\"@id\":\"https:\\\/\\\/buddhaseedbank.com\\\/de\\\/#website\"},\"primaryImageOfPage\":{\"@id\":\"https:\\\/\\\/buddhaseedbank.com\\\/de\\\/producto\\\/buddha-purple-kush\\\/#primaryimage\"},\"image\":{\"@id\":\"https:\\\/\\\/buddhaseedbank.com\\\/de\\\/producto\\\/buddha-purple-kush\\\/#primaryimage\"},\"thumbnailUrl\":\"https:\\\/\\\/buddhaseedbank.com\\\/wp-content\\\/uploads\\\/2020\\\/12\\\/Purple_Buddhaseeds_01.jpg\",\"datePublished\":\"2020-12-01T11:32:51+00:00\",\"dateModified\":\"2025-03-24T02:35:23+00:00\",\"breadcrumb\":{\"@id\":\"https:\\\/\\\/buddhaseedbank.com\\\/de\\\/producto\\\/buddha-purple-kush\\\/#breadcrumb\"},\"inLanguage\":\"de\",\"potentialAction\":[{\"@type\":\"ReadAction\",\"target\":[\"https:\\\/\\\/buddhaseedbank.com\\\/de\\\/producto\\\/buddha-purple-kush\\\/\"]}]},{\"@type\":\"ImageObject\",\"inLanguage\":\"de\",\"@id\":\"https:\\\/\\\/buddhaseedbank.com\\\/de\\\/producto\\\/buddha-purple-kush\\\/#primaryimage\",\"url\":\"https:\\\/\\\/buddhaseedbank.com\\\/wp-content\\\/uploads\\\/2020\\\/12\\\/Purple_Buddhaseeds_01.jpg\",\"contentUrl\":\"https:\\\/\\\/buddhaseedbank.com\\\/wp-content\\\/uploads\\\/2020\\\/12\\\/Purple_Buddhaseeds_01.jpg\",\"width\":900,\"height\":900,\"caption\":\"Purple Kush Buddha Seeds\"},{\"@type\":\"BreadcrumbList\",\"@id\":\"https:\\\/\\\/buddhaseedbank.com\\\/de\\\/producto\\\/buddha-purple-kush\\\/#breadcrumb\",\"itemListElement\":[{\"@type\":\"ListItem\",\"position\":1,\"name\":\"Portada\",\"item\":\"https:\\\/\\\/buddhaseedbank.com\\\/de\\\/\"},{\"@type\":\"ListItem\",\"position\":2,\"name\":\"Shop\",\"item\":\"https:\\\/\\\/buddhaseedbank.com\\\/de\\\/shop\\\/\"},{\"@type\":\"ListItem\",\"position\":3,\"name\":\"Buddha Purple Kush\"}]},{\"@type\":\"WebSite\",\"@id\":\"https:\\\/\\\/buddhaseedbank.com\\\/de\\\/#website\",\"url\":\"https:\\\/\\\/buddhaseedbank.com\\\/de\\\/\",\"name\":\"Buddha Seeds\",\"description\":\"\",\"publisher\":{\"@id\":\"https:\\\/\\\/buddhaseedbank.com\\\/de\\\/#organization\"},\"potentialAction\":[{\"@type\":\"SearchAction\",\"target\":{\"@type\":\"EntryPoint\",\"urlTemplate\":\"https:\\\/\\\/buddhaseedbank.com\\\/de\\\/?s={search_term_string}\"},\"query-input\":{\"@type\":\"PropertyValueSpecification\",\"valueRequired\":true,\"valueName\":\"search_term_string\"}}],\"inLanguage\":\"de\"},{\"@type\":\"Organization\",\"@id\":\"https:\\\/\\\/buddhaseedbank.com\\\/de\\\/#organization\",\"name\":\"Buddha Seeds\",\"url\":\"https:\\\/\\\/buddhaseedbank.com\\\/de\\\/\",\"logo\":{\"@type\":\"ImageObject\",\"inLanguage\":\"de\",\"@id\":\"https:\\\/\\\/buddhaseedbank.com\\\/de\\\/#\\\/schema\\\/logo\\\/image\\\/\",\"url\":\"https:\\\/\\\/buddhaseedbank.com\\\/wp-content\\\/uploads\\\/2024\\\/04\\\/buddha-seeds-logo-1622448424-1.png\",\"contentUrl\":\"https:\\\/\\\/buddhaseedbank.com\\\/wp-content\\\/uploads\\\/2024\\\/04\\\/buddha-seeds-logo-1622448424-1.png\",\"width\":478,\"height\":200,\"caption\":\"Buddha Seeds\"},\"image\":{\"@id\":\"https:\\\/\\\/buddhaseedbank.com\\\/de\\\/#\\\/schema\\\/logo\\\/image\\\/\"}}]}<\/script>\n<!-- \/ Yoast SEO plugin. -->","yoast_head_json":{"title":"Buddha Purple Kush - Buddha Seeds","robots":{"index":"index","follow":"follow","max-snippet":"max-snippet:-1","max-image-preview":"max-image-preview:large","max-video-preview":"max-video-preview:-1"},"canonical":"https:\/\/buddhaseedbank.com\/de\/producto\/buddha-purple-kush\/","og_locale":"de_DE","og_type":"article","og_title":"Buddha Purple Kush - Buddha Seeds","og_description":"Purple Kush no auto von Buddha Seeds ist unsere Hommage an die gute alte Zeit, deren Essenz wir in dieser attraktiven, modernisierten Version wieder eingefangen haben. Eine R\u00fcckblende , die Sie in die wunderbaren 90er Jahre zur\u00fcckversetzen wird.","og_url":"https:\/\/buddhaseedbank.com\/de\/producto\/buddha-purple-kush\/","og_site_name":"Buddha Seeds","article_modified_time":"2025-03-24T02:35:23+00:00","og_image":[{"width":1080,"height":1080,"url":"https:\/\/buddhaseedbank.com\/wp-content\/uploads\/2020\/12\/202-Buddha-Purple-Kush.jpg","type":"image\/jpeg"}],"twitter_card":"summary_large_image","twitter_misc":{"Gesch\u00e4tzte Lesezeit":"1\u00a0Minute"},"schema":{"@context":"https:\/\/schema.org","@graph":[{"@type":"WebPage","@id":"https:\/\/buddhaseedbank.com\/de\/producto\/buddha-purple-kush\/","url":"https:\/\/buddhaseedbank.com\/de\/producto\/buddha-purple-kush\/","name":"Buddha Purple Kush - Buddha Seeds","isPartOf":{"@id":"https:\/\/buddhaseedbank.com\/de\/#website"},"primaryImageOfPage":{"@id":"https:\/\/buddhaseedbank.com\/de\/producto\/buddha-purple-kush\/#primaryimage"},"image":{"@id":"https:\/\/buddhaseedbank.com\/de\/producto\/buddha-purple-kush\/#primaryimage"},"thumbnailUrl":"https:\/\/buddhaseedbank.com\/wp-content\/uploads\/2020\/12\/Purple_Buddhaseeds_01.jpg","datePublished":"2020-12-01T11:32:51+00:00","dateModified":"2025-03-24T02:35:23+00:00","breadcrumb":{"@id":"https:\/\/buddhaseedbank.com\/de\/producto\/buddha-purple-kush\/#breadcrumb"},"inLanguage":"de","potentialAction":[{"@type":"ReadAction","target":["https:\/\/buddhaseedbank.com\/de\/producto\/buddha-purple-kush\/"]}]},{"@type":"ImageObject","inLanguage":"de","@id":"https:\/\/buddhaseedbank.com\/de\/producto\/buddha-purple-kush\/#primaryimage","url":"https:\/\/buddhaseedbank.com\/wp-content\/uploads\/2020\/12\/Purple_Buddhaseeds_01.jpg","contentUrl":"https:\/\/buddhaseedbank.com\/wp-content\/uploads\/2020\/12\/Purple_Buddhaseeds_01.jpg","width":900,"height":900,"caption":"Purple Kush Buddha Seeds"},{"@type":"BreadcrumbList","@id":"https:\/\/buddhaseedbank.com\/de\/producto\/buddha-purple-kush\/#breadcrumb","itemListElement":[{"@type":"ListItem","position":1,"name":"Portada","item":"https:\/\/buddhaseedbank.com\/de\/"},{"@type":"ListItem","position":2,"name":"Shop","item":"https:\/\/buddhaseedbank.com\/de\/shop\/"},{"@type":"ListItem","position":3,"name":"Buddha Purple Kush"}]},{"@type":"WebSite","@id":"https:\/\/buddhaseedbank.com\/de\/#website","url":"https:\/\/buddhaseedbank.com\/de\/","name":"Buddha Seeds","description":"","publisher":{"@id":"https:\/\/buddhaseedbank.com\/de\/#organization"},"potentialAction":[{"@type":"SearchAction","target":{"@type":"EntryPoint","urlTemplate":"https:\/\/buddhaseedbank.com\/de\/?s={search_term_string}"},"query-input":{"@type":"PropertyValueSpecification","valueRequired":true,"valueName":"search_term_string"}}],"inLanguage":"de"},{"@type":"Organization","@id":"https:\/\/buddhaseedbank.com\/de\/#organization","name":"Buddha Seeds","url":"https:\/\/buddhaseedbank.com\/de\/","logo":{"@type":"ImageObject","inLanguage":"de","@id":"https:\/\/buddhaseedbank.com\/de\/#\/schema\/logo\/image\/","url":"https:\/\/buddhaseedbank.com\/wp-content\/uploads\/2024\/04\/buddha-seeds-logo-1622448424-1.png","contentUrl":"https:\/\/buddhaseedbank.com\/wp-content\/uploads\/2024\/04\/buddha-seeds-logo-1622448424-1.png","width":478,"height":200,"caption":"Buddha Seeds"},"image":{"@id":"https:\/\/buddhaseedbank.com\/de\/#\/schema\/logo\/image\/"}}]}},"_links":{"self":[{"href":"https:\/\/buddhaseedbank.com\/de\/wp-json\/wp\/v2\/product\/6984","targetHints":{"allow":["GET"]}}],"collection":[{"href":"https:\/\/buddhaseedbank.com\/de\/wp-json\/wp\/v2\/product"}],"about":[{"href":"https:\/\/buddhaseedbank.com\/de\/wp-json\/wp\/v2\/types\/product"}],"wp:featuredmedia":[{"embeddable":true,"href":"https:\/\/buddhaseedbank.com\/de\/wp-json\/wp\/v2\/media\/8512"}],"wp:attachment":[{"href":"https:\/\/buddhaseedbank.com\/de\/wp-json\/wp\/v2\/media?parent=6984"}],"wp:term":[{"taxonomy":"product_brand","embeddable":true,"href":"https:\/\/buddhaseedbank.com\/de\/wp-json\/wp\/v2\/product_brand?post=6984"},{"taxonomy":"product_cat","embeddable":true,"href":"https:\/\/buddhaseedbank.com\/de\/wp-json\/wp\/v2\/product_cat?post=6984"},{"taxonomy":"product_tag","embeddable":true,"href":"https:\/\/buddhaseedbank.com\/de\/wp-json\/wp\/v2\/product_tag?post=6984"}],"curies":[{"name":"wp","href":"https:\/\/api.w.org\/{rel}","templated":true}]}}