{"id":6996,"date":"2021-06-08T15:31:54","date_gmt":"2021-06-08T13:31:54","guid":{"rendered":"https:\/\/buddhaseedbank.com\/producto\/buddha-auto-zkitt\/"},"modified":"2025-03-27T15:53:55","modified_gmt":"2025-03-27T14:53:55","slug":"buddha-auto-zkitt","status":"publish","type":"product","link":"https:\/\/buddhaseedbank.com\/de\/producto\/buddha-auto-zkitt\/","title":{"rendered":"Buddha Auto Zkitt"},"content":{"rendered":"<p style=\"text-align: justify;\">F\u00fcr Naschkatzen und Liebhaber von s\u00fc\u00dfer Genetik kommt Buddha Auto Zkitt, um Ihre Puffs mit einem Regenbogen fruchtiger Aromen zu impr\u00e4gnieren. Es ist also kein Zufall, dass diese Indica-Sorte eine Anspielung auf die ber\u00fchmten amerikanischen Skittles-Bonbons ist. Wir von Buddha Seeds haben es uns zur Aufgabe gemacht, Ihre Geschmacksknospen zu revolutionieren, um Ihre Erfahrung so angenehm wie m\u00f6glich zu machen. Denn wer ist schon verbittert \u00fcber etwas S\u00fc\u00dfes?<\/p>\n<p style=\"text-align: justify;\">Mit Buddha Auto Zkitt haben wir den Nuancenreichtum dieser beliebten amerikanischen Genetik weiter verbessert. Noten von Beeren, Mango und Grapefruit stechen hervor. Ein Leckerbissen, den Sie zu jeder Tageszeit genie\u00dfen k\u00f6nnen. Aber wie bei allen S\u00fc\u00dfigkeiten ist es am besten, es nicht zu \u00fcbertreiben, denn die Wirkung beginnt mit einem schnellen Schlag und endet mit einem entspannenden K\u00f6rpergef\u00fchl. Im Gegensatz zu einem Indica-High versetzt Buddha Auto Zkitt Sie in einen Zustand der Gelassenheit und absoluten Gl\u00fcckseligkeit, in dem Sie einige Stunden lang ganz entspannt verweilen k\u00f6nnen.<\/p>\n<p style=\"text-align: justify;\">Was die Morphologie betrifft, so ist dieses Cannabis-Bonbon diskret in der H\u00f6he, ideal f\u00fcr SOG-Kulturen im Innenbereich. Sie wird Sie mit ihren zahlreichen dichten und harzigen Knospen mit starkem Bonbonaroma \u00fcberraschen. Der Innenbereich kommt einem S\u00fc\u00dfwarenladen am n\u00e4chsten! Wir empfehlen jedoch eine Reifezeit von mindestens einem Monat, damit Sie diesen Regenbogen der Aromen in vollen Z\u00fcgen genie\u00dfen k\u00f6nnen. Stellen Sie sich also die Aromen vor, die Sie erwarten, wenn Sie die Einmachzeit verl\u00e4ngern.<\/p>\n<p style=\"text-align: justify;\">Der Buddha Auto Zkitt erfordert keine \u00fcberm\u00e4\u00dfige Pflege, so dass er f\u00fcr Anf\u00e4nger und Profis gleicherma\u00dfen geeignet ist. Diese Sorte ist sehr widerstandsf\u00e4hig. Um die besten Ertr\u00e4ge zu erzielen und die Ergebnisse zu maximieren, empfehlen wir den Einsatz von Anbautechniken. Sie werden es bei Ihrer Ernte merken, denn der ungef\u00e4hre Indoor-Ertrag liegt bei 450-500 g\/m2.<\/p>\n<p style=\"text-align: justify;\">Andererseits sollten Sie ihre Ern\u00e4hrung nicht vernachl\u00e4ssigen, denn diese Pflanze ist ein etwas gieriger Esser, insbesondere von Zucker.<\/p>\n<p style=\"text-align: justify;\">Buddha Auto Zkitt wird f\u00fcr Sie zu einem echten Vergn\u00fcgen werden, um jeden Tag Ihren sch\u00f6nsten Moment zu erleben.<\/p>\n<p style=\"text-align: justify;\"><a style=\"background-color: #ff0000; color: #ffffff;\" href=\"https:\/\/youtu.be\/DnHie0dwNNU\" target=\"_blank\" rel=\"noreferrer noopener nofollow\">YOUTUBE \u25ba<\/a><\/p>\n","protected":false},"excerpt":{"rendered":"<p style=\"text-align: justify;\">Mit Buddha Auto Zkitt haben wir den Nuancenreichtum dieser beliebten amerikanischen Genetik weiter verbessert. Noten von Beeren, Mango und Grapefruit stechen hervor. Ein Leckerbissen, den Sie zu jeder Tageszeit genie\u00dfen k\u00f6nnen.<\/p>\n<p style=\"text-align: justify;\">Diese Sorte erfordert keine \u00fcberm\u00e4\u00dfige Pflege, wodurch sie sowohl f\u00fcr Anf\u00e4nger als auch f\u00fcr Profis geeignet ist. Buddha Auto Zkitt ist sehr widerstandsf\u00e4hig. Um das Beste aus ihr herauszuholen und die Ergebnisse zu maximieren, empfehlen wir den Einsatz von Anbautechniken.<\/p>\n<p style=\"text-align: justify;\">Andererseits sollten Sie ihre Ern\u00e4hrung nicht vernachl\u00e4ssigen, denn diese Pflanze ist ein etwas gieriger Esser, insbesondere von Zucker.<\/p>\n<p style=\"text-align: justify;\">Buddha Auto Zkitt wird f\u00fcr Sie zu einem echten Vergn\u00fcgen werden, um jeden Tag Ihren sch\u00f6nsten Moment zu erleben.<\/p>\n","protected":false},"featured_media":4922,"template":"","meta":{"_joinchat":[]},"product_brand":[],"product_cat":[732,658],"product_tag":[1151,1428,1473,1380,1436,1407,1195],"class_list":{"0":"post-6996","1":"product","2":"type-product","3":"status-publish","4":"has-post-thumbnail","6":"product_cat-buddha-seeds-sorten","7":"product_cat-usa-collection-strains-de","8":"product_tag-autoflowering-cannabis-samen","9":"product_tag-cannabis-indica-de","10":"product_tag-cannabis-suesser-geschmack","11":"product_tag-indoor-autoflowering-de","12":"product_tag-produktive-selbstbluehende-pflanzen","13":"product_tag-usa-genetik-samen","14":"product_tag-usa-sammlung-stamme","15":"pa_8d-tiempodecultivocrecimient-70-tage","16":"pa_efecto-absolute-gelassenheit-und-gluckseligkeit","17":"pa_fa-produccionenexteriorporpl-70-350-g","18":"pa_genetica-indica-de","19":"pa_produccionm-450-550-g","20":"pa_semillas-10-unidades-de","21":"pa_semillas-3-unidades-de","22":"pa_semillas-50-unidades-de","23":"pa_sexo-feminisiert","24":"pa_tipo-autoflowering-de","26":"first","27":"instock","28":"taxable","29":"shipping-taxable","30":"purchasable","31":"product-type-variable"},"yoast_head":"<!-- This site is optimized with the Yoast SEO plugin v27.3 - https:\/\/yoast.com\/product\/yoast-seo-wordpress\/ -->\n<title>Buddha Auto Zkitt - Buddha Seeds<\/title>\n<meta name=\"robots\" content=\"index, follow, max-snippet:-1, max-image-preview:large, max-video-preview:-1\" \/>\n<link rel=\"canonical\" href=\"https:\/\/buddhaseedbank.com\/de\/producto\/buddha-auto-zkitt\/\" \/>\n<meta property=\"og:locale\" content=\"de_DE\" \/>\n<meta property=\"og:type\" content=\"article\" \/>\n<meta property=\"og:title\" content=\"Buddha Auto Zkitt - Buddha Seeds\" \/>\n<meta property=\"og:description\" content=\"Mit Buddha Auto Zkitt haben wir den Nuancenreichtum dieser beliebten amerikanischen Genetik weiter verbessert. Noten von Beeren, Mango und Grapefruit stechen hervor. Ein Leckerbissen, den Sie zu jeder Tageszeit genie\u00dfen k\u00f6nnen. Diese Sorte erfordert keine \u00fcberm\u00e4\u00dfige Pflege, wodurch sie sowohl f\u00fcr Anf\u00e4nger als auch f\u00fcr Profis geeignet ist. Buddha Auto Zkitt ist sehr widerstandsf\u00e4hig. Um das Beste aus ihr herauszuholen und die Ergebnisse zu maximieren, empfehlen wir den Einsatz von Anbautechniken. Andererseits sollten Sie ihre Ern\u00e4hrung nicht vernachl\u00e4ssigen, denn diese Pflanze ist ein etwas gieriger Esser, insbesondere von Zucker. Buddha Auto Zkitt wird f\u00fcr Sie zu einem echten Vergn\u00fcgen werden, um jeden Tag Ihren sch\u00f6nsten Moment zu erleben.\" \/>\n<meta property=\"og:url\" content=\"https:\/\/buddhaseedbank.com\/de\/producto\/buddha-auto-zkitt\/\" \/>\n<meta property=\"og:site_name\" content=\"Buddha Seeds\" \/>\n<meta property=\"article:modified_time\" content=\"2025-03-27T14:53:55+00:00\" \/>\n<meta property=\"og:image\" content=\"https:\/\/buddhaseedbank.com\/wp-content\/uploads\/2021\/06\/277-Buddha-Auto-Zkitt.jpg\" \/>\n\t<meta property=\"og:image:width\" content=\"1080\" \/>\n\t<meta property=\"og:image:height\" content=\"1080\" \/>\n\t<meta property=\"og:image:type\" content=\"image\/jpeg\" \/>\n<meta name=\"twitter:card\" content=\"summary_large_image\" \/>\n<meta name=\"twitter:label1\" content=\"Gesch\u00e4tzte Lesezeit\" \/>\n\t<meta name=\"twitter:data1\" content=\"2\u00a0Minuten\" \/>\n<script type=\"application\/ld+json\" class=\"yoast-schema-graph\">{\"@context\":\"https:\\\/\\\/schema.org\",\"@graph\":[{\"@type\":\"WebPage\",\"@id\":\"https:\\\/\\\/buddhaseedbank.com\\\/de\\\/producto\\\/buddha-auto-zkitt\\\/\",\"url\":\"https:\\\/\\\/buddhaseedbank.com\\\/de\\\/producto\\\/buddha-auto-zkitt\\\/\",\"name\":\"Buddha Auto Zkitt - Buddha Seeds\",\"isPartOf\":{\"@id\":\"https:\\\/\\\/buddhaseedbank.com\\\/de\\\/#website\"},\"primaryImageOfPage\":{\"@id\":\"https:\\\/\\\/buddhaseedbank.com\\\/de\\\/producto\\\/buddha-auto-zkitt\\\/#primaryimage\"},\"image\":{\"@id\":\"https:\\\/\\\/buddhaseedbank.com\\\/de\\\/producto\\\/buddha-auto-zkitt\\\/#primaryimage\"},\"thumbnailUrl\":\"https:\\\/\\\/buddhaseedbank.com\\\/wp-content\\\/uploads\\\/2021\\\/06\\\/277-Buddha-Auto-Zkitt.jpg\",\"datePublished\":\"2021-06-08T13:31:54+00:00\",\"dateModified\":\"2025-03-27T14:53:55+00:00\",\"breadcrumb\":{\"@id\":\"https:\\\/\\\/buddhaseedbank.com\\\/de\\\/producto\\\/buddha-auto-zkitt\\\/#breadcrumb\"},\"inLanguage\":\"de\",\"potentialAction\":[{\"@type\":\"ReadAction\",\"target\":[\"https:\\\/\\\/buddhaseedbank.com\\\/de\\\/producto\\\/buddha-auto-zkitt\\\/\"]}]},{\"@type\":\"ImageObject\",\"inLanguage\":\"de\",\"@id\":\"https:\\\/\\\/buddhaseedbank.com\\\/de\\\/producto\\\/buddha-auto-zkitt\\\/#primaryimage\",\"url\":\"https:\\\/\\\/buddhaseedbank.com\\\/wp-content\\\/uploads\\\/2021\\\/06\\\/277-Buddha-Auto-Zkitt.jpg\",\"contentUrl\":\"https:\\\/\\\/buddhaseedbank.com\\\/wp-content\\\/uploads\\\/2021\\\/06\\\/277-Buddha-Auto-Zkitt.jpg\",\"width\":1080,\"height\":1080,\"caption\":\"Buddha Auto Zkitt\"},{\"@type\":\"BreadcrumbList\",\"@id\":\"https:\\\/\\\/buddhaseedbank.com\\\/de\\\/producto\\\/buddha-auto-zkitt\\\/#breadcrumb\",\"itemListElement\":[{\"@type\":\"ListItem\",\"position\":1,\"name\":\"Portada\",\"item\":\"https:\\\/\\\/buddhaseedbank.com\\\/de\\\/\"},{\"@type\":\"ListItem\",\"position\":2,\"name\":\"Shop\",\"item\":\"https:\\\/\\\/buddhaseedbank.com\\\/de\\\/shop\\\/\"},{\"@type\":\"ListItem\",\"position\":3,\"name\":\"Buddha Auto Zkitt\"}]},{\"@type\":\"WebSite\",\"@id\":\"https:\\\/\\\/buddhaseedbank.com\\\/de\\\/#website\",\"url\":\"https:\\\/\\\/buddhaseedbank.com\\\/de\\\/\",\"name\":\"Buddha Seeds\",\"description\":\"\",\"publisher\":{\"@id\":\"https:\\\/\\\/buddhaseedbank.com\\\/de\\\/#organization\"},\"potentialAction\":[{\"@type\":\"SearchAction\",\"target\":{\"@type\":\"EntryPoint\",\"urlTemplate\":\"https:\\\/\\\/buddhaseedbank.com\\\/de\\\/?s={search_term_string}\"},\"query-input\":{\"@type\":\"PropertyValueSpecification\",\"valueRequired\":true,\"valueName\":\"search_term_string\"}}],\"inLanguage\":\"de\"},{\"@type\":\"Organization\",\"@id\":\"https:\\\/\\\/buddhaseedbank.com\\\/de\\\/#organization\",\"name\":\"Buddha Seeds\",\"url\":\"https:\\\/\\\/buddhaseedbank.com\\\/de\\\/\",\"logo\":{\"@type\":\"ImageObject\",\"inLanguage\":\"de\",\"@id\":\"https:\\\/\\\/buddhaseedbank.com\\\/de\\\/#\\\/schema\\\/logo\\\/image\\\/\",\"url\":\"https:\\\/\\\/buddhaseedbank.com\\\/wp-content\\\/uploads\\\/2024\\\/04\\\/buddha-seeds-logo-1622448424-1.png\",\"contentUrl\":\"https:\\\/\\\/buddhaseedbank.com\\\/wp-content\\\/uploads\\\/2024\\\/04\\\/buddha-seeds-logo-1622448424-1.png\",\"width\":478,\"height\":200,\"caption\":\"Buddha Seeds\"},\"image\":{\"@id\":\"https:\\\/\\\/buddhaseedbank.com\\\/de\\\/#\\\/schema\\\/logo\\\/image\\\/\"}}]}<\/script>\n<!-- \/ Yoast SEO plugin. -->","yoast_head_json":{"title":"Buddha Auto Zkitt - Buddha Seeds","robots":{"index":"index","follow":"follow","max-snippet":"max-snippet:-1","max-image-preview":"max-image-preview:large","max-video-preview":"max-video-preview:-1"},"canonical":"https:\/\/buddhaseedbank.com\/de\/producto\/buddha-auto-zkitt\/","og_locale":"de_DE","og_type":"article","og_title":"Buddha Auto Zkitt - Buddha Seeds","og_description":"Mit Buddha Auto Zkitt haben wir den Nuancenreichtum dieser beliebten amerikanischen Genetik weiter verbessert. Noten von Beeren, Mango und Grapefruit stechen hervor. Ein Leckerbissen, den Sie zu jeder Tageszeit genie\u00dfen k\u00f6nnen. Diese Sorte erfordert keine \u00fcberm\u00e4\u00dfige Pflege, wodurch sie sowohl f\u00fcr Anf\u00e4nger als auch f\u00fcr Profis geeignet ist. Buddha Auto Zkitt ist sehr widerstandsf\u00e4hig. Um das Beste aus ihr herauszuholen und die Ergebnisse zu maximieren, empfehlen wir den Einsatz von Anbautechniken. Andererseits sollten Sie ihre Ern\u00e4hrung nicht vernachl\u00e4ssigen, denn diese Pflanze ist ein etwas gieriger Esser, insbesondere von Zucker. Buddha Auto Zkitt wird f\u00fcr Sie zu einem echten Vergn\u00fcgen werden, um jeden Tag Ihren sch\u00f6nsten Moment zu erleben.","og_url":"https:\/\/buddhaseedbank.com\/de\/producto\/buddha-auto-zkitt\/","og_site_name":"Buddha Seeds","article_modified_time":"2025-03-27T14:53:55+00:00","og_image":[{"width":1080,"height":1080,"url":"https:\/\/buddhaseedbank.com\/wp-content\/uploads\/2021\/06\/277-Buddha-Auto-Zkitt.jpg","type":"image\/jpeg"}],"twitter_card":"summary_large_image","twitter_misc":{"Gesch\u00e4tzte Lesezeit":"2\u00a0Minuten"},"schema":{"@context":"https:\/\/schema.org","@graph":[{"@type":"WebPage","@id":"https:\/\/buddhaseedbank.com\/de\/producto\/buddha-auto-zkitt\/","url":"https:\/\/buddhaseedbank.com\/de\/producto\/buddha-auto-zkitt\/","name":"Buddha Auto Zkitt - Buddha Seeds","isPartOf":{"@id":"https:\/\/buddhaseedbank.com\/de\/#website"},"primaryImageOfPage":{"@id":"https:\/\/buddhaseedbank.com\/de\/producto\/buddha-auto-zkitt\/#primaryimage"},"image":{"@id":"https:\/\/buddhaseedbank.com\/de\/producto\/buddha-auto-zkitt\/#primaryimage"},"thumbnailUrl":"https:\/\/buddhaseedbank.com\/wp-content\/uploads\/2021\/06\/277-Buddha-Auto-Zkitt.jpg","datePublished":"2021-06-08T13:31:54+00:00","dateModified":"2025-03-27T14:53:55+00:00","breadcrumb":{"@id":"https:\/\/buddhaseedbank.com\/de\/producto\/buddha-auto-zkitt\/#breadcrumb"},"inLanguage":"de","potentialAction":[{"@type":"ReadAction","target":["https:\/\/buddhaseedbank.com\/de\/producto\/buddha-auto-zkitt\/"]}]},{"@type":"ImageObject","inLanguage":"de","@id":"https:\/\/buddhaseedbank.com\/de\/producto\/buddha-auto-zkitt\/#primaryimage","url":"https:\/\/buddhaseedbank.com\/wp-content\/uploads\/2021\/06\/277-Buddha-Auto-Zkitt.jpg","contentUrl":"https:\/\/buddhaseedbank.com\/wp-content\/uploads\/2021\/06\/277-Buddha-Auto-Zkitt.jpg","width":1080,"height":1080,"caption":"Buddha Auto Zkitt"},{"@type":"BreadcrumbList","@id":"https:\/\/buddhaseedbank.com\/de\/producto\/buddha-auto-zkitt\/#breadcrumb","itemListElement":[{"@type":"ListItem","position":1,"name":"Portada","item":"https:\/\/buddhaseedbank.com\/de\/"},{"@type":"ListItem","position":2,"name":"Shop","item":"https:\/\/buddhaseedbank.com\/de\/shop\/"},{"@type":"ListItem","position":3,"name":"Buddha Auto Zkitt"}]},{"@type":"WebSite","@id":"https:\/\/buddhaseedbank.com\/de\/#website","url":"https:\/\/buddhaseedbank.com\/de\/","name":"Buddha Seeds","description":"","publisher":{"@id":"https:\/\/buddhaseedbank.com\/de\/#organization"},"potentialAction":[{"@type":"SearchAction","target":{"@type":"EntryPoint","urlTemplate":"https:\/\/buddhaseedbank.com\/de\/?s={search_term_string}"},"query-input":{"@type":"PropertyValueSpecification","valueRequired":true,"valueName":"search_term_string"}}],"inLanguage":"de"},{"@type":"Organization","@id":"https:\/\/buddhaseedbank.com\/de\/#organization","name":"Buddha Seeds","url":"https:\/\/buddhaseedbank.com\/de\/","logo":{"@type":"ImageObject","inLanguage":"de","@id":"https:\/\/buddhaseedbank.com\/de\/#\/schema\/logo\/image\/","url":"https:\/\/buddhaseedbank.com\/wp-content\/uploads\/2024\/04\/buddha-seeds-logo-1622448424-1.png","contentUrl":"https:\/\/buddhaseedbank.com\/wp-content\/uploads\/2024\/04\/buddha-seeds-logo-1622448424-1.png","width":478,"height":200,"caption":"Buddha Seeds"},"image":{"@id":"https:\/\/buddhaseedbank.com\/de\/#\/schema\/logo\/image\/"}}]}},"_links":{"self":[{"href":"https:\/\/buddhaseedbank.com\/de\/wp-json\/wp\/v2\/product\/6996","targetHints":{"allow":["GET"]}}],"collection":[{"href":"https:\/\/buddhaseedbank.com\/de\/wp-json\/wp\/v2\/product"}],"about":[{"href":"https:\/\/buddhaseedbank.com\/de\/wp-json\/wp\/v2\/types\/product"}],"wp:featuredmedia":[{"embeddable":true,"href":"https:\/\/buddhaseedbank.com\/de\/wp-json\/wp\/v2\/media\/4922"}],"wp:attachment":[{"href":"https:\/\/buddhaseedbank.com\/de\/wp-json\/wp\/v2\/media?parent=6996"}],"wp:term":[{"taxonomy":"product_brand","embeddable":true,"href":"https:\/\/buddhaseedbank.com\/de\/wp-json\/wp\/v2\/product_brand?post=6996"},{"taxonomy":"product_cat","embeddable":true,"href":"https:\/\/buddhaseedbank.com\/de\/wp-json\/wp\/v2\/product_cat?post=6996"},{"taxonomy":"product_tag","embeddable":true,"href":"https:\/\/buddhaseedbank.com\/de\/wp-json\/wp\/v2\/product_tag?post=6996"}],"curies":[{"name":"wp","href":"https:\/\/api.w.org\/{rel}","templated":true}]}}