{"id":7003,"date":"2021-06-08T15:16:27","date_gmt":"2021-06-08T13:16:27","guid":{"rendered":"https:\/\/buddhaseedbank.com\/producto\/buddha-hochzeitskaesekuchen\/"},"modified":"2025-06-13T19:54:40","modified_gmt":"2025-06-13T17:54:40","slug":"buddha-hochzeitskaesekuchen","status":"publish","type":"product","link":"https:\/\/buddhaseedbank.com\/de\/producto\/buddha-hochzeitskaesekuchen\/","title":{"rendered":"Buddha Wedding Cheesecake"},"content":{"rendered":"<p style=\"text-align: justify;\">Authentische amerikanische Backkunst gibt es bei Buddha Seeds. Wir haben den besten Cheesecake auf der Karte, den Sie je probiert haben. Wir von Buddha Seeds haben das Originalrezept verbessert und unser spezielles Hausgeheimnis hinzugef\u00fcgt, um den Buddha Wedding Cheesecake mit jedem Zug unvergesslich zu machen.<\/p>\n<p style=\"text-align: justify;\">Buddha Wedding Cheesecake ist in der Lage, die Zeit w\u00e4hrend der Verkostung anzuhalten, da die Integration der Aromen wirklich aufregend ist. Die vorherrschende Note von cremigem K\u00e4se mit einer Mischung aus s\u00fc\u00dfen Fr\u00fcchten \u00fcberflutet den Gaumen mit einer Vielzahl von Eindr\u00fccken.<\/p>\n<p style=\"text-align: justify;\">Die Aromen sind intensiv und offen gesagt fesselnd. Sie machen sofort Appetit, vor allem f\u00fcr Naschkatzen und Liebhaber von s\u00fc\u00dfen Aromen. Buddha Seeds hat das amerikanische Originalrezept beibehalten, aber ein besonderes Extra hinzugef\u00fcgt, um diese hochwirksame S\u00fc\u00dfigkeit weiterzuentwickeln und Cheese noch mehr gerecht zu werden.<\/p>\n<p style=\"text-align: justify;\">Die Verdauung von Buddha Wedding Cheesecake ist aufgrund der hohen THC-Konzentration perfekt f\u00fcr regelm\u00e4\u00dfige Konsumenten. Die Wirkung ist stark: Sie beginnt mit einem k\u00f6rperlichen Wohlbefinden und geht allm\u00e4hlich zu einer eher zerebralen Empfindung \u00fcber. Diese Sorte ist ideal, um Energie und Inspiration zu tanken.<\/p>\n<p style=\"text-align: justify;\">Buddha Wedding Cheesecake sticht bei der Bl\u00fcte in zweierlei Hinsicht hervor: Geschwindigkeit und Menge. Sie produziert in nur zwei Monaten volumin\u00f6se Bl\u00fcten, die von einer dicken Harzschicht bedeckt sind, die die Rentabilit\u00e4t bei jeder Art von Extraktion beg\u00fcnstigt.<\/p>\n<p style=\"text-align: justify;\">Buddha Wedding Cheesecake ist das Dessert, das ein anspruchsvoller Gaumen immer bevorzugen wird.<\/p>\n<p><iframe title=\"Buddha Weeding Cheesecake\" width=\"800\" height=\"450\" src=\"https:\/\/www.youtube.com\/embed\/TnyQaH8d-_c?feature=oembed&#038;enablejsapi=1&#038;origin=https:\/\/buddhaseedbank.com\" frameborder=\"0\" allow=\"accelerometer; autoplay; clipboard-write; encrypted-media; gyroscope; picture-in-picture; web-share\" referrerpolicy=\"strict-origin-when-cross-origin\" allowfullscreen><\/iframe><\/p>\n","protected":false},"excerpt":{"rendered":"<p style=\"text-align: justify;\">Die Aromen sind intensiv und offen gesagt fesselnd. Sie machen sofort Appetit, vor allem f\u00fcr Naschkatzen und Liebhaber von s\u00fc\u00dfen Aromen. Buddha Seeds hat das amerikanische Originalrezept beibehalten, aber ein besonderes Extra hinzugef\u00fcgt, um diese hochwirksame S\u00fc\u00dfigkeit weiterzuentwickeln und Cheese noch mehr gerecht zu werden.<\/p>\n<p style=\"text-align: justify;\">Die Verdauung von Buddha Wedding Cheesecake ist aufgrund der hohen THC-Konzentration perfekt f\u00fcr regelm\u00e4\u00dfige Konsumenten. Die Wirkung ist stark. Sie beginnt mit einem k\u00f6rperlichen Rausch und geht allm\u00e4hlich in ein eher zerebrales Gef\u00fchl \u00fcber. Diese Sorte ist ideal, um Energie und Inspiration zu tanken.<\/p>\n","protected":false},"featured_media":4892,"template":"","meta":{"_joinchat":[]},"product_brand":[],"product_cat":[732,658],"product_tag":[1428,1393,1480,1391,1407,1195],"class_list":{"0":"post-7003","1":"product","2":"type-product","3":"status-publish","4":"has-post-thumbnail","6":"product_cat-buddha-seeds-sorten","7":"product_cat-usa-collection-strains-de","8":"product_tag-cannabis-indica-de","9":"product_tag-cannabis-mit-starker-wirkung","10":"product_tag-lichtabhaengige-samen","11":"product_tag-produktiv-hanf","12":"product_tag-usa-genetik-samen","13":"product_tag-usa-sammlung-stamme","14":"pa_efecto-es-beginnt-mit-einem-korperlichen-wohlbefinden-und-geht-allmahlich-zu-einem-eher-zerebralen-gefuhl-uber-diese-sorte-ist-ideal-um-energie-und-inspiration-zu-tanken","15":"pa_fa-produccionenexteriorporpl-700-2000-g","16":"pa_genetica-indica-de","17":"pa_mesdecosecha-zweite-septemberhalfte-nordliche-hemisphare-zweite-marzhalfte-sudliche-hemisphare","18":"pa_produccionm-450-650-g","19":"pa_semillas-10-unidades-de","20":"pa_semillas-3-unidades-de","21":"pa_semillas-50-unidades-de","22":"pa_sexo-feminisiert","23":"pa_tiempodefloracion-52-65-tage","24":"pa_tipo-photodependent-de","26":"first","27":"instock","28":"taxable","29":"shipping-taxable","30":"purchasable","31":"product-type-variable"},"yoast_head":"<!-- This site is optimized with the Yoast SEO plugin v27.3 - https:\/\/yoast.com\/product\/yoast-seo-wordpress\/ -->\n<title>Buddha-K\u00e4sekuchen zur Hochzeit - Buddha Seeds<\/title>\n<meta name=\"robots\" content=\"index, follow, max-snippet:-1, max-image-preview:large, max-video-preview:-1\" \/>\n<link rel=\"canonical\" href=\"https:\/\/buddhaseedbank.com\/de\/producto\/buddha-hochzeitskaesekuchen\/\" \/>\n<meta property=\"og:locale\" content=\"de_DE\" \/>\n<meta property=\"og:type\" content=\"article\" \/>\n<meta property=\"og:title\" content=\"Buddha-K\u00e4sekuchen zur Hochzeit - Buddha Seeds\" \/>\n<meta property=\"og:description\" content=\"Die Aromen sind intensiv und offen gesagt fesselnd. Sie machen sofort Appetit, vor allem f\u00fcr Naschkatzen und Liebhaber von s\u00fc\u00dfen Aromen. Buddha Seeds hat das amerikanische Originalrezept beibehalten, aber ein besonderes Extra hinzugef\u00fcgt, um diese hochwirksame S\u00fc\u00dfigkeit weiterzuentwickeln und Cheese noch mehr gerecht zu werden. Die Verdauung von Buddha Wedding Cheesecake ist aufgrund der hohen THC-Konzentration perfekt f\u00fcr regelm\u00e4\u00dfige Konsumenten. Die Wirkung ist stark. Sie beginnt mit einem k\u00f6rperlichen Rausch und geht allm\u00e4hlich in ein eher zerebrales Gef\u00fchl \u00fcber. Diese Sorte ist ideal, um Energie und Inspiration zu tanken.\" \/>\n<meta property=\"og:url\" content=\"https:\/\/buddhaseedbank.com\/de\/producto\/buddha-hochzeitskaesekuchen\/\" \/>\n<meta property=\"og:site_name\" content=\"Buddha Seeds\" \/>\n<meta property=\"article:modified_time\" content=\"2025-06-13T17:54:40+00:00\" \/>\n<meta property=\"og:image\" content=\"https:\/\/buddhaseedbank.com\/wp-content\/uploads\/2021\/06\/274-Buddha-Wedding-Cheesecake.jpg\" \/>\n\t<meta property=\"og:image:width\" content=\"1080\" \/>\n\t<meta property=\"og:image:height\" content=\"1080\" \/>\n\t<meta property=\"og:image:type\" content=\"image\/jpeg\" \/>\n<meta name=\"twitter:card\" content=\"summary_large_image\" \/>\n<meta name=\"twitter:label1\" content=\"Gesch\u00e4tzte Lesezeit\" \/>\n\t<meta name=\"twitter:data1\" content=\"2\u00a0Minuten\" \/>\n<script type=\"application\/ld+json\" class=\"yoast-schema-graph\">{\"@context\":\"https:\\\/\\\/schema.org\",\"@graph\":[{\"@type\":\"WebPage\",\"@id\":\"https:\\\/\\\/buddhaseedbank.com\\\/de\\\/producto\\\/buddha-hochzeitskaesekuchen\\\/\",\"url\":\"https:\\\/\\\/buddhaseedbank.com\\\/de\\\/producto\\\/buddha-hochzeitskaesekuchen\\\/\",\"name\":\"Buddha-K\u00e4sekuchen zur Hochzeit - Buddha Seeds\",\"isPartOf\":{\"@id\":\"https:\\\/\\\/buddhaseedbank.com\\\/de\\\/#website\"},\"primaryImageOfPage\":{\"@id\":\"https:\\\/\\\/buddhaseedbank.com\\\/de\\\/producto\\\/buddha-hochzeitskaesekuchen\\\/#primaryimage\"},\"image\":{\"@id\":\"https:\\\/\\\/buddhaseedbank.com\\\/de\\\/producto\\\/buddha-hochzeitskaesekuchen\\\/#primaryimage\"},\"thumbnailUrl\":\"https:\\\/\\\/buddhaseedbank.com\\\/wp-content\\\/uploads\\\/2021\\\/06\\\/274-Buddha-Wedding-Cheesecake.jpg\",\"datePublished\":\"2021-06-08T13:16:27+00:00\",\"dateModified\":\"2025-06-13T17:54:40+00:00\",\"breadcrumb\":{\"@id\":\"https:\\\/\\\/buddhaseedbank.com\\\/de\\\/producto\\\/buddha-hochzeitskaesekuchen\\\/#breadcrumb\"},\"inLanguage\":\"de\",\"potentialAction\":[{\"@type\":\"ReadAction\",\"target\":[\"https:\\\/\\\/buddhaseedbank.com\\\/de\\\/producto\\\/buddha-hochzeitskaesekuchen\\\/\"]}]},{\"@type\":\"ImageObject\",\"inLanguage\":\"de\",\"@id\":\"https:\\\/\\\/buddhaseedbank.com\\\/de\\\/producto\\\/buddha-hochzeitskaesekuchen\\\/#primaryimage\",\"url\":\"https:\\\/\\\/buddhaseedbank.com\\\/wp-content\\\/uploads\\\/2021\\\/06\\\/274-Buddha-Wedding-Cheesecake.jpg\",\"contentUrl\":\"https:\\\/\\\/buddhaseedbank.com\\\/wp-content\\\/uploads\\\/2021\\\/06\\\/274-Buddha-Wedding-Cheesecake.jpg\",\"width\":1080,\"height\":1080,\"caption\":\"Buddha Hochzeitsk\u00e4sekuchen\"},{\"@type\":\"BreadcrumbList\",\"@id\":\"https:\\\/\\\/buddhaseedbank.com\\\/de\\\/producto\\\/buddha-hochzeitskaesekuchen\\\/#breadcrumb\",\"itemListElement\":[{\"@type\":\"ListItem\",\"position\":1,\"name\":\"Portada\",\"item\":\"https:\\\/\\\/buddhaseedbank.com\\\/de\\\/\"},{\"@type\":\"ListItem\",\"position\":2,\"name\":\"Shop\",\"item\":\"https:\\\/\\\/buddhaseedbank.com\\\/de\\\/shop\\\/\"},{\"@type\":\"ListItem\",\"position\":3,\"name\":\"Buddha Wedding Cheesecake\"}]},{\"@type\":\"WebSite\",\"@id\":\"https:\\\/\\\/buddhaseedbank.com\\\/de\\\/#website\",\"url\":\"https:\\\/\\\/buddhaseedbank.com\\\/de\\\/\",\"name\":\"Buddha Seeds\",\"description\":\"\",\"publisher\":{\"@id\":\"https:\\\/\\\/buddhaseedbank.com\\\/de\\\/#organization\"},\"potentialAction\":[{\"@type\":\"SearchAction\",\"target\":{\"@type\":\"EntryPoint\",\"urlTemplate\":\"https:\\\/\\\/buddhaseedbank.com\\\/de\\\/?s={search_term_string}\"},\"query-input\":{\"@type\":\"PropertyValueSpecification\",\"valueRequired\":true,\"valueName\":\"search_term_string\"}}],\"inLanguage\":\"de\"},{\"@type\":\"Organization\",\"@id\":\"https:\\\/\\\/buddhaseedbank.com\\\/de\\\/#organization\",\"name\":\"Buddha Seeds\",\"url\":\"https:\\\/\\\/buddhaseedbank.com\\\/de\\\/\",\"logo\":{\"@type\":\"ImageObject\",\"inLanguage\":\"de\",\"@id\":\"https:\\\/\\\/buddhaseedbank.com\\\/de\\\/#\\\/schema\\\/logo\\\/image\\\/\",\"url\":\"https:\\\/\\\/buddhaseedbank.com\\\/wp-content\\\/uploads\\\/2024\\\/04\\\/buddha-seeds-logo-1622448424-1.png\",\"contentUrl\":\"https:\\\/\\\/buddhaseedbank.com\\\/wp-content\\\/uploads\\\/2024\\\/04\\\/buddha-seeds-logo-1622448424-1.png\",\"width\":478,\"height\":200,\"caption\":\"Buddha Seeds\"},\"image\":{\"@id\":\"https:\\\/\\\/buddhaseedbank.com\\\/de\\\/#\\\/schema\\\/logo\\\/image\\\/\"}}]}<\/script>\n<!-- \/ Yoast SEO plugin. -->","yoast_head_json":{"title":"Buddha-K\u00e4sekuchen zur Hochzeit - Buddha Seeds","robots":{"index":"index","follow":"follow","max-snippet":"max-snippet:-1","max-image-preview":"max-image-preview:large","max-video-preview":"max-video-preview:-1"},"canonical":"https:\/\/buddhaseedbank.com\/de\/producto\/buddha-hochzeitskaesekuchen\/","og_locale":"de_DE","og_type":"article","og_title":"Buddha-K\u00e4sekuchen zur Hochzeit - Buddha Seeds","og_description":"Die Aromen sind intensiv und offen gesagt fesselnd. Sie machen sofort Appetit, vor allem f\u00fcr Naschkatzen und Liebhaber von s\u00fc\u00dfen Aromen. Buddha Seeds hat das amerikanische Originalrezept beibehalten, aber ein besonderes Extra hinzugef\u00fcgt, um diese hochwirksame S\u00fc\u00dfigkeit weiterzuentwickeln und Cheese noch mehr gerecht zu werden. Die Verdauung von Buddha Wedding Cheesecake ist aufgrund der hohen THC-Konzentration perfekt f\u00fcr regelm\u00e4\u00dfige Konsumenten. Die Wirkung ist stark. Sie beginnt mit einem k\u00f6rperlichen Rausch und geht allm\u00e4hlich in ein eher zerebrales Gef\u00fchl \u00fcber. Diese Sorte ist ideal, um Energie und Inspiration zu tanken.","og_url":"https:\/\/buddhaseedbank.com\/de\/producto\/buddha-hochzeitskaesekuchen\/","og_site_name":"Buddha Seeds","article_modified_time":"2025-06-13T17:54:40+00:00","og_image":[{"width":1080,"height":1080,"url":"https:\/\/buddhaseedbank.com\/wp-content\/uploads\/2021\/06\/274-Buddha-Wedding-Cheesecake.jpg","type":"image\/jpeg"}],"twitter_card":"summary_large_image","twitter_misc":{"Gesch\u00e4tzte Lesezeit":"2\u00a0Minuten"},"schema":{"@context":"https:\/\/schema.org","@graph":[{"@type":"WebPage","@id":"https:\/\/buddhaseedbank.com\/de\/producto\/buddha-hochzeitskaesekuchen\/","url":"https:\/\/buddhaseedbank.com\/de\/producto\/buddha-hochzeitskaesekuchen\/","name":"Buddha-K\u00e4sekuchen zur Hochzeit - Buddha Seeds","isPartOf":{"@id":"https:\/\/buddhaseedbank.com\/de\/#website"},"primaryImageOfPage":{"@id":"https:\/\/buddhaseedbank.com\/de\/producto\/buddha-hochzeitskaesekuchen\/#primaryimage"},"image":{"@id":"https:\/\/buddhaseedbank.com\/de\/producto\/buddha-hochzeitskaesekuchen\/#primaryimage"},"thumbnailUrl":"https:\/\/buddhaseedbank.com\/wp-content\/uploads\/2021\/06\/274-Buddha-Wedding-Cheesecake.jpg","datePublished":"2021-06-08T13:16:27+00:00","dateModified":"2025-06-13T17:54:40+00:00","breadcrumb":{"@id":"https:\/\/buddhaseedbank.com\/de\/producto\/buddha-hochzeitskaesekuchen\/#breadcrumb"},"inLanguage":"de","potentialAction":[{"@type":"ReadAction","target":["https:\/\/buddhaseedbank.com\/de\/producto\/buddha-hochzeitskaesekuchen\/"]}]},{"@type":"ImageObject","inLanguage":"de","@id":"https:\/\/buddhaseedbank.com\/de\/producto\/buddha-hochzeitskaesekuchen\/#primaryimage","url":"https:\/\/buddhaseedbank.com\/wp-content\/uploads\/2021\/06\/274-Buddha-Wedding-Cheesecake.jpg","contentUrl":"https:\/\/buddhaseedbank.com\/wp-content\/uploads\/2021\/06\/274-Buddha-Wedding-Cheesecake.jpg","width":1080,"height":1080,"caption":"Buddha Hochzeitsk\u00e4sekuchen"},{"@type":"BreadcrumbList","@id":"https:\/\/buddhaseedbank.com\/de\/producto\/buddha-hochzeitskaesekuchen\/#breadcrumb","itemListElement":[{"@type":"ListItem","position":1,"name":"Portada","item":"https:\/\/buddhaseedbank.com\/de\/"},{"@type":"ListItem","position":2,"name":"Shop","item":"https:\/\/buddhaseedbank.com\/de\/shop\/"},{"@type":"ListItem","position":3,"name":"Buddha Wedding Cheesecake"}]},{"@type":"WebSite","@id":"https:\/\/buddhaseedbank.com\/de\/#website","url":"https:\/\/buddhaseedbank.com\/de\/","name":"Buddha Seeds","description":"","publisher":{"@id":"https:\/\/buddhaseedbank.com\/de\/#organization"},"potentialAction":[{"@type":"SearchAction","target":{"@type":"EntryPoint","urlTemplate":"https:\/\/buddhaseedbank.com\/de\/?s={search_term_string}"},"query-input":{"@type":"PropertyValueSpecification","valueRequired":true,"valueName":"search_term_string"}}],"inLanguage":"de"},{"@type":"Organization","@id":"https:\/\/buddhaseedbank.com\/de\/#organization","name":"Buddha Seeds","url":"https:\/\/buddhaseedbank.com\/de\/","logo":{"@type":"ImageObject","inLanguage":"de","@id":"https:\/\/buddhaseedbank.com\/de\/#\/schema\/logo\/image\/","url":"https:\/\/buddhaseedbank.com\/wp-content\/uploads\/2024\/04\/buddha-seeds-logo-1622448424-1.png","contentUrl":"https:\/\/buddhaseedbank.com\/wp-content\/uploads\/2024\/04\/buddha-seeds-logo-1622448424-1.png","width":478,"height":200,"caption":"Buddha Seeds"},"image":{"@id":"https:\/\/buddhaseedbank.com\/de\/#\/schema\/logo\/image\/"}}]}},"_links":{"self":[{"href":"https:\/\/buddhaseedbank.com\/de\/wp-json\/wp\/v2\/product\/7003","targetHints":{"allow":["GET"]}}],"collection":[{"href":"https:\/\/buddhaseedbank.com\/de\/wp-json\/wp\/v2\/product"}],"about":[{"href":"https:\/\/buddhaseedbank.com\/de\/wp-json\/wp\/v2\/types\/product"}],"wp:featuredmedia":[{"embeddable":true,"href":"https:\/\/buddhaseedbank.com\/de\/wp-json\/wp\/v2\/media\/4892"}],"wp:attachment":[{"href":"https:\/\/buddhaseedbank.com\/de\/wp-json\/wp\/v2\/media?parent=7003"}],"wp:term":[{"taxonomy":"product_brand","embeddable":true,"href":"https:\/\/buddhaseedbank.com\/de\/wp-json\/wp\/v2\/product_brand?post=7003"},{"taxonomy":"product_cat","embeddable":true,"href":"https:\/\/buddhaseedbank.com\/de\/wp-json\/wp\/v2\/product_cat?post=7003"},{"taxonomy":"product_tag","embeddable":true,"href":"https:\/\/buddhaseedbank.com\/de\/wp-json\/wp\/v2\/product_tag?post=7003"}],"curies":[{"name":"wp","href":"https:\/\/api.w.org\/{rel}","templated":true}]}}