{"id":7008,"date":"2021-06-08T14:59:08","date_gmt":"2021-06-08T12:59:08","guid":{"rendered":"https:\/\/buddhaseedbank.com\/producto\/buddha-auto-tangie\/"},"modified":"2026-03-18T19:43:13","modified_gmt":"2026-03-18T18:43:13","slug":"buddha-auto-tangie","status":"publish","type":"product","link":"https:\/\/buddhaseedbank.com\/de\/producto\/buddha-auto-tangie\/","title":{"rendered":"Buddha Auto Tangie"},"content":{"rendered":"<p style=\"text-align: justify;\">Ein Hauch von neuen Eindr\u00fccken f\u00fcr die Sinne, ein Tornado von Aromen und Geschmacksrichtungen, die sofort erobern. Das ist Buddha Auto Tangie: Es ist eine Pflanze, in deren Geruch, Geschmack und Anblick sich diejenigen verlieben, die sie kennen. Die Orangen-Zitrus-Aromen sind intensiv, der s\u00fc\u00dfe Geschmack ist au\u00dfergew\u00f6hnlich und das Aussehen der Bl\u00fcte ist leuchtend.<\/p>\n<p style=\"text-align: justify;\">Wir von Buddha Seeds wollten in unserer Tangie Autoflowering die Essenz einfangen, die den amerikanischen Zitrusgeschmack kennzeichnet. Das orangefarbene Aroma dieser Sorte l\u00e4dt dazu ein, sie zu zerdr\u00fccken und bei jedem Fr\u00fchst\u00fcck zu genie\u00dfen.<\/p>\n<p style=\"text-align: justify;\">Buddha Auto Tangie ist ein echtes Erlebnis: reiner Orangen- und Mandarinengeschmack. Es scheint unglaublich zu sein, aber es zeichnet sich durch seine Aromen aus, die sich v\u00f6llig von den \u00fcblichen Zitrussorten auf dem Markt unterscheiden. Einige Ph\u00e4notypen haben Grapefruitnoten, die lange am Gaumen verweilen, sowie eine breite Palette von Zitrusnoten, die die Pers\u00f6nlichkeit von Buddha Auto Tangie hervorheben.<\/p>\n<p style=\"text-align: justify;\">Ein &#8218;Vitaminschub&#8216; f\u00fcr Ihren Alltag, ein amerikanisches Parf\u00fcm der <em>Spitzenklasse<\/em>, das alles, was es ber\u00fchrt, mit Duft impr\u00e4gniert. Ein Aroma, das die Herkunft treffend wiedergibt.<\/p>\n<p style=\"text-align: justify;\">Das Team von Buddha Seeds hat ein hervorragendes Endergebnis bei den Terpenen erzielt, das sehr gut an die aktuellen Anforderungen der Verbraucher angepasst ist. Buddha Auto Tangie zaubert auch ein L\u00e4cheln auf das Gesicht derer, die es probieren.<\/p>\n<p style=\"text-align: justify;\">Buddha Auto Tangie von Buddha Seeds zeichnet sich trotz ihres hohen Sativa-Anteils durch ihre kurze Wachstumszeit aus. Im Allgemeinen ist diese Sorte pflegeleicht, obwohl es w\u00e4hrend der Bl\u00fctezeit ratsam ist, den Einsatz von Makron\u00e4hrstoffen zu erh\u00f6hen, damit Sie buchst\u00e4blich an ihr kleben bleiben. Sie k\u00f6nnen sicher sein, dass Buddha Tangie Sie angenehm zufrieden stellen wird.<\/p>\n<p style=\"text-align: justify;\"><a style=\"background-color: #ff0000; color: #ffffff;\" href=\"https:\/\/www.youtube.com\/watch?v=DC-J0fXks1M\" target=\"_blank\" rel=\"noreferrer noopener nofollow\">YOUTUBE \u25ba<\/a><\/p>\n","protected":false},"excerpt":{"rendered":"<p style=\"text-align: justify;\">Buddha Auto Tangie ist ein echtes Erlebnis: reiner Orangen- und Mandarinengeschmack. Es scheint unglaublich zu sein, aber es zeichnet sich durch seine Aromen aus, die sich v\u00f6llig von den \u00fcblichen Zitrussorten auf dem Markt unterscheiden. Einige Ph\u00e4notypen haben Grapefruitnoten, die lange am Gaumen verweilen, sowie eine breite Palette von Zitrusnoten, die die Pers\u00f6nlichkeit von Buddha Auto Tangie hervorheben.<\/p>\n<p style=\"text-align: justify;\">Das Team von Buddha Seeds hat ein hervorragendes Endergebnis bei den Terpenen erzielt, das sehr gut an die aktuellen Anforderungen der Verbraucher angepasst ist. Buddha Auto Tangie zaubert auch ein L\u00e4cheln auf das Gesicht derer, die es probieren.<\/p>\n","protected":false},"featured_media":4857,"template":"","meta":{"_joinchat":[]},"product_brand":[],"product_cat":[732,658],"product_tag":[1151,1386,1460,1436,1399,1407,1195],"class_list":{"0":"post-7008","1":"product","2":"type-product","3":"status-publish","4":"has-post-thumbnail","6":"product_cat-buddha-seeds-sorten","7":"product_cat-usa-collection-strains-de","8":"product_tag-autoflowering-cannabis-samen","9":"product_tag-autoflowering-sativa","10":"product_tag-cannabis-sativa-de","11":"product_tag-produktive-selbstbluehende-pflanzen","12":"product_tag-produktives-selbstbluehendes-cannabis","13":"product_tag-usa-genetik-samen","14":"product_tag-usa-sammlung-stamme","15":"pa_8d-tiempodecultivocrecimient-70-75-tage","16":"pa_efecto-ein-vitaminschub-fur-ihr-tagliches-leben-sehr-energiegeladen-gute-stimmung-mit-ihren-freunden-anregendes-lachen","17":"pa_fa-produccionenexteriorporpl-60-250-g","18":"pa_genetica-sativa-de","19":"pa_produccionm-400-550-g","20":"pa_semillas-10-unidades-de","21":"pa_semillas-3-unidades-de","22":"pa_semillas-50-unidades-de","23":"pa_sexo-feminisiert","24":"pa_tipo-autoflowering-de","26":"first","27":"instock","28":"taxable","29":"shipping-taxable","30":"purchasable","31":"product-type-variable"},"yoast_head":"<!-- This site is optimized with the Yoast SEO plugin v27.3 - https:\/\/yoast.com\/product\/yoast-seo-wordpress\/ -->\n<title>Buddha Auto Tangie - Buddha Seeds<\/title>\n<meta name=\"robots\" content=\"index, follow, max-snippet:-1, max-image-preview:large, max-video-preview:-1\" \/>\n<link rel=\"canonical\" href=\"https:\/\/buddhaseedbank.com\/de\/producto\/buddha-auto-tangie\/\" \/>\n<meta property=\"og:locale\" content=\"de_DE\" \/>\n<meta property=\"og:type\" content=\"article\" \/>\n<meta property=\"og:title\" content=\"Buddha Auto Tangie - Buddha Seeds\" \/>\n<meta property=\"og:description\" content=\"Buddha Auto Tangie ist ein echtes Erlebnis: reiner Orangen- und Mandarinengeschmack. Es scheint unglaublich zu sein, aber es zeichnet sich durch seine Aromen aus, die sich v\u00f6llig von den \u00fcblichen Zitrussorten auf dem Markt unterscheiden. Einige Ph\u00e4notypen haben Grapefruitnoten, die lange am Gaumen verweilen, sowie eine breite Palette von Zitrusnoten, die die Pers\u00f6nlichkeit von Buddha Auto Tangie hervorheben. Das Team von Buddha Seeds hat ein hervorragendes Endergebnis bei den Terpenen erzielt, das sehr gut an die aktuellen Anforderungen der Verbraucher angepasst ist. Buddha Auto Tangie zaubert auch ein L\u00e4cheln auf das Gesicht derer, die es probieren.\" \/>\n<meta property=\"og:url\" content=\"https:\/\/buddhaseedbank.com\/de\/producto\/buddha-auto-tangie\/\" \/>\n<meta property=\"og:site_name\" content=\"Buddha Seeds\" \/>\n<meta property=\"article:modified_time\" content=\"2026-03-18T18:43:13+00:00\" \/>\n<meta property=\"og:image\" content=\"https:\/\/buddhaseedbank.com\/wp-content\/uploads\/2021\/06\/271-Buddha-Auto-Tangie.jpg\" \/>\n\t<meta property=\"og:image:width\" content=\"1080\" \/>\n\t<meta property=\"og:image:height\" content=\"1080\" \/>\n\t<meta property=\"og:image:type\" content=\"image\/jpeg\" \/>\n<meta name=\"twitter:card\" content=\"summary_large_image\" \/>\n<meta name=\"twitter:label1\" content=\"Gesch\u00e4tzte Lesezeit\" \/>\n\t<meta name=\"twitter:data1\" content=\"1\u00a0Minute\" \/>\n<script type=\"application\/ld+json\" class=\"yoast-schema-graph\">{\"@context\":\"https:\\\/\\\/schema.org\",\"@graph\":[{\"@type\":\"WebPage\",\"@id\":\"https:\\\/\\\/buddhaseedbank.com\\\/de\\\/producto\\\/buddha-auto-tangie\\\/\",\"url\":\"https:\\\/\\\/buddhaseedbank.com\\\/de\\\/producto\\\/buddha-auto-tangie\\\/\",\"name\":\"Buddha Auto Tangie - Buddha Seeds\",\"isPartOf\":{\"@id\":\"https:\\\/\\\/buddhaseedbank.com\\\/de\\\/#website\"},\"primaryImageOfPage\":{\"@id\":\"https:\\\/\\\/buddhaseedbank.com\\\/de\\\/producto\\\/buddha-auto-tangie\\\/#primaryimage\"},\"image\":{\"@id\":\"https:\\\/\\\/buddhaseedbank.com\\\/de\\\/producto\\\/buddha-auto-tangie\\\/#primaryimage\"},\"thumbnailUrl\":\"https:\\\/\\\/buddhaseedbank.com\\\/wp-content\\\/uploads\\\/2021\\\/06\\\/271-Buddha-Auto-Tangie.jpg\",\"datePublished\":\"2021-06-08T12:59:08+00:00\",\"dateModified\":\"2026-03-18T18:43:13+00:00\",\"breadcrumb\":{\"@id\":\"https:\\\/\\\/buddhaseedbank.com\\\/de\\\/producto\\\/buddha-auto-tangie\\\/#breadcrumb\"},\"inLanguage\":\"de\",\"potentialAction\":[{\"@type\":\"ReadAction\",\"target\":[\"https:\\\/\\\/buddhaseedbank.com\\\/de\\\/producto\\\/buddha-auto-tangie\\\/\"]}]},{\"@type\":\"ImageObject\",\"inLanguage\":\"de\",\"@id\":\"https:\\\/\\\/buddhaseedbank.com\\\/de\\\/producto\\\/buddha-auto-tangie\\\/#primaryimage\",\"url\":\"https:\\\/\\\/buddhaseedbank.com\\\/wp-content\\\/uploads\\\/2021\\\/06\\\/271-Buddha-Auto-Tangie.jpg\",\"contentUrl\":\"https:\\\/\\\/buddhaseedbank.com\\\/wp-content\\\/uploads\\\/2021\\\/06\\\/271-Buddha-Auto-Tangie.jpg\",\"width\":1080,\"height\":1080,\"caption\":\"Buddha Auto Tangie\"},{\"@type\":\"BreadcrumbList\",\"@id\":\"https:\\\/\\\/buddhaseedbank.com\\\/de\\\/producto\\\/buddha-auto-tangie\\\/#breadcrumb\",\"itemListElement\":[{\"@type\":\"ListItem\",\"position\":1,\"name\":\"Portada\",\"item\":\"https:\\\/\\\/buddhaseedbank.com\\\/de\\\/\"},{\"@type\":\"ListItem\",\"position\":2,\"name\":\"Shop\",\"item\":\"https:\\\/\\\/buddhaseedbank.com\\\/de\\\/shop\\\/\"},{\"@type\":\"ListItem\",\"position\":3,\"name\":\"Buddha Auto Tangie\"}]},{\"@type\":\"WebSite\",\"@id\":\"https:\\\/\\\/buddhaseedbank.com\\\/de\\\/#website\",\"url\":\"https:\\\/\\\/buddhaseedbank.com\\\/de\\\/\",\"name\":\"Buddha Seeds\",\"description\":\"\",\"publisher\":{\"@id\":\"https:\\\/\\\/buddhaseedbank.com\\\/de\\\/#organization\"},\"potentialAction\":[{\"@type\":\"SearchAction\",\"target\":{\"@type\":\"EntryPoint\",\"urlTemplate\":\"https:\\\/\\\/buddhaseedbank.com\\\/de\\\/?s={search_term_string}\"},\"query-input\":{\"@type\":\"PropertyValueSpecification\",\"valueRequired\":true,\"valueName\":\"search_term_string\"}}],\"inLanguage\":\"de\"},{\"@type\":\"Organization\",\"@id\":\"https:\\\/\\\/buddhaseedbank.com\\\/de\\\/#organization\",\"name\":\"Buddha Seeds\",\"url\":\"https:\\\/\\\/buddhaseedbank.com\\\/de\\\/\",\"logo\":{\"@type\":\"ImageObject\",\"inLanguage\":\"de\",\"@id\":\"https:\\\/\\\/buddhaseedbank.com\\\/de\\\/#\\\/schema\\\/logo\\\/image\\\/\",\"url\":\"https:\\\/\\\/buddhaseedbank.com\\\/wp-content\\\/uploads\\\/2024\\\/04\\\/buddha-seeds-logo-1622448424-1.png\",\"contentUrl\":\"https:\\\/\\\/buddhaseedbank.com\\\/wp-content\\\/uploads\\\/2024\\\/04\\\/buddha-seeds-logo-1622448424-1.png\",\"width\":478,\"height\":200,\"caption\":\"Buddha Seeds\"},\"image\":{\"@id\":\"https:\\\/\\\/buddhaseedbank.com\\\/de\\\/#\\\/schema\\\/logo\\\/image\\\/\"}}]}<\/script>\n<!-- \/ Yoast SEO plugin. -->","yoast_head_json":{"title":"Buddha Auto Tangie - Buddha Seeds","robots":{"index":"index","follow":"follow","max-snippet":"max-snippet:-1","max-image-preview":"max-image-preview:large","max-video-preview":"max-video-preview:-1"},"canonical":"https:\/\/buddhaseedbank.com\/de\/producto\/buddha-auto-tangie\/","og_locale":"de_DE","og_type":"article","og_title":"Buddha Auto Tangie - Buddha Seeds","og_description":"Buddha Auto Tangie ist ein echtes Erlebnis: reiner Orangen- und Mandarinengeschmack. Es scheint unglaublich zu sein, aber es zeichnet sich durch seine Aromen aus, die sich v\u00f6llig von den \u00fcblichen Zitrussorten auf dem Markt unterscheiden. Einige Ph\u00e4notypen haben Grapefruitnoten, die lange am Gaumen verweilen, sowie eine breite Palette von Zitrusnoten, die die Pers\u00f6nlichkeit von Buddha Auto Tangie hervorheben. Das Team von Buddha Seeds hat ein hervorragendes Endergebnis bei den Terpenen erzielt, das sehr gut an die aktuellen Anforderungen der Verbraucher angepasst ist. Buddha Auto Tangie zaubert auch ein L\u00e4cheln auf das Gesicht derer, die es probieren.","og_url":"https:\/\/buddhaseedbank.com\/de\/producto\/buddha-auto-tangie\/","og_site_name":"Buddha Seeds","article_modified_time":"2026-03-18T18:43:13+00:00","og_image":[{"width":1080,"height":1080,"url":"https:\/\/buddhaseedbank.com\/wp-content\/uploads\/2021\/06\/271-Buddha-Auto-Tangie.jpg","type":"image\/jpeg"}],"twitter_card":"summary_large_image","twitter_misc":{"Gesch\u00e4tzte Lesezeit":"1\u00a0Minute"},"schema":{"@context":"https:\/\/schema.org","@graph":[{"@type":"WebPage","@id":"https:\/\/buddhaseedbank.com\/de\/producto\/buddha-auto-tangie\/","url":"https:\/\/buddhaseedbank.com\/de\/producto\/buddha-auto-tangie\/","name":"Buddha Auto Tangie - Buddha Seeds","isPartOf":{"@id":"https:\/\/buddhaseedbank.com\/de\/#website"},"primaryImageOfPage":{"@id":"https:\/\/buddhaseedbank.com\/de\/producto\/buddha-auto-tangie\/#primaryimage"},"image":{"@id":"https:\/\/buddhaseedbank.com\/de\/producto\/buddha-auto-tangie\/#primaryimage"},"thumbnailUrl":"https:\/\/buddhaseedbank.com\/wp-content\/uploads\/2021\/06\/271-Buddha-Auto-Tangie.jpg","datePublished":"2021-06-08T12:59:08+00:00","dateModified":"2026-03-18T18:43:13+00:00","breadcrumb":{"@id":"https:\/\/buddhaseedbank.com\/de\/producto\/buddha-auto-tangie\/#breadcrumb"},"inLanguage":"de","potentialAction":[{"@type":"ReadAction","target":["https:\/\/buddhaseedbank.com\/de\/producto\/buddha-auto-tangie\/"]}]},{"@type":"ImageObject","inLanguage":"de","@id":"https:\/\/buddhaseedbank.com\/de\/producto\/buddha-auto-tangie\/#primaryimage","url":"https:\/\/buddhaseedbank.com\/wp-content\/uploads\/2021\/06\/271-Buddha-Auto-Tangie.jpg","contentUrl":"https:\/\/buddhaseedbank.com\/wp-content\/uploads\/2021\/06\/271-Buddha-Auto-Tangie.jpg","width":1080,"height":1080,"caption":"Buddha Auto Tangie"},{"@type":"BreadcrumbList","@id":"https:\/\/buddhaseedbank.com\/de\/producto\/buddha-auto-tangie\/#breadcrumb","itemListElement":[{"@type":"ListItem","position":1,"name":"Portada","item":"https:\/\/buddhaseedbank.com\/de\/"},{"@type":"ListItem","position":2,"name":"Shop","item":"https:\/\/buddhaseedbank.com\/de\/shop\/"},{"@type":"ListItem","position":3,"name":"Buddha Auto Tangie"}]},{"@type":"WebSite","@id":"https:\/\/buddhaseedbank.com\/de\/#website","url":"https:\/\/buddhaseedbank.com\/de\/","name":"Buddha Seeds","description":"","publisher":{"@id":"https:\/\/buddhaseedbank.com\/de\/#organization"},"potentialAction":[{"@type":"SearchAction","target":{"@type":"EntryPoint","urlTemplate":"https:\/\/buddhaseedbank.com\/de\/?s={search_term_string}"},"query-input":{"@type":"PropertyValueSpecification","valueRequired":true,"valueName":"search_term_string"}}],"inLanguage":"de"},{"@type":"Organization","@id":"https:\/\/buddhaseedbank.com\/de\/#organization","name":"Buddha Seeds","url":"https:\/\/buddhaseedbank.com\/de\/","logo":{"@type":"ImageObject","inLanguage":"de","@id":"https:\/\/buddhaseedbank.com\/de\/#\/schema\/logo\/image\/","url":"https:\/\/buddhaseedbank.com\/wp-content\/uploads\/2024\/04\/buddha-seeds-logo-1622448424-1.png","contentUrl":"https:\/\/buddhaseedbank.com\/wp-content\/uploads\/2024\/04\/buddha-seeds-logo-1622448424-1.png","width":478,"height":200,"caption":"Buddha Seeds"},"image":{"@id":"https:\/\/buddhaseedbank.com\/de\/#\/schema\/logo\/image\/"}}]}},"_links":{"self":[{"href":"https:\/\/buddhaseedbank.com\/de\/wp-json\/wp\/v2\/product\/7008","targetHints":{"allow":["GET"]}}],"collection":[{"href":"https:\/\/buddhaseedbank.com\/de\/wp-json\/wp\/v2\/product"}],"about":[{"href":"https:\/\/buddhaseedbank.com\/de\/wp-json\/wp\/v2\/types\/product"}],"wp:featuredmedia":[{"embeddable":true,"href":"https:\/\/buddhaseedbank.com\/de\/wp-json\/wp\/v2\/media\/4857"}],"wp:attachment":[{"href":"https:\/\/buddhaseedbank.com\/de\/wp-json\/wp\/v2\/media?parent=7008"}],"wp:term":[{"taxonomy":"product_brand","embeddable":true,"href":"https:\/\/buddhaseedbank.com\/de\/wp-json\/wp\/v2\/product_brand?post=7008"},{"taxonomy":"product_cat","embeddable":true,"href":"https:\/\/buddhaseedbank.com\/de\/wp-json\/wp\/v2\/product_cat?post=7008"},{"taxonomy":"product_tag","embeddable":true,"href":"https:\/\/buddhaseedbank.com\/de\/wp-json\/wp\/v2\/product_tag?post=7008"}],"curies":[{"name":"wp","href":"https:\/\/api.w.org\/{rel}","templated":true}]}}