{"id":7013,"date":"2021-06-08T14:00:56","date_gmt":"2021-06-08T12:00:56","guid":{"rendered":"https:\/\/buddhaseedbank.com\/producto\/gorilla-auto\/"},"modified":"2025-10-27T16:09:53","modified_gmt":"2025-10-27T15:09:53","slug":"gorilla-auto","status":"publish","type":"product","link":"https:\/\/buddhaseedbank.com\/de\/producto\/gorilla-auto\/","title":{"rendered":"Gorila Auto"},"content":{"rendered":"<p style=\"text-align: justify;\">Wenn Sie dachten, dass Sie nichts in der ersten Runde umhauen kann, dann warten Sie, bis Sie Gorila Autoflowering ausprobieren, Buddha Seeds&#8216; eigene Version der bekannten American Gorila Glue, die direkt kommt, um die st\u00e4rkste Genetik auf dem Markt zu entthronen. Machen Sie sich bereit, die Drehzahl hochzudrehen und den harten &#8222;Schlag&#8220; dieses Cannabis-Biestes zu sp\u00fcren.<\/p>\n<p style=\"text-align: justify;\">Wir von Buddha Seeds haben uns dieser gro\u00dfen Herausforderung gestellt, um eine Sorte von extremer Potenz zu entwickeln und dem Konsumenten ein Erlebnis auf h\u00f6chstem Niveau zu bieten. Wir waren uns bewusst, dass dies keine leichte Aufgabe sein w\u00fcrde, aber wir k\u00f6nnen sagen, dass wir mit dem Ergebnis sehr zufrieden sind.<\/p>\n<p style=\"text-align: justify;\">Wir stellen Ihnen Gorila Auto vor, eine ungeheuer &#8222;tierische&#8220; Sorte, sowohl in der Produktion als auch in der Wirkung. Passen Sie auf die Schl\u00e4ge dieses Hengstes auf, denn er macht keine halben Sachen. Schon ein paar Z\u00fcge reichen aus, um Sie auf der Couch bewegungsunf\u00e4hig zu machen. Ihr hoher THC-Gehalt im reinsten Stil der amerikanischen Genetik wird Sie in der ersten &#8222;Runde&#8220; umhauen. Es ist also kein Wunder, dass diese autoflowering Sorte Ihr Verb\u00fcndeter bei schlaflosen N\u00e4chten, K\u00f6rperschmerzen oder einem stressigen Tag ist.<\/p>\n<p style=\"text-align: justify;\">Und wenn die Wirkung stark ist, sind auch die Ertr\u00e4ge hoch. Warten Sie, bis Sie sehen, wie Ihre H\u00e4nde an den riesigen Knospen kleben bleiben, weil sie eine enorme Menge an Trichomen erzeugen. Gorilla Auto ist reines Harz und \u00fcberzieht Ihre Pflanze mit einem strahlend wei\u00dfen Mantel.<\/p>\n<p style=\"text-align: justify;\">Verglichen mit der schieren Menge der Ernte erfordert der Anbau sehr wenig Sorgfalt. Dies ist ein Hengst der Produktivit\u00e4t. Wir werden uns nicht zu weit aus dem Fenster lehnen, wenn wir sagen, dass der Ertrag von Gorilla Auto von Buddha Seeds sehr hoch ist; ein echter Ma\u00dfstabssprenger, sowohl drinnen als auch drau\u00dfen. Es ist jedoch eine hungrige Sorte, die viel Nahrung ben\u00f6tigt.<\/p>\n<p style=\"text-align: justify;\">Weitere Vorteile sind die Widerstandsf\u00e4higkeit gegen Krankheiten, das kalte Klima und eine hohe Toleranz gegen\u00fcber Schnitt- und Anbautechniken.<\/p>\n<p style=\"text-align: justify;\">Was den Geschmack betrifft, so ist Gorilla Auto reich an Terpenen und ihr Aroma vermischt sich mit Zitrus- und Piniennoten. All dies ist in erdige Noten geh\u00fcllt, die sehr charakteristisch f\u00fcr amerikanische Linien sind. Einige der Ph\u00e4notypen entwickeln Schokoladennoten, die ihren dichten Rauchgeschmack neben den anderen Nuancen perfekt machen.<\/p>\n<p style=\"text-align: justify;\">Bei all dem k\u00f6nnen wir Sie nur bitten, bei Ihrer n\u00e4chsten Ernte einen Platz f\u00fcr diese Delikatesse und dieses Cannabis-Tier zu reservieren.<\/p>\n<p style=\"text-align: justify;\"><a style=\"background-color: #ff0000; color: #ffffff;\" href=\"https:\/\/www.youtube.com\/watch?v=cfogeU3ej0Y\" target=\"_blank\" rel=\"noreferrer noopener nofollow\">YOUTUBE \u25ba<\/a><\/p>\n","protected":false},"excerpt":{"rendered":"<p style=\"text-align: justify;\">Gorila Autoflowering von Buddha Seeds ist eine ungeheuer &#8222;tierische&#8220; Sorte, sowohl in der Produktion als auch in der Wirkung. Passen Sie auf die Schl\u00e4ge dieses Hengstes auf, denn er macht keine halben Sachen. Schon ein paar Z\u00fcge reichen aus, um Sie auf der Couch bewegungsunf\u00e4hig zu machen. Ihr hoher THC-Gehalt im reinsten Stil der amerikanischen Genetik wird Sie in der ersten &#8222;Runde&#8220; umhauen.<\/p>\n<p style=\"text-align: justify;\">Und wenn die Wirkung stark ist, sind auch die Ertr\u00e4ge hoch. Warten Sie, bis Sie sehen, wie Ihre H\u00e4nde an den riesigen Knospen kleben bleiben, weil sie eine enorme Menge an Trichomen erzeugen. Gorilla Autoflowering ist reines Harz und wird Ihre Pflanze mit einem strahlend wei\u00dfen Mantel \u00fcberziehen.<\/p>\n<p style=\"text-align: justify;\">Verglichen mit der schieren Menge der Ernte erfordert der Anbau sehr wenig Sorgfalt. Dies ist ein Hengst der Produktivit\u00e4t.<\/p>\n","protected":false},"featured_media":4822,"template":"","meta":{"_joinchat":[]},"product_brand":[],"product_cat":[732,658],"product_tag":[1151,1735,1451,1393,1485,1436,1399,1407,1195],"class_list":{"0":"post-7013","1":"product","2":"type-product","3":"status-publish","4":"has-post-thumbnail","6":"product_cat-buddha-seeds-sorten","7":"product_cat-usa-collection-strains-de","8":"product_tag-autoflowering-cannabis-samen","9":"product_tag-bestseller","10":"product_tag-cannabis-gegen-aengste-stress","11":"product_tag-cannabis-mit-starker-wirkung","12":"product_tag-produktive-autoflower","13":"product_tag-produktive-selbstbluehende-pflanzen","14":"product_tag-produktives-selbstbluehendes-cannabis","15":"product_tag-usa-genetik-samen","16":"product_tag-usa-sammlung-stamme","17":"pa_8d-tiempodecultivocrecimient-70-tage","18":"pa_efecto-kraftvoll","19":"pa_fa-produccionenexteriorporpl-70-350-g","20":"pa_genetica-indica-de","21":"pa_produccionm-450-650-g","22":"pa_semillas-10-unidades-de","23":"pa_semillas-3-unidades-de","24":"pa_semillas-50-unidades-de","25":"pa_sexo-feminisiert","26":"pa_tipo-autoflowering-de","28":"first","29":"instock","30":"taxable","31":"shipping-taxable","32":"purchasable","33":"product-type-variable"},"yoast_head":"<!-- This site is optimized with the Yoast SEO plugin v27.3 - https:\/\/yoast.com\/product\/yoast-seo-wordpress\/ -->\n<title>Gorilla Autoflowering - Buddha Seeds<\/title>\n<meta name=\"description\" content=\"Gorilla ist die tierischste Sorte der Buddha Seeds Samenbank. Wenn Sie dachten, Sie h\u00e4tten schon alles gesehen, lassen Sie sich von diesem Hengst verf\u00fchren, der Sie an die Couch fesseln wird.\" \/>\n<meta name=\"robots\" content=\"index, follow, max-snippet:-1, max-image-preview:large, max-video-preview:-1\" \/>\n<link rel=\"canonical\" href=\"https:\/\/buddhaseedbank.com\/de\/producto\/gorilla-auto\/\" \/>\n<meta property=\"og:locale\" content=\"de_DE\" \/>\n<meta property=\"og:type\" content=\"article\" \/>\n<meta property=\"og:title\" content=\"Gorilla Autoflowering - Buddha Seeds\" \/>\n<meta property=\"og:description\" content=\"Gorilla ist die tierischste Sorte der Buddha Seeds Samenbank. Wenn Sie dachten, Sie h\u00e4tten schon alles gesehen, lassen Sie sich von diesem Hengst verf\u00fchren, der Sie an die Couch fesseln wird.\" \/>\n<meta property=\"og:url\" content=\"https:\/\/buddhaseedbank.com\/de\/producto\/gorilla-auto\/\" \/>\n<meta property=\"og:site_name\" content=\"Buddha Seeds\" \/>\n<meta property=\"article:modified_time\" content=\"2025-10-27T15:09:53+00:00\" \/>\n<meta property=\"og:image\" content=\"https:\/\/buddhaseedbank.com\/wp-content\/uploads\/2021\/06\/268-Auto-Gorila.jpg\" \/>\n\t<meta property=\"og:image:width\" content=\"1080\" \/>\n\t<meta property=\"og:image:height\" content=\"1080\" \/>\n\t<meta property=\"og:image:type\" content=\"image\/jpeg\" \/>\n<meta name=\"twitter:card\" content=\"summary_large_image\" \/>\n<meta name=\"twitter:label1\" content=\"Gesch\u00e4tzte Lesezeit\" \/>\n\t<meta name=\"twitter:data1\" content=\"2\u00a0Minuten\" \/>\n<script type=\"application\/ld+json\" class=\"yoast-schema-graph\">{\"@context\":\"https:\\\/\\\/schema.org\",\"@graph\":[{\"@type\":\"WebPage\",\"@id\":\"https:\\\/\\\/buddhaseedbank.com\\\/de\\\/producto\\\/gorilla-auto\\\/\",\"url\":\"https:\\\/\\\/buddhaseedbank.com\\\/de\\\/producto\\\/gorilla-auto\\\/\",\"name\":\"Gorilla Autoflowering - Buddha Seeds\",\"isPartOf\":{\"@id\":\"https:\\\/\\\/buddhaseedbank.com\\\/de\\\/#website\"},\"primaryImageOfPage\":{\"@id\":\"https:\\\/\\\/buddhaseedbank.com\\\/de\\\/producto\\\/gorilla-auto\\\/#primaryimage\"},\"image\":{\"@id\":\"https:\\\/\\\/buddhaseedbank.com\\\/de\\\/producto\\\/gorilla-auto\\\/#primaryimage\"},\"thumbnailUrl\":\"https:\\\/\\\/buddhaseedbank.com\\\/wp-content\\\/uploads\\\/2021\\\/06\\\/268-Auto-Gorila.jpg\",\"datePublished\":\"2021-06-08T12:00:56+00:00\",\"dateModified\":\"2025-10-27T15:09:53+00:00\",\"description\":\"Gorilla ist die tierischste Sorte der Buddha Seeds Samenbank. Wenn Sie dachten, Sie h\u00e4tten schon alles gesehen, lassen Sie sich von diesem Hengst verf\u00fchren, der Sie an die Couch fesseln wird.\",\"breadcrumb\":{\"@id\":\"https:\\\/\\\/buddhaseedbank.com\\\/de\\\/producto\\\/gorilla-auto\\\/#breadcrumb\"},\"inLanguage\":\"de\",\"potentialAction\":[{\"@type\":\"ReadAction\",\"target\":[\"https:\\\/\\\/buddhaseedbank.com\\\/de\\\/producto\\\/gorilla-auto\\\/\"]}]},{\"@type\":\"ImageObject\",\"inLanguage\":\"de\",\"@id\":\"https:\\\/\\\/buddhaseedbank.com\\\/de\\\/producto\\\/gorilla-auto\\\/#primaryimage\",\"url\":\"https:\\\/\\\/buddhaseedbank.com\\\/wp-content\\\/uploads\\\/2021\\\/06\\\/268-Auto-Gorila.jpg\",\"contentUrl\":\"https:\\\/\\\/buddhaseedbank.com\\\/wp-content\\\/uploads\\\/2021\\\/06\\\/268-Auto-Gorila.jpg\",\"width\":1080,\"height\":1080,\"caption\":\"Gorilla Auto\"},{\"@type\":\"BreadcrumbList\",\"@id\":\"https:\\\/\\\/buddhaseedbank.com\\\/de\\\/producto\\\/gorilla-auto\\\/#breadcrumb\",\"itemListElement\":[{\"@type\":\"ListItem\",\"position\":1,\"name\":\"Portada\",\"item\":\"https:\\\/\\\/buddhaseedbank.com\\\/de\\\/\"},{\"@type\":\"ListItem\",\"position\":2,\"name\":\"Shop\",\"item\":\"https:\\\/\\\/buddhaseedbank.com\\\/de\\\/shop\\\/\"},{\"@type\":\"ListItem\",\"position\":3,\"name\":\"Gorila Auto\"}]},{\"@type\":\"WebSite\",\"@id\":\"https:\\\/\\\/buddhaseedbank.com\\\/de\\\/#website\",\"url\":\"https:\\\/\\\/buddhaseedbank.com\\\/de\\\/\",\"name\":\"Buddha Seeds\",\"description\":\"\",\"publisher\":{\"@id\":\"https:\\\/\\\/buddhaseedbank.com\\\/de\\\/#organization\"},\"potentialAction\":[{\"@type\":\"SearchAction\",\"target\":{\"@type\":\"EntryPoint\",\"urlTemplate\":\"https:\\\/\\\/buddhaseedbank.com\\\/de\\\/?s={search_term_string}\"},\"query-input\":{\"@type\":\"PropertyValueSpecification\",\"valueRequired\":true,\"valueName\":\"search_term_string\"}}],\"inLanguage\":\"de\"},{\"@type\":\"Organization\",\"@id\":\"https:\\\/\\\/buddhaseedbank.com\\\/de\\\/#organization\",\"name\":\"Buddha Seeds\",\"url\":\"https:\\\/\\\/buddhaseedbank.com\\\/de\\\/\",\"logo\":{\"@type\":\"ImageObject\",\"inLanguage\":\"de\",\"@id\":\"https:\\\/\\\/buddhaseedbank.com\\\/de\\\/#\\\/schema\\\/logo\\\/image\\\/\",\"url\":\"https:\\\/\\\/buddhaseedbank.com\\\/wp-content\\\/uploads\\\/2024\\\/04\\\/buddha-seeds-logo-1622448424-1.png\",\"contentUrl\":\"https:\\\/\\\/buddhaseedbank.com\\\/wp-content\\\/uploads\\\/2024\\\/04\\\/buddha-seeds-logo-1622448424-1.png\",\"width\":478,\"height\":200,\"caption\":\"Buddha Seeds\"},\"image\":{\"@id\":\"https:\\\/\\\/buddhaseedbank.com\\\/de\\\/#\\\/schema\\\/logo\\\/image\\\/\"}}]}<\/script>\n<!-- \/ Yoast SEO plugin. -->","yoast_head_json":{"title":"Gorilla Autoflowering - Buddha Seeds","description":"Gorilla ist die tierischste Sorte der Buddha Seeds Samenbank. Wenn Sie dachten, Sie h\u00e4tten schon alles gesehen, lassen Sie sich von diesem Hengst verf\u00fchren, der Sie an die Couch fesseln wird.","robots":{"index":"index","follow":"follow","max-snippet":"max-snippet:-1","max-image-preview":"max-image-preview:large","max-video-preview":"max-video-preview:-1"},"canonical":"https:\/\/buddhaseedbank.com\/de\/producto\/gorilla-auto\/","og_locale":"de_DE","og_type":"article","og_title":"Gorilla Autoflowering - Buddha Seeds","og_description":"Gorilla ist die tierischste Sorte der Buddha Seeds Samenbank. Wenn Sie dachten, Sie h\u00e4tten schon alles gesehen, lassen Sie sich von diesem Hengst verf\u00fchren, der Sie an die Couch fesseln wird.","og_url":"https:\/\/buddhaseedbank.com\/de\/producto\/gorilla-auto\/","og_site_name":"Buddha Seeds","article_modified_time":"2025-10-27T15:09:53+00:00","og_image":[{"width":1080,"height":1080,"url":"https:\/\/buddhaseedbank.com\/wp-content\/uploads\/2021\/06\/268-Auto-Gorila.jpg","type":"image\/jpeg"}],"twitter_card":"summary_large_image","twitter_misc":{"Gesch\u00e4tzte Lesezeit":"2\u00a0Minuten"},"schema":{"@context":"https:\/\/schema.org","@graph":[{"@type":"WebPage","@id":"https:\/\/buddhaseedbank.com\/de\/producto\/gorilla-auto\/","url":"https:\/\/buddhaseedbank.com\/de\/producto\/gorilla-auto\/","name":"Gorilla Autoflowering - Buddha Seeds","isPartOf":{"@id":"https:\/\/buddhaseedbank.com\/de\/#website"},"primaryImageOfPage":{"@id":"https:\/\/buddhaseedbank.com\/de\/producto\/gorilla-auto\/#primaryimage"},"image":{"@id":"https:\/\/buddhaseedbank.com\/de\/producto\/gorilla-auto\/#primaryimage"},"thumbnailUrl":"https:\/\/buddhaseedbank.com\/wp-content\/uploads\/2021\/06\/268-Auto-Gorila.jpg","datePublished":"2021-06-08T12:00:56+00:00","dateModified":"2025-10-27T15:09:53+00:00","description":"Gorilla ist die tierischste Sorte der Buddha Seeds Samenbank. Wenn Sie dachten, Sie h\u00e4tten schon alles gesehen, lassen Sie sich von diesem Hengst verf\u00fchren, der Sie an die Couch fesseln wird.","breadcrumb":{"@id":"https:\/\/buddhaseedbank.com\/de\/producto\/gorilla-auto\/#breadcrumb"},"inLanguage":"de","potentialAction":[{"@type":"ReadAction","target":["https:\/\/buddhaseedbank.com\/de\/producto\/gorilla-auto\/"]}]},{"@type":"ImageObject","inLanguage":"de","@id":"https:\/\/buddhaseedbank.com\/de\/producto\/gorilla-auto\/#primaryimage","url":"https:\/\/buddhaseedbank.com\/wp-content\/uploads\/2021\/06\/268-Auto-Gorila.jpg","contentUrl":"https:\/\/buddhaseedbank.com\/wp-content\/uploads\/2021\/06\/268-Auto-Gorila.jpg","width":1080,"height":1080,"caption":"Gorilla Auto"},{"@type":"BreadcrumbList","@id":"https:\/\/buddhaseedbank.com\/de\/producto\/gorilla-auto\/#breadcrumb","itemListElement":[{"@type":"ListItem","position":1,"name":"Portada","item":"https:\/\/buddhaseedbank.com\/de\/"},{"@type":"ListItem","position":2,"name":"Shop","item":"https:\/\/buddhaseedbank.com\/de\/shop\/"},{"@type":"ListItem","position":3,"name":"Gorila Auto"}]},{"@type":"WebSite","@id":"https:\/\/buddhaseedbank.com\/de\/#website","url":"https:\/\/buddhaseedbank.com\/de\/","name":"Buddha Seeds","description":"","publisher":{"@id":"https:\/\/buddhaseedbank.com\/de\/#organization"},"potentialAction":[{"@type":"SearchAction","target":{"@type":"EntryPoint","urlTemplate":"https:\/\/buddhaseedbank.com\/de\/?s={search_term_string}"},"query-input":{"@type":"PropertyValueSpecification","valueRequired":true,"valueName":"search_term_string"}}],"inLanguage":"de"},{"@type":"Organization","@id":"https:\/\/buddhaseedbank.com\/de\/#organization","name":"Buddha Seeds","url":"https:\/\/buddhaseedbank.com\/de\/","logo":{"@type":"ImageObject","inLanguage":"de","@id":"https:\/\/buddhaseedbank.com\/de\/#\/schema\/logo\/image\/","url":"https:\/\/buddhaseedbank.com\/wp-content\/uploads\/2024\/04\/buddha-seeds-logo-1622448424-1.png","contentUrl":"https:\/\/buddhaseedbank.com\/wp-content\/uploads\/2024\/04\/buddha-seeds-logo-1622448424-1.png","width":478,"height":200,"caption":"Buddha Seeds"},"image":{"@id":"https:\/\/buddhaseedbank.com\/de\/#\/schema\/logo\/image\/"}}]}},"_links":{"self":[{"href":"https:\/\/buddhaseedbank.com\/de\/wp-json\/wp\/v2\/product\/7013","targetHints":{"allow":["GET"]}}],"collection":[{"href":"https:\/\/buddhaseedbank.com\/de\/wp-json\/wp\/v2\/product"}],"about":[{"href":"https:\/\/buddhaseedbank.com\/de\/wp-json\/wp\/v2\/types\/product"}],"wp:featuredmedia":[{"embeddable":true,"href":"https:\/\/buddhaseedbank.com\/de\/wp-json\/wp\/v2\/media\/4822"}],"wp:attachment":[{"href":"https:\/\/buddhaseedbank.com\/de\/wp-json\/wp\/v2\/media?parent=7013"}],"wp:term":[{"taxonomy":"product_brand","embeddable":true,"href":"https:\/\/buddhaseedbank.com\/de\/wp-json\/wp\/v2\/product_brand?post=7013"},{"taxonomy":"product_cat","embeddable":true,"href":"https:\/\/buddhaseedbank.com\/de\/wp-json\/wp\/v2\/product_cat?post=7013"},{"taxonomy":"product_tag","embeddable":true,"href":"https:\/\/buddhaseedbank.com\/de\/wp-json\/wp\/v2\/product_tag?post=7013"}],"curies":[{"name":"wp","href":"https:\/\/api.w.org\/{rel}","templated":true}]}}