{"id":7023,"date":"2021-06-07T16:57:53","date_gmt":"2021-06-07T14:57:53","guid":{"rendered":"https:\/\/buddhaseedbank.com\/producto\/buddha-gelato\/"},"modified":"2025-11-12T16:16:06","modified_gmt":"2025-11-12T15:16:06","slug":"buddha-gelato","status":"publish","type":"product","link":"https:\/\/buddhaseedbank.com\/de\/producto\/buddha-gelato\/","title":{"rendered":"Buddha Gelato"},"content":{"rendered":"<p style=\"text-align: justify;\">Als Erbe der Cookies-Linie erfreut sich Gelato einer unvergleichlichen Beliebtheit in der aktuellen Szene. Buddha Gelato, das in nordamerikanischen Apotheken f\u00fcr seinen ausgezeichneten Geschmack und seine \u00fcbertriebene Potenz gelobt wird, kommt jetzt auf den Markt, um die Sinne der Konsumenten zu sch\u00e4rfen.<\/p>\n<p style=\"text-align: justify;\">Buddha Seeds hat die richtige Genetik gefunden, um eine faszinierende Wiederbelebung einer international preisgekr\u00f6nten Sorte zu entwickeln. Buddha Gelato schmilzt nicht, im Gegenteil, es ist ein geborener \u00dcberlebensk\u00fcnstler, der die genetische Pracht bewahrt und das Endvolumen der urspr\u00fcnglichen Ernten vervielfacht.<\/p>\n<p style=\"text-align: justify;\">Die Aromen und Geschmacksrichtungen von Buddha Gelato sind von h\u00f6chster Qualit\u00e4t, \u00fcberwiegend s\u00fc\u00df, minzig, erfrischend, fruchtig und mit deutlichen Ankl\u00e4ngen an N\u00fcsse wie Haseln\u00fcsse am Gaumen. Eine magische Mischung, die ihn zum unangefochtenen Begleiter jeder Jahreszeit macht.<\/p>\n<p style=\"text-align: justify;\">In Buddha Gelato \u00fcberwiegt die Indica-Genetik. Sie ist eine robuste Pflanze, die sich perfekt f\u00fcr den Innenbereich eignet. Er braucht keine gro\u00dfen Au\u00dfenbereiche. Er ist daher der perfekte Partner f\u00fcr kleine G\u00e4rten.<\/p>\n<p style=\"text-align: justify;\">Der hohe THC-Gehalt, den Buddha Gelato erreichen kann, macht es ratsam, es in Ma\u00dfen zu konsumieren, da es selbst den erfahrensten Konsumenten umhauen kann. Nehmen Sie sich die Zeit, dieses &#8222;hochfliegende&#8220; Eis an einem Ort zu genie\u00dfen, an dem Sie sich wohlf\u00fchlen.<\/p>\n<p style=\"text-align: justify;\">Das Aussehen von Buddha Gelato w\u00e4hrend der Bl\u00fctezeit ist kosmisch; die Menge an Trichomen, die sie bedecken, simuliert einen Sternenhimmel. Eine solche Harzproduktion ist f\u00fcr die Extraktion (trocken\/eisig) unumg\u00e4nglich.<\/p>\n<p style=\"text-align: justify;\">Die Bl\u00fcten, die sich dem optimalen Reifungszeitpunkt n\u00e4hern, zeigen verschiedene Gr\u00fcnt\u00f6ne zusammen mit mehr goldenen T\u00f6nen, die von intensiv orangefarbenen Stempeln unterbrochen werden, ein ungew\u00f6hnliches Bild, das Ihnen in Erinnerung bleiben wird. Kurzum, Buddha Gelato er\u00f6ffnet Ihnen einen neuen Horizont an Empfindungen, auf den Sie nicht mehr verzichten m\u00f6chten.<\/p>\n<p><iframe title=\"BUDDHA GELATO. BUDDHA SEEDS\" width=\"800\" height=\"450\" src=\"https:\/\/www.youtube.com\/embed\/Ss_RWc76OYQ?feature=oembed\" frameborder=\"0\" allow=\"accelerometer; autoplay; clipboard-write; encrypted-media; gyroscope; picture-in-picture; web-share\" referrerpolicy=\"strict-origin-when-cross-origin\" allowfullscreen><\/iframe><\/p>\n","protected":false},"excerpt":{"rendered":"<p style=\"text-align: justify;\">Das Aussehen von Buddha Gelato w\u00e4hrend der Bl\u00fctezeit ist kosmisch; die Menge an Trichomen, die sie bedecken, simuliert einen Sternenhimmel. Eine solche Harzproduktion ist f\u00fcr die Extraktion (trocken\/eisig) unumg\u00e4nglich.<\/p>\n<p style=\"text-align: justify;\">Die Bl\u00fcten, die sich dem optimalen Reifungszeitpunkt n\u00e4hern, zeigen verschiedene Gr\u00fcnt\u00f6ne zusammen mit mehr goldenen T\u00f6nen, die von intensiv orangefarbenen Stempeln unterbrochen werden, ein ungew\u00f6hnliches Bild, das Ihnen in Erinnerung bleiben wird. Kurzum, Buddha Gelato er\u00f6ffnet Ihnen einen neuen Horizont an Empfindungen, auf den Sie nicht mehr verzichten m\u00f6chten.<\/p>\n<p style=\"text-align: justify;\">Die hohen THC-Werte, die Buddha Gelato erreichen kann, machen einen moderaten Konsum ratsam.<\/p>\n","protected":false},"featured_media":4752,"template":"","meta":{"_joinchat":[]},"product_brand":[],"product_cat":[732,658],"product_tag":[1428,1393,1473,1480,1391,1407,1195],"class_list":{"0":"post-7023","1":"product","2":"type-product","3":"status-publish","4":"has-post-thumbnail","6":"product_cat-buddha-seeds-sorten","7":"product_cat-usa-collection-strains-de","8":"product_tag-cannabis-indica-de","9":"product_tag-cannabis-mit-starker-wirkung","10":"product_tag-cannabis-suesser-geschmack","11":"product_tag-lichtabhaengige-samen","12":"product_tag-produktiv-hanf","13":"product_tag-usa-genetik-samen","14":"product_tag-usa-sammlung-stamme","15":"pa_efecto-trotz-ihrer-eher-indica-lastigen-genetik-zeichnet-sie-sich-durch-ihre-starke-euphorische-wirkung-aus-die-in-einer-korperlichen-entspannung-gipfelt","16":"pa_fa-produccionenexteriorporpl-300-2000-g","17":"pa_genetica-indica-de","18":"pa_mesdecosecha-zweite-septemberhalfte-nordliche-hemisphare-zweite-marzhalfte-sudliche-hemisphare","19":"pa_produccionm-400-550-g","20":"pa_semillas-10-unidades-de","21":"pa_semillas-3-unidades-de","22":"pa_semillas-50-unidades-de","23":"pa_sexo-feminisiert","24":"pa_tiempodefloracion-56-68-tage","25":"pa_tipo-photodependent-de","27":"first","28":"instock","29":"taxable","30":"shipping-taxable","31":"purchasable","32":"product-type-variable"},"yoast_head":"<!-- This site is optimized with the Yoast SEO plugin v27.3 - https:\/\/yoast.com\/product\/yoast-seo-wordpress\/ -->\n<title>Buddha Gelato - Buddha Saatgut<\/title>\n<meta name=\"robots\" content=\"index, follow, max-snippet:-1, max-image-preview:large, max-video-preview:-1\" \/>\n<link rel=\"canonical\" href=\"https:\/\/buddhaseedbank.com\/de\/producto\/buddha-gelato\/\" \/>\n<meta property=\"og:locale\" content=\"de_DE\" \/>\n<meta property=\"og:type\" content=\"article\" \/>\n<meta property=\"og:title\" content=\"Buddha Gelato - Buddha Saatgut\" \/>\n<meta property=\"og:description\" content=\"Das Aussehen von Buddha Gelato w\u00e4hrend der Bl\u00fctezeit ist kosmisch; die Menge an Trichomen, die sie bedecken, simuliert einen Sternenhimmel. Eine solche Harzproduktion ist f\u00fcr die Extraktion (trocken\/eisig) unumg\u00e4nglich. Die Bl\u00fcten, die sich dem optimalen Reifungszeitpunkt n\u00e4hern, zeigen verschiedene Gr\u00fcnt\u00f6ne zusammen mit mehr goldenen T\u00f6nen, die von intensiv orangefarbenen Stempeln unterbrochen werden, ein ungew\u00f6hnliches Bild, das Ihnen in Erinnerung bleiben wird. Kurzum, Buddha Gelato er\u00f6ffnet Ihnen einen neuen Horizont an Empfindungen, auf den Sie nicht mehr verzichten m\u00f6chten. Die hohen THC-Werte, die Buddha Gelato erreichen kann, machen einen moderaten Konsum ratsam.\" \/>\n<meta property=\"og:url\" content=\"https:\/\/buddhaseedbank.com\/de\/producto\/buddha-gelato\/\" \/>\n<meta property=\"og:site_name\" content=\"Buddha Seeds\" \/>\n<meta property=\"article:modified_time\" content=\"2025-11-12T15:16:06+00:00\" \/>\n<meta property=\"og:image\" content=\"https:\/\/buddhaseedbank.com\/wp-content\/uploads\/2021\/06\/248-Buddha-Gelato.jpg\" \/>\n\t<meta property=\"og:image:width\" content=\"1080\" \/>\n\t<meta property=\"og:image:height\" content=\"1080\" \/>\n\t<meta property=\"og:image:type\" content=\"image\/jpeg\" \/>\n<meta name=\"twitter:card\" content=\"summary_large_image\" \/>\n<meta name=\"twitter:label1\" content=\"Gesch\u00e4tzte Lesezeit\" \/>\n\t<meta name=\"twitter:data1\" content=\"2\u00a0Minuten\" \/>\n<script type=\"application\/ld+json\" class=\"yoast-schema-graph\">{\"@context\":\"https:\\\/\\\/schema.org\",\"@graph\":[{\"@type\":\"WebPage\",\"@id\":\"https:\\\/\\\/buddhaseedbank.com\\\/de\\\/producto\\\/buddha-gelato\\\/\",\"url\":\"https:\\\/\\\/buddhaseedbank.com\\\/de\\\/producto\\\/buddha-gelato\\\/\",\"name\":\"Buddha Gelato - Buddha Saatgut\",\"isPartOf\":{\"@id\":\"https:\\\/\\\/buddhaseedbank.com\\\/de\\\/#website\"},\"primaryImageOfPage\":{\"@id\":\"https:\\\/\\\/buddhaseedbank.com\\\/de\\\/producto\\\/buddha-gelato\\\/#primaryimage\"},\"image\":{\"@id\":\"https:\\\/\\\/buddhaseedbank.com\\\/de\\\/producto\\\/buddha-gelato\\\/#primaryimage\"},\"thumbnailUrl\":\"https:\\\/\\\/buddhaseedbank.com\\\/wp-content\\\/uploads\\\/2021\\\/06\\\/248-Buddha-Gelato.jpg\",\"datePublished\":\"2021-06-07T14:57:53+00:00\",\"dateModified\":\"2025-11-12T15:16:06+00:00\",\"breadcrumb\":{\"@id\":\"https:\\\/\\\/buddhaseedbank.com\\\/de\\\/producto\\\/buddha-gelato\\\/#breadcrumb\"},\"inLanguage\":\"de\",\"potentialAction\":[{\"@type\":\"ReadAction\",\"target\":[\"https:\\\/\\\/buddhaseedbank.com\\\/de\\\/producto\\\/buddha-gelato\\\/\"]}]},{\"@type\":\"ImageObject\",\"inLanguage\":\"de\",\"@id\":\"https:\\\/\\\/buddhaseedbank.com\\\/de\\\/producto\\\/buddha-gelato\\\/#primaryimage\",\"url\":\"https:\\\/\\\/buddhaseedbank.com\\\/wp-content\\\/uploads\\\/2021\\\/06\\\/248-Buddha-Gelato.jpg\",\"contentUrl\":\"https:\\\/\\\/buddhaseedbank.com\\\/wp-content\\\/uploads\\\/2021\\\/06\\\/248-Buddha-Gelato.jpg\",\"width\":1080,\"height\":1080,\"caption\":\"Buddha Gelato\"},{\"@type\":\"BreadcrumbList\",\"@id\":\"https:\\\/\\\/buddhaseedbank.com\\\/de\\\/producto\\\/buddha-gelato\\\/#breadcrumb\",\"itemListElement\":[{\"@type\":\"ListItem\",\"position\":1,\"name\":\"Portada\",\"item\":\"https:\\\/\\\/buddhaseedbank.com\\\/de\\\/\"},{\"@type\":\"ListItem\",\"position\":2,\"name\":\"Shop\",\"item\":\"https:\\\/\\\/buddhaseedbank.com\\\/de\\\/shop\\\/\"},{\"@type\":\"ListItem\",\"position\":3,\"name\":\"Buddha Gelato\"}]},{\"@type\":\"WebSite\",\"@id\":\"https:\\\/\\\/buddhaseedbank.com\\\/de\\\/#website\",\"url\":\"https:\\\/\\\/buddhaseedbank.com\\\/de\\\/\",\"name\":\"Buddha Seeds\",\"description\":\"\",\"publisher\":{\"@id\":\"https:\\\/\\\/buddhaseedbank.com\\\/de\\\/#organization\"},\"potentialAction\":[{\"@type\":\"SearchAction\",\"target\":{\"@type\":\"EntryPoint\",\"urlTemplate\":\"https:\\\/\\\/buddhaseedbank.com\\\/de\\\/?s={search_term_string}\"},\"query-input\":{\"@type\":\"PropertyValueSpecification\",\"valueRequired\":true,\"valueName\":\"search_term_string\"}}],\"inLanguage\":\"de\"},{\"@type\":\"Organization\",\"@id\":\"https:\\\/\\\/buddhaseedbank.com\\\/de\\\/#organization\",\"name\":\"Buddha Seeds\",\"url\":\"https:\\\/\\\/buddhaseedbank.com\\\/de\\\/\",\"logo\":{\"@type\":\"ImageObject\",\"inLanguage\":\"de\",\"@id\":\"https:\\\/\\\/buddhaseedbank.com\\\/de\\\/#\\\/schema\\\/logo\\\/image\\\/\",\"url\":\"https:\\\/\\\/buddhaseedbank.com\\\/wp-content\\\/uploads\\\/2024\\\/04\\\/buddha-seeds-logo-1622448424-1.png\",\"contentUrl\":\"https:\\\/\\\/buddhaseedbank.com\\\/wp-content\\\/uploads\\\/2024\\\/04\\\/buddha-seeds-logo-1622448424-1.png\",\"width\":478,\"height\":200,\"caption\":\"Buddha Seeds\"},\"image\":{\"@id\":\"https:\\\/\\\/buddhaseedbank.com\\\/de\\\/#\\\/schema\\\/logo\\\/image\\\/\"}}]}<\/script>\n<!-- \/ Yoast SEO plugin. -->","yoast_head_json":{"title":"Buddha Gelato - Buddha Saatgut","robots":{"index":"index","follow":"follow","max-snippet":"max-snippet:-1","max-image-preview":"max-image-preview:large","max-video-preview":"max-video-preview:-1"},"canonical":"https:\/\/buddhaseedbank.com\/de\/producto\/buddha-gelato\/","og_locale":"de_DE","og_type":"article","og_title":"Buddha Gelato - Buddha Saatgut","og_description":"Das Aussehen von Buddha Gelato w\u00e4hrend der Bl\u00fctezeit ist kosmisch; die Menge an Trichomen, die sie bedecken, simuliert einen Sternenhimmel. Eine solche Harzproduktion ist f\u00fcr die Extraktion (trocken\/eisig) unumg\u00e4nglich. Die Bl\u00fcten, die sich dem optimalen Reifungszeitpunkt n\u00e4hern, zeigen verschiedene Gr\u00fcnt\u00f6ne zusammen mit mehr goldenen T\u00f6nen, die von intensiv orangefarbenen Stempeln unterbrochen werden, ein ungew\u00f6hnliches Bild, das Ihnen in Erinnerung bleiben wird. Kurzum, Buddha Gelato er\u00f6ffnet Ihnen einen neuen Horizont an Empfindungen, auf den Sie nicht mehr verzichten m\u00f6chten. Die hohen THC-Werte, die Buddha Gelato erreichen kann, machen einen moderaten Konsum ratsam.","og_url":"https:\/\/buddhaseedbank.com\/de\/producto\/buddha-gelato\/","og_site_name":"Buddha Seeds","article_modified_time":"2025-11-12T15:16:06+00:00","og_image":[{"width":1080,"height":1080,"url":"https:\/\/buddhaseedbank.com\/wp-content\/uploads\/2021\/06\/248-Buddha-Gelato.jpg","type":"image\/jpeg"}],"twitter_card":"summary_large_image","twitter_misc":{"Gesch\u00e4tzte Lesezeit":"2\u00a0Minuten"},"schema":{"@context":"https:\/\/schema.org","@graph":[{"@type":"WebPage","@id":"https:\/\/buddhaseedbank.com\/de\/producto\/buddha-gelato\/","url":"https:\/\/buddhaseedbank.com\/de\/producto\/buddha-gelato\/","name":"Buddha Gelato - Buddha Saatgut","isPartOf":{"@id":"https:\/\/buddhaseedbank.com\/de\/#website"},"primaryImageOfPage":{"@id":"https:\/\/buddhaseedbank.com\/de\/producto\/buddha-gelato\/#primaryimage"},"image":{"@id":"https:\/\/buddhaseedbank.com\/de\/producto\/buddha-gelato\/#primaryimage"},"thumbnailUrl":"https:\/\/buddhaseedbank.com\/wp-content\/uploads\/2021\/06\/248-Buddha-Gelato.jpg","datePublished":"2021-06-07T14:57:53+00:00","dateModified":"2025-11-12T15:16:06+00:00","breadcrumb":{"@id":"https:\/\/buddhaseedbank.com\/de\/producto\/buddha-gelato\/#breadcrumb"},"inLanguage":"de","potentialAction":[{"@type":"ReadAction","target":["https:\/\/buddhaseedbank.com\/de\/producto\/buddha-gelato\/"]}]},{"@type":"ImageObject","inLanguage":"de","@id":"https:\/\/buddhaseedbank.com\/de\/producto\/buddha-gelato\/#primaryimage","url":"https:\/\/buddhaseedbank.com\/wp-content\/uploads\/2021\/06\/248-Buddha-Gelato.jpg","contentUrl":"https:\/\/buddhaseedbank.com\/wp-content\/uploads\/2021\/06\/248-Buddha-Gelato.jpg","width":1080,"height":1080,"caption":"Buddha Gelato"},{"@type":"BreadcrumbList","@id":"https:\/\/buddhaseedbank.com\/de\/producto\/buddha-gelato\/#breadcrumb","itemListElement":[{"@type":"ListItem","position":1,"name":"Portada","item":"https:\/\/buddhaseedbank.com\/de\/"},{"@type":"ListItem","position":2,"name":"Shop","item":"https:\/\/buddhaseedbank.com\/de\/shop\/"},{"@type":"ListItem","position":3,"name":"Buddha Gelato"}]},{"@type":"WebSite","@id":"https:\/\/buddhaseedbank.com\/de\/#website","url":"https:\/\/buddhaseedbank.com\/de\/","name":"Buddha Seeds","description":"","publisher":{"@id":"https:\/\/buddhaseedbank.com\/de\/#organization"},"potentialAction":[{"@type":"SearchAction","target":{"@type":"EntryPoint","urlTemplate":"https:\/\/buddhaseedbank.com\/de\/?s={search_term_string}"},"query-input":{"@type":"PropertyValueSpecification","valueRequired":true,"valueName":"search_term_string"}}],"inLanguage":"de"},{"@type":"Organization","@id":"https:\/\/buddhaseedbank.com\/de\/#organization","name":"Buddha Seeds","url":"https:\/\/buddhaseedbank.com\/de\/","logo":{"@type":"ImageObject","inLanguage":"de","@id":"https:\/\/buddhaseedbank.com\/de\/#\/schema\/logo\/image\/","url":"https:\/\/buddhaseedbank.com\/wp-content\/uploads\/2024\/04\/buddha-seeds-logo-1622448424-1.png","contentUrl":"https:\/\/buddhaseedbank.com\/wp-content\/uploads\/2024\/04\/buddha-seeds-logo-1622448424-1.png","width":478,"height":200,"caption":"Buddha Seeds"},"image":{"@id":"https:\/\/buddhaseedbank.com\/de\/#\/schema\/logo\/image\/"}}]}},"_links":{"self":[{"href":"https:\/\/buddhaseedbank.com\/de\/wp-json\/wp\/v2\/product\/7023","targetHints":{"allow":["GET"]}}],"collection":[{"href":"https:\/\/buddhaseedbank.com\/de\/wp-json\/wp\/v2\/product"}],"about":[{"href":"https:\/\/buddhaseedbank.com\/de\/wp-json\/wp\/v2\/types\/product"}],"wp:featuredmedia":[{"embeddable":true,"href":"https:\/\/buddhaseedbank.com\/de\/wp-json\/wp\/v2\/media\/4752"}],"wp:attachment":[{"href":"https:\/\/buddhaseedbank.com\/de\/wp-json\/wp\/v2\/media?parent=7023"}],"wp:term":[{"taxonomy":"product_brand","embeddable":true,"href":"https:\/\/buddhaseedbank.com\/de\/wp-json\/wp\/v2\/product_brand?post=7023"},{"taxonomy":"product_cat","embeddable":true,"href":"https:\/\/buddhaseedbank.com\/de\/wp-json\/wp\/v2\/product_cat?post=7023"},{"taxonomy":"product_tag","embeddable":true,"href":"https:\/\/buddhaseedbank.com\/de\/wp-json\/wp\/v2\/product_tag?post=7023"}],"curies":[{"name":"wp","href":"https:\/\/api.w.org\/{rel}","templated":true}]}}