{"id":7028,"date":"2021-06-07T15:31:26","date_gmt":"2021-06-07T13:31:26","guid":{"rendered":"https:\/\/buddhaseedbank.com\/producto\/buddha-dosi2\/"},"modified":"2025-05-20T17:44:46","modified_gmt":"2025-05-20T15:44:46","slug":"buddha-dosi2","status":"publish","type":"product","link":"https:\/\/buddhaseedbank.com\/de\/producto\/buddha-dosi2\/","title":{"rendered":"Buddha DoSi2"},"content":{"rendered":"<p style=\"text-align: justify;\">Buddha DoSi2, ein Abk\u00f6mmling der Cookies-Familie, ist ein potenter, euphorischer amerikanischer Leckerbissen, den Sie mit Freunden teilen sollten. Eine Revolution der Aromen f\u00fcr Ihre Geschmacksnerven und Ihre Stimmung.<\/p>\n<p style=\"text-align: justify;\">Das originelle Sortiment an Nuancen, kombiniert mit dem speziellen Zucker von Buddha Seeds, ergibt eine robuste, potente und produktive Sorte, die selbst die professionellsten Z\u00fcchter beeindrucken wird.<\/p>\n<p style=\"text-align: justify;\">Die Geschmackskombinationen sind kraftvoll und vermitteln das Gef\u00fchl, mit Buddha DoSi2 eine echte T\u00fcte s\u00fc\u00dfer und zitrusartiger Leckereien zu genie\u00dfen, mit Bitterpunkten und unglaublichen klassischen Haschischuntergr\u00fcnden. Die Wirkung ist euphorisch, aber ruhig und unterstreicht andere Punkte wie innere Freude und k\u00f6rperliche Entspannung.<\/p>\n<p style=\"text-align: justify;\">Buddha DoSi2 braucht keine erfahrenen H\u00e4nde, um sie zu pflegen, sie steht auf eigenen F\u00fc\u00dfen dank der vielen Qualit\u00e4ten, die diese Sorte ideal f\u00fcr den Guerilla-Anbau machen. Sowie sie mit Schnitt- und\/oder Anbautechniken an die Bed\u00fcrfnisse der Umgebung anzupassen.<\/p>\n<p style=\"text-align: justify;\">Die dem Buddha DoSi2 innewohnenden Qualit\u00e4ten verbessern das Wohlbefinden des Verbrauchers, indem sie F\u00e4lle von Schlaflosigkeit, Angstzust\u00e4nden, k\u00f6rperlichen Schmerzen usw. verringern.<\/p>\n<p style=\"text-align: justify;\">Die Bl\u00fcte wird Sie mit den verschiedenen Farbt\u00f6nen \u00fcberraschen, die sie zeigen kann; es ist ein einzigartiges Farbenspiel. Sp\u00fcren Sie die s\u00fc\u00dfe Flut, die durch Ihren K\u00f6rper flie\u00dft, wenn Sie mit Buddha DoSi2 Ihren &#8222;guten Atem&#8220; wiederfinden.<\/p>\n<p style=\"text-align: justify;\"><a style=\"background-color: #ff0000; color: #ffffff;\" href=\"https:\/\/www.youtube.com\/watch?v=PcagpSnQDTw\" target=\"_blank\" rel=\"noreferrer noopener nofollow\">YOUTUBE \u25ba<\/a><\/p>\n","protected":false},"excerpt":{"rendered":"<p>Buddha DoSi2, ein Abk\u00f6mmling der Cookies-Familie, ist ein potenter, euphorischer amerikanischer Leckerbissen, den Sie mit Freunden teilen sollten. Eine Revolution der Aromen f\u00fcr Ihre Geschmacksnerven und Ihre Stimmung. Das originelle Sortiment an Nuancen, kombiniert mit dem speziellen Zucker von Buddha Seeds, ergibt eine robuste, potente und produktive Sorte, die selbst die professionellsten Z\u00fcchter beeindrucken wird. [&hellip;]<\/p>\n","protected":false},"featured_media":4717,"template":"","meta":{"_joinchat":[]},"product_brand":[],"product_cat":[732,658],"product_tag":[1428,1393,1403,1480,1391,1455,1407,1195],"class_list":{"0":"post-7028","1":"product","2":"type-product","3":"status-publish","4":"has-post-thumbnail","6":"product_cat-buddha-seeds-sorten","7":"product_cat-usa-collection-strains-de","8":"product_tag-cannabis-indica-de","9":"product_tag-cannabis-mit-starker-wirkung","10":"product_tag-cannabis-zur-entspannung","11":"product_tag-lichtabhaengige-samen","12":"product_tag-produktiv-hanf","13":"product_tag-schaedlingsresistentes-cannabis","14":"product_tag-usa-genetik-samen","15":"product_tag-usa-sammlung-stamme","16":"pa_efecto-die-wirkung-ist-euphorisch-aber-ruhig-und-unterstreicht-andere-punkte-wie-innere-freude-und-korperliche-entspannung","17":"pa_fa-produccionenexteriorporpl-500-2000-g","18":"pa_genetica-indica-de","19":"pa_mesdecosecha-anfang-oktober-nordliche-hemisphare-anfang-april-sudliche-hemisphare","20":"pa_produccionm-500-650-g","21":"pa_semillas-10-unidades-de","22":"pa_semillas-3-unidades-de","23":"pa_semillas-50-unidades-de","24":"pa_sexo-feminisiert","25":"pa_tiempodefloracion-60-70-tage","26":"pa_tipo-photodependent-de","28":"first","29":"instock","30":"featured","31":"taxable","32":"shipping-taxable","33":"purchasable","34":"product-type-variable"},"yoast_head":"<!-- This site is optimized with the Yoast SEO plugin v27.3 - https:\/\/yoast.com\/product\/yoast-seo-wordpress\/ -->\n<title>Buddha DoSi2 - Buddha Seeds<\/title>\n<meta name=\"description\" content=\"Buddha Dosi2 ist eine feminisierte amerikanische Samenart mit euphorisierender Wirkung, die widerstandsf\u00e4hig, potent und ertragreich ist.\" \/>\n<meta name=\"robots\" content=\"index, follow, max-snippet:-1, max-image-preview:large, max-video-preview:-1\" \/>\n<link rel=\"canonical\" href=\"https:\/\/buddhaseedbank.com\/de\/producto\/buddha-dosi2\/\" \/>\n<meta property=\"og:locale\" content=\"de_DE\" \/>\n<meta property=\"og:type\" content=\"article\" \/>\n<meta property=\"og:title\" content=\"Buddha DoSi2 - Buddha Seeds\" \/>\n<meta property=\"og:description\" content=\"Buddha Dosi2 ist eine feminisierte amerikanische Samenart mit euphorisierender Wirkung, die widerstandsf\u00e4hig, potent und ertragreich ist.\" \/>\n<meta property=\"og:url\" content=\"https:\/\/buddhaseedbank.com\/de\/producto\/buddha-dosi2\/\" \/>\n<meta property=\"og:site_name\" content=\"Buddha Seeds\" \/>\n<meta property=\"article:modified_time\" content=\"2025-05-20T15:44:46+00:00\" \/>\n<meta property=\"og:image\" content=\"https:\/\/buddhaseedbank.com\/wp-content\/uploads\/2021\/06\/245-Buddha-DoSi2.jpg\" \/>\n\t<meta property=\"og:image:width\" content=\"1080\" \/>\n\t<meta property=\"og:image:height\" content=\"1080\" \/>\n\t<meta property=\"og:image:type\" content=\"image\/jpeg\" \/>\n<meta name=\"twitter:card\" content=\"summary_large_image\" \/>\n<meta name=\"twitter:label1\" content=\"Gesch\u00e4tzte Lesezeit\" \/>\n\t<meta name=\"twitter:data1\" content=\"2\u00a0Minuten\" \/>\n<script type=\"application\/ld+json\" class=\"yoast-schema-graph\">{\"@context\":\"https:\\\/\\\/schema.org\",\"@graph\":[{\"@type\":\"WebPage\",\"@id\":\"https:\\\/\\\/buddhaseedbank.com\\\/de\\\/producto\\\/buddha-dosi2\\\/\",\"url\":\"https:\\\/\\\/buddhaseedbank.com\\\/de\\\/producto\\\/buddha-dosi2\\\/\",\"name\":\"Buddha DoSi2 - Buddha Seeds\",\"isPartOf\":{\"@id\":\"https:\\\/\\\/buddhaseedbank.com\\\/de\\\/#website\"},\"primaryImageOfPage\":{\"@id\":\"https:\\\/\\\/buddhaseedbank.com\\\/de\\\/producto\\\/buddha-dosi2\\\/#primaryimage\"},\"image\":{\"@id\":\"https:\\\/\\\/buddhaseedbank.com\\\/de\\\/producto\\\/buddha-dosi2\\\/#primaryimage\"},\"thumbnailUrl\":\"https:\\\/\\\/buddhaseedbank.com\\\/wp-content\\\/uploads\\\/2021\\\/06\\\/245-Buddha-DoSi2.jpg\",\"datePublished\":\"2021-06-07T13:31:26+00:00\",\"dateModified\":\"2025-05-20T15:44:46+00:00\",\"description\":\"Buddha Dosi2 ist eine feminisierte amerikanische Samenart mit euphorisierender Wirkung, die widerstandsf\u00e4hig, potent und ertragreich ist.\",\"breadcrumb\":{\"@id\":\"https:\\\/\\\/buddhaseedbank.com\\\/de\\\/producto\\\/buddha-dosi2\\\/#breadcrumb\"},\"inLanguage\":\"de\",\"potentialAction\":[{\"@type\":\"ReadAction\",\"target\":[\"https:\\\/\\\/buddhaseedbank.com\\\/de\\\/producto\\\/buddha-dosi2\\\/\"]}]},{\"@type\":\"ImageObject\",\"inLanguage\":\"de\",\"@id\":\"https:\\\/\\\/buddhaseedbank.com\\\/de\\\/producto\\\/buddha-dosi2\\\/#primaryimage\",\"url\":\"https:\\\/\\\/buddhaseedbank.com\\\/wp-content\\\/uploads\\\/2021\\\/06\\\/245-Buddha-DoSi2.jpg\",\"contentUrl\":\"https:\\\/\\\/buddhaseedbank.com\\\/wp-content\\\/uploads\\\/2021\\\/06\\\/245-Buddha-DoSi2.jpg\",\"width\":1080,\"height\":1080,\"caption\":\"Buddha DoSi2\"},{\"@type\":\"BreadcrumbList\",\"@id\":\"https:\\\/\\\/buddhaseedbank.com\\\/de\\\/producto\\\/buddha-dosi2\\\/#breadcrumb\",\"itemListElement\":[{\"@type\":\"ListItem\",\"position\":1,\"name\":\"Portada\",\"item\":\"https:\\\/\\\/buddhaseedbank.com\\\/de\\\/\"},{\"@type\":\"ListItem\",\"position\":2,\"name\":\"Shop\",\"item\":\"https:\\\/\\\/buddhaseedbank.com\\\/de\\\/shop\\\/\"},{\"@type\":\"ListItem\",\"position\":3,\"name\":\"Buddha DoSi2\"}]},{\"@type\":\"WebSite\",\"@id\":\"https:\\\/\\\/buddhaseedbank.com\\\/de\\\/#website\",\"url\":\"https:\\\/\\\/buddhaseedbank.com\\\/de\\\/\",\"name\":\"Buddha Seeds\",\"description\":\"\",\"publisher\":{\"@id\":\"https:\\\/\\\/buddhaseedbank.com\\\/de\\\/#organization\"},\"potentialAction\":[{\"@type\":\"SearchAction\",\"target\":{\"@type\":\"EntryPoint\",\"urlTemplate\":\"https:\\\/\\\/buddhaseedbank.com\\\/de\\\/?s={search_term_string}\"},\"query-input\":{\"@type\":\"PropertyValueSpecification\",\"valueRequired\":true,\"valueName\":\"search_term_string\"}}],\"inLanguage\":\"de\"},{\"@type\":\"Organization\",\"@id\":\"https:\\\/\\\/buddhaseedbank.com\\\/de\\\/#organization\",\"name\":\"Buddha Seeds\",\"url\":\"https:\\\/\\\/buddhaseedbank.com\\\/de\\\/\",\"logo\":{\"@type\":\"ImageObject\",\"inLanguage\":\"de\",\"@id\":\"https:\\\/\\\/buddhaseedbank.com\\\/de\\\/#\\\/schema\\\/logo\\\/image\\\/\",\"url\":\"https:\\\/\\\/buddhaseedbank.com\\\/wp-content\\\/uploads\\\/2024\\\/04\\\/buddha-seeds-logo-1622448424-1.png\",\"contentUrl\":\"https:\\\/\\\/buddhaseedbank.com\\\/wp-content\\\/uploads\\\/2024\\\/04\\\/buddha-seeds-logo-1622448424-1.png\",\"width\":478,\"height\":200,\"caption\":\"Buddha Seeds\"},\"image\":{\"@id\":\"https:\\\/\\\/buddhaseedbank.com\\\/de\\\/#\\\/schema\\\/logo\\\/image\\\/\"}}]}<\/script>\n<!-- \/ Yoast SEO plugin. -->","yoast_head_json":{"title":"Buddha DoSi2 - Buddha Seeds","description":"Buddha Dosi2 ist eine feminisierte amerikanische Samenart mit euphorisierender Wirkung, die widerstandsf\u00e4hig, potent und ertragreich ist.","robots":{"index":"index","follow":"follow","max-snippet":"max-snippet:-1","max-image-preview":"max-image-preview:large","max-video-preview":"max-video-preview:-1"},"canonical":"https:\/\/buddhaseedbank.com\/de\/producto\/buddha-dosi2\/","og_locale":"de_DE","og_type":"article","og_title":"Buddha DoSi2 - Buddha Seeds","og_description":"Buddha Dosi2 ist eine feminisierte amerikanische Samenart mit euphorisierender Wirkung, die widerstandsf\u00e4hig, potent und ertragreich ist.","og_url":"https:\/\/buddhaseedbank.com\/de\/producto\/buddha-dosi2\/","og_site_name":"Buddha Seeds","article_modified_time":"2025-05-20T15:44:46+00:00","og_image":[{"width":1080,"height":1080,"url":"https:\/\/buddhaseedbank.com\/wp-content\/uploads\/2021\/06\/245-Buddha-DoSi2.jpg","type":"image\/jpeg"}],"twitter_card":"summary_large_image","twitter_misc":{"Gesch\u00e4tzte Lesezeit":"2\u00a0Minuten"},"schema":{"@context":"https:\/\/schema.org","@graph":[{"@type":"WebPage","@id":"https:\/\/buddhaseedbank.com\/de\/producto\/buddha-dosi2\/","url":"https:\/\/buddhaseedbank.com\/de\/producto\/buddha-dosi2\/","name":"Buddha DoSi2 - Buddha Seeds","isPartOf":{"@id":"https:\/\/buddhaseedbank.com\/de\/#website"},"primaryImageOfPage":{"@id":"https:\/\/buddhaseedbank.com\/de\/producto\/buddha-dosi2\/#primaryimage"},"image":{"@id":"https:\/\/buddhaseedbank.com\/de\/producto\/buddha-dosi2\/#primaryimage"},"thumbnailUrl":"https:\/\/buddhaseedbank.com\/wp-content\/uploads\/2021\/06\/245-Buddha-DoSi2.jpg","datePublished":"2021-06-07T13:31:26+00:00","dateModified":"2025-05-20T15:44:46+00:00","description":"Buddha Dosi2 ist eine feminisierte amerikanische Samenart mit euphorisierender Wirkung, die widerstandsf\u00e4hig, potent und ertragreich ist.","breadcrumb":{"@id":"https:\/\/buddhaseedbank.com\/de\/producto\/buddha-dosi2\/#breadcrumb"},"inLanguage":"de","potentialAction":[{"@type":"ReadAction","target":["https:\/\/buddhaseedbank.com\/de\/producto\/buddha-dosi2\/"]}]},{"@type":"ImageObject","inLanguage":"de","@id":"https:\/\/buddhaseedbank.com\/de\/producto\/buddha-dosi2\/#primaryimage","url":"https:\/\/buddhaseedbank.com\/wp-content\/uploads\/2021\/06\/245-Buddha-DoSi2.jpg","contentUrl":"https:\/\/buddhaseedbank.com\/wp-content\/uploads\/2021\/06\/245-Buddha-DoSi2.jpg","width":1080,"height":1080,"caption":"Buddha DoSi2"},{"@type":"BreadcrumbList","@id":"https:\/\/buddhaseedbank.com\/de\/producto\/buddha-dosi2\/#breadcrumb","itemListElement":[{"@type":"ListItem","position":1,"name":"Portada","item":"https:\/\/buddhaseedbank.com\/de\/"},{"@type":"ListItem","position":2,"name":"Shop","item":"https:\/\/buddhaseedbank.com\/de\/shop\/"},{"@type":"ListItem","position":3,"name":"Buddha DoSi2"}]},{"@type":"WebSite","@id":"https:\/\/buddhaseedbank.com\/de\/#website","url":"https:\/\/buddhaseedbank.com\/de\/","name":"Buddha Seeds","description":"","publisher":{"@id":"https:\/\/buddhaseedbank.com\/de\/#organization"},"potentialAction":[{"@type":"SearchAction","target":{"@type":"EntryPoint","urlTemplate":"https:\/\/buddhaseedbank.com\/de\/?s={search_term_string}"},"query-input":{"@type":"PropertyValueSpecification","valueRequired":true,"valueName":"search_term_string"}}],"inLanguage":"de"},{"@type":"Organization","@id":"https:\/\/buddhaseedbank.com\/de\/#organization","name":"Buddha Seeds","url":"https:\/\/buddhaseedbank.com\/de\/","logo":{"@type":"ImageObject","inLanguage":"de","@id":"https:\/\/buddhaseedbank.com\/de\/#\/schema\/logo\/image\/","url":"https:\/\/buddhaseedbank.com\/wp-content\/uploads\/2024\/04\/buddha-seeds-logo-1622448424-1.png","contentUrl":"https:\/\/buddhaseedbank.com\/wp-content\/uploads\/2024\/04\/buddha-seeds-logo-1622448424-1.png","width":478,"height":200,"caption":"Buddha Seeds"},"image":{"@id":"https:\/\/buddhaseedbank.com\/de\/#\/schema\/logo\/image\/"}}]}},"_links":{"self":[{"href":"https:\/\/buddhaseedbank.com\/de\/wp-json\/wp\/v2\/product\/7028","targetHints":{"allow":["GET"]}}],"collection":[{"href":"https:\/\/buddhaseedbank.com\/de\/wp-json\/wp\/v2\/product"}],"about":[{"href":"https:\/\/buddhaseedbank.com\/de\/wp-json\/wp\/v2\/types\/product"}],"wp:featuredmedia":[{"embeddable":true,"href":"https:\/\/buddhaseedbank.com\/de\/wp-json\/wp\/v2\/media\/4717"}],"wp:attachment":[{"href":"https:\/\/buddhaseedbank.com\/de\/wp-json\/wp\/v2\/media?parent=7028"}],"wp:term":[{"taxonomy":"product_brand","embeddable":true,"href":"https:\/\/buddhaseedbank.com\/de\/wp-json\/wp\/v2\/product_brand?post=7028"},{"taxonomy":"product_cat","embeddable":true,"href":"https:\/\/buddhaseedbank.com\/de\/wp-json\/wp\/v2\/product_cat?post=7028"},{"taxonomy":"product_tag","embeddable":true,"href":"https:\/\/buddhaseedbank.com\/de\/wp-json\/wp\/v2\/product_tag?post=7028"}],"curies":[{"name":"wp","href":"https:\/\/api.w.org\/{rel}","templated":true}]}}