{"id":7033,"date":"2021-06-07T15:12:08","date_gmt":"2021-06-07T13:12:08","guid":{"rendered":"https:\/\/buddhaseedbank.com\/producto\/buddha-auto-cookie\/"},"modified":"2025-06-13T19:54:40","modified_gmt":"2025-06-13T17:54:40","slug":"buddha-auto-cookie","status":"publish","type":"product","link":"https:\/\/buddhaseedbank.com\/de\/producto\/buddha-auto-cookie\/","title":{"rendered":"Buddha Auto Cookie"},"content":{"rendered":"<p style=\"text-align: justify;\">Wenn es eine authentisch amerikanische und weltbekannte Cannabissorte gibt, dann ist es Girl Scout Cookies. F\u00fcr uns bei Buddha Seeds war klar, dass diese Delikatesse und meistverkaufte Cannabissorte in unserem Katalog amerikanischer Sorten nicht fehlen durfte, und wir haben alle unsere Bem\u00fchungen darauf gerichtet, ihren urspr\u00fcnglichen Geschmack zu erhalten.<\/p>\n<p style=\"text-align: justify;\">So entstand Buddha Auto Cookie, eine Indica-Genetik, die Sie vom ersten Zug an mit ihrem k\u00f6stlichen Aroma von Schokolade und frisch gebackenen Keksen erobern wird. Naschkatzen m\u00fcssen ihren Appetit z\u00fcgeln, denn es kann sehr s\u00fcchtig machen, besonders f\u00fcr Schokoladenfans. Wenn Sie einmal angefangen haben, k\u00f6nnen Sie nicht mehr aufh\u00f6ren!<\/p>\n<p style=\"text-align: justify;\">Machen Sie sich bereit f\u00fcr Extraktionen auf h\u00f6chstem Niveau und einen kr\u00e4ftigen Rauch, der, besser kann man es nicht sagen, einen guten Geschmack im Mund hinterl\u00e4sst. Wenn Sie es erdig m\u00f6gen, geht diese Sorte noch einen Schritt weiter mit s\u00fc\u00dfen, gebackenen Keksnoten. Es \u00fcberrascht nicht, dass der Geschmack dieser Sorte ihren Namen gibt. Schon in der Flasche werden Sie diese Eigenschaft bemerken, die ihn mit Pers\u00f6nlichkeit ausstattet. Ihr Erlebnis mit Buddha Auto Cookie beginnt mit ein paar Kichern und Euphorie und h\u00fcllt Sie allm\u00e4hlich in einen Zustand v\u00f6lliger Entspannung, der Sie an die Couch fesseln wird. Diese Sorte ist ideal bei Stress, Schmerzen, Schlaflosigkeit und Appetitlosigkeit.<\/p>\n<p style=\"text-align: justify;\">Buddha Auto Cookie r\u00fchmt sich eines hohen Harzgehalts und eines kr\u00e4ftigen Wachstums in kurzer Zeit, das wahre Outdoor-Monster hervorbringt. Insgesamt ist diese Sorte sehr \u00fcberschaubar, widerstandsf\u00e4hig und anspruchslos in Bezug auf die Pflege, was eine Erleichterung f\u00fcr Anbauanf\u00e4nger ist.<\/p>\n<p style=\"text-align: justify;\"><a style=\"background-color: #ff0000; color: #ffffff;\" href=\"https:\/\/www.youtube.com\/watch?v=xkXsNjV1bHA\" target=\"_blank\" rel=\"noreferrer noopener nofollow\">YOUTUBE \u25ba<\/a><\/p>\n","protected":false},"excerpt":{"rendered":"<p style=\"text-align: justify;\">Buddha Auto Cookie ist eine Indica-Genetik, die Sie vom ersten Zug an mit ihrem k\u00f6stlichen Aroma von Schokolade und frisch gebackenen Keksen erobern wird. Naschkatzen m\u00fcssen ihren Appetit z\u00fcgeln, denn es kann sehr s\u00fcchtig machen, besonders f\u00fcr Schokoladenfans.<\/p>\n<p style=\"text-align: justify;\">Diese Sorte r\u00fchmt sich eines hohen Harzgehalts und eines kr\u00e4ftigen Wachstums, das zu echten Outdoor-Monstern f\u00fchrt. Insgesamt ist Buddha Auto Cookie sehr pflegeleicht, widerstandsf\u00e4hig und anspruchslos, was eine Erleichterung f\u00fcr Anbauanf\u00e4nger ist.<\/p>\n","protected":false},"featured_media":4682,"template":"","meta":{"_joinchat":[]},"product_brand":[],"product_cat":[732,658],"product_tag":[1151,1428,1473,1380,1378,1436,1399,1413,1407,1195],"class_list":{"0":"post-7033","1":"product","2":"type-product","3":"status-publish","4":"has-post-thumbnail","6":"product_cat-buddha-seeds-sorten","7":"product_cat-usa-collection-strains-de","8":"product_tag-autoflowering-cannabis-samen","9":"product_tag-cannabis-indica-de","10":"product_tag-cannabis-suesser-geschmack","11":"product_tag-indoor-autoflowering-de","12":"product_tag-outdoor-autoflowering-de","13":"product_tag-produktive-selbstbluehende-pflanzen","14":"product_tag-produktives-selbstbluehendes-cannabis","15":"product_tag-schnelle-marihuana-samen","16":"product_tag-usa-genetik-samen","17":"product_tag-usa-sammlung-stamme","18":"pa_8d-tiempodecultivocrecimient-70-tage","19":"pa_efecto-am-anfang-werden-sie-lachen","20":"pa_fa-produccionenexteriorporpl-70-200-g","21":"pa_genetica-indica-de","22":"pa_produccionm-500-650-g","23":"pa_semillas-10-unidades-de","24":"pa_semillas-3-unidades-de","25":"pa_semillas-50-unidades-de","26":"pa_sexo-feminisiert","27":"pa_tipo-autoflowering-de","29":"first","30":"instock","31":"taxable","32":"shipping-taxable","33":"purchasable","34":"product-type-variable"},"yoast_head":"<!-- This site is optimized with the Yoast SEO plugin v27.3 - https:\/\/yoast.com\/product\/yoast-seo-wordpress\/ -->\n<title>Buddha Auto Cookie - Buddha Seeds<\/title>\n<meta name=\"robots\" content=\"index, follow, max-snippet:-1, max-image-preview:large, max-video-preview:-1\" \/>\n<link rel=\"canonical\" href=\"https:\/\/buddhaseedbank.com\/de\/producto\/buddha-auto-cookie\/\" \/>\n<meta property=\"og:locale\" content=\"de_DE\" \/>\n<meta property=\"og:type\" content=\"article\" \/>\n<meta property=\"og:title\" content=\"Buddha Auto Cookie - Buddha Seeds\" \/>\n<meta property=\"og:description\" content=\"Buddha Auto Cookie ist eine Indica-Genetik, die Sie vom ersten Zug an mit ihrem k\u00f6stlichen Aroma von Schokolade und frisch gebackenen Keksen erobern wird. Naschkatzen m\u00fcssen ihren Appetit z\u00fcgeln, denn es kann sehr s\u00fcchtig machen, besonders f\u00fcr Schokoladenfans. Diese Sorte r\u00fchmt sich eines hohen Harzgehalts und eines kr\u00e4ftigen Wachstums, das zu echten Outdoor-Monstern f\u00fchrt. Insgesamt ist Buddha Auto Cookie sehr pflegeleicht, widerstandsf\u00e4hig und anspruchslos, was eine Erleichterung f\u00fcr Anbauanf\u00e4nger ist.\" \/>\n<meta property=\"og:url\" content=\"https:\/\/buddhaseedbank.com\/de\/producto\/buddha-auto-cookie\/\" \/>\n<meta property=\"og:site_name\" content=\"Buddha Seeds\" \/>\n<meta property=\"article:modified_time\" content=\"2025-06-13T17:54:40+00:00\" \/>\n<meta property=\"og:image\" content=\"https:\/\/buddhaseedbank.com\/wp-content\/uploads\/2021\/06\/242-Buddha-Auto-Cookie.jpg\" \/>\n\t<meta property=\"og:image:width\" content=\"1080\" \/>\n\t<meta property=\"og:image:height\" content=\"1080\" \/>\n\t<meta property=\"og:image:type\" content=\"image\/jpeg\" \/>\n<meta name=\"twitter:card\" content=\"summary_large_image\" \/>\n<meta name=\"twitter:label1\" content=\"Gesch\u00e4tzte Lesezeit\" \/>\n\t<meta name=\"twitter:data1\" content=\"1\u00a0Minute\" \/>\n<script type=\"application\/ld+json\" class=\"yoast-schema-graph\">{\"@context\":\"https:\\\/\\\/schema.org\",\"@graph\":[{\"@type\":\"WebPage\",\"@id\":\"https:\\\/\\\/buddhaseedbank.com\\\/de\\\/producto\\\/buddha-auto-cookie\\\/\",\"url\":\"https:\\\/\\\/buddhaseedbank.com\\\/de\\\/producto\\\/buddha-auto-cookie\\\/\",\"name\":\"Buddha Auto Cookie - Buddha Seeds\",\"isPartOf\":{\"@id\":\"https:\\\/\\\/buddhaseedbank.com\\\/de\\\/#website\"},\"primaryImageOfPage\":{\"@id\":\"https:\\\/\\\/buddhaseedbank.com\\\/de\\\/producto\\\/buddha-auto-cookie\\\/#primaryimage\"},\"image\":{\"@id\":\"https:\\\/\\\/buddhaseedbank.com\\\/de\\\/producto\\\/buddha-auto-cookie\\\/#primaryimage\"},\"thumbnailUrl\":\"https:\\\/\\\/buddhaseedbank.com\\\/wp-content\\\/uploads\\\/2021\\\/06\\\/242-Buddha-Auto-Cookie.jpg\",\"datePublished\":\"2021-06-07T13:12:08+00:00\",\"dateModified\":\"2025-06-13T17:54:40+00:00\",\"breadcrumb\":{\"@id\":\"https:\\\/\\\/buddhaseedbank.com\\\/de\\\/producto\\\/buddha-auto-cookie\\\/#breadcrumb\"},\"inLanguage\":\"de\",\"potentialAction\":[{\"@type\":\"ReadAction\",\"target\":[\"https:\\\/\\\/buddhaseedbank.com\\\/de\\\/producto\\\/buddha-auto-cookie\\\/\"]}]},{\"@type\":\"ImageObject\",\"inLanguage\":\"de\",\"@id\":\"https:\\\/\\\/buddhaseedbank.com\\\/de\\\/producto\\\/buddha-auto-cookie\\\/#primaryimage\",\"url\":\"https:\\\/\\\/buddhaseedbank.com\\\/wp-content\\\/uploads\\\/2021\\\/06\\\/242-Buddha-Auto-Cookie.jpg\",\"contentUrl\":\"https:\\\/\\\/buddhaseedbank.com\\\/wp-content\\\/uploads\\\/2021\\\/06\\\/242-Buddha-Auto-Cookie.jpg\",\"width\":1080,\"height\":1080,\"caption\":\"Buddha Auto Cookie\"},{\"@type\":\"BreadcrumbList\",\"@id\":\"https:\\\/\\\/buddhaseedbank.com\\\/de\\\/producto\\\/buddha-auto-cookie\\\/#breadcrumb\",\"itemListElement\":[{\"@type\":\"ListItem\",\"position\":1,\"name\":\"Portada\",\"item\":\"https:\\\/\\\/buddhaseedbank.com\\\/de\\\/\"},{\"@type\":\"ListItem\",\"position\":2,\"name\":\"Shop\",\"item\":\"https:\\\/\\\/buddhaseedbank.com\\\/de\\\/shop\\\/\"},{\"@type\":\"ListItem\",\"position\":3,\"name\":\"Buddha Auto Cookie\"}]},{\"@type\":\"WebSite\",\"@id\":\"https:\\\/\\\/buddhaseedbank.com\\\/de\\\/#website\",\"url\":\"https:\\\/\\\/buddhaseedbank.com\\\/de\\\/\",\"name\":\"Buddha Seeds\",\"description\":\"\",\"publisher\":{\"@id\":\"https:\\\/\\\/buddhaseedbank.com\\\/de\\\/#organization\"},\"potentialAction\":[{\"@type\":\"SearchAction\",\"target\":{\"@type\":\"EntryPoint\",\"urlTemplate\":\"https:\\\/\\\/buddhaseedbank.com\\\/de\\\/?s={search_term_string}\"},\"query-input\":{\"@type\":\"PropertyValueSpecification\",\"valueRequired\":true,\"valueName\":\"search_term_string\"}}],\"inLanguage\":\"de\"},{\"@type\":\"Organization\",\"@id\":\"https:\\\/\\\/buddhaseedbank.com\\\/de\\\/#organization\",\"name\":\"Buddha Seeds\",\"url\":\"https:\\\/\\\/buddhaseedbank.com\\\/de\\\/\",\"logo\":{\"@type\":\"ImageObject\",\"inLanguage\":\"de\",\"@id\":\"https:\\\/\\\/buddhaseedbank.com\\\/de\\\/#\\\/schema\\\/logo\\\/image\\\/\",\"url\":\"https:\\\/\\\/buddhaseedbank.com\\\/wp-content\\\/uploads\\\/2024\\\/04\\\/buddha-seeds-logo-1622448424-1.png\",\"contentUrl\":\"https:\\\/\\\/buddhaseedbank.com\\\/wp-content\\\/uploads\\\/2024\\\/04\\\/buddha-seeds-logo-1622448424-1.png\",\"width\":478,\"height\":200,\"caption\":\"Buddha Seeds\"},\"image\":{\"@id\":\"https:\\\/\\\/buddhaseedbank.com\\\/de\\\/#\\\/schema\\\/logo\\\/image\\\/\"}}]}<\/script>\n<!-- \/ Yoast SEO plugin. -->","yoast_head_json":{"title":"Buddha Auto Cookie - Buddha Seeds","robots":{"index":"index","follow":"follow","max-snippet":"max-snippet:-1","max-image-preview":"max-image-preview:large","max-video-preview":"max-video-preview:-1"},"canonical":"https:\/\/buddhaseedbank.com\/de\/producto\/buddha-auto-cookie\/","og_locale":"de_DE","og_type":"article","og_title":"Buddha Auto Cookie - Buddha Seeds","og_description":"Buddha Auto Cookie ist eine Indica-Genetik, die Sie vom ersten Zug an mit ihrem k\u00f6stlichen Aroma von Schokolade und frisch gebackenen Keksen erobern wird. Naschkatzen m\u00fcssen ihren Appetit z\u00fcgeln, denn es kann sehr s\u00fcchtig machen, besonders f\u00fcr Schokoladenfans. Diese Sorte r\u00fchmt sich eines hohen Harzgehalts und eines kr\u00e4ftigen Wachstums, das zu echten Outdoor-Monstern f\u00fchrt. Insgesamt ist Buddha Auto Cookie sehr pflegeleicht, widerstandsf\u00e4hig und anspruchslos, was eine Erleichterung f\u00fcr Anbauanf\u00e4nger ist.","og_url":"https:\/\/buddhaseedbank.com\/de\/producto\/buddha-auto-cookie\/","og_site_name":"Buddha Seeds","article_modified_time":"2025-06-13T17:54:40+00:00","og_image":[{"width":1080,"height":1080,"url":"https:\/\/buddhaseedbank.com\/wp-content\/uploads\/2021\/06\/242-Buddha-Auto-Cookie.jpg","type":"image\/jpeg"}],"twitter_card":"summary_large_image","twitter_misc":{"Gesch\u00e4tzte Lesezeit":"1\u00a0Minute"},"schema":{"@context":"https:\/\/schema.org","@graph":[{"@type":"WebPage","@id":"https:\/\/buddhaseedbank.com\/de\/producto\/buddha-auto-cookie\/","url":"https:\/\/buddhaseedbank.com\/de\/producto\/buddha-auto-cookie\/","name":"Buddha Auto Cookie - Buddha Seeds","isPartOf":{"@id":"https:\/\/buddhaseedbank.com\/de\/#website"},"primaryImageOfPage":{"@id":"https:\/\/buddhaseedbank.com\/de\/producto\/buddha-auto-cookie\/#primaryimage"},"image":{"@id":"https:\/\/buddhaseedbank.com\/de\/producto\/buddha-auto-cookie\/#primaryimage"},"thumbnailUrl":"https:\/\/buddhaseedbank.com\/wp-content\/uploads\/2021\/06\/242-Buddha-Auto-Cookie.jpg","datePublished":"2021-06-07T13:12:08+00:00","dateModified":"2025-06-13T17:54:40+00:00","breadcrumb":{"@id":"https:\/\/buddhaseedbank.com\/de\/producto\/buddha-auto-cookie\/#breadcrumb"},"inLanguage":"de","potentialAction":[{"@type":"ReadAction","target":["https:\/\/buddhaseedbank.com\/de\/producto\/buddha-auto-cookie\/"]}]},{"@type":"ImageObject","inLanguage":"de","@id":"https:\/\/buddhaseedbank.com\/de\/producto\/buddha-auto-cookie\/#primaryimage","url":"https:\/\/buddhaseedbank.com\/wp-content\/uploads\/2021\/06\/242-Buddha-Auto-Cookie.jpg","contentUrl":"https:\/\/buddhaseedbank.com\/wp-content\/uploads\/2021\/06\/242-Buddha-Auto-Cookie.jpg","width":1080,"height":1080,"caption":"Buddha Auto Cookie"},{"@type":"BreadcrumbList","@id":"https:\/\/buddhaseedbank.com\/de\/producto\/buddha-auto-cookie\/#breadcrumb","itemListElement":[{"@type":"ListItem","position":1,"name":"Portada","item":"https:\/\/buddhaseedbank.com\/de\/"},{"@type":"ListItem","position":2,"name":"Shop","item":"https:\/\/buddhaseedbank.com\/de\/shop\/"},{"@type":"ListItem","position":3,"name":"Buddha Auto Cookie"}]},{"@type":"WebSite","@id":"https:\/\/buddhaseedbank.com\/de\/#website","url":"https:\/\/buddhaseedbank.com\/de\/","name":"Buddha Seeds","description":"","publisher":{"@id":"https:\/\/buddhaseedbank.com\/de\/#organization"},"potentialAction":[{"@type":"SearchAction","target":{"@type":"EntryPoint","urlTemplate":"https:\/\/buddhaseedbank.com\/de\/?s={search_term_string}"},"query-input":{"@type":"PropertyValueSpecification","valueRequired":true,"valueName":"search_term_string"}}],"inLanguage":"de"},{"@type":"Organization","@id":"https:\/\/buddhaseedbank.com\/de\/#organization","name":"Buddha Seeds","url":"https:\/\/buddhaseedbank.com\/de\/","logo":{"@type":"ImageObject","inLanguage":"de","@id":"https:\/\/buddhaseedbank.com\/de\/#\/schema\/logo\/image\/","url":"https:\/\/buddhaseedbank.com\/wp-content\/uploads\/2024\/04\/buddha-seeds-logo-1622448424-1.png","contentUrl":"https:\/\/buddhaseedbank.com\/wp-content\/uploads\/2024\/04\/buddha-seeds-logo-1622448424-1.png","width":478,"height":200,"caption":"Buddha Seeds"},"image":{"@id":"https:\/\/buddhaseedbank.com\/de\/#\/schema\/logo\/image\/"}}]}},"_links":{"self":[{"href":"https:\/\/buddhaseedbank.com\/de\/wp-json\/wp\/v2\/product\/7033","targetHints":{"allow":["GET"]}}],"collection":[{"href":"https:\/\/buddhaseedbank.com\/de\/wp-json\/wp\/v2\/product"}],"about":[{"href":"https:\/\/buddhaseedbank.com\/de\/wp-json\/wp\/v2\/types\/product"}],"wp:featuredmedia":[{"embeddable":true,"href":"https:\/\/buddhaseedbank.com\/de\/wp-json\/wp\/v2\/media\/4682"}],"wp:attachment":[{"href":"https:\/\/buddhaseedbank.com\/de\/wp-json\/wp\/v2\/media?parent=7033"}],"wp:term":[{"taxonomy":"product_brand","embeddable":true,"href":"https:\/\/buddhaseedbank.com\/de\/wp-json\/wp\/v2\/product_brand?post=7033"},{"taxonomy":"product_cat","embeddable":true,"href":"https:\/\/buddhaseedbank.com\/de\/wp-json\/wp\/v2\/product_cat?post=7033"},{"taxonomy":"product_tag","embeddable":true,"href":"https:\/\/buddhaseedbank.com\/de\/wp-json\/wp\/v2\/product_tag?post=7033"}],"curies":[{"name":"wp","href":"https:\/\/api.w.org\/{rel}","templated":true}]}}