{"id":7053,"date":"2020-12-03T11:42:18","date_gmt":"2020-12-03T10:42:18","guid":{"rendered":"https:\/\/buddhaseedbank.com\/producto\/buddha-auto-skunk\/"},"modified":"2025-05-07T17:33:52","modified_gmt":"2025-05-07T15:33:52","slug":"buddha-auto-skunk","status":"publish","type":"product","link":"https:\/\/buddhaseedbank.com\/de\/producto\/buddha-auto-skunk\/","title":{"rendered":"Buddha Auto Skunk"},"content":{"rendered":"<p style=\"text-align: justify;\">Skunk r\u00fchmt sich, eine der bekanntesten Hybriden unter den Z\u00fcchtern zu sein. Dieser kommerzielle Ruf ist zum Teil auf die treffende Nomenklatur zur\u00fcckzuf\u00fchren, denn <strong>Skunk-Exemplare verstr\u00f6men ein <\/strong>sehr ausgepr\u00e4gtes <strong>s\u00fc\u00dfes Aroma <\/strong>.<\/p>\n<p style=\"text-align: justify;\">Die <strong>Geschichte von Skunk<\/strong> bietet genug Stoff f\u00fcr eine Fernsehserie. Und einer der Hauptakteure bei der Entstehung dieses Klassikers ist der <em>Z\u00fcchter<\/em> Sam &#8218;The Skunkman&#8216;, der zusammen mit einer Gruppe von Partnern die ersten Schritte einer Legende schrieb.<\/p>\n<p style=\"text-align: justify;\">Die Situation in den Vereinigten Staaten war heikel, da st\u00e4ndiger politischer Druck gegen Drogen an der Tagesordnung war. Deshalb musste Skunk den Sprung auf den europ\u00e4ischen Kontinent wagen, auf der Suche nach einer Gelegenheit. Und es dauerte nicht lange, bis er sie fand, denn sie <strong>wurde an eine renommierte<\/strong> niederl\u00e4ndische <strong>Saatgutbank \u00fcbergeben<\/strong>.<\/p>\n<p style=\"text-align: justify;\">Wir von <strong>Buddha Seeds<\/strong> haben nicht gez\u00f6gert, diese Sorte in die Sammlung der Klassiker mit unserer eigenen Identit\u00e4t aufzunehmen und ihr <strong>mit<\/strong> <strong>Buddha Auto Skunk<\/strong> <strong>Tribut zu zollen<\/strong>. Es ist uns gelungen, die attraktivsten Aspekte herauszuarbeiten, die die Z\u00fcchter an dieser Genetik so sehr sch\u00e4tzen.<\/p>\n<p style=\"text-align: justify;\">Die <strong>Eigenschaften von Buddha Auto Skunk<\/strong> lassen sich als sativadominierter Hybrid mit stabiler Einheitlichkeit, <strong>stark, potent und produktiv<\/strong> zusammenfassen. Die Anbauzeit ist schnell, vor allem wenn man das Ergebnis der letzten Ernte bedenkt. Es ist ratsam, Ger\u00fcche in Innenkulturen mit Antigeruchsfiltern zu beseitigen und in Au\u00dfenkulturen Diskretion zu wahren, da ihre Anwesenheit ber\u00fcchtigt ist.<\/p>\n<p style=\"text-align: justify;\">Die Sativa-Genetik ist in jedem einzelnen Exemplar der <strong>Buddha Auto Skunk<\/strong> offensichtlich. Sie ist auffallend prunkvoll, mit auff\u00e4lligen Bl\u00fctenkelchen und reichlich Bl\u00fctenstempeln, die <strong>volumin\u00f6se Knospen bilden<\/strong>. Die Wirkung ist die einer echten Sativa, reine zerebrale Energie, die Kreativit\u00e4t, soziale Schwingungen und pers\u00f6nliche Vitalit\u00e4t f\u00f6rdern wird.<\/p>\n<p style=\"text-align: justify;\">Sein Geschmack ist unbeschreiblich. Man k\u00f6nnte sagen, dass es <strong>das Marihuana-Aroma schlechthin<\/strong> ist. Obwohl sie immer den gleichen Skunk-Hintergrund hat, weist sie eine unglaubliche aromatische Vielfalt auf, die von fruchtigen Zitrusfr\u00fcchten bis zu bei\u00dfenden Aromen reicht.<\/p>\n<p style=\"text-align: justify;\"><a style=\"background-color: #ff0000; color: #ffffff;\" href=\"https:\/\/www.youtube.com\/watch?v=0L_GaJYVzSc\" target=\"_blank\" rel=\"noreferrer noopener nofollow\">YOUTUBE \u25ba<\/a><\/p>\n","protected":false},"excerpt":{"rendered":"<p style=\"text-align: justify;\">Die <strong>Eigenschaften von Buddha Auto Skunk<\/strong> lassen sich als sativadominierter Hybrid mit stabiler Einheitlichkeit, <strong>stark, potent und produktiv<\/strong> zusammenfassen. Die Anbauzeit ist schnell, vor allem wenn man das Ergebnis der letzten Ernte bedenkt. Es ist ratsam, Ger\u00fcche in Innenkulturen mit Antigeruchsfiltern zu beseitigen und in Au\u00dfenkulturen Diskretion zu wahren, da ihre Anwesenheit ber\u00fcchtigt ist.<\/p>\n","protected":false},"featured_media":4547,"template":"","meta":{"_joinchat":[]},"product_brand":[],"product_cat":[732,733],"product_tag":[1151,1386,1393,1460,1507,1503,1380,1378,1485],"class_list":{"0":"post-7053","1":"product","2":"type-product","3":"status-publish","4":"has-post-thumbnail","6":"product_cat-buddha-seeds-sorten","7":"product_cat-classics-buddha-seeds","8":"product_tag-autoflowering-cannabis-samen","9":"product_tag-autoflowering-sativa","10":"product_tag-cannabis-mit-starker-wirkung","11":"product_tag-cannabis-sativa-de","12":"product_tag-cannabis-klassiker","13":"product_tag-indoor-cannabis-de","14":"product_tag-indoor-autoflowering-de","15":"product_tag-outdoor-autoflowering-de","16":"product_tag-produktive-autoflower","17":"pa_8d-tiempodecultivocrecimient-75-tage","18":"pa_efecto-gehirnenergie-die-kreativitat-soziale-lebendigkeit-und-personliche-vitalitat-fordern-wird","19":"pa_fa-produccionenexteriorporpl-80-120-gr","20":"pa_genetica-indica-de","21":"pa_produccionm-450-550-gr","22":"pa_semillas-10-unidades-de","23":"pa_semillas-3-unidades-de","24":"pa_semillas-50-unidades-de","25":"pa_sexo-feminisiert","26":"pa_tipo-autoflowering-de","28":"first","29":"instock","30":"taxable","31":"shipping-taxable","32":"purchasable","33":"product-type-variable"},"yoast_head":"<!-- This site is optimized with the Yoast SEO plugin v27.5 - https:\/\/yoast.com\/product\/yoast-seo-wordpress\/ -->\n<title>Buddha Auto Skunk - Buddha Seeds<\/title>\n<meta name=\"description\" content=\"Buddha Autoflowering Skunk ist eine sativadominierte Cannabishybride, die gleichm\u00e4\u00dfig stabil, stark, potent und produktiv ist.\" \/>\n<meta name=\"robots\" content=\"index, follow, max-snippet:-1, max-image-preview:large, max-video-preview:-1\" \/>\n<link rel=\"canonical\" href=\"https:\/\/buddhaseedbank.com\/de\/producto\/buddha-auto-skunk\/\" \/>\n<meta property=\"og:locale\" content=\"de_DE\" \/>\n<meta property=\"og:type\" content=\"article\" \/>\n<meta property=\"og:title\" content=\"Buddha Auto Skunk - Buddha Seeds\" \/>\n<meta property=\"og:description\" content=\"Buddha Autoflowering Skunk ist eine sativadominierte Cannabishybride, die gleichm\u00e4\u00dfig stabil, stark, potent und produktiv ist.\" \/>\n<meta property=\"og:url\" content=\"https:\/\/buddhaseedbank.com\/de\/producto\/buddha-auto-skunk\/\" \/>\n<meta property=\"og:site_name\" content=\"Buddha Seeds\" \/>\n<meta property=\"article:modified_time\" content=\"2025-05-07T15:33:52+00:00\" \/>\n<meta property=\"og:image\" content=\"https:\/\/buddhaseedbank.com\/wp-content\/uploads\/2020\/12\/220-Buddha-Auto-Skunk.jpg\" \/>\n\t<meta property=\"og:image:width\" content=\"1080\" \/>\n\t<meta property=\"og:image:height\" content=\"1080\" \/>\n\t<meta property=\"og:image:type\" content=\"image\/jpeg\" \/>\n<meta name=\"twitter:card\" content=\"summary_large_image\" \/>\n<meta name=\"twitter:label1\" content=\"Gesch\u00e4tzte Lesezeit\" \/>\n\t<meta name=\"twitter:data1\" content=\"2\u00a0Minuten\" \/>\n<script type=\"application\/ld+json\" class=\"yoast-schema-graph\">{\"@context\":\"https:\\\/\\\/schema.org\",\"@graph\":[{\"@type\":\"WebPage\",\"@id\":\"https:\\\/\\\/buddhaseedbank.com\\\/de\\\/producto\\\/buddha-auto-skunk\\\/\",\"url\":\"https:\\\/\\\/buddhaseedbank.com\\\/de\\\/producto\\\/buddha-auto-skunk\\\/\",\"name\":\"Buddha Auto Skunk - Buddha Seeds\",\"isPartOf\":{\"@id\":\"https:\\\/\\\/buddhaseedbank.com\\\/de\\\/#website\"},\"primaryImageOfPage\":{\"@id\":\"https:\\\/\\\/buddhaseedbank.com\\\/de\\\/producto\\\/buddha-auto-skunk\\\/#primaryimage\"},\"image\":{\"@id\":\"https:\\\/\\\/buddhaseedbank.com\\\/de\\\/producto\\\/buddha-auto-skunk\\\/#primaryimage\"},\"thumbnailUrl\":\"https:\\\/\\\/buddhaseedbank.com\\\/wp-content\\\/uploads\\\/2020\\\/12\\\/220-Buddha-Auto-Skunk.jpg\",\"datePublished\":\"2020-12-03T10:42:18+00:00\",\"dateModified\":\"2025-05-07T15:33:52+00:00\",\"description\":\"Buddha Autoflowering Skunk ist eine sativadominierte Cannabishybride, die gleichm\u00e4\u00dfig stabil, stark, potent und produktiv ist.\",\"breadcrumb\":{\"@id\":\"https:\\\/\\\/buddhaseedbank.com\\\/de\\\/producto\\\/buddha-auto-skunk\\\/#breadcrumb\"},\"inLanguage\":\"de\",\"potentialAction\":[{\"@type\":\"ReadAction\",\"target\":[\"https:\\\/\\\/buddhaseedbank.com\\\/de\\\/producto\\\/buddha-auto-skunk\\\/\"]}]},{\"@type\":\"ImageObject\",\"inLanguage\":\"de\",\"@id\":\"https:\\\/\\\/buddhaseedbank.com\\\/de\\\/producto\\\/buddha-auto-skunk\\\/#primaryimage\",\"url\":\"https:\\\/\\\/buddhaseedbank.com\\\/wp-content\\\/uploads\\\/2020\\\/12\\\/220-Buddha-Auto-Skunk.jpg\",\"contentUrl\":\"https:\\\/\\\/buddhaseedbank.com\\\/wp-content\\\/uploads\\\/2020\\\/12\\\/220-Buddha-Auto-Skunk.jpg\",\"width\":1080,\"height\":1080,\"caption\":\"Buddha Auto Skunk\"},{\"@type\":\"BreadcrumbList\",\"@id\":\"https:\\\/\\\/buddhaseedbank.com\\\/de\\\/producto\\\/buddha-auto-skunk\\\/#breadcrumb\",\"itemListElement\":[{\"@type\":\"ListItem\",\"position\":1,\"name\":\"Portada\",\"item\":\"https:\\\/\\\/buddhaseedbank.com\\\/de\\\/\"},{\"@type\":\"ListItem\",\"position\":2,\"name\":\"Shop\",\"item\":\"https:\\\/\\\/buddhaseedbank.com\\\/de\\\/shop\\\/\"},{\"@type\":\"ListItem\",\"position\":3,\"name\":\"Buddha Auto Skunk\"}]},{\"@type\":\"WebSite\",\"@id\":\"https:\\\/\\\/buddhaseedbank.com\\\/de\\\/#website\",\"url\":\"https:\\\/\\\/buddhaseedbank.com\\\/de\\\/\",\"name\":\"Buddha Seeds\",\"description\":\"\",\"publisher\":{\"@id\":\"https:\\\/\\\/buddhaseedbank.com\\\/de\\\/#organization\"},\"potentialAction\":[{\"@type\":\"SearchAction\",\"target\":{\"@type\":\"EntryPoint\",\"urlTemplate\":\"https:\\\/\\\/buddhaseedbank.com\\\/de\\\/?s={search_term_string}\"},\"query-input\":{\"@type\":\"PropertyValueSpecification\",\"valueRequired\":true,\"valueName\":\"search_term_string\"}}],\"inLanguage\":\"de\"},{\"@type\":\"Organization\",\"@id\":\"https:\\\/\\\/buddhaseedbank.com\\\/de\\\/#organization\",\"name\":\"Buddha Seeds\",\"url\":\"https:\\\/\\\/buddhaseedbank.com\\\/de\\\/\",\"logo\":{\"@type\":\"ImageObject\",\"inLanguage\":\"de\",\"@id\":\"https:\\\/\\\/buddhaseedbank.com\\\/de\\\/#\\\/schema\\\/logo\\\/image\\\/\",\"url\":\"https:\\\/\\\/buddhaseedbank.com\\\/wp-content\\\/uploads\\\/2024\\\/04\\\/buddha-seeds-logo-1622448424-1.png\",\"contentUrl\":\"https:\\\/\\\/buddhaseedbank.com\\\/wp-content\\\/uploads\\\/2024\\\/04\\\/buddha-seeds-logo-1622448424-1.png\",\"width\":478,\"height\":200,\"caption\":\"Buddha Seeds\"},\"image\":{\"@id\":\"https:\\\/\\\/buddhaseedbank.com\\\/de\\\/#\\\/schema\\\/logo\\\/image\\\/\"}}]}<\/script>\n<!-- \/ Yoast SEO plugin. -->","yoast_head_json":{"title":"Buddha Auto Skunk - Buddha Seeds","description":"Buddha Autoflowering Skunk ist eine sativadominierte Cannabishybride, die gleichm\u00e4\u00dfig stabil, stark, potent und produktiv ist.","robots":{"index":"index","follow":"follow","max-snippet":"max-snippet:-1","max-image-preview":"max-image-preview:large","max-video-preview":"max-video-preview:-1"},"canonical":"https:\/\/buddhaseedbank.com\/de\/producto\/buddha-auto-skunk\/","og_locale":"de_DE","og_type":"article","og_title":"Buddha Auto Skunk - Buddha Seeds","og_description":"Buddha Autoflowering Skunk ist eine sativadominierte Cannabishybride, die gleichm\u00e4\u00dfig stabil, stark, potent und produktiv ist.","og_url":"https:\/\/buddhaseedbank.com\/de\/producto\/buddha-auto-skunk\/","og_site_name":"Buddha Seeds","article_modified_time":"2025-05-07T15:33:52+00:00","og_image":[{"width":1080,"height":1080,"url":"https:\/\/buddhaseedbank.com\/wp-content\/uploads\/2020\/12\/220-Buddha-Auto-Skunk.jpg","type":"image\/jpeg"}],"twitter_card":"summary_large_image","twitter_misc":{"Gesch\u00e4tzte Lesezeit":"2\u00a0Minuten"},"schema":{"@context":"https:\/\/schema.org","@graph":[{"@type":"WebPage","@id":"https:\/\/buddhaseedbank.com\/de\/producto\/buddha-auto-skunk\/","url":"https:\/\/buddhaseedbank.com\/de\/producto\/buddha-auto-skunk\/","name":"Buddha Auto Skunk - Buddha Seeds","isPartOf":{"@id":"https:\/\/buddhaseedbank.com\/de\/#website"},"primaryImageOfPage":{"@id":"https:\/\/buddhaseedbank.com\/de\/producto\/buddha-auto-skunk\/#primaryimage"},"image":{"@id":"https:\/\/buddhaseedbank.com\/de\/producto\/buddha-auto-skunk\/#primaryimage"},"thumbnailUrl":"https:\/\/buddhaseedbank.com\/wp-content\/uploads\/2020\/12\/220-Buddha-Auto-Skunk.jpg","datePublished":"2020-12-03T10:42:18+00:00","dateModified":"2025-05-07T15:33:52+00:00","description":"Buddha Autoflowering Skunk ist eine sativadominierte Cannabishybride, die gleichm\u00e4\u00dfig stabil, stark, potent und produktiv ist.","breadcrumb":{"@id":"https:\/\/buddhaseedbank.com\/de\/producto\/buddha-auto-skunk\/#breadcrumb"},"inLanguage":"de","potentialAction":[{"@type":"ReadAction","target":["https:\/\/buddhaseedbank.com\/de\/producto\/buddha-auto-skunk\/"]}]},{"@type":"ImageObject","inLanguage":"de","@id":"https:\/\/buddhaseedbank.com\/de\/producto\/buddha-auto-skunk\/#primaryimage","url":"https:\/\/buddhaseedbank.com\/wp-content\/uploads\/2020\/12\/220-Buddha-Auto-Skunk.jpg","contentUrl":"https:\/\/buddhaseedbank.com\/wp-content\/uploads\/2020\/12\/220-Buddha-Auto-Skunk.jpg","width":1080,"height":1080,"caption":"Buddha Auto Skunk"},{"@type":"BreadcrumbList","@id":"https:\/\/buddhaseedbank.com\/de\/producto\/buddha-auto-skunk\/#breadcrumb","itemListElement":[{"@type":"ListItem","position":1,"name":"Portada","item":"https:\/\/buddhaseedbank.com\/de\/"},{"@type":"ListItem","position":2,"name":"Shop","item":"https:\/\/buddhaseedbank.com\/de\/shop\/"},{"@type":"ListItem","position":3,"name":"Buddha Auto Skunk"}]},{"@type":"WebSite","@id":"https:\/\/buddhaseedbank.com\/de\/#website","url":"https:\/\/buddhaseedbank.com\/de\/","name":"Buddha Seeds","description":"","publisher":{"@id":"https:\/\/buddhaseedbank.com\/de\/#organization"},"potentialAction":[{"@type":"SearchAction","target":{"@type":"EntryPoint","urlTemplate":"https:\/\/buddhaseedbank.com\/de\/?s={search_term_string}"},"query-input":{"@type":"PropertyValueSpecification","valueRequired":true,"valueName":"search_term_string"}}],"inLanguage":"de"},{"@type":"Organization","@id":"https:\/\/buddhaseedbank.com\/de\/#organization","name":"Buddha Seeds","url":"https:\/\/buddhaseedbank.com\/de\/","logo":{"@type":"ImageObject","inLanguage":"de","@id":"https:\/\/buddhaseedbank.com\/de\/#\/schema\/logo\/image\/","url":"https:\/\/buddhaseedbank.com\/wp-content\/uploads\/2024\/04\/buddha-seeds-logo-1622448424-1.png","contentUrl":"https:\/\/buddhaseedbank.com\/wp-content\/uploads\/2024\/04\/buddha-seeds-logo-1622448424-1.png","width":478,"height":200,"caption":"Buddha Seeds"},"image":{"@id":"https:\/\/buddhaseedbank.com\/de\/#\/schema\/logo\/image\/"}}]}},"_links":{"self":[{"href":"https:\/\/buddhaseedbank.com\/de\/wp-json\/wp\/v2\/product\/7053","targetHints":{"allow":["GET"]}}],"collection":[{"href":"https:\/\/buddhaseedbank.com\/de\/wp-json\/wp\/v2\/product"}],"about":[{"href":"https:\/\/buddhaseedbank.com\/de\/wp-json\/wp\/v2\/types\/product"}],"wp:featuredmedia":[{"embeddable":true,"href":"https:\/\/buddhaseedbank.com\/de\/wp-json\/wp\/v2\/media\/4547"}],"wp:attachment":[{"href":"https:\/\/buddhaseedbank.com\/de\/wp-json\/wp\/v2\/media?parent=7053"}],"wp:term":[{"taxonomy":"product_brand","embeddable":true,"href":"https:\/\/buddhaseedbank.com\/de\/wp-json\/wp\/v2\/product_brand?post=7053"},{"taxonomy":"product_cat","embeddable":true,"href":"https:\/\/buddhaseedbank.com\/de\/wp-json\/wp\/v2\/product_cat?post=7053"},{"taxonomy":"product_tag","embeddable":true,"href":"https:\/\/buddhaseedbank.com\/de\/wp-json\/wp\/v2\/product_tag?post=7053"}],"curies":[{"name":"wp","href":"https:\/\/api.w.org\/{rel}","templated":true}]}}