{"id":7058,"date":"2020-12-03T11:20:43","date_gmt":"2020-12-03T10:20:43","guid":{"rendered":"https:\/\/buddhaseedbank.com\/producto\/buddha-stinktier\/"},"modified":"2024-09-04T16:22:27","modified_gmt":"2024-09-04T14:22:27","slug":"buddha-stinktier","status":"publish","type":"product","link":"https:\/\/buddhaseedbank.com\/de\/producto\/buddha-stinktier\/","title":{"rendered":"Buddha Skunk"},"content":{"rendered":"<p style=\"text-align: justify;\">Skunk r\u00fchmt sich, eine der bekanntesten Hybriden unter den Z\u00fcchtern zu sein. Dieser kommerzielle Ruf ist zum Teil auf die treffende Nomenklatur zur\u00fcckzuf\u00fchren, denn <strong>Skunk-Exemplare verstr\u00f6men ein <\/strong>sehr ausgepr\u00e4gtes <strong>s\u00fc\u00dfes Aroma <\/strong>.<\/p>\n<p style=\"text-align: justify;\">Die <strong>Geschichte von Skunk<\/strong> bietet genug Stoff f\u00fcr eine Fernsehserie. Und einer der Hauptakteure bei der Entstehung dieses Klassikers ist der <em>Z\u00fcchter<\/em> Sam &#8218;The Skunkman&#8216;, der zusammen mit einer Gruppe von Partnern die ersten Schritte einer Legende schrieb.<\/p>\n<p style=\"text-align: justify;\">Die Situation in den Vereinigten Staaten war heikel, da st\u00e4ndiger politischer Druck gegen Drogen an der Tagesordnung war. Deshalb musste Skunk den Sprung auf den europ\u00e4ischen Kontinent wagen, auf der Suche nach einer Gelegenheit. Und es dauerte nicht lange, bis er sie fand, denn sie <strong>wurde an eine renommierte<\/strong> niederl\u00e4ndische <strong>Saatgutbank \u00fcbergeben<\/strong>.<\/p>\n<p style=\"text-align: justify;\">Wir von <strong>Buddha Seeds<\/strong> haben nicht gez\u00f6gert, diese Sorte in die Sammlung der Klassiker mit unserer eigenen Identit\u00e4t aufzunehmen und ihr <strong>mit<\/strong> <strong>Buddha Skunk<\/strong> <strong>Tribut zu zollen<\/strong>. Unserem Team ist es gelungen, die attraktivsten Aspekte herauszuarbeiten, die Z\u00fcchter an dieser Genetik so sehr sch\u00e4tzen.<\/p>\n<p style=\"text-align: justify;\">Die <strong>Eigenschaften von<\/strong> <strong>Buddha Skunk<\/strong> lassen sich als sativadominierter Hybrid mit stabiler Einheitlichkeit<strong>, stark, potent und produktiv<\/strong> zusammenfassen. Die Bl\u00fctezeit ist kurz, vor allem wenn man das Ergebnis der letzten Ernte bedenkt. Es ist ratsam, Ger\u00fcche in <em>Innenkulturen<\/em> mit Anti-Geruchsfiltern zu beseitigen, da ihre Anwesenheit ber\u00fcchtigt ist.<\/p>\n<p style=\"text-align: justify;\">Die Sativa-Genetik ist in jeder einzelnen <strong>Buddha Skunk<\/strong> offensichtlich. Sie zeichnet sich durch ihre Auff\u00e4lligkeit aus, die sich in den auff\u00e4lligen Bl\u00fctenkelchen und den reichlich vorhandenen Stempeln zeigt, die <strong>volumin\u00f6se Knospen bilden<\/strong>. Die Wirkung ist die einer echten Sativa: reine zerebrale Energie, die Kreativit\u00e4t, soziale Schwingungen und pers\u00f6nliche Vitalit\u00e4t f\u00f6rdern wird.<\/p>\n<p style=\"text-align: justify;\">Sein Geschmack ist unbeschreiblich. Man k\u00f6nnte sagen, dass es <strong>das Marihuana-Aroma schlechthin<\/strong> ist. Obwohl sie immer den gleichen Skunk-Hintergrund hat, weist sie eine unglaubliche aromatische Vielfalt auf, die von fruchtigen Zitrusfr\u00fcchten bis zu bei\u00dfenden Aromen reicht.<\/p>\n","protected":false},"excerpt":{"rendered":"<p style=\"text-align: justify;\">Die <strong>Eigenschaften von<\/strong> <strong>Buddha Skunk<\/strong> lassen sich als sativadominierter Hybrid mit stabiler Einheitlichkeit<strong>, stark, potent und produktiv<\/strong> zusammenfassen. Die Bl\u00fctezeit ist kurz, vor allem wenn man das Ergebnis der letzten Ernte bedenkt. Es ist ratsam, Ger\u00fcche in <em>Innenkulturen<\/em> mit Anti-Geruchsfiltern zu beseitigen, da ihre Anwesenheit ber\u00fcchtigt ist.<\/p>\n","protected":false},"featured_media":4522,"template":"","meta":{"_joinchat":[]},"product_brand":[],"product_cat":[732,733],"product_tag":[1393,1460,1507,1480,1391],"class_list":{"0":"post-7058","1":"product","2":"type-product","3":"status-publish","4":"has-post-thumbnail","6":"product_cat-buddha-seeds-sorten","7":"product_cat-classics-buddha-seeds","8":"product_tag-cannabis-mit-starker-wirkung","9":"product_tag-cannabis-sativa-de","10":"product_tag-cannabis-klassiker","11":"product_tag-lichtabhaengige-samen","12":"product_tag-produktiv-hanf","13":"pa_efecto-gehirnenergie-die-kreativitat-soziale-lebendigkeit-und-personliche-vitalitat-fordern-wird","14":"pa_fa-produccionenexteriorporpl-500-1500-gr","15":"pa_genetica-sativa-de","16":"pa_mesdecosecha-zweite-oktoberhalfte-nordliche-hemisphare-zweite-aprilhalfte-sudliche-hemisphare","17":"pa_produccionm-400-550-gr","18":"pa_semillas-10-unidades-de","19":"pa_semillas-3-unidades-de","20":"pa_semillas-50-unidades-de","21":"pa_sexo-feminisiert","22":"pa_tiempodefloracion-65-70-tage","23":"pa_tipo-photodependent-de","25":"first","26":"instock","27":"taxable","28":"shipping-taxable","29":"purchasable","30":"product-type-variable"},"yoast_head":"<!-- This site is optimized with the Yoast SEO plugin v27.3 - https:\/\/yoast.com\/product\/yoast-seo-wordpress\/ -->\n<title>Buddha Skunk - Buddha Seeds<\/title>\n<meta name=\"description\" content=\"Die Sativa-Genetik ist in jeder einzelnen Buddha Skunk offensichtlich. Sie zeichnet sich durch ihre Auff\u00e4lligkeit aus, die aus volumin\u00f6sen Knospen besteht.\" \/>\n<meta name=\"robots\" content=\"index, follow, max-snippet:-1, max-image-preview:large, max-video-preview:-1\" \/>\n<link rel=\"canonical\" href=\"https:\/\/buddhaseedbank.com\/de\/producto\/buddha-stinktier\/\" \/>\n<meta property=\"og:locale\" content=\"de_DE\" \/>\n<meta property=\"og:type\" content=\"article\" \/>\n<meta property=\"og:title\" content=\"Buddha Skunk - Buddha Seeds\" \/>\n<meta property=\"og:description\" content=\"Die Sativa-Genetik ist in jeder einzelnen Buddha Skunk offensichtlich. Sie zeichnet sich durch ihre Auff\u00e4lligkeit aus, die aus volumin\u00f6sen Knospen besteht.\" \/>\n<meta property=\"og:url\" content=\"https:\/\/buddhaseedbank.com\/de\/producto\/buddha-stinktier\/\" \/>\n<meta property=\"og:site_name\" content=\"Buddha Seeds\" \/>\n<meta property=\"article:modified_time\" content=\"2024-09-04T14:22:27+00:00\" \/>\n<meta property=\"og:image\" content=\"https:\/\/buddhaseedbank.com\/wp-content\/uploads\/2020\/12\/219-Buddha-Skunk.jpg\" \/>\n\t<meta property=\"og:image:width\" content=\"1080\" \/>\n\t<meta property=\"og:image:height\" content=\"1080\" \/>\n\t<meta property=\"og:image:type\" content=\"image\/jpeg\" \/>\n<meta name=\"twitter:card\" content=\"summary_large_image\" \/>\n<meta name=\"twitter:label1\" content=\"Gesch\u00e4tzte Lesezeit\" \/>\n\t<meta name=\"twitter:data1\" content=\"2\u00a0Minuten\" \/>\n<script type=\"application\/ld+json\" class=\"yoast-schema-graph\">{\"@context\":\"https:\\\/\\\/schema.org\",\"@graph\":[{\"@type\":\"WebPage\",\"@id\":\"https:\\\/\\\/buddhaseedbank.com\\\/de\\\/producto\\\/buddha-stinktier\\\/\",\"url\":\"https:\\\/\\\/buddhaseedbank.com\\\/de\\\/producto\\\/buddha-stinktier\\\/\",\"name\":\"Buddha Skunk - Buddha Seeds\",\"isPartOf\":{\"@id\":\"https:\\\/\\\/buddhaseedbank.com\\\/de\\\/#website\"},\"primaryImageOfPage\":{\"@id\":\"https:\\\/\\\/buddhaseedbank.com\\\/de\\\/producto\\\/buddha-stinktier\\\/#primaryimage\"},\"image\":{\"@id\":\"https:\\\/\\\/buddhaseedbank.com\\\/de\\\/producto\\\/buddha-stinktier\\\/#primaryimage\"},\"thumbnailUrl\":\"https:\\\/\\\/buddhaseedbank.com\\\/wp-content\\\/uploads\\\/2020\\\/12\\\/219-Buddha-Skunk.jpg\",\"datePublished\":\"2020-12-03T10:20:43+00:00\",\"dateModified\":\"2024-09-04T14:22:27+00:00\",\"description\":\"Die Sativa-Genetik ist in jeder einzelnen Buddha Skunk offensichtlich. Sie zeichnet sich durch ihre Auff\u00e4lligkeit aus, die aus volumin\u00f6sen Knospen besteht.\",\"breadcrumb\":{\"@id\":\"https:\\\/\\\/buddhaseedbank.com\\\/de\\\/producto\\\/buddha-stinktier\\\/#breadcrumb\"},\"inLanguage\":\"de\",\"potentialAction\":[{\"@type\":\"ReadAction\",\"target\":[\"https:\\\/\\\/buddhaseedbank.com\\\/de\\\/producto\\\/buddha-stinktier\\\/\"]}]},{\"@type\":\"ImageObject\",\"inLanguage\":\"de\",\"@id\":\"https:\\\/\\\/buddhaseedbank.com\\\/de\\\/producto\\\/buddha-stinktier\\\/#primaryimage\",\"url\":\"https:\\\/\\\/buddhaseedbank.com\\\/wp-content\\\/uploads\\\/2020\\\/12\\\/219-Buddha-Skunk.jpg\",\"contentUrl\":\"https:\\\/\\\/buddhaseedbank.com\\\/wp-content\\\/uploads\\\/2020\\\/12\\\/219-Buddha-Skunk.jpg\",\"width\":1080,\"height\":1080,\"caption\":\"Buddha Stinktier\"},{\"@type\":\"BreadcrumbList\",\"@id\":\"https:\\\/\\\/buddhaseedbank.com\\\/de\\\/producto\\\/buddha-stinktier\\\/#breadcrumb\",\"itemListElement\":[{\"@type\":\"ListItem\",\"position\":1,\"name\":\"Portada\",\"item\":\"https:\\\/\\\/buddhaseedbank.com\\\/de\\\/\"},{\"@type\":\"ListItem\",\"position\":2,\"name\":\"Shop\",\"item\":\"https:\\\/\\\/buddhaseedbank.com\\\/de\\\/shop\\\/\"},{\"@type\":\"ListItem\",\"position\":3,\"name\":\"Buddha Skunk\"}]},{\"@type\":\"WebSite\",\"@id\":\"https:\\\/\\\/buddhaseedbank.com\\\/de\\\/#website\",\"url\":\"https:\\\/\\\/buddhaseedbank.com\\\/de\\\/\",\"name\":\"Buddha Seeds\",\"description\":\"\",\"publisher\":{\"@id\":\"https:\\\/\\\/buddhaseedbank.com\\\/de\\\/#organization\"},\"potentialAction\":[{\"@type\":\"SearchAction\",\"target\":{\"@type\":\"EntryPoint\",\"urlTemplate\":\"https:\\\/\\\/buddhaseedbank.com\\\/de\\\/?s={search_term_string}\"},\"query-input\":{\"@type\":\"PropertyValueSpecification\",\"valueRequired\":true,\"valueName\":\"search_term_string\"}}],\"inLanguage\":\"de\"},{\"@type\":\"Organization\",\"@id\":\"https:\\\/\\\/buddhaseedbank.com\\\/de\\\/#organization\",\"name\":\"Buddha Seeds\",\"url\":\"https:\\\/\\\/buddhaseedbank.com\\\/de\\\/\",\"logo\":{\"@type\":\"ImageObject\",\"inLanguage\":\"de\",\"@id\":\"https:\\\/\\\/buddhaseedbank.com\\\/de\\\/#\\\/schema\\\/logo\\\/image\\\/\",\"url\":\"https:\\\/\\\/buddhaseedbank.com\\\/wp-content\\\/uploads\\\/2024\\\/04\\\/buddha-seeds-logo-1622448424-1.png\",\"contentUrl\":\"https:\\\/\\\/buddhaseedbank.com\\\/wp-content\\\/uploads\\\/2024\\\/04\\\/buddha-seeds-logo-1622448424-1.png\",\"width\":478,\"height\":200,\"caption\":\"Buddha Seeds\"},\"image\":{\"@id\":\"https:\\\/\\\/buddhaseedbank.com\\\/de\\\/#\\\/schema\\\/logo\\\/image\\\/\"}}]}<\/script>\n<!-- \/ Yoast SEO plugin. -->","yoast_head_json":{"title":"Buddha Skunk - Buddha Seeds","description":"Die Sativa-Genetik ist in jeder einzelnen Buddha Skunk offensichtlich. Sie zeichnet sich durch ihre Auff\u00e4lligkeit aus, die aus volumin\u00f6sen Knospen besteht.","robots":{"index":"index","follow":"follow","max-snippet":"max-snippet:-1","max-image-preview":"max-image-preview:large","max-video-preview":"max-video-preview:-1"},"canonical":"https:\/\/buddhaseedbank.com\/de\/producto\/buddha-stinktier\/","og_locale":"de_DE","og_type":"article","og_title":"Buddha Skunk - Buddha Seeds","og_description":"Die Sativa-Genetik ist in jeder einzelnen Buddha Skunk offensichtlich. Sie zeichnet sich durch ihre Auff\u00e4lligkeit aus, die aus volumin\u00f6sen Knospen besteht.","og_url":"https:\/\/buddhaseedbank.com\/de\/producto\/buddha-stinktier\/","og_site_name":"Buddha Seeds","article_modified_time":"2024-09-04T14:22:27+00:00","og_image":[{"width":1080,"height":1080,"url":"https:\/\/buddhaseedbank.com\/wp-content\/uploads\/2020\/12\/219-Buddha-Skunk.jpg","type":"image\/jpeg"}],"twitter_card":"summary_large_image","twitter_misc":{"Gesch\u00e4tzte Lesezeit":"2\u00a0Minuten"},"schema":{"@context":"https:\/\/schema.org","@graph":[{"@type":"WebPage","@id":"https:\/\/buddhaseedbank.com\/de\/producto\/buddha-stinktier\/","url":"https:\/\/buddhaseedbank.com\/de\/producto\/buddha-stinktier\/","name":"Buddha Skunk - Buddha Seeds","isPartOf":{"@id":"https:\/\/buddhaseedbank.com\/de\/#website"},"primaryImageOfPage":{"@id":"https:\/\/buddhaseedbank.com\/de\/producto\/buddha-stinktier\/#primaryimage"},"image":{"@id":"https:\/\/buddhaseedbank.com\/de\/producto\/buddha-stinktier\/#primaryimage"},"thumbnailUrl":"https:\/\/buddhaseedbank.com\/wp-content\/uploads\/2020\/12\/219-Buddha-Skunk.jpg","datePublished":"2020-12-03T10:20:43+00:00","dateModified":"2024-09-04T14:22:27+00:00","description":"Die Sativa-Genetik ist in jeder einzelnen Buddha Skunk offensichtlich. Sie zeichnet sich durch ihre Auff\u00e4lligkeit aus, die aus volumin\u00f6sen Knospen besteht.","breadcrumb":{"@id":"https:\/\/buddhaseedbank.com\/de\/producto\/buddha-stinktier\/#breadcrumb"},"inLanguage":"de","potentialAction":[{"@type":"ReadAction","target":["https:\/\/buddhaseedbank.com\/de\/producto\/buddha-stinktier\/"]}]},{"@type":"ImageObject","inLanguage":"de","@id":"https:\/\/buddhaseedbank.com\/de\/producto\/buddha-stinktier\/#primaryimage","url":"https:\/\/buddhaseedbank.com\/wp-content\/uploads\/2020\/12\/219-Buddha-Skunk.jpg","contentUrl":"https:\/\/buddhaseedbank.com\/wp-content\/uploads\/2020\/12\/219-Buddha-Skunk.jpg","width":1080,"height":1080,"caption":"Buddha Stinktier"},{"@type":"BreadcrumbList","@id":"https:\/\/buddhaseedbank.com\/de\/producto\/buddha-stinktier\/#breadcrumb","itemListElement":[{"@type":"ListItem","position":1,"name":"Portada","item":"https:\/\/buddhaseedbank.com\/de\/"},{"@type":"ListItem","position":2,"name":"Shop","item":"https:\/\/buddhaseedbank.com\/de\/shop\/"},{"@type":"ListItem","position":3,"name":"Buddha Skunk"}]},{"@type":"WebSite","@id":"https:\/\/buddhaseedbank.com\/de\/#website","url":"https:\/\/buddhaseedbank.com\/de\/","name":"Buddha Seeds","description":"","publisher":{"@id":"https:\/\/buddhaseedbank.com\/de\/#organization"},"potentialAction":[{"@type":"SearchAction","target":{"@type":"EntryPoint","urlTemplate":"https:\/\/buddhaseedbank.com\/de\/?s={search_term_string}"},"query-input":{"@type":"PropertyValueSpecification","valueRequired":true,"valueName":"search_term_string"}}],"inLanguage":"de"},{"@type":"Organization","@id":"https:\/\/buddhaseedbank.com\/de\/#organization","name":"Buddha Seeds","url":"https:\/\/buddhaseedbank.com\/de\/","logo":{"@type":"ImageObject","inLanguage":"de","@id":"https:\/\/buddhaseedbank.com\/de\/#\/schema\/logo\/image\/","url":"https:\/\/buddhaseedbank.com\/wp-content\/uploads\/2024\/04\/buddha-seeds-logo-1622448424-1.png","contentUrl":"https:\/\/buddhaseedbank.com\/wp-content\/uploads\/2024\/04\/buddha-seeds-logo-1622448424-1.png","width":478,"height":200,"caption":"Buddha Seeds"},"image":{"@id":"https:\/\/buddhaseedbank.com\/de\/#\/schema\/logo\/image\/"}}]}},"_links":{"self":[{"href":"https:\/\/buddhaseedbank.com\/de\/wp-json\/wp\/v2\/product\/7058","targetHints":{"allow":["GET"]}}],"collection":[{"href":"https:\/\/buddhaseedbank.com\/de\/wp-json\/wp\/v2\/product"}],"about":[{"href":"https:\/\/buddhaseedbank.com\/de\/wp-json\/wp\/v2\/types\/product"}],"wp:featuredmedia":[{"embeddable":true,"href":"https:\/\/buddhaseedbank.com\/de\/wp-json\/wp\/v2\/media\/4522"}],"wp:attachment":[{"href":"https:\/\/buddhaseedbank.com\/de\/wp-json\/wp\/v2\/media?parent=7058"}],"wp:term":[{"taxonomy":"product_brand","embeddable":true,"href":"https:\/\/buddhaseedbank.com\/de\/wp-json\/wp\/v2\/product_brand?post=7058"},{"taxonomy":"product_cat","embeddable":true,"href":"https:\/\/buddhaseedbank.com\/de\/wp-json\/wp\/v2\/product_cat?post=7058"},{"taxonomy":"product_tag","embeddable":true,"href":"https:\/\/buddhaseedbank.com\/de\/wp-json\/wp\/v2\/product_tag?post=7058"}],"curies":[{"name":"wp","href":"https:\/\/api.w.org\/{rel}","templated":true}]}}