{"id":7063,"date":"2020-12-03T10:37:22","date_gmt":"2020-12-03T09:37:22","guid":{"rendered":"https:\/\/buddhaseedbank.com\/producto\/buddha-auto-diesel\/"},"modified":"2026-03-14T20:33:03","modified_gmt":"2026-03-14T19:33:03","slug":"buddha-auto-diesel","status":"publish","type":"product","link":"https:\/\/buddhaseedbank.com\/de\/producto\/buddha-auto-diesel\/","title":{"rendered":"Buddha Auto Diesel"},"content":{"rendered":"<p style=\"text-align: justify;\">Ein <strong>unverzichtbarer moderner Klassiker<\/strong>, der das Vorher und Nachher in Sachen Cannabisgeschmack markiert. Das Geheimnis um die Herkunft von Diesel ist auch unter den erfahrensten Z\u00fcchtern noch nicht gel\u00fcftet und erf\u00fcllt den Reiz einer bewegenden Geschichte. Alle Geschichten weisen jedoch auf denselben Protagonisten hin: <strong>Chemdog, den Autor dieses Klassikers<\/strong>.<\/p>\n<p style=\"text-align: justify;\">Wir m\u00fcssen bis in die 1990er Jahre in die USA zur\u00fcckgehen, um den Ursprung <strong>dieser globalisierten Sorte<\/strong> zu finden. Chemdog kaufte bei einem Grateful Dead-Konzert einige Cannabisbl\u00fcten, in denen er ein paar Samen fand, aus denen schlie\u00dflich die Samen der heutigen Diesel wurden. Im Laufe der Jahre ist sie zu einer Standardsorte unter den Z\u00fcchtern geworden und hat in Wettbewerben auf der ganzen Welt unz\u00e4hlige Pokale gewonnen.<\/p>\n<p style=\"text-align: justify;\">Aus diesem Grund haben wir bei Buddha Seeds nicht gez\u00f6gert, es in unseren Katalog der Klassiker aufzunehmen. Aber immer mit der Sorgfalt, die uns auszeichnet, mit dem Qualit\u00e4tssiegel von Buddha Seeds.<\/p>\n<p style=\"text-align: justify;\">Als Ergebnis unseres Z\u00fcchtungsprogramms haben wir mit <strong>Buddha Auto Diesel von Buddha Seeds<\/strong> den Ertrag in ungeahnte H\u00f6hen getrieben und stabilisiert &#8211; und das bei einer Sorte, der es daran mangelte. Und gleichzeitig wollten wir die <strong>Variation der Ph\u00e4notypen mit vielen Geschmacksnuancen<\/strong> beibehalten, die sie auszeichnet und warum sie in Tausenden von Entwicklungsprogrammen verwendet wurde.<\/p>\n<p style=\"text-align: justify;\">Obwohl sie diesen gemeinsamen Hintergrund hat, der sie charakterisiert, haben wir ihr erlaubt, Ph\u00e4notypen zu produzieren, die von Zitrusfr\u00fcchten wie Zitrone oder Grapefruit bis zu erdigen Noten reichen. <strong>Buddha Auto Diesel<\/strong> beh\u00e4lt die Harzdecke bei, die sie charakterisiert und die sie perfekt f\u00fcr Extraktionen macht.<\/p>\n<p style=\"text-align: justify;\"><strong>Buddha Auto Diesel von Buddha Seeds<\/strong> ist ein Allrounder; sie ben\u00f6tigt nicht wirklich viel Pflege und ist f\u00fcr diejenigen geeignet, die weniger Kenntnisse \u00fcber den Anbau der Pflanze haben. Er passt sich auch gut an widrige Wetterbedingungen an.<\/p>\n<p style=\"text-align: justify;\">Zusammenfassend l\u00e4sst sich sagen, dass die Eltern dieser klassischen <strong>Autoflowering von Buddha Seeds<\/strong> sie zu einer wirklich attraktiven Pflanze machen, mit produktiven Ergebnissen, besonders in Mutterbodenkulturen, und mit Aromen und Geschmacksrichtungen, die den Gaumen ansprechen. Eine Delikatesse, die in Ihrem Garten nicht fehlen darf.<\/p>\n<p style=\"text-align: justify;\"><a style=\"background-color: #ff0000; color: #ffffff;\" href=\"https:\/\/youtu.be\/eweW56lsE8k\" target=\"_blank\" rel=\"noreferrer noopener nofollow\">YOUTUBE \u25ba<\/a><\/p>\n","protected":false},"excerpt":{"rendered":"<p style=\"text-align: justify;\">Als Ergebnis unseres Z\u00fcchtungsprogramms haben wir mit <strong>Buddha Auto Diesel von Buddha Seeds<\/strong> den Ertrag in ungeahnte H\u00f6hen getrieben und stabilisiert &#8211; und das bei einer Sorte, der es daran mangelte. Und gleichzeitig wollten wir die <strong>Variation der Ph\u00e4notypen mit vielen Geschmacksnuancen<\/strong> beibehalten, die sie auszeichnet und warum sie in Tausenden von Entwicklungsprogrammen verwendet wurde.<\/p>\n","protected":false},"featured_media":4487,"template":"","meta":{"_joinchat":[]},"product_brand":[],"product_cat":[732,733],"product_tag":[1151,1393,1507,1503,1380,1378,1464,1436],"class_list":{"0":"post-7063","1":"product","2":"type-product","3":"status-publish","4":"has-post-thumbnail","6":"product_cat-buddha-seeds-sorten","7":"product_cat-classics-buddha-seeds","8":"product_tag-autoflowering-cannabis-samen","9":"product_tag-cannabis-mit-starker-wirkung","10":"product_tag-cannabis-klassiker","11":"product_tag-indoor-cannabis-de","12":"product_tag-indoor-autoflowering-de","13":"product_tag-outdoor-autoflowering-de","14":"product_tag-outdoor-hanf","15":"product_tag-produktive-selbstbluehende-pflanzen","16":"pa_8d-tiempodecultivocrecimient-75-tage","17":"pa_efecto-psychoaktiv-kreativ-und-gesellig","18":"pa_fa-produccionenexteriorporpl-70-130-gr","19":"pa_genetica-sativa-de","20":"pa_produccionm-350-500-gr","21":"pa_semillas-10-unidades-de","22":"pa_semillas-3-unidades-de","23":"pa_semillas-50-unidades-de","24":"pa_sexo-feminisiert","25":"pa_tipo-autoflowering-de","27":"first","28":"instock","29":"taxable","30":"shipping-taxable","31":"purchasable","32":"product-type-variable"},"yoast_head":"<!-- This site is optimized with the Yoast SEO plugin v27.3 - https:\/\/yoast.com\/product\/yoast-seo-wordpress\/ -->\n<title>Buddha Auto Diesel - Buddha Seeds<\/title>\n<meta name=\"description\" content=\"Diesel Autoflowering von Buddha Seeds zeichnet sich durch die Variation der Ph\u00e4notypen mit vielen Geschmacksnuancen aus, die sie definieren und warum sie in Tausenden von Entwicklungsprogrammen verwendet wurde.\" \/>\n<meta name=\"robots\" content=\"index, follow, max-snippet:-1, max-image-preview:large, max-video-preview:-1\" \/>\n<link rel=\"canonical\" href=\"https:\/\/buddhaseedbank.com\/de\/producto\/buddha-auto-diesel\/\" \/>\n<meta property=\"og:locale\" content=\"de_DE\" \/>\n<meta property=\"og:type\" content=\"article\" \/>\n<meta property=\"og:title\" content=\"Buddha Auto Diesel - Buddha Seeds\" \/>\n<meta property=\"og:description\" content=\"Diesel Autoflowering von Buddha Seeds zeichnet sich durch die Variation der Ph\u00e4notypen mit vielen Geschmacksnuancen aus, die sie definieren und warum sie in Tausenden von Entwicklungsprogrammen verwendet wurde.\" \/>\n<meta property=\"og:url\" content=\"https:\/\/buddhaseedbank.com\/de\/producto\/buddha-auto-diesel\/\" \/>\n<meta property=\"og:site_name\" content=\"Buddha Seeds\" \/>\n<meta property=\"article:modified_time\" content=\"2026-03-14T19:33:03+00:00\" \/>\n<meta property=\"og:image\" content=\"https:\/\/buddhaseedbank.com\/wp-content\/uploads\/2020\/12\/262-Buddha-Auto-Diesel.jpg\" \/>\n\t<meta property=\"og:image:width\" content=\"1080\" \/>\n\t<meta property=\"og:image:height\" content=\"1080\" \/>\n\t<meta property=\"og:image:type\" content=\"image\/jpeg\" \/>\n<meta name=\"twitter:card\" content=\"summary_large_image\" \/>\n<meta name=\"twitter:label1\" content=\"Gesch\u00e4tzte Lesezeit\" \/>\n\t<meta name=\"twitter:data1\" content=\"2\u00a0Minuten\" \/>\n<script type=\"application\/ld+json\" class=\"yoast-schema-graph\">{\"@context\":\"https:\\\/\\\/schema.org\",\"@graph\":[{\"@type\":\"WebPage\",\"@id\":\"https:\\\/\\\/buddhaseedbank.com\\\/de\\\/producto\\\/buddha-auto-diesel\\\/\",\"url\":\"https:\\\/\\\/buddhaseedbank.com\\\/de\\\/producto\\\/buddha-auto-diesel\\\/\",\"name\":\"Buddha Auto Diesel - Buddha Seeds\",\"isPartOf\":{\"@id\":\"https:\\\/\\\/buddhaseedbank.com\\\/de\\\/#website\"},\"primaryImageOfPage\":{\"@id\":\"https:\\\/\\\/buddhaseedbank.com\\\/de\\\/producto\\\/buddha-auto-diesel\\\/#primaryimage\"},\"image\":{\"@id\":\"https:\\\/\\\/buddhaseedbank.com\\\/de\\\/producto\\\/buddha-auto-diesel\\\/#primaryimage\"},\"thumbnailUrl\":\"https:\\\/\\\/buddhaseedbank.com\\\/wp-content\\\/uploads\\\/2020\\\/12\\\/262-Buddha-Auto-Diesel.jpg\",\"datePublished\":\"2020-12-03T09:37:22+00:00\",\"dateModified\":\"2026-03-14T19:33:03+00:00\",\"description\":\"Diesel Autoflowering von Buddha Seeds zeichnet sich durch die Variation der Ph\u00e4notypen mit vielen Geschmacksnuancen aus, die sie definieren und warum sie in Tausenden von Entwicklungsprogrammen verwendet wurde.\",\"breadcrumb\":{\"@id\":\"https:\\\/\\\/buddhaseedbank.com\\\/de\\\/producto\\\/buddha-auto-diesel\\\/#breadcrumb\"},\"inLanguage\":\"de\",\"potentialAction\":[{\"@type\":\"ReadAction\",\"target\":[\"https:\\\/\\\/buddhaseedbank.com\\\/de\\\/producto\\\/buddha-auto-diesel\\\/\"]}]},{\"@type\":\"ImageObject\",\"inLanguage\":\"de\",\"@id\":\"https:\\\/\\\/buddhaseedbank.com\\\/de\\\/producto\\\/buddha-auto-diesel\\\/#primaryimage\",\"url\":\"https:\\\/\\\/buddhaseedbank.com\\\/wp-content\\\/uploads\\\/2020\\\/12\\\/262-Buddha-Auto-Diesel.jpg\",\"contentUrl\":\"https:\\\/\\\/buddhaseedbank.com\\\/wp-content\\\/uploads\\\/2020\\\/12\\\/262-Buddha-Auto-Diesel.jpg\",\"width\":1080,\"height\":1080,\"caption\":\"Buddha Auto Diesel\"},{\"@type\":\"BreadcrumbList\",\"@id\":\"https:\\\/\\\/buddhaseedbank.com\\\/de\\\/producto\\\/buddha-auto-diesel\\\/#breadcrumb\",\"itemListElement\":[{\"@type\":\"ListItem\",\"position\":1,\"name\":\"Portada\",\"item\":\"https:\\\/\\\/buddhaseedbank.com\\\/de\\\/\"},{\"@type\":\"ListItem\",\"position\":2,\"name\":\"Shop\",\"item\":\"https:\\\/\\\/buddhaseedbank.com\\\/de\\\/shop\\\/\"},{\"@type\":\"ListItem\",\"position\":3,\"name\":\"Buddha Auto Diesel\"}]},{\"@type\":\"WebSite\",\"@id\":\"https:\\\/\\\/buddhaseedbank.com\\\/de\\\/#website\",\"url\":\"https:\\\/\\\/buddhaseedbank.com\\\/de\\\/\",\"name\":\"Buddha Seeds\",\"description\":\"\",\"publisher\":{\"@id\":\"https:\\\/\\\/buddhaseedbank.com\\\/de\\\/#organization\"},\"potentialAction\":[{\"@type\":\"SearchAction\",\"target\":{\"@type\":\"EntryPoint\",\"urlTemplate\":\"https:\\\/\\\/buddhaseedbank.com\\\/de\\\/?s={search_term_string}\"},\"query-input\":{\"@type\":\"PropertyValueSpecification\",\"valueRequired\":true,\"valueName\":\"search_term_string\"}}],\"inLanguage\":\"de\"},{\"@type\":\"Organization\",\"@id\":\"https:\\\/\\\/buddhaseedbank.com\\\/de\\\/#organization\",\"name\":\"Buddha Seeds\",\"url\":\"https:\\\/\\\/buddhaseedbank.com\\\/de\\\/\",\"logo\":{\"@type\":\"ImageObject\",\"inLanguage\":\"de\",\"@id\":\"https:\\\/\\\/buddhaseedbank.com\\\/de\\\/#\\\/schema\\\/logo\\\/image\\\/\",\"url\":\"https:\\\/\\\/buddhaseedbank.com\\\/wp-content\\\/uploads\\\/2024\\\/04\\\/buddha-seeds-logo-1622448424-1.png\",\"contentUrl\":\"https:\\\/\\\/buddhaseedbank.com\\\/wp-content\\\/uploads\\\/2024\\\/04\\\/buddha-seeds-logo-1622448424-1.png\",\"width\":478,\"height\":200,\"caption\":\"Buddha Seeds\"},\"image\":{\"@id\":\"https:\\\/\\\/buddhaseedbank.com\\\/de\\\/#\\\/schema\\\/logo\\\/image\\\/\"}}]}<\/script>\n<!-- \/ Yoast SEO plugin. -->","yoast_head_json":{"title":"Buddha Auto Diesel - Buddha Seeds","description":"Diesel Autoflowering von Buddha Seeds zeichnet sich durch die Variation der Ph\u00e4notypen mit vielen Geschmacksnuancen aus, die sie definieren und warum sie in Tausenden von Entwicklungsprogrammen verwendet wurde.","robots":{"index":"index","follow":"follow","max-snippet":"max-snippet:-1","max-image-preview":"max-image-preview:large","max-video-preview":"max-video-preview:-1"},"canonical":"https:\/\/buddhaseedbank.com\/de\/producto\/buddha-auto-diesel\/","og_locale":"de_DE","og_type":"article","og_title":"Buddha Auto Diesel - Buddha Seeds","og_description":"Diesel Autoflowering von Buddha Seeds zeichnet sich durch die Variation der Ph\u00e4notypen mit vielen Geschmacksnuancen aus, die sie definieren und warum sie in Tausenden von Entwicklungsprogrammen verwendet wurde.","og_url":"https:\/\/buddhaseedbank.com\/de\/producto\/buddha-auto-diesel\/","og_site_name":"Buddha Seeds","article_modified_time":"2026-03-14T19:33:03+00:00","og_image":[{"width":1080,"height":1080,"url":"https:\/\/buddhaseedbank.com\/wp-content\/uploads\/2020\/12\/262-Buddha-Auto-Diesel.jpg","type":"image\/jpeg"}],"twitter_card":"summary_large_image","twitter_misc":{"Gesch\u00e4tzte Lesezeit":"2\u00a0Minuten"},"schema":{"@context":"https:\/\/schema.org","@graph":[{"@type":"WebPage","@id":"https:\/\/buddhaseedbank.com\/de\/producto\/buddha-auto-diesel\/","url":"https:\/\/buddhaseedbank.com\/de\/producto\/buddha-auto-diesel\/","name":"Buddha Auto Diesel - Buddha Seeds","isPartOf":{"@id":"https:\/\/buddhaseedbank.com\/de\/#website"},"primaryImageOfPage":{"@id":"https:\/\/buddhaseedbank.com\/de\/producto\/buddha-auto-diesel\/#primaryimage"},"image":{"@id":"https:\/\/buddhaseedbank.com\/de\/producto\/buddha-auto-diesel\/#primaryimage"},"thumbnailUrl":"https:\/\/buddhaseedbank.com\/wp-content\/uploads\/2020\/12\/262-Buddha-Auto-Diesel.jpg","datePublished":"2020-12-03T09:37:22+00:00","dateModified":"2026-03-14T19:33:03+00:00","description":"Diesel Autoflowering von Buddha Seeds zeichnet sich durch die Variation der Ph\u00e4notypen mit vielen Geschmacksnuancen aus, die sie definieren und warum sie in Tausenden von Entwicklungsprogrammen verwendet wurde.","breadcrumb":{"@id":"https:\/\/buddhaseedbank.com\/de\/producto\/buddha-auto-diesel\/#breadcrumb"},"inLanguage":"de","potentialAction":[{"@type":"ReadAction","target":["https:\/\/buddhaseedbank.com\/de\/producto\/buddha-auto-diesel\/"]}]},{"@type":"ImageObject","inLanguage":"de","@id":"https:\/\/buddhaseedbank.com\/de\/producto\/buddha-auto-diesel\/#primaryimage","url":"https:\/\/buddhaseedbank.com\/wp-content\/uploads\/2020\/12\/262-Buddha-Auto-Diesel.jpg","contentUrl":"https:\/\/buddhaseedbank.com\/wp-content\/uploads\/2020\/12\/262-Buddha-Auto-Diesel.jpg","width":1080,"height":1080,"caption":"Buddha Auto Diesel"},{"@type":"BreadcrumbList","@id":"https:\/\/buddhaseedbank.com\/de\/producto\/buddha-auto-diesel\/#breadcrumb","itemListElement":[{"@type":"ListItem","position":1,"name":"Portada","item":"https:\/\/buddhaseedbank.com\/de\/"},{"@type":"ListItem","position":2,"name":"Shop","item":"https:\/\/buddhaseedbank.com\/de\/shop\/"},{"@type":"ListItem","position":3,"name":"Buddha Auto Diesel"}]},{"@type":"WebSite","@id":"https:\/\/buddhaseedbank.com\/de\/#website","url":"https:\/\/buddhaseedbank.com\/de\/","name":"Buddha Seeds","description":"","publisher":{"@id":"https:\/\/buddhaseedbank.com\/de\/#organization"},"potentialAction":[{"@type":"SearchAction","target":{"@type":"EntryPoint","urlTemplate":"https:\/\/buddhaseedbank.com\/de\/?s={search_term_string}"},"query-input":{"@type":"PropertyValueSpecification","valueRequired":true,"valueName":"search_term_string"}}],"inLanguage":"de"},{"@type":"Organization","@id":"https:\/\/buddhaseedbank.com\/de\/#organization","name":"Buddha Seeds","url":"https:\/\/buddhaseedbank.com\/de\/","logo":{"@type":"ImageObject","inLanguage":"de","@id":"https:\/\/buddhaseedbank.com\/de\/#\/schema\/logo\/image\/","url":"https:\/\/buddhaseedbank.com\/wp-content\/uploads\/2024\/04\/buddha-seeds-logo-1622448424-1.png","contentUrl":"https:\/\/buddhaseedbank.com\/wp-content\/uploads\/2024\/04\/buddha-seeds-logo-1622448424-1.png","width":478,"height":200,"caption":"Buddha Seeds"},"image":{"@id":"https:\/\/buddhaseedbank.com\/de\/#\/schema\/logo\/image\/"}}]}},"_links":{"self":[{"href":"https:\/\/buddhaseedbank.com\/de\/wp-json\/wp\/v2\/product\/7063","targetHints":{"allow":["GET"]}}],"collection":[{"href":"https:\/\/buddhaseedbank.com\/de\/wp-json\/wp\/v2\/product"}],"about":[{"href":"https:\/\/buddhaseedbank.com\/de\/wp-json\/wp\/v2\/types\/product"}],"wp:featuredmedia":[{"embeddable":true,"href":"https:\/\/buddhaseedbank.com\/de\/wp-json\/wp\/v2\/media\/4487"}],"wp:attachment":[{"href":"https:\/\/buddhaseedbank.com\/de\/wp-json\/wp\/v2\/media?parent=7063"}],"wp:term":[{"taxonomy":"product_brand","embeddable":true,"href":"https:\/\/buddhaseedbank.com\/de\/wp-json\/wp\/v2\/product_brand?post=7063"},{"taxonomy":"product_cat","embeddable":true,"href":"https:\/\/buddhaseedbank.com\/de\/wp-json\/wp\/v2\/product_cat?post=7063"},{"taxonomy":"product_tag","embeddable":true,"href":"https:\/\/buddhaseedbank.com\/de\/wp-json\/wp\/v2\/product_tag?post=7063"}],"curies":[{"name":"wp","href":"https:\/\/api.w.org\/{rel}","templated":true}]}}