{"id":7068,"date":"2020-12-03T10:20:31","date_gmt":"2020-12-03T09:20:31","guid":{"rendered":"https:\/\/buddhaseedbank.com\/producto\/buddha-diesel\/"},"modified":"2025-03-16T12:22:28","modified_gmt":"2025-03-16T11:22:28","slug":"buddha-diesel","status":"publish","type":"product","link":"https:\/\/buddhaseedbank.com\/de\/producto\/buddha-diesel\/","title":{"rendered":"Buddha Diesel"},"content":{"rendered":"<p style=\"text-align:justify;\">Ein <strong>unverzichtbarer moderner Klassiker<\/strong>, der das Vorher und Nachher in Sachen Cannabisgeschmack markiert. Das Geheimnis um die Herkunft von Diesel ist auch unter den erfahrensten Z\u00fcchtern noch nicht gel\u00fcftet und erf\u00fcllt den Reiz einer bewegenden Geschichte. Alle Geschichten weisen jedoch auf denselben Protagonisten hin: <strong>Chemdog, den Autor dieses Klassikers<\/strong>.<\/p>\n<p style=\"text-align:justify;\">Wir m\u00fcssen bis in die 1990er Jahre in die USA zur\u00fcckgehen, um den Ursprung <strong>dieser globalisierten Sorte<\/strong> zu finden. Chemdog kaufte bei einem Grateful Dead-Konzert einige Cannabisbl\u00fcten, in denen er ein paar Samen fand, aus denen schlie\u00dflich die Samen der heutigen Diesel wurden. Im Laufe der Jahre ist sie zu einer <strong>Standardsorte unter den Z\u00fcchtern<\/strong> geworden und hat in Wettbewerben auf der ganzen Welt unz\u00e4hlige Pokale gewonnen.<\/p>\n<p style=\"text-align:justify;\">Aus diesem Grund haben wir bei Buddha Seeds nicht gez\u00f6gert, es in unseren Katalog der Klassiker aufzunehmen. Aber immer mit der Sorgfalt, die uns auszeichnet, mit dem <strong>Qualit\u00e4tssiegel von Buddha Seeds<\/strong>.<\/p>\n<p style=\"text-align:justify;\">Als Ergebnis unseres Z\u00fcchtungsprogramms haben wir mit <strong>Buddha Diesel von Buddha Seeds<\/strong> <strong>den Ertrag<\/strong> einer Sorte, der es daran mangelte, in ungeahnte H\u00f6hen gesteigert und <strong>stabilisiert<\/strong>. Und gleichzeitig wollten wir die <strong>Variation der Ph\u00e4notypen<\/strong> mit vielen Geschmacksnuancen beibehalten, die sie auszeichnet und warum sie in Tausenden von Entwicklungsprogrammen verwendet wurde.<\/p>\n<p style=\"text-align:justify;\">Trotz des gemeinsamen Hintergrunds, der sie charakterisiert, haben wir ihr erlaubt, Ph\u00e4notypen mit Noten von Zitrusfr\u00fcchten wie Zitrone oder Grapefruit bis hin zu erdigen Noten hervorzubringen. <strong>Buddha Diesel<\/strong> beh\u00e4lt den <strong>Harzmantel<\/strong> bei, der sie perfekt f\u00fcr Extraktionen macht.<\/p>\n<p style=\"text-align:justify;\"><strong>Buddha Diesel von Buddha Seeds<\/strong> ist ein <strong>Allrounder<\/strong>; sie erfordert nicht wirklich viel Pflege und ist f\u00fcr diejenigen geeignet, die weniger Kenntnisse \u00fcber den Anbau der Pflanze haben. Er passt sich auch gut an <strong>widrige Wetterbedingungen<\/strong> an.<\/p>\n<p style=\"text-align:justify;\">Kurz gesagt, die Eltern dieses<strong> Klassikers von Buddha Seeds<\/strong> machen ihn zu einer wirklich attraktiven Pflanze, die vor allem im Freilandanbau produktive Ergebnisse liefert und deren Aromen und Geschmacksrichtungen den Gaumen ansprechen. Ein <strong>Genuss, den Sie in Ihrem Garten nicht verpassen d\u00fcrfen<\/strong>.<\/p>\n","protected":false},"excerpt":{"rendered":"<p style=\"text-align:justify;\">Als Ergebnis unseres Z\u00fcchtungsprogramms haben wir mit <strong>Buddha Diesel von Buddha Seeds<\/strong> <strong>den Ertrag<\/strong> einer Sorte, der es daran mangelte, in ungeahnte H\u00f6hen gesteigert und <strong>stabilisiert<\/strong>. Und gleichzeitig wollten wir die <strong>Variation der Ph\u00e4notypen<\/strong> mit vielen Geschmacksnuancen beibehalten, die sie auszeichnet und warum sie in Tausenden von Entwicklungsprogrammen verwendet wurde.<\/p>\n","protected":false},"featured_media":4457,"template":"","meta":{"_joinchat":[]},"product_brand":[],"product_cat":[732,733],"product_tag":[1393,1507,1480,1391],"class_list":{"0":"post-7068","1":"product","2":"type-product","3":"status-publish","4":"has-post-thumbnail","6":"product_cat-buddha-seeds-sorten","7":"product_cat-classics-buddha-seeds","8":"product_tag-cannabis-mit-starker-wirkung","9":"product_tag-cannabis-klassiker","10":"product_tag-lichtabhaengige-samen","11":"product_tag-produktiv-hanf","12":"pa_efecto-psychoaktiv-kreativ-und-gesellig","13":"pa_fa-produccionenexteriorporpl-500-1500-gr","14":"pa_genetica-sativa-de","15":"pa_mesdecosecha-zweite-oktoberhalfte-nordliche-hemisphare-zweite-aprilhalfte-sudliche-hemisphare","16":"pa_produccionm-400-550-gr","17":"pa_semillas-10-unidades-de","18":"pa_semillas-3-unidades-de","19":"pa_semillas-50-unidades-de","20":"pa_sexo-feminisiert","21":"pa_tiempodefloracion-65-70-tage","22":"pa_tipo-photodependent-de","24":"first","25":"instock","26":"taxable","27":"shipping-taxable","28":"purchasable","29":"product-type-variable"},"yoast_head":"<!-- This site is optimized with the Yoast SEO plugin v27.3 - https:\/\/yoast.com\/product\/yoast-seo-wordpress\/ -->\n<title>Buddha Diesel - Buddha Seeds<\/title>\n<meta name=\"description\" content=\"Diesel ist ein unverzichtbarer moderner Klassiker. Aus diesem Grund hat Buddha Seeds Buddha Diesel in die Classics-Familie integriert, wo wir die Produktion erh\u00f6ht und stabilisiert haben.\" \/>\n<meta name=\"robots\" content=\"index, follow, max-snippet:-1, max-image-preview:large, max-video-preview:-1\" \/>\n<link rel=\"canonical\" href=\"https:\/\/buddhaseedbank.com\/de\/producto\/buddha-diesel\/\" \/>\n<meta property=\"og:locale\" content=\"de_DE\" \/>\n<meta property=\"og:type\" content=\"article\" \/>\n<meta property=\"og:title\" content=\"Buddha Diesel - Buddha Seeds\" \/>\n<meta property=\"og:description\" content=\"Diesel ist ein unverzichtbarer moderner Klassiker. Aus diesem Grund hat Buddha Seeds Buddha Diesel in die Classics-Familie integriert, wo wir die Produktion erh\u00f6ht und stabilisiert haben.\" \/>\n<meta property=\"og:url\" content=\"https:\/\/buddhaseedbank.com\/de\/producto\/buddha-diesel\/\" \/>\n<meta property=\"og:site_name\" content=\"Buddha Seeds\" \/>\n<meta property=\"article:modified_time\" content=\"2025-03-16T11:22:28+00:00\" \/>\n<meta property=\"og:image\" content=\"https:\/\/buddhaseedbank.com\/wp-content\/uploads\/2020\/12\/217-Buddha-Diesel.jpg\" \/>\n\t<meta property=\"og:image:width\" content=\"1080\" \/>\n\t<meta property=\"og:image:height\" content=\"1080\" \/>\n\t<meta property=\"og:image:type\" content=\"image\/jpeg\" \/>\n<meta name=\"twitter:card\" content=\"summary_large_image\" \/>\n<meta name=\"twitter:label1\" content=\"Gesch\u00e4tzte Lesezeit\" \/>\n\t<meta name=\"twitter:data1\" content=\"2\u00a0Minuten\" \/>\n<script type=\"application\/ld+json\" class=\"yoast-schema-graph\">{\"@context\":\"https:\\\/\\\/schema.org\",\"@graph\":[{\"@type\":\"WebPage\",\"@id\":\"https:\\\/\\\/buddhaseedbank.com\\\/de\\\/producto\\\/buddha-diesel\\\/\",\"url\":\"https:\\\/\\\/buddhaseedbank.com\\\/de\\\/producto\\\/buddha-diesel\\\/\",\"name\":\"Buddha Diesel - Buddha Seeds\",\"isPartOf\":{\"@id\":\"https:\\\/\\\/buddhaseedbank.com\\\/de\\\/#website\"},\"primaryImageOfPage\":{\"@id\":\"https:\\\/\\\/buddhaseedbank.com\\\/de\\\/producto\\\/buddha-diesel\\\/#primaryimage\"},\"image\":{\"@id\":\"https:\\\/\\\/buddhaseedbank.com\\\/de\\\/producto\\\/buddha-diesel\\\/#primaryimage\"},\"thumbnailUrl\":\"https:\\\/\\\/buddhaseedbank.com\\\/wp-content\\\/uploads\\\/2020\\\/12\\\/217-Buddha-Diesel.jpg\",\"datePublished\":\"2020-12-03T09:20:31+00:00\",\"dateModified\":\"2025-03-16T11:22:28+00:00\",\"description\":\"Diesel ist ein unverzichtbarer moderner Klassiker. Aus diesem Grund hat Buddha Seeds Buddha Diesel in die Classics-Familie integriert, wo wir die Produktion erh\u00f6ht und stabilisiert haben.\",\"breadcrumb\":{\"@id\":\"https:\\\/\\\/buddhaseedbank.com\\\/de\\\/producto\\\/buddha-diesel\\\/#breadcrumb\"},\"inLanguage\":\"de\",\"potentialAction\":[{\"@type\":\"ReadAction\",\"target\":[\"https:\\\/\\\/buddhaseedbank.com\\\/de\\\/producto\\\/buddha-diesel\\\/\"]}]},{\"@type\":\"ImageObject\",\"inLanguage\":\"de\",\"@id\":\"https:\\\/\\\/buddhaseedbank.com\\\/de\\\/producto\\\/buddha-diesel\\\/#primaryimage\",\"url\":\"https:\\\/\\\/buddhaseedbank.com\\\/wp-content\\\/uploads\\\/2020\\\/12\\\/217-Buddha-Diesel.jpg\",\"contentUrl\":\"https:\\\/\\\/buddhaseedbank.com\\\/wp-content\\\/uploads\\\/2020\\\/12\\\/217-Buddha-Diesel.jpg\",\"width\":1080,\"height\":1080,\"caption\":\"Buddha Diesel\"},{\"@type\":\"BreadcrumbList\",\"@id\":\"https:\\\/\\\/buddhaseedbank.com\\\/de\\\/producto\\\/buddha-diesel\\\/#breadcrumb\",\"itemListElement\":[{\"@type\":\"ListItem\",\"position\":1,\"name\":\"Portada\",\"item\":\"https:\\\/\\\/buddhaseedbank.com\\\/de\\\/\"},{\"@type\":\"ListItem\",\"position\":2,\"name\":\"Shop\",\"item\":\"https:\\\/\\\/buddhaseedbank.com\\\/de\\\/shop\\\/\"},{\"@type\":\"ListItem\",\"position\":3,\"name\":\"Buddha Diesel\"}]},{\"@type\":\"WebSite\",\"@id\":\"https:\\\/\\\/buddhaseedbank.com\\\/de\\\/#website\",\"url\":\"https:\\\/\\\/buddhaseedbank.com\\\/de\\\/\",\"name\":\"Buddha Seeds\",\"description\":\"\",\"publisher\":{\"@id\":\"https:\\\/\\\/buddhaseedbank.com\\\/de\\\/#organization\"},\"potentialAction\":[{\"@type\":\"SearchAction\",\"target\":{\"@type\":\"EntryPoint\",\"urlTemplate\":\"https:\\\/\\\/buddhaseedbank.com\\\/de\\\/?s={search_term_string}\"},\"query-input\":{\"@type\":\"PropertyValueSpecification\",\"valueRequired\":true,\"valueName\":\"search_term_string\"}}],\"inLanguage\":\"de\"},{\"@type\":\"Organization\",\"@id\":\"https:\\\/\\\/buddhaseedbank.com\\\/de\\\/#organization\",\"name\":\"Buddha Seeds\",\"url\":\"https:\\\/\\\/buddhaseedbank.com\\\/de\\\/\",\"logo\":{\"@type\":\"ImageObject\",\"inLanguage\":\"de\",\"@id\":\"https:\\\/\\\/buddhaseedbank.com\\\/de\\\/#\\\/schema\\\/logo\\\/image\\\/\",\"url\":\"https:\\\/\\\/buddhaseedbank.com\\\/wp-content\\\/uploads\\\/2024\\\/04\\\/buddha-seeds-logo-1622448424-1.png\",\"contentUrl\":\"https:\\\/\\\/buddhaseedbank.com\\\/wp-content\\\/uploads\\\/2024\\\/04\\\/buddha-seeds-logo-1622448424-1.png\",\"width\":478,\"height\":200,\"caption\":\"Buddha Seeds\"},\"image\":{\"@id\":\"https:\\\/\\\/buddhaseedbank.com\\\/de\\\/#\\\/schema\\\/logo\\\/image\\\/\"}}]}<\/script>\n<!-- \/ Yoast SEO plugin. -->","yoast_head_json":{"title":"Buddha Diesel - Buddha Seeds","description":"Diesel ist ein unverzichtbarer moderner Klassiker. Aus diesem Grund hat Buddha Seeds Buddha Diesel in die Classics-Familie integriert, wo wir die Produktion erh\u00f6ht und stabilisiert haben.","robots":{"index":"index","follow":"follow","max-snippet":"max-snippet:-1","max-image-preview":"max-image-preview:large","max-video-preview":"max-video-preview:-1"},"canonical":"https:\/\/buddhaseedbank.com\/de\/producto\/buddha-diesel\/","og_locale":"de_DE","og_type":"article","og_title":"Buddha Diesel - Buddha Seeds","og_description":"Diesel ist ein unverzichtbarer moderner Klassiker. Aus diesem Grund hat Buddha Seeds Buddha Diesel in die Classics-Familie integriert, wo wir die Produktion erh\u00f6ht und stabilisiert haben.","og_url":"https:\/\/buddhaseedbank.com\/de\/producto\/buddha-diesel\/","og_site_name":"Buddha Seeds","article_modified_time":"2025-03-16T11:22:28+00:00","og_image":[{"width":1080,"height":1080,"url":"https:\/\/buddhaseedbank.com\/wp-content\/uploads\/2020\/12\/217-Buddha-Diesel.jpg","type":"image\/jpeg"}],"twitter_card":"summary_large_image","twitter_misc":{"Gesch\u00e4tzte Lesezeit":"2\u00a0Minuten"},"schema":{"@context":"https:\/\/schema.org","@graph":[{"@type":"WebPage","@id":"https:\/\/buddhaseedbank.com\/de\/producto\/buddha-diesel\/","url":"https:\/\/buddhaseedbank.com\/de\/producto\/buddha-diesel\/","name":"Buddha Diesel - Buddha Seeds","isPartOf":{"@id":"https:\/\/buddhaseedbank.com\/de\/#website"},"primaryImageOfPage":{"@id":"https:\/\/buddhaseedbank.com\/de\/producto\/buddha-diesel\/#primaryimage"},"image":{"@id":"https:\/\/buddhaseedbank.com\/de\/producto\/buddha-diesel\/#primaryimage"},"thumbnailUrl":"https:\/\/buddhaseedbank.com\/wp-content\/uploads\/2020\/12\/217-Buddha-Diesel.jpg","datePublished":"2020-12-03T09:20:31+00:00","dateModified":"2025-03-16T11:22:28+00:00","description":"Diesel ist ein unverzichtbarer moderner Klassiker. Aus diesem Grund hat Buddha Seeds Buddha Diesel in die Classics-Familie integriert, wo wir die Produktion erh\u00f6ht und stabilisiert haben.","breadcrumb":{"@id":"https:\/\/buddhaseedbank.com\/de\/producto\/buddha-diesel\/#breadcrumb"},"inLanguage":"de","potentialAction":[{"@type":"ReadAction","target":["https:\/\/buddhaseedbank.com\/de\/producto\/buddha-diesel\/"]}]},{"@type":"ImageObject","inLanguage":"de","@id":"https:\/\/buddhaseedbank.com\/de\/producto\/buddha-diesel\/#primaryimage","url":"https:\/\/buddhaseedbank.com\/wp-content\/uploads\/2020\/12\/217-Buddha-Diesel.jpg","contentUrl":"https:\/\/buddhaseedbank.com\/wp-content\/uploads\/2020\/12\/217-Buddha-Diesel.jpg","width":1080,"height":1080,"caption":"Buddha Diesel"},{"@type":"BreadcrumbList","@id":"https:\/\/buddhaseedbank.com\/de\/producto\/buddha-diesel\/#breadcrumb","itemListElement":[{"@type":"ListItem","position":1,"name":"Portada","item":"https:\/\/buddhaseedbank.com\/de\/"},{"@type":"ListItem","position":2,"name":"Shop","item":"https:\/\/buddhaseedbank.com\/de\/shop\/"},{"@type":"ListItem","position":3,"name":"Buddha Diesel"}]},{"@type":"WebSite","@id":"https:\/\/buddhaseedbank.com\/de\/#website","url":"https:\/\/buddhaseedbank.com\/de\/","name":"Buddha Seeds","description":"","publisher":{"@id":"https:\/\/buddhaseedbank.com\/de\/#organization"},"potentialAction":[{"@type":"SearchAction","target":{"@type":"EntryPoint","urlTemplate":"https:\/\/buddhaseedbank.com\/de\/?s={search_term_string}"},"query-input":{"@type":"PropertyValueSpecification","valueRequired":true,"valueName":"search_term_string"}}],"inLanguage":"de"},{"@type":"Organization","@id":"https:\/\/buddhaseedbank.com\/de\/#organization","name":"Buddha Seeds","url":"https:\/\/buddhaseedbank.com\/de\/","logo":{"@type":"ImageObject","inLanguage":"de","@id":"https:\/\/buddhaseedbank.com\/de\/#\/schema\/logo\/image\/","url":"https:\/\/buddhaseedbank.com\/wp-content\/uploads\/2024\/04\/buddha-seeds-logo-1622448424-1.png","contentUrl":"https:\/\/buddhaseedbank.com\/wp-content\/uploads\/2024\/04\/buddha-seeds-logo-1622448424-1.png","width":478,"height":200,"caption":"Buddha Seeds"},"image":{"@id":"https:\/\/buddhaseedbank.com\/de\/#\/schema\/logo\/image\/"}}]}},"_links":{"self":[{"href":"https:\/\/buddhaseedbank.com\/de\/wp-json\/wp\/v2\/product\/7068","targetHints":{"allow":["GET"]}}],"collection":[{"href":"https:\/\/buddhaseedbank.com\/de\/wp-json\/wp\/v2\/product"}],"about":[{"href":"https:\/\/buddhaseedbank.com\/de\/wp-json\/wp\/v2\/types\/product"}],"wp:featuredmedia":[{"embeddable":true,"href":"https:\/\/buddhaseedbank.com\/de\/wp-json\/wp\/v2\/media\/4457"}],"wp:attachment":[{"href":"https:\/\/buddhaseedbank.com\/de\/wp-json\/wp\/v2\/media?parent=7068"}],"wp:term":[{"taxonomy":"product_brand","embeddable":true,"href":"https:\/\/buddhaseedbank.com\/de\/wp-json\/wp\/v2\/product_brand?post=7068"},{"taxonomy":"product_cat","embeddable":true,"href":"https:\/\/buddhaseedbank.com\/de\/wp-json\/wp\/v2\/product_cat?post=7068"},{"taxonomy":"product_tag","embeddable":true,"href":"https:\/\/buddhaseedbank.com\/de\/wp-json\/wp\/v2\/product_tag?post=7068"}],"curies":[{"name":"wp","href":"https:\/\/api.w.org\/{rel}","templated":true}]}}