{"id":7073,"date":"2020-12-02T14:40:29","date_gmt":"2020-12-02T13:40:29","guid":{"rendered":"https:\/\/buddhaseedbank.com\/producto\/buddha-auto-critical\/"},"modified":"2025-10-21T11:03:37","modified_gmt":"2025-10-21T09:03:37","slug":"buddha-auto-critical","status":"publish","type":"product","link":"https:\/\/buddhaseedbank.com\/de\/producto\/buddha-auto-critical\/","title":{"rendered":"Buddha Auto Critical"},"content":{"rendered":"<p style=\"text-align: justify;\">Die Geschichte von Critical erinnert an eine historische Erz\u00e4hlung \u00fcber siegreiche K\u00f6nige. Und das ist kein Wunder. In ihrer Genetik hat sie Vorfahren von gro\u00dfem Wert und Einfluss auf sp\u00e4tere kommerzielle Sorten.<\/p>\n<p style=\"text-align: justify;\"><strong>Critical hat<\/strong> seit seiner Einf\u00fchrung in den 1990er Jahren <strong>das Vertrauen<\/strong> aller Landwirte gewonnen. Sie wurde in kurzer Zeit zu einer der <strong>h\u00e4ufigsten Attraktionen in <\/strong>niederl\u00e4ndischen <strong> <em>Coffeeshops<\/em> <\/strong>. Und unter Z\u00fcchtern sticht sie durch ihre hohen Ertr\u00e4ge beim Anbau hervor. Als <strong>Tochter einer Skunk und einer Afghani<\/strong> hat sie ihre Eltern entthront und ist heute eine der am meisten angebauten Sorten.<\/p>\n<p style=\"text-align: justify;\"><strong>Buddha Auto Critical ist eine Hommage an diesen Cannabisklassiker<\/strong>, aber mit unserer besonderen Arbeitsentwicklung. <strong>Buddha Seeds<\/strong> hat die urspr\u00fcngliche Originalit\u00e4t dieser Sorte respektiert und die herausragendsten Eigenschaften f\u00fcr den j\u00fcngsten Z\u00fcchter bewahrt.<\/p>\n<p style=\"text-align: justify;\">Die <strong>Hauptattraktion der Buddha Auto Critical<\/strong> ist ihre kurze Bl\u00fctezeit, in weniger als 60 Tagen k\u00f6nnen Sie Ihre Ernte einfahren. Die <strong>Buddha Auto Critical<\/strong> Version <strong>stammt aus einer Selektion<\/strong>, die von Anfang an durch ihren Geschmack, ihre unglaubliche Geschwindigkeit, ihre Produktion und ihre Kaltwettertauglichkeit auffiel.<\/p>\n<p style=\"text-align: justify;\"><strong>Buddha Auto Critical beh\u00e4lt das charakteristische Skunk-Aroma<\/strong> mit blumigeren und s\u00fc\u00dferen Untert\u00f6nen bei und ist nicht so scharf wie ihre Eltern. Ph\u00e4notypen mit fruchtigen Noten von gr\u00fcner Melone fallen auf. Das macht sie zu einer Sorte, die fast 100% der Raucher m\u00f6gen.<\/p>\n<p style=\"text-align: justify;\"><strong>Buddha Auto Critical von Buddha Seeds<\/strong> ben\u00f6tigt wenig Pflege, da sie effektiv auf verschiedene Behandlungen anspricht. Das Ergebnis: ertragreiche Ernten mit bet\u00f6renden Aromen.<\/p>\n<p style=\"text-align: justify;\"><a style=\"background-color: #ff0000; color: #ffffff;\" href=\"https:\/\/www.youtube.com\/watch?v=Xs3v5d9SwUk&amp;t=1s\" target=\"_blank\" rel=\"noreferrer noopener nofollow\">YOUTUBE \u25ba<\/a><\/p>\n","protected":false},"excerpt":{"rendered":"<p style=\"text-align: justify;\"><strong>Critical hat<\/strong> seit seiner Einf\u00fchrung in den 1990er Jahren <strong>das Vertrauen<\/strong> aller Landwirte <strong>erhalten<\/strong>. Sie wurde in kurzer Zeit zu einer der <strong>h\u00e4ufigsten Attraktionen in <\/strong>niederl\u00e4ndischen <strong> <em>Coffeeshops<\/em> <\/strong>. Und unter Z\u00fcchtern sticht sie durch ihre hohen Ertr\u00e4ge beim Anbau hervor. Als <strong>Tochter einer Skunk und einer Afghani<\/strong> hat sie ihre Eltern entthront und wurde zu einer der am h\u00e4ufigsten angebauten Sorten der Welt.<\/p>\n","protected":false},"featured_media":4412,"template":"","meta":{"_joinchat":[]},"product_brand":[],"product_cat":[732,733],"product_tag":[1151,1428,1494,1507,1485,1729,1413],"class_list":{"0":"post-7073","1":"product","2":"type-product","3":"status-publish","4":"has-post-thumbnail","6":"product_cat-buddha-seeds-sorten","7":"product_cat-classics-buddha-seeds","8":"product_tag-autoflowering-cannabis-samen","9":"product_tag-cannabis-indica-de","10":"product_tag-cannabis-schnell-bluehend","11":"product_tag-cannabis-klassiker","12":"product_tag-produktive-autoflower","13":"product_tag-schnell-bluehende-cannabis","14":"product_tag-schnelle-marihuana-samen","15":"pa_8d-tiempodecultivocrecimient-65-tage","16":"pa_efecto-ausgewogen-mit-einer-starken-anfanglichen-zerebralen-wirkung-begleitet-von-einem-gefuhl-des-wohlbefindens-das-in-einem-zustand-der-entspannung-gipfelt-optimal-fur-stresszustande","17":"pa_fa-produccionenexteriorporpl-60-120-gr","18":"pa_genetica-indica-de","19":"pa_produccionm-500-550-gr","20":"pa_semillas-10-unidades-de","21":"pa_semillas-3-unidades-de","22":"pa_semillas-50-unidades-de","23":"pa_sexo-feminisiert","24":"pa_tipo-autoflowering-de","26":"first","27":"instock","28":"featured","29":"taxable","30":"shipping-taxable","31":"purchasable","32":"product-type-variable"},"yoast_head":"<!-- This site is optimized with the Yoast SEO plugin v27.3 - https:\/\/yoast.com\/product\/yoast-seo-wordpress\/ -->\n<title>Buddha Auto Critical - Buddha Seeds<\/title>\n<meta name=\"description\" content=\"Critical ist die am k\u00fcrzesten wachsende autoflowering Sorte in der Classics-Familie, was Buddha Autoflowering Critical zur ersten Wahl f\u00fcr diejenigen macht,\" \/>\n<meta name=\"robots\" content=\"index, follow, max-snippet:-1, max-image-preview:large, max-video-preview:-1\" \/>\n<link rel=\"canonical\" href=\"https:\/\/buddhaseedbank.com\/de\/producto\/buddha-auto-critical\/\" \/>\n<meta property=\"og:locale\" content=\"de_DE\" \/>\n<meta property=\"og:type\" content=\"article\" \/>\n<meta property=\"og:title\" content=\"Buddha Auto Critical - Buddha Seeds\" \/>\n<meta property=\"og:description\" content=\"Critical ist die am k\u00fcrzesten wachsende autoflowering Sorte in der Classics-Familie, was Buddha Autoflowering Critical zur ersten Wahl f\u00fcr diejenigen macht,\" \/>\n<meta property=\"og:url\" content=\"https:\/\/buddhaseedbank.com\/de\/producto\/buddha-auto-critical\/\" \/>\n<meta property=\"og:site_name\" content=\"Buddha Seeds\" \/>\n<meta property=\"article:modified_time\" content=\"2025-10-21T09:03:37+00:00\" \/>\n<meta property=\"og:image\" content=\"https:\/\/buddhaseedbank.com\/wp-content\/uploads\/2020\/12\/216-Buddha-Auto-Critical.jpg\" \/>\n\t<meta property=\"og:image:width\" content=\"1080\" \/>\n\t<meta property=\"og:image:height\" content=\"1080\" \/>\n\t<meta property=\"og:image:type\" content=\"image\/jpeg\" \/>\n<meta name=\"twitter:card\" content=\"summary_large_image\" \/>\n<meta name=\"twitter:label1\" content=\"Gesch\u00e4tzte Lesezeit\" \/>\n\t<meta name=\"twitter:data1\" content=\"2\u00a0Minuten\" \/>\n<script type=\"application\/ld+json\" class=\"yoast-schema-graph\">{\"@context\":\"https:\\\/\\\/schema.org\",\"@graph\":[{\"@type\":\"WebPage\",\"@id\":\"https:\\\/\\\/buddhaseedbank.com\\\/de\\\/producto\\\/buddha-auto-critical\\\/\",\"url\":\"https:\\\/\\\/buddhaseedbank.com\\\/de\\\/producto\\\/buddha-auto-critical\\\/\",\"name\":\"Buddha Auto Critical - Buddha Seeds\",\"isPartOf\":{\"@id\":\"https:\\\/\\\/buddhaseedbank.com\\\/de\\\/#website\"},\"primaryImageOfPage\":{\"@id\":\"https:\\\/\\\/buddhaseedbank.com\\\/de\\\/producto\\\/buddha-auto-critical\\\/#primaryimage\"},\"image\":{\"@id\":\"https:\\\/\\\/buddhaseedbank.com\\\/de\\\/producto\\\/buddha-auto-critical\\\/#primaryimage\"},\"thumbnailUrl\":\"https:\\\/\\\/buddhaseedbank.com\\\/wp-content\\\/uploads\\\/2020\\\/12\\\/216-Buddha-Auto-Critical.jpg\",\"datePublished\":\"2020-12-02T13:40:29+00:00\",\"dateModified\":\"2025-10-21T09:03:37+00:00\",\"description\":\"Critical ist die am k\u00fcrzesten wachsende autoflowering Sorte in der Classics-Familie, was Buddha Autoflowering Critical zur ersten Wahl f\u00fcr diejenigen macht,\",\"breadcrumb\":{\"@id\":\"https:\\\/\\\/buddhaseedbank.com\\\/de\\\/producto\\\/buddha-auto-critical\\\/#breadcrumb\"},\"inLanguage\":\"de\",\"potentialAction\":[{\"@type\":\"ReadAction\",\"target\":[\"https:\\\/\\\/buddhaseedbank.com\\\/de\\\/producto\\\/buddha-auto-critical\\\/\"]}]},{\"@type\":\"ImageObject\",\"inLanguage\":\"de\",\"@id\":\"https:\\\/\\\/buddhaseedbank.com\\\/de\\\/producto\\\/buddha-auto-critical\\\/#primaryimage\",\"url\":\"https:\\\/\\\/buddhaseedbank.com\\\/wp-content\\\/uploads\\\/2020\\\/12\\\/216-Buddha-Auto-Critical.jpg\",\"contentUrl\":\"https:\\\/\\\/buddhaseedbank.com\\\/wp-content\\\/uploads\\\/2020\\\/12\\\/216-Buddha-Auto-Critical.jpg\",\"width\":1080,\"height\":1080,\"caption\":\"Buddha Auto Critical\"},{\"@type\":\"BreadcrumbList\",\"@id\":\"https:\\\/\\\/buddhaseedbank.com\\\/de\\\/producto\\\/buddha-auto-critical\\\/#breadcrumb\",\"itemListElement\":[{\"@type\":\"ListItem\",\"position\":1,\"name\":\"Portada\",\"item\":\"https:\\\/\\\/buddhaseedbank.com\\\/de\\\/\"},{\"@type\":\"ListItem\",\"position\":2,\"name\":\"Shop\",\"item\":\"https:\\\/\\\/buddhaseedbank.com\\\/de\\\/shop\\\/\"},{\"@type\":\"ListItem\",\"position\":3,\"name\":\"Buddha Auto Critical\"}]},{\"@type\":\"WebSite\",\"@id\":\"https:\\\/\\\/buddhaseedbank.com\\\/de\\\/#website\",\"url\":\"https:\\\/\\\/buddhaseedbank.com\\\/de\\\/\",\"name\":\"Buddha Seeds\",\"description\":\"\",\"publisher\":{\"@id\":\"https:\\\/\\\/buddhaseedbank.com\\\/de\\\/#organization\"},\"potentialAction\":[{\"@type\":\"SearchAction\",\"target\":{\"@type\":\"EntryPoint\",\"urlTemplate\":\"https:\\\/\\\/buddhaseedbank.com\\\/de\\\/?s={search_term_string}\"},\"query-input\":{\"@type\":\"PropertyValueSpecification\",\"valueRequired\":true,\"valueName\":\"search_term_string\"}}],\"inLanguage\":\"de\"},{\"@type\":\"Organization\",\"@id\":\"https:\\\/\\\/buddhaseedbank.com\\\/de\\\/#organization\",\"name\":\"Buddha Seeds\",\"url\":\"https:\\\/\\\/buddhaseedbank.com\\\/de\\\/\",\"logo\":{\"@type\":\"ImageObject\",\"inLanguage\":\"de\",\"@id\":\"https:\\\/\\\/buddhaseedbank.com\\\/de\\\/#\\\/schema\\\/logo\\\/image\\\/\",\"url\":\"https:\\\/\\\/buddhaseedbank.com\\\/wp-content\\\/uploads\\\/2024\\\/04\\\/buddha-seeds-logo-1622448424-1.png\",\"contentUrl\":\"https:\\\/\\\/buddhaseedbank.com\\\/wp-content\\\/uploads\\\/2024\\\/04\\\/buddha-seeds-logo-1622448424-1.png\",\"width\":478,\"height\":200,\"caption\":\"Buddha Seeds\"},\"image\":{\"@id\":\"https:\\\/\\\/buddhaseedbank.com\\\/de\\\/#\\\/schema\\\/logo\\\/image\\\/\"}}]}<\/script>\n<!-- \/ Yoast SEO plugin. -->","yoast_head_json":{"title":"Buddha Auto Critical - Buddha Seeds","description":"Critical ist die am k\u00fcrzesten wachsende autoflowering Sorte in der Classics-Familie, was Buddha Autoflowering Critical zur ersten Wahl f\u00fcr diejenigen macht,","robots":{"index":"index","follow":"follow","max-snippet":"max-snippet:-1","max-image-preview":"max-image-preview:large","max-video-preview":"max-video-preview:-1"},"canonical":"https:\/\/buddhaseedbank.com\/de\/producto\/buddha-auto-critical\/","og_locale":"de_DE","og_type":"article","og_title":"Buddha Auto Critical - Buddha Seeds","og_description":"Critical ist die am k\u00fcrzesten wachsende autoflowering Sorte in der Classics-Familie, was Buddha Autoflowering Critical zur ersten Wahl f\u00fcr diejenigen macht,","og_url":"https:\/\/buddhaseedbank.com\/de\/producto\/buddha-auto-critical\/","og_site_name":"Buddha Seeds","article_modified_time":"2025-10-21T09:03:37+00:00","og_image":[{"width":1080,"height":1080,"url":"https:\/\/buddhaseedbank.com\/wp-content\/uploads\/2020\/12\/216-Buddha-Auto-Critical.jpg","type":"image\/jpeg"}],"twitter_card":"summary_large_image","twitter_misc":{"Gesch\u00e4tzte Lesezeit":"2\u00a0Minuten"},"schema":{"@context":"https:\/\/schema.org","@graph":[{"@type":"WebPage","@id":"https:\/\/buddhaseedbank.com\/de\/producto\/buddha-auto-critical\/","url":"https:\/\/buddhaseedbank.com\/de\/producto\/buddha-auto-critical\/","name":"Buddha Auto Critical - Buddha Seeds","isPartOf":{"@id":"https:\/\/buddhaseedbank.com\/de\/#website"},"primaryImageOfPage":{"@id":"https:\/\/buddhaseedbank.com\/de\/producto\/buddha-auto-critical\/#primaryimage"},"image":{"@id":"https:\/\/buddhaseedbank.com\/de\/producto\/buddha-auto-critical\/#primaryimage"},"thumbnailUrl":"https:\/\/buddhaseedbank.com\/wp-content\/uploads\/2020\/12\/216-Buddha-Auto-Critical.jpg","datePublished":"2020-12-02T13:40:29+00:00","dateModified":"2025-10-21T09:03:37+00:00","description":"Critical ist die am k\u00fcrzesten wachsende autoflowering Sorte in der Classics-Familie, was Buddha Autoflowering Critical zur ersten Wahl f\u00fcr diejenigen macht,","breadcrumb":{"@id":"https:\/\/buddhaseedbank.com\/de\/producto\/buddha-auto-critical\/#breadcrumb"},"inLanguage":"de","potentialAction":[{"@type":"ReadAction","target":["https:\/\/buddhaseedbank.com\/de\/producto\/buddha-auto-critical\/"]}]},{"@type":"ImageObject","inLanguage":"de","@id":"https:\/\/buddhaseedbank.com\/de\/producto\/buddha-auto-critical\/#primaryimage","url":"https:\/\/buddhaseedbank.com\/wp-content\/uploads\/2020\/12\/216-Buddha-Auto-Critical.jpg","contentUrl":"https:\/\/buddhaseedbank.com\/wp-content\/uploads\/2020\/12\/216-Buddha-Auto-Critical.jpg","width":1080,"height":1080,"caption":"Buddha Auto Critical"},{"@type":"BreadcrumbList","@id":"https:\/\/buddhaseedbank.com\/de\/producto\/buddha-auto-critical\/#breadcrumb","itemListElement":[{"@type":"ListItem","position":1,"name":"Portada","item":"https:\/\/buddhaseedbank.com\/de\/"},{"@type":"ListItem","position":2,"name":"Shop","item":"https:\/\/buddhaseedbank.com\/de\/shop\/"},{"@type":"ListItem","position":3,"name":"Buddha Auto Critical"}]},{"@type":"WebSite","@id":"https:\/\/buddhaseedbank.com\/de\/#website","url":"https:\/\/buddhaseedbank.com\/de\/","name":"Buddha Seeds","description":"","publisher":{"@id":"https:\/\/buddhaseedbank.com\/de\/#organization"},"potentialAction":[{"@type":"SearchAction","target":{"@type":"EntryPoint","urlTemplate":"https:\/\/buddhaseedbank.com\/de\/?s={search_term_string}"},"query-input":{"@type":"PropertyValueSpecification","valueRequired":true,"valueName":"search_term_string"}}],"inLanguage":"de"},{"@type":"Organization","@id":"https:\/\/buddhaseedbank.com\/de\/#organization","name":"Buddha Seeds","url":"https:\/\/buddhaseedbank.com\/de\/","logo":{"@type":"ImageObject","inLanguage":"de","@id":"https:\/\/buddhaseedbank.com\/de\/#\/schema\/logo\/image\/","url":"https:\/\/buddhaseedbank.com\/wp-content\/uploads\/2024\/04\/buddha-seeds-logo-1622448424-1.png","contentUrl":"https:\/\/buddhaseedbank.com\/wp-content\/uploads\/2024\/04\/buddha-seeds-logo-1622448424-1.png","width":478,"height":200,"caption":"Buddha Seeds"},"image":{"@id":"https:\/\/buddhaseedbank.com\/de\/#\/schema\/logo\/image\/"}}]}},"_links":{"self":[{"href":"https:\/\/buddhaseedbank.com\/de\/wp-json\/wp\/v2\/product\/7073","targetHints":{"allow":["GET"]}}],"collection":[{"href":"https:\/\/buddhaseedbank.com\/de\/wp-json\/wp\/v2\/product"}],"about":[{"href":"https:\/\/buddhaseedbank.com\/de\/wp-json\/wp\/v2\/types\/product"}],"wp:featuredmedia":[{"embeddable":true,"href":"https:\/\/buddhaseedbank.com\/de\/wp-json\/wp\/v2\/media\/4412"}],"wp:attachment":[{"href":"https:\/\/buddhaseedbank.com\/de\/wp-json\/wp\/v2\/media?parent=7073"}],"wp:term":[{"taxonomy":"product_brand","embeddable":true,"href":"https:\/\/buddhaseedbank.com\/de\/wp-json\/wp\/v2\/product_brand?post=7073"},{"taxonomy":"product_cat","embeddable":true,"href":"https:\/\/buddhaseedbank.com\/de\/wp-json\/wp\/v2\/product_cat?post=7073"},{"taxonomy":"product_tag","embeddable":true,"href":"https:\/\/buddhaseedbank.com\/de\/wp-json\/wp\/v2\/product_tag?post=7073"}],"curies":[{"name":"wp","href":"https:\/\/api.w.org\/{rel}","templated":true}]}}