{"id":7079,"date":"2020-12-02T11:12:13","date_gmt":"2020-12-02T10:12:13","guid":{"rendered":"https:\/\/buddhaseedbank.com\/producto\/buddha-amnesie\/"},"modified":"2025-02-01T16:38:31","modified_gmt":"2025-02-01T15:38:31","slug":"buddha-amnesie","status":"publish","type":"product","link":"https:\/\/buddhaseedbank.com\/de\/producto\/buddha-amnesie\/","title":{"rendered":"Buddha Amnesia"},"content":{"rendered":"<p style=\"text-align: justify;\"><strong>Amnesia<\/strong> wurde <strong>in kurzer<\/strong> Zeit und mit \u00fcberzeugenden Argumenten <strong>ber\u00fchmt<\/strong> und konnte so das Vertrauen des normalen Verbrauchers gewinnen. Diese Popularit\u00e4t katapultierte ihn von der Westk\u00fcste der Vereinigten Staaten in das europ\u00e4ische Marihuana-Mekka Amsterdam, wo er noch immer einen prominenten Platz auf der Speisekarte der <em>Coffeeshops<\/em> hat.<\/p>\n<p style=\"text-align: justify;\">Der <strong>Ruf dieses Klassikers<\/strong> beruht haupts\u00e4chlich auf der Wirkung seines Konsums. Sie ist eine <strong>anregende Sorte<\/strong> dank eines h\u00f6heren Sativa-Anteils in ihrer Genetik. Es ist auch <strong>kreativ<\/strong>, weil es den Verbrauchern erlaubt, sich neuen Ideen und\/oder Projekten zu \u00f6ffnen. Andererseits hat sie eine <strong>medizinische<\/strong> Wirkung, da sie Angst und Stress deutlich reduziert. Schlie\u00dflich hat sie eine <strong>gesellige<\/strong> Wirkung, weil sie soziale Beziehungen f\u00f6rdert.<\/p>\n<p style=\"text-align: justify;\">Wir haben all diese Funktionen in Buddha Amnesia als <strong>Hommage<\/strong> an diesen Klassiker aufgenommen. Beim Indoor-Anbau empfehlen wir, ihr aufgrund ihres Sativa-Gens nicht mehr als zwei Wochen Wachstum zu geben oder sich f\u00fcr einen R\u00fcckschnitt und\/oder <strong>Anbautechniken<\/strong> wie Scrog oder LST zu entscheiden.<\/p>\n<p style=\"text-align: justify;\">Was den Geschmack und die Aromen betrifft, so sticht der <strong>unglaubliche <\/strong> Weihrauchgeschmack hervor. Wie eine Kathedrale f\u00fcllt diese Sorte den Raum und Ihre Sinne mit Aroma.<\/p>\n<p style=\"text-align: justify;\">Dieser charakteristische Effekt dieses Klassikers wird von Malern, Musikern und K\u00fcnstlern aller Art gerne f\u00fcr Momente genutzt, in denen ein Funke Kreativit\u00e4t gefragt ist. Nat\u00fcrlich sch\u00e4tzen verspielte Raucher ihn daf\u00fcr und f\u00fcr seine F\u00e4higkeit, schnell Lacher zu provozieren. Dar\u00fcber hinaus kann <strong>Buddha Amnesia<\/strong> einen hohen THC-Gehalt erreichen.<\/p>\n<p style=\"text-align: justify;\">Ph\u00e4notypen mit zitrischen Noten stechen hervor, aus denen die Linien Amnesia Lemon und andere mit holzigen Nuancen hervorgehen. Der Geschmack verweilt lange im Mund und wird bei jedem Ausatmen minutenlang genossen. Die <strong>Sorte Haze <\/strong> beh\u00e4lt ihren Reichtum an Terpenen bei, was sie zu einem Favoriten f\u00fcr kulinarische Rezepte macht.<\/p>\n","protected":false},"excerpt":{"rendered":"<p style=\"text-align: justify;\"><strong>Amnesia<\/strong> wurde in <strong>kurzer<\/strong> Zeit und mit \u00fcberzeugenden Argumenten ber\u00fchmt und konnte so das Vertrauen des normalen Verbrauchers gewinnen. Diese Popularit\u00e4t katapultierte ihn von der Westk\u00fcste der Vereinigten Staaten in das europ\u00e4ische Marihuana-Mekka Amsterdam, wo er noch immer einen prominenten Platz auf der Speisekarte der <em>Coffeeshops<\/em> hat.<\/p>\n","protected":false},"featured_media":4302,"template":"","meta":{"_joinchat":[]},"product_brand":[],"product_cat":[732,733],"product_tag":[1451,1393,1460,1480,1391],"class_list":{"0":"post-7079","1":"product","2":"type-product","3":"status-publish","4":"has-post-thumbnail","6":"product_cat-buddha-seeds-sorten","7":"product_cat-classics-buddha-seeds","8":"product_tag-cannabis-gegen-aengste-stress","9":"product_tag-cannabis-mit-starker-wirkung","10":"product_tag-cannabis-sativa-de","11":"product_tag-lichtabhaengige-samen","12":"product_tag-produktiv-hanf","13":"pa_efecto-stimulierend-kreativ","14":"pa_fa-produccionenexteriorporpl-500-2000-gr","15":"pa_genetica-sativa-de","16":"pa_mesdecosecha-zweite-oktoberhalfte-nordliche-hemisphare-zweite-aprilhalfte-sudliche-hemisphare","17":"pa_produccionm-500-650-gr","18":"pa_semillas-10-unidades-de","19":"pa_semillas-3-unidades-de","20":"pa_semillas-50-unidades-de","21":"pa_sexo-feminisiert","22":"pa_tiempodefloracion-70-tage","23":"pa_tipo-photodependent-de","25":"first","26":"instock","27":"taxable","28":"shipping-taxable","29":"purchasable","30":"product-type-variable"},"yoast_head":"<!-- This site is optimized with the Yoast SEO plugin v27.3 - https:\/\/yoast.com\/product\/yoast-seo-wordpress\/ -->\n<title>Buddha Amnesia - Buddha Seeds<\/title>\n<meta name=\"description\" content=\"Der Ruf von Amnesia beruht in erster Linie auf dem Rausch, den sie erzeugt: anregend, kreativ, medizinisch, gesellig. Buddha Seeds hat in Buddha Amnesia als Hommage an diesen Klassiker diese St\u00e4rken aufgenommen und den THC-Gehalt erh\u00f6ht.\" \/>\n<meta name=\"robots\" content=\"index, follow, max-snippet:-1, max-image-preview:large, max-video-preview:-1\" \/>\n<link rel=\"canonical\" href=\"https:\/\/buddhaseedbank.com\/de\/producto\/buddha-amnesie\/\" \/>\n<meta property=\"og:locale\" content=\"de_DE\" \/>\n<meta property=\"og:type\" content=\"article\" \/>\n<meta property=\"og:title\" content=\"Buddha Amnesia - Buddha Seeds\" \/>\n<meta property=\"og:description\" content=\"Der Ruf von Amnesia beruht in erster Linie auf dem Rausch, den sie erzeugt: anregend, kreativ, medizinisch, gesellig. Buddha Seeds hat in Buddha Amnesia als Hommage an diesen Klassiker diese St\u00e4rken aufgenommen und den THC-Gehalt erh\u00f6ht.\" \/>\n<meta property=\"og:url\" content=\"https:\/\/buddhaseedbank.com\/de\/producto\/buddha-amnesie\/\" \/>\n<meta property=\"og:site_name\" content=\"Buddha Seeds\" \/>\n<meta property=\"article:modified_time\" content=\"2025-02-01T15:38:31+00:00\" \/>\n<meta property=\"og:image\" content=\"https:\/\/buddhaseedbank.com\/wp-content\/uploads\/2020\/12\/213-Buddha-Amnesia.jpg\" \/>\n\t<meta property=\"og:image:width\" content=\"1080\" \/>\n\t<meta property=\"og:image:height\" content=\"1080\" \/>\n\t<meta property=\"og:image:type\" content=\"image\/jpeg\" \/>\n<meta name=\"twitter:card\" content=\"summary_large_image\" \/>\n<meta name=\"twitter:label1\" content=\"Gesch\u00e4tzte Lesezeit\" \/>\n\t<meta name=\"twitter:data1\" content=\"2\u00a0Minuten\" \/>\n<script type=\"application\/ld+json\" class=\"yoast-schema-graph\">{\"@context\":\"https:\\\/\\\/schema.org\",\"@graph\":[{\"@type\":\"WebPage\",\"@id\":\"https:\\\/\\\/buddhaseedbank.com\\\/de\\\/producto\\\/buddha-amnesie\\\/\",\"url\":\"https:\\\/\\\/buddhaseedbank.com\\\/de\\\/producto\\\/buddha-amnesie\\\/\",\"name\":\"Buddha Amnesia - Buddha Seeds\",\"isPartOf\":{\"@id\":\"https:\\\/\\\/buddhaseedbank.com\\\/de\\\/#website\"},\"primaryImageOfPage\":{\"@id\":\"https:\\\/\\\/buddhaseedbank.com\\\/de\\\/producto\\\/buddha-amnesie\\\/#primaryimage\"},\"image\":{\"@id\":\"https:\\\/\\\/buddhaseedbank.com\\\/de\\\/producto\\\/buddha-amnesie\\\/#primaryimage\"},\"thumbnailUrl\":\"https:\\\/\\\/buddhaseedbank.com\\\/wp-content\\\/uploads\\\/2020\\\/12\\\/213-Buddha-Amnesia.jpg\",\"datePublished\":\"2020-12-02T10:12:13+00:00\",\"dateModified\":\"2025-02-01T15:38:31+00:00\",\"description\":\"Der Ruf von Amnesia beruht in erster Linie auf dem Rausch, den sie erzeugt: anregend, kreativ, medizinisch, gesellig. Buddha Seeds hat in Buddha Amnesia als Hommage an diesen Klassiker diese St\u00e4rken aufgenommen und den THC-Gehalt erh\u00f6ht.\",\"breadcrumb\":{\"@id\":\"https:\\\/\\\/buddhaseedbank.com\\\/de\\\/producto\\\/buddha-amnesie\\\/#breadcrumb\"},\"inLanguage\":\"de\",\"potentialAction\":[{\"@type\":\"ReadAction\",\"target\":[\"https:\\\/\\\/buddhaseedbank.com\\\/de\\\/producto\\\/buddha-amnesie\\\/\"]}]},{\"@type\":\"ImageObject\",\"inLanguage\":\"de\",\"@id\":\"https:\\\/\\\/buddhaseedbank.com\\\/de\\\/producto\\\/buddha-amnesie\\\/#primaryimage\",\"url\":\"https:\\\/\\\/buddhaseedbank.com\\\/wp-content\\\/uploads\\\/2020\\\/12\\\/213-Buddha-Amnesia.jpg\",\"contentUrl\":\"https:\\\/\\\/buddhaseedbank.com\\\/wp-content\\\/uploads\\\/2020\\\/12\\\/213-Buddha-Amnesia.jpg\",\"width\":1080,\"height\":1080,\"caption\":\"Buddha Amnesie\"},{\"@type\":\"BreadcrumbList\",\"@id\":\"https:\\\/\\\/buddhaseedbank.com\\\/de\\\/producto\\\/buddha-amnesie\\\/#breadcrumb\",\"itemListElement\":[{\"@type\":\"ListItem\",\"position\":1,\"name\":\"Portada\",\"item\":\"https:\\\/\\\/buddhaseedbank.com\\\/de\\\/\"},{\"@type\":\"ListItem\",\"position\":2,\"name\":\"Shop\",\"item\":\"https:\\\/\\\/buddhaseedbank.com\\\/de\\\/shop\\\/\"},{\"@type\":\"ListItem\",\"position\":3,\"name\":\"Buddha Amnesia\"}]},{\"@type\":\"WebSite\",\"@id\":\"https:\\\/\\\/buddhaseedbank.com\\\/de\\\/#website\",\"url\":\"https:\\\/\\\/buddhaseedbank.com\\\/de\\\/\",\"name\":\"Buddha Seeds\",\"description\":\"\",\"publisher\":{\"@id\":\"https:\\\/\\\/buddhaseedbank.com\\\/de\\\/#organization\"},\"potentialAction\":[{\"@type\":\"SearchAction\",\"target\":{\"@type\":\"EntryPoint\",\"urlTemplate\":\"https:\\\/\\\/buddhaseedbank.com\\\/de\\\/?s={search_term_string}\"},\"query-input\":{\"@type\":\"PropertyValueSpecification\",\"valueRequired\":true,\"valueName\":\"search_term_string\"}}],\"inLanguage\":\"de\"},{\"@type\":\"Organization\",\"@id\":\"https:\\\/\\\/buddhaseedbank.com\\\/de\\\/#organization\",\"name\":\"Buddha Seeds\",\"url\":\"https:\\\/\\\/buddhaseedbank.com\\\/de\\\/\",\"logo\":{\"@type\":\"ImageObject\",\"inLanguage\":\"de\",\"@id\":\"https:\\\/\\\/buddhaseedbank.com\\\/de\\\/#\\\/schema\\\/logo\\\/image\\\/\",\"url\":\"https:\\\/\\\/buddhaseedbank.com\\\/wp-content\\\/uploads\\\/2024\\\/04\\\/buddha-seeds-logo-1622448424-1.png\",\"contentUrl\":\"https:\\\/\\\/buddhaseedbank.com\\\/wp-content\\\/uploads\\\/2024\\\/04\\\/buddha-seeds-logo-1622448424-1.png\",\"width\":478,\"height\":200,\"caption\":\"Buddha Seeds\"},\"image\":{\"@id\":\"https:\\\/\\\/buddhaseedbank.com\\\/de\\\/#\\\/schema\\\/logo\\\/image\\\/\"}}]}<\/script>\n<!-- \/ Yoast SEO plugin. -->","yoast_head_json":{"title":"Buddha Amnesia - Buddha Seeds","description":"Der Ruf von Amnesia beruht in erster Linie auf dem Rausch, den sie erzeugt: anregend, kreativ, medizinisch, gesellig. Buddha Seeds hat in Buddha Amnesia als Hommage an diesen Klassiker diese St\u00e4rken aufgenommen und den THC-Gehalt erh\u00f6ht.","robots":{"index":"index","follow":"follow","max-snippet":"max-snippet:-1","max-image-preview":"max-image-preview:large","max-video-preview":"max-video-preview:-1"},"canonical":"https:\/\/buddhaseedbank.com\/de\/producto\/buddha-amnesie\/","og_locale":"de_DE","og_type":"article","og_title":"Buddha Amnesia - Buddha Seeds","og_description":"Der Ruf von Amnesia beruht in erster Linie auf dem Rausch, den sie erzeugt: anregend, kreativ, medizinisch, gesellig. Buddha Seeds hat in Buddha Amnesia als Hommage an diesen Klassiker diese St\u00e4rken aufgenommen und den THC-Gehalt erh\u00f6ht.","og_url":"https:\/\/buddhaseedbank.com\/de\/producto\/buddha-amnesie\/","og_site_name":"Buddha Seeds","article_modified_time":"2025-02-01T15:38:31+00:00","og_image":[{"width":1080,"height":1080,"url":"https:\/\/buddhaseedbank.com\/wp-content\/uploads\/2020\/12\/213-Buddha-Amnesia.jpg","type":"image\/jpeg"}],"twitter_card":"summary_large_image","twitter_misc":{"Gesch\u00e4tzte Lesezeit":"2\u00a0Minuten"},"schema":{"@context":"https:\/\/schema.org","@graph":[{"@type":"WebPage","@id":"https:\/\/buddhaseedbank.com\/de\/producto\/buddha-amnesie\/","url":"https:\/\/buddhaseedbank.com\/de\/producto\/buddha-amnesie\/","name":"Buddha Amnesia - Buddha Seeds","isPartOf":{"@id":"https:\/\/buddhaseedbank.com\/de\/#website"},"primaryImageOfPage":{"@id":"https:\/\/buddhaseedbank.com\/de\/producto\/buddha-amnesie\/#primaryimage"},"image":{"@id":"https:\/\/buddhaseedbank.com\/de\/producto\/buddha-amnesie\/#primaryimage"},"thumbnailUrl":"https:\/\/buddhaseedbank.com\/wp-content\/uploads\/2020\/12\/213-Buddha-Amnesia.jpg","datePublished":"2020-12-02T10:12:13+00:00","dateModified":"2025-02-01T15:38:31+00:00","description":"Der Ruf von Amnesia beruht in erster Linie auf dem Rausch, den sie erzeugt: anregend, kreativ, medizinisch, gesellig. Buddha Seeds hat in Buddha Amnesia als Hommage an diesen Klassiker diese St\u00e4rken aufgenommen und den THC-Gehalt erh\u00f6ht.","breadcrumb":{"@id":"https:\/\/buddhaseedbank.com\/de\/producto\/buddha-amnesie\/#breadcrumb"},"inLanguage":"de","potentialAction":[{"@type":"ReadAction","target":["https:\/\/buddhaseedbank.com\/de\/producto\/buddha-amnesie\/"]}]},{"@type":"ImageObject","inLanguage":"de","@id":"https:\/\/buddhaseedbank.com\/de\/producto\/buddha-amnesie\/#primaryimage","url":"https:\/\/buddhaseedbank.com\/wp-content\/uploads\/2020\/12\/213-Buddha-Amnesia.jpg","contentUrl":"https:\/\/buddhaseedbank.com\/wp-content\/uploads\/2020\/12\/213-Buddha-Amnesia.jpg","width":1080,"height":1080,"caption":"Buddha Amnesie"},{"@type":"BreadcrumbList","@id":"https:\/\/buddhaseedbank.com\/de\/producto\/buddha-amnesie\/#breadcrumb","itemListElement":[{"@type":"ListItem","position":1,"name":"Portada","item":"https:\/\/buddhaseedbank.com\/de\/"},{"@type":"ListItem","position":2,"name":"Shop","item":"https:\/\/buddhaseedbank.com\/de\/shop\/"},{"@type":"ListItem","position":3,"name":"Buddha Amnesia"}]},{"@type":"WebSite","@id":"https:\/\/buddhaseedbank.com\/de\/#website","url":"https:\/\/buddhaseedbank.com\/de\/","name":"Buddha Seeds","description":"","publisher":{"@id":"https:\/\/buddhaseedbank.com\/de\/#organization"},"potentialAction":[{"@type":"SearchAction","target":{"@type":"EntryPoint","urlTemplate":"https:\/\/buddhaseedbank.com\/de\/?s={search_term_string}"},"query-input":{"@type":"PropertyValueSpecification","valueRequired":true,"valueName":"search_term_string"}}],"inLanguage":"de"},{"@type":"Organization","@id":"https:\/\/buddhaseedbank.com\/de\/#organization","name":"Buddha Seeds","url":"https:\/\/buddhaseedbank.com\/de\/","logo":{"@type":"ImageObject","inLanguage":"de","@id":"https:\/\/buddhaseedbank.com\/de\/#\/schema\/logo\/image\/","url":"https:\/\/buddhaseedbank.com\/wp-content\/uploads\/2024\/04\/buddha-seeds-logo-1622448424-1.png","contentUrl":"https:\/\/buddhaseedbank.com\/wp-content\/uploads\/2024\/04\/buddha-seeds-logo-1622448424-1.png","width":478,"height":200,"caption":"Buddha Seeds"},"image":{"@id":"https:\/\/buddhaseedbank.com\/de\/#\/schema\/logo\/image\/"}}]}},"_links":{"self":[{"href":"https:\/\/buddhaseedbank.com\/de\/wp-json\/wp\/v2\/product\/7079","targetHints":{"allow":["GET"]}}],"collection":[{"href":"https:\/\/buddhaseedbank.com\/de\/wp-json\/wp\/v2\/product"}],"about":[{"href":"https:\/\/buddhaseedbank.com\/de\/wp-json\/wp\/v2\/types\/product"}],"wp:featuredmedia":[{"embeddable":true,"href":"https:\/\/buddhaseedbank.com\/de\/wp-json\/wp\/v2\/media\/4302"}],"wp:attachment":[{"href":"https:\/\/buddhaseedbank.com\/de\/wp-json\/wp\/v2\/media?parent=7079"}],"wp:term":[{"taxonomy":"product_brand","embeddable":true,"href":"https:\/\/buddhaseedbank.com\/de\/wp-json\/wp\/v2\/product_brand?post=7079"},{"taxonomy":"product_cat","embeddable":true,"href":"https:\/\/buddhaseedbank.com\/de\/wp-json\/wp\/v2\/product_cat?post=7079"},{"taxonomy":"product_tag","embeddable":true,"href":"https:\/\/buddhaseedbank.com\/de\/wp-json\/wp\/v2\/product_tag?post=7079"}],"curies":[{"name":"wp","href":"https:\/\/api.w.org\/{rel}","templated":true}]}}