{"id":7089,"date":"2020-12-01T14:55:34","date_gmt":"2020-12-01T13:55:34","guid":{"rendered":"https:\/\/buddhaseedbank.com\/producto\/buddha-ak\/"},"modified":"2026-01-23T22:34:52","modified_gmt":"2026-01-23T21:34:52","slug":"buddha-ak","status":"publish","type":"product","link":"https:\/\/buddhaseedbank.com\/de\/producto\/buddha-ak\/","title":{"rendered":"Buddha AK"},"content":{"rendered":"<p style=\"text-align:justify;\">Von Anfang an war dieser Klassiker <strong>bei der \u00d6ffentlichkeit beliebt<\/strong>. Und bis zum heutigen Tag gewinnt sie immer mehr Anh\u00e4nger. Die Geschichte dieses Klassikers hat sich langsam entwickelt, mit der klaren Absicht, sich einen Platz im Olymp der Legenden zu verdienen.<\/p>\n<p style=\"text-align:justify;\">Diese Sorte geht auf die 1970er Jahre zur\u00fcck, als ihre unglaubliche Potenz ein Vorher und Nachher markierte, das nur wenige Kreuzungen bis heute erreichen, geschweige denn \u00fcbertreffen konnten. F\u00e4lschlicherweise l\u00e4sst der Name dieses Klassikers den Laien glauben, dass er sich auf eine Kriegswaffe bezieht. In Wirklichkeit stammt sie von einem ihrer Elternteile ab, <strong> einer reinen Afghan Kush.<\/strong> <\/p>\n<p style=\"text-align:justify;\">In den 1970er Jahren war es noch relativ einfach, reine Sorten zu finden, die passionierte Reisende eifrig von weit entfernten Orten auf der ganzen Welt sammelten. Heutzutage sind sie nur noch sehr schwer zu finden.<\/p>\n<p style=\"text-align:justify;\">Die <strong>urspr\u00fcnglichen Eltern<\/strong>, obwohl es schwierig ist, 100% sicher zu sein, sind reine Sativas aus Kolumbien, Mexiko, Thailand und Afghanistan. Diese Sorten wurden jahrelang von erfahrenen Z\u00fcchtern gekreuzt und gez\u00e4hmt, bevor dieser Klassiker in den 1990er Jahren endlich das Licht der Welt erblickte. Dieser unglaubliche, leicht sativadominierte Hybrid, der bereits f\u00fcr den Innen- und Au\u00dfenanbau geeignet ist, fasziniert weiterhin jeden Z\u00fcchter.<\/p>\n<p style=\"text-align:justify;\">Diese Sorte hat bei der <em>Z\u00fcchtung von<\/em> Cannabis eine transzendentale Rolle gespielt, da sie seit vielen Jahren bei den meisten Kreuzungen der neuen Generationen eine f\u00fchrende Rolle spielt. Es \u00fcberrascht nicht, dass sie mehr als zwanzig Titel bei den renommiertesten Cannabis Cups im Alleingang gewonnen hat. Von <strong>Buddha Seeds haben wir<\/strong> in die Auswahl der Klassiker die originalgetreueste Version <strong>aufgenommen<\/strong>.<\/p>\n<p style=\"text-align:justify;\"><strong>Unsere Selektion stammt<\/strong> <strong>von alten Stecklingen<\/strong>, die seit mehr als 20 Jahren aufbewahrt werden und immer noch eine unglaubliche Vitalit\u00e4t aufweisen. <strong>Buddha AK<\/strong> wurde von unseren <em>Z\u00fcchtern<\/em> bearbeitet, um sie noch <strong>widerstandsf\u00e4higer und pflegeleichter<\/strong> zu machen.<\/p>\n<p style=\"text-align:justify;\"><strong>Buddha Ak<\/strong> ist kompakter und einfacher zu z\u00fcchten, wobei das unkontrollierte \u00dcberwuchern ihrer Sativa-Eltern weitestgehend vermieden wird. Sie beh\u00e4lt ihre Essenz, Produktion und Potenz in viel volumin\u00f6seren Colas, die selbst Experten \u00fcberraschen.<\/p>\n<p style=\"text-align:justify;\">Auf der anderen Seite wird <strong>Buddha AK<\/strong> <strong>unter den Exemplaren mit der h\u00f6chsten THC-Konzentration ausgew\u00e4hlt<\/strong>, wodurch Sie verstehen werden, warum dieser Klassiker auch heute noch Schr\u00e4nke f\u00fcllt und sein Rauch die anspruchsvollsten Gaumen befriedigt.<\/p>\n","protected":false},"excerpt":{"rendered":"<p style=\"text-align:justify;\">Buddha AK wurde von unseren <em>Z\u00fcchtern<\/em> weiterentwickelt, um sie noch widerstandsf\u00e4higer und pflegeleichter zu machen. Buddha AK ist kompakter und einfacher zu z\u00fcchten, wobei das unkontrollierte \u00dcberwuchern ihrer Sativa-Eltern weitestgehend vermieden wird. Sie beh\u00e4lt ihre Essenz, Produktion und Potenz in viel volumin\u00f6seren Colas, die selbst Experten \u00fcberraschen.<\/p>\n","protected":false},"featured_media":4242,"template":"","meta":{"_joinchat":[]},"product_brand":[],"product_cat":[732,733],"product_tag":[1393,1460,1507,1480,1455],"class_list":{"0":"post-7089","1":"product","2":"type-product","3":"status-publish","4":"has-post-thumbnail","6":"product_cat-buddha-seeds-sorten","7":"product_cat-classics-buddha-seeds","8":"product_tag-cannabis-mit-starker-wirkung","9":"product_tag-cannabis-sativa-de","10":"product_tag-cannabis-klassiker","11":"product_tag-lichtabhaengige-samen","12":"product_tag-schaedlingsresistentes-cannabis","13":"pa_efecto-energisch-fur-graue-tage","14":"pa_fa-produccionenexteriorporpl-500-2000-gr","15":"pa_genetica-sativa-de","16":"pa_mesdecosecha-zweite-oktoberhalfte-nordliche-hemisphare-zweite-aprilhalfte-sudliche-hemisphare-de","17":"pa_produccionm-500-550-gr","18":"pa_semillas-10-unidades-de","19":"pa_semillas-3-unidades-de","20":"pa_semillas-50-unidades-de","21":"pa_sexo-feminisiert","22":"pa_tiempodefloracion-60-63-tage","23":"pa_tipo-photodependent-de","25":"first","26":"instock","27":"taxable","28":"shipping-taxable","29":"purchasable","30":"product-type-variable"},"yoast_head":"<!-- This site is optimized with the Yoast SEO plugin v27.3 - https:\/\/yoast.com\/product\/yoast-seo-wordpress\/ -->\n<title>Buddha AK - Buddha Seeds<\/title>\n<meta name=\"description\" content=\"Die AK-Samen, die ihre Originalit\u00e4t am meisten respektiert haben, sind die der Buddha Seeds Bank, die in Buddha AK die attraktivsten Aspekte vervielf\u00e4ltigt hat, die die Anh\u00e4nger dieser legend\u00e4ren Sorte so sehr w\u00fcnschen.\" \/>\n<meta name=\"robots\" content=\"index, follow, max-snippet:-1, max-image-preview:large, max-video-preview:-1\" \/>\n<link rel=\"canonical\" href=\"https:\/\/buddhaseedbank.com\/de\/producto\/buddha-ak\/\" \/>\n<meta property=\"og:locale\" content=\"de_DE\" \/>\n<meta property=\"og:type\" content=\"article\" \/>\n<meta property=\"og:title\" content=\"Buddha AK - Buddha Seeds\" \/>\n<meta property=\"og:description\" content=\"Die AK-Samen, die ihre Originalit\u00e4t am meisten respektiert haben, sind die der Buddha Seeds Bank, die in Buddha AK die attraktivsten Aspekte vervielf\u00e4ltigt hat, die die Anh\u00e4nger dieser legend\u00e4ren Sorte so sehr w\u00fcnschen.\" \/>\n<meta property=\"og:url\" content=\"https:\/\/buddhaseedbank.com\/de\/producto\/buddha-ak\/\" \/>\n<meta property=\"og:site_name\" content=\"Buddha Seeds\" \/>\n<meta property=\"article:modified_time\" content=\"2026-01-23T21:34:52+00:00\" \/>\n<meta property=\"og:image\" content=\"https:\/\/buddhaseedbank.com\/wp-content\/uploads\/2020\/12\/211-Buddha-AK.jpg\" \/>\n\t<meta property=\"og:image:width\" content=\"1080\" \/>\n\t<meta property=\"og:image:height\" content=\"1080\" \/>\n\t<meta property=\"og:image:type\" content=\"image\/jpeg\" \/>\n<meta name=\"twitter:card\" content=\"summary_large_image\" \/>\n<meta name=\"twitter:label1\" content=\"Gesch\u00e4tzte Lesezeit\" \/>\n\t<meta name=\"twitter:data1\" content=\"2\u00a0Minuten\" \/>\n<script type=\"application\/ld+json\" class=\"yoast-schema-graph\">{\"@context\":\"https:\\\/\\\/schema.org\",\"@graph\":[{\"@type\":\"WebPage\",\"@id\":\"https:\\\/\\\/buddhaseedbank.com\\\/de\\\/producto\\\/buddha-ak\\\/\",\"url\":\"https:\\\/\\\/buddhaseedbank.com\\\/de\\\/producto\\\/buddha-ak\\\/\",\"name\":\"Buddha AK - Buddha Seeds\",\"isPartOf\":{\"@id\":\"https:\\\/\\\/buddhaseedbank.com\\\/de\\\/#website\"},\"primaryImageOfPage\":{\"@id\":\"https:\\\/\\\/buddhaseedbank.com\\\/de\\\/producto\\\/buddha-ak\\\/#primaryimage\"},\"image\":{\"@id\":\"https:\\\/\\\/buddhaseedbank.com\\\/de\\\/producto\\\/buddha-ak\\\/#primaryimage\"},\"thumbnailUrl\":\"https:\\\/\\\/buddhaseedbank.com\\\/wp-content\\\/uploads\\\/2020\\\/12\\\/211-Buddha-AK.jpg\",\"datePublished\":\"2020-12-01T13:55:34+00:00\",\"dateModified\":\"2026-01-23T21:34:52+00:00\",\"description\":\"Die AK-Samen, die ihre Originalit\u00e4t am meisten respektiert haben, sind die der Buddha Seeds Bank, die in Buddha AK die attraktivsten Aspekte vervielf\u00e4ltigt hat, die die Anh\u00e4nger dieser legend\u00e4ren Sorte so sehr w\u00fcnschen.\",\"breadcrumb\":{\"@id\":\"https:\\\/\\\/buddhaseedbank.com\\\/de\\\/producto\\\/buddha-ak\\\/#breadcrumb\"},\"inLanguage\":\"de\",\"potentialAction\":[{\"@type\":\"ReadAction\",\"target\":[\"https:\\\/\\\/buddhaseedbank.com\\\/de\\\/producto\\\/buddha-ak\\\/\"]}]},{\"@type\":\"ImageObject\",\"inLanguage\":\"de\",\"@id\":\"https:\\\/\\\/buddhaseedbank.com\\\/de\\\/producto\\\/buddha-ak\\\/#primaryimage\",\"url\":\"https:\\\/\\\/buddhaseedbank.com\\\/wp-content\\\/uploads\\\/2020\\\/12\\\/211-Buddha-AK.jpg\",\"contentUrl\":\"https:\\\/\\\/buddhaseedbank.com\\\/wp-content\\\/uploads\\\/2020\\\/12\\\/211-Buddha-AK.jpg\",\"width\":1080,\"height\":1080,\"caption\":\"Buddha AK\"},{\"@type\":\"BreadcrumbList\",\"@id\":\"https:\\\/\\\/buddhaseedbank.com\\\/de\\\/producto\\\/buddha-ak\\\/#breadcrumb\",\"itemListElement\":[{\"@type\":\"ListItem\",\"position\":1,\"name\":\"Portada\",\"item\":\"https:\\\/\\\/buddhaseedbank.com\\\/de\\\/\"},{\"@type\":\"ListItem\",\"position\":2,\"name\":\"Shop\",\"item\":\"https:\\\/\\\/buddhaseedbank.com\\\/de\\\/shop\\\/\"},{\"@type\":\"ListItem\",\"position\":3,\"name\":\"Buddha AK\"}]},{\"@type\":\"WebSite\",\"@id\":\"https:\\\/\\\/buddhaseedbank.com\\\/de\\\/#website\",\"url\":\"https:\\\/\\\/buddhaseedbank.com\\\/de\\\/\",\"name\":\"Buddha Seeds\",\"description\":\"\",\"publisher\":{\"@id\":\"https:\\\/\\\/buddhaseedbank.com\\\/de\\\/#organization\"},\"potentialAction\":[{\"@type\":\"SearchAction\",\"target\":{\"@type\":\"EntryPoint\",\"urlTemplate\":\"https:\\\/\\\/buddhaseedbank.com\\\/de\\\/?s={search_term_string}\"},\"query-input\":{\"@type\":\"PropertyValueSpecification\",\"valueRequired\":true,\"valueName\":\"search_term_string\"}}],\"inLanguage\":\"de\"},{\"@type\":\"Organization\",\"@id\":\"https:\\\/\\\/buddhaseedbank.com\\\/de\\\/#organization\",\"name\":\"Buddha Seeds\",\"url\":\"https:\\\/\\\/buddhaseedbank.com\\\/de\\\/\",\"logo\":{\"@type\":\"ImageObject\",\"inLanguage\":\"de\",\"@id\":\"https:\\\/\\\/buddhaseedbank.com\\\/de\\\/#\\\/schema\\\/logo\\\/image\\\/\",\"url\":\"https:\\\/\\\/buddhaseedbank.com\\\/wp-content\\\/uploads\\\/2024\\\/04\\\/buddha-seeds-logo-1622448424-1.png\",\"contentUrl\":\"https:\\\/\\\/buddhaseedbank.com\\\/wp-content\\\/uploads\\\/2024\\\/04\\\/buddha-seeds-logo-1622448424-1.png\",\"width\":478,\"height\":200,\"caption\":\"Buddha Seeds\"},\"image\":{\"@id\":\"https:\\\/\\\/buddhaseedbank.com\\\/de\\\/#\\\/schema\\\/logo\\\/image\\\/\"}}]}<\/script>\n<!-- \/ Yoast SEO plugin. -->","yoast_head_json":{"title":"Buddha AK - Buddha Seeds","description":"Die AK-Samen, die ihre Originalit\u00e4t am meisten respektiert haben, sind die der Buddha Seeds Bank, die in Buddha AK die attraktivsten Aspekte vervielf\u00e4ltigt hat, die die Anh\u00e4nger dieser legend\u00e4ren Sorte so sehr w\u00fcnschen.","robots":{"index":"index","follow":"follow","max-snippet":"max-snippet:-1","max-image-preview":"max-image-preview:large","max-video-preview":"max-video-preview:-1"},"canonical":"https:\/\/buddhaseedbank.com\/de\/producto\/buddha-ak\/","og_locale":"de_DE","og_type":"article","og_title":"Buddha AK - Buddha Seeds","og_description":"Die AK-Samen, die ihre Originalit\u00e4t am meisten respektiert haben, sind die der Buddha Seeds Bank, die in Buddha AK die attraktivsten Aspekte vervielf\u00e4ltigt hat, die die Anh\u00e4nger dieser legend\u00e4ren Sorte so sehr w\u00fcnschen.","og_url":"https:\/\/buddhaseedbank.com\/de\/producto\/buddha-ak\/","og_site_name":"Buddha Seeds","article_modified_time":"2026-01-23T21:34:52+00:00","og_image":[{"width":1080,"height":1080,"url":"https:\/\/buddhaseedbank.com\/wp-content\/uploads\/2020\/12\/211-Buddha-AK.jpg","type":"image\/jpeg"}],"twitter_card":"summary_large_image","twitter_misc":{"Gesch\u00e4tzte Lesezeit":"2\u00a0Minuten"},"schema":{"@context":"https:\/\/schema.org","@graph":[{"@type":"WebPage","@id":"https:\/\/buddhaseedbank.com\/de\/producto\/buddha-ak\/","url":"https:\/\/buddhaseedbank.com\/de\/producto\/buddha-ak\/","name":"Buddha AK - Buddha Seeds","isPartOf":{"@id":"https:\/\/buddhaseedbank.com\/de\/#website"},"primaryImageOfPage":{"@id":"https:\/\/buddhaseedbank.com\/de\/producto\/buddha-ak\/#primaryimage"},"image":{"@id":"https:\/\/buddhaseedbank.com\/de\/producto\/buddha-ak\/#primaryimage"},"thumbnailUrl":"https:\/\/buddhaseedbank.com\/wp-content\/uploads\/2020\/12\/211-Buddha-AK.jpg","datePublished":"2020-12-01T13:55:34+00:00","dateModified":"2026-01-23T21:34:52+00:00","description":"Die AK-Samen, die ihre Originalit\u00e4t am meisten respektiert haben, sind die der Buddha Seeds Bank, die in Buddha AK die attraktivsten Aspekte vervielf\u00e4ltigt hat, die die Anh\u00e4nger dieser legend\u00e4ren Sorte so sehr w\u00fcnschen.","breadcrumb":{"@id":"https:\/\/buddhaseedbank.com\/de\/producto\/buddha-ak\/#breadcrumb"},"inLanguage":"de","potentialAction":[{"@type":"ReadAction","target":["https:\/\/buddhaseedbank.com\/de\/producto\/buddha-ak\/"]}]},{"@type":"ImageObject","inLanguage":"de","@id":"https:\/\/buddhaseedbank.com\/de\/producto\/buddha-ak\/#primaryimage","url":"https:\/\/buddhaseedbank.com\/wp-content\/uploads\/2020\/12\/211-Buddha-AK.jpg","contentUrl":"https:\/\/buddhaseedbank.com\/wp-content\/uploads\/2020\/12\/211-Buddha-AK.jpg","width":1080,"height":1080,"caption":"Buddha AK"},{"@type":"BreadcrumbList","@id":"https:\/\/buddhaseedbank.com\/de\/producto\/buddha-ak\/#breadcrumb","itemListElement":[{"@type":"ListItem","position":1,"name":"Portada","item":"https:\/\/buddhaseedbank.com\/de\/"},{"@type":"ListItem","position":2,"name":"Shop","item":"https:\/\/buddhaseedbank.com\/de\/shop\/"},{"@type":"ListItem","position":3,"name":"Buddha AK"}]},{"@type":"WebSite","@id":"https:\/\/buddhaseedbank.com\/de\/#website","url":"https:\/\/buddhaseedbank.com\/de\/","name":"Buddha Seeds","description":"","publisher":{"@id":"https:\/\/buddhaseedbank.com\/de\/#organization"},"potentialAction":[{"@type":"SearchAction","target":{"@type":"EntryPoint","urlTemplate":"https:\/\/buddhaseedbank.com\/de\/?s={search_term_string}"},"query-input":{"@type":"PropertyValueSpecification","valueRequired":true,"valueName":"search_term_string"}}],"inLanguage":"de"},{"@type":"Organization","@id":"https:\/\/buddhaseedbank.com\/de\/#organization","name":"Buddha Seeds","url":"https:\/\/buddhaseedbank.com\/de\/","logo":{"@type":"ImageObject","inLanguage":"de","@id":"https:\/\/buddhaseedbank.com\/de\/#\/schema\/logo\/image\/","url":"https:\/\/buddhaseedbank.com\/wp-content\/uploads\/2024\/04\/buddha-seeds-logo-1622448424-1.png","contentUrl":"https:\/\/buddhaseedbank.com\/wp-content\/uploads\/2024\/04\/buddha-seeds-logo-1622448424-1.png","width":478,"height":200,"caption":"Buddha Seeds"},"image":{"@id":"https:\/\/buddhaseedbank.com\/de\/#\/schema\/logo\/image\/"}}]}},"_links":{"self":[{"href":"https:\/\/buddhaseedbank.com\/de\/wp-json\/wp\/v2\/product\/7089","targetHints":{"allow":["GET"]}}],"collection":[{"href":"https:\/\/buddhaseedbank.com\/de\/wp-json\/wp\/v2\/product"}],"about":[{"href":"https:\/\/buddhaseedbank.com\/de\/wp-json\/wp\/v2\/types\/product"}],"wp:featuredmedia":[{"embeddable":true,"href":"https:\/\/buddhaseedbank.com\/de\/wp-json\/wp\/v2\/media\/4242"}],"wp:attachment":[{"href":"https:\/\/buddhaseedbank.com\/de\/wp-json\/wp\/v2\/media?parent=7089"}],"wp:term":[{"taxonomy":"product_brand","embeddable":true,"href":"https:\/\/buddhaseedbank.com\/de\/wp-json\/wp\/v2\/product_brand?post=7089"},{"taxonomy":"product_cat","embeddable":true,"href":"https:\/\/buddhaseedbank.com\/de\/wp-json\/wp\/v2\/product_cat?post=7089"},{"taxonomy":"product_tag","embeddable":true,"href":"https:\/\/buddhaseedbank.com\/de\/wp-json\/wp\/v2\/product_tag?post=7089"}],"curies":[{"name":"wp","href":"https:\/\/api.w.org\/{rel}","templated":true}]}}