{"id":7122,"date":"2020-12-01T10:14:30","date_gmt":"2020-12-01T09:14:30","guid":{"rendered":"https:\/\/buddhaseedbank.com\/producto\/buddha-magnum-auto\/"},"modified":"2026-03-02T10:55:19","modified_gmt":"2026-03-02T09:55:19","slug":"buddha-magnum-auto","status":"publish","type":"product","link":"https:\/\/buddhaseedbank.com\/de\/producto\/buddha-magnum-auto\/","title":{"rendered":"Magnum Auto"},"content":{"rendered":"<h2>Magnum auto, die produktive autoflowering cannabis samen von Buddha Seeds<\/h2>\n<p>Magnum auto von Buddha Seeds ist einer der herausragendsten <a href=\"https:\/\/buddhaseedbank.com\/de\/etiqueta-producto\/autoflowering-cannabis-samen\/\" target=\"_blank\" rel=\"noopener\">autoflowering cannabis samen<\/a> auf dem automatischen Markt. Magnum auto ist ein Drei-Wege-Hybrid, das Ergebnis der Kreuzung von autoflowering Sorten mit einem schnellen, kr\u00e4ftigen und vielverzweigten Wachstum. In der Bl\u00fctezeit platzt diese Sorte mit dichten, harzbedeckten Knospen, was sie zu einer der besten Entscheidungen f\u00fcr diejenigen macht, die auf Produktivit\u00e4t und Qualit\u00e4t Wert legen.<\/p>\n<p>Der gesamte Wachstumszyklus von Magnum Auto dauert ungef\u00e4hr 85 Tage. Im Innenbereich kann sie einen Ertrag von 550 bis 600 Gramm pro Quadratmeter erzielen, w\u00e4hrend im Freien jede Pflanze je nach Anbaubedingungen zwischen 100 und 250 Gramm einbringen kann. Magnum auto sticht unter den produktiven autoflowering cannabis samen wegen ihrer gro\u00dfen Gr\u00f6\u00dfe hervor, die im Innenbereich eine Herausforderung darstellen kann. Aus diesem Grund ist es nicht empfehlenswert, sie in gro\u00dfen T\u00f6pfen im Haus anzubauen, da sie zu einer beachtlichen Gr\u00f6\u00dfe heranwachsen kann. Wer sie auf kleinem Raum besser kontrollieren m\u00f6chte, sollte lieber kleine T\u00f6pfe oder sp\u00e4te Transplantate verwenden, um ihre H\u00f6he und Wuchskraft zu kontrollieren.<\/p>\n<p>Im Freien zeigt sich Magnum auto von ihrer besten Seite. Wenn sie direkt in den Boden oder in einen gro\u00dfen Topf gepflanzt wird, zeigt dieser produktive autoflowering cannabis samen sein wahres Potenzial, w\u00e4chst beeindruckend und wird zu einem echten Monster, das jeden Z\u00fcchter daran zweifeln l\u00e4sst, ob es sich wirklich um eine automatische Sorte handelt.<\/p>\n<p>Magnum bietet ein frisches und w\u00fcrziges Geschmacks- und Aromaprofil, was einen Teil ihres Reizes ausmacht. Dar\u00fcber hinaus entt\u00e4uscht ihre Potenz nicht, denn sie bietet eine explosive zerebrale Wirkung, die sich mit der Zeit intensiviert und in einem unkontrollierbaren, kichernden High gipfelt. Sie ist die perfekte Wahl f\u00fcr alle, die nach produktiven autoflowering cannabis samen mit au\u00dfergew\u00f6hnlichen Ertr\u00e4gen in Quantit\u00e4t und Qualit\u00e4t suchen.<\/p>\n<p>&nbsp;<\/p>\n<p>&nbsp;<\/p>\n<p><a class=\"btn btn-default\" style=\"background-color: #ff0000; color: #ffffff;\" href=\"https:\/\/www.youtube.com\/watch?v=pu_yyVFMPGs\" target=\"_blank\" rel=\"noreferrer noopener nofollow\">YouTube \u25ba<\/a><\/p>\n","protected":false},"excerpt":{"rendered":"<p>Magnum auto von Buddha Seeds ist einer der produktivsten autoflowering Cannabis-Samen auf dem Markt aufgrund seiner gro\u00dfen Gr\u00f6\u00dfe.<\/p>\n<p>W\u00e4hrend der Bl\u00fctephase platzt diese Marihuanasorte mit dichten, harzbedeckten Knospen, was sie zu einer der besten Optionen f\u00fcr diejenigen macht, die Produktivit\u00e4t und Qualit\u00e4t suchen.<\/p>\n<p>Der komplette Wachstumszyklus von Magnum Auto dauert ungef\u00e4hr 85 Tage. Im Innenbereich kann sie einen Ertrag von 550 bis 600 Gramm pro Quadratmeter erzielen, w\u00e4hrend im Au\u00dfenbereich jede Pflanze je nach Anbaubedingungen zwischen 100 und 250 Gramm einbringen kann.<\/p>\n","protected":false},"featured_media":13858,"template":"","meta":{"_joinchat":[]},"product_brand":[],"product_cat":[732,745],"product_tag":[1151,1735,1436],"class_list":{"0":"post-7122","1":"product","2":"type-product","3":"status-publish","4":"has-post-thumbnail","6":"product_cat-buddha-seeds-sorten","7":"product_cat-original-buddha-samen","8":"product_tag-autoflowering-cannabis-samen","9":"product_tag-bestseller","10":"product_tag-produktive-selbstbluehende-pflanzen","11":"pa_8d-tiempodecultivocrecimient-85-tage","12":"pa_efecto-starker-und-unkontrollierbarer-lacheffekt","13":"pa_fa-produccionenexteriorporpl-100-250-gr","14":"pa_genetica-sativa-dominante-hybride","15":"pa_produccionm-550-600-gr","16":"pa_semillas-10-unidades-de","17":"pa_semillas-3-unidades-de","18":"pa_semillas-50-unidades-de","19":"pa_sexo-feminisiert","20":"pa_tipo-autoflowering-de","22":"first","23":"instock","24":"featured","25":"taxable","26":"shipping-taxable","27":"purchasable","28":"product-type-variable","29":"has-default-attributes"},"yoast_head":"<!-- This site is optimized with the Yoast SEO plugin v27.3 - https:\/\/yoast.com\/product\/yoast-seo-wordpress\/ -->\n<title>Magnum autoflowering cannabis samen<\/title>\n<meta name=\"description\" content=\"Magnum ist eine produktive autoflowering cannabis samen mit erstaunlichen Ergebnissen. Die authentische Magnum stammt von der Samenbank Buddha Seeds.\" \/>\n<meta name=\"robots\" content=\"index, follow, max-snippet:-1, max-image-preview:large, max-video-preview:-1\" \/>\n<link rel=\"canonical\" href=\"https:\/\/buddhaseedbank.com\/de\/producto\/buddha-magnum-auto\/\" \/>\n<meta property=\"og:locale\" content=\"de_DE\" \/>\n<meta property=\"og:type\" content=\"article\" \/>\n<meta property=\"og:title\" content=\"Magnum autoflowering cannabis samen\" \/>\n<meta property=\"og:description\" content=\"Magnum ist eine produktive autoflowering cannabis samen mit erstaunlichen Ergebnissen. Die authentische Magnum stammt von der Samenbank Buddha Seeds.\" \/>\n<meta property=\"og:url\" content=\"https:\/\/buddhaseedbank.com\/de\/producto\/buddha-magnum-auto\/\" \/>\n<meta property=\"og:site_name\" content=\"Buddha Seeds\" \/>\n<meta property=\"article:modified_time\" content=\"2026-03-02T09:55:19+00:00\" \/>\n<meta property=\"og:image\" content=\"https:\/\/buddhaseedbank.com\/wp-content\/uploads\/2020\/12\/magnum_autofloreciente_BuddhaSeeds.jpg\" \/>\n\t<meta property=\"og:image:width\" content=\"1017\" \/>\n\t<meta property=\"og:image:height\" content=\"1241\" \/>\n\t<meta property=\"og:image:type\" content=\"image\/jpeg\" \/>\n<meta name=\"twitter:card\" content=\"summary_large_image\" \/>\n<meta name=\"twitter:label1\" content=\"Gesch\u00e4tzte Lesezeit\" \/>\n\t<meta name=\"twitter:data1\" content=\"2\u00a0Minuten\" \/>\n<script type=\"application\/ld+json\" class=\"yoast-schema-graph\">{\"@context\":\"https:\\\/\\\/schema.org\",\"@graph\":[{\"@type\":\"WebPage\",\"@id\":\"https:\\\/\\\/buddhaseedbank.com\\\/de\\\/producto\\\/buddha-magnum-auto\\\/\",\"url\":\"https:\\\/\\\/buddhaseedbank.com\\\/de\\\/producto\\\/buddha-magnum-auto\\\/\",\"name\":\"Magnum autoflowering cannabis samen\",\"isPartOf\":{\"@id\":\"https:\\\/\\\/buddhaseedbank.com\\\/de\\\/#website\"},\"primaryImageOfPage\":{\"@id\":\"https:\\\/\\\/buddhaseedbank.com\\\/de\\\/producto\\\/buddha-magnum-auto\\\/#primaryimage\"},\"image\":{\"@id\":\"https:\\\/\\\/buddhaseedbank.com\\\/de\\\/producto\\\/buddha-magnum-auto\\\/#primaryimage\"},\"thumbnailUrl\":\"https:\\\/\\\/buddhaseedbank.com\\\/wp-content\\\/uploads\\\/2020\\\/12\\\/Magnum_Buddha-Seeds.jpg\",\"datePublished\":\"2020-12-01T09:14:30+00:00\",\"dateModified\":\"2026-03-02T09:55:19+00:00\",\"description\":\"Magnum ist eine produktive autoflowering cannabis samen mit erstaunlichen Ergebnissen. Die authentische Magnum stammt von der Samenbank Buddha Seeds.\",\"breadcrumb\":{\"@id\":\"https:\\\/\\\/buddhaseedbank.com\\\/de\\\/producto\\\/buddha-magnum-auto\\\/#breadcrumb\"},\"inLanguage\":\"de\",\"potentialAction\":[{\"@type\":\"ReadAction\",\"target\":[\"https:\\\/\\\/buddhaseedbank.com\\\/de\\\/producto\\\/buddha-magnum-auto\\\/\"]}]},{\"@type\":\"ImageObject\",\"inLanguage\":\"de\",\"@id\":\"https:\\\/\\\/buddhaseedbank.com\\\/de\\\/producto\\\/buddha-magnum-auto\\\/#primaryimage\",\"url\":\"https:\\\/\\\/buddhaseedbank.com\\\/wp-content\\\/uploads\\\/2020\\\/12\\\/Magnum_Buddha-Seeds.jpg\",\"contentUrl\":\"https:\\\/\\\/buddhaseedbank.com\\\/wp-content\\\/uploads\\\/2020\\\/12\\\/Magnum_Buddha-Seeds.jpg\",\"width\":1440,\"height\":1920,\"caption\":\"Magnum automatica Buddha Seeds\"},{\"@type\":\"BreadcrumbList\",\"@id\":\"https:\\\/\\\/buddhaseedbank.com\\\/de\\\/producto\\\/buddha-magnum-auto\\\/#breadcrumb\",\"itemListElement\":[{\"@type\":\"ListItem\",\"position\":1,\"name\":\"Portada\",\"item\":\"https:\\\/\\\/buddhaseedbank.com\\\/de\\\/\"},{\"@type\":\"ListItem\",\"position\":2,\"name\":\"Shop\",\"item\":\"https:\\\/\\\/buddhaseedbank.com\\\/de\\\/shop\\\/\"},{\"@type\":\"ListItem\",\"position\":3,\"name\":\"Magnum Auto\"}]},{\"@type\":\"WebSite\",\"@id\":\"https:\\\/\\\/buddhaseedbank.com\\\/de\\\/#website\",\"url\":\"https:\\\/\\\/buddhaseedbank.com\\\/de\\\/\",\"name\":\"Buddha Seeds\",\"description\":\"\",\"publisher\":{\"@id\":\"https:\\\/\\\/buddhaseedbank.com\\\/de\\\/#organization\"},\"potentialAction\":[{\"@type\":\"SearchAction\",\"target\":{\"@type\":\"EntryPoint\",\"urlTemplate\":\"https:\\\/\\\/buddhaseedbank.com\\\/de\\\/?s={search_term_string}\"},\"query-input\":{\"@type\":\"PropertyValueSpecification\",\"valueRequired\":true,\"valueName\":\"search_term_string\"}}],\"inLanguage\":\"de\"},{\"@type\":\"Organization\",\"@id\":\"https:\\\/\\\/buddhaseedbank.com\\\/de\\\/#organization\",\"name\":\"Buddha Seeds\",\"url\":\"https:\\\/\\\/buddhaseedbank.com\\\/de\\\/\",\"logo\":{\"@type\":\"ImageObject\",\"inLanguage\":\"de\",\"@id\":\"https:\\\/\\\/buddhaseedbank.com\\\/de\\\/#\\\/schema\\\/logo\\\/image\\\/\",\"url\":\"https:\\\/\\\/buddhaseedbank.com\\\/wp-content\\\/uploads\\\/2024\\\/04\\\/buddha-seeds-logo-1622448424-1.png\",\"contentUrl\":\"https:\\\/\\\/buddhaseedbank.com\\\/wp-content\\\/uploads\\\/2024\\\/04\\\/buddha-seeds-logo-1622448424-1.png\",\"width\":478,\"height\":200,\"caption\":\"Buddha Seeds\"},\"image\":{\"@id\":\"https:\\\/\\\/buddhaseedbank.com\\\/de\\\/#\\\/schema\\\/logo\\\/image\\\/\"}}]}<\/script>\n<!-- \/ Yoast SEO plugin. -->","yoast_head_json":{"title":"Magnum autoflowering cannabis samen","description":"Magnum ist eine produktive autoflowering cannabis samen mit erstaunlichen Ergebnissen. Die authentische Magnum stammt von der Samenbank Buddha Seeds.","robots":{"index":"index","follow":"follow","max-snippet":"max-snippet:-1","max-image-preview":"max-image-preview:large","max-video-preview":"max-video-preview:-1"},"canonical":"https:\/\/buddhaseedbank.com\/de\/producto\/buddha-magnum-auto\/","og_locale":"de_DE","og_type":"article","og_title":"Magnum autoflowering cannabis samen","og_description":"Magnum ist eine produktive autoflowering cannabis samen mit erstaunlichen Ergebnissen. Die authentische Magnum stammt von der Samenbank Buddha Seeds.","og_url":"https:\/\/buddhaseedbank.com\/de\/producto\/buddha-magnum-auto\/","og_site_name":"Buddha Seeds","article_modified_time":"2026-03-02T09:55:19+00:00","og_image":[{"width":1017,"height":1241,"url":"https:\/\/buddhaseedbank.com\/wp-content\/uploads\/2020\/12\/magnum_autofloreciente_BuddhaSeeds.jpg","type":"image\/jpeg"}],"twitter_card":"summary_large_image","twitter_misc":{"Gesch\u00e4tzte Lesezeit":"2\u00a0Minuten"},"schema":{"@context":"https:\/\/schema.org","@graph":[{"@type":"WebPage","@id":"https:\/\/buddhaseedbank.com\/de\/producto\/buddha-magnum-auto\/","url":"https:\/\/buddhaseedbank.com\/de\/producto\/buddha-magnum-auto\/","name":"Magnum autoflowering cannabis samen","isPartOf":{"@id":"https:\/\/buddhaseedbank.com\/de\/#website"},"primaryImageOfPage":{"@id":"https:\/\/buddhaseedbank.com\/de\/producto\/buddha-magnum-auto\/#primaryimage"},"image":{"@id":"https:\/\/buddhaseedbank.com\/de\/producto\/buddha-magnum-auto\/#primaryimage"},"thumbnailUrl":"https:\/\/buddhaseedbank.com\/wp-content\/uploads\/2020\/12\/Magnum_Buddha-Seeds.jpg","datePublished":"2020-12-01T09:14:30+00:00","dateModified":"2026-03-02T09:55:19+00:00","description":"Magnum ist eine produktive autoflowering cannabis samen mit erstaunlichen Ergebnissen. Die authentische Magnum stammt von der Samenbank Buddha Seeds.","breadcrumb":{"@id":"https:\/\/buddhaseedbank.com\/de\/producto\/buddha-magnum-auto\/#breadcrumb"},"inLanguage":"de","potentialAction":[{"@type":"ReadAction","target":["https:\/\/buddhaseedbank.com\/de\/producto\/buddha-magnum-auto\/"]}]},{"@type":"ImageObject","inLanguage":"de","@id":"https:\/\/buddhaseedbank.com\/de\/producto\/buddha-magnum-auto\/#primaryimage","url":"https:\/\/buddhaseedbank.com\/wp-content\/uploads\/2020\/12\/Magnum_Buddha-Seeds.jpg","contentUrl":"https:\/\/buddhaseedbank.com\/wp-content\/uploads\/2020\/12\/Magnum_Buddha-Seeds.jpg","width":1440,"height":1920,"caption":"Magnum automatica Buddha Seeds"},{"@type":"BreadcrumbList","@id":"https:\/\/buddhaseedbank.com\/de\/producto\/buddha-magnum-auto\/#breadcrumb","itemListElement":[{"@type":"ListItem","position":1,"name":"Portada","item":"https:\/\/buddhaseedbank.com\/de\/"},{"@type":"ListItem","position":2,"name":"Shop","item":"https:\/\/buddhaseedbank.com\/de\/shop\/"},{"@type":"ListItem","position":3,"name":"Magnum Auto"}]},{"@type":"WebSite","@id":"https:\/\/buddhaseedbank.com\/de\/#website","url":"https:\/\/buddhaseedbank.com\/de\/","name":"Buddha Seeds","description":"","publisher":{"@id":"https:\/\/buddhaseedbank.com\/de\/#organization"},"potentialAction":[{"@type":"SearchAction","target":{"@type":"EntryPoint","urlTemplate":"https:\/\/buddhaseedbank.com\/de\/?s={search_term_string}"},"query-input":{"@type":"PropertyValueSpecification","valueRequired":true,"valueName":"search_term_string"}}],"inLanguage":"de"},{"@type":"Organization","@id":"https:\/\/buddhaseedbank.com\/de\/#organization","name":"Buddha Seeds","url":"https:\/\/buddhaseedbank.com\/de\/","logo":{"@type":"ImageObject","inLanguage":"de","@id":"https:\/\/buddhaseedbank.com\/de\/#\/schema\/logo\/image\/","url":"https:\/\/buddhaseedbank.com\/wp-content\/uploads\/2024\/04\/buddha-seeds-logo-1622448424-1.png","contentUrl":"https:\/\/buddhaseedbank.com\/wp-content\/uploads\/2024\/04\/buddha-seeds-logo-1622448424-1.png","width":478,"height":200,"caption":"Buddha Seeds"},"image":{"@id":"https:\/\/buddhaseedbank.com\/de\/#\/schema\/logo\/image\/"}}]}},"_links":{"self":[{"href":"https:\/\/buddhaseedbank.com\/de\/wp-json\/wp\/v2\/product\/7122","targetHints":{"allow":["GET"]}}],"collection":[{"href":"https:\/\/buddhaseedbank.com\/de\/wp-json\/wp\/v2\/product"}],"about":[{"href":"https:\/\/buddhaseedbank.com\/de\/wp-json\/wp\/v2\/types\/product"}],"wp:featuredmedia":[{"embeddable":true,"href":"https:\/\/buddhaseedbank.com\/de\/wp-json\/wp\/v2\/media\/13858"}],"wp:attachment":[{"href":"https:\/\/buddhaseedbank.com\/de\/wp-json\/wp\/v2\/media?parent=7122"}],"wp:term":[{"taxonomy":"product_brand","embeddable":true,"href":"https:\/\/buddhaseedbank.com\/de\/wp-json\/wp\/v2\/product_brand?post=7122"},{"taxonomy":"product_cat","embeddable":true,"href":"https:\/\/buddhaseedbank.com\/de\/wp-json\/wp\/v2\/product_cat?post=7122"},{"taxonomy":"product_tag","embeddable":true,"href":"https:\/\/buddhaseedbank.com\/de\/wp-json\/wp\/v2\/product_tag?post=7122"}],"curies":[{"name":"wp","href":"https:\/\/api.w.org\/{rel}","templated":true}]}}