{"id":7147,"date":"2020-11-03T10:29:59","date_gmt":"2020-11-03T09:29:59","guid":{"rendered":"https:\/\/buddhaseedbank.com\/producto\/buddha-krake\/"},"modified":"2026-03-18T07:50:12","modified_gmt":"2026-03-18T06:50:12","slug":"buddha-krake","status":"publish","type":"product","link":"https:\/\/buddhaseedbank.com\/de\/producto\/buddha-krake\/","title":{"rendered":"Buddha Kraken"},"content":{"rendered":"<p style=\"text-align: justify;\">Ein Indica-Hybrid, der mit Blick auf Potenz und Produktion entwickelt wurde und eine verzweigte Struktur aufweist. Ihre dichten, kompakten und gigantischen Knospen machen Kraken zu einer \u00fcbertrieben produktiven Sorte mit einem frischen und fast minzigen Geschmack.<\/p>\n<p style=\"text-align: justify;\">Sie ist ideal f\u00fcr Z\u00fcchter, die nach maximaler Potenz suchen und auch perfekt f\u00fcr diejenigen, die ihre Ernten profitabel machen wollen und auf hohe Ertr\u00e4ge angewiesen sind.<\/p>\n<p style=\"text-align: justify;\">Ihr starker, verheerender und kraftvoller Rauch ist bemerkenswert, was Kraken zusammen mit ihrer extremen Dauer zu einer Indica-Sorte macht, die man in Betracht ziehen sollte,<\/p>\n<p style=\"text-align: justify;\">Ungeheuerlich in all seinen Aspekten<\/p>\n<p><a class=\"btn btn-default\" style=\"background-color: #ff0000; color: #ffffff;\" href=\"https:\/\/www.youtube.com\/watch?v=tK1o8xnvaBQ\" target=\"_blank\" rel=\"noreferrer noopener nofollow\">YouTube \u25ba<\/a><\/p>\n","protected":false},"excerpt":{"rendered":"<p style=\"text-align: justify;\">Ungeheuerlich in jeder Hinsicht.<\/p>\n","protected":false},"featured_media":8561,"template":"","meta":{"_joinchat":[]},"product_brand":[],"product_cat":[732,745],"product_tag":[1735,1428,1393,1480,1391],"class_list":{"0":"post-7147","1":"product","2":"type-product","3":"status-publish","4":"has-post-thumbnail","6":"product_cat-buddha-seeds-sorten","7":"product_cat-original-buddha-samen","8":"product_tag-bestseller","9":"product_tag-cannabis-indica-de","10":"product_tag-cannabis-mit-starker-wirkung","11":"product_tag-lichtabhaengige-samen","12":"product_tag-produktiv-hanf","13":"pa_efecto-lang-anhaltendes-hoch","14":"pa_fa-produccionenexteriorporpl-500-gr-15-kg","15":"pa_genetica-indica-dominanter-hybrid","16":"pa_mesdecosecha-ende-september-nordliche-hemisphare-ende-marz-sudliche-hemisphare-de","17":"pa_produccionm-500-gr","18":"pa_semillas-10-unidades-de","19":"pa_semillas-3-unidades-de","20":"pa_semillas-50-unidades-de","21":"pa_sexo-feminisiert","22":"pa_tiempodefloracion-58-63-tage","23":"pa_tipo-photodependent-de","25":"first","26":"instock","27":"taxable","28":"shipping-taxable","29":"purchasable","30":"product-type-variable"},"yoast_head":"<!-- This site is optimized with the Yoast SEO plugin v27.3 - https:\/\/yoast.com\/product\/yoast-seo-wordpress\/ -->\n<title>Buddha Kraken - Buddha Seeds<\/title>\n<meta name=\"robots\" content=\"index, follow, max-snippet:-1, max-image-preview:large, max-video-preview:-1\" \/>\n<link rel=\"canonical\" href=\"https:\/\/buddhaseedbank.com\/de\/producto\/buddha-krake\/\" \/>\n<meta property=\"og:locale\" content=\"de_DE\" \/>\n<meta property=\"og:type\" content=\"article\" \/>\n<meta property=\"og:title\" content=\"Buddha Kraken - Buddha Seeds\" \/>\n<meta property=\"og:description\" content=\"Ungeheuerlich in jeder Hinsicht.\" \/>\n<meta property=\"og:url\" content=\"https:\/\/buddhaseedbank.com\/de\/producto\/buddha-krake\/\" \/>\n<meta property=\"og:site_name\" content=\"Buddha Seeds\" \/>\n<meta property=\"article:modified_time\" content=\"2026-03-18T06:50:12+00:00\" \/>\n<meta property=\"og:image\" content=\"https:\/\/buddhaseedbank.com\/wp-content\/uploads\/2020\/11\/Kraken_Buddhaseeds_01.jpg\" \/>\n\t<meta property=\"og:image:width\" content=\"900\" \/>\n\t<meta property=\"og:image:height\" content=\"900\" \/>\n\t<meta property=\"og:image:type\" content=\"image\/jpeg\" \/>\n<meta name=\"twitter:card\" content=\"summary_large_image\" \/>\n<meta name=\"twitter:label1\" content=\"Gesch\u00e4tzte Lesezeit\" \/>\n\t<meta name=\"twitter:data1\" content=\"1\u00a0Minute\" \/>\n<script type=\"application\/ld+json\" class=\"yoast-schema-graph\">{\"@context\":\"https:\\\/\\\/schema.org\",\"@graph\":[{\"@type\":\"WebPage\",\"@id\":\"https:\\\/\\\/buddhaseedbank.com\\\/de\\\/producto\\\/buddha-krake\\\/\",\"url\":\"https:\\\/\\\/buddhaseedbank.com\\\/de\\\/producto\\\/buddha-krake\\\/\",\"name\":\"Buddha Kraken - Buddha Seeds\",\"isPartOf\":{\"@id\":\"https:\\\/\\\/buddhaseedbank.com\\\/de\\\/#website\"},\"primaryImageOfPage\":{\"@id\":\"https:\\\/\\\/buddhaseedbank.com\\\/de\\\/producto\\\/buddha-krake\\\/#primaryimage\"},\"image\":{\"@id\":\"https:\\\/\\\/buddhaseedbank.com\\\/de\\\/producto\\\/buddha-krake\\\/#primaryimage\"},\"thumbnailUrl\":\"https:\\\/\\\/buddhaseedbank.com\\\/wp-content\\\/uploads\\\/2020\\\/11\\\/Kraken_Buddhaseeds_01.jpg\",\"datePublished\":\"2020-11-03T09:29:59+00:00\",\"dateModified\":\"2026-03-18T06:50:12+00:00\",\"breadcrumb\":{\"@id\":\"https:\\\/\\\/buddhaseedbank.com\\\/de\\\/producto\\\/buddha-krake\\\/#breadcrumb\"},\"inLanguage\":\"de\",\"potentialAction\":[{\"@type\":\"ReadAction\",\"target\":[\"https:\\\/\\\/buddhaseedbank.com\\\/de\\\/producto\\\/buddha-krake\\\/\"]}]},{\"@type\":\"ImageObject\",\"inLanguage\":\"de\",\"@id\":\"https:\\\/\\\/buddhaseedbank.com\\\/de\\\/producto\\\/buddha-krake\\\/#primaryimage\",\"url\":\"https:\\\/\\\/buddhaseedbank.com\\\/wp-content\\\/uploads\\\/2020\\\/11\\\/Kraken_Buddhaseeds_01.jpg\",\"contentUrl\":\"https:\\\/\\\/buddhaseedbank.com\\\/wp-content\\\/uploads\\\/2020\\\/11\\\/Kraken_Buddhaseeds_01.jpg\",\"width\":900,\"height\":900,\"caption\":\"Kraken Buddha Seeds\"},{\"@type\":\"BreadcrumbList\",\"@id\":\"https:\\\/\\\/buddhaseedbank.com\\\/de\\\/producto\\\/buddha-krake\\\/#breadcrumb\",\"itemListElement\":[{\"@type\":\"ListItem\",\"position\":1,\"name\":\"Portada\",\"item\":\"https:\\\/\\\/buddhaseedbank.com\\\/de\\\/\"},{\"@type\":\"ListItem\",\"position\":2,\"name\":\"Shop\",\"item\":\"https:\\\/\\\/buddhaseedbank.com\\\/de\\\/shop\\\/\"},{\"@type\":\"ListItem\",\"position\":3,\"name\":\"Buddha Kraken\"}]},{\"@type\":\"WebSite\",\"@id\":\"https:\\\/\\\/buddhaseedbank.com\\\/de\\\/#website\",\"url\":\"https:\\\/\\\/buddhaseedbank.com\\\/de\\\/\",\"name\":\"Buddha Seeds\",\"description\":\"\",\"publisher\":{\"@id\":\"https:\\\/\\\/buddhaseedbank.com\\\/de\\\/#organization\"},\"potentialAction\":[{\"@type\":\"SearchAction\",\"target\":{\"@type\":\"EntryPoint\",\"urlTemplate\":\"https:\\\/\\\/buddhaseedbank.com\\\/de\\\/?s={search_term_string}\"},\"query-input\":{\"@type\":\"PropertyValueSpecification\",\"valueRequired\":true,\"valueName\":\"search_term_string\"}}],\"inLanguage\":\"de\"},{\"@type\":\"Organization\",\"@id\":\"https:\\\/\\\/buddhaseedbank.com\\\/de\\\/#organization\",\"name\":\"Buddha Seeds\",\"url\":\"https:\\\/\\\/buddhaseedbank.com\\\/de\\\/\",\"logo\":{\"@type\":\"ImageObject\",\"inLanguage\":\"de\",\"@id\":\"https:\\\/\\\/buddhaseedbank.com\\\/de\\\/#\\\/schema\\\/logo\\\/image\\\/\",\"url\":\"https:\\\/\\\/buddhaseedbank.com\\\/wp-content\\\/uploads\\\/2024\\\/04\\\/buddha-seeds-logo-1622448424-1.png\",\"contentUrl\":\"https:\\\/\\\/buddhaseedbank.com\\\/wp-content\\\/uploads\\\/2024\\\/04\\\/buddha-seeds-logo-1622448424-1.png\",\"width\":478,\"height\":200,\"caption\":\"Buddha Seeds\"},\"image\":{\"@id\":\"https:\\\/\\\/buddhaseedbank.com\\\/de\\\/#\\\/schema\\\/logo\\\/image\\\/\"}}]}<\/script>\n<!-- \/ Yoast SEO plugin. -->","yoast_head_json":{"title":"Buddha Kraken - Buddha Seeds","robots":{"index":"index","follow":"follow","max-snippet":"max-snippet:-1","max-image-preview":"max-image-preview:large","max-video-preview":"max-video-preview:-1"},"canonical":"https:\/\/buddhaseedbank.com\/de\/producto\/buddha-krake\/","og_locale":"de_DE","og_type":"article","og_title":"Buddha Kraken - Buddha Seeds","og_description":"Ungeheuerlich in jeder Hinsicht.","og_url":"https:\/\/buddhaseedbank.com\/de\/producto\/buddha-krake\/","og_site_name":"Buddha Seeds","article_modified_time":"2026-03-18T06:50:12+00:00","og_image":[{"width":900,"height":900,"url":"https:\/\/buddhaseedbank.com\/wp-content\/uploads\/2020\/11\/Kraken_Buddhaseeds_01.jpg","type":"image\/jpeg"}],"twitter_card":"summary_large_image","twitter_misc":{"Gesch\u00e4tzte Lesezeit":"1\u00a0Minute"},"schema":{"@context":"https:\/\/schema.org","@graph":[{"@type":"WebPage","@id":"https:\/\/buddhaseedbank.com\/de\/producto\/buddha-krake\/","url":"https:\/\/buddhaseedbank.com\/de\/producto\/buddha-krake\/","name":"Buddha Kraken - Buddha Seeds","isPartOf":{"@id":"https:\/\/buddhaseedbank.com\/de\/#website"},"primaryImageOfPage":{"@id":"https:\/\/buddhaseedbank.com\/de\/producto\/buddha-krake\/#primaryimage"},"image":{"@id":"https:\/\/buddhaseedbank.com\/de\/producto\/buddha-krake\/#primaryimage"},"thumbnailUrl":"https:\/\/buddhaseedbank.com\/wp-content\/uploads\/2020\/11\/Kraken_Buddhaseeds_01.jpg","datePublished":"2020-11-03T09:29:59+00:00","dateModified":"2026-03-18T06:50:12+00:00","breadcrumb":{"@id":"https:\/\/buddhaseedbank.com\/de\/producto\/buddha-krake\/#breadcrumb"},"inLanguage":"de","potentialAction":[{"@type":"ReadAction","target":["https:\/\/buddhaseedbank.com\/de\/producto\/buddha-krake\/"]}]},{"@type":"ImageObject","inLanguage":"de","@id":"https:\/\/buddhaseedbank.com\/de\/producto\/buddha-krake\/#primaryimage","url":"https:\/\/buddhaseedbank.com\/wp-content\/uploads\/2020\/11\/Kraken_Buddhaseeds_01.jpg","contentUrl":"https:\/\/buddhaseedbank.com\/wp-content\/uploads\/2020\/11\/Kraken_Buddhaseeds_01.jpg","width":900,"height":900,"caption":"Kraken Buddha Seeds"},{"@type":"BreadcrumbList","@id":"https:\/\/buddhaseedbank.com\/de\/producto\/buddha-krake\/#breadcrumb","itemListElement":[{"@type":"ListItem","position":1,"name":"Portada","item":"https:\/\/buddhaseedbank.com\/de\/"},{"@type":"ListItem","position":2,"name":"Shop","item":"https:\/\/buddhaseedbank.com\/de\/shop\/"},{"@type":"ListItem","position":3,"name":"Buddha Kraken"}]},{"@type":"WebSite","@id":"https:\/\/buddhaseedbank.com\/de\/#website","url":"https:\/\/buddhaseedbank.com\/de\/","name":"Buddha Seeds","description":"","publisher":{"@id":"https:\/\/buddhaseedbank.com\/de\/#organization"},"potentialAction":[{"@type":"SearchAction","target":{"@type":"EntryPoint","urlTemplate":"https:\/\/buddhaseedbank.com\/de\/?s={search_term_string}"},"query-input":{"@type":"PropertyValueSpecification","valueRequired":true,"valueName":"search_term_string"}}],"inLanguage":"de"},{"@type":"Organization","@id":"https:\/\/buddhaseedbank.com\/de\/#organization","name":"Buddha Seeds","url":"https:\/\/buddhaseedbank.com\/de\/","logo":{"@type":"ImageObject","inLanguage":"de","@id":"https:\/\/buddhaseedbank.com\/de\/#\/schema\/logo\/image\/","url":"https:\/\/buddhaseedbank.com\/wp-content\/uploads\/2024\/04\/buddha-seeds-logo-1622448424-1.png","contentUrl":"https:\/\/buddhaseedbank.com\/wp-content\/uploads\/2024\/04\/buddha-seeds-logo-1622448424-1.png","width":478,"height":200,"caption":"Buddha Seeds"},"image":{"@id":"https:\/\/buddhaseedbank.com\/de\/#\/schema\/logo\/image\/"}}]}},"_links":{"self":[{"href":"https:\/\/buddhaseedbank.com\/de\/wp-json\/wp\/v2\/product\/7147","targetHints":{"allow":["GET"]}}],"collection":[{"href":"https:\/\/buddhaseedbank.com\/de\/wp-json\/wp\/v2\/product"}],"about":[{"href":"https:\/\/buddhaseedbank.com\/de\/wp-json\/wp\/v2\/types\/product"}],"wp:featuredmedia":[{"embeddable":true,"href":"https:\/\/buddhaseedbank.com\/de\/wp-json\/wp\/v2\/media\/8561"}],"wp:attachment":[{"href":"https:\/\/buddhaseedbank.com\/de\/wp-json\/wp\/v2\/media?parent=7147"}],"wp:term":[{"taxonomy":"product_brand","embeddable":true,"href":"https:\/\/buddhaseedbank.com\/de\/wp-json\/wp\/v2\/product_brand?post=7147"},{"taxonomy":"product_cat","embeddable":true,"href":"https:\/\/buddhaseedbank.com\/de\/wp-json\/wp\/v2\/product_cat?post=7147"},{"taxonomy":"product_tag","embeddable":true,"href":"https:\/\/buddhaseedbank.com\/de\/wp-json\/wp\/v2\/product_tag?post=7147"}],"curies":[{"name":"wp","href":"https:\/\/api.w.org\/{rel}","templated":true}]}}