{"id":7152,"date":"2020-10-22T12:08:23","date_gmt":"2020-10-22T10:08:23","guid":{"rendered":"https:\/\/buddhaseedbank.com\/producto\/buddha-vesta-auto\/"},"modified":"2025-10-21T12:25:37","modified_gmt":"2025-10-21T10:25:37","slug":"buddha-vesta-auto","status":"publish","type":"product","link":"https:\/\/buddhaseedbank.com\/de\/producto\/buddha-vesta-auto\/","title":{"rendered":"Buddha Vesta Auto"},"content":{"rendered":"<p style=\"text-align: justify;\">Vesta ist ein autoflowering Hybrid, der von Buddha Seeds zwischen zwei bekannten amerikanischen und europ\u00e4ischen Linien entwickelt wurde. Sie zeichnet sich durch ihre Vitalit\u00e4t aus und erreicht eine mittelgro\u00dfe Gr\u00f6\u00dfe, bei der die zentrale Knospe dominiert, die schwer und mit aromatischem Harz bedeckt ist. Die Struktur dieser Pflanze \u00f6ffnet sich in mehrere produktive \u00c4ste, die mit harten, kompakten und harzigen Knospen bedeckt sind.<\/p>\n<p style=\"text-align: justify;\">Vesta ist eine einfach anzubauende, robuste Sorte, die sich sowohl f\u00fcr erfahrene Z\u00fcchter eignet, die hochwertige Pflanzen suchen, als auch f\u00fcr unerfahrene Cannabisanbauer, die robuste, stresstolerante Pflanzen ben\u00f6tigen.<\/p>\n<p style=\"text-align: justify;\">Er ist ein wahrer Gaumenschmaus, der das Beste aus den beiden Linien der beiden Kontinente zusammenbringt. Die europ\u00e4ische Linie bringt den ersten fruchtigen Zitrusgeschmack zwischen Grapefruit und Mandarine. Andererseits verleiht ihm die amerikanische Linie einen sauren Geschmack, der lange in der Kehle verbleibt, selbst wenn wir ihn ausgetrunken haben. Ihr potenter, entspannender und angenehmer Rausch.<\/p>\n<p><a class=\"btn btn-default\" style=\"background-color: #ff0000; color: #ffffff;\" href=\"https:\/\/www.youtube.com\/watch?v=XCKkx0jF_Uo\" target=\"_blank\" rel=\"noreferrer noopener nofollow\">YouTube \u25ba<\/a><\/p>\n","protected":false},"excerpt":{"rendered":"<p style=\"text-align: justify;\">Vesta ist ein autoflowering Hybrid, der von Buddha Seeds zwischen zwei bekannten amerikanischen und europ\u00e4ischen Linien entwickelt wurde.<\/p>\n","protected":false},"featured_media":3437,"template":"","meta":{"_joinchat":[]},"product_brand":[],"product_cat":[732,745],"product_tag":[1151,1494,1403,1729],"class_list":{"0":"post-7152","1":"product","2":"type-product","3":"status-publish","4":"has-post-thumbnail","6":"product_cat-buddha-seeds-sorten","7":"product_cat-original-buddha-samen","8":"product_tag-autoflowering-cannabis-samen","9":"product_tag-cannabis-schnell-bluehend","10":"product_tag-cannabis-zur-entspannung","11":"product_tag-schnell-bluehende-cannabis","12":"pa_8d-tiempodecultivocrecimient-75-tage","13":"pa_efecto-kraftvoll-entspannend-wohltuend-und-medizinisch","14":"pa_fa-produccionenexteriorporpl-100-gr","15":"pa_genetica-indica-dominanter-hybrid","16":"pa_produccionm-450-gr","17":"pa_semillas-10-unidades-de","18":"pa_semillas-3-unidades-de","19":"pa_semillas-50-unidades-de","20":"pa_sexo-feminisiert","21":"pa_tipo-autoflowering-de","23":"first","24":"instock","25":"taxable","26":"shipping-taxable","27":"purchasable","28":"product-type-variable"},"yoast_head":"<!-- This site is optimized with the Yoast SEO plugin v27.3 - https:\/\/yoast.com\/product\/yoast-seo-wordpress\/ -->\n<title>Buddha Vesta Auto - Buddha Seeds<\/title>\n<meta name=\"robots\" content=\"index, follow, max-snippet:-1, max-image-preview:large, max-video-preview:-1\" \/>\n<link rel=\"canonical\" href=\"https:\/\/buddhaseedbank.com\/de\/producto\/buddha-vesta-auto\/\" \/>\n<meta property=\"og:locale\" content=\"de_DE\" \/>\n<meta property=\"og:type\" content=\"article\" \/>\n<meta property=\"og:title\" content=\"Buddha Vesta Auto - Buddha Seeds\" \/>\n<meta property=\"og:description\" content=\"Vesta ist ein autoflowering Hybrid, der von Buddha Seeds zwischen zwei bekannten amerikanischen und europ\u00e4ischen Linien entwickelt wurde.\" \/>\n<meta property=\"og:url\" content=\"https:\/\/buddhaseedbank.com\/de\/producto\/buddha-vesta-auto\/\" \/>\n<meta property=\"og:site_name\" content=\"Buddha Seeds\" \/>\n<meta property=\"article:modified_time\" content=\"2025-10-21T10:25:37+00:00\" \/>\n<meta property=\"og:image\" content=\"https:\/\/buddhaseedbank.com\/wp-content\/uploads\/2020\/10\/150-Buddha-Vesta-Auto.jpg\" \/>\n\t<meta property=\"og:image:width\" content=\"1080\" \/>\n\t<meta property=\"og:image:height\" content=\"1080\" \/>\n\t<meta property=\"og:image:type\" content=\"image\/jpeg\" \/>\n<meta name=\"twitter:card\" content=\"summary_large_image\" \/>\n<meta name=\"twitter:label1\" content=\"Gesch\u00e4tzte Lesezeit\" \/>\n\t<meta name=\"twitter:data1\" content=\"1\u00a0Minute\" \/>\n<script type=\"application\/ld+json\" class=\"yoast-schema-graph\">{\"@context\":\"https:\\\/\\\/schema.org\",\"@graph\":[{\"@type\":\"WebPage\",\"@id\":\"https:\\\/\\\/buddhaseedbank.com\\\/de\\\/producto\\\/buddha-vesta-auto\\\/\",\"url\":\"https:\\\/\\\/buddhaseedbank.com\\\/de\\\/producto\\\/buddha-vesta-auto\\\/\",\"name\":\"Buddha Vesta Auto - Buddha Seeds\",\"isPartOf\":{\"@id\":\"https:\\\/\\\/buddhaseedbank.com\\\/de\\\/#website\"},\"primaryImageOfPage\":{\"@id\":\"https:\\\/\\\/buddhaseedbank.com\\\/de\\\/producto\\\/buddha-vesta-auto\\\/#primaryimage\"},\"image\":{\"@id\":\"https:\\\/\\\/buddhaseedbank.com\\\/de\\\/producto\\\/buddha-vesta-auto\\\/#primaryimage\"},\"thumbnailUrl\":\"https:\\\/\\\/buddhaseedbank.com\\\/wp-content\\\/uploads\\\/2020\\\/10\\\/150-Buddha-Vesta-Auto.jpg\",\"datePublished\":\"2020-10-22T10:08:23+00:00\",\"dateModified\":\"2025-10-21T10:25:37+00:00\",\"breadcrumb\":{\"@id\":\"https:\\\/\\\/buddhaseedbank.com\\\/de\\\/producto\\\/buddha-vesta-auto\\\/#breadcrumb\"},\"inLanguage\":\"de\",\"potentialAction\":[{\"@type\":\"ReadAction\",\"target\":[\"https:\\\/\\\/buddhaseedbank.com\\\/de\\\/producto\\\/buddha-vesta-auto\\\/\"]}]},{\"@type\":\"ImageObject\",\"inLanguage\":\"de\",\"@id\":\"https:\\\/\\\/buddhaseedbank.com\\\/de\\\/producto\\\/buddha-vesta-auto\\\/#primaryimage\",\"url\":\"https:\\\/\\\/buddhaseedbank.com\\\/wp-content\\\/uploads\\\/2020\\\/10\\\/150-Buddha-Vesta-Auto.jpg\",\"contentUrl\":\"https:\\\/\\\/buddhaseedbank.com\\\/wp-content\\\/uploads\\\/2020\\\/10\\\/150-Buddha-Vesta-Auto.jpg\",\"width\":1080,\"height\":1080,\"caption\":\"Buddha Vesta Auto\"},{\"@type\":\"BreadcrumbList\",\"@id\":\"https:\\\/\\\/buddhaseedbank.com\\\/de\\\/producto\\\/buddha-vesta-auto\\\/#breadcrumb\",\"itemListElement\":[{\"@type\":\"ListItem\",\"position\":1,\"name\":\"Portada\",\"item\":\"https:\\\/\\\/buddhaseedbank.com\\\/de\\\/\"},{\"@type\":\"ListItem\",\"position\":2,\"name\":\"Shop\",\"item\":\"https:\\\/\\\/buddhaseedbank.com\\\/de\\\/shop\\\/\"},{\"@type\":\"ListItem\",\"position\":3,\"name\":\"Buddha Vesta Auto\"}]},{\"@type\":\"WebSite\",\"@id\":\"https:\\\/\\\/buddhaseedbank.com\\\/de\\\/#website\",\"url\":\"https:\\\/\\\/buddhaseedbank.com\\\/de\\\/\",\"name\":\"Buddha Seeds\",\"description\":\"\",\"publisher\":{\"@id\":\"https:\\\/\\\/buddhaseedbank.com\\\/de\\\/#organization\"},\"potentialAction\":[{\"@type\":\"SearchAction\",\"target\":{\"@type\":\"EntryPoint\",\"urlTemplate\":\"https:\\\/\\\/buddhaseedbank.com\\\/de\\\/?s={search_term_string}\"},\"query-input\":{\"@type\":\"PropertyValueSpecification\",\"valueRequired\":true,\"valueName\":\"search_term_string\"}}],\"inLanguage\":\"de\"},{\"@type\":\"Organization\",\"@id\":\"https:\\\/\\\/buddhaseedbank.com\\\/de\\\/#organization\",\"name\":\"Buddha Seeds\",\"url\":\"https:\\\/\\\/buddhaseedbank.com\\\/de\\\/\",\"logo\":{\"@type\":\"ImageObject\",\"inLanguage\":\"de\",\"@id\":\"https:\\\/\\\/buddhaseedbank.com\\\/de\\\/#\\\/schema\\\/logo\\\/image\\\/\",\"url\":\"https:\\\/\\\/buddhaseedbank.com\\\/wp-content\\\/uploads\\\/2024\\\/04\\\/buddha-seeds-logo-1622448424-1.png\",\"contentUrl\":\"https:\\\/\\\/buddhaseedbank.com\\\/wp-content\\\/uploads\\\/2024\\\/04\\\/buddha-seeds-logo-1622448424-1.png\",\"width\":478,\"height\":200,\"caption\":\"Buddha Seeds\"},\"image\":{\"@id\":\"https:\\\/\\\/buddhaseedbank.com\\\/de\\\/#\\\/schema\\\/logo\\\/image\\\/\"}}]}<\/script>\n<!-- \/ Yoast SEO plugin. -->","yoast_head_json":{"title":"Buddha Vesta Auto - Buddha Seeds","robots":{"index":"index","follow":"follow","max-snippet":"max-snippet:-1","max-image-preview":"max-image-preview:large","max-video-preview":"max-video-preview:-1"},"canonical":"https:\/\/buddhaseedbank.com\/de\/producto\/buddha-vesta-auto\/","og_locale":"de_DE","og_type":"article","og_title":"Buddha Vesta Auto - Buddha Seeds","og_description":"Vesta ist ein autoflowering Hybrid, der von Buddha Seeds zwischen zwei bekannten amerikanischen und europ\u00e4ischen Linien entwickelt wurde.","og_url":"https:\/\/buddhaseedbank.com\/de\/producto\/buddha-vesta-auto\/","og_site_name":"Buddha Seeds","article_modified_time":"2025-10-21T10:25:37+00:00","og_image":[{"width":1080,"height":1080,"url":"https:\/\/buddhaseedbank.com\/wp-content\/uploads\/2020\/10\/150-Buddha-Vesta-Auto.jpg","type":"image\/jpeg"}],"twitter_card":"summary_large_image","twitter_misc":{"Gesch\u00e4tzte Lesezeit":"1\u00a0Minute"},"schema":{"@context":"https:\/\/schema.org","@graph":[{"@type":"WebPage","@id":"https:\/\/buddhaseedbank.com\/de\/producto\/buddha-vesta-auto\/","url":"https:\/\/buddhaseedbank.com\/de\/producto\/buddha-vesta-auto\/","name":"Buddha Vesta Auto - Buddha Seeds","isPartOf":{"@id":"https:\/\/buddhaseedbank.com\/de\/#website"},"primaryImageOfPage":{"@id":"https:\/\/buddhaseedbank.com\/de\/producto\/buddha-vesta-auto\/#primaryimage"},"image":{"@id":"https:\/\/buddhaseedbank.com\/de\/producto\/buddha-vesta-auto\/#primaryimage"},"thumbnailUrl":"https:\/\/buddhaseedbank.com\/wp-content\/uploads\/2020\/10\/150-Buddha-Vesta-Auto.jpg","datePublished":"2020-10-22T10:08:23+00:00","dateModified":"2025-10-21T10:25:37+00:00","breadcrumb":{"@id":"https:\/\/buddhaseedbank.com\/de\/producto\/buddha-vesta-auto\/#breadcrumb"},"inLanguage":"de","potentialAction":[{"@type":"ReadAction","target":["https:\/\/buddhaseedbank.com\/de\/producto\/buddha-vesta-auto\/"]}]},{"@type":"ImageObject","inLanguage":"de","@id":"https:\/\/buddhaseedbank.com\/de\/producto\/buddha-vesta-auto\/#primaryimage","url":"https:\/\/buddhaseedbank.com\/wp-content\/uploads\/2020\/10\/150-Buddha-Vesta-Auto.jpg","contentUrl":"https:\/\/buddhaseedbank.com\/wp-content\/uploads\/2020\/10\/150-Buddha-Vesta-Auto.jpg","width":1080,"height":1080,"caption":"Buddha Vesta Auto"},{"@type":"BreadcrumbList","@id":"https:\/\/buddhaseedbank.com\/de\/producto\/buddha-vesta-auto\/#breadcrumb","itemListElement":[{"@type":"ListItem","position":1,"name":"Portada","item":"https:\/\/buddhaseedbank.com\/de\/"},{"@type":"ListItem","position":2,"name":"Shop","item":"https:\/\/buddhaseedbank.com\/de\/shop\/"},{"@type":"ListItem","position":3,"name":"Buddha Vesta Auto"}]},{"@type":"WebSite","@id":"https:\/\/buddhaseedbank.com\/de\/#website","url":"https:\/\/buddhaseedbank.com\/de\/","name":"Buddha Seeds","description":"","publisher":{"@id":"https:\/\/buddhaseedbank.com\/de\/#organization"},"potentialAction":[{"@type":"SearchAction","target":{"@type":"EntryPoint","urlTemplate":"https:\/\/buddhaseedbank.com\/de\/?s={search_term_string}"},"query-input":{"@type":"PropertyValueSpecification","valueRequired":true,"valueName":"search_term_string"}}],"inLanguage":"de"},{"@type":"Organization","@id":"https:\/\/buddhaseedbank.com\/de\/#organization","name":"Buddha Seeds","url":"https:\/\/buddhaseedbank.com\/de\/","logo":{"@type":"ImageObject","inLanguage":"de","@id":"https:\/\/buddhaseedbank.com\/de\/#\/schema\/logo\/image\/","url":"https:\/\/buddhaseedbank.com\/wp-content\/uploads\/2024\/04\/buddha-seeds-logo-1622448424-1.png","contentUrl":"https:\/\/buddhaseedbank.com\/wp-content\/uploads\/2024\/04\/buddha-seeds-logo-1622448424-1.png","width":478,"height":200,"caption":"Buddha Seeds"},"image":{"@id":"https:\/\/buddhaseedbank.com\/de\/#\/schema\/logo\/image\/"}}]}},"_links":{"self":[{"href":"https:\/\/buddhaseedbank.com\/de\/wp-json\/wp\/v2\/product\/7152","targetHints":{"allow":["GET"]}}],"collection":[{"href":"https:\/\/buddhaseedbank.com\/de\/wp-json\/wp\/v2\/product"}],"about":[{"href":"https:\/\/buddhaseedbank.com\/de\/wp-json\/wp\/v2\/types\/product"}],"wp:featuredmedia":[{"embeddable":true,"href":"https:\/\/buddhaseedbank.com\/de\/wp-json\/wp\/v2\/media\/3437"}],"wp:attachment":[{"href":"https:\/\/buddhaseedbank.com\/de\/wp-json\/wp\/v2\/media?parent=7152"}],"wp:term":[{"taxonomy":"product_brand","embeddable":true,"href":"https:\/\/buddhaseedbank.com\/de\/wp-json\/wp\/v2\/product_brand?post=7152"},{"taxonomy":"product_cat","embeddable":true,"href":"https:\/\/buddhaseedbank.com\/de\/wp-json\/wp\/v2\/product_cat?post=7152"},{"taxonomy":"product_tag","embeddable":true,"href":"https:\/\/buddhaseedbank.com\/de\/wp-json\/wp\/v2\/product_tag?post=7152"}],"curies":[{"name":"wp","href":"https:\/\/api.w.org\/{rel}","templated":true}]}}