{"id":7157,"date":"2020-12-02T13:14:01","date_gmt":"2020-12-02T12:14:01","guid":{"rendered":"https:\/\/buddhaseedbank.com\/producto\/buddha-kritisch\/"},"modified":"2025-10-21T11:10:19","modified_gmt":"2025-10-21T09:10:19","slug":"buddha-kritisch","status":"publish","type":"product","link":"https:\/\/buddhaseedbank.com\/de\/producto\/buddha-kritisch\/","title":{"rendered":"Buddha Critical"},"content":{"rendered":"<p style=\"text-align: justify;\">Die Geschichte von Critical erinnert an eine historische Erz\u00e4hlung \u00fcber siegreiche K\u00f6nige. Und das ist kein Wunder. In ihrer Genetik hat sie Vorfahren von gro\u00dfem Wert und Einfluss auf sp\u00e4tere kommerzielle Sorten.<\/p>\n<p style=\"text-align: justify;\"><strong>Critical hat<\/strong> seit seiner Einf\u00fchrung in den 1990er Jahren <strong>das Vertrauen<\/strong> aller Landwirte gewonnen. Sie wurde in kurzer Zeit zu einer der <strong>h\u00e4ufigsten Attraktionen in<\/strong> niederl\u00e4ndischen <strong> <em>Coffeeshops<\/em><\/strong>. Und unter Z\u00fcchtern sticht sie durch ihre hohen Ertr\u00e4ge beim Anbau hervor. Als <strong>Tochter einer Skunk und einer Afghani<\/strong> hat sie ihre Eltern entthront und ist heute eine der am meisten angebauten Sorten.<\/p>\n<p style=\"text-align: justify;\"><strong>Buddha Critical ist eine Hommage an diesen Cannabis-Klassiker<\/strong>, aber mit unserer besonderen Arbeitsentwicklung. <strong>Buddha Seeds<\/strong> hat die urspr\u00fcngliche Originalit\u00e4t dieser Sorte respektiert und die herausragendsten Eigenschaften f\u00fcr den j\u00fcngsten Z\u00fcchter bewahrt.<\/p>\n<p style=\"text-align: justify;\">Die <strong>Hauptattraktion<\/strong> von <strong>Buddha Critical<\/strong> ist ihre kurze Bl\u00fctezeit. Sie ist ideal f\u00fcr den Anbau im Freien, wo eine fr\u00fchere Ernte aufgrund des Klimas vorzuziehen ist. <strong>Genetisch ausgew\u00e4hlt f\u00fcr kalte Klimazonen<\/strong> wie das Baskenland (Nordspanien), zeichnete er sich von Anfang an durch seinen <strong>Geschmack, seine unglaubliche Geschwindigkeit und seine Produktion<\/strong> aus. In milderen Klimazonen vervielfachen sich diese Vorteile.<\/p>\n<p style=\"text-align: justify;\"><strong>Buddha Critical beh\u00e4lt das<\/strong> charakteristische <strong>Skunk-Aroma<\/strong> mit mehr blumigen und s\u00fc\u00dfen Untert\u00f6nen bei, nicht so scharf wie ihre Eltern. <strong>Ph\u00e4notypen mit fruchtigen Ankl\u00e4ngen mit Noten von gr\u00fcner Melone stechen hervor<\/strong>. Das macht sie zu einer Sorte, die fast 100% der Raucher m\u00f6gen.<\/p>\n<p style=\"text-align: justify;\"><strong>Buddha Critical von Buddha Seeds<\/strong> braucht nur wenig Pflege, da sie effektiv auf verschiedene Behandlungen anspricht. Das Ergebnis: ertragreiche Ernten mit bet\u00f6renden Aromen.<\/p>\n","protected":false},"excerpt":{"rendered":"<p style=\"text-align: justify;\"><strong>Buddha Critical ist eine Hommage an diesen Cannabis-Klassiker<\/strong>, aber mit unserer besonderen Arbeitsentwicklung. <strong>Buddha Seeds<\/strong> hat die urspr\u00fcngliche Originalit\u00e4t dieser Sorte respektiert und die herausragendsten Eigenschaften f\u00fcr den j\u00fcngsten Z\u00fcchter bewahrt.<\/p>\n","protected":false},"featured_media":4382,"template":"","meta":{"_joinchat":[]},"product_brand":[],"product_cat":[732,733],"product_tag":[1428,1494,1507,1480,1391,1455,1729],"class_list":{"0":"post-7157","1":"product","2":"type-product","3":"status-publish","4":"has-post-thumbnail","6":"product_cat-buddha-seeds-sorten","7":"product_cat-classics-buddha-seeds","8":"product_tag-cannabis-indica-de","9":"product_tag-cannabis-schnell-bluehend","10":"product_tag-cannabis-klassiker","11":"product_tag-lichtabhaengige-samen","12":"product_tag-produktiv-hanf","13":"product_tag-schaedlingsresistentes-cannabis","14":"product_tag-schnell-bluehende-cannabis","15":"pa_efecto-ausgewogen-mit-einer-starken-anfanglichen-zerebralen-wirkung-begleitet-von-einem-gefuhl-des-wohlbefindens-das-in-einem-zustand-der-entspannung-gipfelt-optimal-fur-stresszustande","16":"pa_fa-produccionenexteriorporpl-600-2000-gr","17":"pa_genetica-indica-de","18":"pa_mesdecosecha-zweite-septemberhalfte-nordliche-hemisphare-zweite-marzhalfte-sudliche-hemisphare","19":"pa_produccionm-500-650-gr","20":"pa_semillas-10-unidades-de","21":"pa_semillas-3-unidades-de","22":"pa_semillas-50-unidades-de","23":"pa_sexo-feminisiert","24":"pa_tiempodefloracion-50-55-tage","25":"pa_tipo-photodependent-de","27":"first","28":"instock","29":"taxable","30":"shipping-taxable","31":"purchasable","32":"product-type-variable"},"yoast_head":"<!-- This site is optimized with the Yoast SEO plugin v27.3 - https:\/\/yoast.com\/product\/yoast-seo-wordpress\/ -->\n<title>Buddha Critical - Buddha Seeds<\/title>\n<meta name=\"description\" content=\"Critical von Buddha Seeds ist die am k\u00fcrzesten bl\u00fchende Sorte in der Classics-Familie. Damit ist Buddha Critical die bevorzugte Wahl f\u00fcr alle, die aufgrund k\u00e4lterer Klimazonen fr\u00fcher ernten m\u00fcssen.\" \/>\n<meta name=\"robots\" content=\"index, follow, max-snippet:-1, max-image-preview:large, max-video-preview:-1\" \/>\n<link rel=\"canonical\" href=\"https:\/\/buddhaseedbank.com\/de\/producto\/buddha-kritisch\/\" \/>\n<meta property=\"og:locale\" content=\"de_DE\" \/>\n<meta property=\"og:type\" content=\"article\" \/>\n<meta property=\"og:title\" content=\"Buddha Critical - Buddha Seeds\" \/>\n<meta property=\"og:description\" content=\"Critical von Buddha Seeds ist die am k\u00fcrzesten bl\u00fchende Sorte in der Classics-Familie. Damit ist Buddha Critical die bevorzugte Wahl f\u00fcr alle, die aufgrund k\u00e4lterer Klimazonen fr\u00fcher ernten m\u00fcssen.\" \/>\n<meta property=\"og:url\" content=\"https:\/\/buddhaseedbank.com\/de\/producto\/buddha-kritisch\/\" \/>\n<meta property=\"og:site_name\" content=\"Buddha Seeds\" \/>\n<meta property=\"article:modified_time\" content=\"2025-10-21T09:10:19+00:00\" \/>\n<meta property=\"og:image\" content=\"https:\/\/buddhaseedbank.com\/wp-content\/uploads\/2020\/12\/215-Buddha-Critical.jpg\" \/>\n\t<meta property=\"og:image:width\" content=\"1080\" \/>\n\t<meta property=\"og:image:height\" content=\"1080\" \/>\n\t<meta property=\"og:image:type\" content=\"image\/jpeg\" \/>\n<meta name=\"twitter:card\" content=\"summary_large_image\" \/>\n<meta name=\"twitter:label1\" content=\"Gesch\u00e4tzte Lesezeit\" \/>\n\t<meta name=\"twitter:data1\" content=\"2\u00a0Minuten\" \/>\n<script type=\"application\/ld+json\" class=\"yoast-schema-graph\">{\"@context\":\"https:\\\/\\\/schema.org\",\"@graph\":[{\"@type\":\"WebPage\",\"@id\":\"https:\\\/\\\/buddhaseedbank.com\\\/de\\\/producto\\\/buddha-kritisch\\\/\",\"url\":\"https:\\\/\\\/buddhaseedbank.com\\\/de\\\/producto\\\/buddha-kritisch\\\/\",\"name\":\"Buddha Critical - Buddha Seeds\",\"isPartOf\":{\"@id\":\"https:\\\/\\\/buddhaseedbank.com\\\/de\\\/#website\"},\"primaryImageOfPage\":{\"@id\":\"https:\\\/\\\/buddhaseedbank.com\\\/de\\\/producto\\\/buddha-kritisch\\\/#primaryimage\"},\"image\":{\"@id\":\"https:\\\/\\\/buddhaseedbank.com\\\/de\\\/producto\\\/buddha-kritisch\\\/#primaryimage\"},\"thumbnailUrl\":\"https:\\\/\\\/buddhaseedbank.com\\\/wp-content\\\/uploads\\\/2020\\\/12\\\/215-Buddha-Critical.jpg\",\"datePublished\":\"2020-12-02T12:14:01+00:00\",\"dateModified\":\"2025-10-21T09:10:19+00:00\",\"description\":\"Critical von Buddha Seeds ist die am k\u00fcrzesten bl\u00fchende Sorte in der Classics-Familie. Damit ist Buddha Critical die bevorzugte Wahl f\u00fcr alle, die aufgrund k\u00e4lterer Klimazonen fr\u00fcher ernten m\u00fcssen.\",\"breadcrumb\":{\"@id\":\"https:\\\/\\\/buddhaseedbank.com\\\/de\\\/producto\\\/buddha-kritisch\\\/#breadcrumb\"},\"inLanguage\":\"de\",\"potentialAction\":[{\"@type\":\"ReadAction\",\"target\":[\"https:\\\/\\\/buddhaseedbank.com\\\/de\\\/producto\\\/buddha-kritisch\\\/\"]}]},{\"@type\":\"ImageObject\",\"inLanguage\":\"de\",\"@id\":\"https:\\\/\\\/buddhaseedbank.com\\\/de\\\/producto\\\/buddha-kritisch\\\/#primaryimage\",\"url\":\"https:\\\/\\\/buddhaseedbank.com\\\/wp-content\\\/uploads\\\/2020\\\/12\\\/215-Buddha-Critical.jpg\",\"contentUrl\":\"https:\\\/\\\/buddhaseedbank.com\\\/wp-content\\\/uploads\\\/2020\\\/12\\\/215-Buddha-Critical.jpg\",\"width\":1080,\"height\":1080,\"caption\":\"Buddha kritisch\"},{\"@type\":\"BreadcrumbList\",\"@id\":\"https:\\\/\\\/buddhaseedbank.com\\\/de\\\/producto\\\/buddha-kritisch\\\/#breadcrumb\",\"itemListElement\":[{\"@type\":\"ListItem\",\"position\":1,\"name\":\"Portada\",\"item\":\"https:\\\/\\\/buddhaseedbank.com\\\/de\\\/\"},{\"@type\":\"ListItem\",\"position\":2,\"name\":\"Shop\",\"item\":\"https:\\\/\\\/buddhaseedbank.com\\\/de\\\/shop\\\/\"},{\"@type\":\"ListItem\",\"position\":3,\"name\":\"Buddha Critical\"}]},{\"@type\":\"WebSite\",\"@id\":\"https:\\\/\\\/buddhaseedbank.com\\\/de\\\/#website\",\"url\":\"https:\\\/\\\/buddhaseedbank.com\\\/de\\\/\",\"name\":\"Buddha Seeds\",\"description\":\"\",\"publisher\":{\"@id\":\"https:\\\/\\\/buddhaseedbank.com\\\/de\\\/#organization\"},\"potentialAction\":[{\"@type\":\"SearchAction\",\"target\":{\"@type\":\"EntryPoint\",\"urlTemplate\":\"https:\\\/\\\/buddhaseedbank.com\\\/de\\\/?s={search_term_string}\"},\"query-input\":{\"@type\":\"PropertyValueSpecification\",\"valueRequired\":true,\"valueName\":\"search_term_string\"}}],\"inLanguage\":\"de\"},{\"@type\":\"Organization\",\"@id\":\"https:\\\/\\\/buddhaseedbank.com\\\/de\\\/#organization\",\"name\":\"Buddha Seeds\",\"url\":\"https:\\\/\\\/buddhaseedbank.com\\\/de\\\/\",\"logo\":{\"@type\":\"ImageObject\",\"inLanguage\":\"de\",\"@id\":\"https:\\\/\\\/buddhaseedbank.com\\\/de\\\/#\\\/schema\\\/logo\\\/image\\\/\",\"url\":\"https:\\\/\\\/buddhaseedbank.com\\\/wp-content\\\/uploads\\\/2024\\\/04\\\/buddha-seeds-logo-1622448424-1.png\",\"contentUrl\":\"https:\\\/\\\/buddhaseedbank.com\\\/wp-content\\\/uploads\\\/2024\\\/04\\\/buddha-seeds-logo-1622448424-1.png\",\"width\":478,\"height\":200,\"caption\":\"Buddha Seeds\"},\"image\":{\"@id\":\"https:\\\/\\\/buddhaseedbank.com\\\/de\\\/#\\\/schema\\\/logo\\\/image\\\/\"}}]}<\/script>\n<!-- \/ Yoast SEO plugin. -->","yoast_head_json":{"title":"Buddha Critical - Buddha Seeds","description":"Critical von Buddha Seeds ist die am k\u00fcrzesten bl\u00fchende Sorte in der Classics-Familie. Damit ist Buddha Critical die bevorzugte Wahl f\u00fcr alle, die aufgrund k\u00e4lterer Klimazonen fr\u00fcher ernten m\u00fcssen.","robots":{"index":"index","follow":"follow","max-snippet":"max-snippet:-1","max-image-preview":"max-image-preview:large","max-video-preview":"max-video-preview:-1"},"canonical":"https:\/\/buddhaseedbank.com\/de\/producto\/buddha-kritisch\/","og_locale":"de_DE","og_type":"article","og_title":"Buddha Critical - Buddha Seeds","og_description":"Critical von Buddha Seeds ist die am k\u00fcrzesten bl\u00fchende Sorte in der Classics-Familie. Damit ist Buddha Critical die bevorzugte Wahl f\u00fcr alle, die aufgrund k\u00e4lterer Klimazonen fr\u00fcher ernten m\u00fcssen.","og_url":"https:\/\/buddhaseedbank.com\/de\/producto\/buddha-kritisch\/","og_site_name":"Buddha Seeds","article_modified_time":"2025-10-21T09:10:19+00:00","og_image":[{"width":1080,"height":1080,"url":"https:\/\/buddhaseedbank.com\/wp-content\/uploads\/2020\/12\/215-Buddha-Critical.jpg","type":"image\/jpeg"}],"twitter_card":"summary_large_image","twitter_misc":{"Gesch\u00e4tzte Lesezeit":"2\u00a0Minuten"},"schema":{"@context":"https:\/\/schema.org","@graph":[{"@type":"WebPage","@id":"https:\/\/buddhaseedbank.com\/de\/producto\/buddha-kritisch\/","url":"https:\/\/buddhaseedbank.com\/de\/producto\/buddha-kritisch\/","name":"Buddha Critical - Buddha Seeds","isPartOf":{"@id":"https:\/\/buddhaseedbank.com\/de\/#website"},"primaryImageOfPage":{"@id":"https:\/\/buddhaseedbank.com\/de\/producto\/buddha-kritisch\/#primaryimage"},"image":{"@id":"https:\/\/buddhaseedbank.com\/de\/producto\/buddha-kritisch\/#primaryimage"},"thumbnailUrl":"https:\/\/buddhaseedbank.com\/wp-content\/uploads\/2020\/12\/215-Buddha-Critical.jpg","datePublished":"2020-12-02T12:14:01+00:00","dateModified":"2025-10-21T09:10:19+00:00","description":"Critical von Buddha Seeds ist die am k\u00fcrzesten bl\u00fchende Sorte in der Classics-Familie. Damit ist Buddha Critical die bevorzugte Wahl f\u00fcr alle, die aufgrund k\u00e4lterer Klimazonen fr\u00fcher ernten m\u00fcssen.","breadcrumb":{"@id":"https:\/\/buddhaseedbank.com\/de\/producto\/buddha-kritisch\/#breadcrumb"},"inLanguage":"de","potentialAction":[{"@type":"ReadAction","target":["https:\/\/buddhaseedbank.com\/de\/producto\/buddha-kritisch\/"]}]},{"@type":"ImageObject","inLanguage":"de","@id":"https:\/\/buddhaseedbank.com\/de\/producto\/buddha-kritisch\/#primaryimage","url":"https:\/\/buddhaseedbank.com\/wp-content\/uploads\/2020\/12\/215-Buddha-Critical.jpg","contentUrl":"https:\/\/buddhaseedbank.com\/wp-content\/uploads\/2020\/12\/215-Buddha-Critical.jpg","width":1080,"height":1080,"caption":"Buddha kritisch"},{"@type":"BreadcrumbList","@id":"https:\/\/buddhaseedbank.com\/de\/producto\/buddha-kritisch\/#breadcrumb","itemListElement":[{"@type":"ListItem","position":1,"name":"Portada","item":"https:\/\/buddhaseedbank.com\/de\/"},{"@type":"ListItem","position":2,"name":"Shop","item":"https:\/\/buddhaseedbank.com\/de\/shop\/"},{"@type":"ListItem","position":3,"name":"Buddha Critical"}]},{"@type":"WebSite","@id":"https:\/\/buddhaseedbank.com\/de\/#website","url":"https:\/\/buddhaseedbank.com\/de\/","name":"Buddha Seeds","description":"","publisher":{"@id":"https:\/\/buddhaseedbank.com\/de\/#organization"},"potentialAction":[{"@type":"SearchAction","target":{"@type":"EntryPoint","urlTemplate":"https:\/\/buddhaseedbank.com\/de\/?s={search_term_string}"},"query-input":{"@type":"PropertyValueSpecification","valueRequired":true,"valueName":"search_term_string"}}],"inLanguage":"de"},{"@type":"Organization","@id":"https:\/\/buddhaseedbank.com\/de\/#organization","name":"Buddha Seeds","url":"https:\/\/buddhaseedbank.com\/de\/","logo":{"@type":"ImageObject","inLanguage":"de","@id":"https:\/\/buddhaseedbank.com\/de\/#\/schema\/logo\/image\/","url":"https:\/\/buddhaseedbank.com\/wp-content\/uploads\/2024\/04\/buddha-seeds-logo-1622448424-1.png","contentUrl":"https:\/\/buddhaseedbank.com\/wp-content\/uploads\/2024\/04\/buddha-seeds-logo-1622448424-1.png","width":478,"height":200,"caption":"Buddha Seeds"},"image":{"@id":"https:\/\/buddhaseedbank.com\/de\/#\/schema\/logo\/image\/"}}]}},"_links":{"self":[{"href":"https:\/\/buddhaseedbank.com\/de\/wp-json\/wp\/v2\/product\/7157","targetHints":{"allow":["GET"]}}],"collection":[{"href":"https:\/\/buddhaseedbank.com\/de\/wp-json\/wp\/v2\/product"}],"about":[{"href":"https:\/\/buddhaseedbank.com\/de\/wp-json\/wp\/v2\/types\/product"}],"wp:featuredmedia":[{"embeddable":true,"href":"https:\/\/buddhaseedbank.com\/de\/wp-json\/wp\/v2\/media\/4382"}],"wp:attachment":[{"href":"https:\/\/buddhaseedbank.com\/de\/wp-json\/wp\/v2\/media?parent=7157"}],"wp:term":[{"taxonomy":"product_brand","embeddable":true,"href":"https:\/\/buddhaseedbank.com\/de\/wp-json\/wp\/v2\/product_brand?post=7157"},{"taxonomy":"product_cat","embeddable":true,"href":"https:\/\/buddhaseedbank.com\/de\/wp-json\/wp\/v2\/product_cat?post=7157"},{"taxonomy":"product_tag","embeddable":true,"href":"https:\/\/buddhaseedbank.com\/de\/wp-json\/wp\/v2\/product_tag?post=7157"}],"curies":[{"name":"wp","href":"https:\/\/api.w.org\/{rel}","templated":true}]}}