{"id":3254,"date":"2020-10-21T10:18:56","date_gmt":"2020-10-21T08:18:56","guid":{"rendered":"https:\/\/buddhaseedbank.com\/2020\/10\/21\/mentions-legales-et-confidentialite\/"},"modified":"2024-06-20T16:23:21","modified_gmt":"2024-06-20T14:23:21","slug":"mentions-legales-et-confidentialite","status":"publish","type":"page","link":"https:\/\/buddhaseedbank.com\/fr\/mentions-legales-et-confidentialite\/","title":{"rendered":"Avis juridique"},"content":{"rendered":"<p>Conform\u00e9ment \u00e0 la loi 34\/2002, du 11 juillet, sur les services de la soci\u00e9t\u00e9 de l&rsquo;information et le commerce \u00e9lectronique, HEMP TRADING SLU, ci-apr\u00e8s, HEMP TRADING vous informe qu&rsquo;il est le propri\u00e9taire des sites Web : https:\/\/www.buddhaseedbank.com, conform\u00e9ment aux exigences de l&rsquo;article 10 de la loi susmentionn\u00e9e, et notifie les donn\u00e9es suivantes : avec NIF\/CIF : B97305916. Registre des entreprises de VALENCIA. Tomo : 7427, L 4728, Folio : 203, S8, Hoja : V 88713, et si\u00e8ge social : CAMINO DEL POLIO 51, Code Postal : 46469. Ville : BENIPARRELL. Province : VALENCIA. L&rsquo;adresse \u00e9lectronique pour contacter l&rsquo;entreprise est la suivante <strong><br \/>\n  <a href=\"info@buddhaseedbank.com\">info@buddhaseedbank.com<\/a><br \/>\n<\/strong><\/p>\n<p>Les graines de cannabis ne sont pas contr\u00f4l\u00e9es par la Convention unique sur les stup\u00e9fiants de 1961, sign\u00e9e \u00e0 New York le 30 mars 1961, et amend\u00e9e par le Protocole de Gen\u00e8ve du 25 mars 1972, ratifi\u00e9 par l&rsquo;Espagne.<\/p>\n<p>La Convention unique pr\u00e9cise quelles parties de la plante Cannabis Sativa L. sont r\u00e9glement\u00e9es ; les sommit\u00e9s fleuries ou fructif\u00e8res, ainsi que la r\u00e9sine extraite de la plante de cannabis, sont contr\u00f4l\u00e9es, mais les graines sont explicitement exclues. Par cons\u00e9quent, les graines ne sont pas l\u00e9galement consid\u00e9r\u00e9es comme du cannabis et ne sont pas incluses dans les listes annex\u00e9es.<\/p>\n<p>Les graines de Cannabis Sativa L. ne contiennent pas de Delta-9 t\u00e9trahydrocannabinol (THC), le principe actif.<\/p>\n<p>Par cons\u00e9quent, en vertu de la Convention unique, les graines de cannabis ne sont pas contr\u00f4l\u00e9es et ne sont pas class\u00e9es comme stup\u00e9fiants.<\/p>\n<p>En Espagne, la vente, la possession et la culture de graines de cannabis pour un usage personnel ne constituent pas un d\u00e9lit. Le code p\u00e9nal espagnol \u00e9rige en infraction le fait de cultiver du cannabis dans le but de promouvoir, d&rsquo;encourager ou de faciliter sa consommation par d&rsquo;autres personnes.<\/p>\n<p>Le procureur de la Cour supr\u00eame, M. Fernando Sequeros Sazatornil, a estim\u00e9 que la vente de graines de cannabis en quantit\u00e9s adapt\u00e9es \u00e0 la culture domestique et \u00e0 l&rsquo;auto-approvisionnement ne pouvait \u00eatre consid\u00e9r\u00e9e comme une infraction p\u00e9nale.<\/p>\n<p>La culture de cannabis \u00e0 des fins personnelles peut constituer une infraction administrative si elle est pratiqu\u00e9e dans des lieux visibles par le public, conform\u00e9ment \u00e0 l&rsquo;article 36.18 de la loi organique 4\/2015 du 30 mars sur la protection de la s\u00e9curit\u00e9 publique.<\/p>\n<p>Les semences de Hemp Trading, S.L. ne sont pas des vari\u00e9t\u00e9s commerciales et ne sont pas destin\u00e9es \u00e0 un usage agricole. Ils sont disponibles pour un usage personnel par des personnes \u00e2g\u00e9es de plus de 18 ans. Hemp Trading, S.L. commercialise les semences en tant qu&rsquo;objets de collection ou de pr\u00e9servation g\u00e9n\u00e9tique, avec la restriction de ne pas les utiliser en violation de la loi en vigueur.<\/p>\n<p>Selon le principe de reconnaissance mutuelle, les \u00c9tats membres de l&rsquo;UE ne peuvent pas interdire la vente de produits qui sont l\u00e9galement commercialis\u00e9s dans un autre \u00c9tat membre, m\u00eame s&rsquo;ils sont produits selon des normes techniques diff\u00e9rentes (r\u00e8glement (UE) 2019\/515 du 19 mars 2019).<\/p>\n<p>Les lois nationales sur les graines de cannabis varient d&rsquo;un pays \u00e0 l&rsquo;autre. Dans certains endroits, la germination et la culture du cannabis pour un usage personnel, voire la simple possession de graines, peuvent constituer une infraction p\u00e9nale. Hemp Trading, S.L. n&rsquo;encourage personne \u00e0 enfreindre la loi en vigueur dans son pays.<\/p>\n<p>Pour cette raison, nous demandons aux acheteurs qui ne r\u00e9sident pas en Espagne de s&rsquo;informer sur la l\u00e9gislation locale applicable. Hemp Trading, S.L. invite ses clients \u00e0 agir de mani\u00e8re responsable.<\/p>\n<p>Hemp Trading, S.L. n&rsquo;assume aucune responsabilit\u00e9 pour les probl\u00e8mes juridiques qui pourraient survenir pour les acheteurs, et ne remboursera pas les graines saisies ou rejet\u00e9es par les transporteurs ou les douanes dans l&rsquo;exercice de leurs fonctions.<\/p>\n<p>Les descriptions mentionnant les effets de l&rsquo;utilisation sont donn\u00e9es \u00e0 titre indicatif et n&rsquo;impliquent pas qu&rsquo;ils doivent \u00eatre utilis\u00e9s. Hemp Trading, S.L. n&rsquo;est pas responsable des d\u00e9cisions prises par l&rsquo;acheteur sur la base de ces informations ou d&rsquo;\u00e9ventuelles erreurs typographiques dans les documents et les graphiques du site web. Les informations sont susceptibles d&rsquo;\u00eatre modifi\u00e9es p\u00e9riodiquement sans pr\u00e9avis en vue d&rsquo;une expansion, d&rsquo;une am\u00e9lioration, d&rsquo;une correction ou d&rsquo;une mise \u00e0 jour.<\/p>\n","protected":false},"excerpt":{"rendered":"<p>Conform\u00e9ment \u00e0 la loi 34\/2002, du 11 juillet, sur les services de la soci\u00e9t\u00e9 de l&rsquo;information et le commerce \u00e9lectronique, HEMP TRADING SLU, ci-apr\u00e8s, HEMP TRADING vous informe qu&rsquo;il est le propri\u00e9taire des sites Web : https:\/\/www.buddhaseedbank.com, conform\u00e9ment aux exigences de l&rsquo;article 10 de la loi susmentionn\u00e9e, et notifie les donn\u00e9es suivantes : avec NIF\/CIF [&hellip;]<\/p>\n","protected":false},"author":1,"featured_media":0,"parent":0,"menu_order":0,"comment_status":"open","ping_status":"open","template":"","meta":{"_joinchat":[],"footnotes":""},"class_list":["post-3254","page","type-page","status-publish","hentry"],"yoast_head":"<!-- This site is optimized with the Yoast SEO plugin v27.3 - https:\/\/yoast.com\/product\/yoast-seo-wordpress\/ -->\n<title>Avis juridique et protection de la vie priv\u00e9e<\/title>\n<meta name=\"description\" content=\"Avis juridique et protection de la vie priv\u00e9e\" \/>\n<meta name=\"robots\" content=\"noindex, follow\" \/>\n<meta property=\"og:locale\" content=\"fr_FR\" \/>\n<meta property=\"og:type\" content=\"article\" \/>\n<meta property=\"og:title\" content=\"Avis juridique et protection de la vie priv\u00e9e\" \/>\n<meta property=\"og:description\" content=\"Avis juridique et protection de la vie priv\u00e9e\" \/>\n<meta property=\"og:url\" content=\"https:\/\/buddhaseedbank.com\/fr\/mentions-legales-et-confidentialite\/\" \/>\n<meta property=\"og:site_name\" content=\"Buddha Seeds\" \/>\n<meta property=\"article:modified_time\" content=\"2024-06-20T14:23:21+00:00\" \/>\n<meta name=\"twitter:card\" content=\"summary_large_image\" \/>\n<meta name=\"twitter:label1\" content=\"Dur\u00e9e de lecture estim\u00e9e\" \/>\n\t<meta name=\"twitter:data1\" content=\"4 minutes\" \/>\n<script type=\"application\/ld+json\" class=\"yoast-schema-graph\">{\"@context\":\"https:\\\/\\\/schema.org\",\"@graph\":[{\"@type\":\"WebPage\",\"@id\":\"https:\\\/\\\/buddhaseedbank.com\\\/fr\\\/mentions-legales-et-confidentialite\\\/\",\"url\":\"https:\\\/\\\/buddhaseedbank.com\\\/fr\\\/mentions-legales-et-confidentialite\\\/\",\"name\":\"Avis juridique et protection de la vie priv\u00e9e\",\"isPartOf\":{\"@id\":\"https:\\\/\\\/buddhaseedbank.com\\\/fr\\\/#website\"},\"datePublished\":\"2020-10-21T08:18:56+00:00\",\"dateModified\":\"2024-06-20T14:23:21+00:00\",\"description\":\"Avis juridique et protection de la vie priv\u00e9e\",\"breadcrumb\":{\"@id\":\"https:\\\/\\\/buddhaseedbank.com\\\/fr\\\/mentions-legales-et-confidentialite\\\/#breadcrumb\"},\"inLanguage\":\"fr-FR\",\"potentialAction\":[{\"@type\":\"ReadAction\",\"target\":[\"https:\\\/\\\/buddhaseedbank.com\\\/fr\\\/mentions-legales-et-confidentialite\\\/\"]}]},{\"@type\":\"BreadcrumbList\",\"@id\":\"https:\\\/\\\/buddhaseedbank.com\\\/fr\\\/mentions-legales-et-confidentialite\\\/#breadcrumb\",\"itemListElement\":[{\"@type\":\"ListItem\",\"position\":1,\"name\":\"Portada\",\"item\":\"https:\\\/\\\/buddhaseedbank.com\\\/fr\\\/\"},{\"@type\":\"ListItem\",\"position\":2,\"name\":\"Avis juridique\"}]},{\"@type\":\"WebSite\",\"@id\":\"https:\\\/\\\/buddhaseedbank.com\\\/fr\\\/#website\",\"url\":\"https:\\\/\\\/buddhaseedbank.com\\\/fr\\\/\",\"name\":\"Buddha Seeds\",\"description\":\"\",\"publisher\":{\"@id\":\"https:\\\/\\\/buddhaseedbank.com\\\/fr\\\/#organization\"},\"potentialAction\":[{\"@type\":\"SearchAction\",\"target\":{\"@type\":\"EntryPoint\",\"urlTemplate\":\"https:\\\/\\\/buddhaseedbank.com\\\/fr\\\/?s={search_term_string}\"},\"query-input\":{\"@type\":\"PropertyValueSpecification\",\"valueRequired\":true,\"valueName\":\"search_term_string\"}}],\"inLanguage\":\"fr-FR\"},{\"@type\":\"Organization\",\"@id\":\"https:\\\/\\\/buddhaseedbank.com\\\/fr\\\/#organization\",\"name\":\"Buddha Seeds\",\"url\":\"https:\\\/\\\/buddhaseedbank.com\\\/fr\\\/\",\"logo\":{\"@type\":\"ImageObject\",\"inLanguage\":\"fr-FR\",\"@id\":\"https:\\\/\\\/buddhaseedbank.com\\\/fr\\\/#\\\/schema\\\/logo\\\/image\\\/\",\"url\":\"https:\\\/\\\/buddhaseedbank.com\\\/wp-content\\\/uploads\\\/2024\\\/04\\\/buddha-seeds-logo-1622448424-1.png\",\"contentUrl\":\"https:\\\/\\\/buddhaseedbank.com\\\/wp-content\\\/uploads\\\/2024\\\/04\\\/buddha-seeds-logo-1622448424-1.png\",\"width\":478,\"height\":200,\"caption\":\"Buddha Seeds\"},\"image\":{\"@id\":\"https:\\\/\\\/buddhaseedbank.com\\\/fr\\\/#\\\/schema\\\/logo\\\/image\\\/\"}}]}<\/script>\n<!-- \/ Yoast SEO plugin. -->","yoast_head_json":{"title":"Avis juridique et protection de la vie priv\u00e9e","description":"Avis juridique et protection de la vie priv\u00e9e","robots":{"index":"noindex","follow":"follow"},"og_locale":"fr_FR","og_type":"article","og_title":"Avis juridique et protection de la vie priv\u00e9e","og_description":"Avis juridique et protection de la vie priv\u00e9e","og_url":"https:\/\/buddhaseedbank.com\/fr\/mentions-legales-et-confidentialite\/","og_site_name":"Buddha Seeds","article_modified_time":"2024-06-20T14:23:21+00:00","twitter_card":"summary_large_image","twitter_misc":{"Dur\u00e9e de lecture estim\u00e9e":"4 minutes"},"schema":{"@context":"https:\/\/schema.org","@graph":[{"@type":"WebPage","@id":"https:\/\/buddhaseedbank.com\/fr\/mentions-legales-et-confidentialite\/","url":"https:\/\/buddhaseedbank.com\/fr\/mentions-legales-et-confidentialite\/","name":"Avis juridique et protection de la vie priv\u00e9e","isPartOf":{"@id":"https:\/\/buddhaseedbank.com\/fr\/#website"},"datePublished":"2020-10-21T08:18:56+00:00","dateModified":"2024-06-20T14:23:21+00:00","description":"Avis juridique et protection de la vie priv\u00e9e","breadcrumb":{"@id":"https:\/\/buddhaseedbank.com\/fr\/mentions-legales-et-confidentialite\/#breadcrumb"},"inLanguage":"fr-FR","potentialAction":[{"@type":"ReadAction","target":["https:\/\/buddhaseedbank.com\/fr\/mentions-legales-et-confidentialite\/"]}]},{"@type":"BreadcrumbList","@id":"https:\/\/buddhaseedbank.com\/fr\/mentions-legales-et-confidentialite\/#breadcrumb","itemListElement":[{"@type":"ListItem","position":1,"name":"Portada","item":"https:\/\/buddhaseedbank.com\/fr\/"},{"@type":"ListItem","position":2,"name":"Avis juridique"}]},{"@type":"WebSite","@id":"https:\/\/buddhaseedbank.com\/fr\/#website","url":"https:\/\/buddhaseedbank.com\/fr\/","name":"Buddha Seeds","description":"","publisher":{"@id":"https:\/\/buddhaseedbank.com\/fr\/#organization"},"potentialAction":[{"@type":"SearchAction","target":{"@type":"EntryPoint","urlTemplate":"https:\/\/buddhaseedbank.com\/fr\/?s={search_term_string}"},"query-input":{"@type":"PropertyValueSpecification","valueRequired":true,"valueName":"search_term_string"}}],"inLanguage":"fr-FR"},{"@type":"Organization","@id":"https:\/\/buddhaseedbank.com\/fr\/#organization","name":"Buddha Seeds","url":"https:\/\/buddhaseedbank.com\/fr\/","logo":{"@type":"ImageObject","inLanguage":"fr-FR","@id":"https:\/\/buddhaseedbank.com\/fr\/#\/schema\/logo\/image\/","url":"https:\/\/buddhaseedbank.com\/wp-content\/uploads\/2024\/04\/buddha-seeds-logo-1622448424-1.png","contentUrl":"https:\/\/buddhaseedbank.com\/wp-content\/uploads\/2024\/04\/buddha-seeds-logo-1622448424-1.png","width":478,"height":200,"caption":"Buddha Seeds"},"image":{"@id":"https:\/\/buddhaseedbank.com\/fr\/#\/schema\/logo\/image\/"}}]}},"_links":{"self":[{"href":"https:\/\/buddhaseedbank.com\/fr\/wp-json\/wp\/v2\/pages\/3254","targetHints":{"allow":["GET"]}}],"collection":[{"href":"https:\/\/buddhaseedbank.com\/fr\/wp-json\/wp\/v2\/pages"}],"about":[{"href":"https:\/\/buddhaseedbank.com\/fr\/wp-json\/wp\/v2\/types\/page"}],"author":[{"embeddable":true,"href":"https:\/\/buddhaseedbank.com\/fr\/wp-json\/wp\/v2\/users\/1"}],"replies":[{"embeddable":true,"href":"https:\/\/buddhaseedbank.com\/fr\/wp-json\/wp\/v2\/comments?post=3254"}],"version-history":[{"count":2,"href":"https:\/\/buddhaseedbank.com\/fr\/wp-json\/wp\/v2\/pages\/3254\/revisions"}],"predecessor-version":[{"id":8415,"href":"https:\/\/buddhaseedbank.com\/fr\/wp-json\/wp\/v2\/pages\/3254\/revisions\/8415"}],"wp:attachment":[{"href":"https:\/\/buddhaseedbank.com\/fr\/wp-json\/wp\/v2\/media?parent=3254"}],"curies":[{"name":"wp","href":"https:\/\/api.w.org\/{rel}","templated":true}]}}