{"id":3429,"date":"2020-10-21T10:18:56","date_gmt":"2020-10-21T08:18:56","guid":{"rendered":"https:\/\/buddhaseedbank.com\/2020\/10\/21\/politique-de-cookies\/"},"modified":"2024-05-20T14:47:50","modified_gmt":"2024-05-20T12:47:50","slug":"politique-de-cookies","status":"publish","type":"page","link":"https:\/\/buddhaseedbank.com\/fr\/politique-de-cookies\/","title":{"rendered":"Politique en mati\u00e8re de cookies"},"content":{"rendered":"<h3>QU&rsquo;EST-CE QU&rsquo;UN BISCUIT ?<\/h3>\n<p>Les cookies sont de petits fichiers de donn\u00e9es qui sont re\u00e7us sur le terminal \u00e0 partir du site web visit\u00e9 et qui sont utilis\u00e9s pour enregistrer certaines interactions de navigation sur un site web en stockant des donn\u00e9es qui peuvent \u00eatre mises \u00e0 jour et r\u00e9cup\u00e9r\u00e9es. Ces fichiers sont stock\u00e9s sur l&rsquo;ordinateur de l&rsquo;utilisateur et contiennent des donn\u00e9es anonymes qui ne sont pas nuisibles \u00e0 l&rsquo;ordinateur de l&rsquo;utilisateur. Ils sont utilis\u00e9s pour m\u00e9moriser les pr\u00e9f\u00e9rences de l&rsquo;utilisateur, telles que la langue s\u00e9lectionn\u00e9e, les donn\u00e9es d&rsquo;acc\u00e8s ou la personnalisation de la page.<\/p>\n<p>Les cookies peuvent \u00e9galement \u00eatre utilis\u00e9s pour enregistrer des informations anonymes sur la fa\u00e7on dont un visiteur utilise un site. Par exemple, \u00e0 partir de quel site web vous avez acc\u00e9d\u00e9 au site, ou si vous avez utilis\u00e9 une banni\u00e8re publicitaire pour y acc\u00e9der.<\/p>\n<h3>POURQUOI UTILISONS-NOUS DES COOKIES ?<\/h3>\n<p>Buddhaseedbank.com, utilise des cookies qui sont strictement n\u00e9cessaires et essentiels pour que vous puissiez utiliser nos sites web et vous permettre de circuler librement, d&rsquo;utiliser des zones s\u00e9curis\u00e9es, des options personnalis\u00e9es, etc. En outre, www.buddhaseedbank.com utilise des cookies qui collectent des donn\u00e9es relatives \u00e0 l&rsquo;analyse de l&rsquo;utilisation du site web. Ils sont utilis\u00e9s pour am\u00e9liorer le service \u00e0 la client\u00e8le en mesurant l&rsquo;utilisation et les performances du site, pour l&rsquo;optimiser et le personnaliser.<\/p>\n<p>Nos sites peuvent \u00e9galement contenir des liens vers des sites de r\u00e9seaux sociaux (tels que Facebook ou Twitter). Buddhaseedbank.com ne contr\u00f4le pas les cookies utilis\u00e9s par ces sites externes. Pour plus d&rsquo;informations sur les cookies des r\u00e9seaux sociaux ou d&rsquo;autres sites web externes, nous vous recommandons de consulter leurs propres politiques en mati\u00e8re de cookies.<\/p>\n<p>Ce site Internet utilise les cookies suivants :<\/p>\n<ul style=\"list-style-type:disc;\">\n<li>Cookie Google ANALYTICS : Google ANALYTICS est un service gratuit fourni par Google Inc. et qui recueille des informations sur les pages web consult\u00e9es, \u00e0 quelle heure, quel navigateur web, etc. Ces informations sont ensuite envoy\u00e9es aux serveurs de Google Inc. aux \u00c9tats-Unis.<\/li>\n<li>Cookies de l&rsquo;application \u00ab\u00a0Add-this\u00a0\u00bb : Add-this est un service gratuit qui vous permet de partager des pages de ce site web par diff\u00e9rents moyens (e-mail, r\u00e9seaux sociaux, etc.). Add-his recueille des informations statistiques sur votre navigation afin de vous proposer des publicit\u00e9s adapt\u00e9es \u00e0 vos habitudes de navigation sur ce site ou ailleurs.<\/li>\n<\/ul>\n<h3>QUELLE UTILISATION FAISONS-NOUS DES DIFF\u00c9RENTS TYPES DE COOKIES ?<\/h3>\n<p><strong>En fonction de leur objectif :<\/strong><\/p>\n<ul style=\"list-style-type:disc;\">\n<li>Cookies techniques : Les cookies techniques sont ceux qui sont essentiels et strictement n\u00e9cessaires au bon fonctionnement d&rsquo;un portail web et \u00e0 l&rsquo;utilisation des diff\u00e9rentes options et services qu&rsquo;il propose. Par exemple, celles qui concernent le maintien de la session, la gestion du temps de r\u00e9ponse, l&rsquo;ex\u00e9cution ou la validation d&rsquo;options, l&rsquo;utilisation de dispositifs de s\u00e9curit\u00e9, le partage de contenus avec les r\u00e9seaux sociaux, etc.<\/li>\n<li>Cookies de personnalisation : Ces cookies permettent \u00e0 l&rsquo;utilisateur de sp\u00e9cifier ou de personnaliser certaines caract\u00e9ristiques des options g\u00e9n\u00e9rales du site web, par exemple en d\u00e9finissant la langue, la configuration r\u00e9gionale ou le type de navigateur.<\/li>\n<li>Cookies analytiques : Les cookies analytiques sont ceux utilis\u00e9s par notre portail web pour \u00e9laborer des profils de navigation et conna\u00eetre les pr\u00e9f\u00e9rences des utilisateurs afin d&rsquo;am\u00e9liorer l&rsquo;offre de produits et de services. Par exemple, un cookie analytique pourrait \u00eatre utilis\u00e9 pour surveiller les zones g\u00e9ographiques qui int\u00e9ressent le plus un utilisateur, le produit le plus populaire, etc.<\/li>\n<li>Cookies publicitaires : les cookies publicitaires permettent de g\u00e9rer les espaces publicitaires en fonction de crit\u00e8res sp\u00e9cifiques. Par exemple, la fr\u00e9quence d&rsquo;acc\u00e8s, le contenu \u00e9dit\u00e9, etc. Les cookies publicitaires permettent \u00e0 la r\u00e9gie publicitaire de stocker des informations comportementales gr\u00e2ce \u00e0 l&rsquo;observation des habitudes, \u00e0 l&rsquo;\u00e9tude des acc\u00e8s et \u00e0 la formation d&rsquo;un profil des pr\u00e9f\u00e9rences de l&rsquo;utilisateur, afin de proposer des publicit\u00e9s en rapport avec les int\u00e9r\u00eats du profil de l&rsquo;utilisateur.<\/li>\n<\/ul>\n<p><strong>Selon la date limite :<\/strong><\/p>\n<ul style=\"list-style-type:disc;\">\n<li>Cookies de session : les cookies de session sont ceux qui durent le temps que l&rsquo;utilisateur navigue sur le site web et sont supprim\u00e9s \u00e0 la fin de la session.<\/li>\n<li>Cookies persistants : Ces cookies restent stock\u00e9s dans le terminal de l&rsquo;utilisateur pendant une p\u00e9riode plus longue, facilitant ainsi le contr\u00f4le des pr\u00e9f\u00e9rences choisies sans avoir \u00e0 r\u00e9p\u00e9ter certains param\u00e8tres \u00e0 chaque visite du site web.<\/li>\n<\/ul>\n<p>Ces cookies doivent \u00eatre conformes au RGPD-UE-2016\/679, \u00e0 la LOPD-3\/2018, sur la garantie des droits num\u00e9riques, et aux r\u00e8glements de la LSSI-CE.<\/p>\n<h6><span style=\"text-decoration:underline;\">LES PROPRES COOKIES UTILIS\u00c9S :<\/span><\/h6>\n<p><strong>Certains des cookies suivants ont \u00e9t\u00e9 autoris\u00e9s lors de la visite de ce site :<\/strong><\/p>\n<table cellspacing=\"0\" border=\"1\">\n<tbody>\n<tr>\n<td style=\"text-align:center;\">\n  <strong>DOMAINE<\/strong>\n<\/td>\n<td style=\"text-align:center;\">\n  <strong>COOKIE<\/strong>\n<\/td>\n<td style=\"text-align:center;\">\n  <strong>SOCI\u00c9T\u00c9<\/strong>\n<\/td>\n<td style=\"text-align:center;\">\n  <strong>FONCTION<\/strong>\n<\/td>\n<td style=\"text-align:center;\">\n  <strong>EXPIRATION<\/strong>\n<\/td>\n<\/tr>\n<tr>\n<td style=\"text-align:center;\">buddhaseedbank.com<\/td>\n<td style=\"text-align:center;\">_ga<\/td>\n<td style=\"text-align:center;\">Google<\/td>\n<td style=\"text-align:center;\">Analyse de l&rsquo;information<\/td>\n<td style=\"text-align:center;\">2 ans<\/td>\n<\/tr>\n<tr>\n<td style=\"text-align:center;\"><\/td>\n<td style=\"text-align:center;\">_gid<\/td>\n<td style=\"text-align:center;\">Google<\/td>\n<td style=\"text-align:center;\">Analytique<\/td>\n<td style=\"text-align:center;\">Session<\/td>\n<\/tr>\n<tr>\n<td style=\"text-align:center;\"><\/td>\n<td style=\"text-align:center;\">PHPSESSID<\/td>\n<td style=\"text-align:center;\">Propre<\/td>\n<td style=\"text-align:center;\">Technique<\/td>\n<td style=\"text-align:center;\">Session<\/td>\n<\/tr>\n<tr>\n<td style=\"text-align:center;\"><\/td>\n<td style=\"text-align:center;\">PrestaShop<\/td>\n<td style=\"text-align:center;\">La v\u00f4tre<\/td>\n<td style=\"text-align:center;\">Technique<\/td>\n<td style=\"text-align:center;\">1 mois<\/td>\n<\/tr>\n<\/tbody>\n<\/table>\n<h6><\/h6>\n<h6><span style=\"text-decoration:underline;\">LES COOKIES EXTERNES UTILIS\u00c9S :<\/span><\/h6>\n<p><strong>Quelques-uns des cookies utilis\u00e9s :<\/strong><\/p>\n<table cellspacing=\"0\" border=\"1\">\n<tbody>\n<tr>\n<td style=\"text-align:center;\">\n  <strong>DOMAINE<\/strong>\n<\/td>\n<td style=\"text-align:center;\">\n  <strong>COOKIE<\/strong>\n<\/td>\n<td style=\"text-align:center;\">\n  <strong>SOCI\u00c9T\u00c9<\/strong>\n<\/td>\n<td style=\"text-align:center;\">\n  <strong>FONCTION<\/strong>\n<\/td>\n<td style=\"text-align:center;\">\n  <strong>EXPIRATION<\/strong>\n<\/td>\n<\/tr>\n<tr>\n<td style=\"text-align:center;\"><\/td>\n<td style=\"text-align:center;\"><\/td>\n<td style=\"text-align:center;\"><\/td>\n<td style=\"text-align:center;\"><\/td>\n<td style=\"text-align:center;\"><\/td>\n<\/tr>\n<\/tbody>\n<\/table>\n<h3>POURQUOI AVONS-NOUS BESOIN DE VOTRE CONSENTEMENT EXPLICITE POUR LES UTILISER ?<\/h3>\n<blockquote>\n<p><strong><em><span style=\"text-decoration:underline;\">Arr\u00eat de la Grande Chambre de la Cour de justice de l&rsquo;Union europ\u00e9enne, 1er octobre 2019, et AEPD Guidance on the use of cookies, juillet 2020.<\/span><\/em><\/strong><\/p>\n<\/blockquote>\n<p>L&rsquo;arr\u00eat de la grande chambre de la Cour de justice de l&rsquo;Union europ\u00e9enne du 1er octobre 2019 doit \u00eatre interpr\u00e9t\u00e9 en ce sens que le consentement n&rsquo;est pas valablement donn\u00e9 lorsque le stockage d&rsquo;informations, ou l&rsquo;acc\u00e8s \u00e0 des informations d\u00e9j\u00e0 stock\u00e9es sur l&rsquo;\u00e9quipement terminal de l&rsquo;utilisateur d&rsquo;un site Internet, par le biais de cookies est autoris\u00e9 au moyen d&rsquo;une case \u00e0 cocher par d\u00e9faut de laquelle l&rsquo;utilisateur doit retirer la coche s&rsquo;il souhaite en refuser l&rsquo;utilisation. En ce sens, l&rsquo;autorisation doit \u00eatre bas\u00e9e sur un consentement explicite au moyen d&rsquo;une v\u00e9rification de l&rsquo;acceptation explicite, d&rsquo;une v\u00e9rification du refus de l&rsquo;utilisateur et d&rsquo;une v\u00e9rification de l&rsquo;obtention de plus amples informations sur les cookies affich\u00e9s.<\/p>\n<p>Cette interpr\u00e9tation ne peut varier selon que les informations stock\u00e9es ou consult\u00e9es sur le terminal de l&rsquo;utilisateur d&rsquo;un site Internet sont ou non des donn\u00e9es \u00e0 caract\u00e8re personnel.<\/p>\n<p>La Grande Chambre de la Cour de justice de l&rsquo;Union europ\u00e9enne pr\u00e9cise \u00e9galement dans cet arr\u00eat que les informations que le prestataire de services doit fournir \u00e0 l&rsquo;utilisateur d&rsquo;un site Internet doivent inclure la dur\u00e9e pendant laquelle les cookies resteront actifs et la possibilit\u00e9 pour des tiers d&rsquo;acc\u00e9der aux informations qui y sont stock\u00e9es. Cette exigence figure dans la version modifi\u00e9e par la directive 2009\/136, qui modifie l&rsquo;article 5, paragraphe 3, de la directive 2002\/58\/UE, et par le document d&rsquo;orientation de l&rsquo;AEPD de juillet 2020.<\/p>\n<p>En ce qui concerne la possibilit\u00e9 pour l&rsquo;utilisateur de refuser l&rsquo;utilisation de cookies, il faut savoir que si vous refusez ou supprimez les cookies de navigation, nous ne pourrons pas conserver vos pr\u00e9f\u00e9rences, certaines fonctionnalit\u00e9s des pages ne seront pas op\u00e9rationnelles, nous ne pourrons pas vous offrir des services personnalis\u00e9s et, chaque fois que vous naviguerez sur notre site web, nous devrons vous demander \u00e0 nouveau votre autorisation pour l&rsquo;utilisation de cookies.<\/p>\n<p>Si vous d\u00e9cidez malgr\u00e9 tout de modifier la configuration de votre acc\u00e8s au site, sachez qu&rsquo;il est possible \u00e0 tout moment de supprimer les cookies ou d&#8217;emp\u00eacher l&rsquo;enregistrement de ces informations sur votre ordinateur en modifiant les param\u00e8tres de configuration de votre navigateur :<\/p>\n<ul style=\"list-style-type:disc;\">\n<li><a href=\"https:\/\/support.microsoft.com\/es-es\/windows\/eliminar-y-administrar-cookies-168dab11-0753-043d-7c16-ede5947fc64d\" target=\"_blank\" rel=\"noopener noreferrer nofollow\">Param\u00e8tres des cookies d&rsquo;Internet Explorer.<\/a><\/li>\n<li><a href=\"https:\/\/support.mozilla.org\/es\/kb\/habilitar-y-deshabilitar-cookies-sitios-web-rastrear-preferencias\" target=\"_blank\" rel=\"noopener noreferrer nofollow\">Param\u00e8tres des cookies de Firefox.<\/a><\/li>\n<li><a href=\"https:\/\/support.google.com\/chrome\/answer\/95647?co=GENIE.Platform%3DDesktop&amp;hl=es-419\" target=\"_blank\" rel=\"noopener noreferrer nofollow\">Param\u00e8tres des cookies de Google Chrome.<\/a><\/li>\n<li><a href=\"https:\/\/support.apple.com\/es-es\/guide\/safari\/sfri11471\/mac\" target=\"_blank\" rel=\"noopener noreferrer nofollow\">Param\u00e8tres des cookies de Safari.<\/a><\/li>\n<\/ul>\n<p>Ces navigateurs sont susceptibles de changer ou d&rsquo;\u00eatre modifi\u00e9s, et nous ne pouvons donc pas garantir qu&rsquo;ils seront enti\u00e8rement compatibles avec la version de votre navigateur. Vous pouvez \u00e9galement utiliser un autre navigateur qui n&rsquo;est pas couvert par ces liens, comme Konqueror, Arora, Flock, etc. Pour \u00e9viter ces incompatibilit\u00e9s, vous pouvez y acc\u00e9der directement \u00e0 partir des options de votre navigateur, qui se trouvent g\u00e9n\u00e9ralement dans le menu Options, sous la rubrique \u00ab\u00a0Vie priv\u00e9e\u00a0\u00bb. (Veuillez consulter l&rsquo;aide de votre navigateur pour plus d&rsquo;informations).<\/p>\n<h3>O\u00d9 PUIS-JE OBTENIR PLUS D&rsquo;INFORMATIONS ?<\/h3>\n<p>Vous trouverez plus d&rsquo;informations sur les cookies \u00e0 l&rsquo;adresse suivante<\/p>\n<p>www.allaboutcookies.org ou www.youronlinechoices.com<\/p>\n","protected":false},"excerpt":{"rendered":"<p>QU&rsquo;EST-CE QU&rsquo;UN BISCUIT ? Les cookies sont de petits fichiers de donn\u00e9es qui sont re\u00e7us sur le terminal \u00e0 partir du site web visit\u00e9 et qui sont utilis\u00e9s pour enregistrer certaines interactions de navigation sur un site web en stockant des donn\u00e9es qui peuvent \u00eatre mises \u00e0 jour et r\u00e9cup\u00e9r\u00e9es. Ces fichiers sont stock\u00e9s sur [&hellip;]<\/p>\n","protected":false},"author":1,"featured_media":0,"parent":0,"menu_order":3,"comment_status":"open","ping_status":"open","template":"","meta":{"_joinchat":[],"footnotes":""},"class_list":["post-3429","page","type-page","status-publish","hentry"],"yoast_head":"<!-- This site is optimized with the Yoast SEO plugin v27.3 - https:\/\/yoast.com\/product\/yoast-seo-wordpress\/ -->\n<title>Politique en mati\u00e8re de cookies<\/title>\n<meta name=\"description\" content=\"Politique en mati\u00e8re de cookies\" \/>\n<meta name=\"robots\" content=\"noindex, follow\" \/>\n<meta property=\"og:locale\" content=\"fr_FR\" \/>\n<meta property=\"og:type\" content=\"article\" \/>\n<meta property=\"og:title\" content=\"Politique en mati\u00e8re de cookies\" \/>\n<meta property=\"og:description\" content=\"Politique en mati\u00e8re de cookies\" \/>\n<meta property=\"og:url\" content=\"https:\/\/buddhaseedbank.com\/fr\/politique-de-cookies\/\" \/>\n<meta property=\"og:site_name\" content=\"Buddha Seeds\" \/>\n<meta property=\"article:modified_time\" content=\"2024-05-20T12:47:50+00:00\" \/>\n<meta name=\"twitter:card\" content=\"summary_large_image\" \/>\n<meta name=\"twitter:label1\" content=\"Dur\u00e9e de lecture estim\u00e9e\" \/>\n\t<meta name=\"twitter:data1\" content=\"7 minutes\" \/>\n<script type=\"application\/ld+json\" class=\"yoast-schema-graph\">{\"@context\":\"https:\\\/\\\/schema.org\",\"@graph\":[{\"@type\":\"WebPage\",\"@id\":\"https:\\\/\\\/buddhaseedbank.com\\\/fr\\\/politique-de-cookies\\\/\",\"url\":\"https:\\\/\\\/buddhaseedbank.com\\\/fr\\\/politique-de-cookies\\\/\",\"name\":\"Politique en mati\u00e8re de cookies\",\"isPartOf\":{\"@id\":\"https:\\\/\\\/buddhaseedbank.com\\\/fr\\\/#website\"},\"datePublished\":\"2020-10-21T08:18:56+00:00\",\"dateModified\":\"2024-05-20T12:47:50+00:00\",\"description\":\"Politique en mati\u00e8re de cookies\",\"breadcrumb\":{\"@id\":\"https:\\\/\\\/buddhaseedbank.com\\\/fr\\\/politique-de-cookies\\\/#breadcrumb\"},\"inLanguage\":\"fr-FR\",\"potentialAction\":[{\"@type\":\"ReadAction\",\"target\":[\"https:\\\/\\\/buddhaseedbank.com\\\/fr\\\/politique-de-cookies\\\/\"]}]},{\"@type\":\"BreadcrumbList\",\"@id\":\"https:\\\/\\\/buddhaseedbank.com\\\/fr\\\/politique-de-cookies\\\/#breadcrumb\",\"itemListElement\":[{\"@type\":\"ListItem\",\"position\":1,\"name\":\"Portada\",\"item\":\"https:\\\/\\\/buddhaseedbank.com\\\/fr\\\/\"},{\"@type\":\"ListItem\",\"position\":2,\"name\":\"Politique en mati\u00e8re de cookies\"}]},{\"@type\":\"WebSite\",\"@id\":\"https:\\\/\\\/buddhaseedbank.com\\\/fr\\\/#website\",\"url\":\"https:\\\/\\\/buddhaseedbank.com\\\/fr\\\/\",\"name\":\"Buddha Seeds\",\"description\":\"\",\"publisher\":{\"@id\":\"https:\\\/\\\/buddhaseedbank.com\\\/fr\\\/#organization\"},\"potentialAction\":[{\"@type\":\"SearchAction\",\"target\":{\"@type\":\"EntryPoint\",\"urlTemplate\":\"https:\\\/\\\/buddhaseedbank.com\\\/fr\\\/?s={search_term_string}\"},\"query-input\":{\"@type\":\"PropertyValueSpecification\",\"valueRequired\":true,\"valueName\":\"search_term_string\"}}],\"inLanguage\":\"fr-FR\"},{\"@type\":\"Organization\",\"@id\":\"https:\\\/\\\/buddhaseedbank.com\\\/fr\\\/#organization\",\"name\":\"Buddha Seeds\",\"url\":\"https:\\\/\\\/buddhaseedbank.com\\\/fr\\\/\",\"logo\":{\"@type\":\"ImageObject\",\"inLanguage\":\"fr-FR\",\"@id\":\"https:\\\/\\\/buddhaseedbank.com\\\/fr\\\/#\\\/schema\\\/logo\\\/image\\\/\",\"url\":\"https:\\\/\\\/buddhaseedbank.com\\\/wp-content\\\/uploads\\\/2024\\\/04\\\/buddha-seeds-logo-1622448424-1.png\",\"contentUrl\":\"https:\\\/\\\/buddhaseedbank.com\\\/wp-content\\\/uploads\\\/2024\\\/04\\\/buddha-seeds-logo-1622448424-1.png\",\"width\":478,\"height\":200,\"caption\":\"Buddha Seeds\"},\"image\":{\"@id\":\"https:\\\/\\\/buddhaseedbank.com\\\/fr\\\/#\\\/schema\\\/logo\\\/image\\\/\"}}]}<\/script>\n<!-- \/ Yoast SEO plugin. -->","yoast_head_json":{"title":"Politique en mati\u00e8re de cookies","description":"Politique en mati\u00e8re de cookies","robots":{"index":"noindex","follow":"follow"},"og_locale":"fr_FR","og_type":"article","og_title":"Politique en mati\u00e8re de cookies","og_description":"Politique en mati\u00e8re de cookies","og_url":"https:\/\/buddhaseedbank.com\/fr\/politique-de-cookies\/","og_site_name":"Buddha Seeds","article_modified_time":"2024-05-20T12:47:50+00:00","twitter_card":"summary_large_image","twitter_misc":{"Dur\u00e9e de lecture estim\u00e9e":"7 minutes"},"schema":{"@context":"https:\/\/schema.org","@graph":[{"@type":"WebPage","@id":"https:\/\/buddhaseedbank.com\/fr\/politique-de-cookies\/","url":"https:\/\/buddhaseedbank.com\/fr\/politique-de-cookies\/","name":"Politique en mati\u00e8re de cookies","isPartOf":{"@id":"https:\/\/buddhaseedbank.com\/fr\/#website"},"datePublished":"2020-10-21T08:18:56+00:00","dateModified":"2024-05-20T12:47:50+00:00","description":"Politique en mati\u00e8re de cookies","breadcrumb":{"@id":"https:\/\/buddhaseedbank.com\/fr\/politique-de-cookies\/#breadcrumb"},"inLanguage":"fr-FR","potentialAction":[{"@type":"ReadAction","target":["https:\/\/buddhaseedbank.com\/fr\/politique-de-cookies\/"]}]},{"@type":"BreadcrumbList","@id":"https:\/\/buddhaseedbank.com\/fr\/politique-de-cookies\/#breadcrumb","itemListElement":[{"@type":"ListItem","position":1,"name":"Portada","item":"https:\/\/buddhaseedbank.com\/fr\/"},{"@type":"ListItem","position":2,"name":"Politique en mati\u00e8re de cookies"}]},{"@type":"WebSite","@id":"https:\/\/buddhaseedbank.com\/fr\/#website","url":"https:\/\/buddhaseedbank.com\/fr\/","name":"Buddha Seeds","description":"","publisher":{"@id":"https:\/\/buddhaseedbank.com\/fr\/#organization"},"potentialAction":[{"@type":"SearchAction","target":{"@type":"EntryPoint","urlTemplate":"https:\/\/buddhaseedbank.com\/fr\/?s={search_term_string}"},"query-input":{"@type":"PropertyValueSpecification","valueRequired":true,"valueName":"search_term_string"}}],"inLanguage":"fr-FR"},{"@type":"Organization","@id":"https:\/\/buddhaseedbank.com\/fr\/#organization","name":"Buddha Seeds","url":"https:\/\/buddhaseedbank.com\/fr\/","logo":{"@type":"ImageObject","inLanguage":"fr-FR","@id":"https:\/\/buddhaseedbank.com\/fr\/#\/schema\/logo\/image\/","url":"https:\/\/buddhaseedbank.com\/wp-content\/uploads\/2024\/04\/buddha-seeds-logo-1622448424-1.png","contentUrl":"https:\/\/buddhaseedbank.com\/wp-content\/uploads\/2024\/04\/buddha-seeds-logo-1622448424-1.png","width":478,"height":200,"caption":"Buddha Seeds"},"image":{"@id":"https:\/\/buddhaseedbank.com\/fr\/#\/schema\/logo\/image\/"}}]}},"_links":{"self":[{"href":"https:\/\/buddhaseedbank.com\/fr\/wp-json\/wp\/v2\/pages\/3429","targetHints":{"allow":["GET"]}}],"collection":[{"href":"https:\/\/buddhaseedbank.com\/fr\/wp-json\/wp\/v2\/pages"}],"about":[{"href":"https:\/\/buddhaseedbank.com\/fr\/wp-json\/wp\/v2\/types\/page"}],"author":[{"embeddable":true,"href":"https:\/\/buddhaseedbank.com\/fr\/wp-json\/wp\/v2\/users\/1"}],"replies":[{"embeddable":true,"href":"https:\/\/buddhaseedbank.com\/fr\/wp-json\/wp\/v2\/comments?post=3429"}],"version-history":[{"count":1,"href":"https:\/\/buddhaseedbank.com\/fr\/wp-json\/wp\/v2\/pages\/3429\/revisions"}],"predecessor-version":[{"id":6612,"href":"https:\/\/buddhaseedbank.com\/fr\/wp-json\/wp\/v2\/pages\/3429\/revisions\/6612"}],"wp:attachment":[{"href":"https:\/\/buddhaseedbank.com\/fr\/wp-json\/wp\/v2\/media?parent=3429"}],"curies":[{"name":"wp","href":"https:\/\/api.w.org\/{rel}","templated":true}]}}