{"id":6427,"date":"2024-04-23T14:28:13","date_gmt":"2024-04-23T12:28:13","guid":{"rendered":"https:\/\/buddhaseedbank.com\/a-propos-de-nous\/"},"modified":"2025-04-29T16:59:21","modified_gmt":"2025-04-29T14:59:21","slug":"a-propos-de-nous","status":"publish","type":"page","link":"https:\/\/buddhaseedbank.com\/fr\/a-propos-de-nous\/","title":{"rendered":"A propos de nous"},"content":{"rendered":"\t\t<div data-elementor-type=\"wp-page\" data-elementor-id=\"6427\" class=\"elementor elementor-6427 elementor-5212\" wpc-filter-elementor-widget=\"1\" data-elementor-post-type=\"page\">\n\t\t\t\t<div class=\"elementor-element elementor-element-79c89ca4 e-flex e-con-boxed e-con e-parent\" data-id=\"79c89ca4\" data-element_type=\"container\" data-e-type=\"container\">\n\t\t\t\t\t<div class=\"e-con-inner\">\n\t\t<div class=\"elementor-element elementor-element-6cf09969 e-con-full e-flex e-con e-child\" data-id=\"6cf09969\" data-element_type=\"container\" data-e-type=\"container\">\n\t\t\t\t<div class=\"elementor-element elementor-element-759c21a9 elementor-widget-mobile__width-initial elementor-widget elementor-widget-image\" data-id=\"759c21a9\" data-element_type=\"widget\" data-e-type=\"widget\" data-settings=\"{&quot;motion_fx_motion_fx_scrolling&quot;:&quot;yes&quot;,&quot;motion_fx_translateY_effect&quot;:&quot;yes&quot;,&quot;motion_fx_translateY_speed&quot;:{&quot;unit&quot;:&quot;px&quot;,&quot;size&quot;:1,&quot;sizes&quot;:[]},&quot;motion_fx_devices&quot;:[&quot;desktop&quot;,&quot;tablet&quot;],&quot;motion_fx_translateY_affectedRange&quot;:{&quot;unit&quot;:&quot;%&quot;,&quot;size&quot;:&quot;&quot;,&quot;sizes&quot;:{&quot;start&quot;:0,&quot;end&quot;:100}}}\" data-widget_type=\"image.default\">\n\t\t\t\t<div class=\"elementor-widget-container\">\n\t\t\t\t\t\t\t\t\t\t\t\t\t\t\t<img fetchpriority=\"high\" decoding=\"async\" width=\"900\" height=\"590\" src=\"https:\/\/buddhaseedbank.com\/wp-content\/uploads\/2024\/04\/TECNICAS_BUDDHA3.jpg\" class=\"attachment-full size-full wp-image-5551\" alt=\"mejores semillas de cannabis\" srcset=\"https:\/\/buddhaseedbank.com\/wp-content\/uploads\/2024\/04\/TECNICAS_BUDDHA3.jpg 900w, https:\/\/buddhaseedbank.com\/wp-content\/uploads\/2024\/04\/TECNICAS_BUDDHA3-300x197.jpg 300w, https:\/\/buddhaseedbank.com\/wp-content\/uploads\/2024\/04\/TECNICAS_BUDDHA3-768x503.jpg 768w, https:\/\/buddhaseedbank.com\/wp-content\/uploads\/2024\/04\/TECNICAS_BUDDHA3-600x393.jpg 600w\" sizes=\"(max-width: 900px) 100vw, 900px\" \/>\t\t\t\t\t\t\t\t\t\t\t\t\t\t\t<\/div>\n\t\t\t\t<\/div>\n\t\t\t\t<div class=\"elementor-element elementor-element-35139c67 elementor-widget-mobile__width-initial elementor-widget elementor-widget-image\" data-id=\"35139c67\" data-element_type=\"widget\" data-e-type=\"widget\" data-settings=\"{&quot;motion_fx_motion_fx_scrolling&quot;:&quot;yes&quot;,&quot;motion_fx_translateY_effect&quot;:&quot;yes&quot;,&quot;motion_fx_translateY_direction&quot;:&quot;negative&quot;,&quot;motion_fx_translateY_speed&quot;:{&quot;unit&quot;:&quot;px&quot;,&quot;size&quot;:1,&quot;sizes&quot;:[]},&quot;motion_fx_devices&quot;:[&quot;desktop&quot;,&quot;tablet&quot;],&quot;motion_fx_translateY_affectedRange&quot;:{&quot;unit&quot;:&quot;%&quot;,&quot;size&quot;:&quot;&quot;,&quot;sizes&quot;:{&quot;start&quot;:0,&quot;end&quot;:100}}}\" data-widget_type=\"image.default\">\n\t\t\t\t<div class=\"elementor-widget-container\">\n\t\t\t\t\t\t\t\t\t\t\t\t\t\t\t<img decoding=\"async\" width=\"800\" height=\"887\" src=\"https:\/\/buddhaseedbank.com\/wp-content\/uploads\/2024\/04\/TECNICAS_BUDDHA1.jpg\" class=\"attachment-large size-large wp-image-5545\" alt=\"mejores semillas de cannabis\" srcset=\"https:\/\/buddhaseedbank.com\/wp-content\/uploads\/2024\/04\/TECNICAS_BUDDHA1.jpg 800w, https:\/\/buddhaseedbank.com\/wp-content\/uploads\/2024\/04\/TECNICAS_BUDDHA1-271x300.jpg 271w, https:\/\/buddhaseedbank.com\/wp-content\/uploads\/2024\/04\/TECNICAS_BUDDHA1-768x852.jpg 768w, https:\/\/buddhaseedbank.com\/wp-content\/uploads\/2024\/04\/TECNICAS_BUDDHA1-600x665.jpg 600w\" sizes=\"(max-width: 800px) 100vw, 800px\" \/>\t\t\t\t\t\t\t\t\t\t\t\t\t\t\t<\/div>\n\t\t\t\t<\/div>\n\t\t\t\t<\/div>\n\t\t<div class=\"elementor-element elementor-element-5035c736 e-con-full e-flex e-con e-child\" data-id=\"5035c736\" data-element_type=\"container\" data-e-type=\"container\">\n\t\t\t\t<div class=\"elementor-element elementor-element-3d4db729 elementor-invisible elementor-widget elementor-widget-heading\" data-id=\"3d4db729\" data-element_type=\"widget\" data-e-type=\"widget\" data-settings=\"{&quot;_animation&quot;:&quot;fadeIn&quot;}\" data-widget_type=\"heading.default\">\n\t\t\t\t<div class=\"elementor-widget-container\">\n\t\t\t\t\t<h1 class=\"elementor-heading-title elementor-size-default\">A propos de nous<\/h1>\t\t\t\t<\/div>\n\t\t\t\t<\/div>\n\t\t\t\t<div class=\"elementor-element elementor-element-195c430e elementor-invisible elementor-widget elementor-widget-text-editor\" data-id=\"195c430e\" data-element_type=\"widget\" data-e-type=\"widget\" data-settings=\"{&quot;_animation&quot;:&quot;fadeIn&quot;,&quot;_animation_delay&quot;:200}\" data-widget_type=\"text-editor.default\">\n\t\t\t\t<div class=\"elementor-widget-container\">\n\t\t\t\t\t\t\t\t\t<p>Buddha Seeds est une marque espagnole qui a plus de 15 ans d&rsquo;exp\u00e9rience dans le secteur du cannabis. Buddha Seeds concentre ses efforts sur l&rsquo;am\u00e9lioration g\u00e9n\u00e9tique afin de produire et de maintenir ses vari\u00e9t\u00e9s \u00e0 des positions tr\u00e8s \u00e9lev\u00e9es sur le march\u00e9. <\/p>\n<p>Derri\u00e8re chaque vari\u00e9t\u00e9 se cache un travail consid\u00e9rable de s\u00e9lection et de stabilisation des caract\u00e9ristiques souhaitables, ainsi que des contr\u00f4les de qualit\u00e9 exhaustifs pour garantir le succ\u00e8s, de la germination \u00e0 la r\u00e9colte. Un travail qui a gagn\u00e9 le respect et la confiance de milliers de cultivateurs dans le monde entier. En fait, de nombreuses vari\u00e9t\u00e9s commercialis\u00e9es aujourd&rsquo;hui proviennent des premi\u00e8res graines de cette banque.  <\/p>\n<p>Tout cela a valu \u00e0 Buddha Seeds d&rsquo;\u00eatre reconnue dans le monde entier comme une banque de semences de premier plan.<\/p>\n\t\t\t\t\t\t\t\t<\/div>\n\t\t\t\t<\/div>\n\t\t\t\t<\/div>\n\t\t\t\t\t<\/div>\n\t\t\t\t<\/div>\n\t\t<div class=\"elementor-element elementor-element-7a44fbb1 e-flex e-con-boxed e-con e-parent\" data-id=\"7a44fbb1\" data-element_type=\"container\" data-e-type=\"container\" data-settings=\"{&quot;background_background&quot;:&quot;classic&quot;}\">\n\t\t\t\t\t<div class=\"e-con-inner\">\n\t\t<div class=\"elementor-element elementor-element-76ed060e e-con-full e-flex e-con e-child\" data-id=\"76ed060e\" data-element_type=\"container\" data-e-type=\"container\">\n\t\t\t\t<div class=\"elementor-element elementor-element-73bc8779 elementor-invisible elementor-widget elementor-widget-heading\" data-id=\"73bc8779\" data-element_type=\"widget\" data-e-type=\"widget\" data-settings=\"{&quot;_animation&quot;:&quot;fadeIn&quot;}\" data-widget_type=\"heading.default\">\n\t\t\t\t<div class=\"elementor-widget-container\">\n\t\t\t\t\t<h2 class=\"elementor-heading-title elementor-size-default\">Recherche et d\u00e9veloppement<\/h2>\t\t\t\t<\/div>\n\t\t\t\t<\/div>\n\t\t\t\t<div class=\"elementor-element elementor-element-1ca15cec elementor-invisible elementor-widget elementor-widget-text-editor\" data-id=\"1ca15cec\" data-element_type=\"widget\" data-e-type=\"widget\" data-settings=\"{&quot;_animation&quot;:&quot;fadeIn&quot;,&quot;_animation_delay&quot;:200}\" data-widget_type=\"text-editor.default\">\n\t\t\t\t<div class=\"elementor-widget-container\">\n\t\t\t\t\t\t\t\t\t<p>L&rsquo;\u00e9quipe pluridisciplinaire de Buddha Seeds est compos\u00e9e d&rsquo;agronomes et de biotechnologues qui appliquent les technologies les plus sophistiqu\u00e9es, telles que la chromatographie en phase gazeuse et le s\u00e9quen\u00e7age g\u00e9n\u00e9tique, pour analyser les plantes, tant au niveau du g\u00e9notype que du ph\u00e9notype.<\/p>\n<p>Le d\u00e9veloppement d&rsquo;une m\u00e9thodologie pour caract\u00e9riser les g\u00e8nes codant pour les enzymes responsables de la synth\u00e8se des cannabino\u00efdes est particuli\u00e8rement int\u00e9ressant.<\/p>\n\t\t\t\t\t\t\t\t<\/div>\n\t\t\t\t<\/div>\n\t\t\t\t<\/div>\n\t\t<div class=\"elementor-element elementor-element-4fe796fe e-con-full e-flex e-con e-child\" data-id=\"4fe796fe\" data-element_type=\"container\" data-e-type=\"container\" data-settings=\"{&quot;background_background&quot;:&quot;classic&quot;}\">\n\t\t\t\t<\/div>\n\t\t\t\t\t<\/div>\n\t\t\t\t<\/div>\n\t\t<div class=\"elementor-element elementor-element-8907925 e-flex e-con-boxed e-con e-parent\" data-id=\"8907925\" data-element_type=\"container\" data-e-type=\"container\" data-settings=\"{&quot;background_background&quot;:&quot;classic&quot;}\">\n\t\t\t\t\t<div class=\"e-con-inner\">\n\t\t<div class=\"elementor-element elementor-element-7e2a8cce e-con-full e-flex e-con e-child\" data-id=\"7e2a8cce\" data-element_type=\"container\" data-e-type=\"container\">\n\t\t\t\t<div class=\"elementor-element elementor-element-4aac7609 elementor-invisible elementor-widget elementor-widget-image\" data-id=\"4aac7609\" data-element_type=\"widget\" data-e-type=\"widget\" data-settings=\"{&quot;_animation&quot;:&quot;fadeIn&quot;}\" data-widget_type=\"image.default\">\n\t\t\t\t<div class=\"elementor-widget-container\">\n\t\t\t\t\t\t\t\t\t\t\t\t\t\t\t<img decoding=\"async\" width=\"800\" height=\"551\" src=\"https:\/\/buddhaseedbank.com\/wp-content\/uploads\/2024\/04\/TECNICAS_BUDDHA6.jpg\" class=\"attachment-large size-large wp-image-5583\" alt=\"mejores semillas de cannabis\" srcset=\"https:\/\/buddhaseedbank.com\/wp-content\/uploads\/2024\/04\/TECNICAS_BUDDHA6.jpg 800w, https:\/\/buddhaseedbank.com\/wp-content\/uploads\/2024\/04\/TECNICAS_BUDDHA6-300x207.jpg 300w, https:\/\/buddhaseedbank.com\/wp-content\/uploads\/2024\/04\/TECNICAS_BUDDHA6-768x529.jpg 768w, https:\/\/buddhaseedbank.com\/wp-content\/uploads\/2024\/04\/TECNICAS_BUDDHA6-600x413.jpg 600w\" sizes=\"(max-width: 800px) 100vw, 800px\" \/>\t\t\t\t\t\t\t\t\t\t\t\t\t\t\t<\/div>\n\t\t\t\t<\/div>\n\t\t\t\t<div class=\"elementor-element elementor-element-53249df9 elementor-widget__width-auto elementor-absolute elementor-invisible elementor-widget elementor-widget-image\" data-id=\"53249df9\" data-element_type=\"widget\" data-e-type=\"widget\" data-settings=\"{&quot;_position&quot;:&quot;absolute&quot;,&quot;_animation&quot;:&quot;fadeIn&quot;,&quot;_animation_delay&quot;:200}\" data-widget_type=\"image.default\">\n\t\t\t\t<div class=\"elementor-widget-container\">\n\t\t\t\t\t\t\t\t\t\t\t\t\t\t\t<img decoding=\"async\" src=\"https:\/\/buddhaseedbank.com\/wp-content\/uploads\/2024\/04\/TECNICAS_BUDDHA5-1.jpg\" title=\"\" alt=\"\" loading=\"lazy\" \/>\t\t\t\t\t\t\t\t\t\t\t\t\t\t\t<\/div>\n\t\t\t\t<\/div>\n\t\t\t\t<\/div>\n\t\t<div class=\"elementor-element elementor-element-213ca6fc e-con-full e-flex e-con e-child\" data-id=\"213ca6fc\" data-element_type=\"container\" data-e-type=\"container\">\n\t\t\t\t<div class=\"elementor-element elementor-element-e196d0b elementor-widget elementor-widget-heading\" data-id=\"e196d0b\" data-element_type=\"widget\" data-e-type=\"widget\" data-widget_type=\"heading.default\">\n\t\t\t\t<div class=\"elementor-widget-container\">\n\t\t\t\t\t<h2 class=\"elementor-heading-title elementor-size-default\">L'innovation au service de la qualit\u00e9\n<\/h2>\t\t\t\t<\/div>\n\t\t\t\t<\/div>\n\t\t\t\t<div class=\"elementor-element elementor-element-317271e elementor-widget elementor-widget-text-editor\" data-id=\"317271e\" data-element_type=\"widget\" data-e-type=\"widget\" data-widget_type=\"text-editor.default\">\n\t\t\t\t<div class=\"elementor-widget-container\">\n\t\t\t\t\t\t\t\t\t<p>Chez Buddha Seeds, nous sommes fiers d&rsquo;avoir probablement le meilleur d\u00e9partement de recherche d&rsquo;Europe. L&rsquo;utilisation de techniques de pointe telles que la s\u00e9lection assist\u00e9e par des marqueurs g\u00e9n\u00e9tiques mol\u00e9culaires, l&rsquo;analyse des cannabino\u00efdes et des terp\u00e8nes par chromatographie en phase gazeuse avec d\u00e9tecteur \u00e0 ionisation de flamme, le d\u00e9veloppement, la propagation et le maintien de la g\u00e9n\u00e9tique in vitro et l&rsquo;obtention et la caract\u00e9risation d&rsquo;individus polyplo\u00efdes ont pour but d&rsquo;offrir au cultivateur de cannabis des individus ayant une grande vigueur v\u00e9g\u00e9tative et une teneur \u00e9lev\u00e9e en cannabino\u00efdes.<\/p>\n\t\t\t\t\t\t\t\t<\/div>\n\t\t\t\t<\/div>\n\t\t\t\t<\/div>\n\t\t\t\t\t<\/div>\n\t\t\t\t<\/div>\n\t\t\t\t<\/div>\n\t\t","protected":false},"excerpt":{"rendered":"<p>A propos de nous Buddha Seeds est une marque espagnole qui a plus de 15 ans d&rsquo;exp\u00e9rience dans le secteur du cannabis. Buddha Seeds concentre ses efforts sur l&rsquo;am\u00e9lioration g\u00e9n\u00e9tique afin de produire et de maintenir ses vari\u00e9t\u00e9s \u00e0 des positions tr\u00e8s \u00e9lev\u00e9es sur le march\u00e9. Derri\u00e8re chaque vari\u00e9t\u00e9 se cache un travail consid\u00e9rable de [&hellip;]<\/p>\n","protected":false},"author":1,"featured_media":0,"parent":0,"menu_order":0,"comment_status":"closed","ping_status":"closed","template":"elementor_header_footer","meta":{"_joinchat":[],"footnotes":""},"class_list":["post-6427","page","type-page","status-publish","hentry"],"yoast_head":"<!-- This site is optimized with the Yoast SEO plugin v27.3 - https:\/\/yoast.com\/product\/yoast-seo-wordpress\/ -->\n<title>meilleures graines de cannabis<\/title>\n<meta name=\"description\" content=\"Achetez des graines de cannabis de haute qualit\u00e9. Buddha Seeds est la meilleure banque de graines de cannabis autoflorissantes et photod\u00e9pendantes.\" \/>\n<meta name=\"robots\" content=\"index, follow, max-snippet:-1, max-image-preview:large, max-video-preview:-1\" \/>\n<link rel=\"canonical\" href=\"https:\/\/buddhaseedbank.com\/fr\/a-propos-de-nous\/\" \/>\n<meta property=\"og:locale\" content=\"fr_FR\" \/>\n<meta property=\"og:type\" content=\"article\" \/>\n<meta property=\"og:title\" content=\"meilleures graines de cannabis\" \/>\n<meta property=\"og:description\" content=\"Achetez des graines de cannabis de haute qualit\u00e9. Buddha Seeds est la meilleure banque de graines de cannabis autoflorissantes et photod\u00e9pendantes.\" \/>\n<meta property=\"og:url\" content=\"https:\/\/buddhaseedbank.com\/fr\/a-propos-de-nous\/\" \/>\n<meta property=\"og:site_name\" content=\"Buddha Seeds\" \/>\n<meta property=\"article:modified_time\" content=\"2025-04-29T14:59:21+00:00\" \/>\n<meta property=\"og:image\" content=\"https:\/\/buddhaseedbank.com\/wp-content\/uploads\/2024\/04\/TECNICAS_BUDDHA3.jpg\" \/>\n<meta name=\"twitter:card\" content=\"summary_large_image\" \/>\n<meta name=\"twitter:label1\" content=\"Dur\u00e9e de lecture estim\u00e9e\" \/>\n\t<meta name=\"twitter:data1\" content=\"3 minutes\" \/>\n<script type=\"application\/ld+json\" class=\"yoast-schema-graph\">{\"@context\":\"https:\\\/\\\/schema.org\",\"@graph\":[{\"@type\":\"WebPage\",\"@id\":\"https:\\\/\\\/buddhaseedbank.com\\\/fr\\\/a-propos-de-nous\\\/\",\"url\":\"https:\\\/\\\/buddhaseedbank.com\\\/fr\\\/a-propos-de-nous\\\/\",\"name\":\"meilleures graines de cannabis\",\"isPartOf\":{\"@id\":\"https:\\\/\\\/buddhaseedbank.com\\\/fr\\\/#website\"},\"primaryImageOfPage\":{\"@id\":\"https:\\\/\\\/buddhaseedbank.com\\\/fr\\\/a-propos-de-nous\\\/#primaryimage\"},\"image\":{\"@id\":\"https:\\\/\\\/buddhaseedbank.com\\\/fr\\\/a-propos-de-nous\\\/#primaryimage\"},\"thumbnailUrl\":\"https:\\\/\\\/buddhaseedbank.com\\\/wp-content\\\/uploads\\\/2024\\\/04\\\/TECNICAS_BUDDHA3.jpg\",\"datePublished\":\"2024-04-23T12:28:13+00:00\",\"dateModified\":\"2025-04-29T14:59:21+00:00\",\"description\":\"Achetez des graines de cannabis de haute qualit\u00e9. Buddha Seeds est la meilleure banque de graines de cannabis autoflorissantes et photod\u00e9pendantes.\",\"breadcrumb\":{\"@id\":\"https:\\\/\\\/buddhaseedbank.com\\\/fr\\\/a-propos-de-nous\\\/#breadcrumb\"},\"inLanguage\":\"fr-FR\",\"potentialAction\":[{\"@type\":\"ReadAction\",\"target\":[\"https:\\\/\\\/buddhaseedbank.com\\\/fr\\\/a-propos-de-nous\\\/\"]}]},{\"@type\":\"ImageObject\",\"inLanguage\":\"fr-FR\",\"@id\":\"https:\\\/\\\/buddhaseedbank.com\\\/fr\\\/a-propos-de-nous\\\/#primaryimage\",\"url\":\"https:\\\/\\\/buddhaseedbank.com\\\/wp-content\\\/uploads\\\/2024\\\/04\\\/TECNICAS_BUDDHA3.jpg\",\"contentUrl\":\"https:\\\/\\\/buddhaseedbank.com\\\/wp-content\\\/uploads\\\/2024\\\/04\\\/TECNICAS_BUDDHA3.jpg\"},{\"@type\":\"BreadcrumbList\",\"@id\":\"https:\\\/\\\/buddhaseedbank.com\\\/fr\\\/a-propos-de-nous\\\/#breadcrumb\",\"itemListElement\":[{\"@type\":\"ListItem\",\"position\":1,\"name\":\"Portada\",\"item\":\"https:\\\/\\\/buddhaseedbank.com\\\/fr\\\/\"},{\"@type\":\"ListItem\",\"position\":2,\"name\":\"A propos de nous\"}]},{\"@type\":\"WebSite\",\"@id\":\"https:\\\/\\\/buddhaseedbank.com\\\/fr\\\/#website\",\"url\":\"https:\\\/\\\/buddhaseedbank.com\\\/fr\\\/\",\"name\":\"Buddha Seeds\",\"description\":\"\",\"publisher\":{\"@id\":\"https:\\\/\\\/buddhaseedbank.com\\\/fr\\\/#organization\"},\"potentialAction\":[{\"@type\":\"SearchAction\",\"target\":{\"@type\":\"EntryPoint\",\"urlTemplate\":\"https:\\\/\\\/buddhaseedbank.com\\\/fr\\\/?s={search_term_string}\"},\"query-input\":{\"@type\":\"PropertyValueSpecification\",\"valueRequired\":true,\"valueName\":\"search_term_string\"}}],\"inLanguage\":\"fr-FR\"},{\"@type\":\"Organization\",\"@id\":\"https:\\\/\\\/buddhaseedbank.com\\\/fr\\\/#organization\",\"name\":\"Buddha Seeds\",\"url\":\"https:\\\/\\\/buddhaseedbank.com\\\/fr\\\/\",\"logo\":{\"@type\":\"ImageObject\",\"inLanguage\":\"fr-FR\",\"@id\":\"https:\\\/\\\/buddhaseedbank.com\\\/fr\\\/#\\\/schema\\\/logo\\\/image\\\/\",\"url\":\"https:\\\/\\\/buddhaseedbank.com\\\/wp-content\\\/uploads\\\/2024\\\/04\\\/buddha-seeds-logo-1622448424-1.png\",\"contentUrl\":\"https:\\\/\\\/buddhaseedbank.com\\\/wp-content\\\/uploads\\\/2024\\\/04\\\/buddha-seeds-logo-1622448424-1.png\",\"width\":478,\"height\":200,\"caption\":\"Buddha Seeds\"},\"image\":{\"@id\":\"https:\\\/\\\/buddhaseedbank.com\\\/fr\\\/#\\\/schema\\\/logo\\\/image\\\/\"}}]}<\/script>\n<!-- \/ Yoast SEO plugin. -->","yoast_head_json":{"title":"meilleures graines de cannabis","description":"Achetez des graines de cannabis de haute qualit\u00e9. Buddha Seeds est la meilleure banque de graines de cannabis autoflorissantes et photod\u00e9pendantes.","robots":{"index":"index","follow":"follow","max-snippet":"max-snippet:-1","max-image-preview":"max-image-preview:large","max-video-preview":"max-video-preview:-1"},"canonical":"https:\/\/buddhaseedbank.com\/fr\/a-propos-de-nous\/","og_locale":"fr_FR","og_type":"article","og_title":"meilleures graines de cannabis","og_description":"Achetez des graines de cannabis de haute qualit\u00e9. Buddha Seeds est la meilleure banque de graines de cannabis autoflorissantes et photod\u00e9pendantes.","og_url":"https:\/\/buddhaseedbank.com\/fr\/a-propos-de-nous\/","og_site_name":"Buddha Seeds","article_modified_time":"2025-04-29T14:59:21+00:00","og_image":[{"url":"https:\/\/buddhaseedbank.com\/wp-content\/uploads\/2024\/04\/TECNICAS_BUDDHA3.jpg","type":"","width":"","height":""}],"twitter_card":"summary_large_image","twitter_misc":{"Dur\u00e9e de lecture estim\u00e9e":"3 minutes"},"schema":{"@context":"https:\/\/schema.org","@graph":[{"@type":"WebPage","@id":"https:\/\/buddhaseedbank.com\/fr\/a-propos-de-nous\/","url":"https:\/\/buddhaseedbank.com\/fr\/a-propos-de-nous\/","name":"meilleures graines de cannabis","isPartOf":{"@id":"https:\/\/buddhaseedbank.com\/fr\/#website"},"primaryImageOfPage":{"@id":"https:\/\/buddhaseedbank.com\/fr\/a-propos-de-nous\/#primaryimage"},"image":{"@id":"https:\/\/buddhaseedbank.com\/fr\/a-propos-de-nous\/#primaryimage"},"thumbnailUrl":"https:\/\/buddhaseedbank.com\/wp-content\/uploads\/2024\/04\/TECNICAS_BUDDHA3.jpg","datePublished":"2024-04-23T12:28:13+00:00","dateModified":"2025-04-29T14:59:21+00:00","description":"Achetez des graines de cannabis de haute qualit\u00e9. Buddha Seeds est la meilleure banque de graines de cannabis autoflorissantes et photod\u00e9pendantes.","breadcrumb":{"@id":"https:\/\/buddhaseedbank.com\/fr\/a-propos-de-nous\/#breadcrumb"},"inLanguage":"fr-FR","potentialAction":[{"@type":"ReadAction","target":["https:\/\/buddhaseedbank.com\/fr\/a-propos-de-nous\/"]}]},{"@type":"ImageObject","inLanguage":"fr-FR","@id":"https:\/\/buddhaseedbank.com\/fr\/a-propos-de-nous\/#primaryimage","url":"https:\/\/buddhaseedbank.com\/wp-content\/uploads\/2024\/04\/TECNICAS_BUDDHA3.jpg","contentUrl":"https:\/\/buddhaseedbank.com\/wp-content\/uploads\/2024\/04\/TECNICAS_BUDDHA3.jpg"},{"@type":"BreadcrumbList","@id":"https:\/\/buddhaseedbank.com\/fr\/a-propos-de-nous\/#breadcrumb","itemListElement":[{"@type":"ListItem","position":1,"name":"Portada","item":"https:\/\/buddhaseedbank.com\/fr\/"},{"@type":"ListItem","position":2,"name":"A propos de nous"}]},{"@type":"WebSite","@id":"https:\/\/buddhaseedbank.com\/fr\/#website","url":"https:\/\/buddhaseedbank.com\/fr\/","name":"Buddha Seeds","description":"","publisher":{"@id":"https:\/\/buddhaseedbank.com\/fr\/#organization"},"potentialAction":[{"@type":"SearchAction","target":{"@type":"EntryPoint","urlTemplate":"https:\/\/buddhaseedbank.com\/fr\/?s={search_term_string}"},"query-input":{"@type":"PropertyValueSpecification","valueRequired":true,"valueName":"search_term_string"}}],"inLanguage":"fr-FR"},{"@type":"Organization","@id":"https:\/\/buddhaseedbank.com\/fr\/#organization","name":"Buddha Seeds","url":"https:\/\/buddhaseedbank.com\/fr\/","logo":{"@type":"ImageObject","inLanguage":"fr-FR","@id":"https:\/\/buddhaseedbank.com\/fr\/#\/schema\/logo\/image\/","url":"https:\/\/buddhaseedbank.com\/wp-content\/uploads\/2024\/04\/buddha-seeds-logo-1622448424-1.png","contentUrl":"https:\/\/buddhaseedbank.com\/wp-content\/uploads\/2024\/04\/buddha-seeds-logo-1622448424-1.png","width":478,"height":200,"caption":"Buddha Seeds"},"image":{"@id":"https:\/\/buddhaseedbank.com\/fr\/#\/schema\/logo\/image\/"}}]}},"_links":{"self":[{"href":"https:\/\/buddhaseedbank.com\/fr\/wp-json\/wp\/v2\/pages\/6427","targetHints":{"allow":["GET"]}}],"collection":[{"href":"https:\/\/buddhaseedbank.com\/fr\/wp-json\/wp\/v2\/pages"}],"about":[{"href":"https:\/\/buddhaseedbank.com\/fr\/wp-json\/wp\/v2\/types\/page"}],"author":[{"embeddable":true,"href":"https:\/\/buddhaseedbank.com\/fr\/wp-json\/wp\/v2\/users\/1"}],"replies":[{"embeddable":true,"href":"https:\/\/buddhaseedbank.com\/fr\/wp-json\/wp\/v2\/comments?post=6427"}],"version-history":[{"count":5,"href":"https:\/\/buddhaseedbank.com\/fr\/wp-json\/wp\/v2\/pages\/6427\/revisions"}],"predecessor-version":[{"id":11893,"href":"https:\/\/buddhaseedbank.com\/fr\/wp-json\/wp\/v2\/pages\/6427\/revisions\/11893"}],"wp:attachment":[{"href":"https:\/\/buddhaseedbank.com\/fr\/wp-json\/wp\/v2\/media?parent=6427"}],"curies":[{"name":"wp","href":"https:\/\/api.w.org\/{rel}","templated":true}]}}