{"id":7327,"date":"2024-06-13T17:13:20","date_gmt":"2024-06-13T15:13:20","guid":{"rendered":"https:\/\/buddhaseedbank.com\/professionnels\/"},"modified":"2025-05-20T17:49:29","modified_gmt":"2025-05-20T15:49:29","slug":"professionnels","status":"publish","type":"page","link":"https:\/\/buddhaseedbank.com\/fr\/professionnels\/","title":{"rendered":"Professionnels"},"content":{"rendered":"\r\n<p>Notre boutique en ligne est orient\u00e9e vers la vente exclusive aux particuliers.<\/p>\r\n\r\n\r\n\r\n<p>Si vous \u00eates un magasin ou un professionnel du secteur et que vous \u00eates int\u00e9ress\u00e9 par l&rsquo;acquisition de nos semences, nous vous invitons \u00e0 nous contacter directement.<\/p>\r\n\r\n\r\n\r\n<p>Nous serons heureux de vous proposer des conditions sp\u00e9ciales et des conseils personnalis\u00e9s pour r\u00e9pondre \u00e0 vos besoins sp\u00e9cifiques.<\/p>\r\n\r\n\r\n\r\n<h2 class=\"wp-block-heading\"><strong>Contact :<\/strong><\/h2>\r\n\r\n\r\n\r\n<p>Notre service client\u00e8le est \u00e0 votre disposition pour vous fournir toutes les informations dont vous avez besoin et pour faciliter le processus d&rsquo;achat.<\/p>\r\n\r\n\r\n\r\n<p>Nous vous remercions de l&rsquo;int\u00e9r\u00eat que vous portez \u00e0 nos produits et de la confiance que vous accordez \u00e0 notre expertise.<\/p>\r\n\r\n\r\n\r\n<div class=\"wp-block-spacer\" style=\"height: 100px;\" aria-hidden=\"true\">\u00a0<\/div>\r\n","protected":false},"excerpt":{"rendered":"<p>Notre boutique en ligne est orient\u00e9e vers la vente exclusive aux particuliers. Si vous \u00eates un magasin ou un professionnel du secteur et que vous \u00eates int\u00e9ress\u00e9 par l&rsquo;acquisition de nos semences, nous vous invitons \u00e0 nous contacter directement. Nous serons heureux de vous proposer des conditions sp\u00e9ciales et des conseils personnalis\u00e9s pour r\u00e9pondre \u00e0 [&hellip;]<\/p>\n","protected":false},"author":1,"featured_media":0,"parent":0,"menu_order":0,"comment_status":"closed","ping_status":"closed","template":"","meta":{"_joinchat":[],"footnotes":""},"class_list":["post-7327","page","type-page","status-publish","hentry"],"yoast_head":"<!-- This site is optimized with the Yoast SEO plugin v27.3 - https:\/\/yoast.com\/product\/yoast-seo-wordpress\/ -->\n<title>graines de cannabis pour grow shops<\/title>\n<meta name=\"description\" content=\"Si vous \u00eates un grow shop \u00e0 la recherche des meilleures autoflorissantes et photod\u00e9pendantes, vous avez atterri dans la meilleure banque\" \/>\n<meta name=\"robots\" content=\"index, follow, max-snippet:-1, max-image-preview:large, max-video-preview:-1\" \/>\n<link rel=\"canonical\" href=\"https:\/\/buddhaseedbank.com\/fr\/professionnels\/\" \/>\n<meta property=\"og:locale\" content=\"fr_FR\" \/>\n<meta property=\"og:type\" content=\"article\" \/>\n<meta property=\"og:title\" content=\"graines de cannabis pour grow shops\" \/>\n<meta property=\"og:description\" content=\"Si vous \u00eates un grow shop \u00e0 la recherche des meilleures autoflorissantes et photod\u00e9pendantes, vous avez atterri dans la meilleure banque\" \/>\n<meta property=\"og:url\" content=\"https:\/\/buddhaseedbank.com\/fr\/professionnels\/\" \/>\n<meta property=\"og:site_name\" content=\"Buddha Seeds\" \/>\n<meta property=\"article:modified_time\" content=\"2025-05-20T15:49:29+00:00\" \/>\n<meta name=\"twitter:card\" content=\"summary_large_image\" \/>\n<meta name=\"twitter:label1\" content=\"Dur\u00e9e de lecture estim\u00e9e\" \/>\n\t<meta name=\"twitter:data1\" content=\"1 minute\" \/>\n<script type=\"application\/ld+json\" class=\"yoast-schema-graph\">{\"@context\":\"https:\\\/\\\/schema.org\",\"@graph\":[{\"@type\":\"WebPage\",\"@id\":\"https:\\\/\\\/buddhaseedbank.com\\\/fr\\\/professionnels\\\/\",\"url\":\"https:\\\/\\\/buddhaseedbank.com\\\/fr\\\/professionnels\\\/\",\"name\":\"graines de cannabis pour grow shops\",\"isPartOf\":{\"@id\":\"https:\\\/\\\/buddhaseedbank.com\\\/fr\\\/#website\"},\"datePublished\":\"2024-06-13T15:13:20+00:00\",\"dateModified\":\"2025-05-20T15:49:29+00:00\",\"description\":\"Si vous \u00eates un grow shop \u00e0 la recherche des meilleures autoflorissantes et photod\u00e9pendantes, vous avez atterri dans la meilleure banque\",\"breadcrumb\":{\"@id\":\"https:\\\/\\\/buddhaseedbank.com\\\/fr\\\/professionnels\\\/#breadcrumb\"},\"inLanguage\":\"fr-FR\",\"potentialAction\":[{\"@type\":\"ReadAction\",\"target\":[\"https:\\\/\\\/buddhaseedbank.com\\\/fr\\\/professionnels\\\/\"]}]},{\"@type\":\"BreadcrumbList\",\"@id\":\"https:\\\/\\\/buddhaseedbank.com\\\/fr\\\/professionnels\\\/#breadcrumb\",\"itemListElement\":[{\"@type\":\"ListItem\",\"position\":1,\"name\":\"Portada\",\"item\":\"https:\\\/\\\/buddhaseedbank.com\\\/fr\\\/\"},{\"@type\":\"ListItem\",\"position\":2,\"name\":\"Professionnels\"}]},{\"@type\":\"WebSite\",\"@id\":\"https:\\\/\\\/buddhaseedbank.com\\\/fr\\\/#website\",\"url\":\"https:\\\/\\\/buddhaseedbank.com\\\/fr\\\/\",\"name\":\"Buddha Seeds\",\"description\":\"\",\"publisher\":{\"@id\":\"https:\\\/\\\/buddhaseedbank.com\\\/fr\\\/#organization\"},\"potentialAction\":[{\"@type\":\"SearchAction\",\"target\":{\"@type\":\"EntryPoint\",\"urlTemplate\":\"https:\\\/\\\/buddhaseedbank.com\\\/fr\\\/?s={search_term_string}\"},\"query-input\":{\"@type\":\"PropertyValueSpecification\",\"valueRequired\":true,\"valueName\":\"search_term_string\"}}],\"inLanguage\":\"fr-FR\"},{\"@type\":\"Organization\",\"@id\":\"https:\\\/\\\/buddhaseedbank.com\\\/fr\\\/#organization\",\"name\":\"Buddha Seeds\",\"url\":\"https:\\\/\\\/buddhaseedbank.com\\\/fr\\\/\",\"logo\":{\"@type\":\"ImageObject\",\"inLanguage\":\"fr-FR\",\"@id\":\"https:\\\/\\\/buddhaseedbank.com\\\/fr\\\/#\\\/schema\\\/logo\\\/image\\\/\",\"url\":\"https:\\\/\\\/buddhaseedbank.com\\\/wp-content\\\/uploads\\\/2024\\\/04\\\/buddha-seeds-logo-1622448424-1.png\",\"contentUrl\":\"https:\\\/\\\/buddhaseedbank.com\\\/wp-content\\\/uploads\\\/2024\\\/04\\\/buddha-seeds-logo-1622448424-1.png\",\"width\":478,\"height\":200,\"caption\":\"Buddha Seeds\"},\"image\":{\"@id\":\"https:\\\/\\\/buddhaseedbank.com\\\/fr\\\/#\\\/schema\\\/logo\\\/image\\\/\"}}]}<\/script>\n<!-- \/ Yoast SEO plugin. -->","yoast_head_json":{"title":"graines de cannabis pour grow shops","description":"Si vous \u00eates un grow shop \u00e0 la recherche des meilleures autoflorissantes et photod\u00e9pendantes, vous avez atterri dans la meilleure banque","robots":{"index":"index","follow":"follow","max-snippet":"max-snippet:-1","max-image-preview":"max-image-preview:large","max-video-preview":"max-video-preview:-1"},"canonical":"https:\/\/buddhaseedbank.com\/fr\/professionnels\/","og_locale":"fr_FR","og_type":"article","og_title":"graines de cannabis pour grow shops","og_description":"Si vous \u00eates un grow shop \u00e0 la recherche des meilleures autoflorissantes et photod\u00e9pendantes, vous avez atterri dans la meilleure banque","og_url":"https:\/\/buddhaseedbank.com\/fr\/professionnels\/","og_site_name":"Buddha Seeds","article_modified_time":"2025-05-20T15:49:29+00:00","twitter_card":"summary_large_image","twitter_misc":{"Dur\u00e9e de lecture estim\u00e9e":"1 minute"},"schema":{"@context":"https:\/\/schema.org","@graph":[{"@type":"WebPage","@id":"https:\/\/buddhaseedbank.com\/fr\/professionnels\/","url":"https:\/\/buddhaseedbank.com\/fr\/professionnels\/","name":"graines de cannabis pour grow shops","isPartOf":{"@id":"https:\/\/buddhaseedbank.com\/fr\/#website"},"datePublished":"2024-06-13T15:13:20+00:00","dateModified":"2025-05-20T15:49:29+00:00","description":"Si vous \u00eates un grow shop \u00e0 la recherche des meilleures autoflorissantes et photod\u00e9pendantes, vous avez atterri dans la meilleure banque","breadcrumb":{"@id":"https:\/\/buddhaseedbank.com\/fr\/professionnels\/#breadcrumb"},"inLanguage":"fr-FR","potentialAction":[{"@type":"ReadAction","target":["https:\/\/buddhaseedbank.com\/fr\/professionnels\/"]}]},{"@type":"BreadcrumbList","@id":"https:\/\/buddhaseedbank.com\/fr\/professionnels\/#breadcrumb","itemListElement":[{"@type":"ListItem","position":1,"name":"Portada","item":"https:\/\/buddhaseedbank.com\/fr\/"},{"@type":"ListItem","position":2,"name":"Professionnels"}]},{"@type":"WebSite","@id":"https:\/\/buddhaseedbank.com\/fr\/#website","url":"https:\/\/buddhaseedbank.com\/fr\/","name":"Buddha Seeds","description":"","publisher":{"@id":"https:\/\/buddhaseedbank.com\/fr\/#organization"},"potentialAction":[{"@type":"SearchAction","target":{"@type":"EntryPoint","urlTemplate":"https:\/\/buddhaseedbank.com\/fr\/?s={search_term_string}"},"query-input":{"@type":"PropertyValueSpecification","valueRequired":true,"valueName":"search_term_string"}}],"inLanguage":"fr-FR"},{"@type":"Organization","@id":"https:\/\/buddhaseedbank.com\/fr\/#organization","name":"Buddha Seeds","url":"https:\/\/buddhaseedbank.com\/fr\/","logo":{"@type":"ImageObject","inLanguage":"fr-FR","@id":"https:\/\/buddhaseedbank.com\/fr\/#\/schema\/logo\/image\/","url":"https:\/\/buddhaseedbank.com\/wp-content\/uploads\/2024\/04\/buddha-seeds-logo-1622448424-1.png","contentUrl":"https:\/\/buddhaseedbank.com\/wp-content\/uploads\/2024\/04\/buddha-seeds-logo-1622448424-1.png","width":478,"height":200,"caption":"Buddha Seeds"},"image":{"@id":"https:\/\/buddhaseedbank.com\/fr\/#\/schema\/logo\/image\/"}}]}},"_links":{"self":[{"href":"https:\/\/buddhaseedbank.com\/fr\/wp-json\/wp\/v2\/pages\/7327","targetHints":{"allow":["GET"]}}],"collection":[{"href":"https:\/\/buddhaseedbank.com\/fr\/wp-json\/wp\/v2\/pages"}],"about":[{"href":"https:\/\/buddhaseedbank.com\/fr\/wp-json\/wp\/v2\/types\/page"}],"author":[{"embeddable":true,"href":"https:\/\/buddhaseedbank.com\/fr\/wp-json\/wp\/v2\/users\/1"}],"replies":[{"embeddable":true,"href":"https:\/\/buddhaseedbank.com\/fr\/wp-json\/wp\/v2\/comments?post=7327"}],"version-history":[{"count":2,"href":"https:\/\/buddhaseedbank.com\/fr\/wp-json\/wp\/v2\/pages\/7327\/revisions"}],"predecessor-version":[{"id":11842,"href":"https:\/\/buddhaseedbank.com\/fr\/wp-json\/wp\/v2\/pages\/7327\/revisions\/11842"}],"wp:attachment":[{"href":"https:\/\/buddhaseedbank.com\/fr\/wp-json\/wp\/v2\/media?parent=7327"}],"curies":[{"name":"wp","href":"https:\/\/api.w.org\/{rel}","templated":true}]}}