{"id":3744,"date":"2020-11-30T17:38:13","date_gmt":"2020-11-30T16:38:13","guid":{"rendered":"https:\/\/buddhaseedbank.com\/producto\/buddha-quasar-2\/"},"modified":"2020-11-30T17:38:13","modified_gmt":"2020-11-30T16:38:13","slug":"buddha-quasar-2","status":"publish","type":"product","link":"https:\/\/buddhaseedbank.com\/fr\/producto\/buddha-quasar-2\/","title":{"rendered":"Buddha Quasar"},"content":{"rendered":"<p style=\"text-align:justify;\">Quasar fait partie d\u00b4une pur indique te dative r\u00e9trocrois\u00e9es et qui joind le meilleur des deux variet\u00e9s pour atteindre un bon hybride. La croissance est tr\u00e8s vigoureuse se qui r\u00e9duit le temps de cultura en int\u00e9rieur et obtener des belles plantes a l\u00b4ext\u00e9rieur.<\/p>\n<p style=\"text-align:justify;\">D\u00b4une structure solide qui supporte le poids d\u00b4un dur et compact bourgeon semblent pr\u00e9ss\u00e9, d\u00b4une puissance \u00e9tonnante avec des tendance euphorique sans inquietude.<\/p>\n<p style=\"text-align:justify;\">Avec Quasar nous croillons avoir trouver le parfait \u00e9quilibre entre indique et sative autant pour les sybarites pour sa qualit\u00e9 comme pour le producteur comercial pour sa production.<\/p>\n<p><a style=\"background-color:#ff0000;color:#ffffff;\" href=\"https:\/\/www.youtube.com\/watch?v=cWgN9uTm8NM\" class=\"btn btn-default\" target=\"_blank\" rel=\"noreferrer noopener nofollow\">YouTube \u25ba<\/a><\/p>\n","protected":false},"excerpt":{"rendered":"<p style=\"text-align:justify;\">D\u00b4une structure solide qui supporte le poids d\u00b4un dur et compact bourgeon semblent pr\u00e9ss\u00e9, d\u00b4une puissance \u00e9tonnante avec des tendance euphorique sans inquietude.<\/p>\n","protected":false},"featured_media":8487,"template":"","meta":{"_joinchat":[]},"product_brand":[],"product_cat":[636,111],"product_tag":[1394,1427,1454,1479,1520],"class_list":{"0":"post-3744","1":"product","2":"type-product","3":"status-publish","4":"has-post-thumbnail","6":"product_cat-original-buddha-seeds-fr","7":"product_cat-varietes-buddha-seeds","8":"product_tag-cannabis-effet-puissant","9":"product_tag-cannabis-indica-fr","10":"product_tag-cannabis-resistant-aux-parasites","11":"product_tag-graines-photodependantes","12":"product_tag-marijuana-productive","13":"pa_efecto-5f-tendenciaeuforicasinnervi-fr","14":"pa_fa-produccionenexteriorporpl-15_2kg-fr","15":"pa_genetica-hibrida-fr","16":"pa_mesdecosecha-61-finalesdeseptiembrehemisf-fr","17":"pa_produccionm-450_600gr-fr","18":"pa_semillas-10unidades-fr","19":"pa_semillas-3unidades-fr","20":"pa_semillas-50unidades-fr","21":"pa_sexo-feminizada-fr","22":"pa_tiempodefloracion-75dias-fr","23":"pa_tipo-photodependant-fr","25":"first","26":"instock","27":"taxable","28":"shipping-taxable","29":"purchasable","30":"product-type-variable"},"yoast_head":"<!-- This site is optimized with the Yoast SEO plugin v27.3 - https:\/\/yoast.com\/product\/yoast-seo-wordpress\/ -->\n<title>Buddha Quasar \u2022 Buddha Seeds<\/title>\n<meta name=\"robots\" content=\"index, follow, max-snippet:-1, max-image-preview:large, max-video-preview:-1\" \/>\n<link rel=\"canonical\" href=\"https:\/\/buddhaseedbank.com\/fr\/producto\/buddha-quasar-2\/\" \/>\n<meta property=\"og:locale\" content=\"fr_FR\" \/>\n<meta property=\"og:type\" content=\"article\" \/>\n<meta property=\"og:title\" content=\"Buddha Quasar \u2022 Buddha Seeds\" \/>\n<meta property=\"og:description\" content=\"D\u00b4une structure solide qui supporte le poids d\u00b4un dur et compact bourgeon semblent pr\u00e9ss\u00e9, d\u00b4une puissance \u00e9tonnante avec des tendance euphorique sans inquietude.\" \/>\n<meta property=\"og:url\" content=\"https:\/\/buddhaseedbank.com\/fr\/producto\/buddha-quasar-2\/\" \/>\n<meta property=\"og:site_name\" content=\"Buddha Seeds\" \/>\n<meta property=\"og:image\" content=\"https:\/\/buddhaseedbank.com\/wp-content\/uploads\/2020\/11\/166-Buddha-Quasar.jpg\" \/>\n\t<meta property=\"og:image:width\" content=\"1080\" \/>\n\t<meta property=\"og:image:height\" content=\"1080\" \/>\n\t<meta property=\"og:image:type\" content=\"image\/jpeg\" \/>\n<meta name=\"twitter:card\" content=\"summary_large_image\" \/>\n<meta name=\"twitter:label1\" content=\"Dur\u00e9e de lecture estim\u00e9e\" \/>\n\t<meta name=\"twitter:data1\" content=\"1 minute\" \/>\n<script type=\"application\/ld+json\" class=\"yoast-schema-graph\">{\"@context\":\"https:\\\/\\\/schema.org\",\"@graph\":[{\"@type\":\"WebPage\",\"@id\":\"https:\\\/\\\/buddhaseedbank.com\\\/fr\\\/producto\\\/buddha-quasar-2\\\/\",\"url\":\"https:\\\/\\\/buddhaseedbank.com\\\/fr\\\/producto\\\/buddha-quasar-2\\\/\",\"name\":\"Buddha Quasar \u2022 Buddha Seeds\",\"isPartOf\":{\"@id\":\"https:\\\/\\\/buddhaseedbank.com\\\/fr\\\/#website\"},\"primaryImageOfPage\":{\"@id\":\"https:\\\/\\\/buddhaseedbank.com\\\/fr\\\/producto\\\/buddha-quasar-2\\\/#primaryimage\"},\"image\":{\"@id\":\"https:\\\/\\\/buddhaseedbank.com\\\/fr\\\/producto\\\/buddha-quasar-2\\\/#primaryimage\"},\"thumbnailUrl\":\"https:\\\/\\\/buddhaseedbank.com\\\/wp-content\\\/uploads\\\/2020\\\/11\\\/Quasar_Buddhaseeds_01.jpg\",\"datePublished\":\"2020-11-30T16:38:13+00:00\",\"breadcrumb\":{\"@id\":\"https:\\\/\\\/buddhaseedbank.com\\\/fr\\\/producto\\\/buddha-quasar-2\\\/#breadcrumb\"},\"inLanguage\":\"fr-FR\",\"potentialAction\":[{\"@type\":\"ReadAction\",\"target\":[\"https:\\\/\\\/buddhaseedbank.com\\\/fr\\\/producto\\\/buddha-quasar-2\\\/\"]}]},{\"@type\":\"ImageObject\",\"inLanguage\":\"fr-FR\",\"@id\":\"https:\\\/\\\/buddhaseedbank.com\\\/fr\\\/producto\\\/buddha-quasar-2\\\/#primaryimage\",\"url\":\"https:\\\/\\\/buddhaseedbank.com\\\/wp-content\\\/uploads\\\/2020\\\/11\\\/Quasar_Buddhaseeds_01.jpg\",\"contentUrl\":\"https:\\\/\\\/buddhaseedbank.com\\\/wp-content\\\/uploads\\\/2020\\\/11\\\/Quasar_Buddhaseeds_01.jpg\",\"width\":900,\"height\":900,\"caption\":\"Quasar_Buddhaseeds\"},{\"@type\":\"BreadcrumbList\",\"@id\":\"https:\\\/\\\/buddhaseedbank.com\\\/fr\\\/producto\\\/buddha-quasar-2\\\/#breadcrumb\",\"itemListElement\":[{\"@type\":\"ListItem\",\"position\":1,\"name\":\"Portada\",\"item\":\"https:\\\/\\\/buddhaseedbank.com\\\/fr\\\/\"},{\"@type\":\"ListItem\",\"position\":2,\"name\":\"Boutique\",\"item\":\"https:\\\/\\\/buddhaseedbank.com\\\/fr\\\/boutique\\\/\"},{\"@type\":\"ListItem\",\"position\":3,\"name\":\"Buddha Quasar\"}]},{\"@type\":\"WebSite\",\"@id\":\"https:\\\/\\\/buddhaseedbank.com\\\/fr\\\/#website\",\"url\":\"https:\\\/\\\/buddhaseedbank.com\\\/fr\\\/\",\"name\":\"Buddha Seeds\",\"description\":\"\",\"publisher\":{\"@id\":\"https:\\\/\\\/buddhaseedbank.com\\\/fr\\\/#organization\"},\"potentialAction\":[{\"@type\":\"SearchAction\",\"target\":{\"@type\":\"EntryPoint\",\"urlTemplate\":\"https:\\\/\\\/buddhaseedbank.com\\\/fr\\\/?s={search_term_string}\"},\"query-input\":{\"@type\":\"PropertyValueSpecification\",\"valueRequired\":true,\"valueName\":\"search_term_string\"}}],\"inLanguage\":\"fr-FR\"},{\"@type\":\"Organization\",\"@id\":\"https:\\\/\\\/buddhaseedbank.com\\\/fr\\\/#organization\",\"name\":\"Buddha Seeds\",\"url\":\"https:\\\/\\\/buddhaseedbank.com\\\/fr\\\/\",\"logo\":{\"@type\":\"ImageObject\",\"inLanguage\":\"fr-FR\",\"@id\":\"https:\\\/\\\/buddhaseedbank.com\\\/fr\\\/#\\\/schema\\\/logo\\\/image\\\/\",\"url\":\"https:\\\/\\\/buddhaseedbank.com\\\/wp-content\\\/uploads\\\/2024\\\/04\\\/buddha-seeds-logo-1622448424-1.png\",\"contentUrl\":\"https:\\\/\\\/buddhaseedbank.com\\\/wp-content\\\/uploads\\\/2024\\\/04\\\/buddha-seeds-logo-1622448424-1.png\",\"width\":478,\"height\":200,\"caption\":\"Buddha Seeds\"},\"image\":{\"@id\":\"https:\\\/\\\/buddhaseedbank.com\\\/fr\\\/#\\\/schema\\\/logo\\\/image\\\/\"}}]}<\/script>\n<!-- \/ Yoast SEO plugin. -->","yoast_head_json":{"title":"Buddha Quasar \u2022 Buddha Seeds","robots":{"index":"index","follow":"follow","max-snippet":"max-snippet:-1","max-image-preview":"max-image-preview:large","max-video-preview":"max-video-preview:-1"},"canonical":"https:\/\/buddhaseedbank.com\/fr\/producto\/buddha-quasar-2\/","og_locale":"fr_FR","og_type":"article","og_title":"Buddha Quasar \u2022 Buddha Seeds","og_description":"D\u00b4une structure solide qui supporte le poids d\u00b4un dur et compact bourgeon semblent pr\u00e9ss\u00e9, d\u00b4une puissance \u00e9tonnante avec des tendance euphorique sans inquietude.","og_url":"https:\/\/buddhaseedbank.com\/fr\/producto\/buddha-quasar-2\/","og_site_name":"Buddha Seeds","og_image":[{"width":1080,"height":1080,"url":"https:\/\/buddhaseedbank.com\/wp-content\/uploads\/2020\/11\/166-Buddha-Quasar.jpg","type":"image\/jpeg"}],"twitter_card":"summary_large_image","twitter_misc":{"Dur\u00e9e de lecture estim\u00e9e":"1 minute"},"schema":{"@context":"https:\/\/schema.org","@graph":[{"@type":"WebPage","@id":"https:\/\/buddhaseedbank.com\/fr\/producto\/buddha-quasar-2\/","url":"https:\/\/buddhaseedbank.com\/fr\/producto\/buddha-quasar-2\/","name":"Buddha Quasar \u2022 Buddha Seeds","isPartOf":{"@id":"https:\/\/buddhaseedbank.com\/fr\/#website"},"primaryImageOfPage":{"@id":"https:\/\/buddhaseedbank.com\/fr\/producto\/buddha-quasar-2\/#primaryimage"},"image":{"@id":"https:\/\/buddhaseedbank.com\/fr\/producto\/buddha-quasar-2\/#primaryimage"},"thumbnailUrl":"https:\/\/buddhaseedbank.com\/wp-content\/uploads\/2020\/11\/Quasar_Buddhaseeds_01.jpg","datePublished":"2020-11-30T16:38:13+00:00","breadcrumb":{"@id":"https:\/\/buddhaseedbank.com\/fr\/producto\/buddha-quasar-2\/#breadcrumb"},"inLanguage":"fr-FR","potentialAction":[{"@type":"ReadAction","target":["https:\/\/buddhaseedbank.com\/fr\/producto\/buddha-quasar-2\/"]}]},{"@type":"ImageObject","inLanguage":"fr-FR","@id":"https:\/\/buddhaseedbank.com\/fr\/producto\/buddha-quasar-2\/#primaryimage","url":"https:\/\/buddhaseedbank.com\/wp-content\/uploads\/2020\/11\/Quasar_Buddhaseeds_01.jpg","contentUrl":"https:\/\/buddhaseedbank.com\/wp-content\/uploads\/2020\/11\/Quasar_Buddhaseeds_01.jpg","width":900,"height":900,"caption":"Quasar_Buddhaseeds"},{"@type":"BreadcrumbList","@id":"https:\/\/buddhaseedbank.com\/fr\/producto\/buddha-quasar-2\/#breadcrumb","itemListElement":[{"@type":"ListItem","position":1,"name":"Portada","item":"https:\/\/buddhaseedbank.com\/fr\/"},{"@type":"ListItem","position":2,"name":"Boutique","item":"https:\/\/buddhaseedbank.com\/fr\/boutique\/"},{"@type":"ListItem","position":3,"name":"Buddha Quasar"}]},{"@type":"WebSite","@id":"https:\/\/buddhaseedbank.com\/fr\/#website","url":"https:\/\/buddhaseedbank.com\/fr\/","name":"Buddha Seeds","description":"","publisher":{"@id":"https:\/\/buddhaseedbank.com\/fr\/#organization"},"potentialAction":[{"@type":"SearchAction","target":{"@type":"EntryPoint","urlTemplate":"https:\/\/buddhaseedbank.com\/fr\/?s={search_term_string}"},"query-input":{"@type":"PropertyValueSpecification","valueRequired":true,"valueName":"search_term_string"}}],"inLanguage":"fr-FR"},{"@type":"Organization","@id":"https:\/\/buddhaseedbank.com\/fr\/#organization","name":"Buddha Seeds","url":"https:\/\/buddhaseedbank.com\/fr\/","logo":{"@type":"ImageObject","inLanguage":"fr-FR","@id":"https:\/\/buddhaseedbank.com\/fr\/#\/schema\/logo\/image\/","url":"https:\/\/buddhaseedbank.com\/wp-content\/uploads\/2024\/04\/buddha-seeds-logo-1622448424-1.png","contentUrl":"https:\/\/buddhaseedbank.com\/wp-content\/uploads\/2024\/04\/buddha-seeds-logo-1622448424-1.png","width":478,"height":200,"caption":"Buddha Seeds"},"image":{"@id":"https:\/\/buddhaseedbank.com\/fr\/#\/schema\/logo\/image\/"}}]}},"_links":{"self":[{"href":"https:\/\/buddhaseedbank.com\/fr\/wp-json\/wp\/v2\/product\/3744","targetHints":{"allow":["GET"]}}],"collection":[{"href":"https:\/\/buddhaseedbank.com\/fr\/wp-json\/wp\/v2\/product"}],"about":[{"href":"https:\/\/buddhaseedbank.com\/fr\/wp-json\/wp\/v2\/types\/product"}],"wp:featuredmedia":[{"embeddable":true,"href":"https:\/\/buddhaseedbank.com\/fr\/wp-json\/wp\/v2\/media\/8487"}],"wp:attachment":[{"href":"https:\/\/buddhaseedbank.com\/fr\/wp-json\/wp\/v2\/media?parent=3744"}],"wp:term":[{"taxonomy":"product_brand","embeddable":true,"href":"https:\/\/buddhaseedbank.com\/fr\/wp-json\/wp\/v2\/product_brand?post=3744"},{"taxonomy":"product_cat","embeddable":true,"href":"https:\/\/buddhaseedbank.com\/fr\/wp-json\/wp\/v2\/product_cat?post=3744"},{"taxonomy":"product_tag","embeddable":true,"href":"https:\/\/buddhaseedbank.com\/fr\/wp-json\/wp\/v2\/product_tag?post=3744"}],"curies":[{"name":"wp","href":"https:\/\/api.w.org\/{rel}","templated":true}]}}