{"id":3784,"date":"2020-12-01T10:14:30","date_gmt":"2020-12-01T09:14:30","guid":{"rendered":"https:\/\/buddhaseedbank.com\/producto\/buddha-magnum-auto\/"},"modified":"2026-03-25T16:52:38","modified_gmt":"2026-03-25T15:52:38","slug":"buddha-magnum-auto","status":"publish","type":"product","link":"https:\/\/buddhaseedbank.com\/fr\/producto\/buddha-magnum-auto\/","title":{"rendered":"Magnum Auto"},"content":{"rendered":"<h2>Magnum auto, la vari\u00e9t\u00e9 productive \u00e0 autofloraison de Buddha Seeds<\/h2>\n<p>Magnum auto de Buddha Seeds est l&rsquo;une des graines de cannabis \u00e0 autofloraison les plus remarquables du march\u00e9 automatique. Magnum auto est un hybride \u00e0 trois voies, r\u00e9sultat du croisement de vari\u00e9t\u00e9s \u00e0 autofloraison \u00e0 croissance rapide, vigoureuse et \u00e0 ramifications multiples. Au stade de la floraison, cette vari\u00e9t\u00e9 \u00e9clate avec des t\u00eates denses et couvertes de r\u00e9sine, ce qui en fait l&rsquo;un des meilleurs choix pour ceux qui recherchent la productivit\u00e9 et la qualit\u00e9.<\/p>\n<p>Le cycle de croissance complet de la Magnum auto dure environ 85 jours. En int\u00e9rieur, elle peut produire entre 550 et 600 grammes par m\u00e8tre carr\u00e9, tandis qu&rsquo;en ext\u00e9rieur, chaque plante peut produire entre 100 et 250 grammes, en fonction des conditions de croissance. La Magnum auto se distingue des graines de marijuana \u00e0 autofloraison productives par sa grande taille, qui peut repr\u00e9senter un d\u00e9fi en int\u00e9rieur. Pour cette raison, il n&rsquo;est pas recommand\u00e9 de la cultiver dans de grands pots en int\u00e9rieur, car elle peut atteindre une taille consid\u00e9rable. Pour ceux qui souhaitent mieux la contr\u00f4ler dans les petits espaces, il est pr\u00e9f\u00e9rable d&rsquo;utiliser de petits conteneurs ou des transplantations tardives, ce qui permet de g\u00e9rer sa hauteur et sa vigueur.<\/p>\n<p>\u00c0 l&rsquo;ext\u00e9rieur, Magnum auto est \u00e0 son meilleur. Lorsqu&rsquo;elle est plant\u00e9e directement dans le sol ou dans un grand pot, cette graine de marijuana \u00e0 autofloraison productive montre son v\u00e9ritable potentiel, grandissant de mani\u00e8re impressionnante et devenant un v\u00e9ritable monstre qui peut faire douter n&rsquo;importe quel cultivateur qu&rsquo;il s&rsquo;agit vraiment d&rsquo;une vari\u00e9t\u00e9 automatique.<\/p>\n<p>Magnum offre un profil de saveur et d&rsquo;ar\u00f4me frais et \u00e9pic\u00e9, ce qui fait partie de son attrait. En outre, sa puissance ne d\u00e9\u00e7oit pas, offrant un effet c\u00e9r\u00e9bral explosif qui s&rsquo;intensifie avec le temps, culminant en un high giggly incontr\u00f4lable. C&rsquo;est un choix parfait pour ceux qui recherchent des graines de marijuana \u00e0 autofloraison productives avec des rendements exceptionnels en quantit\u00e9 et en qualit\u00e9.<\/p>\n<p>&nbsp;<\/p>\n<p><a class=\"btn btn-default\" style=\"background-color: #ff0000; color: #ffffff;\" href=\"https:\/\/www.youtube.com\/watch?v=pu_yyVFMPGs\" target=\"_blank\" rel=\"noreferrer noopener nofollow\">YouTube \u25ba<\/a><\/p>\n","protected":false},"excerpt":{"rendered":"<p>Magnum auto de Buddha Seeds est l&rsquo;une des graines de cannabis \u00e0 autofloraison les plus productives du march\u00e9 en raison de sa grande taille.<\/p>\n<p>Pendant la phase de floraison, cette vari\u00e9t\u00e9 de marijuana \u00e9clate avec des t\u00eates denses couvertes de r\u00e9sine, ce qui en fait l&rsquo;une des meilleures options pour ceux qui recherchent la productivit\u00e9 et la qualit\u00e9.<\/p>\n<p>Le cycle de croissance complet de la Magnum auto dure environ 85 jours. En int\u00e9rieur, elle peut produire entre 550 et 600 grammes par m\u00e8tre carr\u00e9, tandis qu&rsquo;en ext\u00e9rieur, chaque plante peut produire entre 100 et 250 grammes, en fonction des conditions de croissance.<\/p>\n","protected":false},"featured_media":13857,"template":"","meta":{"_joinchat":[]},"product_brand":[],"product_cat":[636,111],"product_tag":[1406,1733,1435],"class_list":{"0":"post-3784","1":"product","2":"type-product","3":"status-publish","4":"has-post-thumbnail","6":"product_cat-original-buddha-seeds-fr","7":"product_cat-varietes-buddha-seeds","8":"product_tag-graines-autofloraison","9":"product_tag-meilleures-ventes","10":"product_tag-plantes-productives-floraison-automatique","11":"pa_8d-tiempodecultivocrecimient-85dias-fr","12":"pa_efecto-bc-efectopotenteyderisaincon-fr","13":"pa_fa-produccionenexteriorporpl-100_250gr-fr","14":"pa_genetica-64-hibridoconpredominanciasa-fr","15":"pa_produccionm-550_600gr-fr","16":"pa_semillas-10unidades-fr","17":"pa_semillas-3unidades-fr","18":"pa_semillas-50unidades-fr","19":"pa_sexo-feminizada-fr","20":"pa_tipo-autofloraison-fr","22":"first","23":"instock","24":"featured","25":"taxable","26":"shipping-taxable","27":"purchasable","28":"product-type-variable","29":"has-default-attributes"},"yoast_head":"<!-- This site is optimized with the Yoast SEO plugin v27.3 - https:\/\/yoast.com\/product\/yoast-seo-wordpress\/ -->\n<title>Magnum autofloraison<\/title>\n<meta name=\"description\" content=\"Magnum auto est l&#039;une des graines de cannabis \u00e0 autofloraison les plus productives du march\u00e9 en raison de sa grande taille.\" \/>\n<meta name=\"robots\" content=\"index, follow, max-snippet:-1, max-image-preview:large, max-video-preview:-1\" \/>\n<link rel=\"canonical\" href=\"https:\/\/buddhaseedbank.com\/fr\/producto\/buddha-magnum-auto\/\" \/>\n<meta property=\"og:locale\" content=\"fr_FR\" \/>\n<meta property=\"og:type\" content=\"article\" \/>\n<meta property=\"og:title\" content=\"Magnum autofloraison\" \/>\n<meta property=\"og:description\" content=\"Magnum auto est l&#039;une des graines de cannabis \u00e0 autofloraison les plus productives du march\u00e9 en raison de sa grande taille.\" \/>\n<meta property=\"og:url\" content=\"https:\/\/buddhaseedbank.com\/fr\/producto\/buddha-magnum-auto\/\" \/>\n<meta property=\"og:site_name\" content=\"Buddha Seeds\" \/>\n<meta property=\"article:modified_time\" content=\"2026-03-25T15:52:38+00:00\" \/>\n<meta property=\"og:image\" content=\"https:\/\/buddhaseedbank.com\/wp-content\/uploads\/2020\/12\/magnum_autofloreciente_BuddhaSeeds.jpg\" \/>\n\t<meta property=\"og:image:width\" content=\"1017\" \/>\n\t<meta property=\"og:image:height\" content=\"1241\" \/>\n\t<meta property=\"og:image:type\" content=\"image\/jpeg\" \/>\n<meta name=\"twitter:card\" content=\"summary_large_image\" \/>\n<meta name=\"twitter:label1\" content=\"Dur\u00e9e de lecture estim\u00e9e\" \/>\n\t<meta name=\"twitter:data1\" content=\"2 minutes\" \/>\n<script type=\"application\/ld+json\" class=\"yoast-schema-graph\">{\"@context\":\"https:\\\/\\\/schema.org\",\"@graph\":[{\"@type\":\"WebPage\",\"@id\":\"https:\\\/\\\/buddhaseedbank.com\\\/fr\\\/producto\\\/buddha-magnum-auto\\\/\",\"url\":\"https:\\\/\\\/buddhaseedbank.com\\\/fr\\\/producto\\\/buddha-magnum-auto\\\/\",\"name\":\"Magnum autofloraison\",\"isPartOf\":{\"@id\":\"https:\\\/\\\/buddhaseedbank.com\\\/fr\\\/#website\"},\"primaryImageOfPage\":{\"@id\":\"https:\\\/\\\/buddhaseedbank.com\\\/fr\\\/producto\\\/buddha-magnum-auto\\\/#primaryimage\"},\"image\":{\"@id\":\"https:\\\/\\\/buddhaseedbank.com\\\/fr\\\/producto\\\/buddha-magnum-auto\\\/#primaryimage\"},\"thumbnailUrl\":\"https:\\\/\\\/buddhaseedbank.com\\\/wp-content\\\/uploads\\\/2020\\\/12\\\/Magnum_Buddha-Seeds.jpg\",\"datePublished\":\"2020-12-01T09:14:30+00:00\",\"dateModified\":\"2026-03-25T15:52:38+00:00\",\"description\":\"Magnum auto est l'une des graines de cannabis \u00e0 autofloraison les plus productives du march\u00e9 en raison de sa grande taille.\",\"breadcrumb\":{\"@id\":\"https:\\\/\\\/buddhaseedbank.com\\\/fr\\\/producto\\\/buddha-magnum-auto\\\/#breadcrumb\"},\"inLanguage\":\"fr-FR\",\"potentialAction\":[{\"@type\":\"ReadAction\",\"target\":[\"https:\\\/\\\/buddhaseedbank.com\\\/fr\\\/producto\\\/buddha-magnum-auto\\\/\"]}]},{\"@type\":\"ImageObject\",\"inLanguage\":\"fr-FR\",\"@id\":\"https:\\\/\\\/buddhaseedbank.com\\\/fr\\\/producto\\\/buddha-magnum-auto\\\/#primaryimage\",\"url\":\"https:\\\/\\\/buddhaseedbank.com\\\/wp-content\\\/uploads\\\/2020\\\/12\\\/Magnum_Buddha-Seeds.jpg\",\"contentUrl\":\"https:\\\/\\\/buddhaseedbank.com\\\/wp-content\\\/uploads\\\/2020\\\/12\\\/Magnum_Buddha-Seeds.jpg\",\"width\":1440,\"height\":1920,\"caption\":\"Magnum automatica Buddha Seeds\"},{\"@type\":\"BreadcrumbList\",\"@id\":\"https:\\\/\\\/buddhaseedbank.com\\\/fr\\\/producto\\\/buddha-magnum-auto\\\/#breadcrumb\",\"itemListElement\":[{\"@type\":\"ListItem\",\"position\":1,\"name\":\"Portada\",\"item\":\"https:\\\/\\\/buddhaseedbank.com\\\/fr\\\/\"},{\"@type\":\"ListItem\",\"position\":2,\"name\":\"Boutique\",\"item\":\"https:\\\/\\\/buddhaseedbank.com\\\/fr\\\/boutique\\\/\"},{\"@type\":\"ListItem\",\"position\":3,\"name\":\"Magnum Auto\"}]},{\"@type\":\"WebSite\",\"@id\":\"https:\\\/\\\/buddhaseedbank.com\\\/fr\\\/#website\",\"url\":\"https:\\\/\\\/buddhaseedbank.com\\\/fr\\\/\",\"name\":\"Buddha Seeds\",\"description\":\"\",\"publisher\":{\"@id\":\"https:\\\/\\\/buddhaseedbank.com\\\/fr\\\/#organization\"},\"potentialAction\":[{\"@type\":\"SearchAction\",\"target\":{\"@type\":\"EntryPoint\",\"urlTemplate\":\"https:\\\/\\\/buddhaseedbank.com\\\/fr\\\/?s={search_term_string}\"},\"query-input\":{\"@type\":\"PropertyValueSpecification\",\"valueRequired\":true,\"valueName\":\"search_term_string\"}}],\"inLanguage\":\"fr-FR\"},{\"@type\":\"Organization\",\"@id\":\"https:\\\/\\\/buddhaseedbank.com\\\/fr\\\/#organization\",\"name\":\"Buddha Seeds\",\"url\":\"https:\\\/\\\/buddhaseedbank.com\\\/fr\\\/\",\"logo\":{\"@type\":\"ImageObject\",\"inLanguage\":\"fr-FR\",\"@id\":\"https:\\\/\\\/buddhaseedbank.com\\\/fr\\\/#\\\/schema\\\/logo\\\/image\\\/\",\"url\":\"https:\\\/\\\/buddhaseedbank.com\\\/wp-content\\\/uploads\\\/2024\\\/04\\\/buddha-seeds-logo-1622448424-1.png\",\"contentUrl\":\"https:\\\/\\\/buddhaseedbank.com\\\/wp-content\\\/uploads\\\/2024\\\/04\\\/buddha-seeds-logo-1622448424-1.png\",\"width\":478,\"height\":200,\"caption\":\"Buddha Seeds\"},\"image\":{\"@id\":\"https:\\\/\\\/buddhaseedbank.com\\\/fr\\\/#\\\/schema\\\/logo\\\/image\\\/\"}}]}<\/script>\n<!-- \/ Yoast SEO plugin. -->","yoast_head_json":{"title":"Magnum autofloraison","description":"Magnum auto est l'une des graines de cannabis \u00e0 autofloraison les plus productives du march\u00e9 en raison de sa grande taille.","robots":{"index":"index","follow":"follow","max-snippet":"max-snippet:-1","max-image-preview":"max-image-preview:large","max-video-preview":"max-video-preview:-1"},"canonical":"https:\/\/buddhaseedbank.com\/fr\/producto\/buddha-magnum-auto\/","og_locale":"fr_FR","og_type":"article","og_title":"Magnum autofloraison","og_description":"Magnum auto est l'une des graines de cannabis \u00e0 autofloraison les plus productives du march\u00e9 en raison de sa grande taille.","og_url":"https:\/\/buddhaseedbank.com\/fr\/producto\/buddha-magnum-auto\/","og_site_name":"Buddha Seeds","article_modified_time":"2026-03-25T15:52:38+00:00","og_image":[{"width":1017,"height":1241,"url":"https:\/\/buddhaseedbank.com\/wp-content\/uploads\/2020\/12\/magnum_autofloreciente_BuddhaSeeds.jpg","type":"image\/jpeg"}],"twitter_card":"summary_large_image","twitter_misc":{"Dur\u00e9e de lecture estim\u00e9e":"2 minutes"},"schema":{"@context":"https:\/\/schema.org","@graph":[{"@type":"WebPage","@id":"https:\/\/buddhaseedbank.com\/fr\/producto\/buddha-magnum-auto\/","url":"https:\/\/buddhaseedbank.com\/fr\/producto\/buddha-magnum-auto\/","name":"Magnum autofloraison","isPartOf":{"@id":"https:\/\/buddhaseedbank.com\/fr\/#website"},"primaryImageOfPage":{"@id":"https:\/\/buddhaseedbank.com\/fr\/producto\/buddha-magnum-auto\/#primaryimage"},"image":{"@id":"https:\/\/buddhaseedbank.com\/fr\/producto\/buddha-magnum-auto\/#primaryimage"},"thumbnailUrl":"https:\/\/buddhaseedbank.com\/wp-content\/uploads\/2020\/12\/Magnum_Buddha-Seeds.jpg","datePublished":"2020-12-01T09:14:30+00:00","dateModified":"2026-03-25T15:52:38+00:00","description":"Magnum auto est l'une des graines de cannabis \u00e0 autofloraison les plus productives du march\u00e9 en raison de sa grande taille.","breadcrumb":{"@id":"https:\/\/buddhaseedbank.com\/fr\/producto\/buddha-magnum-auto\/#breadcrumb"},"inLanguage":"fr-FR","potentialAction":[{"@type":"ReadAction","target":["https:\/\/buddhaseedbank.com\/fr\/producto\/buddha-magnum-auto\/"]}]},{"@type":"ImageObject","inLanguage":"fr-FR","@id":"https:\/\/buddhaseedbank.com\/fr\/producto\/buddha-magnum-auto\/#primaryimage","url":"https:\/\/buddhaseedbank.com\/wp-content\/uploads\/2020\/12\/Magnum_Buddha-Seeds.jpg","contentUrl":"https:\/\/buddhaseedbank.com\/wp-content\/uploads\/2020\/12\/Magnum_Buddha-Seeds.jpg","width":1440,"height":1920,"caption":"Magnum automatica Buddha Seeds"},{"@type":"BreadcrumbList","@id":"https:\/\/buddhaseedbank.com\/fr\/producto\/buddha-magnum-auto\/#breadcrumb","itemListElement":[{"@type":"ListItem","position":1,"name":"Portada","item":"https:\/\/buddhaseedbank.com\/fr\/"},{"@type":"ListItem","position":2,"name":"Boutique","item":"https:\/\/buddhaseedbank.com\/fr\/boutique\/"},{"@type":"ListItem","position":3,"name":"Magnum Auto"}]},{"@type":"WebSite","@id":"https:\/\/buddhaseedbank.com\/fr\/#website","url":"https:\/\/buddhaseedbank.com\/fr\/","name":"Buddha Seeds","description":"","publisher":{"@id":"https:\/\/buddhaseedbank.com\/fr\/#organization"},"potentialAction":[{"@type":"SearchAction","target":{"@type":"EntryPoint","urlTemplate":"https:\/\/buddhaseedbank.com\/fr\/?s={search_term_string}"},"query-input":{"@type":"PropertyValueSpecification","valueRequired":true,"valueName":"search_term_string"}}],"inLanguage":"fr-FR"},{"@type":"Organization","@id":"https:\/\/buddhaseedbank.com\/fr\/#organization","name":"Buddha Seeds","url":"https:\/\/buddhaseedbank.com\/fr\/","logo":{"@type":"ImageObject","inLanguage":"fr-FR","@id":"https:\/\/buddhaseedbank.com\/fr\/#\/schema\/logo\/image\/","url":"https:\/\/buddhaseedbank.com\/wp-content\/uploads\/2024\/04\/buddha-seeds-logo-1622448424-1.png","contentUrl":"https:\/\/buddhaseedbank.com\/wp-content\/uploads\/2024\/04\/buddha-seeds-logo-1622448424-1.png","width":478,"height":200,"caption":"Buddha Seeds"},"image":{"@id":"https:\/\/buddhaseedbank.com\/fr\/#\/schema\/logo\/image\/"}}]}},"_links":{"self":[{"href":"https:\/\/buddhaseedbank.com\/fr\/wp-json\/wp\/v2\/product\/3784","targetHints":{"allow":["GET"]}}],"collection":[{"href":"https:\/\/buddhaseedbank.com\/fr\/wp-json\/wp\/v2\/product"}],"about":[{"href":"https:\/\/buddhaseedbank.com\/fr\/wp-json\/wp\/v2\/types\/product"}],"wp:featuredmedia":[{"embeddable":true,"href":"https:\/\/buddhaseedbank.com\/fr\/wp-json\/wp\/v2\/media\/13857"}],"wp:attachment":[{"href":"https:\/\/buddhaseedbank.com\/fr\/wp-json\/wp\/v2\/media?parent=3784"}],"wp:term":[{"taxonomy":"product_brand","embeddable":true,"href":"https:\/\/buddhaseedbank.com\/fr\/wp-json\/wp\/v2\/product_brand?post=3784"},{"taxonomy":"product_cat","embeddable":true,"href":"https:\/\/buddhaseedbank.com\/fr\/wp-json\/wp\/v2\/product_cat?post=3784"},{"taxonomy":"product_tag","embeddable":true,"href":"https:\/\/buddhaseedbank.com\/fr\/wp-json\/wp\/v2\/product_tag?post=3784"}],"curies":[{"name":"wp","href":"https:\/\/api.w.org\/{rel}","templated":true}]}}