{"id":3903,"date":"2020-12-01T11:01:26","date_gmt":"2020-12-01T10:01:26","guid":{"rendered":"https:\/\/buddhaseedbank.com\/producto\/buddha-assorted-auto-2\/"},"modified":"2025-10-21T10:48:47","modified_gmt":"2025-10-21T08:48:47","slug":"buddha-assorted-auto-2","status":"publish","type":"product","link":"https:\/\/buddhaseedbank.com\/fr\/producto\/buddha-assorted-auto-2\/","title":{"rendered":"Buddha Assorted Auto"},"content":{"rendered":"<p style=\"text-align: justify;\">Le meilleur mix d&rsquo;auto-florissantes. 100 % Qualit\u00e9 Buddha Seeds.<\/p>\n<p style=\"text-align: justify;\">Dans ce m\u00e9lange, vous trouverez une graine de chacune des vari\u00e9t\u00e9s suivantes :<\/p>\n<p style=\"text-align: justify;\">White Dwarf,<br \/>\nRed Dwarf,<br \/>\nDeimos,<br \/>\nSyrup<\/p>\n<p style=\"text-align: justify;\">ainsi que 6 graines de diff\u00e9rentes vari\u00e9t\u00e9s qui seront bient\u00f4t sur le march\u00e9 ou des hybrides exp\u00e9rimentaux, parmi lesquels se distinguent de nombreux ar\u00f4mes et des saveurs qui rappellent les grands classiques, et d&rsquo;autres tout \u00e0 fait nouveaux.<\/p>\n<p style=\"text-align: justify;\">Elles sont toutes 100 % auto-florissantes et 100 % f\u00e9minis\u00e9es. Les d\u00e9lais pour la r\u00e9colte varient de 50-55 jours \u00e0 80-85. L&rsquo;id\u00e9al pour ceux qui aiment la vari\u00e9t\u00e9 et la diversit\u00e9.<\/p>\n<p><a class=\"btn btn-default\" style=\"background-color: #ff0000; color: #ffffff;\" href=\"https:\/\/www.youtube.com\/watch?v=2Vz72QDD_9o\" target=\"_blank\" rel=\"noreferrer noopener nofollow\">YouTube \u25ba<\/a><\/p>\n","protected":false},"excerpt":{"rendered":"<p>Le meilleur mix d&rsquo;auto-florissantes.<br \/>\n100 % Qualit\u00e9 Buddha Seeds.<\/p>\n","protected":false},"featured_media":3881,"template":"","meta":{"_joinchat":[]},"product_brand":[],"product_cat":[636,111],"product_tag":[1477,1730,1406,1510,1435,1385],"class_list":{"0":"post-3903","1":"product","2":"type-product","3":"status-publish","4":"has-post-thumbnail","6":"product_cat-original-buddha-seeds-fr","7":"product_cat-varietes-buddha-seeds","8":"product_tag-autofloraison-exterieur","9":"product_tag-cannabis-a-floraison-rapide","10":"product_tag-graines-autofloraison","11":"product_tag-melange-autofloraison","12":"product_tag-plantes-productives-floraison-automatique","13":"product_tag-sativa-autofloraison","14":"pa_8d-tiempodecultivocrecimient-55_80dias-fr","15":"pa_efecto-dependedelavariedad-fr","16":"pa_fa-produccionenexteriorporpl-80_250gr-fr","17":"pa_genetica-hibrida-fr","18":"pa_produccionm-400_500gr-fr","19":"pa_semillas-10unidades-fr","20":"pa_semillas-50unidades-fr","21":"pa_sexo-feminizada-fr","22":"pa_tipo-autofloraison-fr","24":"first","25":"instock","26":"taxable","27":"shipping-taxable","28":"purchasable","29":"product-type-variable","30":"has-default-attributes"},"yoast_head":"<!-- This site is optimized with the Yoast SEO plugin v27.5 - https:\/\/yoast.com\/product\/yoast-seo-wordpress\/ -->\n<title>Buddha Assorted Auto \u2022 Buddha Seeds<\/title>\n<meta name=\"robots\" content=\"index, follow, max-snippet:-1, max-image-preview:large, max-video-preview:-1\" \/>\n<link rel=\"canonical\" href=\"https:\/\/buddhaseedbank.com\/fr\/producto\/buddha-assorted-auto-2\/\" \/>\n<meta property=\"og:locale\" content=\"fr_FR\" \/>\n<meta property=\"og:type\" content=\"article\" \/>\n<meta property=\"og:title\" content=\"Buddha Assorted Auto \u2022 Buddha Seeds\" \/>\n<meta property=\"og:description\" content=\"Le meilleur mix d&#039;auto-florissantes. 100 % Qualit\u00e9 Buddha Seeds.\" \/>\n<meta property=\"og:url\" content=\"https:\/\/buddhaseedbank.com\/fr\/producto\/buddha-assorted-auto-2\/\" \/>\n<meta property=\"og:site_name\" content=\"Buddha Seeds\" \/>\n<meta property=\"article:modified_time\" content=\"2025-10-21T08:48:47+00:00\" \/>\n<meta property=\"og:image\" content=\"https:\/\/buddhaseedbank.com\/wp-content\/uploads\/2020\/12\/182-Buddha-Assorted-Auto.jpg\" \/>\n\t<meta property=\"og:image:width\" content=\"1080\" \/>\n\t<meta property=\"og:image:height\" content=\"1080\" \/>\n\t<meta property=\"og:image:type\" content=\"image\/jpeg\" \/>\n<meta name=\"twitter:card\" content=\"summary_large_image\" \/>\n<meta name=\"twitter:label1\" content=\"Dur\u00e9e de lecture estim\u00e9e\" \/>\n\t<meta name=\"twitter:data1\" content=\"1 minute\" \/>\n<script type=\"application\/ld+json\" class=\"yoast-schema-graph\">{\"@context\":\"https:\\\/\\\/schema.org\",\"@graph\":[{\"@type\":\"WebPage\",\"@id\":\"https:\\\/\\\/buddhaseedbank.com\\\/fr\\\/producto\\\/buddha-assorted-auto-2\\\/\",\"url\":\"https:\\\/\\\/buddhaseedbank.com\\\/fr\\\/producto\\\/buddha-assorted-auto-2\\\/\",\"name\":\"Buddha Assorted Auto \u2022 Buddha Seeds\",\"isPartOf\":{\"@id\":\"https:\\\/\\\/buddhaseedbank.com\\\/fr\\\/#website\"},\"primaryImageOfPage\":{\"@id\":\"https:\\\/\\\/buddhaseedbank.com\\\/fr\\\/producto\\\/buddha-assorted-auto-2\\\/#primaryimage\"},\"image\":{\"@id\":\"https:\\\/\\\/buddhaseedbank.com\\\/fr\\\/producto\\\/buddha-assorted-auto-2\\\/#primaryimage\"},\"thumbnailUrl\":\"https:\\\/\\\/buddhaseedbank.com\\\/wp-content\\\/uploads\\\/2020\\\/12\\\/182-Buddha-Assorted-Auto.jpg\",\"datePublished\":\"2020-12-01T10:01:26+00:00\",\"dateModified\":\"2025-10-21T08:48:47+00:00\",\"breadcrumb\":{\"@id\":\"https:\\\/\\\/buddhaseedbank.com\\\/fr\\\/producto\\\/buddha-assorted-auto-2\\\/#breadcrumb\"},\"inLanguage\":\"fr-FR\",\"potentialAction\":[{\"@type\":\"ReadAction\",\"target\":[\"https:\\\/\\\/buddhaseedbank.com\\\/fr\\\/producto\\\/buddha-assorted-auto-2\\\/\"]}]},{\"@type\":\"ImageObject\",\"inLanguage\":\"fr-FR\",\"@id\":\"https:\\\/\\\/buddhaseedbank.com\\\/fr\\\/producto\\\/buddha-assorted-auto-2\\\/#primaryimage\",\"url\":\"https:\\\/\\\/buddhaseedbank.com\\\/wp-content\\\/uploads\\\/2020\\\/12\\\/182-Buddha-Assorted-Auto.jpg\",\"contentUrl\":\"https:\\\/\\\/buddhaseedbank.com\\\/wp-content\\\/uploads\\\/2020\\\/12\\\/182-Buddha-Assorted-Auto.jpg\",\"width\":1080,\"height\":1080,\"caption\":\"Buddha Assorted Auto automaticas Buddha Seeds\"},{\"@type\":\"BreadcrumbList\",\"@id\":\"https:\\\/\\\/buddhaseedbank.com\\\/fr\\\/producto\\\/buddha-assorted-auto-2\\\/#breadcrumb\",\"itemListElement\":[{\"@type\":\"ListItem\",\"position\":1,\"name\":\"Portada\",\"item\":\"https:\\\/\\\/buddhaseedbank.com\\\/fr\\\/\"},{\"@type\":\"ListItem\",\"position\":2,\"name\":\"Boutique\",\"item\":\"https:\\\/\\\/buddhaseedbank.com\\\/fr\\\/boutique\\\/\"},{\"@type\":\"ListItem\",\"position\":3,\"name\":\"Buddha Assorted Auto\"}]},{\"@type\":\"WebSite\",\"@id\":\"https:\\\/\\\/buddhaseedbank.com\\\/fr\\\/#website\",\"url\":\"https:\\\/\\\/buddhaseedbank.com\\\/fr\\\/\",\"name\":\"Buddha Seeds\",\"description\":\"\",\"publisher\":{\"@id\":\"https:\\\/\\\/buddhaseedbank.com\\\/fr\\\/#organization\"},\"potentialAction\":[{\"@type\":\"SearchAction\",\"target\":{\"@type\":\"EntryPoint\",\"urlTemplate\":\"https:\\\/\\\/buddhaseedbank.com\\\/fr\\\/?s={search_term_string}\"},\"query-input\":{\"@type\":\"PropertyValueSpecification\",\"valueRequired\":true,\"valueName\":\"search_term_string\"}}],\"inLanguage\":\"fr-FR\"},{\"@type\":\"Organization\",\"@id\":\"https:\\\/\\\/buddhaseedbank.com\\\/fr\\\/#organization\",\"name\":\"Buddha Seeds\",\"url\":\"https:\\\/\\\/buddhaseedbank.com\\\/fr\\\/\",\"logo\":{\"@type\":\"ImageObject\",\"inLanguage\":\"fr-FR\",\"@id\":\"https:\\\/\\\/buddhaseedbank.com\\\/fr\\\/#\\\/schema\\\/logo\\\/image\\\/\",\"url\":\"https:\\\/\\\/buddhaseedbank.com\\\/wp-content\\\/uploads\\\/2024\\\/04\\\/buddha-seeds-logo-1622448424-1.png\",\"contentUrl\":\"https:\\\/\\\/buddhaseedbank.com\\\/wp-content\\\/uploads\\\/2024\\\/04\\\/buddha-seeds-logo-1622448424-1.png\",\"width\":478,\"height\":200,\"caption\":\"Buddha Seeds\"},\"image\":{\"@id\":\"https:\\\/\\\/buddhaseedbank.com\\\/fr\\\/#\\\/schema\\\/logo\\\/image\\\/\"}}]}<\/script>\n<!-- \/ Yoast SEO plugin. -->","yoast_head_json":{"title":"Buddha Assorted Auto \u2022 Buddha Seeds","robots":{"index":"index","follow":"follow","max-snippet":"max-snippet:-1","max-image-preview":"max-image-preview:large","max-video-preview":"max-video-preview:-1"},"canonical":"https:\/\/buddhaseedbank.com\/fr\/producto\/buddha-assorted-auto-2\/","og_locale":"fr_FR","og_type":"article","og_title":"Buddha Assorted Auto \u2022 Buddha Seeds","og_description":"Le meilleur mix d'auto-florissantes. 100 % Qualit\u00e9 Buddha Seeds.","og_url":"https:\/\/buddhaseedbank.com\/fr\/producto\/buddha-assorted-auto-2\/","og_site_name":"Buddha Seeds","article_modified_time":"2025-10-21T08:48:47+00:00","og_image":[{"width":1080,"height":1080,"url":"https:\/\/buddhaseedbank.com\/wp-content\/uploads\/2020\/12\/182-Buddha-Assorted-Auto.jpg","type":"image\/jpeg"}],"twitter_card":"summary_large_image","twitter_misc":{"Dur\u00e9e de lecture estim\u00e9e":"1 minute"},"schema":{"@context":"https:\/\/schema.org","@graph":[{"@type":"WebPage","@id":"https:\/\/buddhaseedbank.com\/fr\/producto\/buddha-assorted-auto-2\/","url":"https:\/\/buddhaseedbank.com\/fr\/producto\/buddha-assorted-auto-2\/","name":"Buddha Assorted Auto \u2022 Buddha Seeds","isPartOf":{"@id":"https:\/\/buddhaseedbank.com\/fr\/#website"},"primaryImageOfPage":{"@id":"https:\/\/buddhaseedbank.com\/fr\/producto\/buddha-assorted-auto-2\/#primaryimage"},"image":{"@id":"https:\/\/buddhaseedbank.com\/fr\/producto\/buddha-assorted-auto-2\/#primaryimage"},"thumbnailUrl":"https:\/\/buddhaseedbank.com\/wp-content\/uploads\/2020\/12\/182-Buddha-Assorted-Auto.jpg","datePublished":"2020-12-01T10:01:26+00:00","dateModified":"2025-10-21T08:48:47+00:00","breadcrumb":{"@id":"https:\/\/buddhaseedbank.com\/fr\/producto\/buddha-assorted-auto-2\/#breadcrumb"},"inLanguage":"fr-FR","potentialAction":[{"@type":"ReadAction","target":["https:\/\/buddhaseedbank.com\/fr\/producto\/buddha-assorted-auto-2\/"]}]},{"@type":"ImageObject","inLanguage":"fr-FR","@id":"https:\/\/buddhaseedbank.com\/fr\/producto\/buddha-assorted-auto-2\/#primaryimage","url":"https:\/\/buddhaseedbank.com\/wp-content\/uploads\/2020\/12\/182-Buddha-Assorted-Auto.jpg","contentUrl":"https:\/\/buddhaseedbank.com\/wp-content\/uploads\/2020\/12\/182-Buddha-Assorted-Auto.jpg","width":1080,"height":1080,"caption":"Buddha Assorted Auto automaticas Buddha Seeds"},{"@type":"BreadcrumbList","@id":"https:\/\/buddhaseedbank.com\/fr\/producto\/buddha-assorted-auto-2\/#breadcrumb","itemListElement":[{"@type":"ListItem","position":1,"name":"Portada","item":"https:\/\/buddhaseedbank.com\/fr\/"},{"@type":"ListItem","position":2,"name":"Boutique","item":"https:\/\/buddhaseedbank.com\/fr\/boutique\/"},{"@type":"ListItem","position":3,"name":"Buddha Assorted Auto"}]},{"@type":"WebSite","@id":"https:\/\/buddhaseedbank.com\/fr\/#website","url":"https:\/\/buddhaseedbank.com\/fr\/","name":"Buddha Seeds","description":"","publisher":{"@id":"https:\/\/buddhaseedbank.com\/fr\/#organization"},"potentialAction":[{"@type":"SearchAction","target":{"@type":"EntryPoint","urlTemplate":"https:\/\/buddhaseedbank.com\/fr\/?s={search_term_string}"},"query-input":{"@type":"PropertyValueSpecification","valueRequired":true,"valueName":"search_term_string"}}],"inLanguage":"fr-FR"},{"@type":"Organization","@id":"https:\/\/buddhaseedbank.com\/fr\/#organization","name":"Buddha Seeds","url":"https:\/\/buddhaseedbank.com\/fr\/","logo":{"@type":"ImageObject","inLanguage":"fr-FR","@id":"https:\/\/buddhaseedbank.com\/fr\/#\/schema\/logo\/image\/","url":"https:\/\/buddhaseedbank.com\/wp-content\/uploads\/2024\/04\/buddha-seeds-logo-1622448424-1.png","contentUrl":"https:\/\/buddhaseedbank.com\/wp-content\/uploads\/2024\/04\/buddha-seeds-logo-1622448424-1.png","width":478,"height":200,"caption":"Buddha Seeds"},"image":{"@id":"https:\/\/buddhaseedbank.com\/fr\/#\/schema\/logo\/image\/"}}]}},"_links":{"self":[{"href":"https:\/\/buddhaseedbank.com\/fr\/wp-json\/wp\/v2\/product\/3903","targetHints":{"allow":["GET"]}}],"collection":[{"href":"https:\/\/buddhaseedbank.com\/fr\/wp-json\/wp\/v2\/product"}],"about":[{"href":"https:\/\/buddhaseedbank.com\/fr\/wp-json\/wp\/v2\/types\/product"}],"wp:featuredmedia":[{"embeddable":true,"href":"https:\/\/buddhaseedbank.com\/fr\/wp-json\/wp\/v2\/media\/3881"}],"wp:attachment":[{"href":"https:\/\/buddhaseedbank.com\/fr\/wp-json\/wp\/v2\/media?parent=3903"}],"wp:term":[{"taxonomy":"product_brand","embeddable":true,"href":"https:\/\/buddhaseedbank.com\/fr\/wp-json\/wp\/v2\/product_brand?post=3903"},{"taxonomy":"product_cat","embeddable":true,"href":"https:\/\/buddhaseedbank.com\/fr\/wp-json\/wp\/v2\/product_cat?post=3903"},{"taxonomy":"product_tag","embeddable":true,"href":"https:\/\/buddhaseedbank.com\/fr\/wp-json\/wp\/v2\/product_tag?post=3903"}],"curies":[{"name":"wp","href":"https:\/\/api.w.org\/{rel}","templated":true}]}}