{"id":3981,"date":"2020-12-01T11:34:15","date_gmt":"2020-12-01T10:34:15","guid":{"rendered":"https:\/\/buddhaseedbank.com\/producto\/buddha-medikit-2\/"},"modified":"2024-12-04T15:40:57","modified_gmt":"2024-12-04T14:40:57","slug":"buddha-medikit-2","status":"publish","type":"product","link":"https:\/\/buddhaseedbank.com\/fr\/producto\/buddha-medikit-2\/","title":{"rendered":"Buddha Medikit"},"content":{"rendered":"<p style=\"text-align: justify;\">BuddhaSeeds a travaill\u00e9 m\u00e9ticuleusement pour r\u00e9pondre aux demandes des clients les plus exigeants qui optent pour les vari\u00e9t\u00e9s CBD. D&rsquo;une part, nous avons atteint des niveaux de cannabino\u00efdes d\u00e9passant les 20% de CBD chez certains \u00e9l\u00e9ments et cela sans renoncer aux ar\u00f4mes!<\/p>\n<p style=\"text-align: justify;\">D&rsquo;autre part, Medikit est une vari\u00e9t\u00e9 tr\u00e8s agr\u00e9able avec ses niveaux \u00e9lev\u00e9s de terp\u00e8nes qui transmettent les meilleures nuances ar\u00f4matiques. Ainsi vous profiterez d\u2019ar\u00f4mes doux tels que des parfums d&rsquo;agrumes comme le citron, l\u2019orange, la mangue. Le tout avec des notes de terre et de pin.<\/p>\n<p style=\"text-align: justify;\">Medikit est un hybride dont la part Sativa est fournie par une Harlequin californien re-crois\u00e9e pour en faire un CBD homozygote, tandis que son anc\u00eatre Indica provient d&rsquo;un croisement s\u00e9lectif de vari\u00e9t\u00e9s CBD latino-am\u00e9ricaines.<\/p>\n<p style=\"text-align: justify;\">Sa croissance est explosive et culmine en une sublime floraison qui met en \u00e9vidence sa production finale. Vous appr\u00e9cierez la qualit\u00e9 de ses fleurs volumineuses et compactes rev\u00eatues d&rsquo;une couche cristalline de r\u00e9sine.<\/p>\n<p><a class=\"btn btn-default\" style=\"background-color: #ff0000; color: #ffffff;\" href=\"https:\/\/www.youtube.com\/watch?v=JYHL8B9tTJg\" target=\"_blank\" rel=\"noreferrer noopener nofollow\">YouTube \u25ba<\/a><\/p>\n","protected":false},"excerpt":{"rendered":"<p style=\"text-align: justify;\">D&rsquo;une part, nous avons atteint des niveaux de cannabino\u00efdes d\u00e9passant les 20% de CBD chez certains \u00e9l\u00e9ments et cela sans renoncer aux ar\u00f4mes!<\/p>\n","protected":false},"featured_media":8535,"template":"","meta":{"_joinchat":[]},"product_brand":[],"product_cat":[662,636,111],"product_tag":[1427,1431,1454,1524,1439,1479,1450,1446,1404],"class_list":{"0":"post-3981","1":"product","2":"type-product","3":"status-publish","4":"has-post-thumbnail","6":"product_cat-cbd-fr","7":"product_cat-original-buddha-seeds-fr","8":"product_cat-varietes-buddha-seeds","9":"product_tag-cannabis-indica-fr","10":"product_tag-cannabis-medical","11":"product_tag-cannabis-resistant-aux-parasites","12":"product_tag-cannabis-sans-thc","13":"product_tag-graines-cbd","14":"product_tag-graines-photodependantes","15":"product_tag-cannabis-anxiete-stress","16":"product_tag-cannabis-contre-la-douleur","17":"product_tag-cannabis-pour-relaxation","18":"pa_efecto-cd-levantaelanimo_controlael-fr","19":"pa_fa-produccionenexteriorporpl-1_15kg-fr","20":"pa_genetica-84-hibridoconpredominanciain-fr","21":"pa_mesdecosecha-55-segundamitaddeoctubrehemi-fr","22":"pa_produccionm-450_480gr-fr","23":"pa_semillas-10unidades-fr","24":"pa_semillas-3unidades-fr","25":"pa_semillas-50unidades-fr","26":"pa_sexo-feminizada-fr","27":"pa_tiempodefloracion-75dias-fr","28":"pa_tipo-graines-cbd","29":"pa_tipo-photodependant-fr","31":"first","32":"instock","33":"taxable","34":"shipping-taxable","35":"purchasable","36":"product-type-variable"},"yoast_head":"<!-- This site is optimized with the Yoast SEO plugin v27.3 - https:\/\/yoast.com\/product\/yoast-seo-wordpress\/ -->\n<title>Buddha Medikit \u2022 Buddha Seeds<\/title>\n<meta name=\"robots\" content=\"index, follow, max-snippet:-1, max-image-preview:large, max-video-preview:-1\" \/>\n<link rel=\"canonical\" href=\"https:\/\/buddhaseedbank.com\/fr\/producto\/buddha-medikit-2\/\" \/>\n<meta property=\"og:locale\" content=\"fr_FR\" \/>\n<meta property=\"og:type\" content=\"article\" \/>\n<meta property=\"og:title\" content=\"Buddha Medikit \u2022 Buddha Seeds\" \/>\n<meta property=\"og:description\" content=\"D&#039;une part, nous avons atteint des niveaux de cannabino\u00efdes d\u00e9passant les 20% de CBD chez certains \u00e9l\u00e9ments et cela sans renoncer aux ar\u00f4mes!\" \/>\n<meta property=\"og:url\" content=\"https:\/\/buddhaseedbank.com\/fr\/producto\/buddha-medikit-2\/\" \/>\n<meta property=\"og:site_name\" content=\"Buddha Seeds\" \/>\n<meta property=\"article:modified_time\" content=\"2024-12-04T14:40:57+00:00\" \/>\n<meta property=\"og:image\" content=\"https:\/\/buddhaseedbank.com\/wp-content\/uploads\/2020\/12\/Medikit_Buddhseeds_01.jpg\" \/>\n\t<meta property=\"og:image:width\" content=\"900\" \/>\n\t<meta property=\"og:image:height\" content=\"900\" \/>\n\t<meta property=\"og:image:type\" content=\"image\/jpeg\" \/>\n<meta name=\"twitter:card\" content=\"summary_large_image\" \/>\n<meta name=\"twitter:label1\" content=\"Dur\u00e9e de lecture estim\u00e9e\" \/>\n\t<meta name=\"twitter:data1\" content=\"1 minute\" \/>\n<script type=\"application\/ld+json\" class=\"yoast-schema-graph\">{\"@context\":\"https:\\\/\\\/schema.org\",\"@graph\":[{\"@type\":\"WebPage\",\"@id\":\"https:\\\/\\\/buddhaseedbank.com\\\/fr\\\/producto\\\/buddha-medikit-2\\\/\",\"url\":\"https:\\\/\\\/buddhaseedbank.com\\\/fr\\\/producto\\\/buddha-medikit-2\\\/\",\"name\":\"Buddha Medikit \u2022 Buddha Seeds\",\"isPartOf\":{\"@id\":\"https:\\\/\\\/buddhaseedbank.com\\\/fr\\\/#website\"},\"primaryImageOfPage\":{\"@id\":\"https:\\\/\\\/buddhaseedbank.com\\\/fr\\\/producto\\\/buddha-medikit-2\\\/#primaryimage\"},\"image\":{\"@id\":\"https:\\\/\\\/buddhaseedbank.com\\\/fr\\\/producto\\\/buddha-medikit-2\\\/#primaryimage\"},\"thumbnailUrl\":\"https:\\\/\\\/buddhaseedbank.com\\\/wp-content\\\/uploads\\\/2020\\\/12\\\/Medikit_Buddhseeds_01.jpg\",\"datePublished\":\"2020-12-01T10:34:15+00:00\",\"dateModified\":\"2024-12-04T14:40:57+00:00\",\"breadcrumb\":{\"@id\":\"https:\\\/\\\/buddhaseedbank.com\\\/fr\\\/producto\\\/buddha-medikit-2\\\/#breadcrumb\"},\"inLanguage\":\"fr-FR\",\"potentialAction\":[{\"@type\":\"ReadAction\",\"target\":[\"https:\\\/\\\/buddhaseedbank.com\\\/fr\\\/producto\\\/buddha-medikit-2\\\/\"]}]},{\"@type\":\"ImageObject\",\"inLanguage\":\"fr-FR\",\"@id\":\"https:\\\/\\\/buddhaseedbank.com\\\/fr\\\/producto\\\/buddha-medikit-2\\\/#primaryimage\",\"url\":\"https:\\\/\\\/buddhaseedbank.com\\\/wp-content\\\/uploads\\\/2020\\\/12\\\/Medikit_Buddhseeds_01.jpg\",\"contentUrl\":\"https:\\\/\\\/buddhaseedbank.com\\\/wp-content\\\/uploads\\\/2020\\\/12\\\/Medikit_Buddhseeds_01.jpg\",\"width\":900,\"height\":900,\"caption\":\"Medikit Buddhseeds\"},{\"@type\":\"BreadcrumbList\",\"@id\":\"https:\\\/\\\/buddhaseedbank.com\\\/fr\\\/producto\\\/buddha-medikit-2\\\/#breadcrumb\",\"itemListElement\":[{\"@type\":\"ListItem\",\"position\":1,\"name\":\"Portada\",\"item\":\"https:\\\/\\\/buddhaseedbank.com\\\/fr\\\/\"},{\"@type\":\"ListItem\",\"position\":2,\"name\":\"Boutique\",\"item\":\"https:\\\/\\\/buddhaseedbank.com\\\/fr\\\/boutique\\\/\"},{\"@type\":\"ListItem\",\"position\":3,\"name\":\"Buddha Medikit\"}]},{\"@type\":\"WebSite\",\"@id\":\"https:\\\/\\\/buddhaseedbank.com\\\/fr\\\/#website\",\"url\":\"https:\\\/\\\/buddhaseedbank.com\\\/fr\\\/\",\"name\":\"Buddha Seeds\",\"description\":\"\",\"publisher\":{\"@id\":\"https:\\\/\\\/buddhaseedbank.com\\\/fr\\\/#organization\"},\"potentialAction\":[{\"@type\":\"SearchAction\",\"target\":{\"@type\":\"EntryPoint\",\"urlTemplate\":\"https:\\\/\\\/buddhaseedbank.com\\\/fr\\\/?s={search_term_string}\"},\"query-input\":{\"@type\":\"PropertyValueSpecification\",\"valueRequired\":true,\"valueName\":\"search_term_string\"}}],\"inLanguage\":\"fr-FR\"},{\"@type\":\"Organization\",\"@id\":\"https:\\\/\\\/buddhaseedbank.com\\\/fr\\\/#organization\",\"name\":\"Buddha Seeds\",\"url\":\"https:\\\/\\\/buddhaseedbank.com\\\/fr\\\/\",\"logo\":{\"@type\":\"ImageObject\",\"inLanguage\":\"fr-FR\",\"@id\":\"https:\\\/\\\/buddhaseedbank.com\\\/fr\\\/#\\\/schema\\\/logo\\\/image\\\/\",\"url\":\"https:\\\/\\\/buddhaseedbank.com\\\/wp-content\\\/uploads\\\/2024\\\/04\\\/buddha-seeds-logo-1622448424-1.png\",\"contentUrl\":\"https:\\\/\\\/buddhaseedbank.com\\\/wp-content\\\/uploads\\\/2024\\\/04\\\/buddha-seeds-logo-1622448424-1.png\",\"width\":478,\"height\":200,\"caption\":\"Buddha Seeds\"},\"image\":{\"@id\":\"https:\\\/\\\/buddhaseedbank.com\\\/fr\\\/#\\\/schema\\\/logo\\\/image\\\/\"}}]}<\/script>\n<!-- \/ Yoast SEO plugin. -->","yoast_head_json":{"title":"Buddha Medikit \u2022 Buddha Seeds","robots":{"index":"index","follow":"follow","max-snippet":"max-snippet:-1","max-image-preview":"max-image-preview:large","max-video-preview":"max-video-preview:-1"},"canonical":"https:\/\/buddhaseedbank.com\/fr\/producto\/buddha-medikit-2\/","og_locale":"fr_FR","og_type":"article","og_title":"Buddha Medikit \u2022 Buddha Seeds","og_description":"D'une part, nous avons atteint des niveaux de cannabino\u00efdes d\u00e9passant les 20% de CBD chez certains \u00e9l\u00e9ments et cela sans renoncer aux ar\u00f4mes!","og_url":"https:\/\/buddhaseedbank.com\/fr\/producto\/buddha-medikit-2\/","og_site_name":"Buddha Seeds","article_modified_time":"2024-12-04T14:40:57+00:00","og_image":[{"width":900,"height":900,"url":"https:\/\/buddhaseedbank.com\/wp-content\/uploads\/2020\/12\/Medikit_Buddhseeds_01.jpg","type":"image\/jpeg"}],"twitter_card":"summary_large_image","twitter_misc":{"Dur\u00e9e de lecture estim\u00e9e":"1 minute"},"schema":{"@context":"https:\/\/schema.org","@graph":[{"@type":"WebPage","@id":"https:\/\/buddhaseedbank.com\/fr\/producto\/buddha-medikit-2\/","url":"https:\/\/buddhaseedbank.com\/fr\/producto\/buddha-medikit-2\/","name":"Buddha Medikit \u2022 Buddha Seeds","isPartOf":{"@id":"https:\/\/buddhaseedbank.com\/fr\/#website"},"primaryImageOfPage":{"@id":"https:\/\/buddhaseedbank.com\/fr\/producto\/buddha-medikit-2\/#primaryimage"},"image":{"@id":"https:\/\/buddhaseedbank.com\/fr\/producto\/buddha-medikit-2\/#primaryimage"},"thumbnailUrl":"https:\/\/buddhaseedbank.com\/wp-content\/uploads\/2020\/12\/Medikit_Buddhseeds_01.jpg","datePublished":"2020-12-01T10:34:15+00:00","dateModified":"2024-12-04T14:40:57+00:00","breadcrumb":{"@id":"https:\/\/buddhaseedbank.com\/fr\/producto\/buddha-medikit-2\/#breadcrumb"},"inLanguage":"fr-FR","potentialAction":[{"@type":"ReadAction","target":["https:\/\/buddhaseedbank.com\/fr\/producto\/buddha-medikit-2\/"]}]},{"@type":"ImageObject","inLanguage":"fr-FR","@id":"https:\/\/buddhaseedbank.com\/fr\/producto\/buddha-medikit-2\/#primaryimage","url":"https:\/\/buddhaseedbank.com\/wp-content\/uploads\/2020\/12\/Medikit_Buddhseeds_01.jpg","contentUrl":"https:\/\/buddhaseedbank.com\/wp-content\/uploads\/2020\/12\/Medikit_Buddhseeds_01.jpg","width":900,"height":900,"caption":"Medikit Buddhseeds"},{"@type":"BreadcrumbList","@id":"https:\/\/buddhaseedbank.com\/fr\/producto\/buddha-medikit-2\/#breadcrumb","itemListElement":[{"@type":"ListItem","position":1,"name":"Portada","item":"https:\/\/buddhaseedbank.com\/fr\/"},{"@type":"ListItem","position":2,"name":"Boutique","item":"https:\/\/buddhaseedbank.com\/fr\/boutique\/"},{"@type":"ListItem","position":3,"name":"Buddha Medikit"}]},{"@type":"WebSite","@id":"https:\/\/buddhaseedbank.com\/fr\/#website","url":"https:\/\/buddhaseedbank.com\/fr\/","name":"Buddha Seeds","description":"","publisher":{"@id":"https:\/\/buddhaseedbank.com\/fr\/#organization"},"potentialAction":[{"@type":"SearchAction","target":{"@type":"EntryPoint","urlTemplate":"https:\/\/buddhaseedbank.com\/fr\/?s={search_term_string}"},"query-input":{"@type":"PropertyValueSpecification","valueRequired":true,"valueName":"search_term_string"}}],"inLanguage":"fr-FR"},{"@type":"Organization","@id":"https:\/\/buddhaseedbank.com\/fr\/#organization","name":"Buddha Seeds","url":"https:\/\/buddhaseedbank.com\/fr\/","logo":{"@type":"ImageObject","inLanguage":"fr-FR","@id":"https:\/\/buddhaseedbank.com\/fr\/#\/schema\/logo\/image\/","url":"https:\/\/buddhaseedbank.com\/wp-content\/uploads\/2024\/04\/buddha-seeds-logo-1622448424-1.png","contentUrl":"https:\/\/buddhaseedbank.com\/wp-content\/uploads\/2024\/04\/buddha-seeds-logo-1622448424-1.png","width":478,"height":200,"caption":"Buddha Seeds"},"image":{"@id":"https:\/\/buddhaseedbank.com\/fr\/#\/schema\/logo\/image\/"}}]}},"_links":{"self":[{"href":"https:\/\/buddhaseedbank.com\/fr\/wp-json\/wp\/v2\/product\/3981","targetHints":{"allow":["GET"]}}],"collection":[{"href":"https:\/\/buddhaseedbank.com\/fr\/wp-json\/wp\/v2\/product"}],"about":[{"href":"https:\/\/buddhaseedbank.com\/fr\/wp-json\/wp\/v2\/types\/product"}],"wp:featuredmedia":[{"embeddable":true,"href":"https:\/\/buddhaseedbank.com\/fr\/wp-json\/wp\/v2\/media\/8535"}],"wp:attachment":[{"href":"https:\/\/buddhaseedbank.com\/fr\/wp-json\/wp\/v2\/media?parent=3981"}],"wp:term":[{"taxonomy":"product_brand","embeddable":true,"href":"https:\/\/buddhaseedbank.com\/fr\/wp-json\/wp\/v2\/product_brand?post=3981"},{"taxonomy":"product_cat","embeddable":true,"href":"https:\/\/buddhaseedbank.com\/fr\/wp-json\/wp\/v2\/product_cat?post=3981"},{"taxonomy":"product_tag","embeddable":true,"href":"https:\/\/buddhaseedbank.com\/fr\/wp-json\/wp\/v2\/product_tag?post=3981"}],"curies":[{"name":"wp","href":"https:\/\/api.w.org\/{rel}","templated":true}]}}