{"id":4071,"date":"2020-12-01T12:10:54","date_gmt":"2020-12-01T11:10:54","guid":{"rendered":"https:\/\/buddhaseedbank.com\/producto\/morpheus-2\/"},"modified":"2025-08-14T10:59:28","modified_gmt":"2025-08-14T08:59:28","slug":"morpheus-2","status":"publish","type":"product","link":"https:\/\/buddhaseedbank.com\/fr\/producto\/morpheus-2\/","title":{"rendered":"Morpheus"},"content":{"rendered":"<p style=\"text-align:justify;\"><strong>Morpheus<\/strong> est un hybride avec des propri\u00e9t\u00e9s th\u00e9rapeutiques relaxantes et apaisantes, gr\u00e2ce \u00e0 son haut contenu en CBD. Buddha Seeds a travaill\u00e9 consciencieusement pour stabiliser les ratios THC et CBD dans une proportion de 1: 1 allant jusqu&rsquo;\u00e0 20% du total de cannabino\u00efdes. C&rsquo;est la solution pour le consommateur contemporain qui vise \u00e0 obtenir des productions importantes avec des pourcentages \u00e9lev\u00e9s de THC et de CBD.<\/p>\n<p style=\"text-align:justify;\">De plus, <strong>Morpheus<\/strong> se distingue par sa structure ramifi\u00e9e, sans \u00eatre excessive, avec une croissance puissante qui culmine dans une floraison r\u00e9sineuse. En un coup d&rsquo;\u0153il, vous pouvez voir, dans la phase finale de la culture, les nombreux trichomes qui lui donnent ce look, si d\u00e9sir\u00e9, cela ajout\u00e9 \u00e0 ses saveurs d&rsquo;agrumes font de cette vari\u00e9t\u00e9 un d\u00e9lice pour les plus exigeants.<\/p>\n<p><a style=\"background-color:#ff0000;color:#ffffff;\" href=\"https:\/\/www.youtube.com\/watch?v=MBhDks55vsI\" class=\"btn btn-default\" target=\"_blank\" rel=\"noreferrer noopener nofollow\">YouTube \u25ba<\/a><\/p>\n","protected":false},"excerpt":{"rendered":"<p style=\"text-align:justify;\">Avec cette vari\u00e9t\u00e9 non auto-florissante, le dicton mythologique s&rsquo;accomplit . \u00ab\u00a0Etre dans les bras de <strong>Morph\u00e9e<\/strong>\u00ab\u00a0, Dieu des r\u00eaves, avec lequel tu te plongeras dans une excursion psychique sans perdre la lucidit\u00e9.<\/p>\n","protected":false},"featured_media":4038,"template":"","meta":{"_joinchat":[]},"product_brand":[],"product_cat":[662,636,111],"product_tag":[1502,1463,1427,1431,1454,1439,1479,1404,1443,1520],"class_list":{"0":"post-4071","1":"product","2":"type-product","3":"status-publish","4":"has-post-thumbnail","6":"product_cat-cbd-fr","7":"product_cat-original-buddha-seeds-fr","8":"product_cat-varietes-buddha-seeds","9":"product_tag-cannabis-interieur","10":"product_tag-cannabis-plein-air","11":"product_tag-cannabis-indica-fr","12":"product_tag-cannabis-medical","13":"product_tag-cannabis-resistant-aux-parasites","14":"product_tag-graines-cbd","15":"product_tag-graines-photodependantes","16":"product_tag-cannabis-pour-relaxation","17":"product_tag-cannabis-pour-mieux-dormir","18":"product_tag-marijuana-productive","19":"pa_efecto-cerebralyplacentero-fr","20":"pa_fa-produccionenexteriorporpl-1_15kg-fr","21":"pa_genetica-hibrida-fr","22":"pa_mesdecosecha-7e-principiosdeoctubrehemisf-fr","23":"pa_produccionm-450_480gr-fr","24":"pa_semillas-10unidades-fr","25":"pa_semillas-3unidades-fr","26":"pa_semillas-50unidades-fr","27":"pa_sexo-feminizada-fr","28":"pa_tiempodefloracion-65dias-fr","29":"pa_tipo-graines-cbd","30":"pa_tipo-photodependant-fr","32":"first","33":"instock","34":"taxable","35":"shipping-taxable","36":"purchasable","37":"product-type-variable"},"yoast_head":"<!-- This site is optimized with the Yoast SEO plugin v27.3 - https:\/\/yoast.com\/product\/yoast-seo-wordpress\/ -->\n<title>Morpheus \u2022 Buddha Seeds<\/title>\n<meta name=\"robots\" content=\"index, follow, max-snippet:-1, max-image-preview:large, max-video-preview:-1\" \/>\n<link rel=\"canonical\" href=\"https:\/\/buddhaseedbank.com\/fr\/producto\/morpheus-2\/\" \/>\n<meta property=\"og:locale\" content=\"fr_FR\" \/>\n<meta property=\"og:type\" content=\"article\" \/>\n<meta property=\"og:title\" content=\"Morpheus \u2022 Buddha Seeds\" \/>\n<meta property=\"og:description\" content=\"Avec cette vari\u00e9t\u00e9 non auto-florissante, le dicton mythologique s&#039;accomplit . &quot;Etre dans les bras de Morph\u00e9e&quot;, Dieu des r\u00eaves, avec lequel tu te plongeras dans une excursion psychique sans perdre la lucidit\u00e9.\" \/>\n<meta property=\"og:url\" content=\"https:\/\/buddhaseedbank.com\/fr\/producto\/morpheus-2\/\" \/>\n<meta property=\"og:site_name\" content=\"Buddha Seeds\" \/>\n<meta property=\"article:modified_time\" content=\"2025-08-14T08:59:28+00:00\" \/>\n<meta property=\"og:image\" content=\"https:\/\/buddhaseedbank.com\/wp-content\/uploads\/2020\/12\/199-Morpheus.jpg\" \/>\n\t<meta property=\"og:image:width\" content=\"1080\" \/>\n\t<meta property=\"og:image:height\" content=\"1080\" \/>\n\t<meta property=\"og:image:type\" content=\"image\/jpeg\" \/>\n<meta name=\"twitter:card\" content=\"summary_large_image\" \/>\n<meta name=\"twitter:label1\" content=\"Dur\u00e9e de lecture estim\u00e9e\" \/>\n\t<meta name=\"twitter:data1\" content=\"1 minute\" \/>\n<script type=\"application\/ld+json\" class=\"yoast-schema-graph\">{\"@context\":\"https:\\\/\\\/schema.org\",\"@graph\":[{\"@type\":\"WebPage\",\"@id\":\"https:\\\/\\\/buddhaseedbank.com\\\/fr\\\/producto\\\/morpheus-2\\\/\",\"url\":\"https:\\\/\\\/buddhaseedbank.com\\\/fr\\\/producto\\\/morpheus-2\\\/\",\"name\":\"Morpheus \u2022 Buddha Seeds\",\"isPartOf\":{\"@id\":\"https:\\\/\\\/buddhaseedbank.com\\\/fr\\\/#website\"},\"primaryImageOfPage\":{\"@id\":\"https:\\\/\\\/buddhaseedbank.com\\\/fr\\\/producto\\\/morpheus-2\\\/#primaryimage\"},\"image\":{\"@id\":\"https:\\\/\\\/buddhaseedbank.com\\\/fr\\\/producto\\\/morpheus-2\\\/#primaryimage\"},\"thumbnailUrl\":\"https:\\\/\\\/buddhaseedbank.com\\\/wp-content\\\/uploads\\\/2020\\\/12\\\/199-Morpheus.jpg\",\"datePublished\":\"2020-12-01T11:10:54+00:00\",\"dateModified\":\"2025-08-14T08:59:28+00:00\",\"breadcrumb\":{\"@id\":\"https:\\\/\\\/buddhaseedbank.com\\\/fr\\\/producto\\\/morpheus-2\\\/#breadcrumb\"},\"inLanguage\":\"fr-FR\",\"potentialAction\":[{\"@type\":\"ReadAction\",\"target\":[\"https:\\\/\\\/buddhaseedbank.com\\\/fr\\\/producto\\\/morpheus-2\\\/\"]}]},{\"@type\":\"ImageObject\",\"inLanguage\":\"fr-FR\",\"@id\":\"https:\\\/\\\/buddhaseedbank.com\\\/fr\\\/producto\\\/morpheus-2\\\/#primaryimage\",\"url\":\"https:\\\/\\\/buddhaseedbank.com\\\/wp-content\\\/uploads\\\/2020\\\/12\\\/199-Morpheus.jpg\",\"contentUrl\":\"https:\\\/\\\/buddhaseedbank.com\\\/wp-content\\\/uploads\\\/2020\\\/12\\\/199-Morpheus.jpg\",\"width\":1080,\"height\":1080,\"caption\":\"Morpheus Buddha Seeds fotodependiente resinosa cannabis medicinal\"},{\"@type\":\"BreadcrumbList\",\"@id\":\"https:\\\/\\\/buddhaseedbank.com\\\/fr\\\/producto\\\/morpheus-2\\\/#breadcrumb\",\"itemListElement\":[{\"@type\":\"ListItem\",\"position\":1,\"name\":\"Portada\",\"item\":\"https:\\\/\\\/buddhaseedbank.com\\\/fr\\\/\"},{\"@type\":\"ListItem\",\"position\":2,\"name\":\"Boutique\",\"item\":\"https:\\\/\\\/buddhaseedbank.com\\\/fr\\\/boutique\\\/\"},{\"@type\":\"ListItem\",\"position\":3,\"name\":\"Morpheus\"}]},{\"@type\":\"WebSite\",\"@id\":\"https:\\\/\\\/buddhaseedbank.com\\\/fr\\\/#website\",\"url\":\"https:\\\/\\\/buddhaseedbank.com\\\/fr\\\/\",\"name\":\"Buddha Seeds\",\"description\":\"\",\"publisher\":{\"@id\":\"https:\\\/\\\/buddhaseedbank.com\\\/fr\\\/#organization\"},\"potentialAction\":[{\"@type\":\"SearchAction\",\"target\":{\"@type\":\"EntryPoint\",\"urlTemplate\":\"https:\\\/\\\/buddhaseedbank.com\\\/fr\\\/?s={search_term_string}\"},\"query-input\":{\"@type\":\"PropertyValueSpecification\",\"valueRequired\":true,\"valueName\":\"search_term_string\"}}],\"inLanguage\":\"fr-FR\"},{\"@type\":\"Organization\",\"@id\":\"https:\\\/\\\/buddhaseedbank.com\\\/fr\\\/#organization\",\"name\":\"Buddha Seeds\",\"url\":\"https:\\\/\\\/buddhaseedbank.com\\\/fr\\\/\",\"logo\":{\"@type\":\"ImageObject\",\"inLanguage\":\"fr-FR\",\"@id\":\"https:\\\/\\\/buddhaseedbank.com\\\/fr\\\/#\\\/schema\\\/logo\\\/image\\\/\",\"url\":\"https:\\\/\\\/buddhaseedbank.com\\\/wp-content\\\/uploads\\\/2024\\\/04\\\/buddha-seeds-logo-1622448424-1.png\",\"contentUrl\":\"https:\\\/\\\/buddhaseedbank.com\\\/wp-content\\\/uploads\\\/2024\\\/04\\\/buddha-seeds-logo-1622448424-1.png\",\"width\":478,\"height\":200,\"caption\":\"Buddha Seeds\"},\"image\":{\"@id\":\"https:\\\/\\\/buddhaseedbank.com\\\/fr\\\/#\\\/schema\\\/logo\\\/image\\\/\"}}]}<\/script>\n<!-- \/ Yoast SEO plugin. -->","yoast_head_json":{"title":"Morpheus \u2022 Buddha Seeds","robots":{"index":"index","follow":"follow","max-snippet":"max-snippet:-1","max-image-preview":"max-image-preview:large","max-video-preview":"max-video-preview:-1"},"canonical":"https:\/\/buddhaseedbank.com\/fr\/producto\/morpheus-2\/","og_locale":"fr_FR","og_type":"article","og_title":"Morpheus \u2022 Buddha Seeds","og_description":"Avec cette vari\u00e9t\u00e9 non auto-florissante, le dicton mythologique s'accomplit . \"Etre dans les bras de Morph\u00e9e\", Dieu des r\u00eaves, avec lequel tu te plongeras dans une excursion psychique sans perdre la lucidit\u00e9.","og_url":"https:\/\/buddhaseedbank.com\/fr\/producto\/morpheus-2\/","og_site_name":"Buddha Seeds","article_modified_time":"2025-08-14T08:59:28+00:00","og_image":[{"width":1080,"height":1080,"url":"https:\/\/buddhaseedbank.com\/wp-content\/uploads\/2020\/12\/199-Morpheus.jpg","type":"image\/jpeg"}],"twitter_card":"summary_large_image","twitter_misc":{"Dur\u00e9e de lecture estim\u00e9e":"1 minute"},"schema":{"@context":"https:\/\/schema.org","@graph":[{"@type":"WebPage","@id":"https:\/\/buddhaseedbank.com\/fr\/producto\/morpheus-2\/","url":"https:\/\/buddhaseedbank.com\/fr\/producto\/morpheus-2\/","name":"Morpheus \u2022 Buddha Seeds","isPartOf":{"@id":"https:\/\/buddhaseedbank.com\/fr\/#website"},"primaryImageOfPage":{"@id":"https:\/\/buddhaseedbank.com\/fr\/producto\/morpheus-2\/#primaryimage"},"image":{"@id":"https:\/\/buddhaseedbank.com\/fr\/producto\/morpheus-2\/#primaryimage"},"thumbnailUrl":"https:\/\/buddhaseedbank.com\/wp-content\/uploads\/2020\/12\/199-Morpheus.jpg","datePublished":"2020-12-01T11:10:54+00:00","dateModified":"2025-08-14T08:59:28+00:00","breadcrumb":{"@id":"https:\/\/buddhaseedbank.com\/fr\/producto\/morpheus-2\/#breadcrumb"},"inLanguage":"fr-FR","potentialAction":[{"@type":"ReadAction","target":["https:\/\/buddhaseedbank.com\/fr\/producto\/morpheus-2\/"]}]},{"@type":"ImageObject","inLanguage":"fr-FR","@id":"https:\/\/buddhaseedbank.com\/fr\/producto\/morpheus-2\/#primaryimage","url":"https:\/\/buddhaseedbank.com\/wp-content\/uploads\/2020\/12\/199-Morpheus.jpg","contentUrl":"https:\/\/buddhaseedbank.com\/wp-content\/uploads\/2020\/12\/199-Morpheus.jpg","width":1080,"height":1080,"caption":"Morpheus Buddha Seeds fotodependiente resinosa cannabis medicinal"},{"@type":"BreadcrumbList","@id":"https:\/\/buddhaseedbank.com\/fr\/producto\/morpheus-2\/#breadcrumb","itemListElement":[{"@type":"ListItem","position":1,"name":"Portada","item":"https:\/\/buddhaseedbank.com\/fr\/"},{"@type":"ListItem","position":2,"name":"Boutique","item":"https:\/\/buddhaseedbank.com\/fr\/boutique\/"},{"@type":"ListItem","position":3,"name":"Morpheus"}]},{"@type":"WebSite","@id":"https:\/\/buddhaseedbank.com\/fr\/#website","url":"https:\/\/buddhaseedbank.com\/fr\/","name":"Buddha Seeds","description":"","publisher":{"@id":"https:\/\/buddhaseedbank.com\/fr\/#organization"},"potentialAction":[{"@type":"SearchAction","target":{"@type":"EntryPoint","urlTemplate":"https:\/\/buddhaseedbank.com\/fr\/?s={search_term_string}"},"query-input":{"@type":"PropertyValueSpecification","valueRequired":true,"valueName":"search_term_string"}}],"inLanguage":"fr-FR"},{"@type":"Organization","@id":"https:\/\/buddhaseedbank.com\/fr\/#organization","name":"Buddha Seeds","url":"https:\/\/buddhaseedbank.com\/fr\/","logo":{"@type":"ImageObject","inLanguage":"fr-FR","@id":"https:\/\/buddhaseedbank.com\/fr\/#\/schema\/logo\/image\/","url":"https:\/\/buddhaseedbank.com\/wp-content\/uploads\/2024\/04\/buddha-seeds-logo-1622448424-1.png","contentUrl":"https:\/\/buddhaseedbank.com\/wp-content\/uploads\/2024\/04\/buddha-seeds-logo-1622448424-1.png","width":478,"height":200,"caption":"Buddha Seeds"},"image":{"@id":"https:\/\/buddhaseedbank.com\/fr\/#\/schema\/logo\/image\/"}}]}},"_links":{"self":[{"href":"https:\/\/buddhaseedbank.com\/fr\/wp-json\/wp\/v2\/product\/4071","targetHints":{"allow":["GET"]}}],"collection":[{"href":"https:\/\/buddhaseedbank.com\/fr\/wp-json\/wp\/v2\/product"}],"about":[{"href":"https:\/\/buddhaseedbank.com\/fr\/wp-json\/wp\/v2\/types\/product"}],"wp:featuredmedia":[{"embeddable":true,"href":"https:\/\/buddhaseedbank.com\/fr\/wp-json\/wp\/v2\/media\/4038"}],"wp:attachment":[{"href":"https:\/\/buddhaseedbank.com\/fr\/wp-json\/wp\/v2\/media?parent=4071"}],"wp:term":[{"taxonomy":"product_brand","embeddable":true,"href":"https:\/\/buddhaseedbank.com\/fr\/wp-json\/wp\/v2\/product_brand?post=4071"},{"taxonomy":"product_cat","embeddable":true,"href":"https:\/\/buddhaseedbank.com\/fr\/wp-json\/wp\/v2\/product_cat?post=4071"},{"taxonomy":"product_tag","embeddable":true,"href":"https:\/\/buddhaseedbank.com\/fr\/wp-json\/wp\/v2\/product_tag?post=4071"}],"curies":[{"name":"wp","href":"https:\/\/api.w.org\/{rel}","templated":true}]}}