{"id":4264,"date":"2020-12-01T14:55:34","date_gmt":"2020-12-01T13:55:34","guid":{"rendered":"https:\/\/buddhaseedbank.com\/producto\/buddha-ak\/"},"modified":"2020-12-01T14:55:34","modified_gmt":"2020-12-01T13:55:34","slug":"buddha-ak","status":"publish","type":"product","link":"https:\/\/buddhaseedbank.com\/fr\/producto\/buddha-ak\/","title":{"rendered":"Buddha AK"},"content":{"rendered":"<p style=\"text-align:justify;\">D\u00e8s le d\u00e9but, cette vari\u00e9t\u00e9 classique <strong>a gagn\u00e9 la popularit\u00e9 du public.<\/strong> Elle continue actuellement de r\u00e9unir des adeptes. L&rsquo;histoire de cette vari\u00e9t\u00e9 classique a \u00e9t\u00e9 pr\u00e9par\u00e9e \u00e0 feu doux, avec l&rsquo;intention claire de gagner une place dans l&rsquo;Olympe des l\u00e9gendes.<\/p>\n<p style=\"text-align:justify;\">Cette vari\u00e9t\u00e9 remonte aux ann\u00e9es 70 lorsque son incroyable puissance a marqu\u00e9 un avant et un apr\u00e8s que tr\u00e8s peu d\u2019hybrides, jusqu&rsquo;\u00e0 pr\u00e9sent, ont r\u00e9ussi \u00e0 \u00e9galer ou d\u00e9passer. Le nom de ce classique conduit \u00e0 tort les cultivateurs non-experts \u00e0 croire qu&rsquo;il fait r\u00e9f\u00e9rence \u00e0 l&rsquo;arme de guerre. Alors qu&rsquo;en r\u00e9alit\u00e9, son origine est celle d&rsquo;une de <strong>ses vari\u00e9t\u00e9s parentes, une pure Afghan Kush. <\/strong><\/p>\n<p style=\"text-align:justify;\">Dans les ann\u00e9es 70, il \u00e9tait encore relativement facile de trouver des vari\u00e9t\u00e9s pures que des voyageurs passionn\u00e9s collectionnaient avec enthousiasme dans des endroits \u00e9loign\u00e9s du globe. Quelque chose qui, de nos jours, est tr\u00e8s difficile \u00e0 trouver.<\/p>\n<p style=\"text-align:justify;\">Les <strong>parents d&rsquo;origine<\/strong>, bien qu&rsquo;il soit difficile d&rsquo;en \u00eatre s\u00fbr \u00e0 100 %, sont de pures sativas de Colombie, du Mexique, de Tha\u00eflande et d&rsquo;Afghanistan. Ces vari\u00e9t\u00e9s ont \u00e9t\u00e9 crois\u00e9es pendant des ann\u00e9es et apprivois\u00e9es par des cultivateurs experts, qui en ont fait, dans les ann\u00e9es 90, un v\u00e9ritable classique \u00e0 ce jour. Cet incroyable hybride \u00e0 l\u00e9g\u00e8re dominance sativa, d\u00e9j\u00e0 adapt\u00e9 \u00e0 la culture en int\u00e9rieur et ext\u00e9rieur, continue de fasciner n\u2019importe quel cultivateur.<\/p>\n<p style=\"text-align:justify;\">Cette vari\u00e9t\u00e9 a jou\u00e9 un r\u00f4le transcendantal dans la culture du cannabis, cr\u00e9ant depuis de nombreuses ann\u00e9es de nombreux hybrides nouvelles g\u00e9n\u00e9rations. Et ce n&rsquo;est pas tout, elle a aussi obtenu \u00e0 elle seule plus d&rsquo;une vingtaine de titres dans des coupes cannabiques tr\u00e8s reconnues. Chez <strong>Buddha Seeds, nous avons inclus,<\/strong> dans la s\u00e9lection des vari\u00e9t\u00e9s classiques, la version la plus fid\u00e8le \u00e0 l&rsquo;original.<\/p>\n<p style=\"text-align:justify;\"><strong>Notre s\u00e9lection provient de vieilles boutures<\/strong> conserv\u00e9es depuis plus de 20 ans qui conservent encore une vigueur incroyable. <strong>Buddha AK<\/strong> a bien s\u00fbr \u00e9t\u00e9 travaill\u00e9 par nos <em>breeder<\/em>s pour la rendre encore plus r\u00e9sistante et facile \u00e0 cultiver.<\/p>\n<p style=\"text-align:justify;\"><strong>Buddha Ak<\/strong> est plus compact et plus facile \u00e0 cultiver, \u00e9liminant la croissance excessive et incontr\u00f4l\u00e9e de ses vari\u00e9t\u00e9s parentes sativa, maintenant son essence, sa production et sa puissance dans des colas beaucoup plus volumineux qui surprennent m\u00eame les experts.<\/p>\n<p style=\"text-align:justify;\"><strong>Buddha AK<\/strong> est aussi s\u00e9lectionn\u00e9 parmi les sp\u00e9cimens ayant la plus forte concentration de THC. Vous comprendrez alors pourquoi ce classique continue aujourd&rsquo;hui \u00e0 remplir les placards et sa fum\u00e9e satisfait les palais les plus exigeants.<\/p>\n","protected":false},"excerpt":{"rendered":"<p style=\"text-align:justify;\">Cette vari\u00e9t\u00e9 remonte aux ann\u00e9es 70 lorsque son incroyable puissance a marqu\u00e9 un avant et un apr\u00e8s que tr\u00e8s peu d\u2019hybrides, jusqu&rsquo;\u00e0 pr\u00e9sent, ont r\u00e9ussi \u00e0 \u00e9galer ou d\u00e9passer. Le nom de ce classique conduit \u00e0 tort les cultivateurs non-experts \u00e0 croire qu&rsquo;il fait r\u00e9f\u00e9rence \u00e0 l&rsquo;arme de guerre. Alors qu&rsquo;en r\u00e9alit\u00e9, son origine est celle d&rsquo;une de <strong>ses vari\u00e9t\u00e9s parentes, une pure Afghan Kush. <\/strong><\/p>\n","protected":false},"featured_media":4241,"template":"","meta":{"_joinchat":[]},"product_brand":[],"product_cat":[641,111],"product_tag":[1394,1454,1459,1479,1506],"class_list":{"0":"post-4264","1":"product","2":"type-product","3":"status-publish","4":"has-post-thumbnail","6":"product_cat-classics-buddha-seeds-fr","7":"product_cat-varietes-buddha-seeds","8":"product_tag-cannabis-effet-puissant","9":"product_tag-cannabis-resistant-aux-parasites","10":"product_tag-cannabis-sativa-fr","11":"product_tag-graines-photodependantes","12":"product_tag-les-classiques-cannabis","13":"pa_efecto-b5-energicoparalosdiasgrises-fr","14":"pa_fa-produccionenexteriorporpl-500_2000gr-fr","15":"pa_genetica-sativa-fr","16":"pa_mesdecosecha-3d-segundamitaddeoctubrehemi-fr","17":"pa_produccionm-500_550gr-fr","18":"pa_semillas-10unidades-fr","19":"pa_semillas-3unidades-fr","20":"pa_semillas-50unidades-fr","21":"pa_sexo-feminizada-fr","22":"pa_tiempodefloracion-60_63dias-fr","23":"pa_tipo-photodependant-fr","25":"first","26":"instock","27":"taxable","28":"shipping-taxable","29":"purchasable","30":"product-type-variable"},"yoast_head":"<!-- This site is optimized with the Yoast SEO plugin v27.3 - https:\/\/yoast.com\/product\/yoast-seo-wordpress\/ -->\n<title>Buddha AK \u2022 Buddha Seeds<\/title>\n<meta name=\"robots\" content=\"index, follow, max-snippet:-1, max-image-preview:large, max-video-preview:-1\" \/>\n<link rel=\"canonical\" href=\"https:\/\/buddhaseedbank.com\/fr\/producto\/buddha-ak\/\" \/>\n<meta property=\"og:locale\" content=\"fr_FR\" \/>\n<meta property=\"og:type\" content=\"article\" \/>\n<meta property=\"og:title\" content=\"Buddha AK \u2022 Buddha Seeds\" \/>\n<meta property=\"og:description\" content=\"Cette vari\u00e9t\u00e9 remonte aux ann\u00e9es 70 lorsque son incroyable puissance a marqu\u00e9 un avant et un apr\u00e8s que tr\u00e8s peu d\u2019hybrides, jusqu&#039;\u00e0 pr\u00e9sent, ont r\u00e9ussi \u00e0 \u00e9galer ou d\u00e9passer. Le nom de ce classique conduit \u00e0 tort les cultivateurs non-experts \u00e0 croire qu&#039;il fait r\u00e9f\u00e9rence \u00e0 l&#039;arme de guerre. Alors qu&#039;en r\u00e9alit\u00e9, son origine est celle d&#039;une de ses vari\u00e9t\u00e9s parentes, une pure Afghan Kush.\" \/>\n<meta property=\"og:url\" content=\"https:\/\/buddhaseedbank.com\/fr\/producto\/buddha-ak\/\" \/>\n<meta property=\"og:site_name\" content=\"Buddha Seeds\" \/>\n<meta property=\"og:image\" content=\"https:\/\/buddhaseedbank.com\/wp-content\/uploads\/2020\/12\/211-Buddha-AK.jpg\" \/>\n\t<meta property=\"og:image:width\" content=\"1080\" \/>\n\t<meta property=\"og:image:height\" content=\"1080\" \/>\n\t<meta property=\"og:image:type\" content=\"image\/jpeg\" \/>\n<meta name=\"twitter:card\" content=\"summary_large_image\" \/>\n<meta name=\"twitter:label1\" content=\"Dur\u00e9e de lecture estim\u00e9e\" \/>\n\t<meta name=\"twitter:data1\" content=\"2 minutes\" \/>\n<script type=\"application\/ld+json\" class=\"yoast-schema-graph\">{\"@context\":\"https:\\\/\\\/schema.org\",\"@graph\":[{\"@type\":\"WebPage\",\"@id\":\"https:\\\/\\\/buddhaseedbank.com\\\/fr\\\/producto\\\/buddha-ak\\\/\",\"url\":\"https:\\\/\\\/buddhaseedbank.com\\\/fr\\\/producto\\\/buddha-ak\\\/\",\"name\":\"Buddha AK \u2022 Buddha Seeds\",\"isPartOf\":{\"@id\":\"https:\\\/\\\/buddhaseedbank.com\\\/fr\\\/#website\"},\"primaryImageOfPage\":{\"@id\":\"https:\\\/\\\/buddhaseedbank.com\\\/fr\\\/producto\\\/buddha-ak\\\/#primaryimage\"},\"image\":{\"@id\":\"https:\\\/\\\/buddhaseedbank.com\\\/fr\\\/producto\\\/buddha-ak\\\/#primaryimage\"},\"thumbnailUrl\":\"https:\\\/\\\/buddhaseedbank.com\\\/wp-content\\\/uploads\\\/2020\\\/12\\\/211-Buddha-AK.jpg\",\"datePublished\":\"2020-12-01T13:55:34+00:00\",\"breadcrumb\":{\"@id\":\"https:\\\/\\\/buddhaseedbank.com\\\/fr\\\/producto\\\/buddha-ak\\\/#breadcrumb\"},\"inLanguage\":\"fr-FR\",\"potentialAction\":[{\"@type\":\"ReadAction\",\"target\":[\"https:\\\/\\\/buddhaseedbank.com\\\/fr\\\/producto\\\/buddha-ak\\\/\"]}]},{\"@type\":\"ImageObject\",\"inLanguage\":\"fr-FR\",\"@id\":\"https:\\\/\\\/buddhaseedbank.com\\\/fr\\\/producto\\\/buddha-ak\\\/#primaryimage\",\"url\":\"https:\\\/\\\/buddhaseedbank.com\\\/wp-content\\\/uploads\\\/2020\\\/12\\\/211-Buddha-AK.jpg\",\"contentUrl\":\"https:\\\/\\\/buddhaseedbank.com\\\/wp-content\\\/uploads\\\/2020\\\/12\\\/211-Buddha-AK.jpg\",\"width\":1080,\"height\":1080,\"caption\":\"Buddha AK Buddha Seeds mejor semilla fotodependiente cannabis cl\u00e1sica\"},{\"@type\":\"BreadcrumbList\",\"@id\":\"https:\\\/\\\/buddhaseedbank.com\\\/fr\\\/producto\\\/buddha-ak\\\/#breadcrumb\",\"itemListElement\":[{\"@type\":\"ListItem\",\"position\":1,\"name\":\"Portada\",\"item\":\"https:\\\/\\\/buddhaseedbank.com\\\/fr\\\/\"},{\"@type\":\"ListItem\",\"position\":2,\"name\":\"Boutique\",\"item\":\"https:\\\/\\\/buddhaseedbank.com\\\/fr\\\/boutique\\\/\"},{\"@type\":\"ListItem\",\"position\":3,\"name\":\"Buddha AK\"}]},{\"@type\":\"WebSite\",\"@id\":\"https:\\\/\\\/buddhaseedbank.com\\\/fr\\\/#website\",\"url\":\"https:\\\/\\\/buddhaseedbank.com\\\/fr\\\/\",\"name\":\"Buddha Seeds\",\"description\":\"\",\"publisher\":{\"@id\":\"https:\\\/\\\/buddhaseedbank.com\\\/fr\\\/#organization\"},\"potentialAction\":[{\"@type\":\"SearchAction\",\"target\":{\"@type\":\"EntryPoint\",\"urlTemplate\":\"https:\\\/\\\/buddhaseedbank.com\\\/fr\\\/?s={search_term_string}\"},\"query-input\":{\"@type\":\"PropertyValueSpecification\",\"valueRequired\":true,\"valueName\":\"search_term_string\"}}],\"inLanguage\":\"fr-FR\"},{\"@type\":\"Organization\",\"@id\":\"https:\\\/\\\/buddhaseedbank.com\\\/fr\\\/#organization\",\"name\":\"Buddha Seeds\",\"url\":\"https:\\\/\\\/buddhaseedbank.com\\\/fr\\\/\",\"logo\":{\"@type\":\"ImageObject\",\"inLanguage\":\"fr-FR\",\"@id\":\"https:\\\/\\\/buddhaseedbank.com\\\/fr\\\/#\\\/schema\\\/logo\\\/image\\\/\",\"url\":\"https:\\\/\\\/buddhaseedbank.com\\\/wp-content\\\/uploads\\\/2024\\\/04\\\/buddha-seeds-logo-1622448424-1.png\",\"contentUrl\":\"https:\\\/\\\/buddhaseedbank.com\\\/wp-content\\\/uploads\\\/2024\\\/04\\\/buddha-seeds-logo-1622448424-1.png\",\"width\":478,\"height\":200,\"caption\":\"Buddha Seeds\"},\"image\":{\"@id\":\"https:\\\/\\\/buddhaseedbank.com\\\/fr\\\/#\\\/schema\\\/logo\\\/image\\\/\"}}]}<\/script>\n<!-- \/ Yoast SEO plugin. -->","yoast_head_json":{"title":"Buddha AK \u2022 Buddha Seeds","robots":{"index":"index","follow":"follow","max-snippet":"max-snippet:-1","max-image-preview":"max-image-preview:large","max-video-preview":"max-video-preview:-1"},"canonical":"https:\/\/buddhaseedbank.com\/fr\/producto\/buddha-ak\/","og_locale":"fr_FR","og_type":"article","og_title":"Buddha AK \u2022 Buddha Seeds","og_description":"Cette vari\u00e9t\u00e9 remonte aux ann\u00e9es 70 lorsque son incroyable puissance a marqu\u00e9 un avant et un apr\u00e8s que tr\u00e8s peu d\u2019hybrides, jusqu'\u00e0 pr\u00e9sent, ont r\u00e9ussi \u00e0 \u00e9galer ou d\u00e9passer. Le nom de ce classique conduit \u00e0 tort les cultivateurs non-experts \u00e0 croire qu'il fait r\u00e9f\u00e9rence \u00e0 l'arme de guerre. Alors qu'en r\u00e9alit\u00e9, son origine est celle d'une de ses vari\u00e9t\u00e9s parentes, une pure Afghan Kush.","og_url":"https:\/\/buddhaseedbank.com\/fr\/producto\/buddha-ak\/","og_site_name":"Buddha Seeds","og_image":[{"width":1080,"height":1080,"url":"https:\/\/buddhaseedbank.com\/wp-content\/uploads\/2020\/12\/211-Buddha-AK.jpg","type":"image\/jpeg"}],"twitter_card":"summary_large_image","twitter_misc":{"Dur\u00e9e de lecture estim\u00e9e":"2 minutes"},"schema":{"@context":"https:\/\/schema.org","@graph":[{"@type":"WebPage","@id":"https:\/\/buddhaseedbank.com\/fr\/producto\/buddha-ak\/","url":"https:\/\/buddhaseedbank.com\/fr\/producto\/buddha-ak\/","name":"Buddha AK \u2022 Buddha Seeds","isPartOf":{"@id":"https:\/\/buddhaseedbank.com\/fr\/#website"},"primaryImageOfPage":{"@id":"https:\/\/buddhaseedbank.com\/fr\/producto\/buddha-ak\/#primaryimage"},"image":{"@id":"https:\/\/buddhaseedbank.com\/fr\/producto\/buddha-ak\/#primaryimage"},"thumbnailUrl":"https:\/\/buddhaseedbank.com\/wp-content\/uploads\/2020\/12\/211-Buddha-AK.jpg","datePublished":"2020-12-01T13:55:34+00:00","breadcrumb":{"@id":"https:\/\/buddhaseedbank.com\/fr\/producto\/buddha-ak\/#breadcrumb"},"inLanguage":"fr-FR","potentialAction":[{"@type":"ReadAction","target":["https:\/\/buddhaseedbank.com\/fr\/producto\/buddha-ak\/"]}]},{"@type":"ImageObject","inLanguage":"fr-FR","@id":"https:\/\/buddhaseedbank.com\/fr\/producto\/buddha-ak\/#primaryimage","url":"https:\/\/buddhaseedbank.com\/wp-content\/uploads\/2020\/12\/211-Buddha-AK.jpg","contentUrl":"https:\/\/buddhaseedbank.com\/wp-content\/uploads\/2020\/12\/211-Buddha-AK.jpg","width":1080,"height":1080,"caption":"Buddha AK Buddha Seeds mejor semilla fotodependiente cannabis cl\u00e1sica"},{"@type":"BreadcrumbList","@id":"https:\/\/buddhaseedbank.com\/fr\/producto\/buddha-ak\/#breadcrumb","itemListElement":[{"@type":"ListItem","position":1,"name":"Portada","item":"https:\/\/buddhaseedbank.com\/fr\/"},{"@type":"ListItem","position":2,"name":"Boutique","item":"https:\/\/buddhaseedbank.com\/fr\/boutique\/"},{"@type":"ListItem","position":3,"name":"Buddha AK"}]},{"@type":"WebSite","@id":"https:\/\/buddhaseedbank.com\/fr\/#website","url":"https:\/\/buddhaseedbank.com\/fr\/","name":"Buddha Seeds","description":"","publisher":{"@id":"https:\/\/buddhaseedbank.com\/fr\/#organization"},"potentialAction":[{"@type":"SearchAction","target":{"@type":"EntryPoint","urlTemplate":"https:\/\/buddhaseedbank.com\/fr\/?s={search_term_string}"},"query-input":{"@type":"PropertyValueSpecification","valueRequired":true,"valueName":"search_term_string"}}],"inLanguage":"fr-FR"},{"@type":"Organization","@id":"https:\/\/buddhaseedbank.com\/fr\/#organization","name":"Buddha Seeds","url":"https:\/\/buddhaseedbank.com\/fr\/","logo":{"@type":"ImageObject","inLanguage":"fr-FR","@id":"https:\/\/buddhaseedbank.com\/fr\/#\/schema\/logo\/image\/","url":"https:\/\/buddhaseedbank.com\/wp-content\/uploads\/2024\/04\/buddha-seeds-logo-1622448424-1.png","contentUrl":"https:\/\/buddhaseedbank.com\/wp-content\/uploads\/2024\/04\/buddha-seeds-logo-1622448424-1.png","width":478,"height":200,"caption":"Buddha Seeds"},"image":{"@id":"https:\/\/buddhaseedbank.com\/fr\/#\/schema\/logo\/image\/"}}]}},"_links":{"self":[{"href":"https:\/\/buddhaseedbank.com\/fr\/wp-json\/wp\/v2\/product\/4264","targetHints":{"allow":["GET"]}}],"collection":[{"href":"https:\/\/buddhaseedbank.com\/fr\/wp-json\/wp\/v2\/product"}],"about":[{"href":"https:\/\/buddhaseedbank.com\/fr\/wp-json\/wp\/v2\/types\/product"}],"wp:featuredmedia":[{"embeddable":true,"href":"https:\/\/buddhaseedbank.com\/fr\/wp-json\/wp\/v2\/media\/4241"}],"wp:attachment":[{"href":"https:\/\/buddhaseedbank.com\/fr\/wp-json\/wp\/v2\/media?parent=4264"}],"wp:term":[{"taxonomy":"product_brand","embeddable":true,"href":"https:\/\/buddhaseedbank.com\/fr\/wp-json\/wp\/v2\/product_brand?post=4264"},{"taxonomy":"product_cat","embeddable":true,"href":"https:\/\/buddhaseedbank.com\/fr\/wp-json\/wp\/v2\/product_cat?post=4264"},{"taxonomy":"product_tag","embeddable":true,"href":"https:\/\/buddhaseedbank.com\/fr\/wp-json\/wp\/v2\/product_tag?post=4264"}],"curies":[{"name":"wp","href":"https:\/\/api.w.org\/{rel}","templated":true}]}}