{"id":4324,"date":"2020-12-02T11:12:13","date_gmt":"2020-12-02T10:12:13","guid":{"rendered":"https:\/\/buddhaseedbank.com\/producto\/buddha-amnesia\/"},"modified":"2025-05-15T22:47:18","modified_gmt":"2025-05-15T20:47:18","slug":"buddha-amnesia","status":"publish","type":"product","link":"https:\/\/buddhaseedbank.com\/fr\/producto\/buddha-amnesia\/","title":{"rendered":"Buddha Amnesia"},"content":{"rendered":"<p style=\"text-align:justify;\">Amnesia <strong>est devenue c\u00e9l\u00e8bre en peu de temps<\/strong> et avec des arguments solides, ce qui lui a permis de gagner la confiance du consommateur r\u00e9gulier. Une telle popularit\u00e9 l&rsquo;a catapult\u00e9 de la c\u00f4te ouest des \u00c9tats-Unis jusqu\u2019\u00e0 la Mecque de la marijuana en Europe : Amsterdam. Une ville o\u00f9 elle occupe toujours une place importante sur le menu des coffee shops.<\/p>\n<p style=\"text-align:justify;\">La <strong>r\u00e9putation de cette vari\u00e9t\u00e9 classique<\/strong> a \u00e9t\u00e9 forg\u00e9e principalement par l&rsquo;effet produit par sa consommation. Il s&rsquo;agit d\u2019une <strong>vari\u00e9t\u00e9 stimulante<\/strong> gr\u00e2ce \u00e0 une charge sativa plus \u00e9lev\u00e9e dans sa g\u00e9n\u00e9tique. Elle est aussi cr\u00e9ative car elle permet au consommateur de s&rsquo;ouvrir \u00e0 de nouvelles id\u00e9es et\/ou \u00e0 de nouveaux projets. Elle offre un effet m\u00e9dicinal en r\u00e9duisant consid\u00e9rablement l&rsquo;anxi\u00e9t\u00e9 et le stress. Elle favorise \u00e9galement les relations sociales.<\/p>\n<p style=\"text-align:justify;\">Nous avons inclus toutes ces caract\u00e9ristiques dans <strong>Buddha Amnesia<\/strong> en hommage \u00e0 cette vari\u00e9t\u00e9 classique. Nous recommandons dans les cultures d&rsquo;int\u00e9rieur de ne pas la cultiver plus de deux semaines de par son g\u00e8ne sativa, ou d&rsquo;opter pour l\u2019\u00e9lagage et\/ou les<strong> techniques de culture<\/strong> telles que Scrog ou LST.<\/p>\n<p style=\"text-align:justify;\">En termes de go\u00fbts et d&rsquo;ar\u00f4mes, vous adorerez son <strong>incroyable saveur d&rsquo;encens<\/strong>. Cette vari\u00e9t\u00e9 inonde la pi\u00e8ce et vos sens d&rsquo;ar\u00f4mes.<\/p>\n<p style=\"text-align:justify;\">Cet effet si caract\u00e9ristique de cette vari\u00e9t\u00e9 classique est souvent utilis\u00e9 par les peintres, les musiciens et les artistes pour enclencher l\u2019\u00e9tincelle cr\u00e9ative n\u00e9cessaire. Les fumeurs occasionnels l&rsquo;appr\u00e9cieront aussi pour cela et pour sa capacit\u00e9 \u00e0 provoquer rapidement les rires. <strong>Buddha Amnesia<\/strong> peut aussi atteindre des pourcentages \u00e9lev\u00e9s de THC.<\/p>\n<p style=\"text-align:justify;\">Des ph\u00e9notypes aux touches d&rsquo;agrumes se distinguent. C&rsquo;est \u00e0 partir de ces derni\u00e8res qu\u2019apparaissent les lignes Amnesia Lemon et d&rsquo;autres avec des nuances de bois. Le go\u00fbt reste longtemps en bouche et se d\u00e9guste \u00e0 chaque expiration pendant quelques minutes. De la <strong>vari\u00e9t\u00e9 Haze, elle conserve <\/strong>sa richesse en terp\u00e8nes ce qui la place parmi les favoris pour les recettes culinaires.<\/p>\n","protected":false},"excerpt":{"rendered":"<p style=\"text-align:justify;\">Amnesia <strong>est devenue c\u00e9l\u00e8bre en peu de temps<\/strong> et avec des arguments solides, ce qui lui a permis de gagner la confiance du consommateur r\u00e9gulier. Une telle popularit\u00e9 l&rsquo;a catapult\u00e9 de la c\u00f4te ouest des \u00c9tats-Unis jusqu\u2019\u00e0 la Mecque de la marijuana en Europe : Amsterdam. Une ville o\u00f9 elle occupe toujours une place importante sur le menu des coffee shops.<\/p>\n","protected":false},"featured_media":4301,"template":"","meta":{"_joinchat":[]},"product_brand":[],"product_cat":[641,111],"product_tag":[1394,1459,1479,1450,1520],"class_list":{"0":"post-4324","1":"product","2":"type-product","3":"status-publish","4":"has-post-thumbnail","6":"product_cat-classics-buddha-seeds-fr","7":"product_cat-varietes-buddha-seeds","8":"product_tag-cannabis-effet-puissant","9":"product_tag-cannabis-sativa-fr","10":"product_tag-graines-photodependantes","11":"product_tag-cannabis-anxiete-stress","12":"product_tag-marijuana-productive","13":"pa_efecto-43-estimulante_creativa_soci-fr","14":"pa_fa-produccionenexteriorporpl-500_2000gr-fr","15":"pa_genetica-sativa-fr","16":"pa_mesdecosecha-55-segundamitaddeoctubrehemi-fr","17":"pa_produccionm-500_650gr-fr","18":"pa_semillas-10unidades-fr","19":"pa_semillas-3unidades-fr","20":"pa_semillas-50unidades-fr","21":"pa_sexo-feminizada-fr","22":"pa_tiempodefloracion-70dias-fr","23":"pa_tipo-photodependant-fr","25":"first","26":"instock","27":"taxable","28":"shipping-taxable","29":"purchasable","30":"product-type-variable"},"yoast_head":"<!-- This site is optimized with the Yoast SEO plugin v27.5 - https:\/\/yoast.com\/product\/yoast-seo-wordpress\/ -->\n<title>Buddha Amnesia \u2022 Buddha Seeds<\/title>\n<meta name=\"robots\" content=\"index, follow, max-snippet:-1, max-image-preview:large, max-video-preview:-1\" \/>\n<link rel=\"canonical\" href=\"https:\/\/buddhaseedbank.com\/fr\/producto\/buddha-amnesia\/\" \/>\n<meta property=\"og:locale\" content=\"fr_FR\" \/>\n<meta property=\"og:type\" content=\"article\" \/>\n<meta property=\"og:title\" content=\"Buddha Amnesia \u2022 Buddha Seeds\" \/>\n<meta property=\"og:description\" content=\"Amnesia est devenue c\u00e9l\u00e8bre en peu de temps et avec des arguments solides, ce qui lui a permis de gagner la confiance du consommateur r\u00e9gulier. Une telle popularit\u00e9 l&#039;a catapult\u00e9 de la c\u00f4te ouest des \u00c9tats-Unis jusqu\u2019\u00e0 la Mecque de la marijuana en Europe : Amsterdam. Une ville o\u00f9 elle occupe toujours une place importante sur le menu des coffee shops.\" \/>\n<meta property=\"og:url\" content=\"https:\/\/buddhaseedbank.com\/fr\/producto\/buddha-amnesia\/\" \/>\n<meta property=\"og:site_name\" content=\"Buddha Seeds\" \/>\n<meta property=\"article:modified_time\" content=\"2025-05-15T20:47:18+00:00\" \/>\n<meta property=\"og:image\" content=\"https:\/\/buddhaseedbank.com\/wp-content\/uploads\/2020\/12\/213-Buddha-Amnesia.jpg\" \/>\n\t<meta property=\"og:image:width\" content=\"1080\" \/>\n\t<meta property=\"og:image:height\" content=\"1080\" \/>\n\t<meta property=\"og:image:type\" content=\"image\/jpeg\" \/>\n<meta name=\"twitter:card\" content=\"summary_large_image\" \/>\n<meta name=\"twitter:label1\" content=\"Dur\u00e9e de lecture estim\u00e9e\" \/>\n\t<meta name=\"twitter:data1\" content=\"2 minutes\" \/>\n<script type=\"application\/ld+json\" class=\"yoast-schema-graph\">{\"@context\":\"https:\\\/\\\/schema.org\",\"@graph\":[{\"@type\":\"WebPage\",\"@id\":\"https:\\\/\\\/buddhaseedbank.com\\\/fr\\\/producto\\\/buddha-amnesia\\\/\",\"url\":\"https:\\\/\\\/buddhaseedbank.com\\\/fr\\\/producto\\\/buddha-amnesia\\\/\",\"name\":\"Buddha Amnesia \u2022 Buddha Seeds\",\"isPartOf\":{\"@id\":\"https:\\\/\\\/buddhaseedbank.com\\\/fr\\\/#website\"},\"primaryImageOfPage\":{\"@id\":\"https:\\\/\\\/buddhaseedbank.com\\\/fr\\\/producto\\\/buddha-amnesia\\\/#primaryimage\"},\"image\":{\"@id\":\"https:\\\/\\\/buddhaseedbank.com\\\/fr\\\/producto\\\/buddha-amnesia\\\/#primaryimage\"},\"thumbnailUrl\":\"https:\\\/\\\/buddhaseedbank.com\\\/wp-content\\\/uploads\\\/2020\\\/12\\\/213-Buddha-Amnesia.jpg\",\"datePublished\":\"2020-12-02T10:12:13+00:00\",\"dateModified\":\"2025-05-15T20:47:18+00:00\",\"breadcrumb\":{\"@id\":\"https:\\\/\\\/buddhaseedbank.com\\\/fr\\\/producto\\\/buddha-amnesia\\\/#breadcrumb\"},\"inLanguage\":\"fr-FR\",\"potentialAction\":[{\"@type\":\"ReadAction\",\"target\":[\"https:\\\/\\\/buddhaseedbank.com\\\/fr\\\/producto\\\/buddha-amnesia\\\/\"]}]},{\"@type\":\"ImageObject\",\"inLanguage\":\"fr-FR\",\"@id\":\"https:\\\/\\\/buddhaseedbank.com\\\/fr\\\/producto\\\/buddha-amnesia\\\/#primaryimage\",\"url\":\"https:\\\/\\\/buddhaseedbank.com\\\/wp-content\\\/uploads\\\/2020\\\/12\\\/213-Buddha-Amnesia.jpg\",\"contentUrl\":\"https:\\\/\\\/buddhaseedbank.com\\\/wp-content\\\/uploads\\\/2020\\\/12\\\/213-Buddha-Amnesia.jpg\",\"width\":1080,\"height\":1080,\"caption\":\"Buddha Amnesia cl\u00e1sicos cannabis Buddha Seeds\"},{\"@type\":\"BreadcrumbList\",\"@id\":\"https:\\\/\\\/buddhaseedbank.com\\\/fr\\\/producto\\\/buddha-amnesia\\\/#breadcrumb\",\"itemListElement\":[{\"@type\":\"ListItem\",\"position\":1,\"name\":\"Portada\",\"item\":\"https:\\\/\\\/buddhaseedbank.com\\\/fr\\\/\"},{\"@type\":\"ListItem\",\"position\":2,\"name\":\"Boutique\",\"item\":\"https:\\\/\\\/buddhaseedbank.com\\\/fr\\\/boutique\\\/\"},{\"@type\":\"ListItem\",\"position\":3,\"name\":\"Buddha Amnesia\"}]},{\"@type\":\"WebSite\",\"@id\":\"https:\\\/\\\/buddhaseedbank.com\\\/fr\\\/#website\",\"url\":\"https:\\\/\\\/buddhaseedbank.com\\\/fr\\\/\",\"name\":\"Buddha Seeds\",\"description\":\"\",\"publisher\":{\"@id\":\"https:\\\/\\\/buddhaseedbank.com\\\/fr\\\/#organization\"},\"potentialAction\":[{\"@type\":\"SearchAction\",\"target\":{\"@type\":\"EntryPoint\",\"urlTemplate\":\"https:\\\/\\\/buddhaseedbank.com\\\/fr\\\/?s={search_term_string}\"},\"query-input\":{\"@type\":\"PropertyValueSpecification\",\"valueRequired\":true,\"valueName\":\"search_term_string\"}}],\"inLanguage\":\"fr-FR\"},{\"@type\":\"Organization\",\"@id\":\"https:\\\/\\\/buddhaseedbank.com\\\/fr\\\/#organization\",\"name\":\"Buddha Seeds\",\"url\":\"https:\\\/\\\/buddhaseedbank.com\\\/fr\\\/\",\"logo\":{\"@type\":\"ImageObject\",\"inLanguage\":\"fr-FR\",\"@id\":\"https:\\\/\\\/buddhaseedbank.com\\\/fr\\\/#\\\/schema\\\/logo\\\/image\\\/\",\"url\":\"https:\\\/\\\/buddhaseedbank.com\\\/wp-content\\\/uploads\\\/2024\\\/04\\\/buddha-seeds-logo-1622448424-1.png\",\"contentUrl\":\"https:\\\/\\\/buddhaseedbank.com\\\/wp-content\\\/uploads\\\/2024\\\/04\\\/buddha-seeds-logo-1622448424-1.png\",\"width\":478,\"height\":200,\"caption\":\"Buddha Seeds\"},\"image\":{\"@id\":\"https:\\\/\\\/buddhaseedbank.com\\\/fr\\\/#\\\/schema\\\/logo\\\/image\\\/\"}}]}<\/script>\n<!-- \/ Yoast SEO plugin. -->","yoast_head_json":{"title":"Buddha Amnesia \u2022 Buddha Seeds","robots":{"index":"index","follow":"follow","max-snippet":"max-snippet:-1","max-image-preview":"max-image-preview:large","max-video-preview":"max-video-preview:-1"},"canonical":"https:\/\/buddhaseedbank.com\/fr\/producto\/buddha-amnesia\/","og_locale":"fr_FR","og_type":"article","og_title":"Buddha Amnesia \u2022 Buddha Seeds","og_description":"Amnesia est devenue c\u00e9l\u00e8bre en peu de temps et avec des arguments solides, ce qui lui a permis de gagner la confiance du consommateur r\u00e9gulier. Une telle popularit\u00e9 l'a catapult\u00e9 de la c\u00f4te ouest des \u00c9tats-Unis jusqu\u2019\u00e0 la Mecque de la marijuana en Europe : Amsterdam. Une ville o\u00f9 elle occupe toujours une place importante sur le menu des coffee shops.","og_url":"https:\/\/buddhaseedbank.com\/fr\/producto\/buddha-amnesia\/","og_site_name":"Buddha Seeds","article_modified_time":"2025-05-15T20:47:18+00:00","og_image":[{"width":1080,"height":1080,"url":"https:\/\/buddhaseedbank.com\/wp-content\/uploads\/2020\/12\/213-Buddha-Amnesia.jpg","type":"image\/jpeg"}],"twitter_card":"summary_large_image","twitter_misc":{"Dur\u00e9e de lecture estim\u00e9e":"2 minutes"},"schema":{"@context":"https:\/\/schema.org","@graph":[{"@type":"WebPage","@id":"https:\/\/buddhaseedbank.com\/fr\/producto\/buddha-amnesia\/","url":"https:\/\/buddhaseedbank.com\/fr\/producto\/buddha-amnesia\/","name":"Buddha Amnesia \u2022 Buddha Seeds","isPartOf":{"@id":"https:\/\/buddhaseedbank.com\/fr\/#website"},"primaryImageOfPage":{"@id":"https:\/\/buddhaseedbank.com\/fr\/producto\/buddha-amnesia\/#primaryimage"},"image":{"@id":"https:\/\/buddhaseedbank.com\/fr\/producto\/buddha-amnesia\/#primaryimage"},"thumbnailUrl":"https:\/\/buddhaseedbank.com\/wp-content\/uploads\/2020\/12\/213-Buddha-Amnesia.jpg","datePublished":"2020-12-02T10:12:13+00:00","dateModified":"2025-05-15T20:47:18+00:00","breadcrumb":{"@id":"https:\/\/buddhaseedbank.com\/fr\/producto\/buddha-amnesia\/#breadcrumb"},"inLanguage":"fr-FR","potentialAction":[{"@type":"ReadAction","target":["https:\/\/buddhaseedbank.com\/fr\/producto\/buddha-amnesia\/"]}]},{"@type":"ImageObject","inLanguage":"fr-FR","@id":"https:\/\/buddhaseedbank.com\/fr\/producto\/buddha-amnesia\/#primaryimage","url":"https:\/\/buddhaseedbank.com\/wp-content\/uploads\/2020\/12\/213-Buddha-Amnesia.jpg","contentUrl":"https:\/\/buddhaseedbank.com\/wp-content\/uploads\/2020\/12\/213-Buddha-Amnesia.jpg","width":1080,"height":1080,"caption":"Buddha Amnesia cl\u00e1sicos cannabis Buddha Seeds"},{"@type":"BreadcrumbList","@id":"https:\/\/buddhaseedbank.com\/fr\/producto\/buddha-amnesia\/#breadcrumb","itemListElement":[{"@type":"ListItem","position":1,"name":"Portada","item":"https:\/\/buddhaseedbank.com\/fr\/"},{"@type":"ListItem","position":2,"name":"Boutique","item":"https:\/\/buddhaseedbank.com\/fr\/boutique\/"},{"@type":"ListItem","position":3,"name":"Buddha Amnesia"}]},{"@type":"WebSite","@id":"https:\/\/buddhaseedbank.com\/fr\/#website","url":"https:\/\/buddhaseedbank.com\/fr\/","name":"Buddha Seeds","description":"","publisher":{"@id":"https:\/\/buddhaseedbank.com\/fr\/#organization"},"potentialAction":[{"@type":"SearchAction","target":{"@type":"EntryPoint","urlTemplate":"https:\/\/buddhaseedbank.com\/fr\/?s={search_term_string}"},"query-input":{"@type":"PropertyValueSpecification","valueRequired":true,"valueName":"search_term_string"}}],"inLanguage":"fr-FR"},{"@type":"Organization","@id":"https:\/\/buddhaseedbank.com\/fr\/#organization","name":"Buddha Seeds","url":"https:\/\/buddhaseedbank.com\/fr\/","logo":{"@type":"ImageObject","inLanguage":"fr-FR","@id":"https:\/\/buddhaseedbank.com\/fr\/#\/schema\/logo\/image\/","url":"https:\/\/buddhaseedbank.com\/wp-content\/uploads\/2024\/04\/buddha-seeds-logo-1622448424-1.png","contentUrl":"https:\/\/buddhaseedbank.com\/wp-content\/uploads\/2024\/04\/buddha-seeds-logo-1622448424-1.png","width":478,"height":200,"caption":"Buddha Seeds"},"image":{"@id":"https:\/\/buddhaseedbank.com\/fr\/#\/schema\/logo\/image\/"}}]}},"_links":{"self":[{"href":"https:\/\/buddhaseedbank.com\/fr\/wp-json\/wp\/v2\/product\/4324","targetHints":{"allow":["GET"]}}],"collection":[{"href":"https:\/\/buddhaseedbank.com\/fr\/wp-json\/wp\/v2\/product"}],"about":[{"href":"https:\/\/buddhaseedbank.com\/fr\/wp-json\/wp\/v2\/types\/product"}],"wp:featuredmedia":[{"embeddable":true,"href":"https:\/\/buddhaseedbank.com\/fr\/wp-json\/wp\/v2\/media\/4301"}],"wp:attachment":[{"href":"https:\/\/buddhaseedbank.com\/fr\/wp-json\/wp\/v2\/media?parent=4324"}],"wp:term":[{"taxonomy":"product_brand","embeddable":true,"href":"https:\/\/buddhaseedbank.com\/fr\/wp-json\/wp\/v2\/product_brand?post=4324"},{"taxonomy":"product_cat","embeddable":true,"href":"https:\/\/buddhaseedbank.com\/fr\/wp-json\/wp\/v2\/product_cat?post=4324"},{"taxonomy":"product_tag","embeddable":true,"href":"https:\/\/buddhaseedbank.com\/fr\/wp-json\/wp\/v2\/product_tag?post=4324"}],"curies":[{"name":"wp","href":"https:\/\/api.w.org\/{rel}","templated":true}]}}