{"id":4374,"date":"2020-12-02T12:18:36","date_gmt":"2020-12-02T11:18:36","guid":{"rendered":"https:\/\/buddhaseedbank.com\/producto\/buddha-auto-amnesia\/"},"modified":"2025-02-18T13:03:05","modified_gmt":"2025-02-18T12:03:05","slug":"buddha-auto-amnesia","status":"publish","type":"product","link":"https:\/\/buddhaseedbank.com\/fr\/producto\/buddha-auto-amnesia\/","title":{"rendered":"Buddha Auto Amnesia"},"content":{"rendered":"<p style=\"text-align:justify;\">Amnesia <strong>est devenue c\u00e9l\u00e8bre en peu de temps<\/strong> et avec des arguments solides, ce qui lui a permis de gagner la confiance du consommateur r\u00e9gulier. Une telle popularit\u00e9 l&rsquo;a catapult\u00e9 de la c\u00f4te ouest des \u00c9tats-Unis jusqu\u2019\u00e0 la Mecque de la marijuana en Europe : Amsterdam. Une ville o\u00f9 elle occupe toujours une place importante sur le menu des coffee shops.<\/p>\n<p style=\"text-align:justify;\">La <strong>r\u00e9putation de cette vari\u00e9t\u00e9 classique<\/strong> a \u00e9t\u00e9 forg\u00e9e principalement par l&rsquo;effet produit par sa consommation. Il s&rsquo;agit d\u2019une <strong>vari\u00e9t\u00e9 stimulante<\/strong> gr\u00e2ce \u00e0 une charge sativa plus \u00e9lev\u00e9e dans sa g\u00e9n\u00e9tique. Elle est aussi <strong>cr\u00e9ative<\/strong> car elle permet au consommateur de s&rsquo;ouvrir \u00e0 de nouvelles id\u00e9es et\/ou \u00e0 de nouveaux projets. Elle offre un <strong>effet m\u00e9dicinal<\/strong> en r\u00e9duisant consid\u00e9rablement l&rsquo;anxi\u00e9t\u00e9 et le stress. Elle favorise \u00e9galement les <strong>relations sociales<\/strong>.<\/p>\n<p style=\"text-align:justify;\">Nous avons inclus toutes ces caract\u00e9ristiques dans <strong>Buddha Auto Amnesia<\/strong> en hommage \u00e0 cette vari\u00e9t\u00e9 classique. Chez <strong>Buddha Seeds<\/strong>, nous recommandons pour les cultures en int\u00e9rieur de <strong>ne pas utiliser de pots de plus de 11 litres<\/strong> en raison de sa capacit\u00e9 de croissance expansive. <strong>Buddha Auto Amnesia<\/strong> r\u00e9pond tr\u00e8s bien \u00e0 la <strong>technique LST<\/strong>. Dans des cultures en plein air, n\u2019h\u00e9sitez pas \u00e0 la planter en pleine terre pour obtenir d\u2019excellents r\u00e9sultats.<\/p>\n<p style=\"text-align:justify;\">En termes de go\u00fbts et d&rsquo;ar\u00f4mes, vous adorerez son incroyable saveur d&rsquo;encens. Cette vari\u00e9t\u00e9 inonde la pi\u00e8ce et vos sens d&rsquo;ar\u00f4mes.<\/p>\n<p style=\"text-align:justify;\">Cet <strong>effet si caract\u00e9ristique de cette vari\u00e9t\u00e9 classique<\/strong> est souvent utilis\u00e9 par les peintres, les musiciens et les artistes pour enclencher l\u2019\u00e9tincelle cr\u00e9ative n\u00e9cessaire. Les fumeurs occasionnels l&rsquo;appr\u00e9cieront aussi pour cela et pour sa capacit\u00e9 \u00e0 provoquer rapidement les rires. <strong>Buddha Auto Amnesia<\/strong> peut aussi atteindre des pourcentages \u00e9lev\u00e9s de THC.<\/p>\n<p style=\"text-align:justify;\">Des <strong>ph\u00e9notypes aux touches d&rsquo;agrumes<\/strong> se distinguent. C&rsquo;est \u00e0 partir de ces derni\u00e8res qu\u2019apparaissent les lignes Amnesia Lemon et d&rsquo;autres avec des nuances de bois. Le go\u00fbt reste longtemps en bouche et se d\u00e9guste \u00e0 chaque expiration pendant quelques minutes. De la vari\u00e9t\u00e9 Haze, elle conservesa richesse en terp\u00e8nes ce qui la place parmi les favoris pour les recettes culinaires.<\/p>\n","protected":false},"excerpt":{"rendered":"<p style=\"text-align:justify;\">La <strong>r\u00e9putation de cette vari\u00e9t\u00e9 classique<\/strong> a \u00e9t\u00e9 forg\u00e9e principalement par l&rsquo;effet produit par sa consommation. Il s&rsquo;agit d\u2019une <strong>vari\u00e9t\u00e9 stimulante<\/strong> gr\u00e2ce \u00e0 une charge sativa plus \u00e9lev\u00e9e dans sa g\u00e9n\u00e9tique. Elle est aussi <strong>cr\u00e9ative<\/strong> car elle permet au consommateur de s&rsquo;ouvrir \u00e0 de nouvelles id\u00e9es et\/ou \u00e0 de nouveaux projets<\/p>\n","protected":false},"featured_media":4331,"template":"","meta":{"_joinchat":[]},"product_brand":[],"product_cat":[641,111],"product_tag":[1477,1382,1484,1394,1502,1459,1406,1506,1435],"class_list":{"0":"post-4374","1":"product","2":"type-product","3":"status-publish","4":"has-post-thumbnail","6":"product_cat-classics-buddha-seeds-fr","7":"product_cat-varietes-buddha-seeds","8":"product_tag-autofloraison-exterieur","9":"product_tag-autofloraison-interieur","10":"product_tag-autofloraison-productive","11":"product_tag-cannabis-effet-puissant","12":"product_tag-cannabis-interieur","13":"product_tag-cannabis-sativa-fr","14":"product_tag-graines-autofloraison","15":"product_tag-les-classiques-cannabis","16":"product_tag-plantes-productives-floraison-automatique","17":"pa_8d-tiempodecultivocrecimient-70_75dias-fr","18":"pa_efecto-43-estimulante_creativa_soci-fr","19":"pa_fa-produccionenexteriorporpl-70_130gr-fr","20":"pa_genetica-sativa-fr","21":"pa_produccionm-380_500gr-fr","22":"pa_semillas-10unidades-fr","23":"pa_semillas-3unidades-fr","24":"pa_semillas-50unidades-fr","25":"pa_sexo-feminizada-fr","26":"pa_tipo-autofloraison-fr","28":"first","29":"instock","30":"taxable","31":"shipping-taxable","32":"purchasable","33":"product-type-variable"},"yoast_head":"<!-- This site is optimized with the Yoast SEO plugin v27.3 - https:\/\/yoast.com\/product\/yoast-seo-wordpress\/ -->\n<title>Buddha Auto Amnesia \u2022 Buddha Seeds<\/title>\n<meta name=\"robots\" content=\"index, follow, max-snippet:-1, max-image-preview:large, max-video-preview:-1\" \/>\n<link rel=\"canonical\" href=\"https:\/\/buddhaseedbank.com\/fr\/producto\/buddha-auto-amnesia\/\" \/>\n<meta property=\"og:locale\" content=\"fr_FR\" \/>\n<meta property=\"og:type\" content=\"article\" \/>\n<meta property=\"og:title\" content=\"Buddha Auto Amnesia \u2022 Buddha Seeds\" \/>\n<meta property=\"og:description\" content=\"La r\u00e9putation de cette vari\u00e9t\u00e9 classique a \u00e9t\u00e9 forg\u00e9e principalement par l&#039;effet produit par sa consommation. Il s&#039;agit d\u2019une vari\u00e9t\u00e9 stimulante gr\u00e2ce \u00e0 une charge sativa plus \u00e9lev\u00e9e dans sa g\u00e9n\u00e9tique. Elle est aussi cr\u00e9ative car elle permet au consommateur de s&#039;ouvrir \u00e0 de nouvelles id\u00e9es et\/ou \u00e0 de nouveaux projets\" \/>\n<meta property=\"og:url\" content=\"https:\/\/buddhaseedbank.com\/fr\/producto\/buddha-auto-amnesia\/\" \/>\n<meta property=\"og:site_name\" content=\"Buddha Seeds\" \/>\n<meta property=\"article:modified_time\" content=\"2025-02-18T12:03:05+00:00\" \/>\n<meta property=\"og:image\" content=\"https:\/\/buddhaseedbank.com\/wp-content\/uploads\/2020\/12\/214-Buddha-Auto-Amnesia.jpg\" \/>\n\t<meta property=\"og:image:width\" content=\"1080\" \/>\n\t<meta property=\"og:image:height\" content=\"1080\" \/>\n\t<meta property=\"og:image:type\" content=\"image\/jpeg\" \/>\n<meta name=\"twitter:card\" content=\"summary_large_image\" \/>\n<meta name=\"twitter:label1\" content=\"Dur\u00e9e de lecture estim\u00e9e\" \/>\n\t<meta name=\"twitter:data1\" content=\"2 minutes\" \/>\n<script type=\"application\/ld+json\" class=\"yoast-schema-graph\">{\"@context\":\"https:\\\/\\\/schema.org\",\"@graph\":[{\"@type\":\"WebPage\",\"@id\":\"https:\\\/\\\/buddhaseedbank.com\\\/fr\\\/producto\\\/buddha-auto-amnesia\\\/\",\"url\":\"https:\\\/\\\/buddhaseedbank.com\\\/fr\\\/producto\\\/buddha-auto-amnesia\\\/\",\"name\":\"Buddha Auto Amnesia \u2022 Buddha Seeds\",\"isPartOf\":{\"@id\":\"https:\\\/\\\/buddhaseedbank.com\\\/fr\\\/#website\"},\"primaryImageOfPage\":{\"@id\":\"https:\\\/\\\/buddhaseedbank.com\\\/fr\\\/producto\\\/buddha-auto-amnesia\\\/#primaryimage\"},\"image\":{\"@id\":\"https:\\\/\\\/buddhaseedbank.com\\\/fr\\\/producto\\\/buddha-auto-amnesia\\\/#primaryimage\"},\"thumbnailUrl\":\"https:\\\/\\\/buddhaseedbank.com\\\/wp-content\\\/uploads\\\/2020\\\/12\\\/214-Buddha-Auto-Amnesia.jpg\",\"datePublished\":\"2020-12-02T11:18:36+00:00\",\"dateModified\":\"2025-02-18T12:03:05+00:00\",\"breadcrumb\":{\"@id\":\"https:\\\/\\\/buddhaseedbank.com\\\/fr\\\/producto\\\/buddha-auto-amnesia\\\/#breadcrumb\"},\"inLanguage\":\"fr-FR\",\"potentialAction\":[{\"@type\":\"ReadAction\",\"target\":[\"https:\\\/\\\/buddhaseedbank.com\\\/fr\\\/producto\\\/buddha-auto-amnesia\\\/\"]}]},{\"@type\":\"ImageObject\",\"inLanguage\":\"fr-FR\",\"@id\":\"https:\\\/\\\/buddhaseedbank.com\\\/fr\\\/producto\\\/buddha-auto-amnesia\\\/#primaryimage\",\"url\":\"https:\\\/\\\/buddhaseedbank.com\\\/wp-content\\\/uploads\\\/2020\\\/12\\\/214-Buddha-Auto-Amnesia.jpg\",\"contentUrl\":\"https:\\\/\\\/buddhaseedbank.com\\\/wp-content\\\/uploads\\\/2020\\\/12\\\/214-Buddha-Auto-Amnesia.jpg\",\"width\":1080,\"height\":1080,\"caption\":\"Buddha Auto Amnesia Buddha Seeds\"},{\"@type\":\"BreadcrumbList\",\"@id\":\"https:\\\/\\\/buddhaseedbank.com\\\/fr\\\/producto\\\/buddha-auto-amnesia\\\/#breadcrumb\",\"itemListElement\":[{\"@type\":\"ListItem\",\"position\":1,\"name\":\"Portada\",\"item\":\"https:\\\/\\\/buddhaseedbank.com\\\/fr\\\/\"},{\"@type\":\"ListItem\",\"position\":2,\"name\":\"Boutique\",\"item\":\"https:\\\/\\\/buddhaseedbank.com\\\/fr\\\/boutique\\\/\"},{\"@type\":\"ListItem\",\"position\":3,\"name\":\"Buddha Auto Amnesia\"}]},{\"@type\":\"WebSite\",\"@id\":\"https:\\\/\\\/buddhaseedbank.com\\\/fr\\\/#website\",\"url\":\"https:\\\/\\\/buddhaseedbank.com\\\/fr\\\/\",\"name\":\"Buddha Seeds\",\"description\":\"\",\"publisher\":{\"@id\":\"https:\\\/\\\/buddhaseedbank.com\\\/fr\\\/#organization\"},\"potentialAction\":[{\"@type\":\"SearchAction\",\"target\":{\"@type\":\"EntryPoint\",\"urlTemplate\":\"https:\\\/\\\/buddhaseedbank.com\\\/fr\\\/?s={search_term_string}\"},\"query-input\":{\"@type\":\"PropertyValueSpecification\",\"valueRequired\":true,\"valueName\":\"search_term_string\"}}],\"inLanguage\":\"fr-FR\"},{\"@type\":\"Organization\",\"@id\":\"https:\\\/\\\/buddhaseedbank.com\\\/fr\\\/#organization\",\"name\":\"Buddha Seeds\",\"url\":\"https:\\\/\\\/buddhaseedbank.com\\\/fr\\\/\",\"logo\":{\"@type\":\"ImageObject\",\"inLanguage\":\"fr-FR\",\"@id\":\"https:\\\/\\\/buddhaseedbank.com\\\/fr\\\/#\\\/schema\\\/logo\\\/image\\\/\",\"url\":\"https:\\\/\\\/buddhaseedbank.com\\\/wp-content\\\/uploads\\\/2024\\\/04\\\/buddha-seeds-logo-1622448424-1.png\",\"contentUrl\":\"https:\\\/\\\/buddhaseedbank.com\\\/wp-content\\\/uploads\\\/2024\\\/04\\\/buddha-seeds-logo-1622448424-1.png\",\"width\":478,\"height\":200,\"caption\":\"Buddha Seeds\"},\"image\":{\"@id\":\"https:\\\/\\\/buddhaseedbank.com\\\/fr\\\/#\\\/schema\\\/logo\\\/image\\\/\"}}]}<\/script>\n<!-- \/ Yoast SEO plugin. -->","yoast_head_json":{"title":"Buddha Auto Amnesia \u2022 Buddha Seeds","robots":{"index":"index","follow":"follow","max-snippet":"max-snippet:-1","max-image-preview":"max-image-preview:large","max-video-preview":"max-video-preview:-1"},"canonical":"https:\/\/buddhaseedbank.com\/fr\/producto\/buddha-auto-amnesia\/","og_locale":"fr_FR","og_type":"article","og_title":"Buddha Auto Amnesia \u2022 Buddha Seeds","og_description":"La r\u00e9putation de cette vari\u00e9t\u00e9 classique a \u00e9t\u00e9 forg\u00e9e principalement par l'effet produit par sa consommation. Il s'agit d\u2019une vari\u00e9t\u00e9 stimulante gr\u00e2ce \u00e0 une charge sativa plus \u00e9lev\u00e9e dans sa g\u00e9n\u00e9tique. Elle est aussi cr\u00e9ative car elle permet au consommateur de s'ouvrir \u00e0 de nouvelles id\u00e9es et\/ou \u00e0 de nouveaux projets","og_url":"https:\/\/buddhaseedbank.com\/fr\/producto\/buddha-auto-amnesia\/","og_site_name":"Buddha Seeds","article_modified_time":"2025-02-18T12:03:05+00:00","og_image":[{"width":1080,"height":1080,"url":"https:\/\/buddhaseedbank.com\/wp-content\/uploads\/2020\/12\/214-Buddha-Auto-Amnesia.jpg","type":"image\/jpeg"}],"twitter_card":"summary_large_image","twitter_misc":{"Dur\u00e9e de lecture estim\u00e9e":"2 minutes"},"schema":{"@context":"https:\/\/schema.org","@graph":[{"@type":"WebPage","@id":"https:\/\/buddhaseedbank.com\/fr\/producto\/buddha-auto-amnesia\/","url":"https:\/\/buddhaseedbank.com\/fr\/producto\/buddha-auto-amnesia\/","name":"Buddha Auto Amnesia \u2022 Buddha Seeds","isPartOf":{"@id":"https:\/\/buddhaseedbank.com\/fr\/#website"},"primaryImageOfPage":{"@id":"https:\/\/buddhaseedbank.com\/fr\/producto\/buddha-auto-amnesia\/#primaryimage"},"image":{"@id":"https:\/\/buddhaseedbank.com\/fr\/producto\/buddha-auto-amnesia\/#primaryimage"},"thumbnailUrl":"https:\/\/buddhaseedbank.com\/wp-content\/uploads\/2020\/12\/214-Buddha-Auto-Amnesia.jpg","datePublished":"2020-12-02T11:18:36+00:00","dateModified":"2025-02-18T12:03:05+00:00","breadcrumb":{"@id":"https:\/\/buddhaseedbank.com\/fr\/producto\/buddha-auto-amnesia\/#breadcrumb"},"inLanguage":"fr-FR","potentialAction":[{"@type":"ReadAction","target":["https:\/\/buddhaseedbank.com\/fr\/producto\/buddha-auto-amnesia\/"]}]},{"@type":"ImageObject","inLanguage":"fr-FR","@id":"https:\/\/buddhaseedbank.com\/fr\/producto\/buddha-auto-amnesia\/#primaryimage","url":"https:\/\/buddhaseedbank.com\/wp-content\/uploads\/2020\/12\/214-Buddha-Auto-Amnesia.jpg","contentUrl":"https:\/\/buddhaseedbank.com\/wp-content\/uploads\/2020\/12\/214-Buddha-Auto-Amnesia.jpg","width":1080,"height":1080,"caption":"Buddha Auto Amnesia Buddha Seeds"},{"@type":"BreadcrumbList","@id":"https:\/\/buddhaseedbank.com\/fr\/producto\/buddha-auto-amnesia\/#breadcrumb","itemListElement":[{"@type":"ListItem","position":1,"name":"Portada","item":"https:\/\/buddhaseedbank.com\/fr\/"},{"@type":"ListItem","position":2,"name":"Boutique","item":"https:\/\/buddhaseedbank.com\/fr\/boutique\/"},{"@type":"ListItem","position":3,"name":"Buddha Auto Amnesia"}]},{"@type":"WebSite","@id":"https:\/\/buddhaseedbank.com\/fr\/#website","url":"https:\/\/buddhaseedbank.com\/fr\/","name":"Buddha Seeds","description":"","publisher":{"@id":"https:\/\/buddhaseedbank.com\/fr\/#organization"},"potentialAction":[{"@type":"SearchAction","target":{"@type":"EntryPoint","urlTemplate":"https:\/\/buddhaseedbank.com\/fr\/?s={search_term_string}"},"query-input":{"@type":"PropertyValueSpecification","valueRequired":true,"valueName":"search_term_string"}}],"inLanguage":"fr-FR"},{"@type":"Organization","@id":"https:\/\/buddhaseedbank.com\/fr\/#organization","name":"Buddha Seeds","url":"https:\/\/buddhaseedbank.com\/fr\/","logo":{"@type":"ImageObject","inLanguage":"fr-FR","@id":"https:\/\/buddhaseedbank.com\/fr\/#\/schema\/logo\/image\/","url":"https:\/\/buddhaseedbank.com\/wp-content\/uploads\/2024\/04\/buddha-seeds-logo-1622448424-1.png","contentUrl":"https:\/\/buddhaseedbank.com\/wp-content\/uploads\/2024\/04\/buddha-seeds-logo-1622448424-1.png","width":478,"height":200,"caption":"Buddha Seeds"},"image":{"@id":"https:\/\/buddhaseedbank.com\/fr\/#\/schema\/logo\/image\/"}}]}},"_links":{"self":[{"href":"https:\/\/buddhaseedbank.com\/fr\/wp-json\/wp\/v2\/product\/4374","targetHints":{"allow":["GET"]}}],"collection":[{"href":"https:\/\/buddhaseedbank.com\/fr\/wp-json\/wp\/v2\/product"}],"about":[{"href":"https:\/\/buddhaseedbank.com\/fr\/wp-json\/wp\/v2\/types\/product"}],"wp:featuredmedia":[{"embeddable":true,"href":"https:\/\/buddhaseedbank.com\/fr\/wp-json\/wp\/v2\/media\/4331"}],"wp:attachment":[{"href":"https:\/\/buddhaseedbank.com\/fr\/wp-json\/wp\/v2\/media?parent=4374"}],"wp:term":[{"taxonomy":"product_brand","embeddable":true,"href":"https:\/\/buddhaseedbank.com\/fr\/wp-json\/wp\/v2\/product_brand?post=4374"},{"taxonomy":"product_cat","embeddable":true,"href":"https:\/\/buddhaseedbank.com\/fr\/wp-json\/wp\/v2\/product_cat?post=4374"},{"taxonomy":"product_tag","embeddable":true,"href":"https:\/\/buddhaseedbank.com\/fr\/wp-json\/wp\/v2\/product_tag?post=4374"}],"curies":[{"name":"wp","href":"https:\/\/api.w.org\/{rel}","templated":true}]}}