{"id":4404,"date":"2020-12-02T13:14:01","date_gmt":"2020-12-02T12:14:01","guid":{"rendered":"https:\/\/buddhaseedbank.com\/producto\/buddha-critical\/"},"modified":"2025-10-21T11:11:35","modified_gmt":"2025-10-21T09:11:35","slug":"buddha-critical","status":"publish","type":"product","link":"https:\/\/buddhaseedbank.com\/fr\/producto\/buddha-critical\/","title":{"rendered":"Buddha Critical"},"content":{"rendered":"<p style=\"text-align: justify;\">L&rsquo;histoire de Critical rappelle un r\u00e9cit historique de rois victorieux. Ni plus ni moins. Sa g\u00e9n\u00e9tique poss\u00e8de des ascendants de grande valeur et d&rsquo;influence sur les vari\u00e9t\u00e9s commerciales ant\u00e9rieures.<\/p>\n<p style=\"text-align: justify;\"><strong>Critical conserve la confiance<\/strong> de tous les cultivateurs depuis son lancement dans les ann\u00e9es 90. Elle a \u00e9t\u00e9 couronn\u00e9e en peu de temps comme \u00e9tant l&rsquo;une des <strong>plus demand\u00e9es dans les coffee shops<\/strong> des Pays-Bas. Et pour les cultivateurs, elle se distingue par son rendement \u00e9lev\u00e9. <strong>Fille d&rsquo;une Skunk et d&rsquo;un Afghan<\/strong>, elle a d\u00e9tr\u00f4n\u00e9 ses vari\u00e9t\u00e9s parentes pour devenir l&rsquo;une des vari\u00e9t\u00e9s les plus cultiv\u00e9es aujourd&rsquo;hui.<\/p>\n<p style=\"text-align: justify;\"><strong>Buddha Critical est un hommage \u00e0 cette vari\u00e9t\u00e9 classique<\/strong> du cannabis, mais avec notre d\u00e9veloppement de travail particulier. <strong>Buddha Seeds<\/strong> a respect\u00e9 l&rsquo;originalit\u00e9 initiale de cette vari\u00e9t\u00e9, en conservant les caract\u00e9ristiques les plus remarquables pour le cultivateur r\u00e9cent.<\/p>\n<p style=\"text-align: justify;\">Le <strong>principal atout de Buddha Critica<\/strong>l est sa courte p\u00e9riode de floraison, id\u00e9ale pour les cultures de plein air qu\u2019il est pr\u00e9f\u00e9rable de r\u00e9colter plus t\u00f4t en raison du climat. <strong>G\u00e9n\u00e9tiquement s\u00e9lectionn\u00e9e pour les climats froids<\/strong> comme le Pays basque (nord de l&rsquo;Espagne), elle s&rsquo;est distingu\u00e9e d\u00e8s le d\u00e9but par son <strong>go\u00fbt, sa rapidit\u00e9 incroyable et sa production.<\/strong> Ces avantages sont multipli\u00e9s dans des climats plus doux.<\/p>\n<p style=\"text-align: justify;\"><strong>Buddha Critical conserve le go\u00fbt<\/strong> caract\u00e9ristique Skunk avec des tons plus floraux et sucr\u00e9s, moins piquants que ses vari\u00e9t\u00e9s parentes. <strong>Les ph\u00e9notypes aux touches fruit\u00e9es avec des notes de melon vert se distinguent.<\/strong> Cela en fait une vari\u00e9t\u00e9 qui pla\u00eet \u00e0 pratiquement 100 % des fumeurs.<\/p>\n<p style=\"text-align: justify;\">L&rsquo;attention n\u00e9cessaire qui doit \u00eatre accord\u00e9e \u00e0 <strong>Buddha Critical de Buddha Seeds<\/strong> est faible, car elle r\u00e9pond efficacement aux diff\u00e9rents traitements. Il en r\u00e9sulte des cultures \u00e0 haut rendement et aux ar\u00f4mes captivants.<\/p>\n","protected":false},"excerpt":{"rendered":"<p style=\"text-align: justify;\"><strong>Critical conserve la confiance<\/strong> de tous les cultivateurs depuis son lancement dans les ann\u00e9es 90. Elle a \u00e9t\u00e9 couronn\u00e9e en peu de temps comme \u00e9tant l&rsquo;une des <strong>plus demand\u00e9es dans les coffee shops<\/strong> des Pays-Bas. Et pour les cultivateurs, elle se distingue par son rendement \u00e9lev\u00e9. <strong>Fille d&rsquo;une Skunk et d&rsquo;un Afghan<\/strong>, elle a d\u00e9tr\u00f4n\u00e9 ses vari\u00e9t\u00e9s parentes pour devenir l&rsquo;une des vari\u00e9t\u00e9s les plus cultiv\u00e9es<\/p>\n","protected":false},"featured_media":4381,"template":"","meta":{"_joinchat":[]},"product_brand":[],"product_cat":[641,111],"product_tag":[1730,1493,1427,1454,1479,1506,1520],"class_list":{"0":"post-4404","1":"product","2":"type-product","3":"status-publish","4":"has-post-thumbnail","6":"product_cat-classics-buddha-seeds-fr","7":"product_cat-varietes-buddha-seeds","8":"product_tag-cannabis-a-floraison-rapide","9":"product_tag-cannabis-floraison-rapide","10":"product_tag-cannabis-indica-fr","11":"product_tag-cannabis-resistant-aux-parasites","12":"product_tag-graines-photodependantes","13":"product_tag-les-classiques-cannabis","14":"product_tag-marijuana-productive","15":"pa_efecto-39-equilibradoconunpotenteef-fr","16":"pa_fa-produccionenexteriorporpl-600_2000gr-fr","17":"pa_genetica-indica-fr","18":"pa_mesdecosecha-be-segundamitaddeseptiembreh-fr","19":"pa_produccionm-500_650gr-fr","20":"pa_semillas-10unidades-fr","21":"pa_semillas-3unidades-fr","22":"pa_semillas-50unidades-fr","23":"pa_sexo-feminizada-fr","24":"pa_tiempodefloracion-50_55dias-fr","25":"pa_tipo-photodependant-fr","27":"first","28":"instock","29":"taxable","30":"shipping-taxable","31":"purchasable","32":"product-type-variable"},"yoast_head":"<!-- This site is optimized with the Yoast SEO plugin v27.3 - https:\/\/yoast.com\/product\/yoast-seo-wordpress\/ -->\n<title>Buddha Critical \u2022 Buddha Seeds<\/title>\n<meta name=\"robots\" content=\"index, follow, max-snippet:-1, max-image-preview:large, max-video-preview:-1\" \/>\n<link rel=\"canonical\" href=\"https:\/\/buddhaseedbank.com\/fr\/producto\/buddha-critical\/\" \/>\n<meta property=\"og:locale\" content=\"fr_FR\" \/>\n<meta property=\"og:type\" content=\"article\" \/>\n<meta property=\"og:title\" content=\"Buddha Critical \u2022 Buddha Seeds\" \/>\n<meta property=\"og:description\" content=\"Critical conserve la confiance de tous les cultivateurs depuis son lancement dans les ann\u00e9es 90. Elle a \u00e9t\u00e9 couronn\u00e9e en peu de temps comme \u00e9tant l&#039;une des plus demand\u00e9es dans les coffee shops des Pays-Bas. Et pour les cultivateurs, elle se distingue par son rendement \u00e9lev\u00e9. Fille d&#039;une Skunk et d&#039;un Afghan, elle a d\u00e9tr\u00f4n\u00e9 ses vari\u00e9t\u00e9s parentes pour devenir l&#039;une des vari\u00e9t\u00e9s les plus cultiv\u00e9es\" \/>\n<meta property=\"og:url\" content=\"https:\/\/buddhaseedbank.com\/fr\/producto\/buddha-critical\/\" \/>\n<meta property=\"og:site_name\" content=\"Buddha Seeds\" \/>\n<meta property=\"article:modified_time\" content=\"2025-10-21T09:11:35+00:00\" \/>\n<meta property=\"og:image\" content=\"https:\/\/buddhaseedbank.com\/wp-content\/uploads\/2020\/12\/215-Buddha-Critical.jpg\" \/>\n\t<meta property=\"og:image:width\" content=\"1080\" \/>\n\t<meta property=\"og:image:height\" content=\"1080\" \/>\n\t<meta property=\"og:image:type\" content=\"image\/jpeg\" \/>\n<meta name=\"twitter:card\" content=\"summary_large_image\" \/>\n<meta name=\"twitter:label1\" content=\"Dur\u00e9e de lecture estim\u00e9e\" \/>\n\t<meta name=\"twitter:data1\" content=\"2 minutes\" \/>\n<script type=\"application\/ld+json\" class=\"yoast-schema-graph\">{\"@context\":\"https:\\\/\\\/schema.org\",\"@graph\":[{\"@type\":\"WebPage\",\"@id\":\"https:\\\/\\\/buddhaseedbank.com\\\/fr\\\/producto\\\/buddha-critical\\\/\",\"url\":\"https:\\\/\\\/buddhaseedbank.com\\\/fr\\\/producto\\\/buddha-critical\\\/\",\"name\":\"Buddha Critical \u2022 Buddha Seeds\",\"isPartOf\":{\"@id\":\"https:\\\/\\\/buddhaseedbank.com\\\/fr\\\/#website\"},\"primaryImageOfPage\":{\"@id\":\"https:\\\/\\\/buddhaseedbank.com\\\/fr\\\/producto\\\/buddha-critical\\\/#primaryimage\"},\"image\":{\"@id\":\"https:\\\/\\\/buddhaseedbank.com\\\/fr\\\/producto\\\/buddha-critical\\\/#primaryimage\"},\"thumbnailUrl\":\"https:\\\/\\\/buddhaseedbank.com\\\/wp-content\\\/uploads\\\/2020\\\/12\\\/215-Buddha-Critical.jpg\",\"datePublished\":\"2020-12-02T12:14:01+00:00\",\"dateModified\":\"2025-10-21T09:11:35+00:00\",\"breadcrumb\":{\"@id\":\"https:\\\/\\\/buddhaseedbank.com\\\/fr\\\/producto\\\/buddha-critical\\\/#breadcrumb\"},\"inLanguage\":\"fr-FR\",\"potentialAction\":[{\"@type\":\"ReadAction\",\"target\":[\"https:\\\/\\\/buddhaseedbank.com\\\/fr\\\/producto\\\/buddha-critical\\\/\"]}]},{\"@type\":\"ImageObject\",\"inLanguage\":\"fr-FR\",\"@id\":\"https:\\\/\\\/buddhaseedbank.com\\\/fr\\\/producto\\\/buddha-critical\\\/#primaryimage\",\"url\":\"https:\\\/\\\/buddhaseedbank.com\\\/wp-content\\\/uploads\\\/2020\\\/12\\\/215-Buddha-Critical.jpg\",\"contentUrl\":\"https:\\\/\\\/buddhaseedbank.com\\\/wp-content\\\/uploads\\\/2020\\\/12\\\/215-Buddha-Critical.jpg\",\"width\":1080,\"height\":1080,\"caption\":\"Buddha Critical Buddha Seeds classics buddha seeds\"},{\"@type\":\"BreadcrumbList\",\"@id\":\"https:\\\/\\\/buddhaseedbank.com\\\/fr\\\/producto\\\/buddha-critical\\\/#breadcrumb\",\"itemListElement\":[{\"@type\":\"ListItem\",\"position\":1,\"name\":\"Portada\",\"item\":\"https:\\\/\\\/buddhaseedbank.com\\\/fr\\\/\"},{\"@type\":\"ListItem\",\"position\":2,\"name\":\"Boutique\",\"item\":\"https:\\\/\\\/buddhaseedbank.com\\\/fr\\\/boutique\\\/\"},{\"@type\":\"ListItem\",\"position\":3,\"name\":\"Buddha Critical\"}]},{\"@type\":\"WebSite\",\"@id\":\"https:\\\/\\\/buddhaseedbank.com\\\/fr\\\/#website\",\"url\":\"https:\\\/\\\/buddhaseedbank.com\\\/fr\\\/\",\"name\":\"Buddha Seeds\",\"description\":\"\",\"publisher\":{\"@id\":\"https:\\\/\\\/buddhaseedbank.com\\\/fr\\\/#organization\"},\"potentialAction\":[{\"@type\":\"SearchAction\",\"target\":{\"@type\":\"EntryPoint\",\"urlTemplate\":\"https:\\\/\\\/buddhaseedbank.com\\\/fr\\\/?s={search_term_string}\"},\"query-input\":{\"@type\":\"PropertyValueSpecification\",\"valueRequired\":true,\"valueName\":\"search_term_string\"}}],\"inLanguage\":\"fr-FR\"},{\"@type\":\"Organization\",\"@id\":\"https:\\\/\\\/buddhaseedbank.com\\\/fr\\\/#organization\",\"name\":\"Buddha Seeds\",\"url\":\"https:\\\/\\\/buddhaseedbank.com\\\/fr\\\/\",\"logo\":{\"@type\":\"ImageObject\",\"inLanguage\":\"fr-FR\",\"@id\":\"https:\\\/\\\/buddhaseedbank.com\\\/fr\\\/#\\\/schema\\\/logo\\\/image\\\/\",\"url\":\"https:\\\/\\\/buddhaseedbank.com\\\/wp-content\\\/uploads\\\/2024\\\/04\\\/buddha-seeds-logo-1622448424-1.png\",\"contentUrl\":\"https:\\\/\\\/buddhaseedbank.com\\\/wp-content\\\/uploads\\\/2024\\\/04\\\/buddha-seeds-logo-1622448424-1.png\",\"width\":478,\"height\":200,\"caption\":\"Buddha Seeds\"},\"image\":{\"@id\":\"https:\\\/\\\/buddhaseedbank.com\\\/fr\\\/#\\\/schema\\\/logo\\\/image\\\/\"}}]}<\/script>\n<!-- \/ Yoast SEO plugin. -->","yoast_head_json":{"title":"Buddha Critical \u2022 Buddha Seeds","robots":{"index":"index","follow":"follow","max-snippet":"max-snippet:-1","max-image-preview":"max-image-preview:large","max-video-preview":"max-video-preview:-1"},"canonical":"https:\/\/buddhaseedbank.com\/fr\/producto\/buddha-critical\/","og_locale":"fr_FR","og_type":"article","og_title":"Buddha Critical \u2022 Buddha Seeds","og_description":"Critical conserve la confiance de tous les cultivateurs depuis son lancement dans les ann\u00e9es 90. Elle a \u00e9t\u00e9 couronn\u00e9e en peu de temps comme \u00e9tant l'une des plus demand\u00e9es dans les coffee shops des Pays-Bas. Et pour les cultivateurs, elle se distingue par son rendement \u00e9lev\u00e9. Fille d'une Skunk et d'un Afghan, elle a d\u00e9tr\u00f4n\u00e9 ses vari\u00e9t\u00e9s parentes pour devenir l'une des vari\u00e9t\u00e9s les plus cultiv\u00e9es","og_url":"https:\/\/buddhaseedbank.com\/fr\/producto\/buddha-critical\/","og_site_name":"Buddha Seeds","article_modified_time":"2025-10-21T09:11:35+00:00","og_image":[{"width":1080,"height":1080,"url":"https:\/\/buddhaseedbank.com\/wp-content\/uploads\/2020\/12\/215-Buddha-Critical.jpg","type":"image\/jpeg"}],"twitter_card":"summary_large_image","twitter_misc":{"Dur\u00e9e de lecture estim\u00e9e":"2 minutes"},"schema":{"@context":"https:\/\/schema.org","@graph":[{"@type":"WebPage","@id":"https:\/\/buddhaseedbank.com\/fr\/producto\/buddha-critical\/","url":"https:\/\/buddhaseedbank.com\/fr\/producto\/buddha-critical\/","name":"Buddha Critical \u2022 Buddha Seeds","isPartOf":{"@id":"https:\/\/buddhaseedbank.com\/fr\/#website"},"primaryImageOfPage":{"@id":"https:\/\/buddhaseedbank.com\/fr\/producto\/buddha-critical\/#primaryimage"},"image":{"@id":"https:\/\/buddhaseedbank.com\/fr\/producto\/buddha-critical\/#primaryimage"},"thumbnailUrl":"https:\/\/buddhaseedbank.com\/wp-content\/uploads\/2020\/12\/215-Buddha-Critical.jpg","datePublished":"2020-12-02T12:14:01+00:00","dateModified":"2025-10-21T09:11:35+00:00","breadcrumb":{"@id":"https:\/\/buddhaseedbank.com\/fr\/producto\/buddha-critical\/#breadcrumb"},"inLanguage":"fr-FR","potentialAction":[{"@type":"ReadAction","target":["https:\/\/buddhaseedbank.com\/fr\/producto\/buddha-critical\/"]}]},{"@type":"ImageObject","inLanguage":"fr-FR","@id":"https:\/\/buddhaseedbank.com\/fr\/producto\/buddha-critical\/#primaryimage","url":"https:\/\/buddhaseedbank.com\/wp-content\/uploads\/2020\/12\/215-Buddha-Critical.jpg","contentUrl":"https:\/\/buddhaseedbank.com\/wp-content\/uploads\/2020\/12\/215-Buddha-Critical.jpg","width":1080,"height":1080,"caption":"Buddha Critical Buddha Seeds classics buddha seeds"},{"@type":"BreadcrumbList","@id":"https:\/\/buddhaseedbank.com\/fr\/producto\/buddha-critical\/#breadcrumb","itemListElement":[{"@type":"ListItem","position":1,"name":"Portada","item":"https:\/\/buddhaseedbank.com\/fr\/"},{"@type":"ListItem","position":2,"name":"Boutique","item":"https:\/\/buddhaseedbank.com\/fr\/boutique\/"},{"@type":"ListItem","position":3,"name":"Buddha Critical"}]},{"@type":"WebSite","@id":"https:\/\/buddhaseedbank.com\/fr\/#website","url":"https:\/\/buddhaseedbank.com\/fr\/","name":"Buddha Seeds","description":"","publisher":{"@id":"https:\/\/buddhaseedbank.com\/fr\/#organization"},"potentialAction":[{"@type":"SearchAction","target":{"@type":"EntryPoint","urlTemplate":"https:\/\/buddhaseedbank.com\/fr\/?s={search_term_string}"},"query-input":{"@type":"PropertyValueSpecification","valueRequired":true,"valueName":"search_term_string"}}],"inLanguage":"fr-FR"},{"@type":"Organization","@id":"https:\/\/buddhaseedbank.com\/fr\/#organization","name":"Buddha Seeds","url":"https:\/\/buddhaseedbank.com\/fr\/","logo":{"@type":"ImageObject","inLanguage":"fr-FR","@id":"https:\/\/buddhaseedbank.com\/fr\/#\/schema\/logo\/image\/","url":"https:\/\/buddhaseedbank.com\/wp-content\/uploads\/2024\/04\/buddha-seeds-logo-1622448424-1.png","contentUrl":"https:\/\/buddhaseedbank.com\/wp-content\/uploads\/2024\/04\/buddha-seeds-logo-1622448424-1.png","width":478,"height":200,"caption":"Buddha Seeds"},"image":{"@id":"https:\/\/buddhaseedbank.com\/fr\/#\/schema\/logo\/image\/"}}]}},"_links":{"self":[{"href":"https:\/\/buddhaseedbank.com\/fr\/wp-json\/wp\/v2\/product\/4404","targetHints":{"allow":["GET"]}}],"collection":[{"href":"https:\/\/buddhaseedbank.com\/fr\/wp-json\/wp\/v2\/product"}],"about":[{"href":"https:\/\/buddhaseedbank.com\/fr\/wp-json\/wp\/v2\/types\/product"}],"wp:featuredmedia":[{"embeddable":true,"href":"https:\/\/buddhaseedbank.com\/fr\/wp-json\/wp\/v2\/media\/4381"}],"wp:attachment":[{"href":"https:\/\/buddhaseedbank.com\/fr\/wp-json\/wp\/v2\/media?parent=4404"}],"wp:term":[{"taxonomy":"product_brand","embeddable":true,"href":"https:\/\/buddhaseedbank.com\/fr\/wp-json\/wp\/v2\/product_brand?post=4404"},{"taxonomy":"product_cat","embeddable":true,"href":"https:\/\/buddhaseedbank.com\/fr\/wp-json\/wp\/v2\/product_cat?post=4404"},{"taxonomy":"product_tag","embeddable":true,"href":"https:\/\/buddhaseedbank.com\/fr\/wp-json\/wp\/v2\/product_tag?post=4404"}],"curies":[{"name":"wp","href":"https:\/\/api.w.org\/{rel}","templated":true}]}}