{"id":4449,"date":"2020-12-02T14:40:29","date_gmt":"2020-12-02T13:40:29","guid":{"rendered":"https:\/\/buddhaseedbank.com\/producto\/buddha-auto-critical\/"},"modified":"2025-10-21T11:01:53","modified_gmt":"2025-10-21T09:01:53","slug":"buddha-auto-critical","status":"publish","type":"product","link":"https:\/\/buddhaseedbank.com\/fr\/producto\/buddha-auto-critical\/","title":{"rendered":"Buddha Auto Critical"},"content":{"rendered":"<p style=\"text-align: justify;\">L&rsquo;histoire de Critical rappelle un r\u00e9cit historique de rois victorieux. Ni plus ni moins. Sa g\u00e9n\u00e9tique poss\u00e8de des ascendants de grande valeur et d&rsquo;influence sur les vari\u00e9t\u00e9s commerciales ant\u00e9rieures.<\/p>\n<p style=\"text-align: justify;\"><strong>Critical conserve la confiance<\/strong> de tous les cultivateurs depuis son lancement dans les ann\u00e9es 90. Elle a \u00e9t\u00e9 couronn\u00e9e en peu de temps comme \u00e9tant l&rsquo;une des <strong>plus demand\u00e9es dans les coffee shops<\/strong> des Pays-Bas. Et pour les cultivateurs, elle se distingue par son rendement \u00e9lev\u00e9. <strong>Fille d&rsquo;une Skunk et d&rsquo;un Afghan<\/strong>, elle a d\u00e9tr\u00f4n\u00e9 ses vari\u00e9t\u00e9s parentes pour devenir l&rsquo;une des vari\u00e9t\u00e9s les plus cultiv\u00e9es aujourd&rsquo;hui.<\/p>\n<p style=\"text-align: justify;\"><strong>Buddha Auto Critical est un hommage \u00e0 cette vari\u00e9t\u00e9 classique<\/strong> du cannabis, mais avec notre d\u00e9veloppement de travail particulier. <strong>Buddha Seeds<\/strong> a respect\u00e9 l&rsquo;originalit\u00e9 initiale de cette vari\u00e9t\u00e9, en conservant les caract\u00e9ristiques les plus remarquables pour le cultivateur r\u00e9cent.<\/p>\n<p style=\"text-align: justify;\">Le <strong>principal atout de Buddha Auto Critical<\/strong> est sa courte p\u00e9riode de floraison. En moins de 60 jours de culture, vous pouvez obtenir votre r\u00e9colte. La version <strong>Buddha Auto Critical<\/strong> provient d&rsquo;une s\u00e9lection qui s&rsquo;est distingu\u00e9e d\u00e8s le d\u00e9but par son go\u00fbt, sa rapidit\u00e9 incroyable, sa production et son adaptation aux climats froids.<\/p>\n<p style=\"text-align: justify;\"><strong>Buddha Auto Critical conserve le go\u00fbt<\/strong> <strong>caract\u00e9ristique Skunk<\/strong> avec des tons plus floraux et sucr\u00e9s, moins piquants que ses vari\u00e9t\u00e9s parentes. Les ph\u00e9notypes aux touches fruit\u00e9es avec des notes de melon vert se distinguent. Cela en fait une vari\u00e9t\u00e9 qui pla\u00eet \u00e0 pratiquement 100 % des fumeurs.<\/p>\n<p style=\"text-align: justify;\">L&rsquo;attention n\u00e9cessaire qui doit \u00eatre accord\u00e9e \u00e0 <strong>Buddha Auto Critical de Buddha Seeds<\/strong> est faible, car elle r\u00e9pond efficacement aux diff\u00e9rents traitements. Il en r\u00e9sulte des cultures \u00e0 haut rendement et aux ar\u00f4mes captivants.<\/p>\n","protected":false},"excerpt":{"rendered":"<p style=\"text-align: justify;\"><strong>Critical conserve la confiance<\/strong> de tous les cultivateurs depuis son lancement dans les 90. Elle a \u00e9t\u00e9 couronn\u00e9e en peu de temps comme \u00e9tant l&rsquo;une des <strong>plus demand\u00e9es dans les coffee shops<\/strong> des Pays-Bas. Et pour les cultivateurs, elle se distingue par son rendement \u00e9lev\u00e9. <strong>Fille d&rsquo;une Skunk et d&rsquo;un Afghan<\/strong>, elle a d\u00e9tr\u00f4n\u00e9 ses vari\u00e9t\u00e9s parentes pour devenir l&rsquo;une des vari\u00e9t\u00e9s les plus cultiv\u00e9es.<\/p>\n","protected":false},"featured_media":4411,"template":"","meta":{"_joinchat":[]},"product_brand":[],"product_cat":[641,111],"product_tag":[1484,1730,1493,1427,1406,1412,1506],"class_list":{"0":"post-4449","1":"product","2":"type-product","3":"status-publish","4":"has-post-thumbnail","6":"product_cat-classics-buddha-seeds-fr","7":"product_cat-varietes-buddha-seeds","8":"product_tag-autofloraison-productive","9":"product_tag-cannabis-a-floraison-rapide","10":"product_tag-cannabis-floraison-rapide","11":"product_tag-cannabis-indica-fr","12":"product_tag-graines-autofloraison","13":"product_tag-graines-marijuana-rapides","14":"product_tag-les-classiques-cannabis","15":"pa_8d-tiempodecultivocrecimient-65dias-fr","16":"pa_efecto-39-equilibradoconunpotenteef-fr","17":"pa_fa-produccionenexteriorporpl-60_120gr-fr","18":"pa_genetica-indica-fr","19":"pa_produccionm-500_550gr-fr","20":"pa_semillas-10unidades-fr","21":"pa_semillas-3unidades-fr","22":"pa_semillas-50unidades-fr","23":"pa_sexo-feminizada-fr","24":"pa_tipo-autofloraison-fr","26":"first","27":"instock","28":"featured","29":"taxable","30":"shipping-taxable","31":"purchasable","32":"product-type-variable"},"yoast_head":"<!-- This site is optimized with the Yoast SEO plugin v27.3 - https:\/\/yoast.com\/product\/yoast-seo-wordpress\/ -->\n<title>Buddha Auto Critical \u2022 Buddha Seeds<\/title>\n<meta name=\"description\" content=\"Auto Critical est la vari\u00e9t\u00e9 autoflorissante la plus rapide \u00e0 cultiver de la famille classique Buddha Seeds. En moins de 60 jours, votre r\u00e9colte est pr\u00eate.\" \/>\n<meta name=\"robots\" content=\"index, follow, max-snippet:-1, max-image-preview:large, max-video-preview:-1\" \/>\n<link rel=\"canonical\" href=\"https:\/\/buddhaseedbank.com\/fr\/producto\/buddha-auto-critical\/\" \/>\n<meta property=\"og:locale\" content=\"fr_FR\" \/>\n<meta property=\"og:type\" content=\"article\" \/>\n<meta property=\"og:title\" content=\"Buddha Auto Critical \u2022 Buddha Seeds\" \/>\n<meta property=\"og:description\" content=\"Auto Critical est la vari\u00e9t\u00e9 autoflorissante la plus rapide \u00e0 cultiver de la famille classique Buddha Seeds. En moins de 60 jours, votre r\u00e9colte est pr\u00eate.\" \/>\n<meta property=\"og:url\" content=\"https:\/\/buddhaseedbank.com\/fr\/producto\/buddha-auto-critical\/\" \/>\n<meta property=\"og:site_name\" content=\"Buddha Seeds\" \/>\n<meta property=\"article:modified_time\" content=\"2025-10-21T09:01:53+00:00\" \/>\n<meta property=\"og:image\" content=\"https:\/\/buddhaseedbank.com\/wp-content\/uploads\/2020\/12\/216-Buddha-Auto-Critical.jpg\" \/>\n\t<meta property=\"og:image:width\" content=\"1080\" \/>\n\t<meta property=\"og:image:height\" content=\"1080\" \/>\n\t<meta property=\"og:image:type\" content=\"image\/jpeg\" \/>\n<meta name=\"twitter:card\" content=\"summary_large_image\" \/>\n<meta name=\"twitter:label1\" content=\"Dur\u00e9e de lecture estim\u00e9e\" \/>\n\t<meta name=\"twitter:data1\" content=\"2 minutes\" \/>\n<script type=\"application\/ld+json\" class=\"yoast-schema-graph\">{\"@context\":\"https:\\\/\\\/schema.org\",\"@graph\":[{\"@type\":\"WebPage\",\"@id\":\"https:\\\/\\\/buddhaseedbank.com\\\/fr\\\/producto\\\/buddha-auto-critical\\\/\",\"url\":\"https:\\\/\\\/buddhaseedbank.com\\\/fr\\\/producto\\\/buddha-auto-critical\\\/\",\"name\":\"Buddha Auto Critical \u2022 Buddha Seeds\",\"isPartOf\":{\"@id\":\"https:\\\/\\\/buddhaseedbank.com\\\/fr\\\/#website\"},\"primaryImageOfPage\":{\"@id\":\"https:\\\/\\\/buddhaseedbank.com\\\/fr\\\/producto\\\/buddha-auto-critical\\\/#primaryimage\"},\"image\":{\"@id\":\"https:\\\/\\\/buddhaseedbank.com\\\/fr\\\/producto\\\/buddha-auto-critical\\\/#primaryimage\"},\"thumbnailUrl\":\"https:\\\/\\\/buddhaseedbank.com\\\/wp-content\\\/uploads\\\/2020\\\/12\\\/216-Buddha-Auto-Critical.jpg\",\"datePublished\":\"2020-12-02T13:40:29+00:00\",\"dateModified\":\"2025-10-21T09:01:53+00:00\",\"description\":\"Auto Critical est la vari\u00e9t\u00e9 autoflorissante la plus rapide \u00e0 cultiver de la famille classique Buddha Seeds. En moins de 60 jours, votre r\u00e9colte est pr\u00eate.\",\"breadcrumb\":{\"@id\":\"https:\\\/\\\/buddhaseedbank.com\\\/fr\\\/producto\\\/buddha-auto-critical\\\/#breadcrumb\"},\"inLanguage\":\"fr-FR\",\"potentialAction\":[{\"@type\":\"ReadAction\",\"target\":[\"https:\\\/\\\/buddhaseedbank.com\\\/fr\\\/producto\\\/buddha-auto-critical\\\/\"]}]},{\"@type\":\"ImageObject\",\"inLanguage\":\"fr-FR\",\"@id\":\"https:\\\/\\\/buddhaseedbank.com\\\/fr\\\/producto\\\/buddha-auto-critical\\\/#primaryimage\",\"url\":\"https:\\\/\\\/buddhaseedbank.com\\\/wp-content\\\/uploads\\\/2020\\\/12\\\/216-Buddha-Auto-Critical.jpg\",\"contentUrl\":\"https:\\\/\\\/buddhaseedbank.com\\\/wp-content\\\/uploads\\\/2020\\\/12\\\/216-Buddha-Auto-Critical.jpg\",\"width\":1080,\"height\":1080,\"caption\":\"Buddha Auto Critical Buddha Seeds cl\u00e1sico cannabis\"},{\"@type\":\"BreadcrumbList\",\"@id\":\"https:\\\/\\\/buddhaseedbank.com\\\/fr\\\/producto\\\/buddha-auto-critical\\\/#breadcrumb\",\"itemListElement\":[{\"@type\":\"ListItem\",\"position\":1,\"name\":\"Portada\",\"item\":\"https:\\\/\\\/buddhaseedbank.com\\\/fr\\\/\"},{\"@type\":\"ListItem\",\"position\":2,\"name\":\"Boutique\",\"item\":\"https:\\\/\\\/buddhaseedbank.com\\\/fr\\\/boutique\\\/\"},{\"@type\":\"ListItem\",\"position\":3,\"name\":\"Buddha Auto Critical\"}]},{\"@type\":\"WebSite\",\"@id\":\"https:\\\/\\\/buddhaseedbank.com\\\/fr\\\/#website\",\"url\":\"https:\\\/\\\/buddhaseedbank.com\\\/fr\\\/\",\"name\":\"Buddha Seeds\",\"description\":\"\",\"publisher\":{\"@id\":\"https:\\\/\\\/buddhaseedbank.com\\\/fr\\\/#organization\"},\"potentialAction\":[{\"@type\":\"SearchAction\",\"target\":{\"@type\":\"EntryPoint\",\"urlTemplate\":\"https:\\\/\\\/buddhaseedbank.com\\\/fr\\\/?s={search_term_string}\"},\"query-input\":{\"@type\":\"PropertyValueSpecification\",\"valueRequired\":true,\"valueName\":\"search_term_string\"}}],\"inLanguage\":\"fr-FR\"},{\"@type\":\"Organization\",\"@id\":\"https:\\\/\\\/buddhaseedbank.com\\\/fr\\\/#organization\",\"name\":\"Buddha Seeds\",\"url\":\"https:\\\/\\\/buddhaseedbank.com\\\/fr\\\/\",\"logo\":{\"@type\":\"ImageObject\",\"inLanguage\":\"fr-FR\",\"@id\":\"https:\\\/\\\/buddhaseedbank.com\\\/fr\\\/#\\\/schema\\\/logo\\\/image\\\/\",\"url\":\"https:\\\/\\\/buddhaseedbank.com\\\/wp-content\\\/uploads\\\/2024\\\/04\\\/buddha-seeds-logo-1622448424-1.png\",\"contentUrl\":\"https:\\\/\\\/buddhaseedbank.com\\\/wp-content\\\/uploads\\\/2024\\\/04\\\/buddha-seeds-logo-1622448424-1.png\",\"width\":478,\"height\":200,\"caption\":\"Buddha Seeds\"},\"image\":{\"@id\":\"https:\\\/\\\/buddhaseedbank.com\\\/fr\\\/#\\\/schema\\\/logo\\\/image\\\/\"}}]}<\/script>\n<!-- \/ Yoast SEO plugin. -->","yoast_head_json":{"title":"Buddha Auto Critical \u2022 Buddha Seeds","description":"Auto Critical est la vari\u00e9t\u00e9 autoflorissante la plus rapide \u00e0 cultiver de la famille classique Buddha Seeds. En moins de 60 jours, votre r\u00e9colte est pr\u00eate.","robots":{"index":"index","follow":"follow","max-snippet":"max-snippet:-1","max-image-preview":"max-image-preview:large","max-video-preview":"max-video-preview:-1"},"canonical":"https:\/\/buddhaseedbank.com\/fr\/producto\/buddha-auto-critical\/","og_locale":"fr_FR","og_type":"article","og_title":"Buddha Auto Critical \u2022 Buddha Seeds","og_description":"Auto Critical est la vari\u00e9t\u00e9 autoflorissante la plus rapide \u00e0 cultiver de la famille classique Buddha Seeds. En moins de 60 jours, votre r\u00e9colte est pr\u00eate.","og_url":"https:\/\/buddhaseedbank.com\/fr\/producto\/buddha-auto-critical\/","og_site_name":"Buddha Seeds","article_modified_time":"2025-10-21T09:01:53+00:00","og_image":[{"width":1080,"height":1080,"url":"https:\/\/buddhaseedbank.com\/wp-content\/uploads\/2020\/12\/216-Buddha-Auto-Critical.jpg","type":"image\/jpeg"}],"twitter_card":"summary_large_image","twitter_misc":{"Dur\u00e9e de lecture estim\u00e9e":"2 minutes"},"schema":{"@context":"https:\/\/schema.org","@graph":[{"@type":"WebPage","@id":"https:\/\/buddhaseedbank.com\/fr\/producto\/buddha-auto-critical\/","url":"https:\/\/buddhaseedbank.com\/fr\/producto\/buddha-auto-critical\/","name":"Buddha Auto Critical \u2022 Buddha Seeds","isPartOf":{"@id":"https:\/\/buddhaseedbank.com\/fr\/#website"},"primaryImageOfPage":{"@id":"https:\/\/buddhaseedbank.com\/fr\/producto\/buddha-auto-critical\/#primaryimage"},"image":{"@id":"https:\/\/buddhaseedbank.com\/fr\/producto\/buddha-auto-critical\/#primaryimage"},"thumbnailUrl":"https:\/\/buddhaseedbank.com\/wp-content\/uploads\/2020\/12\/216-Buddha-Auto-Critical.jpg","datePublished":"2020-12-02T13:40:29+00:00","dateModified":"2025-10-21T09:01:53+00:00","description":"Auto Critical est la vari\u00e9t\u00e9 autoflorissante la plus rapide \u00e0 cultiver de la famille classique Buddha Seeds. En moins de 60 jours, votre r\u00e9colte est pr\u00eate.","breadcrumb":{"@id":"https:\/\/buddhaseedbank.com\/fr\/producto\/buddha-auto-critical\/#breadcrumb"},"inLanguage":"fr-FR","potentialAction":[{"@type":"ReadAction","target":["https:\/\/buddhaseedbank.com\/fr\/producto\/buddha-auto-critical\/"]}]},{"@type":"ImageObject","inLanguage":"fr-FR","@id":"https:\/\/buddhaseedbank.com\/fr\/producto\/buddha-auto-critical\/#primaryimage","url":"https:\/\/buddhaseedbank.com\/wp-content\/uploads\/2020\/12\/216-Buddha-Auto-Critical.jpg","contentUrl":"https:\/\/buddhaseedbank.com\/wp-content\/uploads\/2020\/12\/216-Buddha-Auto-Critical.jpg","width":1080,"height":1080,"caption":"Buddha Auto Critical Buddha Seeds cl\u00e1sico cannabis"},{"@type":"BreadcrumbList","@id":"https:\/\/buddhaseedbank.com\/fr\/producto\/buddha-auto-critical\/#breadcrumb","itemListElement":[{"@type":"ListItem","position":1,"name":"Portada","item":"https:\/\/buddhaseedbank.com\/fr\/"},{"@type":"ListItem","position":2,"name":"Boutique","item":"https:\/\/buddhaseedbank.com\/fr\/boutique\/"},{"@type":"ListItem","position":3,"name":"Buddha Auto Critical"}]},{"@type":"WebSite","@id":"https:\/\/buddhaseedbank.com\/fr\/#website","url":"https:\/\/buddhaseedbank.com\/fr\/","name":"Buddha Seeds","description":"","publisher":{"@id":"https:\/\/buddhaseedbank.com\/fr\/#organization"},"potentialAction":[{"@type":"SearchAction","target":{"@type":"EntryPoint","urlTemplate":"https:\/\/buddhaseedbank.com\/fr\/?s={search_term_string}"},"query-input":{"@type":"PropertyValueSpecification","valueRequired":true,"valueName":"search_term_string"}}],"inLanguage":"fr-FR"},{"@type":"Organization","@id":"https:\/\/buddhaseedbank.com\/fr\/#organization","name":"Buddha Seeds","url":"https:\/\/buddhaseedbank.com\/fr\/","logo":{"@type":"ImageObject","inLanguage":"fr-FR","@id":"https:\/\/buddhaseedbank.com\/fr\/#\/schema\/logo\/image\/","url":"https:\/\/buddhaseedbank.com\/wp-content\/uploads\/2024\/04\/buddha-seeds-logo-1622448424-1.png","contentUrl":"https:\/\/buddhaseedbank.com\/wp-content\/uploads\/2024\/04\/buddha-seeds-logo-1622448424-1.png","width":478,"height":200,"caption":"Buddha Seeds"},"image":{"@id":"https:\/\/buddhaseedbank.com\/fr\/#\/schema\/logo\/image\/"}}]}},"_links":{"self":[{"href":"https:\/\/buddhaseedbank.com\/fr\/wp-json\/wp\/v2\/product\/4449","targetHints":{"allow":["GET"]}}],"collection":[{"href":"https:\/\/buddhaseedbank.com\/fr\/wp-json\/wp\/v2\/product"}],"about":[{"href":"https:\/\/buddhaseedbank.com\/fr\/wp-json\/wp\/v2\/types\/product"}],"wp:featuredmedia":[{"embeddable":true,"href":"https:\/\/buddhaseedbank.com\/fr\/wp-json\/wp\/v2\/media\/4411"}],"wp:attachment":[{"href":"https:\/\/buddhaseedbank.com\/fr\/wp-json\/wp\/v2\/media?parent=4449"}],"wp:term":[{"taxonomy":"product_brand","embeddable":true,"href":"https:\/\/buddhaseedbank.com\/fr\/wp-json\/wp\/v2\/product_brand?post=4449"},{"taxonomy":"product_cat","embeddable":true,"href":"https:\/\/buddhaseedbank.com\/fr\/wp-json\/wp\/v2\/product_cat?post=4449"},{"taxonomy":"product_tag","embeddable":true,"href":"https:\/\/buddhaseedbank.com\/fr\/wp-json\/wp\/v2\/product_tag?post=4449"}],"curies":[{"name":"wp","href":"https:\/\/api.w.org\/{rel}","templated":true}]}}