{"id":4479,"date":"2020-12-03T10:20:31","date_gmt":"2020-12-03T09:20:31","guid":{"rendered":"https:\/\/buddhaseedbank.com\/producto\/buddha-diesel-2\/"},"modified":"2020-12-03T10:20:31","modified_gmt":"2020-12-03T09:20:31","slug":"buddha-diesel-2","status":"publish","type":"product","link":"https:\/\/buddhaseedbank.com\/fr\/producto\/buddha-diesel-2\/","title":{"rendered":"Buddha Diesel"},"content":{"rendered":"<p style=\"text-align:justify;\">Un <strong>classique moderne essentiel <\/strong>qui a marqu\u00e9 un avant et un apr\u00e8s dans les saveurs du cannabis. Le myst\u00e8re entourant les origines de Diesel reste latent chez les cultivateurs les plus exp\u00e9riment\u00e9s, remplissant le charme d&rsquo;une histoire \u00e9vocatrice. Cependant, toutes les histoires citent le m\u00eame personnage : <strong>Chemdog, l\u2019auteur de ce classique<\/strong>.<\/p>\n<p style=\"text-align:justify;\">Il faut remonter aux ann\u00e9es 90 aux \u00c9tats-Unis pour localiser l&rsquo;origine de <strong>cette vari\u00e9t\u00e9 mondialis\u00e9e<\/strong>. Chemdog a achet\u00e9 lors d&rsquo;un concert de Grateful Dead des fleurs de cannabis dans lesquelles il a trouv\u00e9 quelques graines qui, avec le temps, ont \u00e9t\u00e9 les graines actuelles de Diesel. Au fil des ann\u00e9es, elle est devenue une <strong>vari\u00e9t\u00e9 standard parmi les cultivateurs<\/strong>, et d&rsquo;innombrables coupes ont \u00e9t\u00e9 remport\u00e9es lors de concours dans le monde entier.<\/p>\n<p style=\"text-align:justify;\">C&rsquo;est pourquoi, chez Buddha Seeds, nous n&rsquo;avons pas h\u00e9sit\u00e9 \u00e0 l&rsquo;inclure dans notre catalogue de vari\u00e9t\u00e9s classiques. Mais toujours avec une attention toute particuli\u00e8re, avec le <strong>sceau de qualit\u00e9 Buddha Seeds<\/strong>.<\/p>\n<p style=\"text-align:justify;\">Gr\u00e2ce \u00e0 notre programme de s\u00e9lection, avec <strong>Buddha Diesel de Buddha Seeds<\/strong>, nous avons augment\u00e9 et <strong>stabilis\u00e9 la production<\/strong> \u00e0 des limites insoup\u00e7onn\u00e9es dans une vari\u00e9t\u00e9 qui en manquait. Nous voulions \u00e9galement maintenir la <strong>variation des ph\u00e9notypes<\/strong> avec beaucoup de nuances dans les saveurs qui la d\u00e9finissent et pour lesquelles elle a \u00e9t\u00e9 utilis\u00e9e dans des milliers de programmes de d\u00e9veloppement.<\/p>\n<p style=\"text-align:justify;\">Bien qu&rsquo;elle poss\u00e8de un fond commun qui la caract\u00e9rise, nous lui avons permis de produire des ph\u00e9notypes avec des notes allant du citron ou du pamplemousse \u00e0 des touches terreuses. <strong>Buddha Diesel <\/strong>conserve cette <strong>couche de r\u00e9sine<\/strong> qui est si unique et la rend parfaite pour les extractions.<\/p>\n<p style=\"text-align:justify;\"><strong>Buddha Diesel de Buddha Seeds<\/strong> est polyvalente ; elle n\u2019a pas beaucoup besoin d&rsquo;attention et convient \u00e0 ceux qui ont moins de connaissances sur la culture de la plante. Elle s&rsquo;adapte aussi bien aux <strong>situations m\u00e9t\u00e9orologiques d\u00e9favorables<\/strong>.<\/p>\n<p style=\"text-align:justify;\">En bref, les vari\u00e9t\u00e9s parentes de cette <strong>Buddha Seeds classique<\/strong> en font une plante vraiment attrayante, qui donne des r\u00e9sultats productifs surtout dans les cultures en plein air. Avec des ar\u00f4mes et des saveurs attrayants pour le palais. Un <strong>d\u00e9lice \u00e0 ne pas manquer dans votre jardin<\/strong>.<\/p>\n","protected":false},"excerpt":{"rendered":"<p style=\"text-align:justify;\">Gr\u00e2ce \u00e0 notre programme de s\u00e9lection, avec <strong>Buddha Diesel de Buddha Seeds<\/strong>, nous avons augment\u00e9 et <strong>stabilis\u00e9 la production<\/strong> \u00e0 des limites insoup\u00e7onn\u00e9es dans une vari\u00e9t\u00e9 qui en manquait. Nous voulions \u00e9galement maintenir la <strong>variation des ph\u00e9notypes<\/strong> avec beaucoup de nuances dans les saveurs qui la d\u00e9finissent et pour lesquelles elle a \u00e9t\u00e9 utilis\u00e9e dans des milliers de programmes de d\u00e9veloppement.<\/p>\n","protected":false},"featured_media":4456,"template":"","meta":{"_joinchat":[]},"product_brand":[],"product_cat":[641,111],"product_tag":[1394,1479,1506,1520],"class_list":{"0":"post-4479","1":"product","2":"type-product","3":"status-publish","4":"has-post-thumbnail","6":"product_cat-classics-buddha-seeds-fr","7":"product_cat-varietes-buddha-seeds","8":"product_tag-cannabis-effet-puissant","9":"product_tag-graines-photodependantes","10":"product_tag-les-classiques-cannabis","11":"product_tag-marijuana-productive","12":"pa_efecto-1e-psicoactiva_creativoysoci-fr","13":"pa_fa-produccionenexteriorporpl-500_1500gr-fr","14":"pa_genetica-sativa-fr","15":"pa_mesdecosecha-55-segundamitaddeoctubrehemi-fr","16":"pa_produccionm-400_550gr-fr","17":"pa_semillas-10unidades-fr","18":"pa_semillas-3unidades-fr","19":"pa_semillas-50unidades-fr","20":"pa_sexo-feminizada-fr","21":"pa_tiempodefloracion-65_70dias-fr","22":"pa_tipo-photodependant-fr","24":"first","25":"instock","26":"taxable","27":"shipping-taxable","28":"purchasable","29":"product-type-variable"},"yoast_head":"<!-- This site is optimized with the Yoast SEO plugin v27.3 - https:\/\/yoast.com\/product\/yoast-seo-wordpress\/ -->\n<title>Buddha Diesel \u2022 Buddha Seeds<\/title>\n<meta name=\"robots\" content=\"index, follow, max-snippet:-1, max-image-preview:large, max-video-preview:-1\" \/>\n<link rel=\"canonical\" href=\"https:\/\/buddhaseedbank.com\/fr\/producto\/buddha-diesel-2\/\" \/>\n<meta property=\"og:locale\" content=\"fr_FR\" \/>\n<meta property=\"og:type\" content=\"article\" \/>\n<meta property=\"og:title\" content=\"Buddha Diesel \u2022 Buddha Seeds\" \/>\n<meta property=\"og:description\" content=\"Gr\u00e2ce \u00e0 notre programme de s\u00e9lection, avec Buddha Diesel de Buddha Seeds, nous avons augment\u00e9 et stabilis\u00e9 la production \u00e0 des limites insoup\u00e7onn\u00e9es dans une vari\u00e9t\u00e9 qui en manquait. Nous voulions \u00e9galement maintenir la variation des ph\u00e9notypes avec beaucoup de nuances dans les saveurs qui la d\u00e9finissent et pour lesquelles elle a \u00e9t\u00e9 utilis\u00e9e dans des milliers de programmes de d\u00e9veloppement.\" \/>\n<meta property=\"og:url\" content=\"https:\/\/buddhaseedbank.com\/fr\/producto\/buddha-diesel-2\/\" \/>\n<meta property=\"og:site_name\" content=\"Buddha Seeds\" \/>\n<meta property=\"og:image\" content=\"https:\/\/buddhaseedbank.com\/wp-content\/uploads\/2020\/12\/217-Buddha-Diesel.jpg\" \/>\n\t<meta property=\"og:image:width\" content=\"1080\" \/>\n\t<meta property=\"og:image:height\" content=\"1080\" \/>\n\t<meta property=\"og:image:type\" content=\"image\/jpeg\" \/>\n<meta name=\"twitter:card\" content=\"summary_large_image\" \/>\n<meta name=\"twitter:label1\" content=\"Dur\u00e9e de lecture estim\u00e9e\" \/>\n\t<meta name=\"twitter:data1\" content=\"2 minutes\" \/>\n<script type=\"application\/ld+json\" class=\"yoast-schema-graph\">{\"@context\":\"https:\\\/\\\/schema.org\",\"@graph\":[{\"@type\":\"WebPage\",\"@id\":\"https:\\\/\\\/buddhaseedbank.com\\\/fr\\\/producto\\\/buddha-diesel-2\\\/\",\"url\":\"https:\\\/\\\/buddhaseedbank.com\\\/fr\\\/producto\\\/buddha-diesel-2\\\/\",\"name\":\"Buddha Diesel \u2022 Buddha Seeds\",\"isPartOf\":{\"@id\":\"https:\\\/\\\/buddhaseedbank.com\\\/fr\\\/#website\"},\"primaryImageOfPage\":{\"@id\":\"https:\\\/\\\/buddhaseedbank.com\\\/fr\\\/producto\\\/buddha-diesel-2\\\/#primaryimage\"},\"image\":{\"@id\":\"https:\\\/\\\/buddhaseedbank.com\\\/fr\\\/producto\\\/buddha-diesel-2\\\/#primaryimage\"},\"thumbnailUrl\":\"https:\\\/\\\/buddhaseedbank.com\\\/wp-content\\\/uploads\\\/2020\\\/12\\\/217-Buddha-Diesel.jpg\",\"datePublished\":\"2020-12-03T09:20:31+00:00\",\"breadcrumb\":{\"@id\":\"https:\\\/\\\/buddhaseedbank.com\\\/fr\\\/producto\\\/buddha-diesel-2\\\/#breadcrumb\"},\"inLanguage\":\"fr-FR\",\"potentialAction\":[{\"@type\":\"ReadAction\",\"target\":[\"https:\\\/\\\/buddhaseedbank.com\\\/fr\\\/producto\\\/buddha-diesel-2\\\/\"]}]},{\"@type\":\"ImageObject\",\"inLanguage\":\"fr-FR\",\"@id\":\"https:\\\/\\\/buddhaseedbank.com\\\/fr\\\/producto\\\/buddha-diesel-2\\\/#primaryimage\",\"url\":\"https:\\\/\\\/buddhaseedbank.com\\\/wp-content\\\/uploads\\\/2020\\\/12\\\/217-Buddha-Diesel.jpg\",\"contentUrl\":\"https:\\\/\\\/buddhaseedbank.com\\\/wp-content\\\/uploads\\\/2020\\\/12\\\/217-Buddha-Diesel.jpg\",\"width\":1080,\"height\":1080,\"caption\":\"Buddha Diesel Buddha Seeds cl\u00e1sicos cannabis resina\"},{\"@type\":\"BreadcrumbList\",\"@id\":\"https:\\\/\\\/buddhaseedbank.com\\\/fr\\\/producto\\\/buddha-diesel-2\\\/#breadcrumb\",\"itemListElement\":[{\"@type\":\"ListItem\",\"position\":1,\"name\":\"Portada\",\"item\":\"https:\\\/\\\/buddhaseedbank.com\\\/fr\\\/\"},{\"@type\":\"ListItem\",\"position\":2,\"name\":\"Boutique\",\"item\":\"https:\\\/\\\/buddhaseedbank.com\\\/fr\\\/boutique\\\/\"},{\"@type\":\"ListItem\",\"position\":3,\"name\":\"Buddha Diesel\"}]},{\"@type\":\"WebSite\",\"@id\":\"https:\\\/\\\/buddhaseedbank.com\\\/fr\\\/#website\",\"url\":\"https:\\\/\\\/buddhaseedbank.com\\\/fr\\\/\",\"name\":\"Buddha Seeds\",\"description\":\"\",\"publisher\":{\"@id\":\"https:\\\/\\\/buddhaseedbank.com\\\/fr\\\/#organization\"},\"potentialAction\":[{\"@type\":\"SearchAction\",\"target\":{\"@type\":\"EntryPoint\",\"urlTemplate\":\"https:\\\/\\\/buddhaseedbank.com\\\/fr\\\/?s={search_term_string}\"},\"query-input\":{\"@type\":\"PropertyValueSpecification\",\"valueRequired\":true,\"valueName\":\"search_term_string\"}}],\"inLanguage\":\"fr-FR\"},{\"@type\":\"Organization\",\"@id\":\"https:\\\/\\\/buddhaseedbank.com\\\/fr\\\/#organization\",\"name\":\"Buddha Seeds\",\"url\":\"https:\\\/\\\/buddhaseedbank.com\\\/fr\\\/\",\"logo\":{\"@type\":\"ImageObject\",\"inLanguage\":\"fr-FR\",\"@id\":\"https:\\\/\\\/buddhaseedbank.com\\\/fr\\\/#\\\/schema\\\/logo\\\/image\\\/\",\"url\":\"https:\\\/\\\/buddhaseedbank.com\\\/wp-content\\\/uploads\\\/2024\\\/04\\\/buddha-seeds-logo-1622448424-1.png\",\"contentUrl\":\"https:\\\/\\\/buddhaseedbank.com\\\/wp-content\\\/uploads\\\/2024\\\/04\\\/buddha-seeds-logo-1622448424-1.png\",\"width\":478,\"height\":200,\"caption\":\"Buddha Seeds\"},\"image\":{\"@id\":\"https:\\\/\\\/buddhaseedbank.com\\\/fr\\\/#\\\/schema\\\/logo\\\/image\\\/\"}}]}<\/script>\n<!-- \/ Yoast SEO plugin. -->","yoast_head_json":{"title":"Buddha Diesel \u2022 Buddha Seeds","robots":{"index":"index","follow":"follow","max-snippet":"max-snippet:-1","max-image-preview":"max-image-preview:large","max-video-preview":"max-video-preview:-1"},"canonical":"https:\/\/buddhaseedbank.com\/fr\/producto\/buddha-diesel-2\/","og_locale":"fr_FR","og_type":"article","og_title":"Buddha Diesel \u2022 Buddha Seeds","og_description":"Gr\u00e2ce \u00e0 notre programme de s\u00e9lection, avec Buddha Diesel de Buddha Seeds, nous avons augment\u00e9 et stabilis\u00e9 la production \u00e0 des limites insoup\u00e7onn\u00e9es dans une vari\u00e9t\u00e9 qui en manquait. Nous voulions \u00e9galement maintenir la variation des ph\u00e9notypes avec beaucoup de nuances dans les saveurs qui la d\u00e9finissent et pour lesquelles elle a \u00e9t\u00e9 utilis\u00e9e dans des milliers de programmes de d\u00e9veloppement.","og_url":"https:\/\/buddhaseedbank.com\/fr\/producto\/buddha-diesel-2\/","og_site_name":"Buddha Seeds","og_image":[{"width":1080,"height":1080,"url":"https:\/\/buddhaseedbank.com\/wp-content\/uploads\/2020\/12\/217-Buddha-Diesel.jpg","type":"image\/jpeg"}],"twitter_card":"summary_large_image","twitter_misc":{"Dur\u00e9e de lecture estim\u00e9e":"2 minutes"},"schema":{"@context":"https:\/\/schema.org","@graph":[{"@type":"WebPage","@id":"https:\/\/buddhaseedbank.com\/fr\/producto\/buddha-diesel-2\/","url":"https:\/\/buddhaseedbank.com\/fr\/producto\/buddha-diesel-2\/","name":"Buddha Diesel \u2022 Buddha Seeds","isPartOf":{"@id":"https:\/\/buddhaseedbank.com\/fr\/#website"},"primaryImageOfPage":{"@id":"https:\/\/buddhaseedbank.com\/fr\/producto\/buddha-diesel-2\/#primaryimage"},"image":{"@id":"https:\/\/buddhaseedbank.com\/fr\/producto\/buddha-diesel-2\/#primaryimage"},"thumbnailUrl":"https:\/\/buddhaseedbank.com\/wp-content\/uploads\/2020\/12\/217-Buddha-Diesel.jpg","datePublished":"2020-12-03T09:20:31+00:00","breadcrumb":{"@id":"https:\/\/buddhaseedbank.com\/fr\/producto\/buddha-diesel-2\/#breadcrumb"},"inLanguage":"fr-FR","potentialAction":[{"@type":"ReadAction","target":["https:\/\/buddhaseedbank.com\/fr\/producto\/buddha-diesel-2\/"]}]},{"@type":"ImageObject","inLanguage":"fr-FR","@id":"https:\/\/buddhaseedbank.com\/fr\/producto\/buddha-diesel-2\/#primaryimage","url":"https:\/\/buddhaseedbank.com\/wp-content\/uploads\/2020\/12\/217-Buddha-Diesel.jpg","contentUrl":"https:\/\/buddhaseedbank.com\/wp-content\/uploads\/2020\/12\/217-Buddha-Diesel.jpg","width":1080,"height":1080,"caption":"Buddha Diesel Buddha Seeds cl\u00e1sicos cannabis resina"},{"@type":"BreadcrumbList","@id":"https:\/\/buddhaseedbank.com\/fr\/producto\/buddha-diesel-2\/#breadcrumb","itemListElement":[{"@type":"ListItem","position":1,"name":"Portada","item":"https:\/\/buddhaseedbank.com\/fr\/"},{"@type":"ListItem","position":2,"name":"Boutique","item":"https:\/\/buddhaseedbank.com\/fr\/boutique\/"},{"@type":"ListItem","position":3,"name":"Buddha Diesel"}]},{"@type":"WebSite","@id":"https:\/\/buddhaseedbank.com\/fr\/#website","url":"https:\/\/buddhaseedbank.com\/fr\/","name":"Buddha Seeds","description":"","publisher":{"@id":"https:\/\/buddhaseedbank.com\/fr\/#organization"},"potentialAction":[{"@type":"SearchAction","target":{"@type":"EntryPoint","urlTemplate":"https:\/\/buddhaseedbank.com\/fr\/?s={search_term_string}"},"query-input":{"@type":"PropertyValueSpecification","valueRequired":true,"valueName":"search_term_string"}}],"inLanguage":"fr-FR"},{"@type":"Organization","@id":"https:\/\/buddhaseedbank.com\/fr\/#organization","name":"Buddha Seeds","url":"https:\/\/buddhaseedbank.com\/fr\/","logo":{"@type":"ImageObject","inLanguage":"fr-FR","@id":"https:\/\/buddhaseedbank.com\/fr\/#\/schema\/logo\/image\/","url":"https:\/\/buddhaseedbank.com\/wp-content\/uploads\/2024\/04\/buddha-seeds-logo-1622448424-1.png","contentUrl":"https:\/\/buddhaseedbank.com\/wp-content\/uploads\/2024\/04\/buddha-seeds-logo-1622448424-1.png","width":478,"height":200,"caption":"Buddha Seeds"},"image":{"@id":"https:\/\/buddhaseedbank.com\/fr\/#\/schema\/logo\/image\/"}}]}},"_links":{"self":[{"href":"https:\/\/buddhaseedbank.com\/fr\/wp-json\/wp\/v2\/product\/4479","targetHints":{"allow":["GET"]}}],"collection":[{"href":"https:\/\/buddhaseedbank.com\/fr\/wp-json\/wp\/v2\/product"}],"about":[{"href":"https:\/\/buddhaseedbank.com\/fr\/wp-json\/wp\/v2\/types\/product"}],"wp:featuredmedia":[{"embeddable":true,"href":"https:\/\/buddhaseedbank.com\/fr\/wp-json\/wp\/v2\/media\/4456"}],"wp:attachment":[{"href":"https:\/\/buddhaseedbank.com\/fr\/wp-json\/wp\/v2\/media?parent=4479"}],"wp:term":[{"taxonomy":"product_brand","embeddable":true,"href":"https:\/\/buddhaseedbank.com\/fr\/wp-json\/wp\/v2\/product_brand?post=4479"},{"taxonomy":"product_cat","embeddable":true,"href":"https:\/\/buddhaseedbank.com\/fr\/wp-json\/wp\/v2\/product_cat?post=4479"},{"taxonomy":"product_tag","embeddable":true,"href":"https:\/\/buddhaseedbank.com\/fr\/wp-json\/wp\/v2\/product_tag?post=4479"}],"curies":[{"name":"wp","href":"https:\/\/api.w.org\/{rel}","templated":true}]}}