{"id":4514,"date":"2020-12-03T10:37:22","date_gmt":"2020-12-03T09:37:22","guid":{"rendered":"https:\/\/buddhaseedbank.com\/producto\/buddha-auto-diesel\/"},"modified":"2024-06-04T12:33:16","modified_gmt":"2024-06-04T10:33:16","slug":"buddha-auto-diesel","status":"publish","type":"product","link":"https:\/\/buddhaseedbank.com\/fr\/producto\/buddha-auto-diesel\/","title":{"rendered":"Buddha Auto Diesel"},"content":{"rendered":"<p style=\"text-align: justify;\">Un <strong>classique moderne essentiel<\/strong> qui a marqu\u00e9 un avant et un apr\u00e8s dans les ar\u00f4mes de cannabis. Le myst\u00e8re qui entoure les origines du Diesel persiste encore chez les cultivateurs les plus exp\u00e9riment\u00e9s, r\u00e9pondant ainsi \u00e0 l&rsquo;attrait d&rsquo;une histoire \u00e9vocatrice. Cependant, toutes les histoires pointent vers le m\u00eame protagoniste : <strong>Chemdog, l&rsquo;auteur de ce classique<\/strong>.<\/p>\n<p style=\"text-align: justify;\">Il faut remonter aux ann\u00e9es 1990 aux \u00c9tats-Unis pour trouver l&rsquo;origine de cette <strong>vari\u00e9t\u00e9 mondialis\u00e9e<\/strong>. Chemdog a achet\u00e9 des fleurs de cannabis lors d&rsquo;un concert de Grateful Dead, dans lesquelles il a trouv\u00e9 quelques graines qui sont devenues les graines de ce qui est aujourd&rsquo;hui Diesel. Au fil des ans, elle est devenue une vari\u00e9t\u00e9 standard parmi les cultivateurs et a remport\u00e9 d&rsquo;innombrables coupes lors de concours organis\u00e9s dans le monde entier.<\/p>\n<p style=\"text-align: justify;\">C&rsquo;est pourquoi, chez Buddha Seeds, nous n&rsquo;avons pas h\u00e9sit\u00e9 \u00e0 l&rsquo;inclure dans notre catalogue de classiques. Mais toujours avec le soin qui nous distingue, avec le label de qualit\u00e9 Buddha Seeds.<\/p>\n<p style=\"text-align: justify;\">Gr\u00e2ce \u00e0 notre programme de s\u00e9lection, la <strong>Buddha Auto Diesel de Buddha Seeds<\/strong> a permis d&rsquo;augmenter et de stabiliser le rendement jusqu&rsquo;\u00e0 des limites inimaginables dans une vari\u00e9t\u00e9 qui en \u00e9tait d\u00e9pourvue. En m\u00eame temps, nous voulions maintenir la <strong>variation des ph\u00e9notypes avec de nombreuses nuances de saveurs<\/strong> qui la d\u00e9finissent et qui expliquent pourquoi elle a \u00e9t\u00e9 utilis\u00e9e dans des milliers de programmes de d\u00e9veloppement.<\/p>\n<p style=\"text-align: justify;\">Bien qu&rsquo;elle ait ce fond commun qui la caract\u00e9rise, nous lui avons permis de produire des ph\u00e9notypes allant des agrumes comme le citron ou le pamplemousse \u00e0 des touches terreuses. La <strong>Buddha Auto Diesel<\/strong> conserve cette couverture de r\u00e9sine qui la caract\u00e9rise et la rend parfaite pour les extractions.<\/p>\n<p style=\"text-align: justify;\"><strong>Buddha Auto Diesel de Buddha Seeds<\/strong> est une plante polyvalente ; elle ne n\u00e9cessite pas beaucoup de soins et convient \u00e0 ceux qui ont moins de connaissances sur la culture de la plante. Il s&rsquo;adapte \u00e9galement bien aux conditions m\u00e9t\u00e9orologiques d\u00e9favorables.<\/p>\n<p style=\"text-align: justify;\">En r\u00e9sum\u00e9, les caract\u00e9ristiques de cette <strong>autofloraison<\/strong> classique <strong>de Buddha Seeds<\/strong> en font une plante tr\u00e8s attrayante, avec des r\u00e9sultats productifs, en particulier dans les cultures en terre m\u00e8re, et avec des ar\u00f4mes et des saveurs attrayants pour le palais. Un d\u00e9lice \u00e0 ne pas manquer dans votre jardin.<\/p>\n<p style=\"text-align: justify;\"><a style=\"background-color: #ff0000; color: #ffffff;\" href=\"https:\/\/youtu.be\/eweW56lsE8k\" target=\"_blank\" rel=\"noreferrer noopener nofollow\">YOUTUBE \u25ba<\/a><\/p>\n","protected":false},"excerpt":{"rendered":"<p style=\"text-align: justify;\">Gr\u00e2ce \u00e0 notre programme de s\u00e9lection, la <strong>Buddha Auto Diesel de Buddha Seeds<\/strong> a permis d&rsquo;augmenter et de stabiliser le rendement jusqu&rsquo;\u00e0 des limites inimaginables dans une vari\u00e9t\u00e9 qui en \u00e9tait d\u00e9pourvue. En m\u00eame temps, nous voulions maintenir la <strong>variation des ph\u00e9notypes avec de nombreuses nuances de saveurs<\/strong> qui la d\u00e9finissent et qui expliquent pourquoi elle a \u00e9t\u00e9 utilis\u00e9e dans des milliers de programmes de d\u00e9veloppement.<\/p>\n","protected":false},"featured_media":4486,"template":"","meta":{"_joinchat":[]},"product_brand":[],"product_cat":[641,111],"product_tag":[1477,1382,1394,1502,1463,1406,1506,1435],"class_list":{"0":"post-4514","1":"product","2":"type-product","3":"status-publish","4":"has-post-thumbnail","6":"product_cat-classics-buddha-seeds-fr","7":"product_cat-varietes-buddha-seeds","8":"product_tag-autofloraison-exterieur","9":"product_tag-autofloraison-interieur","10":"product_tag-cannabis-effet-puissant","11":"product_tag-cannabis-interieur","12":"product_tag-cannabis-plein-air","13":"product_tag-graines-autofloraison","14":"product_tag-les-classiques-cannabis","15":"product_tag-plantes-productives-floraison-automatique","16":"pa_8d-tiempodecultivocrecimient-75dias-fr","17":"pa_efecto-1e-psicoactiva_creativoysoci-fr","18":"pa_fa-produccionenexteriorporpl-70_130gr-fr","19":"pa_genetica-sativa-fr","20":"pa_produccionm-350_500gr-fr","21":"pa_semillas-10unidades-fr","22":"pa_semillas-3unidades-fr","23":"pa_semillas-50unidades-fr","24":"pa_sexo-feminizada-fr","25":"pa_tipo-autofloraison-fr","27":"first","28":"instock","29":"taxable","30":"shipping-taxable","31":"purchasable","32":"product-type-variable"},"yoast_head":"<!-- This site is optimized with the Yoast SEO plugin v27.3 - https:\/\/yoast.com\/product\/yoast-seo-wordpress\/ -->\n<title>Buddha Auto Diesel - Buddha Seeds<\/title>\n<meta name=\"description\" content=\"L&#039;autofloraison Diesel de Buddha Seeds se distingue par la variation de ses ph\u00e9notypes avec beaucoup de nuances dans les saveurs qui la d\u00e9finissent et qui expliquent pourquoi elle a \u00e9t\u00e9 utilis\u00e9e dans des milliers de programmes de d\u00e9veloppement.\" \/>\n<meta name=\"robots\" content=\"index, follow, max-snippet:-1, max-image-preview:large, max-video-preview:-1\" \/>\n<link rel=\"canonical\" href=\"https:\/\/buddhaseedbank.com\/fr\/producto\/buddha-auto-diesel\/\" \/>\n<meta property=\"og:locale\" content=\"fr_FR\" \/>\n<meta property=\"og:type\" content=\"article\" \/>\n<meta property=\"og:title\" content=\"Buddha Auto Diesel - Buddha Seeds\" \/>\n<meta property=\"og:description\" content=\"L&#039;autofloraison Diesel de Buddha Seeds se distingue par la variation de ses ph\u00e9notypes avec beaucoup de nuances dans les saveurs qui la d\u00e9finissent et qui expliquent pourquoi elle a \u00e9t\u00e9 utilis\u00e9e dans des milliers de programmes de d\u00e9veloppement.\" \/>\n<meta property=\"og:url\" content=\"https:\/\/buddhaseedbank.com\/fr\/producto\/buddha-auto-diesel\/\" \/>\n<meta property=\"og:site_name\" content=\"Buddha Seeds\" \/>\n<meta property=\"article:modified_time\" content=\"2024-06-04T10:33:16+00:00\" \/>\n<meta property=\"og:image\" content=\"https:\/\/buddhaseedbank.com\/wp-content\/uploads\/2020\/12\/262-Buddha-Auto-Diesel.jpg\" \/>\n\t<meta property=\"og:image:width\" content=\"1080\" \/>\n\t<meta property=\"og:image:height\" content=\"1080\" \/>\n\t<meta property=\"og:image:type\" content=\"image\/jpeg\" \/>\n<meta name=\"twitter:card\" content=\"summary_large_image\" \/>\n<meta name=\"twitter:label1\" content=\"Dur\u00e9e de lecture estim\u00e9e\" \/>\n\t<meta name=\"twitter:data1\" content=\"2 minutes\" \/>\n<script type=\"application\/ld+json\" class=\"yoast-schema-graph\">{\"@context\":\"https:\\\/\\\/schema.org\",\"@graph\":[{\"@type\":\"WebPage\",\"@id\":\"https:\\\/\\\/buddhaseedbank.com\\\/fr\\\/producto\\\/buddha-auto-diesel\\\/\",\"url\":\"https:\\\/\\\/buddhaseedbank.com\\\/fr\\\/producto\\\/buddha-auto-diesel\\\/\",\"name\":\"Buddha Auto Diesel - Buddha Seeds\",\"isPartOf\":{\"@id\":\"https:\\\/\\\/buddhaseedbank.com\\\/fr\\\/#website\"},\"primaryImageOfPage\":{\"@id\":\"https:\\\/\\\/buddhaseedbank.com\\\/fr\\\/producto\\\/buddha-auto-diesel\\\/#primaryimage\"},\"image\":{\"@id\":\"https:\\\/\\\/buddhaseedbank.com\\\/fr\\\/producto\\\/buddha-auto-diesel\\\/#primaryimage\"},\"thumbnailUrl\":\"https:\\\/\\\/buddhaseedbank.com\\\/wp-content\\\/uploads\\\/2020\\\/12\\\/262-Buddha-Auto-Diesel.jpg\",\"datePublished\":\"2020-12-03T09:37:22+00:00\",\"dateModified\":\"2024-06-04T10:33:16+00:00\",\"description\":\"L'autofloraison Diesel de Buddha Seeds se distingue par la variation de ses ph\u00e9notypes avec beaucoup de nuances dans les saveurs qui la d\u00e9finissent et qui expliquent pourquoi elle a \u00e9t\u00e9 utilis\u00e9e dans des milliers de programmes de d\u00e9veloppement.\",\"breadcrumb\":{\"@id\":\"https:\\\/\\\/buddhaseedbank.com\\\/fr\\\/producto\\\/buddha-auto-diesel\\\/#breadcrumb\"},\"inLanguage\":\"fr-FR\",\"potentialAction\":[{\"@type\":\"ReadAction\",\"target\":[\"https:\\\/\\\/buddhaseedbank.com\\\/fr\\\/producto\\\/buddha-auto-diesel\\\/\"]}]},{\"@type\":\"ImageObject\",\"inLanguage\":\"fr-FR\",\"@id\":\"https:\\\/\\\/buddhaseedbank.com\\\/fr\\\/producto\\\/buddha-auto-diesel\\\/#primaryimage\",\"url\":\"https:\\\/\\\/buddhaseedbank.com\\\/wp-content\\\/uploads\\\/2020\\\/12\\\/262-Buddha-Auto-Diesel.jpg\",\"contentUrl\":\"https:\\\/\\\/buddhaseedbank.com\\\/wp-content\\\/uploads\\\/2020\\\/12\\\/262-Buddha-Auto-Diesel.jpg\",\"width\":1080,\"height\":1080,\"caption\":\"Buddha Auto Diesel\"},{\"@type\":\"BreadcrumbList\",\"@id\":\"https:\\\/\\\/buddhaseedbank.com\\\/fr\\\/producto\\\/buddha-auto-diesel\\\/#breadcrumb\",\"itemListElement\":[{\"@type\":\"ListItem\",\"position\":1,\"name\":\"Portada\",\"item\":\"https:\\\/\\\/buddhaseedbank.com\\\/fr\\\/\"},{\"@type\":\"ListItem\",\"position\":2,\"name\":\"Boutique\",\"item\":\"https:\\\/\\\/buddhaseedbank.com\\\/fr\\\/boutique\\\/\"},{\"@type\":\"ListItem\",\"position\":3,\"name\":\"Buddha Auto Diesel\"}]},{\"@type\":\"WebSite\",\"@id\":\"https:\\\/\\\/buddhaseedbank.com\\\/fr\\\/#website\",\"url\":\"https:\\\/\\\/buddhaseedbank.com\\\/fr\\\/\",\"name\":\"Buddha Seeds\",\"description\":\"\",\"publisher\":{\"@id\":\"https:\\\/\\\/buddhaseedbank.com\\\/fr\\\/#organization\"},\"potentialAction\":[{\"@type\":\"SearchAction\",\"target\":{\"@type\":\"EntryPoint\",\"urlTemplate\":\"https:\\\/\\\/buddhaseedbank.com\\\/fr\\\/?s={search_term_string}\"},\"query-input\":{\"@type\":\"PropertyValueSpecification\",\"valueRequired\":true,\"valueName\":\"search_term_string\"}}],\"inLanguage\":\"fr-FR\"},{\"@type\":\"Organization\",\"@id\":\"https:\\\/\\\/buddhaseedbank.com\\\/fr\\\/#organization\",\"name\":\"Buddha Seeds\",\"url\":\"https:\\\/\\\/buddhaseedbank.com\\\/fr\\\/\",\"logo\":{\"@type\":\"ImageObject\",\"inLanguage\":\"fr-FR\",\"@id\":\"https:\\\/\\\/buddhaseedbank.com\\\/fr\\\/#\\\/schema\\\/logo\\\/image\\\/\",\"url\":\"https:\\\/\\\/buddhaseedbank.com\\\/wp-content\\\/uploads\\\/2024\\\/04\\\/buddha-seeds-logo-1622448424-1.png\",\"contentUrl\":\"https:\\\/\\\/buddhaseedbank.com\\\/wp-content\\\/uploads\\\/2024\\\/04\\\/buddha-seeds-logo-1622448424-1.png\",\"width\":478,\"height\":200,\"caption\":\"Buddha Seeds\"},\"image\":{\"@id\":\"https:\\\/\\\/buddhaseedbank.com\\\/fr\\\/#\\\/schema\\\/logo\\\/image\\\/\"}}]}<\/script>\n<!-- \/ Yoast SEO plugin. -->","yoast_head_json":{"title":"Buddha Auto Diesel - Buddha Seeds","description":"L'autofloraison Diesel de Buddha Seeds se distingue par la variation de ses ph\u00e9notypes avec beaucoup de nuances dans les saveurs qui la d\u00e9finissent et qui expliquent pourquoi elle a \u00e9t\u00e9 utilis\u00e9e dans des milliers de programmes de d\u00e9veloppement.","robots":{"index":"index","follow":"follow","max-snippet":"max-snippet:-1","max-image-preview":"max-image-preview:large","max-video-preview":"max-video-preview:-1"},"canonical":"https:\/\/buddhaseedbank.com\/fr\/producto\/buddha-auto-diesel\/","og_locale":"fr_FR","og_type":"article","og_title":"Buddha Auto Diesel - Buddha Seeds","og_description":"L'autofloraison Diesel de Buddha Seeds se distingue par la variation de ses ph\u00e9notypes avec beaucoup de nuances dans les saveurs qui la d\u00e9finissent et qui expliquent pourquoi elle a \u00e9t\u00e9 utilis\u00e9e dans des milliers de programmes de d\u00e9veloppement.","og_url":"https:\/\/buddhaseedbank.com\/fr\/producto\/buddha-auto-diesel\/","og_site_name":"Buddha Seeds","article_modified_time":"2024-06-04T10:33:16+00:00","og_image":[{"width":1080,"height":1080,"url":"https:\/\/buddhaseedbank.com\/wp-content\/uploads\/2020\/12\/262-Buddha-Auto-Diesel.jpg","type":"image\/jpeg"}],"twitter_card":"summary_large_image","twitter_misc":{"Dur\u00e9e de lecture estim\u00e9e":"2 minutes"},"schema":{"@context":"https:\/\/schema.org","@graph":[{"@type":"WebPage","@id":"https:\/\/buddhaseedbank.com\/fr\/producto\/buddha-auto-diesel\/","url":"https:\/\/buddhaseedbank.com\/fr\/producto\/buddha-auto-diesel\/","name":"Buddha Auto Diesel - Buddha Seeds","isPartOf":{"@id":"https:\/\/buddhaseedbank.com\/fr\/#website"},"primaryImageOfPage":{"@id":"https:\/\/buddhaseedbank.com\/fr\/producto\/buddha-auto-diesel\/#primaryimage"},"image":{"@id":"https:\/\/buddhaseedbank.com\/fr\/producto\/buddha-auto-diesel\/#primaryimage"},"thumbnailUrl":"https:\/\/buddhaseedbank.com\/wp-content\/uploads\/2020\/12\/262-Buddha-Auto-Diesel.jpg","datePublished":"2020-12-03T09:37:22+00:00","dateModified":"2024-06-04T10:33:16+00:00","description":"L'autofloraison Diesel de Buddha Seeds se distingue par la variation de ses ph\u00e9notypes avec beaucoup de nuances dans les saveurs qui la d\u00e9finissent et qui expliquent pourquoi elle a \u00e9t\u00e9 utilis\u00e9e dans des milliers de programmes de d\u00e9veloppement.","breadcrumb":{"@id":"https:\/\/buddhaseedbank.com\/fr\/producto\/buddha-auto-diesel\/#breadcrumb"},"inLanguage":"fr-FR","potentialAction":[{"@type":"ReadAction","target":["https:\/\/buddhaseedbank.com\/fr\/producto\/buddha-auto-diesel\/"]}]},{"@type":"ImageObject","inLanguage":"fr-FR","@id":"https:\/\/buddhaseedbank.com\/fr\/producto\/buddha-auto-diesel\/#primaryimage","url":"https:\/\/buddhaseedbank.com\/wp-content\/uploads\/2020\/12\/262-Buddha-Auto-Diesel.jpg","contentUrl":"https:\/\/buddhaseedbank.com\/wp-content\/uploads\/2020\/12\/262-Buddha-Auto-Diesel.jpg","width":1080,"height":1080,"caption":"Buddha Auto Diesel"},{"@type":"BreadcrumbList","@id":"https:\/\/buddhaseedbank.com\/fr\/producto\/buddha-auto-diesel\/#breadcrumb","itemListElement":[{"@type":"ListItem","position":1,"name":"Portada","item":"https:\/\/buddhaseedbank.com\/fr\/"},{"@type":"ListItem","position":2,"name":"Boutique","item":"https:\/\/buddhaseedbank.com\/fr\/boutique\/"},{"@type":"ListItem","position":3,"name":"Buddha Auto Diesel"}]},{"@type":"WebSite","@id":"https:\/\/buddhaseedbank.com\/fr\/#website","url":"https:\/\/buddhaseedbank.com\/fr\/","name":"Buddha Seeds","description":"","publisher":{"@id":"https:\/\/buddhaseedbank.com\/fr\/#organization"},"potentialAction":[{"@type":"SearchAction","target":{"@type":"EntryPoint","urlTemplate":"https:\/\/buddhaseedbank.com\/fr\/?s={search_term_string}"},"query-input":{"@type":"PropertyValueSpecification","valueRequired":true,"valueName":"search_term_string"}}],"inLanguage":"fr-FR"},{"@type":"Organization","@id":"https:\/\/buddhaseedbank.com\/fr\/#organization","name":"Buddha Seeds","url":"https:\/\/buddhaseedbank.com\/fr\/","logo":{"@type":"ImageObject","inLanguage":"fr-FR","@id":"https:\/\/buddhaseedbank.com\/fr\/#\/schema\/logo\/image\/","url":"https:\/\/buddhaseedbank.com\/wp-content\/uploads\/2024\/04\/buddha-seeds-logo-1622448424-1.png","contentUrl":"https:\/\/buddhaseedbank.com\/wp-content\/uploads\/2024\/04\/buddha-seeds-logo-1622448424-1.png","width":478,"height":200,"caption":"Buddha Seeds"},"image":{"@id":"https:\/\/buddhaseedbank.com\/fr\/#\/schema\/logo\/image\/"}}]}},"_links":{"self":[{"href":"https:\/\/buddhaseedbank.com\/fr\/wp-json\/wp\/v2\/product\/4514","targetHints":{"allow":["GET"]}}],"collection":[{"href":"https:\/\/buddhaseedbank.com\/fr\/wp-json\/wp\/v2\/product"}],"about":[{"href":"https:\/\/buddhaseedbank.com\/fr\/wp-json\/wp\/v2\/types\/product"}],"wp:featuredmedia":[{"embeddable":true,"href":"https:\/\/buddhaseedbank.com\/fr\/wp-json\/wp\/v2\/media\/4486"}],"wp:attachment":[{"href":"https:\/\/buddhaseedbank.com\/fr\/wp-json\/wp\/v2\/media?parent=4514"}],"wp:term":[{"taxonomy":"product_brand","embeddable":true,"href":"https:\/\/buddhaseedbank.com\/fr\/wp-json\/wp\/v2\/product_brand?post=4514"},{"taxonomy":"product_cat","embeddable":true,"href":"https:\/\/buddhaseedbank.com\/fr\/wp-json\/wp\/v2\/product_cat?post=4514"},{"taxonomy":"product_tag","embeddable":true,"href":"https:\/\/buddhaseedbank.com\/fr\/wp-json\/wp\/v2\/product_tag?post=4514"}],"curies":[{"name":"wp","href":"https:\/\/api.w.org\/{rel}","templated":true}]}}