{"id":4539,"date":"2020-12-03T11:20:43","date_gmt":"2020-12-03T10:20:43","guid":{"rendered":"https:\/\/buddhaseedbank.com\/producto\/buddha-skunk-2\/"},"modified":"2025-04-15T23:39:35","modified_gmt":"2025-04-15T21:39:35","slug":"buddha-skunk-2","status":"publish","type":"product","link":"https:\/\/buddhaseedbank.com\/fr\/producto\/buddha-skunk-2\/","title":{"rendered":"Buddha Skunk"},"content":{"rendered":"<p style=\"text-align: justify;\">La Skunk est l&rsquo;un des hybrides les plus reconnus par les cultivateurs. Cette r\u00e9putation commerciale a \u00e9t\u00e9 acquise en partie gr\u00e2ce \u00e0 sa nomenclature appropri\u00e9e, car les <strong>sp\u00e9cimens de Skunk d\u00e9gagent un ar\u00f4me sucr\u00e9 <\/strong>tr\u00e8s distinctif.<\/p>\n<p style=\"text-align: justify;\">L&rsquo;<strong>histoire de Skunk<\/strong> a de quoi alimenter une s\u00e9rie t\u00e9l\u00e9vis\u00e9e. L&rsquo;un des principaux acteurs de la cr\u00e9ation de ce classique est l&rsquo;<em>\u00e9leveur<\/em> Sam \u00ab\u00a0The Skunkman\u00a0\u00bb, qui, avec un groupe de partenaires, a \u00e9crit les premi\u00e8res \u00e9tapes d&rsquo;une l\u00e9gende.<\/p>\n<p style=\"text-align: justify;\">La situation aux \u00c9tats-Unis est d\u00e9licate, car la pression politique antidrogue constante est monnaie courante. Skunk a donc d\u00fb faire le saut vers le continent europ\u00e9en, \u00e0 la recherche d&rsquo;une opportunit\u00e9. Il n&rsquo;a pas tard\u00e9 \u00e0 la trouver, puisqu&rsquo;elle <strong>a \u00e9t\u00e9 transf\u00e9r\u00e9e dans une prestigieuse banque de<\/strong> semences n\u00e9erlandaise.<\/p>\n<p style=\"text-align: justify;\"><strong>Buddha Seeds<\/strong> n&rsquo;a pas h\u00e9sit\u00e9 \u00e0 inclure cette vari\u00e9t\u00e9 dans la collection des classiques avec sa propre identit\u00e9, en lui rendant <strong>hommage avec<\/strong> <strong>Buddha Skunk<\/strong>. Notre \u00e9quipe a r\u00e9ussi \u00e0 faire ressortir les aspects les plus attrayants que les cultivateurs appr\u00e9cient tant dans cette g\u00e9n\u00e9tique.<\/p>\n<p style=\"text-align: justify;\">Les <strong>caract\u00e9ristiques de la<\/strong> <strong>Buddha Skunk<\/strong> peuvent \u00eatre r\u00e9sum\u00e9es comme un hybride \u00e0 dominance sativa avec une uniformit\u00e9 stable<strong>, fort, puissant et productif<\/strong>. La dur\u00e9e de floraison est courte, surtout si l&rsquo;on consid\u00e8re le r\u00e9sultat de la r\u00e9colte finale. Il est conseill\u00e9 d&rsquo;\u00e9liminer les odeurs dans les cultures <em>int\u00e9rieures<\/em> \u00e0 l&rsquo;aide de filtres anti-odeurs, car leur pr\u00e9sence est notoire.<\/p>\n<p style=\"text-align: justify;\">La g\u00e9n\u00e9tique Sativa est \u00e9vidente dans chaque <strong>Buddha Skunk<\/strong>. Il se distingue par son caract\u00e8re voyant, form\u00e9 par des calices pro\u00e9minents et des pistils abondants qui <strong>forment des bourgeons volumineux<\/strong>. L&rsquo;effet est celui d&rsquo;une v\u00e9ritable sativa : une \u00e9nergie c\u00e9r\u00e9brale pure qui facilite la cr\u00e9ativit\u00e9, les vibrations sociales et la vitalit\u00e9 personnelle.<\/p>\n<p style=\"text-align: justify;\">Son go\u00fbt est indescriptible. On peut dire qu&rsquo;il s&rsquo;agit de <strong>la quintessence de l&rsquo;ar\u00f4me de marijuana<\/strong>. Bien qu&rsquo;elle conserve toujours le m\u00eame fond de Skunk, elle pr\u00e9sente une incroyable variation aromatique allant des agrumes fruit\u00e9s aux ar\u00f4mes \u00e2cres.<\/p>\n","protected":false},"excerpt":{"rendered":"<p style=\"text-align: justify;\">Les <strong>caract\u00e9ristiques de la<\/strong> <strong>Buddha Skunk<\/strong> peuvent \u00eatre r\u00e9sum\u00e9es comme un hybride \u00e0 dominance sativa avec une uniformit\u00e9 stable<strong>, fort, puissant et productif<\/strong>. La dur\u00e9e de floraison est courte, surtout si l&rsquo;on consid\u00e8re le r\u00e9sultat de la r\u00e9colte finale. Il est conseill\u00e9 d&rsquo;\u00e9liminer les odeurs dans les cultures <em>int\u00e9rieures<\/em> \u00e0 l&rsquo;aide de filtres anti-odeurs, car leur pr\u00e9sence est notoire.<\/p>\n","protected":false},"featured_media":4521,"template":"","meta":{"_joinchat":[]},"product_brand":[],"product_cat":[641,111],"product_tag":[1394,1459,1479,1506,1520],"class_list":{"0":"post-4539","1":"product","2":"type-product","3":"status-publish","4":"has-post-thumbnail","6":"product_cat-classics-buddha-seeds-fr","7":"product_cat-varietes-buddha-seeds","8":"product_tag-cannabis-effet-puissant","9":"product_tag-cannabis-sativa-fr","10":"product_tag-graines-photodependantes","11":"product_tag-les-classiques-cannabis","12":"product_tag-marijuana-productive","13":"pa_efecto-51-energiacerebralquefacilit-fr","14":"pa_fa-produccionenexteriorporpl-500_1500gr-fr","15":"pa_genetica-sativa-fr","16":"pa_mesdecosecha-55-segundamitaddeoctubrehemi-fr","17":"pa_produccionm-400_550gr-fr","18":"pa_semillas-10unidades-fr","19":"pa_semillas-3unidades-fr","20":"pa_semillas-50unidades-fr","21":"pa_sexo-feminizada-fr","22":"pa_tiempodefloracion-65_70dias-fr","23":"pa_tipo-photodependant-fr","25":"first","26":"instock","27":"taxable","28":"shipping-taxable","29":"purchasable","30":"product-type-variable"},"yoast_head":"<!-- This site is optimized with the Yoast SEO plugin v27.3 - https:\/\/yoast.com\/product\/yoast-seo-wordpress\/ -->\n<title>Buddha Skunk - Buddha Seeds<\/title>\n<meta name=\"description\" content=\"La g\u00e9n\u00e9tique Sativa est \u00e9vidente dans chaque Buddha Skunk. Il se distingue par son caract\u00e8re voyant, constitu\u00e9 de bourgeons volumineux.\" \/>\n<meta name=\"robots\" content=\"index, follow, max-snippet:-1, max-image-preview:large, max-video-preview:-1\" \/>\n<link rel=\"canonical\" href=\"https:\/\/buddhaseedbank.com\/fr\/producto\/buddha-skunk-2\/\" \/>\n<meta property=\"og:locale\" content=\"fr_FR\" \/>\n<meta property=\"og:type\" content=\"article\" \/>\n<meta property=\"og:title\" content=\"Buddha Skunk - Buddha Seeds\" \/>\n<meta property=\"og:description\" content=\"La g\u00e9n\u00e9tique Sativa est \u00e9vidente dans chaque Buddha Skunk. Il se distingue par son caract\u00e8re voyant, constitu\u00e9 de bourgeons volumineux.\" \/>\n<meta property=\"og:url\" content=\"https:\/\/buddhaseedbank.com\/fr\/producto\/buddha-skunk-2\/\" \/>\n<meta property=\"og:site_name\" content=\"Buddha Seeds\" \/>\n<meta property=\"article:modified_time\" content=\"2025-04-15T21:39:35+00:00\" \/>\n<meta property=\"og:image\" content=\"https:\/\/buddhaseedbank.com\/wp-content\/uploads\/2020\/12\/219-Buddha-Skunk.jpg\" \/>\n\t<meta property=\"og:image:width\" content=\"1080\" \/>\n\t<meta property=\"og:image:height\" content=\"1080\" \/>\n\t<meta property=\"og:image:type\" content=\"image\/jpeg\" \/>\n<meta name=\"twitter:card\" content=\"summary_large_image\" \/>\n<meta name=\"twitter:label1\" content=\"Dur\u00e9e de lecture estim\u00e9e\" \/>\n\t<meta name=\"twitter:data1\" content=\"2 minutes\" \/>\n<script type=\"application\/ld+json\" class=\"yoast-schema-graph\">{\"@context\":\"https:\\\/\\\/schema.org\",\"@graph\":[{\"@type\":\"WebPage\",\"@id\":\"https:\\\/\\\/buddhaseedbank.com\\\/fr\\\/producto\\\/buddha-skunk-2\\\/\",\"url\":\"https:\\\/\\\/buddhaseedbank.com\\\/fr\\\/producto\\\/buddha-skunk-2\\\/\",\"name\":\"Buddha Skunk - Buddha Seeds\",\"isPartOf\":{\"@id\":\"https:\\\/\\\/buddhaseedbank.com\\\/fr\\\/#website\"},\"primaryImageOfPage\":{\"@id\":\"https:\\\/\\\/buddhaseedbank.com\\\/fr\\\/producto\\\/buddha-skunk-2\\\/#primaryimage\"},\"image\":{\"@id\":\"https:\\\/\\\/buddhaseedbank.com\\\/fr\\\/producto\\\/buddha-skunk-2\\\/#primaryimage\"},\"thumbnailUrl\":\"https:\\\/\\\/buddhaseedbank.com\\\/wp-content\\\/uploads\\\/2020\\\/12\\\/219-Buddha-Skunk.jpg\",\"datePublished\":\"2020-12-03T10:20:43+00:00\",\"dateModified\":\"2025-04-15T21:39:35+00:00\",\"description\":\"La g\u00e9n\u00e9tique Sativa est \u00e9vidente dans chaque Buddha Skunk. Il se distingue par son caract\u00e8re voyant, constitu\u00e9 de bourgeons volumineux.\",\"breadcrumb\":{\"@id\":\"https:\\\/\\\/buddhaseedbank.com\\\/fr\\\/producto\\\/buddha-skunk-2\\\/#breadcrumb\"},\"inLanguage\":\"fr-FR\",\"potentialAction\":[{\"@type\":\"ReadAction\",\"target\":[\"https:\\\/\\\/buddhaseedbank.com\\\/fr\\\/producto\\\/buddha-skunk-2\\\/\"]}]},{\"@type\":\"ImageObject\",\"inLanguage\":\"fr-FR\",\"@id\":\"https:\\\/\\\/buddhaseedbank.com\\\/fr\\\/producto\\\/buddha-skunk-2\\\/#primaryimage\",\"url\":\"https:\\\/\\\/buddhaseedbank.com\\\/wp-content\\\/uploads\\\/2020\\\/12\\\/219-Buddha-Skunk.jpg\",\"contentUrl\":\"https:\\\/\\\/buddhaseedbank.com\\\/wp-content\\\/uploads\\\/2020\\\/12\\\/219-Buddha-Skunk.jpg\",\"width\":1080,\"height\":1080,\"caption\":\"Moufette de Bouddha\"},{\"@type\":\"BreadcrumbList\",\"@id\":\"https:\\\/\\\/buddhaseedbank.com\\\/fr\\\/producto\\\/buddha-skunk-2\\\/#breadcrumb\",\"itemListElement\":[{\"@type\":\"ListItem\",\"position\":1,\"name\":\"Portada\",\"item\":\"https:\\\/\\\/buddhaseedbank.com\\\/fr\\\/\"},{\"@type\":\"ListItem\",\"position\":2,\"name\":\"Boutique\",\"item\":\"https:\\\/\\\/buddhaseedbank.com\\\/fr\\\/boutique\\\/\"},{\"@type\":\"ListItem\",\"position\":3,\"name\":\"Buddha Skunk\"}]},{\"@type\":\"WebSite\",\"@id\":\"https:\\\/\\\/buddhaseedbank.com\\\/fr\\\/#website\",\"url\":\"https:\\\/\\\/buddhaseedbank.com\\\/fr\\\/\",\"name\":\"Buddha Seeds\",\"description\":\"\",\"publisher\":{\"@id\":\"https:\\\/\\\/buddhaseedbank.com\\\/fr\\\/#organization\"},\"potentialAction\":[{\"@type\":\"SearchAction\",\"target\":{\"@type\":\"EntryPoint\",\"urlTemplate\":\"https:\\\/\\\/buddhaseedbank.com\\\/fr\\\/?s={search_term_string}\"},\"query-input\":{\"@type\":\"PropertyValueSpecification\",\"valueRequired\":true,\"valueName\":\"search_term_string\"}}],\"inLanguage\":\"fr-FR\"},{\"@type\":\"Organization\",\"@id\":\"https:\\\/\\\/buddhaseedbank.com\\\/fr\\\/#organization\",\"name\":\"Buddha Seeds\",\"url\":\"https:\\\/\\\/buddhaseedbank.com\\\/fr\\\/\",\"logo\":{\"@type\":\"ImageObject\",\"inLanguage\":\"fr-FR\",\"@id\":\"https:\\\/\\\/buddhaseedbank.com\\\/fr\\\/#\\\/schema\\\/logo\\\/image\\\/\",\"url\":\"https:\\\/\\\/buddhaseedbank.com\\\/wp-content\\\/uploads\\\/2024\\\/04\\\/buddha-seeds-logo-1622448424-1.png\",\"contentUrl\":\"https:\\\/\\\/buddhaseedbank.com\\\/wp-content\\\/uploads\\\/2024\\\/04\\\/buddha-seeds-logo-1622448424-1.png\",\"width\":478,\"height\":200,\"caption\":\"Buddha Seeds\"},\"image\":{\"@id\":\"https:\\\/\\\/buddhaseedbank.com\\\/fr\\\/#\\\/schema\\\/logo\\\/image\\\/\"}}]}<\/script>\n<!-- \/ Yoast SEO plugin. -->","yoast_head_json":{"title":"Buddha Skunk - Buddha Seeds","description":"La g\u00e9n\u00e9tique Sativa est \u00e9vidente dans chaque Buddha Skunk. Il se distingue par son caract\u00e8re voyant, constitu\u00e9 de bourgeons volumineux.","robots":{"index":"index","follow":"follow","max-snippet":"max-snippet:-1","max-image-preview":"max-image-preview:large","max-video-preview":"max-video-preview:-1"},"canonical":"https:\/\/buddhaseedbank.com\/fr\/producto\/buddha-skunk-2\/","og_locale":"fr_FR","og_type":"article","og_title":"Buddha Skunk - Buddha Seeds","og_description":"La g\u00e9n\u00e9tique Sativa est \u00e9vidente dans chaque Buddha Skunk. Il se distingue par son caract\u00e8re voyant, constitu\u00e9 de bourgeons volumineux.","og_url":"https:\/\/buddhaseedbank.com\/fr\/producto\/buddha-skunk-2\/","og_site_name":"Buddha Seeds","article_modified_time":"2025-04-15T21:39:35+00:00","og_image":[{"width":1080,"height":1080,"url":"https:\/\/buddhaseedbank.com\/wp-content\/uploads\/2020\/12\/219-Buddha-Skunk.jpg","type":"image\/jpeg"}],"twitter_card":"summary_large_image","twitter_misc":{"Dur\u00e9e de lecture estim\u00e9e":"2 minutes"},"schema":{"@context":"https:\/\/schema.org","@graph":[{"@type":"WebPage","@id":"https:\/\/buddhaseedbank.com\/fr\/producto\/buddha-skunk-2\/","url":"https:\/\/buddhaseedbank.com\/fr\/producto\/buddha-skunk-2\/","name":"Buddha Skunk - Buddha Seeds","isPartOf":{"@id":"https:\/\/buddhaseedbank.com\/fr\/#website"},"primaryImageOfPage":{"@id":"https:\/\/buddhaseedbank.com\/fr\/producto\/buddha-skunk-2\/#primaryimage"},"image":{"@id":"https:\/\/buddhaseedbank.com\/fr\/producto\/buddha-skunk-2\/#primaryimage"},"thumbnailUrl":"https:\/\/buddhaseedbank.com\/wp-content\/uploads\/2020\/12\/219-Buddha-Skunk.jpg","datePublished":"2020-12-03T10:20:43+00:00","dateModified":"2025-04-15T21:39:35+00:00","description":"La g\u00e9n\u00e9tique Sativa est \u00e9vidente dans chaque Buddha Skunk. Il se distingue par son caract\u00e8re voyant, constitu\u00e9 de bourgeons volumineux.","breadcrumb":{"@id":"https:\/\/buddhaseedbank.com\/fr\/producto\/buddha-skunk-2\/#breadcrumb"},"inLanguage":"fr-FR","potentialAction":[{"@type":"ReadAction","target":["https:\/\/buddhaseedbank.com\/fr\/producto\/buddha-skunk-2\/"]}]},{"@type":"ImageObject","inLanguage":"fr-FR","@id":"https:\/\/buddhaseedbank.com\/fr\/producto\/buddha-skunk-2\/#primaryimage","url":"https:\/\/buddhaseedbank.com\/wp-content\/uploads\/2020\/12\/219-Buddha-Skunk.jpg","contentUrl":"https:\/\/buddhaseedbank.com\/wp-content\/uploads\/2020\/12\/219-Buddha-Skunk.jpg","width":1080,"height":1080,"caption":"Moufette de Bouddha"},{"@type":"BreadcrumbList","@id":"https:\/\/buddhaseedbank.com\/fr\/producto\/buddha-skunk-2\/#breadcrumb","itemListElement":[{"@type":"ListItem","position":1,"name":"Portada","item":"https:\/\/buddhaseedbank.com\/fr\/"},{"@type":"ListItem","position":2,"name":"Boutique","item":"https:\/\/buddhaseedbank.com\/fr\/boutique\/"},{"@type":"ListItem","position":3,"name":"Buddha Skunk"}]},{"@type":"WebSite","@id":"https:\/\/buddhaseedbank.com\/fr\/#website","url":"https:\/\/buddhaseedbank.com\/fr\/","name":"Buddha Seeds","description":"","publisher":{"@id":"https:\/\/buddhaseedbank.com\/fr\/#organization"},"potentialAction":[{"@type":"SearchAction","target":{"@type":"EntryPoint","urlTemplate":"https:\/\/buddhaseedbank.com\/fr\/?s={search_term_string}"},"query-input":{"@type":"PropertyValueSpecification","valueRequired":true,"valueName":"search_term_string"}}],"inLanguage":"fr-FR"},{"@type":"Organization","@id":"https:\/\/buddhaseedbank.com\/fr\/#organization","name":"Buddha Seeds","url":"https:\/\/buddhaseedbank.com\/fr\/","logo":{"@type":"ImageObject","inLanguage":"fr-FR","@id":"https:\/\/buddhaseedbank.com\/fr\/#\/schema\/logo\/image\/","url":"https:\/\/buddhaseedbank.com\/wp-content\/uploads\/2024\/04\/buddha-seeds-logo-1622448424-1.png","contentUrl":"https:\/\/buddhaseedbank.com\/wp-content\/uploads\/2024\/04\/buddha-seeds-logo-1622448424-1.png","width":478,"height":200,"caption":"Buddha Seeds"},"image":{"@id":"https:\/\/buddhaseedbank.com\/fr\/#\/schema\/logo\/image\/"}}]}},"_links":{"self":[{"href":"https:\/\/buddhaseedbank.com\/fr\/wp-json\/wp\/v2\/product\/4539","targetHints":{"allow":["GET"]}}],"collection":[{"href":"https:\/\/buddhaseedbank.com\/fr\/wp-json\/wp\/v2\/product"}],"about":[{"href":"https:\/\/buddhaseedbank.com\/fr\/wp-json\/wp\/v2\/types\/product"}],"wp:featuredmedia":[{"embeddable":true,"href":"https:\/\/buddhaseedbank.com\/fr\/wp-json\/wp\/v2\/media\/4521"}],"wp:attachment":[{"href":"https:\/\/buddhaseedbank.com\/fr\/wp-json\/wp\/v2\/media?parent=4539"}],"wp:term":[{"taxonomy":"product_brand","embeddable":true,"href":"https:\/\/buddhaseedbank.com\/fr\/wp-json\/wp\/v2\/product_brand?post=4539"},{"taxonomy":"product_cat","embeddable":true,"href":"https:\/\/buddhaseedbank.com\/fr\/wp-json\/wp\/v2\/product_cat?post=4539"},{"taxonomy":"product_tag","embeddable":true,"href":"https:\/\/buddhaseedbank.com\/fr\/wp-json\/wp\/v2\/product_tag?post=4539"}],"curies":[{"name":"wp","href":"https:\/\/api.w.org\/{rel}","templated":true}]}}