{"id":4594,"date":"2020-12-03T11:54:54","date_gmt":"2020-12-03T10:54:54","guid":{"rendered":"https:\/\/buddhaseedbank.com\/producto\/buddha-white-widow-2\/"},"modified":"2026-03-07T15:06:26","modified_gmt":"2026-03-07T14:06:26","slug":"buddha-white-widow-2","status":"publish","type":"product","link":"https:\/\/buddhaseedbank.com\/fr\/producto\/buddha-white-widow-2\/","title":{"rendered":"Buddha White Widow"},"content":{"rendered":"<p style=\"text-align: justify;\"><strong>White Widow est l&rsquo;une des vari\u00e9t\u00e9s l\u00e9gendaires<\/strong> et les plus acclam\u00e9es dans le monde du cannabis, dont les origines remontent aux ann\u00e9es 1990. La vente de la White Widow a \u00e9t\u00e9 un succ\u00e8s d\u00e8s l&rsquo;ann\u00e9e de son lancement aux Pays-Bas et, un an plus tard, elle r\u00e9coltait d\u00e9j\u00e0 sa premi\u00e8re r\u00e9compense, en remportant le premier prix de la High Times Cannabis Cup (1995).<\/p>\n<p style=\"text-align: justify;\">Le premier d\u00e9veloppement de la <strong>White Widow<\/strong> a \u00e9t\u00e9 la combinaison d&rsquo;une lign\u00e9e sativa pure avec un hybride indica, ce qui a probablement donn\u00e9 naissance \u00e0 l&rsquo;une des vari\u00e9t\u00e9s commerciales les plus plant\u00e9es au monde.<\/p>\n<p style=\"text-align: justify;\"><strong>Buddha Seeds<\/strong> est conscient de l&rsquo;importance de cette vari\u00e9t\u00e9, et c&rsquo;est pour cette raison qu&rsquo;elle est une t\u00eate d&rsquo;affiche incontest\u00e9e de notre s\u00e9lection de classiques. Nous avons voulu rendre notre plus fid\u00e8le hommage \u00e0 cette <strong>reine du cannabis avec la Buddha White Widow<\/strong>, en respectant les principales qualit\u00e9s qui la maintiennent au sommet.<\/p>\n<p style=\"text-align: justify;\">La <strong>Buddha White Widow se<\/strong> distingue par sa <strong>floraison rapide, sa productivit\u00e9 et la forte concentration de r\u00e9sine<\/strong> que chaque individu peut atteindre. Elle est \u00e9galement facile \u00e0 cultiver et a un fort effet narcotique. Un bijou qui vous saisit d\u00e8s les premiers instants.<\/p>\n<p style=\"text-align: justify;\">Son <strong>nom est li\u00e9 \u00e0 son incroyable puissance<\/strong> qui met \u00e0 terre m\u00eame les cultivateurs les plus exp\u00e9riment\u00e9s. La <strong>Buddha White Widow<\/strong> est une vari\u00e9t\u00e9 de haut vol qui convient aux consommateurs exp\u00e9riment\u00e9s.<\/p>\n<p style=\"text-align: justify;\">Avec une <strong>saveur \u00e9pic\u00e9e<\/strong>, des notes de r\u00e9sines de pin et une touche de bois, son go\u00fbt est tr\u00e8s complexe et d&rsquo;une grande intensit\u00e9. Bien que nous ayons <strong>stabilis\u00e9 leur morphologie<\/strong> autant que possible, nous avons laiss\u00e9 une l\u00e9g\u00e8re variation dans leurs ph\u00e9notypes aromatiques afin que vous puissiez faire votre propre s\u00e9lection de clones avec les saveurs que vous pr\u00e9f\u00e9rez.<\/p>\n","protected":false},"excerpt":{"rendered":"<p style=\"text-align: justify;\">La <strong>Buddha White Widow se<\/strong> distingue par sa <strong>floraison rapide, sa productivit\u00e9 et la forte concentration de r\u00e9sine<\/strong> que chaque individu peut atteindre. Elle est \u00e9galement facile \u00e0 cultiver et a un fort effet narcotique. Un bijou qui vous saisit d\u00e8s les premiers instants.<\/p>\n","protected":false},"featured_media":4576,"template":"","meta":{"_joinchat":[]},"product_brand":[],"product_cat":[641,111],"product_tag":[1730,1493,1427,1412,1479,1506,1520],"class_list":{"0":"post-4594","1":"product","2":"type-product","3":"status-publish","4":"has-post-thumbnail","6":"product_cat-classics-buddha-seeds-fr","7":"product_cat-varietes-buddha-seeds","8":"product_tag-cannabis-a-floraison-rapide","9":"product_tag-cannabis-floraison-rapide","10":"product_tag-cannabis-indica-fr","11":"product_tag-graines-marijuana-rapides","12":"product_tag-graines-photodependantes","13":"product_tag-les-classiques-cannabis","14":"product_tag-marijuana-productive","15":"pa_efecto-13-potente_relajanteyaptapar-fr","16":"pa_fa-produccionenexteriorporpl-500_2000gr-fr","17":"pa_genetica-indica-fr","18":"pa_mesdecosecha-55-segundamitaddeoctubrehemi-fr","19":"pa_produccionm-500_650gr-fr","20":"pa_semillas-10unidades-fr","21":"pa_semillas-3unidades-fr","22":"pa_semillas-50unidades-fr","23":"pa_sexo-feminizada-fr","24":"pa_tiempodefloracion-65_70dias-fr","25":"pa_tipo-photodependant-fr","27":"first","28":"instock","29":"taxable","30":"shipping-taxable","31":"purchasable","32":"product-type-variable"},"yoast_head":"<!-- This site is optimized with the Yoast SEO plugin v27.3 - https:\/\/yoast.com\/product\/yoast-seo-wordpress\/ -->\n<title>Buddha White Widow - Buddha Seeds<\/title>\n<meta name=\"description\" content=\"La Buddha White Widow se distingue par sa floraison rapide, sa productivit\u00e9 et la forte concentration de r\u00e9sine que chaque individu peut atteindre.\" \/>\n<meta name=\"robots\" content=\"index, follow, max-snippet:-1, max-image-preview:large, max-video-preview:-1\" \/>\n<link rel=\"canonical\" href=\"https:\/\/buddhaseedbank.com\/fr\/producto\/buddha-white-widow-2\/\" \/>\n<meta property=\"og:locale\" content=\"fr_FR\" \/>\n<meta property=\"og:type\" content=\"article\" \/>\n<meta property=\"og:title\" content=\"Buddha White Widow - Buddha Seeds\" \/>\n<meta property=\"og:description\" content=\"La Buddha White Widow se distingue par sa floraison rapide, sa productivit\u00e9 et la forte concentration de r\u00e9sine que chaque individu peut atteindre.\" \/>\n<meta property=\"og:url\" content=\"https:\/\/buddhaseedbank.com\/fr\/producto\/buddha-white-widow-2\/\" \/>\n<meta property=\"og:site_name\" content=\"Buddha Seeds\" \/>\n<meta property=\"article:modified_time\" content=\"2026-03-07T14:06:26+00:00\" \/>\n<meta property=\"og:image\" content=\"https:\/\/buddhaseedbank.com\/wp-content\/uploads\/2020\/12\/221-Buddha-White-Widow.jpg\" \/>\n\t<meta property=\"og:image:width\" content=\"1080\" \/>\n\t<meta property=\"og:image:height\" content=\"1080\" \/>\n\t<meta property=\"og:image:type\" content=\"image\/jpeg\" \/>\n<meta name=\"twitter:card\" content=\"summary_large_image\" \/>\n<meta name=\"twitter:label1\" content=\"Dur\u00e9e de lecture estim\u00e9e\" \/>\n\t<meta name=\"twitter:data1\" content=\"2 minutes\" \/>\n<script type=\"application\/ld+json\" class=\"yoast-schema-graph\">{\"@context\":\"https:\\\/\\\/schema.org\",\"@graph\":[{\"@type\":\"WebPage\",\"@id\":\"https:\\\/\\\/buddhaseedbank.com\\\/fr\\\/producto\\\/buddha-white-widow-2\\\/\",\"url\":\"https:\\\/\\\/buddhaseedbank.com\\\/fr\\\/producto\\\/buddha-white-widow-2\\\/\",\"name\":\"Buddha White Widow - Buddha Seeds\",\"isPartOf\":{\"@id\":\"https:\\\/\\\/buddhaseedbank.com\\\/fr\\\/#website\"},\"primaryImageOfPage\":{\"@id\":\"https:\\\/\\\/buddhaseedbank.com\\\/fr\\\/producto\\\/buddha-white-widow-2\\\/#primaryimage\"},\"image\":{\"@id\":\"https:\\\/\\\/buddhaseedbank.com\\\/fr\\\/producto\\\/buddha-white-widow-2\\\/#primaryimage\"},\"thumbnailUrl\":\"https:\\\/\\\/buddhaseedbank.com\\\/wp-content\\\/uploads\\\/2020\\\/12\\\/221-Buddha-White-Widow.jpg\",\"datePublished\":\"2020-12-03T10:54:54+00:00\",\"dateModified\":\"2026-03-07T14:06:26+00:00\",\"description\":\"La Buddha White Widow se distingue par sa floraison rapide, sa productivit\u00e9 et la forte concentration de r\u00e9sine que chaque individu peut atteindre.\",\"breadcrumb\":{\"@id\":\"https:\\\/\\\/buddhaseedbank.com\\\/fr\\\/producto\\\/buddha-white-widow-2\\\/#breadcrumb\"},\"inLanguage\":\"fr-FR\",\"potentialAction\":[{\"@type\":\"ReadAction\",\"target\":[\"https:\\\/\\\/buddhaseedbank.com\\\/fr\\\/producto\\\/buddha-white-widow-2\\\/\"]}]},{\"@type\":\"ImageObject\",\"inLanguage\":\"fr-FR\",\"@id\":\"https:\\\/\\\/buddhaseedbank.com\\\/fr\\\/producto\\\/buddha-white-widow-2\\\/#primaryimage\",\"url\":\"https:\\\/\\\/buddhaseedbank.com\\\/wp-content\\\/uploads\\\/2020\\\/12\\\/221-Buddha-White-Widow.jpg\",\"contentUrl\":\"https:\\\/\\\/buddhaseedbank.com\\\/wp-content\\\/uploads\\\/2020\\\/12\\\/221-Buddha-White-Widow.jpg\",\"width\":1080,\"height\":1080,\"caption\":\"Bouddha Veuve Blanche\"},{\"@type\":\"BreadcrumbList\",\"@id\":\"https:\\\/\\\/buddhaseedbank.com\\\/fr\\\/producto\\\/buddha-white-widow-2\\\/#breadcrumb\",\"itemListElement\":[{\"@type\":\"ListItem\",\"position\":1,\"name\":\"Portada\",\"item\":\"https:\\\/\\\/buddhaseedbank.com\\\/fr\\\/\"},{\"@type\":\"ListItem\",\"position\":2,\"name\":\"Boutique\",\"item\":\"https:\\\/\\\/buddhaseedbank.com\\\/fr\\\/boutique\\\/\"},{\"@type\":\"ListItem\",\"position\":3,\"name\":\"Buddha White Widow\"}]},{\"@type\":\"WebSite\",\"@id\":\"https:\\\/\\\/buddhaseedbank.com\\\/fr\\\/#website\",\"url\":\"https:\\\/\\\/buddhaseedbank.com\\\/fr\\\/\",\"name\":\"Buddha Seeds\",\"description\":\"\",\"publisher\":{\"@id\":\"https:\\\/\\\/buddhaseedbank.com\\\/fr\\\/#organization\"},\"potentialAction\":[{\"@type\":\"SearchAction\",\"target\":{\"@type\":\"EntryPoint\",\"urlTemplate\":\"https:\\\/\\\/buddhaseedbank.com\\\/fr\\\/?s={search_term_string}\"},\"query-input\":{\"@type\":\"PropertyValueSpecification\",\"valueRequired\":true,\"valueName\":\"search_term_string\"}}],\"inLanguage\":\"fr-FR\"},{\"@type\":\"Organization\",\"@id\":\"https:\\\/\\\/buddhaseedbank.com\\\/fr\\\/#organization\",\"name\":\"Buddha Seeds\",\"url\":\"https:\\\/\\\/buddhaseedbank.com\\\/fr\\\/\",\"logo\":{\"@type\":\"ImageObject\",\"inLanguage\":\"fr-FR\",\"@id\":\"https:\\\/\\\/buddhaseedbank.com\\\/fr\\\/#\\\/schema\\\/logo\\\/image\\\/\",\"url\":\"https:\\\/\\\/buddhaseedbank.com\\\/wp-content\\\/uploads\\\/2024\\\/04\\\/buddha-seeds-logo-1622448424-1.png\",\"contentUrl\":\"https:\\\/\\\/buddhaseedbank.com\\\/wp-content\\\/uploads\\\/2024\\\/04\\\/buddha-seeds-logo-1622448424-1.png\",\"width\":478,\"height\":200,\"caption\":\"Buddha Seeds\"},\"image\":{\"@id\":\"https:\\\/\\\/buddhaseedbank.com\\\/fr\\\/#\\\/schema\\\/logo\\\/image\\\/\"}}]}<\/script>\n<!-- \/ Yoast SEO plugin. -->","yoast_head_json":{"title":"Buddha White Widow - Buddha Seeds","description":"La Buddha White Widow se distingue par sa floraison rapide, sa productivit\u00e9 et la forte concentration de r\u00e9sine que chaque individu peut atteindre.","robots":{"index":"index","follow":"follow","max-snippet":"max-snippet:-1","max-image-preview":"max-image-preview:large","max-video-preview":"max-video-preview:-1"},"canonical":"https:\/\/buddhaseedbank.com\/fr\/producto\/buddha-white-widow-2\/","og_locale":"fr_FR","og_type":"article","og_title":"Buddha White Widow - Buddha Seeds","og_description":"La Buddha White Widow se distingue par sa floraison rapide, sa productivit\u00e9 et la forte concentration de r\u00e9sine que chaque individu peut atteindre.","og_url":"https:\/\/buddhaseedbank.com\/fr\/producto\/buddha-white-widow-2\/","og_site_name":"Buddha Seeds","article_modified_time":"2026-03-07T14:06:26+00:00","og_image":[{"width":1080,"height":1080,"url":"https:\/\/buddhaseedbank.com\/wp-content\/uploads\/2020\/12\/221-Buddha-White-Widow.jpg","type":"image\/jpeg"}],"twitter_card":"summary_large_image","twitter_misc":{"Dur\u00e9e de lecture estim\u00e9e":"2 minutes"},"schema":{"@context":"https:\/\/schema.org","@graph":[{"@type":"WebPage","@id":"https:\/\/buddhaseedbank.com\/fr\/producto\/buddha-white-widow-2\/","url":"https:\/\/buddhaseedbank.com\/fr\/producto\/buddha-white-widow-2\/","name":"Buddha White Widow - Buddha Seeds","isPartOf":{"@id":"https:\/\/buddhaseedbank.com\/fr\/#website"},"primaryImageOfPage":{"@id":"https:\/\/buddhaseedbank.com\/fr\/producto\/buddha-white-widow-2\/#primaryimage"},"image":{"@id":"https:\/\/buddhaseedbank.com\/fr\/producto\/buddha-white-widow-2\/#primaryimage"},"thumbnailUrl":"https:\/\/buddhaseedbank.com\/wp-content\/uploads\/2020\/12\/221-Buddha-White-Widow.jpg","datePublished":"2020-12-03T10:54:54+00:00","dateModified":"2026-03-07T14:06:26+00:00","description":"La Buddha White Widow se distingue par sa floraison rapide, sa productivit\u00e9 et la forte concentration de r\u00e9sine que chaque individu peut atteindre.","breadcrumb":{"@id":"https:\/\/buddhaseedbank.com\/fr\/producto\/buddha-white-widow-2\/#breadcrumb"},"inLanguage":"fr-FR","potentialAction":[{"@type":"ReadAction","target":["https:\/\/buddhaseedbank.com\/fr\/producto\/buddha-white-widow-2\/"]}]},{"@type":"ImageObject","inLanguage":"fr-FR","@id":"https:\/\/buddhaseedbank.com\/fr\/producto\/buddha-white-widow-2\/#primaryimage","url":"https:\/\/buddhaseedbank.com\/wp-content\/uploads\/2020\/12\/221-Buddha-White-Widow.jpg","contentUrl":"https:\/\/buddhaseedbank.com\/wp-content\/uploads\/2020\/12\/221-Buddha-White-Widow.jpg","width":1080,"height":1080,"caption":"Bouddha Veuve Blanche"},{"@type":"BreadcrumbList","@id":"https:\/\/buddhaseedbank.com\/fr\/producto\/buddha-white-widow-2\/#breadcrumb","itemListElement":[{"@type":"ListItem","position":1,"name":"Portada","item":"https:\/\/buddhaseedbank.com\/fr\/"},{"@type":"ListItem","position":2,"name":"Boutique","item":"https:\/\/buddhaseedbank.com\/fr\/boutique\/"},{"@type":"ListItem","position":3,"name":"Buddha White Widow"}]},{"@type":"WebSite","@id":"https:\/\/buddhaseedbank.com\/fr\/#website","url":"https:\/\/buddhaseedbank.com\/fr\/","name":"Buddha Seeds","description":"","publisher":{"@id":"https:\/\/buddhaseedbank.com\/fr\/#organization"},"potentialAction":[{"@type":"SearchAction","target":{"@type":"EntryPoint","urlTemplate":"https:\/\/buddhaseedbank.com\/fr\/?s={search_term_string}"},"query-input":{"@type":"PropertyValueSpecification","valueRequired":true,"valueName":"search_term_string"}}],"inLanguage":"fr-FR"},{"@type":"Organization","@id":"https:\/\/buddhaseedbank.com\/fr\/#organization","name":"Buddha Seeds","url":"https:\/\/buddhaseedbank.com\/fr\/","logo":{"@type":"ImageObject","inLanguage":"fr-FR","@id":"https:\/\/buddhaseedbank.com\/fr\/#\/schema\/logo\/image\/","url":"https:\/\/buddhaseedbank.com\/wp-content\/uploads\/2024\/04\/buddha-seeds-logo-1622448424-1.png","contentUrl":"https:\/\/buddhaseedbank.com\/wp-content\/uploads\/2024\/04\/buddha-seeds-logo-1622448424-1.png","width":478,"height":200,"caption":"Buddha Seeds"},"image":{"@id":"https:\/\/buddhaseedbank.com\/fr\/#\/schema\/logo\/image\/"}}]}},"_links":{"self":[{"href":"https:\/\/buddhaseedbank.com\/fr\/wp-json\/wp\/v2\/product\/4594","targetHints":{"allow":["GET"]}}],"collection":[{"href":"https:\/\/buddhaseedbank.com\/fr\/wp-json\/wp\/v2\/product"}],"about":[{"href":"https:\/\/buddhaseedbank.com\/fr\/wp-json\/wp\/v2\/types\/product"}],"wp:featuredmedia":[{"embeddable":true,"href":"https:\/\/buddhaseedbank.com\/fr\/wp-json\/wp\/v2\/media\/4576"}],"wp:attachment":[{"href":"https:\/\/buddhaseedbank.com\/fr\/wp-json\/wp\/v2\/media?parent=4594"}],"wp:term":[{"taxonomy":"product_brand","embeddable":true,"href":"https:\/\/buddhaseedbank.com\/fr\/wp-json\/wp\/v2\/product_brand?post=4594"},{"taxonomy":"product_cat","embeddable":true,"href":"https:\/\/buddhaseedbank.com\/fr\/wp-json\/wp\/v2\/product_cat?post=4594"},{"taxonomy":"product_tag","embeddable":true,"href":"https:\/\/buddhaseedbank.com\/fr\/wp-json\/wp\/v2\/product_tag?post=4594"}],"curies":[{"name":"wp","href":"https:\/\/api.w.org\/{rel}","templated":true}]}}