{"id":4639,"date":"2020-12-03T12:04:31","date_gmt":"2020-12-03T11:04:31","guid":{"rendered":"https:\/\/buddhaseedbank.com\/producto\/buddha-auto-white-widow\/"},"modified":"2025-10-21T12:12:30","modified_gmt":"2025-10-21T10:12:30","slug":"buddha-auto-white-widow","status":"publish","type":"product","link":"https:\/\/buddhaseedbank.com\/fr\/producto\/buddha-auto-white-widow\/","title":{"rendered":"Buddha Auto White Widow"},"content":{"rendered":"<p style=\"text-align: justify;\"><strong>White Widow est l&rsquo;une des vari\u00e9t\u00e9s l\u00e9gendaires<\/strong> et les plus acclam\u00e9es dans le monde du cannabis, dont les origines remontent aux ann\u00e9es 1990. La vente de la White Widow a \u00e9t\u00e9 un succ\u00e8s d\u00e8s l&rsquo;ann\u00e9e de son lancement aux Pays-Bas et, un an plus tard, elle r\u00e9coltait d\u00e9j\u00e0 sa premi\u00e8re r\u00e9compense, en remportant le premier prix de la High Times Cannabis Cup (1995).<\/p>\n<p style=\"text-align: justify;\">Le premier d\u00e9veloppement de la <strong>White Widow<\/strong> a \u00e9t\u00e9 la combinaison d&rsquo;une lign\u00e9e sativa pure avec un hybride indica, ce qui a probablement donn\u00e9 naissance \u00e0 l&rsquo;une des vari\u00e9t\u00e9s commerciales les plus plant\u00e9es au monde.<\/p>\n<p style=\"text-align: justify;\"><strong>Buddha Seeds<\/strong> est conscient de l&rsquo;importance de cette vari\u00e9t\u00e9, et c&rsquo;est pour cette raison qu&rsquo;elle est une t\u00eate d&rsquo;affiche incontest\u00e9e de notre s\u00e9lection de classiques. Nous avons voulu rendre notre plus fid\u00e8le hommage \u00e0 cette <strong>reine du cannabis avec la Buddha Auto White Widow<\/strong>, en respectant les principales qualit\u00e9s qui la maintiennent au sommet.<\/p>\n<p style=\"text-align: justify;\">La <strong>Buddha Auto White Widow <\/strong>se distingue par sa courte dur\u00e9e de culture, sa productivit\u00e9 finale et la forte concentration de r\u00e9sine que chaque individu peut atteindre. Elle est \u00e9galement facile \u00e0 cultiver et a un fort effet narcotique. Un bijou qui vous saisit d\u00e8s les premiers instants.<\/p>\n<p style=\"text-align: justify;\">Son <strong>nom est li\u00e9 \u00e0 son incroyable puissance<\/strong> qui fait tomber m\u00eame les cultivateurs les plus exp\u00e9riment\u00e9s. <strong>Buddha Auto White Widow<\/strong> est une vari\u00e9t\u00e9 de haut vol qui convient aux consommateurs exp\u00e9riment\u00e9s.<\/p>\n<p style=\"text-align: justify;\">Avec une <strong>saveur \u00e9pic\u00e9e<\/strong>, des notes de r\u00e9sines de pin et une touche de bois, son go\u00fbt est tr\u00e8s complexe et d&rsquo;une grande intensit\u00e9. Tout en <strong>stabilisant au maximum leur morphologie<\/strong>, nous avons laiss\u00e9 une l\u00e9g\u00e8re variation dans leurs ph\u00e9notypes aromatiques afin que chaque individu soit une exp\u00e9rience unique.<\/p>\n<p style=\"text-align: justify;\"><a style=\"background-color: #ff0000; color: #ffffff;\" href=\"https:\/\/youtu.be\/DlfiXSEVPIk\" target=\"_blank\" rel=\"noreferrer noopener nofollow\">YOUTUBE \u25ba<\/a><\/p>\n","protected":false},"excerpt":{"rendered":"<p style=\"text-align: justify;\"><strong>Buddha Seeds<\/strong> est conscient de l&rsquo;importance de cette vari\u00e9t\u00e9, et c&rsquo;est pourquoi elle est une t\u00eate d&rsquo;affiche incontest\u00e9e de notre s\u00e9lection de classiques. Nous avons voulu rendre notre plus fid\u00e8le hommage \u00e0 cette <strong>reine du cannabis avec la Buddha Auto White Widow<\/strong>, en respectant les principales qualit\u00e9s qui la maintiennent au sommet.<\/p>\n","protected":false},"featured_media":4601,"template":"","meta":{"_joinchat":[]},"product_brand":[],"product_cat":[641,111],"product_tag":[1477,1382,1394,1730,1502,1493,1400,1406,1412,1506,1435],"class_list":{"0":"post-4639","1":"product","2":"type-product","3":"status-publish","4":"has-post-thumbnail","6":"product_cat-classics-buddha-seeds-fr","7":"product_cat-varietes-buddha-seeds","8":"product_tag-autofloraison-exterieur","9":"product_tag-autofloraison-interieur","10":"product_tag-cannabis-effet-puissant","11":"product_tag-cannabis-a-floraison-rapide","12":"product_tag-cannabis-interieur","13":"product_tag-cannabis-floraison-rapide","14":"product_tag-cannabis-productif-autofloraison","15":"product_tag-graines-autofloraison","16":"product_tag-graines-marijuana-rapides","17":"product_tag-les-classiques-cannabis","18":"product_tag-plantes-productives-floraison-automatique","19":"pa_8d-tiempodecultivocrecimient-75dias-fr","20":"pa_efecto-13-potente_relajanteyaptapar-fr","21":"pa_fa-produccionenexteriorporpl-80_120gr-fr","22":"pa_genetica-indica-fr","23":"pa_produccionm-450_550gr-fr","24":"pa_semillas-10unidades-fr","25":"pa_semillas-3unidades-fr","26":"pa_semillas-50unidades-fr","27":"pa_sexo-feminizada-fr","28":"pa_tipo-autofloraison-fr","30":"first","31":"instock","32":"taxable","33":"shipping-taxable","34":"purchasable","35":"product-type-variable"},"yoast_head":"<!-- This site is optimized with the Yoast SEO plugin v27.3 - https:\/\/yoast.com\/product\/yoast-seo-wordpress\/ -->\n<title>Buddha Auto White Widow - Buddha Seeds<\/title>\n<meta name=\"description\" content=\"La version autofloraison de la White Widow de Buddha Seeds se distingue par son temps de croissance court, sa productivit\u00e9 finale et sa forte concentration en r\u00e9sine.\" \/>\n<meta name=\"robots\" content=\"index, follow, max-snippet:-1, max-image-preview:large, max-video-preview:-1\" \/>\n<link rel=\"canonical\" href=\"https:\/\/buddhaseedbank.com\/fr\/producto\/buddha-auto-white-widow\/\" \/>\n<meta property=\"og:locale\" content=\"fr_FR\" \/>\n<meta property=\"og:type\" content=\"article\" \/>\n<meta property=\"og:title\" content=\"Buddha Auto White Widow - Buddha Seeds\" \/>\n<meta property=\"og:description\" content=\"La version autofloraison de la White Widow de Buddha Seeds se distingue par son temps de croissance court, sa productivit\u00e9 finale et sa forte concentration en r\u00e9sine.\" \/>\n<meta property=\"og:url\" content=\"https:\/\/buddhaseedbank.com\/fr\/producto\/buddha-auto-white-widow\/\" \/>\n<meta property=\"og:site_name\" content=\"Buddha Seeds\" \/>\n<meta property=\"article:modified_time\" content=\"2025-10-21T10:12:30+00:00\" \/>\n<meta property=\"og:image\" content=\"https:\/\/buddhaseedbank.com\/wp-content\/uploads\/2020\/12\/222-Buddha-Auto-White-Widow.jpg\" \/>\n\t<meta property=\"og:image:width\" content=\"1080\" \/>\n\t<meta property=\"og:image:height\" content=\"1080\" \/>\n\t<meta property=\"og:image:type\" content=\"image\/jpeg\" \/>\n<meta name=\"twitter:card\" content=\"summary_large_image\" \/>\n<meta name=\"twitter:label1\" content=\"Dur\u00e9e de lecture estim\u00e9e\" \/>\n\t<meta name=\"twitter:data1\" content=\"2 minutes\" \/>\n<script type=\"application\/ld+json\" class=\"yoast-schema-graph\">{\"@context\":\"https:\\\/\\\/schema.org\",\"@graph\":[{\"@type\":\"WebPage\",\"@id\":\"https:\\\/\\\/buddhaseedbank.com\\\/fr\\\/producto\\\/buddha-auto-white-widow\\\/\",\"url\":\"https:\\\/\\\/buddhaseedbank.com\\\/fr\\\/producto\\\/buddha-auto-white-widow\\\/\",\"name\":\"Buddha Auto White Widow - Buddha Seeds\",\"isPartOf\":{\"@id\":\"https:\\\/\\\/buddhaseedbank.com\\\/fr\\\/#website\"},\"primaryImageOfPage\":{\"@id\":\"https:\\\/\\\/buddhaseedbank.com\\\/fr\\\/producto\\\/buddha-auto-white-widow\\\/#primaryimage\"},\"image\":{\"@id\":\"https:\\\/\\\/buddhaseedbank.com\\\/fr\\\/producto\\\/buddha-auto-white-widow\\\/#primaryimage\"},\"thumbnailUrl\":\"https:\\\/\\\/buddhaseedbank.com\\\/wp-content\\\/uploads\\\/2020\\\/12\\\/222-Buddha-Auto-White-Widow.jpg\",\"datePublished\":\"2020-12-03T11:04:31+00:00\",\"dateModified\":\"2025-10-21T10:12:30+00:00\",\"description\":\"La version autofloraison de la White Widow de Buddha Seeds se distingue par son temps de croissance court, sa productivit\u00e9 finale et sa forte concentration en r\u00e9sine.\",\"breadcrumb\":{\"@id\":\"https:\\\/\\\/buddhaseedbank.com\\\/fr\\\/producto\\\/buddha-auto-white-widow\\\/#breadcrumb\"},\"inLanguage\":\"fr-FR\",\"potentialAction\":[{\"@type\":\"ReadAction\",\"target\":[\"https:\\\/\\\/buddhaseedbank.com\\\/fr\\\/producto\\\/buddha-auto-white-widow\\\/\"]}]},{\"@type\":\"ImageObject\",\"inLanguage\":\"fr-FR\",\"@id\":\"https:\\\/\\\/buddhaseedbank.com\\\/fr\\\/producto\\\/buddha-auto-white-widow\\\/#primaryimage\",\"url\":\"https:\\\/\\\/buddhaseedbank.com\\\/wp-content\\\/uploads\\\/2020\\\/12\\\/222-Buddha-Auto-White-Widow.jpg\",\"contentUrl\":\"https:\\\/\\\/buddhaseedbank.com\\\/wp-content\\\/uploads\\\/2020\\\/12\\\/222-Buddha-Auto-White-Widow.jpg\",\"width\":1080,\"height\":1080,\"caption\":\"Buddha Auto White Widow\"},{\"@type\":\"BreadcrumbList\",\"@id\":\"https:\\\/\\\/buddhaseedbank.com\\\/fr\\\/producto\\\/buddha-auto-white-widow\\\/#breadcrumb\",\"itemListElement\":[{\"@type\":\"ListItem\",\"position\":1,\"name\":\"Portada\",\"item\":\"https:\\\/\\\/buddhaseedbank.com\\\/fr\\\/\"},{\"@type\":\"ListItem\",\"position\":2,\"name\":\"Boutique\",\"item\":\"https:\\\/\\\/buddhaseedbank.com\\\/fr\\\/boutique\\\/\"},{\"@type\":\"ListItem\",\"position\":3,\"name\":\"Buddha Auto White Widow\"}]},{\"@type\":\"WebSite\",\"@id\":\"https:\\\/\\\/buddhaseedbank.com\\\/fr\\\/#website\",\"url\":\"https:\\\/\\\/buddhaseedbank.com\\\/fr\\\/\",\"name\":\"Buddha Seeds\",\"description\":\"\",\"publisher\":{\"@id\":\"https:\\\/\\\/buddhaseedbank.com\\\/fr\\\/#organization\"},\"potentialAction\":[{\"@type\":\"SearchAction\",\"target\":{\"@type\":\"EntryPoint\",\"urlTemplate\":\"https:\\\/\\\/buddhaseedbank.com\\\/fr\\\/?s={search_term_string}\"},\"query-input\":{\"@type\":\"PropertyValueSpecification\",\"valueRequired\":true,\"valueName\":\"search_term_string\"}}],\"inLanguage\":\"fr-FR\"},{\"@type\":\"Organization\",\"@id\":\"https:\\\/\\\/buddhaseedbank.com\\\/fr\\\/#organization\",\"name\":\"Buddha Seeds\",\"url\":\"https:\\\/\\\/buddhaseedbank.com\\\/fr\\\/\",\"logo\":{\"@type\":\"ImageObject\",\"inLanguage\":\"fr-FR\",\"@id\":\"https:\\\/\\\/buddhaseedbank.com\\\/fr\\\/#\\\/schema\\\/logo\\\/image\\\/\",\"url\":\"https:\\\/\\\/buddhaseedbank.com\\\/wp-content\\\/uploads\\\/2024\\\/04\\\/buddha-seeds-logo-1622448424-1.png\",\"contentUrl\":\"https:\\\/\\\/buddhaseedbank.com\\\/wp-content\\\/uploads\\\/2024\\\/04\\\/buddha-seeds-logo-1622448424-1.png\",\"width\":478,\"height\":200,\"caption\":\"Buddha Seeds\"},\"image\":{\"@id\":\"https:\\\/\\\/buddhaseedbank.com\\\/fr\\\/#\\\/schema\\\/logo\\\/image\\\/\"}}]}<\/script>\n<!-- \/ Yoast SEO plugin. -->","yoast_head_json":{"title":"Buddha Auto White Widow - Buddha Seeds","description":"La version autofloraison de la White Widow de Buddha Seeds se distingue par son temps de croissance court, sa productivit\u00e9 finale et sa forte concentration en r\u00e9sine.","robots":{"index":"index","follow":"follow","max-snippet":"max-snippet:-1","max-image-preview":"max-image-preview:large","max-video-preview":"max-video-preview:-1"},"canonical":"https:\/\/buddhaseedbank.com\/fr\/producto\/buddha-auto-white-widow\/","og_locale":"fr_FR","og_type":"article","og_title":"Buddha Auto White Widow - Buddha Seeds","og_description":"La version autofloraison de la White Widow de Buddha Seeds se distingue par son temps de croissance court, sa productivit\u00e9 finale et sa forte concentration en r\u00e9sine.","og_url":"https:\/\/buddhaseedbank.com\/fr\/producto\/buddha-auto-white-widow\/","og_site_name":"Buddha Seeds","article_modified_time":"2025-10-21T10:12:30+00:00","og_image":[{"width":1080,"height":1080,"url":"https:\/\/buddhaseedbank.com\/wp-content\/uploads\/2020\/12\/222-Buddha-Auto-White-Widow.jpg","type":"image\/jpeg"}],"twitter_card":"summary_large_image","twitter_misc":{"Dur\u00e9e de lecture estim\u00e9e":"2 minutes"},"schema":{"@context":"https:\/\/schema.org","@graph":[{"@type":"WebPage","@id":"https:\/\/buddhaseedbank.com\/fr\/producto\/buddha-auto-white-widow\/","url":"https:\/\/buddhaseedbank.com\/fr\/producto\/buddha-auto-white-widow\/","name":"Buddha Auto White Widow - Buddha Seeds","isPartOf":{"@id":"https:\/\/buddhaseedbank.com\/fr\/#website"},"primaryImageOfPage":{"@id":"https:\/\/buddhaseedbank.com\/fr\/producto\/buddha-auto-white-widow\/#primaryimage"},"image":{"@id":"https:\/\/buddhaseedbank.com\/fr\/producto\/buddha-auto-white-widow\/#primaryimage"},"thumbnailUrl":"https:\/\/buddhaseedbank.com\/wp-content\/uploads\/2020\/12\/222-Buddha-Auto-White-Widow.jpg","datePublished":"2020-12-03T11:04:31+00:00","dateModified":"2025-10-21T10:12:30+00:00","description":"La version autofloraison de la White Widow de Buddha Seeds se distingue par son temps de croissance court, sa productivit\u00e9 finale et sa forte concentration en r\u00e9sine.","breadcrumb":{"@id":"https:\/\/buddhaseedbank.com\/fr\/producto\/buddha-auto-white-widow\/#breadcrumb"},"inLanguage":"fr-FR","potentialAction":[{"@type":"ReadAction","target":["https:\/\/buddhaseedbank.com\/fr\/producto\/buddha-auto-white-widow\/"]}]},{"@type":"ImageObject","inLanguage":"fr-FR","@id":"https:\/\/buddhaseedbank.com\/fr\/producto\/buddha-auto-white-widow\/#primaryimage","url":"https:\/\/buddhaseedbank.com\/wp-content\/uploads\/2020\/12\/222-Buddha-Auto-White-Widow.jpg","contentUrl":"https:\/\/buddhaseedbank.com\/wp-content\/uploads\/2020\/12\/222-Buddha-Auto-White-Widow.jpg","width":1080,"height":1080,"caption":"Buddha Auto White Widow"},{"@type":"BreadcrumbList","@id":"https:\/\/buddhaseedbank.com\/fr\/producto\/buddha-auto-white-widow\/#breadcrumb","itemListElement":[{"@type":"ListItem","position":1,"name":"Portada","item":"https:\/\/buddhaseedbank.com\/fr\/"},{"@type":"ListItem","position":2,"name":"Boutique","item":"https:\/\/buddhaseedbank.com\/fr\/boutique\/"},{"@type":"ListItem","position":3,"name":"Buddha Auto White Widow"}]},{"@type":"WebSite","@id":"https:\/\/buddhaseedbank.com\/fr\/#website","url":"https:\/\/buddhaseedbank.com\/fr\/","name":"Buddha Seeds","description":"","publisher":{"@id":"https:\/\/buddhaseedbank.com\/fr\/#organization"},"potentialAction":[{"@type":"SearchAction","target":{"@type":"EntryPoint","urlTemplate":"https:\/\/buddhaseedbank.com\/fr\/?s={search_term_string}"},"query-input":{"@type":"PropertyValueSpecification","valueRequired":true,"valueName":"search_term_string"}}],"inLanguage":"fr-FR"},{"@type":"Organization","@id":"https:\/\/buddhaseedbank.com\/fr\/#organization","name":"Buddha Seeds","url":"https:\/\/buddhaseedbank.com\/fr\/","logo":{"@type":"ImageObject","inLanguage":"fr-FR","@id":"https:\/\/buddhaseedbank.com\/fr\/#\/schema\/logo\/image\/","url":"https:\/\/buddhaseedbank.com\/wp-content\/uploads\/2024\/04\/buddha-seeds-logo-1622448424-1.png","contentUrl":"https:\/\/buddhaseedbank.com\/wp-content\/uploads\/2024\/04\/buddha-seeds-logo-1622448424-1.png","width":478,"height":200,"caption":"Buddha Seeds"},"image":{"@id":"https:\/\/buddhaseedbank.com\/fr\/#\/schema\/logo\/image\/"}}]}},"_links":{"self":[{"href":"https:\/\/buddhaseedbank.com\/fr\/wp-json\/wp\/v2\/product\/4639","targetHints":{"allow":["GET"]}}],"collection":[{"href":"https:\/\/buddhaseedbank.com\/fr\/wp-json\/wp\/v2\/product"}],"about":[{"href":"https:\/\/buddhaseedbank.com\/fr\/wp-json\/wp\/v2\/types\/product"}],"wp:featuredmedia":[{"embeddable":true,"href":"https:\/\/buddhaseedbank.com\/fr\/wp-json\/wp\/v2\/media\/4601"}],"wp:attachment":[{"href":"https:\/\/buddhaseedbank.com\/fr\/wp-json\/wp\/v2\/media?parent=4639"}],"wp:term":[{"taxonomy":"product_brand","embeddable":true,"href":"https:\/\/buddhaseedbank.com\/fr\/wp-json\/wp\/v2\/product_brand?post=4639"},{"taxonomy":"product_cat","embeddable":true,"href":"https:\/\/buddhaseedbank.com\/fr\/wp-json\/wp\/v2\/product_cat?post=4639"},{"taxonomy":"product_tag","embeddable":true,"href":"https:\/\/buddhaseedbank.com\/fr\/wp-json\/wp\/v2\/product_tag?post=4639"}],"curies":[{"name":"wp","href":"https:\/\/api.w.org\/{rel}","templated":true}]}}