{"id":4674,"date":"2021-06-07T14:38:37","date_gmt":"2021-06-07T12:38:37","guid":{"rendered":"https:\/\/buddhaseedbank.com\/producto\/buddha-cookie-2\/"},"modified":"2024-09-04T15:46:57","modified_gmt":"2024-09-04T13:46:57","slug":"buddha-cookie-2","status":"publish","type":"product","link":"https:\/\/buddhaseedbank.com\/fr\/producto\/buddha-cookie-2\/","title":{"rendered":"Buddha Cookie"},"content":{"rendered":"<p style=\"text-align: justify;\">S&rsquo;il est une vari\u00e9t\u00e9 de cannabis authentiquement am\u00e9ricaine et mondialement connue, c&rsquo;est bien celle <i>des Girl Scout Cookies<\/i>. Chez Buddha Seeds, il \u00e9tait clair que cette <i>vari\u00e9t\u00e9 de cannabis d\u00e9licate et tr\u00e8s vendue <\/i>ne pouvait pas \u00eatre absente de notre catalogue de vari\u00e9t\u00e9s am\u00e9ricaines et nous avons concentr\u00e9 tous nos efforts sur le maintien de sa saveur originale.<\/p>\n<p style=\"text-align: justify;\">C&rsquo;est ainsi qu&rsquo;est n\u00e9 Buddha Cookie, une g\u00e9n\u00e9tique indica pr\u00eate \u00e0 vous conqu\u00e9rir d\u00e8s la premi\u00e8re bouff\u00e9e avec son d\u00e9licieux ar\u00f4me de chocolat et de biscuit fra\u00eechement cuit. Les amateurs de sucreries devront contr\u00f4ler leur app\u00e9tit, car il peut y avoir une forte d\u00e9pendance, en particulier pour les fans de chocolat. Une fois que vous avez commenc\u00e9, vous ne pouvez plus vous arr\u00eater !<\/p>\n<p style=\"text-align: justify;\">Pr\u00e9parez-vous \u00e0 des extractions au plus haut niveau et \u00e0 une fum\u00e9e puissante qui, on ne le dira jamais assez, laisse un bon go\u00fbt en bouche. Si vous aimez la terre am\u00e9ricaine, cette vari\u00e9t\u00e9 va encore plus loin avec des notes de biscuits sucr\u00e9s. Il n&rsquo;est pas surprenant que ce soit sa saveur qui donne son nom \u00e0 cette vari\u00e9t\u00e9. D\u00e9j\u00e0 dans la bouteille, vous remarquerez cette caract\u00e9ristique qui lui donne de la personnalit\u00e9. Votre exp\u00e9rience Buddha Cookie commencera par quelques rires et de l&rsquo;euphorie, puis vous enveloppera progressivement dans un \u00e9tat de relaxation totale qui vous laissera coll\u00e9 au canap\u00e9. Cette vari\u00e9t\u00e9 est id\u00e9ale en cas de stress, de douleur, d&rsquo;insomnie et de perte d&rsquo;app\u00e9tit.<\/p>\n<p style=\"text-align: justify;\">La Buddha Cookie pr\u00e9sente des niveaux \u00e9lev\u00e9s de r\u00e9sine et une croissance vigoureuse qui donne naissance \u00e0 de v\u00e9ritables monstres \u00e0 l&rsquo;ext\u00e9rieur. Dans l&rsquo;ensemble, cette vari\u00e9t\u00e9 est tr\u00e8s facile \u00e0 g\u00e9rer, r\u00e9sistante et peu exigeante en termes de soins, ce qui est un soulagement pour les cultivateurs novices. Les utilisateurs exp\u00e9riment\u00e9s pourront appliquer des techniques telles que le LST gr\u00e2ce \u00e0 son bon espacement internodal, qui permet une meilleure p\u00e9n\u00e9tration de la lumi\u00e8re.<\/p>\n<p style=\"text-align: justify;\"><a style=\"background-color: #ff0000; color: #ffffff;\" href=\"https:\/\/youtu.be\/BLk2R8Bj2KM\" target=\"_blank\" rel=\"noreferrer noopener nofollow\">YOUTUBE \u25ba<\/a><\/p>\n","protected":false},"excerpt":{"rendered":"<p style=\"text-align: justify;\">Buddha Cookie, une g\u00e9n\u00e9tique indica pr\u00eate \u00e0 vous conqu\u00e9rir d\u00e8s la premi\u00e8re bouff\u00e9e avec son d\u00e9licieux ar\u00f4me de chocolat et de biscuit fra\u00eechement cuit. Les amateurs de sucreries devront contr\u00f4ler leur app\u00e9tit, car il peut y avoir une forte d\u00e9pendance, en particulier pour les fans de chocolat.<\/p>\n<p style=\"text-align: justify;\">Cette vari\u00e9t\u00e9 pr\u00e9sente des niveaux \u00e9lev\u00e9s de r\u00e9sine et une croissance vigoureuse qui donne naissance \u00e0 de v\u00e9ritables monstres \u00e0 l&rsquo;ext\u00e9rieur. Dans l&rsquo;ensemble, la Buddha Cookie est tr\u00e8s facile \u00e0 g\u00e9rer, r\u00e9sistante et peu exigeante en termes de soins, ce qui est un soulagement pour les cultivateurs novices. Les utilisateurs exp\u00e9riment\u00e9s pourront appliquer des techniques telles que le LST gr\u00e2ce \u00e0 son bon espacement internodal, qui permet une meilleure p\u00e9n\u00e9tration de la lumi\u00e8re.<\/p>\n","protected":false},"featured_media":4646,"template":"","meta":{"_joinchat":[]},"product_brand":[],"product_cat":[657,111],"product_tag":[1394,1427,1409,1479,1450,1404,1443,1189],"class_list":{"0":"post-4674","1":"product","2":"type-product","3":"status-publish","4":"has-post-thumbnail","6":"product_cat-usa-collection-strains-fr","7":"product_cat-varietes-buddha-seeds","8":"product_tag-cannabis-effet-puissant","9":"product_tag-cannabis-indica-fr","10":"product_tag-graines-marijuana-americaines","11":"product_tag-graines-photodependantes","12":"product_tag-cannabis-anxiete-stress","13":"product_tag-cannabis-pour-relaxation","14":"product_tag-cannabis-pour-mieux-dormir","15":"product_tag-souches-de-collection-usa","16":"pa_efecto-af-inicialmentehabrarisasyun-fr","17":"pa_fa-produccionenexteriorporpl-400_2000g-fr","18":"pa_genetica-indica-fr","19":"pa_mesdecosecha-be-segundamitaddeseptiembreh-fr","20":"pa_produccionm-400_600g-fr","21":"pa_semillas-10unidades-fr","22":"pa_semillas-3unidades-fr","23":"pa_semillas-50unidades-fr","24":"pa_sexo-feminizada-fr","25":"pa_tiempodefloracion-56_63dias-fr","26":"pa_tipo-photodependant-fr","28":"first","29":"instock","30":"taxable","31":"shipping-taxable","32":"purchasable","33":"product-type-variable"},"yoast_head":"<!-- This site is optimized with the Yoast SEO plugin v27.3 - https:\/\/yoast.com\/product\/yoast-seo-wordpress\/ -->\n<title>Buddha Cookie - Buddha Seeds<\/title>\n<meta name=\"robots\" content=\"index, follow, max-snippet:-1, max-image-preview:large, max-video-preview:-1\" \/>\n<link rel=\"canonical\" href=\"https:\/\/buddhaseedbank.com\/fr\/producto\/buddha-cookie-2\/\" \/>\n<meta property=\"og:locale\" content=\"fr_FR\" \/>\n<meta property=\"og:type\" content=\"article\" \/>\n<meta property=\"og:title\" content=\"Buddha Cookie - Buddha Seeds\" \/>\n<meta property=\"og:description\" content=\"Buddha Cookie, une g\u00e9n\u00e9tique indica pr\u00eate \u00e0 vous conqu\u00e9rir d\u00e8s la premi\u00e8re bouff\u00e9e avec son d\u00e9licieux ar\u00f4me de chocolat et de biscuit fra\u00eechement cuit. Les amateurs de sucreries devront contr\u00f4ler leur app\u00e9tit, car il peut y avoir une forte d\u00e9pendance, en particulier pour les fans de chocolat. Cette vari\u00e9t\u00e9 pr\u00e9sente des niveaux \u00e9lev\u00e9s de r\u00e9sine et une croissance vigoureuse qui donne naissance \u00e0 de v\u00e9ritables monstres \u00e0 l&#039;ext\u00e9rieur. Dans l&#039;ensemble, la Buddha Cookie est tr\u00e8s facile \u00e0 g\u00e9rer, r\u00e9sistante et peu exigeante en termes de soins, ce qui est un soulagement pour les cultivateurs novices. Les utilisateurs exp\u00e9riment\u00e9s pourront appliquer des techniques telles que le LST gr\u00e2ce \u00e0 son bon espacement internodal, qui permet une meilleure p\u00e9n\u00e9tration de la lumi\u00e8re.\" \/>\n<meta property=\"og:url\" content=\"https:\/\/buddhaseedbank.com\/fr\/producto\/buddha-cookie-2\/\" \/>\n<meta property=\"og:site_name\" content=\"Buddha Seeds\" \/>\n<meta property=\"article:modified_time\" content=\"2024-09-04T13:46:57+00:00\" \/>\n<meta property=\"og:image\" content=\"https:\/\/buddhaseedbank.com\/wp-content\/uploads\/2021\/06\/236-Buddha-Cookie.jpg\" \/>\n\t<meta property=\"og:image:width\" content=\"1080\" \/>\n\t<meta property=\"og:image:height\" content=\"1080\" \/>\n\t<meta property=\"og:image:type\" content=\"image\/jpeg\" \/>\n<meta name=\"twitter:card\" content=\"summary_large_image\" \/>\n<meta name=\"twitter:label1\" content=\"Dur\u00e9e de lecture estim\u00e9e\" \/>\n\t<meta name=\"twitter:data1\" content=\"2 minutes\" \/>\n<script type=\"application\/ld+json\" class=\"yoast-schema-graph\">{\"@context\":\"https:\\\/\\\/schema.org\",\"@graph\":[{\"@type\":\"WebPage\",\"@id\":\"https:\\\/\\\/buddhaseedbank.com\\\/fr\\\/producto\\\/buddha-cookie-2\\\/\",\"url\":\"https:\\\/\\\/buddhaseedbank.com\\\/fr\\\/producto\\\/buddha-cookie-2\\\/\",\"name\":\"Buddha Cookie - Buddha Seeds\",\"isPartOf\":{\"@id\":\"https:\\\/\\\/buddhaseedbank.com\\\/fr\\\/#website\"},\"primaryImageOfPage\":{\"@id\":\"https:\\\/\\\/buddhaseedbank.com\\\/fr\\\/producto\\\/buddha-cookie-2\\\/#primaryimage\"},\"image\":{\"@id\":\"https:\\\/\\\/buddhaseedbank.com\\\/fr\\\/producto\\\/buddha-cookie-2\\\/#primaryimage\"},\"thumbnailUrl\":\"https:\\\/\\\/buddhaseedbank.com\\\/wp-content\\\/uploads\\\/2021\\\/06\\\/236-Buddha-Cookie.jpg\",\"datePublished\":\"2021-06-07T12:38:37+00:00\",\"dateModified\":\"2024-09-04T13:46:57+00:00\",\"breadcrumb\":{\"@id\":\"https:\\\/\\\/buddhaseedbank.com\\\/fr\\\/producto\\\/buddha-cookie-2\\\/#breadcrumb\"},\"inLanguage\":\"fr-FR\",\"potentialAction\":[{\"@type\":\"ReadAction\",\"target\":[\"https:\\\/\\\/buddhaseedbank.com\\\/fr\\\/producto\\\/buddha-cookie-2\\\/\"]}]},{\"@type\":\"ImageObject\",\"inLanguage\":\"fr-FR\",\"@id\":\"https:\\\/\\\/buddhaseedbank.com\\\/fr\\\/producto\\\/buddha-cookie-2\\\/#primaryimage\",\"url\":\"https:\\\/\\\/buddhaseedbank.com\\\/wp-content\\\/uploads\\\/2021\\\/06\\\/236-Buddha-Cookie.jpg\",\"contentUrl\":\"https:\\\/\\\/buddhaseedbank.com\\\/wp-content\\\/uploads\\\/2021\\\/06\\\/236-Buddha-Cookie.jpg\",\"width\":1080,\"height\":1080,\"caption\":\"Biscuits Buddha\"},{\"@type\":\"BreadcrumbList\",\"@id\":\"https:\\\/\\\/buddhaseedbank.com\\\/fr\\\/producto\\\/buddha-cookie-2\\\/#breadcrumb\",\"itemListElement\":[{\"@type\":\"ListItem\",\"position\":1,\"name\":\"Portada\",\"item\":\"https:\\\/\\\/buddhaseedbank.com\\\/fr\\\/\"},{\"@type\":\"ListItem\",\"position\":2,\"name\":\"Boutique\",\"item\":\"https:\\\/\\\/buddhaseedbank.com\\\/fr\\\/boutique\\\/\"},{\"@type\":\"ListItem\",\"position\":3,\"name\":\"Buddha Cookie\"}]},{\"@type\":\"WebSite\",\"@id\":\"https:\\\/\\\/buddhaseedbank.com\\\/fr\\\/#website\",\"url\":\"https:\\\/\\\/buddhaseedbank.com\\\/fr\\\/\",\"name\":\"Buddha Seeds\",\"description\":\"\",\"publisher\":{\"@id\":\"https:\\\/\\\/buddhaseedbank.com\\\/fr\\\/#organization\"},\"potentialAction\":[{\"@type\":\"SearchAction\",\"target\":{\"@type\":\"EntryPoint\",\"urlTemplate\":\"https:\\\/\\\/buddhaseedbank.com\\\/fr\\\/?s={search_term_string}\"},\"query-input\":{\"@type\":\"PropertyValueSpecification\",\"valueRequired\":true,\"valueName\":\"search_term_string\"}}],\"inLanguage\":\"fr-FR\"},{\"@type\":\"Organization\",\"@id\":\"https:\\\/\\\/buddhaseedbank.com\\\/fr\\\/#organization\",\"name\":\"Buddha Seeds\",\"url\":\"https:\\\/\\\/buddhaseedbank.com\\\/fr\\\/\",\"logo\":{\"@type\":\"ImageObject\",\"inLanguage\":\"fr-FR\",\"@id\":\"https:\\\/\\\/buddhaseedbank.com\\\/fr\\\/#\\\/schema\\\/logo\\\/image\\\/\",\"url\":\"https:\\\/\\\/buddhaseedbank.com\\\/wp-content\\\/uploads\\\/2024\\\/04\\\/buddha-seeds-logo-1622448424-1.png\",\"contentUrl\":\"https:\\\/\\\/buddhaseedbank.com\\\/wp-content\\\/uploads\\\/2024\\\/04\\\/buddha-seeds-logo-1622448424-1.png\",\"width\":478,\"height\":200,\"caption\":\"Buddha Seeds\"},\"image\":{\"@id\":\"https:\\\/\\\/buddhaseedbank.com\\\/fr\\\/#\\\/schema\\\/logo\\\/image\\\/\"}}]}<\/script>\n<!-- \/ Yoast SEO plugin. -->","yoast_head_json":{"title":"Buddha Cookie - Buddha Seeds","robots":{"index":"index","follow":"follow","max-snippet":"max-snippet:-1","max-image-preview":"max-image-preview:large","max-video-preview":"max-video-preview:-1"},"canonical":"https:\/\/buddhaseedbank.com\/fr\/producto\/buddha-cookie-2\/","og_locale":"fr_FR","og_type":"article","og_title":"Buddha Cookie - Buddha Seeds","og_description":"Buddha Cookie, une g\u00e9n\u00e9tique indica pr\u00eate \u00e0 vous conqu\u00e9rir d\u00e8s la premi\u00e8re bouff\u00e9e avec son d\u00e9licieux ar\u00f4me de chocolat et de biscuit fra\u00eechement cuit. Les amateurs de sucreries devront contr\u00f4ler leur app\u00e9tit, car il peut y avoir une forte d\u00e9pendance, en particulier pour les fans de chocolat. Cette vari\u00e9t\u00e9 pr\u00e9sente des niveaux \u00e9lev\u00e9s de r\u00e9sine et une croissance vigoureuse qui donne naissance \u00e0 de v\u00e9ritables monstres \u00e0 l'ext\u00e9rieur. Dans l'ensemble, la Buddha Cookie est tr\u00e8s facile \u00e0 g\u00e9rer, r\u00e9sistante et peu exigeante en termes de soins, ce qui est un soulagement pour les cultivateurs novices. Les utilisateurs exp\u00e9riment\u00e9s pourront appliquer des techniques telles que le LST gr\u00e2ce \u00e0 son bon espacement internodal, qui permet une meilleure p\u00e9n\u00e9tration de la lumi\u00e8re.","og_url":"https:\/\/buddhaseedbank.com\/fr\/producto\/buddha-cookie-2\/","og_site_name":"Buddha Seeds","article_modified_time":"2024-09-04T13:46:57+00:00","og_image":[{"width":1080,"height":1080,"url":"https:\/\/buddhaseedbank.com\/wp-content\/uploads\/2021\/06\/236-Buddha-Cookie.jpg","type":"image\/jpeg"}],"twitter_card":"summary_large_image","twitter_misc":{"Dur\u00e9e de lecture estim\u00e9e":"2 minutes"},"schema":{"@context":"https:\/\/schema.org","@graph":[{"@type":"WebPage","@id":"https:\/\/buddhaseedbank.com\/fr\/producto\/buddha-cookie-2\/","url":"https:\/\/buddhaseedbank.com\/fr\/producto\/buddha-cookie-2\/","name":"Buddha Cookie - Buddha Seeds","isPartOf":{"@id":"https:\/\/buddhaseedbank.com\/fr\/#website"},"primaryImageOfPage":{"@id":"https:\/\/buddhaseedbank.com\/fr\/producto\/buddha-cookie-2\/#primaryimage"},"image":{"@id":"https:\/\/buddhaseedbank.com\/fr\/producto\/buddha-cookie-2\/#primaryimage"},"thumbnailUrl":"https:\/\/buddhaseedbank.com\/wp-content\/uploads\/2021\/06\/236-Buddha-Cookie.jpg","datePublished":"2021-06-07T12:38:37+00:00","dateModified":"2024-09-04T13:46:57+00:00","breadcrumb":{"@id":"https:\/\/buddhaseedbank.com\/fr\/producto\/buddha-cookie-2\/#breadcrumb"},"inLanguage":"fr-FR","potentialAction":[{"@type":"ReadAction","target":["https:\/\/buddhaseedbank.com\/fr\/producto\/buddha-cookie-2\/"]}]},{"@type":"ImageObject","inLanguage":"fr-FR","@id":"https:\/\/buddhaseedbank.com\/fr\/producto\/buddha-cookie-2\/#primaryimage","url":"https:\/\/buddhaseedbank.com\/wp-content\/uploads\/2021\/06\/236-Buddha-Cookie.jpg","contentUrl":"https:\/\/buddhaseedbank.com\/wp-content\/uploads\/2021\/06\/236-Buddha-Cookie.jpg","width":1080,"height":1080,"caption":"Biscuits Buddha"},{"@type":"BreadcrumbList","@id":"https:\/\/buddhaseedbank.com\/fr\/producto\/buddha-cookie-2\/#breadcrumb","itemListElement":[{"@type":"ListItem","position":1,"name":"Portada","item":"https:\/\/buddhaseedbank.com\/fr\/"},{"@type":"ListItem","position":2,"name":"Boutique","item":"https:\/\/buddhaseedbank.com\/fr\/boutique\/"},{"@type":"ListItem","position":3,"name":"Buddha Cookie"}]},{"@type":"WebSite","@id":"https:\/\/buddhaseedbank.com\/fr\/#website","url":"https:\/\/buddhaseedbank.com\/fr\/","name":"Buddha Seeds","description":"","publisher":{"@id":"https:\/\/buddhaseedbank.com\/fr\/#organization"},"potentialAction":[{"@type":"SearchAction","target":{"@type":"EntryPoint","urlTemplate":"https:\/\/buddhaseedbank.com\/fr\/?s={search_term_string}"},"query-input":{"@type":"PropertyValueSpecification","valueRequired":true,"valueName":"search_term_string"}}],"inLanguage":"fr-FR"},{"@type":"Organization","@id":"https:\/\/buddhaseedbank.com\/fr\/#organization","name":"Buddha Seeds","url":"https:\/\/buddhaseedbank.com\/fr\/","logo":{"@type":"ImageObject","inLanguage":"fr-FR","@id":"https:\/\/buddhaseedbank.com\/fr\/#\/schema\/logo\/image\/","url":"https:\/\/buddhaseedbank.com\/wp-content\/uploads\/2024\/04\/buddha-seeds-logo-1622448424-1.png","contentUrl":"https:\/\/buddhaseedbank.com\/wp-content\/uploads\/2024\/04\/buddha-seeds-logo-1622448424-1.png","width":478,"height":200,"caption":"Buddha Seeds"},"image":{"@id":"https:\/\/buddhaseedbank.com\/fr\/#\/schema\/logo\/image\/"}}]}},"_links":{"self":[{"href":"https:\/\/buddhaseedbank.com\/fr\/wp-json\/wp\/v2\/product\/4674","targetHints":{"allow":["GET"]}}],"collection":[{"href":"https:\/\/buddhaseedbank.com\/fr\/wp-json\/wp\/v2\/product"}],"about":[{"href":"https:\/\/buddhaseedbank.com\/fr\/wp-json\/wp\/v2\/types\/product"}],"wp:featuredmedia":[{"embeddable":true,"href":"https:\/\/buddhaseedbank.com\/fr\/wp-json\/wp\/v2\/media\/4646"}],"wp:attachment":[{"href":"https:\/\/buddhaseedbank.com\/fr\/wp-json\/wp\/v2\/media?parent=4674"}],"wp:term":[{"taxonomy":"product_brand","embeddable":true,"href":"https:\/\/buddhaseedbank.com\/fr\/wp-json\/wp\/v2\/product_brand?post=4674"},{"taxonomy":"product_cat","embeddable":true,"href":"https:\/\/buddhaseedbank.com\/fr\/wp-json\/wp\/v2\/product_cat?post=4674"},{"taxonomy":"product_tag","embeddable":true,"href":"https:\/\/buddhaseedbank.com\/fr\/wp-json\/wp\/v2\/product_tag?post=4674"}],"curies":[{"name":"wp","href":"https:\/\/api.w.org\/{rel}","templated":true}]}}