{"id":4744,"date":"2021-06-07T15:31:26","date_gmt":"2021-06-07T13:31:26","guid":{"rendered":"https:\/\/buddhaseedbank.com\/producto\/buddha-dosi2-2\/"},"modified":"2025-05-07T16:35:30","modified_gmt":"2025-05-07T14:35:30","slug":"buddha-dosi2-2","status":"publish","type":"product","link":"https:\/\/buddhaseedbank.com\/fr\/producto\/buddha-dosi2-2\/","title":{"rendered":"Bouddha DoSi2"},"content":{"rendered":"<p style=\"text-align: justify;\">Descendant de la famille des Cookies, Buddha DoSi2 est un plaisir am\u00e9ricain puissant et euphorisant qui m\u00e9rite d&rsquo;\u00eatre partag\u00e9 avec des amis. Une r\u00e9volution de saveurs pour vos papilles et votre humeur.<\/p>\n<p style=\"text-align: justify;\">L&rsquo;assortiment original de nuances, combin\u00e9 au sucre sp\u00e9cial fourni par Buddha Seeds, donne une vari\u00e9t\u00e9 r\u00e9sistante, puissante et productive qui impressionnera m\u00eame les cultivateurs les plus professionnels.<\/p>\n<p style=\"text-align: justify;\">Les combinaisons d&rsquo;ar\u00f4mes sont puissantes, donnant la sensation de savourer avec Buddha DoSi2 un v\u00e9ritable sac de douceurs et d&rsquo;agrumes, avec des pointes d&rsquo;amertume et d&rsquo;incroyables arri\u00e8re-plans de haschisch classique. L&rsquo;effet est euphorique mais calme, soulignant d&rsquo;autres points tels que la joie introspective et la relaxation du corps.<\/p>\n<p style=\"text-align: justify;\">Buddha DoSi2 n&rsquo;a pas besoin de mains exp\u00e9riment\u00e9es pour \u00eatre soign\u00e9e, elle se d\u00e9brouille toute seule gr\u00e2ce aux nombreuses qualit\u00e9s qui font de cette vari\u00e9t\u00e9 une plante id\u00e9ale pour la culture de gu\u00e9rilla. Il s&rsquo;agit \u00e9galement de l&rsquo;adapter aux besoins de l&rsquo;environnement \u00e0 l&rsquo;aide de techniques de taille et\/ou de culture.<\/p>\n<p style=\"text-align: justify;\">Les qualit\u00e9s inn\u00e9es de Buddha DoSi2 am\u00e9liorent le bien-\u00eatre du consommateur, r\u00e9duisant les cas d&rsquo;insomnie, d&rsquo;anxi\u00e9t\u00e9, de douleurs corporelles, etc.<\/p>\n<p style=\"text-align: justify;\">La floraison vous surprendra par les diff\u00e9rentes tonalit\u00e9s chromatiques qu&rsquo;elle peut pr\u00e9senter ; c&rsquo;est un spectacle color\u00e9 unique. Sentez la douce vague qui parcourt votre corps lorsque vous retrouvez votre \u00ab\u00a0bonne respiration\u00a0\u00bb avec Buddha DoSi2.<\/p>\n<p style=\"text-align: justify;\"><a style=\"background-color: #ff0000; color: #ffffff;\" href=\"https:\/\/www.youtube.com\/watch?v=PcagpSnQDTw\" target=\"_blank\" rel=\"noreferrer noopener nofollow\">YOUTUBE \u25ba<\/a><\/p>\n","protected":false},"excerpt":{"rendered":"<p>Descendant de la famille des Cookies, Buddha DoSi2 est un plaisir am\u00e9ricain puissant et euphorisant qui m\u00e9rite d&rsquo;\u00eatre partag\u00e9 avec des amis. Une r\u00e9volution de saveurs pour vos papilles et votre humeur. L&rsquo;assortiment original de nuances, combin\u00e9 au sucre sp\u00e9cial fourni par Buddha Seeds, donne une vari\u00e9t\u00e9 r\u00e9sistante, puissante et productive qui impressionnera m\u00eame les [&hellip;]<\/p>\n","protected":false},"featured_media":4716,"template":"","meta":{"_joinchat":[]},"product_brand":[],"product_cat":[657,111],"product_tag":[1394,1427,1454,1409,1479,1404,1189,1520],"class_list":{"0":"post-4744","1":"product","2":"type-product","3":"status-publish","4":"has-post-thumbnail","6":"product_cat-usa-collection-strains-fr","7":"product_cat-varietes-buddha-seeds","8":"product_tag-cannabis-effet-puissant","9":"product_tag-cannabis-indica-fr","10":"product_tag-cannabis-resistant-aux-parasites","11":"product_tag-graines-marijuana-americaines","12":"product_tag-graines-photodependantes","13":"product_tag-cannabis-pour-relaxation","14":"product_tag-souches-de-collection-usa","15":"product_tag-marijuana-productive","16":"pa_efecto-87-elefectoeseuforicoperosos-fr","17":"pa_fa-produccionenexteriorporpl-500_2000g-fr","18":"pa_genetica-indica-fr","19":"pa_mesdecosecha-7e-principiosdeoctubrehemisf-fr","20":"pa_produccionm-500_650g-fr","21":"pa_semillas-10unidades-fr","22":"pa_semillas-3unidades-fr","23":"pa_semillas-50unidades-fr","24":"pa_sexo-feminizada-fr","25":"pa_tiempodefloracion-60_70dias-fr","26":"pa_tipo-photodependant-fr","28":"first","29":"instock","30":"featured","31":"taxable","32":"shipping-taxable","33":"purchasable","34":"product-type-variable"},"yoast_head":"<!-- This site is optimized with the Yoast SEO plugin v27.3 - https:\/\/yoast.com\/product\/yoast-seo-wordpress\/ -->\n<title>Buddha DoSi2 - Buddha Seeds<\/title>\n<meta name=\"description\" content=\"Buddha Dosi2 est une graine f\u00e9minis\u00e9e am\u00e9ricaine \u00e0 l&#039;effet euphorique, r\u00e9sistante, puissante et productive. Facile \u00e0 cultiver et tr\u00e8s r\u00e9sineuse.\" \/>\n<meta name=\"robots\" content=\"index, follow, max-snippet:-1, max-image-preview:large, max-video-preview:-1\" \/>\n<link rel=\"canonical\" href=\"https:\/\/buddhaseedbank.com\/fr\/producto\/buddha-dosi2-2\/\" \/>\n<meta property=\"og:locale\" content=\"fr_FR\" \/>\n<meta property=\"og:type\" content=\"article\" \/>\n<meta property=\"og:title\" content=\"Buddha DoSi2 - Buddha Seeds\" \/>\n<meta property=\"og:description\" content=\"Buddha Dosi2 est une graine f\u00e9minis\u00e9e am\u00e9ricaine \u00e0 l&#039;effet euphorique, r\u00e9sistante, puissante et productive. Facile \u00e0 cultiver et tr\u00e8s r\u00e9sineuse.\" \/>\n<meta property=\"og:url\" content=\"https:\/\/buddhaseedbank.com\/fr\/producto\/buddha-dosi2-2\/\" \/>\n<meta property=\"og:site_name\" content=\"Buddha Seeds\" \/>\n<meta property=\"article:modified_time\" content=\"2025-05-07T14:35:30+00:00\" \/>\n<meta property=\"og:image\" content=\"https:\/\/buddhaseedbank.com\/wp-content\/uploads\/2021\/06\/245-Buddha-DoSi2.jpg\" \/>\n\t<meta property=\"og:image:width\" content=\"1080\" \/>\n\t<meta property=\"og:image:height\" content=\"1080\" \/>\n\t<meta property=\"og:image:type\" content=\"image\/jpeg\" \/>\n<meta name=\"twitter:card\" content=\"summary_large_image\" \/>\n<meta name=\"twitter:label1\" content=\"Dur\u00e9e de lecture estim\u00e9e\" \/>\n\t<meta name=\"twitter:data1\" content=\"2 minutes\" \/>\n<script type=\"application\/ld+json\" class=\"yoast-schema-graph\">{\"@context\":\"https:\\\/\\\/schema.org\",\"@graph\":[{\"@type\":\"WebPage\",\"@id\":\"https:\\\/\\\/buddhaseedbank.com\\\/fr\\\/producto\\\/buddha-dosi2-2\\\/\",\"url\":\"https:\\\/\\\/buddhaseedbank.com\\\/fr\\\/producto\\\/buddha-dosi2-2\\\/\",\"name\":\"Buddha DoSi2 - Buddha Seeds\",\"isPartOf\":{\"@id\":\"https:\\\/\\\/buddhaseedbank.com\\\/fr\\\/#website\"},\"primaryImageOfPage\":{\"@id\":\"https:\\\/\\\/buddhaseedbank.com\\\/fr\\\/producto\\\/buddha-dosi2-2\\\/#primaryimage\"},\"image\":{\"@id\":\"https:\\\/\\\/buddhaseedbank.com\\\/fr\\\/producto\\\/buddha-dosi2-2\\\/#primaryimage\"},\"thumbnailUrl\":\"https:\\\/\\\/buddhaseedbank.com\\\/wp-content\\\/uploads\\\/2021\\\/06\\\/245-Buddha-DoSi2.jpg\",\"datePublished\":\"2021-06-07T13:31:26+00:00\",\"dateModified\":\"2025-05-07T14:35:30+00:00\",\"description\":\"Buddha Dosi2 est une graine f\u00e9minis\u00e9e am\u00e9ricaine \u00e0 l'effet euphorique, r\u00e9sistante, puissante et productive. Facile \u00e0 cultiver et tr\u00e8s r\u00e9sineuse.\",\"breadcrumb\":{\"@id\":\"https:\\\/\\\/buddhaseedbank.com\\\/fr\\\/producto\\\/buddha-dosi2-2\\\/#breadcrumb\"},\"inLanguage\":\"fr-FR\",\"potentialAction\":[{\"@type\":\"ReadAction\",\"target\":[\"https:\\\/\\\/buddhaseedbank.com\\\/fr\\\/producto\\\/buddha-dosi2-2\\\/\"]}]},{\"@type\":\"ImageObject\",\"inLanguage\":\"fr-FR\",\"@id\":\"https:\\\/\\\/buddhaseedbank.com\\\/fr\\\/producto\\\/buddha-dosi2-2\\\/#primaryimage\",\"url\":\"https:\\\/\\\/buddhaseedbank.com\\\/wp-content\\\/uploads\\\/2021\\\/06\\\/245-Buddha-DoSi2.jpg\",\"contentUrl\":\"https:\\\/\\\/buddhaseedbank.com\\\/wp-content\\\/uploads\\\/2021\\\/06\\\/245-Buddha-DoSi2.jpg\",\"width\":1080,\"height\":1080,\"caption\":\"Bouddha DoSi2\"},{\"@type\":\"BreadcrumbList\",\"@id\":\"https:\\\/\\\/buddhaseedbank.com\\\/fr\\\/producto\\\/buddha-dosi2-2\\\/#breadcrumb\",\"itemListElement\":[{\"@type\":\"ListItem\",\"position\":1,\"name\":\"Portada\",\"item\":\"https:\\\/\\\/buddhaseedbank.com\\\/fr\\\/\"},{\"@type\":\"ListItem\",\"position\":2,\"name\":\"Boutique\",\"item\":\"https:\\\/\\\/buddhaseedbank.com\\\/fr\\\/boutique\\\/\"},{\"@type\":\"ListItem\",\"position\":3,\"name\":\"Bouddha DoSi2\"}]},{\"@type\":\"WebSite\",\"@id\":\"https:\\\/\\\/buddhaseedbank.com\\\/fr\\\/#website\",\"url\":\"https:\\\/\\\/buddhaseedbank.com\\\/fr\\\/\",\"name\":\"Buddha Seeds\",\"description\":\"\",\"publisher\":{\"@id\":\"https:\\\/\\\/buddhaseedbank.com\\\/fr\\\/#organization\"},\"potentialAction\":[{\"@type\":\"SearchAction\",\"target\":{\"@type\":\"EntryPoint\",\"urlTemplate\":\"https:\\\/\\\/buddhaseedbank.com\\\/fr\\\/?s={search_term_string}\"},\"query-input\":{\"@type\":\"PropertyValueSpecification\",\"valueRequired\":true,\"valueName\":\"search_term_string\"}}],\"inLanguage\":\"fr-FR\"},{\"@type\":\"Organization\",\"@id\":\"https:\\\/\\\/buddhaseedbank.com\\\/fr\\\/#organization\",\"name\":\"Buddha Seeds\",\"url\":\"https:\\\/\\\/buddhaseedbank.com\\\/fr\\\/\",\"logo\":{\"@type\":\"ImageObject\",\"inLanguage\":\"fr-FR\",\"@id\":\"https:\\\/\\\/buddhaseedbank.com\\\/fr\\\/#\\\/schema\\\/logo\\\/image\\\/\",\"url\":\"https:\\\/\\\/buddhaseedbank.com\\\/wp-content\\\/uploads\\\/2024\\\/04\\\/buddha-seeds-logo-1622448424-1.png\",\"contentUrl\":\"https:\\\/\\\/buddhaseedbank.com\\\/wp-content\\\/uploads\\\/2024\\\/04\\\/buddha-seeds-logo-1622448424-1.png\",\"width\":478,\"height\":200,\"caption\":\"Buddha Seeds\"},\"image\":{\"@id\":\"https:\\\/\\\/buddhaseedbank.com\\\/fr\\\/#\\\/schema\\\/logo\\\/image\\\/\"}}]}<\/script>\n<!-- \/ Yoast SEO plugin. -->","yoast_head_json":{"title":"Buddha DoSi2 - Buddha Seeds","description":"Buddha Dosi2 est une graine f\u00e9minis\u00e9e am\u00e9ricaine \u00e0 l'effet euphorique, r\u00e9sistante, puissante et productive. Facile \u00e0 cultiver et tr\u00e8s r\u00e9sineuse.","robots":{"index":"index","follow":"follow","max-snippet":"max-snippet:-1","max-image-preview":"max-image-preview:large","max-video-preview":"max-video-preview:-1"},"canonical":"https:\/\/buddhaseedbank.com\/fr\/producto\/buddha-dosi2-2\/","og_locale":"fr_FR","og_type":"article","og_title":"Buddha DoSi2 - Buddha Seeds","og_description":"Buddha Dosi2 est une graine f\u00e9minis\u00e9e am\u00e9ricaine \u00e0 l'effet euphorique, r\u00e9sistante, puissante et productive. Facile \u00e0 cultiver et tr\u00e8s r\u00e9sineuse.","og_url":"https:\/\/buddhaseedbank.com\/fr\/producto\/buddha-dosi2-2\/","og_site_name":"Buddha Seeds","article_modified_time":"2025-05-07T14:35:30+00:00","og_image":[{"width":1080,"height":1080,"url":"https:\/\/buddhaseedbank.com\/wp-content\/uploads\/2021\/06\/245-Buddha-DoSi2.jpg","type":"image\/jpeg"}],"twitter_card":"summary_large_image","twitter_misc":{"Dur\u00e9e de lecture estim\u00e9e":"2 minutes"},"schema":{"@context":"https:\/\/schema.org","@graph":[{"@type":"WebPage","@id":"https:\/\/buddhaseedbank.com\/fr\/producto\/buddha-dosi2-2\/","url":"https:\/\/buddhaseedbank.com\/fr\/producto\/buddha-dosi2-2\/","name":"Buddha DoSi2 - Buddha Seeds","isPartOf":{"@id":"https:\/\/buddhaseedbank.com\/fr\/#website"},"primaryImageOfPage":{"@id":"https:\/\/buddhaseedbank.com\/fr\/producto\/buddha-dosi2-2\/#primaryimage"},"image":{"@id":"https:\/\/buddhaseedbank.com\/fr\/producto\/buddha-dosi2-2\/#primaryimage"},"thumbnailUrl":"https:\/\/buddhaseedbank.com\/wp-content\/uploads\/2021\/06\/245-Buddha-DoSi2.jpg","datePublished":"2021-06-07T13:31:26+00:00","dateModified":"2025-05-07T14:35:30+00:00","description":"Buddha Dosi2 est une graine f\u00e9minis\u00e9e am\u00e9ricaine \u00e0 l'effet euphorique, r\u00e9sistante, puissante et productive. Facile \u00e0 cultiver et tr\u00e8s r\u00e9sineuse.","breadcrumb":{"@id":"https:\/\/buddhaseedbank.com\/fr\/producto\/buddha-dosi2-2\/#breadcrumb"},"inLanguage":"fr-FR","potentialAction":[{"@type":"ReadAction","target":["https:\/\/buddhaseedbank.com\/fr\/producto\/buddha-dosi2-2\/"]}]},{"@type":"ImageObject","inLanguage":"fr-FR","@id":"https:\/\/buddhaseedbank.com\/fr\/producto\/buddha-dosi2-2\/#primaryimage","url":"https:\/\/buddhaseedbank.com\/wp-content\/uploads\/2021\/06\/245-Buddha-DoSi2.jpg","contentUrl":"https:\/\/buddhaseedbank.com\/wp-content\/uploads\/2021\/06\/245-Buddha-DoSi2.jpg","width":1080,"height":1080,"caption":"Bouddha DoSi2"},{"@type":"BreadcrumbList","@id":"https:\/\/buddhaseedbank.com\/fr\/producto\/buddha-dosi2-2\/#breadcrumb","itemListElement":[{"@type":"ListItem","position":1,"name":"Portada","item":"https:\/\/buddhaseedbank.com\/fr\/"},{"@type":"ListItem","position":2,"name":"Boutique","item":"https:\/\/buddhaseedbank.com\/fr\/boutique\/"},{"@type":"ListItem","position":3,"name":"Bouddha DoSi2"}]},{"@type":"WebSite","@id":"https:\/\/buddhaseedbank.com\/fr\/#website","url":"https:\/\/buddhaseedbank.com\/fr\/","name":"Buddha Seeds","description":"","publisher":{"@id":"https:\/\/buddhaseedbank.com\/fr\/#organization"},"potentialAction":[{"@type":"SearchAction","target":{"@type":"EntryPoint","urlTemplate":"https:\/\/buddhaseedbank.com\/fr\/?s={search_term_string}"},"query-input":{"@type":"PropertyValueSpecification","valueRequired":true,"valueName":"search_term_string"}}],"inLanguage":"fr-FR"},{"@type":"Organization","@id":"https:\/\/buddhaseedbank.com\/fr\/#organization","name":"Buddha Seeds","url":"https:\/\/buddhaseedbank.com\/fr\/","logo":{"@type":"ImageObject","inLanguage":"fr-FR","@id":"https:\/\/buddhaseedbank.com\/fr\/#\/schema\/logo\/image\/","url":"https:\/\/buddhaseedbank.com\/wp-content\/uploads\/2024\/04\/buddha-seeds-logo-1622448424-1.png","contentUrl":"https:\/\/buddhaseedbank.com\/wp-content\/uploads\/2024\/04\/buddha-seeds-logo-1622448424-1.png","width":478,"height":200,"caption":"Buddha Seeds"},"image":{"@id":"https:\/\/buddhaseedbank.com\/fr\/#\/schema\/logo\/image\/"}}]}},"_links":{"self":[{"href":"https:\/\/buddhaseedbank.com\/fr\/wp-json\/wp\/v2\/product\/4744","targetHints":{"allow":["GET"]}}],"collection":[{"href":"https:\/\/buddhaseedbank.com\/fr\/wp-json\/wp\/v2\/product"}],"about":[{"href":"https:\/\/buddhaseedbank.com\/fr\/wp-json\/wp\/v2\/types\/product"}],"wp:featuredmedia":[{"embeddable":true,"href":"https:\/\/buddhaseedbank.com\/fr\/wp-json\/wp\/v2\/media\/4716"}],"wp:attachment":[{"href":"https:\/\/buddhaseedbank.com\/fr\/wp-json\/wp\/v2\/media?parent=4744"}],"wp:term":[{"taxonomy":"product_brand","embeddable":true,"href":"https:\/\/buddhaseedbank.com\/fr\/wp-json\/wp\/v2\/product_brand?post=4744"},{"taxonomy":"product_cat","embeddable":true,"href":"https:\/\/buddhaseedbank.com\/fr\/wp-json\/wp\/v2\/product_cat?post=4744"},{"taxonomy":"product_tag","embeddable":true,"href":"https:\/\/buddhaseedbank.com\/fr\/wp-json\/wp\/v2\/product_tag?post=4744"}],"curies":[{"name":"wp","href":"https:\/\/api.w.org\/{rel}","templated":true}]}}