{"id":4779,"date":"2021-06-07T16:57:53","date_gmt":"2021-06-07T14:57:53","guid":{"rendered":"https:\/\/buddhaseedbank.com\/producto\/buddha-gelato-2\/"},"modified":"2024-06-04T12:33:40","modified_gmt":"2024-06-04T10:33:40","slug":"buddha-gelato-2","status":"publish","type":"product","link":"https:\/\/buddhaseedbank.com\/fr\/producto\/buddha-gelato-2\/","title":{"rendered":"Buddha Gelato"},"content":{"rendered":"<p style=\"text-align: justify;\">H\u00e9ritier de la lign\u00e9e des Cookies, Gelato jouit d&rsquo;une popularit\u00e9 in\u00e9gal\u00e9e sur la sc\u00e8ne actuelle. Salu\u00e9 dans les dispensaires nord-am\u00e9ricains pour ses excellentes saveurs et sa puissance exag\u00e9r\u00e9e, Buddha Gelato arrive maintenant pour secouer les sens du consommateur.<\/p>\n<p style=\"text-align: justify;\">Buddha Seeds a trouv\u00e9 les bons g\u00e8nes pour d\u00e9velopper un renouveau fascinant d&rsquo;une vari\u00e9t\u00e9 prim\u00e9e internationalement. Buddha Gelato ne fond pas, au contraire, c&rsquo;est un survivant n\u00e9 qui conserve la splendeur g\u00e9n\u00e9tique et multiplie le volume final des r\u00e9coltes originales.<\/p>\n<p style=\"text-align: justify;\">Les ar\u00f4mes et les saveurs de Buddha Gelato sont de la plus haute qualit\u00e9, principalement sucr\u00e9s, menthol\u00e9s, rafra\u00eechissants, fruit\u00e9s et avec des notes claires de noix telles que les noisettes en bouche. Un m\u00e9lange magique qui en fait le compagnon incontest\u00e9 de toutes les saisons.<\/p>\n<p style=\"text-align: justify;\">Dans la Buddha Gelato, les g\u00e8nes Indica pr\u00e9dominent, ce qui en fait une plante robuste, parfaite pour \u00eatre apprivois\u00e9e dans les espaces int\u00e9rieurs. Il n&rsquo;a pas besoin de grands espaces ext\u00e9rieurs. C&rsquo;est donc le partenaire id\u00e9al pour les petits jardins.<\/p>\n<p style=\"text-align: justify;\">Les niveaux \u00e9lev\u00e9s de THC que Buddha Gelato peut atteindre font qu&rsquo;il est conseill\u00e9 de le consommer avec mod\u00e9ration, car il peut assommer m\u00eame le consommateur le plus exp\u00e9riment\u00e9. Prenez le temps de d\u00e9guster cette glace de \u00ab\u00a0haut vol\u00a0\u00bb dans votre lieu de confort.<\/p>\n<p style=\"text-align: justify;\">L&rsquo;apparence de Buddha Gelato pendant la floraison est cosmique ; la quantit\u00e9 de trichomes qui la recouvrent simule un ciel \u00e9toil\u00e9. Une telle production de r\u00e9sine est in\u00e9vitable pour les extractions (s\u00e8ches\/glac\u00e9es).<\/p>\n<p style=\"text-align: justify;\">Les fleurs, \u00e0 l&rsquo;approche du moment optimal de maturation, pr\u00e9sentent diff\u00e9rentes nuances de vert avec des tons plus dor\u00e9s intercal\u00e9s par des pistils d&rsquo;un orange intense, une image inhabituelle qui restera grav\u00e9e dans votre m\u00e9moire. En bref, Buddha Gelato vous ouvre un nouvel horizon de sensations auxquelles vous ne voudrez plus renoncer.<\/p>\n<p><iframe title=\"BUDDHA GELATO. BUDDHA SEEDS\" width=\"800\" height=\"450\" src=\"https:\/\/www.youtube.com\/embed\/Ss_RWc76OYQ?feature=oembed\" frameborder=\"0\" allow=\"accelerometer; autoplay; clipboard-write; encrypted-media; gyroscope; picture-in-picture; web-share\" referrerpolicy=\"strict-origin-when-cross-origin\" allowfullscreen><\/iframe><\/p>\n","protected":false},"excerpt":{"rendered":"<p style=\"text-align: justify;\">L&rsquo;apparence de Buddha Gelato pendant la floraison est cosmique ; la quantit\u00e9 de trichomes qui la recouvrent simule un ciel \u00e9toil\u00e9. Une telle production de r\u00e9sine est in\u00e9vitable pour les extractions (s\u00e8ches\/glac\u00e9es).<\/p>\n<p style=\"text-align: justify;\">Les fleurs, \u00e0 l&rsquo;approche du moment optimal de maturation, pr\u00e9sentent diff\u00e9rentes nuances de vert avec des tons plus dor\u00e9s intercal\u00e9s par des pistils d&rsquo;un orange intense, une image inhabituelle qui restera grav\u00e9e dans votre m\u00e9moire. En bref, Buddha Gelato vous ouvre un nouvel horizon de sensations auxquelles vous ne voudrez plus renoncer.<\/p>\n<p style=\"text-align: justify;\">Les taux \u00e9lev\u00e9s de THC que Buddha Gelato peut atteindre font qu&rsquo;une consommation mod\u00e9r\u00e9e est conseill\u00e9e.<\/p>\n","protected":false},"featured_media":4751,"template":"","meta":{"_joinchat":[]},"product_brand":[],"product_cat":[657,111],"product_tag":[1394,1472,1427,1409,1479,1189,1520],"class_list":{"0":"post-4779","1":"product","2":"type-product","3":"status-publish","4":"has-post-thumbnail","6":"product_cat-usa-collection-strains-fr","7":"product_cat-varietes-buddha-seeds","8":"product_tag-cannabis-effet-puissant","9":"product_tag-cannabis-gout-sucre","10":"product_tag-cannabis-indica-fr","11":"product_tag-graines-marijuana-americaines","12":"product_tag-graines-photodependantes","13":"product_tag-souches-de-collection-usa","14":"product_tag-marijuana-productive","15":"pa_efecto-9f-apesardesumayorpredisposi-fr","16":"pa_fa-produccionenexteriorporpl-300_2000g-fr","17":"pa_genetica-indica-fr","18":"pa_mesdecosecha-be-segundamitaddeseptiembreh-fr","19":"pa_produccionm-400_550g-fr","20":"pa_semillas-10unidades-fr","21":"pa_semillas-3unidades-fr","22":"pa_semillas-50unidades-fr","23":"pa_sexo-feminizada-fr","24":"pa_tiempodefloracion-56_68dias-fr","25":"pa_tipo-photodependant-fr","27":"first","28":"instock","29":"taxable","30":"shipping-taxable","31":"purchasable","32":"product-type-variable"},"yoast_head":"<!-- This site is optimized with the Yoast SEO plugin v27.3 - https:\/\/yoast.com\/product\/yoast-seo-wordpress\/ -->\n<title>Buddha Gelato - Buddha Seeds<\/title>\n<meta name=\"robots\" content=\"index, follow, max-snippet:-1, max-image-preview:large, max-video-preview:-1\" \/>\n<link rel=\"canonical\" href=\"https:\/\/buddhaseedbank.com\/fr\/producto\/buddha-gelato-2\/\" \/>\n<meta property=\"og:locale\" content=\"fr_FR\" \/>\n<meta property=\"og:type\" content=\"article\" \/>\n<meta property=\"og:title\" content=\"Buddha Gelato - Buddha Seeds\" \/>\n<meta property=\"og:description\" content=\"L&#039;apparence de Buddha Gelato pendant la floraison est cosmique ; la quantit\u00e9 de trichomes qui la recouvrent simule un ciel \u00e9toil\u00e9. Une telle production de r\u00e9sine est in\u00e9vitable pour les extractions (s\u00e8ches\/glac\u00e9es). Les fleurs, \u00e0 l&#039;approche du moment optimal de maturation, pr\u00e9sentent diff\u00e9rentes nuances de vert avec des tons plus dor\u00e9s intercal\u00e9s par des pistils d&#039;un orange intense, une image inhabituelle qui restera grav\u00e9e dans votre m\u00e9moire. En bref, Buddha Gelato vous ouvre un nouvel horizon de sensations auxquelles vous ne voudrez plus renoncer. Les taux \u00e9lev\u00e9s de THC que Buddha Gelato peut atteindre font qu&#039;une consommation mod\u00e9r\u00e9e est conseill\u00e9e.\" \/>\n<meta property=\"og:url\" content=\"https:\/\/buddhaseedbank.com\/fr\/producto\/buddha-gelato-2\/\" \/>\n<meta property=\"og:site_name\" content=\"Buddha Seeds\" \/>\n<meta property=\"article:modified_time\" content=\"2024-06-04T10:33:40+00:00\" \/>\n<meta property=\"og:image\" content=\"https:\/\/buddhaseedbank.com\/wp-content\/uploads\/2021\/06\/248-Buddha-Gelato.jpg\" \/>\n\t<meta property=\"og:image:width\" content=\"1080\" \/>\n\t<meta property=\"og:image:height\" content=\"1080\" \/>\n\t<meta property=\"og:image:type\" content=\"image\/jpeg\" \/>\n<meta name=\"twitter:card\" content=\"summary_large_image\" \/>\n<meta name=\"twitter:label1\" content=\"Dur\u00e9e de lecture estim\u00e9e\" \/>\n\t<meta name=\"twitter:data1\" content=\"2 minutes\" \/>\n<script type=\"application\/ld+json\" class=\"yoast-schema-graph\">{\"@context\":\"https:\\\/\\\/schema.org\",\"@graph\":[{\"@type\":\"WebPage\",\"@id\":\"https:\\\/\\\/buddhaseedbank.com\\\/fr\\\/producto\\\/buddha-gelato-2\\\/\",\"url\":\"https:\\\/\\\/buddhaseedbank.com\\\/fr\\\/producto\\\/buddha-gelato-2\\\/\",\"name\":\"Buddha Gelato - Buddha Seeds\",\"isPartOf\":{\"@id\":\"https:\\\/\\\/buddhaseedbank.com\\\/fr\\\/#website\"},\"primaryImageOfPage\":{\"@id\":\"https:\\\/\\\/buddhaseedbank.com\\\/fr\\\/producto\\\/buddha-gelato-2\\\/#primaryimage\"},\"image\":{\"@id\":\"https:\\\/\\\/buddhaseedbank.com\\\/fr\\\/producto\\\/buddha-gelato-2\\\/#primaryimage\"},\"thumbnailUrl\":\"https:\\\/\\\/buddhaseedbank.com\\\/wp-content\\\/uploads\\\/2021\\\/06\\\/248-Buddha-Gelato.jpg\",\"datePublished\":\"2021-06-07T14:57:53+00:00\",\"dateModified\":\"2024-06-04T10:33:40+00:00\",\"breadcrumb\":{\"@id\":\"https:\\\/\\\/buddhaseedbank.com\\\/fr\\\/producto\\\/buddha-gelato-2\\\/#breadcrumb\"},\"inLanguage\":\"fr-FR\",\"potentialAction\":[{\"@type\":\"ReadAction\",\"target\":[\"https:\\\/\\\/buddhaseedbank.com\\\/fr\\\/producto\\\/buddha-gelato-2\\\/\"]}]},{\"@type\":\"ImageObject\",\"inLanguage\":\"fr-FR\",\"@id\":\"https:\\\/\\\/buddhaseedbank.com\\\/fr\\\/producto\\\/buddha-gelato-2\\\/#primaryimage\",\"url\":\"https:\\\/\\\/buddhaseedbank.com\\\/wp-content\\\/uploads\\\/2021\\\/06\\\/248-Buddha-Gelato.jpg\",\"contentUrl\":\"https:\\\/\\\/buddhaseedbank.com\\\/wp-content\\\/uploads\\\/2021\\\/06\\\/248-Buddha-Gelato.jpg\",\"width\":1080,\"height\":1080,\"caption\":\"Buddha Gelato\"},{\"@type\":\"BreadcrumbList\",\"@id\":\"https:\\\/\\\/buddhaseedbank.com\\\/fr\\\/producto\\\/buddha-gelato-2\\\/#breadcrumb\",\"itemListElement\":[{\"@type\":\"ListItem\",\"position\":1,\"name\":\"Portada\",\"item\":\"https:\\\/\\\/buddhaseedbank.com\\\/fr\\\/\"},{\"@type\":\"ListItem\",\"position\":2,\"name\":\"Boutique\",\"item\":\"https:\\\/\\\/buddhaseedbank.com\\\/fr\\\/boutique\\\/\"},{\"@type\":\"ListItem\",\"position\":3,\"name\":\"Buddha Gelato\"}]},{\"@type\":\"WebSite\",\"@id\":\"https:\\\/\\\/buddhaseedbank.com\\\/fr\\\/#website\",\"url\":\"https:\\\/\\\/buddhaseedbank.com\\\/fr\\\/\",\"name\":\"Buddha Seeds\",\"description\":\"\",\"publisher\":{\"@id\":\"https:\\\/\\\/buddhaseedbank.com\\\/fr\\\/#organization\"},\"potentialAction\":[{\"@type\":\"SearchAction\",\"target\":{\"@type\":\"EntryPoint\",\"urlTemplate\":\"https:\\\/\\\/buddhaseedbank.com\\\/fr\\\/?s={search_term_string}\"},\"query-input\":{\"@type\":\"PropertyValueSpecification\",\"valueRequired\":true,\"valueName\":\"search_term_string\"}}],\"inLanguage\":\"fr-FR\"},{\"@type\":\"Organization\",\"@id\":\"https:\\\/\\\/buddhaseedbank.com\\\/fr\\\/#organization\",\"name\":\"Buddha Seeds\",\"url\":\"https:\\\/\\\/buddhaseedbank.com\\\/fr\\\/\",\"logo\":{\"@type\":\"ImageObject\",\"inLanguage\":\"fr-FR\",\"@id\":\"https:\\\/\\\/buddhaseedbank.com\\\/fr\\\/#\\\/schema\\\/logo\\\/image\\\/\",\"url\":\"https:\\\/\\\/buddhaseedbank.com\\\/wp-content\\\/uploads\\\/2024\\\/04\\\/buddha-seeds-logo-1622448424-1.png\",\"contentUrl\":\"https:\\\/\\\/buddhaseedbank.com\\\/wp-content\\\/uploads\\\/2024\\\/04\\\/buddha-seeds-logo-1622448424-1.png\",\"width\":478,\"height\":200,\"caption\":\"Buddha Seeds\"},\"image\":{\"@id\":\"https:\\\/\\\/buddhaseedbank.com\\\/fr\\\/#\\\/schema\\\/logo\\\/image\\\/\"}}]}<\/script>\n<!-- \/ Yoast SEO plugin. -->","yoast_head_json":{"title":"Buddha Gelato - Buddha Seeds","robots":{"index":"index","follow":"follow","max-snippet":"max-snippet:-1","max-image-preview":"max-image-preview:large","max-video-preview":"max-video-preview:-1"},"canonical":"https:\/\/buddhaseedbank.com\/fr\/producto\/buddha-gelato-2\/","og_locale":"fr_FR","og_type":"article","og_title":"Buddha Gelato - Buddha Seeds","og_description":"L'apparence de Buddha Gelato pendant la floraison est cosmique ; la quantit\u00e9 de trichomes qui la recouvrent simule un ciel \u00e9toil\u00e9. Une telle production de r\u00e9sine est in\u00e9vitable pour les extractions (s\u00e8ches\/glac\u00e9es). Les fleurs, \u00e0 l'approche du moment optimal de maturation, pr\u00e9sentent diff\u00e9rentes nuances de vert avec des tons plus dor\u00e9s intercal\u00e9s par des pistils d'un orange intense, une image inhabituelle qui restera grav\u00e9e dans votre m\u00e9moire. En bref, Buddha Gelato vous ouvre un nouvel horizon de sensations auxquelles vous ne voudrez plus renoncer. Les taux \u00e9lev\u00e9s de THC que Buddha Gelato peut atteindre font qu'une consommation mod\u00e9r\u00e9e est conseill\u00e9e.","og_url":"https:\/\/buddhaseedbank.com\/fr\/producto\/buddha-gelato-2\/","og_site_name":"Buddha Seeds","article_modified_time":"2024-06-04T10:33:40+00:00","og_image":[{"width":1080,"height":1080,"url":"https:\/\/buddhaseedbank.com\/wp-content\/uploads\/2021\/06\/248-Buddha-Gelato.jpg","type":"image\/jpeg"}],"twitter_card":"summary_large_image","twitter_misc":{"Dur\u00e9e de lecture estim\u00e9e":"2 minutes"},"schema":{"@context":"https:\/\/schema.org","@graph":[{"@type":"WebPage","@id":"https:\/\/buddhaseedbank.com\/fr\/producto\/buddha-gelato-2\/","url":"https:\/\/buddhaseedbank.com\/fr\/producto\/buddha-gelato-2\/","name":"Buddha Gelato - Buddha Seeds","isPartOf":{"@id":"https:\/\/buddhaseedbank.com\/fr\/#website"},"primaryImageOfPage":{"@id":"https:\/\/buddhaseedbank.com\/fr\/producto\/buddha-gelato-2\/#primaryimage"},"image":{"@id":"https:\/\/buddhaseedbank.com\/fr\/producto\/buddha-gelato-2\/#primaryimage"},"thumbnailUrl":"https:\/\/buddhaseedbank.com\/wp-content\/uploads\/2021\/06\/248-Buddha-Gelato.jpg","datePublished":"2021-06-07T14:57:53+00:00","dateModified":"2024-06-04T10:33:40+00:00","breadcrumb":{"@id":"https:\/\/buddhaseedbank.com\/fr\/producto\/buddha-gelato-2\/#breadcrumb"},"inLanguage":"fr-FR","potentialAction":[{"@type":"ReadAction","target":["https:\/\/buddhaseedbank.com\/fr\/producto\/buddha-gelato-2\/"]}]},{"@type":"ImageObject","inLanguage":"fr-FR","@id":"https:\/\/buddhaseedbank.com\/fr\/producto\/buddha-gelato-2\/#primaryimage","url":"https:\/\/buddhaseedbank.com\/wp-content\/uploads\/2021\/06\/248-Buddha-Gelato.jpg","contentUrl":"https:\/\/buddhaseedbank.com\/wp-content\/uploads\/2021\/06\/248-Buddha-Gelato.jpg","width":1080,"height":1080,"caption":"Buddha Gelato"},{"@type":"BreadcrumbList","@id":"https:\/\/buddhaseedbank.com\/fr\/producto\/buddha-gelato-2\/#breadcrumb","itemListElement":[{"@type":"ListItem","position":1,"name":"Portada","item":"https:\/\/buddhaseedbank.com\/fr\/"},{"@type":"ListItem","position":2,"name":"Boutique","item":"https:\/\/buddhaseedbank.com\/fr\/boutique\/"},{"@type":"ListItem","position":3,"name":"Buddha Gelato"}]},{"@type":"WebSite","@id":"https:\/\/buddhaseedbank.com\/fr\/#website","url":"https:\/\/buddhaseedbank.com\/fr\/","name":"Buddha Seeds","description":"","publisher":{"@id":"https:\/\/buddhaseedbank.com\/fr\/#organization"},"potentialAction":[{"@type":"SearchAction","target":{"@type":"EntryPoint","urlTemplate":"https:\/\/buddhaseedbank.com\/fr\/?s={search_term_string}"},"query-input":{"@type":"PropertyValueSpecification","valueRequired":true,"valueName":"search_term_string"}}],"inLanguage":"fr-FR"},{"@type":"Organization","@id":"https:\/\/buddhaseedbank.com\/fr\/#organization","name":"Buddha Seeds","url":"https:\/\/buddhaseedbank.com\/fr\/","logo":{"@type":"ImageObject","inLanguage":"fr-FR","@id":"https:\/\/buddhaseedbank.com\/fr\/#\/schema\/logo\/image\/","url":"https:\/\/buddhaseedbank.com\/wp-content\/uploads\/2024\/04\/buddha-seeds-logo-1622448424-1.png","contentUrl":"https:\/\/buddhaseedbank.com\/wp-content\/uploads\/2024\/04\/buddha-seeds-logo-1622448424-1.png","width":478,"height":200,"caption":"Buddha Seeds"},"image":{"@id":"https:\/\/buddhaseedbank.com\/fr\/#\/schema\/logo\/image\/"}}]}},"_links":{"self":[{"href":"https:\/\/buddhaseedbank.com\/fr\/wp-json\/wp\/v2\/product\/4779","targetHints":{"allow":["GET"]}}],"collection":[{"href":"https:\/\/buddhaseedbank.com\/fr\/wp-json\/wp\/v2\/product"}],"about":[{"href":"https:\/\/buddhaseedbank.com\/fr\/wp-json\/wp\/v2\/types\/product"}],"wp:featuredmedia":[{"embeddable":true,"href":"https:\/\/buddhaseedbank.com\/fr\/wp-json\/wp\/v2\/media\/4751"}],"wp:attachment":[{"href":"https:\/\/buddhaseedbank.com\/fr\/wp-json\/wp\/v2\/media?parent=4779"}],"wp:term":[{"taxonomy":"product_brand","embeddable":true,"href":"https:\/\/buddhaseedbank.com\/fr\/wp-json\/wp\/v2\/product_brand?post=4779"},{"taxonomy":"product_cat","embeddable":true,"href":"https:\/\/buddhaseedbank.com\/fr\/wp-json\/wp\/v2\/product_cat?post=4779"},{"taxonomy":"product_tag","embeddable":true,"href":"https:\/\/buddhaseedbank.com\/fr\/wp-json\/wp\/v2\/product_tag?post=4779"}],"curies":[{"name":"wp","href":"https:\/\/api.w.org\/{rel}","templated":true}]}}