{"id":4814,"date":"2021-06-08T13:23:28","date_gmt":"2021-06-08T11:23:28","guid":{"rendered":"https:\/\/buddhaseedbank.com\/producto\/gorila-2\/"},"modified":"2025-05-10T01:30:33","modified_gmt":"2025-05-09T23:30:33","slug":"gorila-2","status":"publish","type":"product","link":"https:\/\/buddhaseedbank.com\/fr\/producto\/gorila-2\/","title":{"rendered":"Gorila"},"content":{"rendered":"<p style=\"text-align: justify;\">Si vous pensiez que rien ne pouvait vous assommer au premier tour, attendez d&rsquo;essayer Gorila, la propre version de Buddha Seeds de la c\u00e9l\u00e8bre Gorilla Glue am\u00e9ricaine, qui vient tout droit d\u00e9tr\u00f4ner les g\u00e9n\u00e9tiques les plus puissantes du march\u00e9. Pr\u00e9parez-vous \u00e0 monter en r\u00e9gime et \u00e0 ressentir la puissance de cette b\u00eate de cannabis.<\/p>\n<p style=\"text-align: justify;\">Chez Buddha Seeds, nous avons relev\u00e9 ce grand d\u00e9fi de d\u00e9velopper une vari\u00e9t\u00e9 d&rsquo;une puissance extr\u00eame et d&rsquo;offrir au consommateur une exp\u00e9rience du plus haut niveau. Nous savions que la t\u00e2che ne serait pas facile, mais nous pouvons dire que nous sommes tr\u00e8s satisfaits du r\u00e9sultat.<\/p>\n<p style=\"text-align: justify;\">Voici Gorila, une vari\u00e9t\u00e9 extr\u00eamement \u00ab\u00a0animale\u00a0\u00bb, tant au niveau de la production que de l&rsquo;effet. M\u00e9fiez-vous des coups de poing de cet \u00e9talon car il ne plaisante pas. Quelques bouff\u00e9es suffisent pour vous immobiliser sur le canap\u00e9. Sa teneur \u00e9lev\u00e9e en THC dans le plus pur style de la g\u00e9n\u00e9tique am\u00e9ricaine vous assommera d\u00e8s le premier \u00ab\u00a0round\u00a0\u00bb. Il n&rsquo;est donc pas \u00e9tonnant que cette vari\u00e9t\u00e9 devienne votre alli\u00e9e en cas de nuits blanches, de douleurs corporelles ou de journ\u00e9es stressantes.<\/p>\n<p style=\"text-align: justify;\">Et si son effet est puissant, ses rendements le sont aussi. Attendez de voir comment vos mains restent coll\u00e9es aux \u00e9normes bourgeons en raison de l&rsquo;\u00e9norme quantit\u00e9 de trichomes qu&rsquo;ils g\u00e9n\u00e8rent. Gorilla est une r\u00e9sine pure qui recouvre votre plante d&rsquo;une couche blanche brillante.<\/p>\n<p style=\"text-align: justify;\">Sa culture demande tr\u00e8s peu de soins par rapport au volume de sa r\u00e9colte. Il s&rsquo;agit d&rsquo;un \u00e9talon de productivit\u00e9. Nous n&rsquo;irons pas jusqu&rsquo;\u00e0 dire que les performances de Gorila sont tr\u00e8s \u00e9lev\u00e9es ; c&rsquo;est un v\u00e9ritable destructeur d&rsquo;\u00e9chelle, tant \u00e0 l&rsquo;int\u00e9rieur qu&rsquo;\u00e0 l&rsquo;ext\u00e9rieur. Il s&rsquo;agit toutefois d&rsquo;une vari\u00e9t\u00e9 affam\u00e9e qui a besoin de beaucoup de nourriture.<\/p>\n<p style=\"text-align: justify;\">D&rsquo;autres avantages sont la r\u00e9sistance aux maladies, aux climats froids et une grande tol\u00e9rance aux techniques de taille et de culture.<\/p>\n<p style=\"text-align: justify;\">En termes de saveur, Gorila est riche en terp\u00e8nes et son ar\u00f4me est m\u00eal\u00e9 \u00e0 des notes d&rsquo;agrumes et de pin. Le tout est envelopp\u00e9 de notes terreuses tr\u00e8s caract\u00e9ristiques des lign\u00e9es am\u00e9ricaines. Certains ph\u00e9notypes d\u00e9veloppent des notes de chocolat qui font que leur fum\u00e9e dense se marie parfaitement avec les autres nuances.<\/p>\n<p style=\"text-align: justify;\">Dans ces conditions, nous ne pouvons que vous demander de r\u00e9server une place dans votre prochaine r\u00e9colte \u00e0 cette friandise et \u00e0 cet animal du cannabis.<\/p>\n<p><a href=\"https:\/\/youtu.be\/esOFjAJ6Qo4?feature=shared\" target=\"_blank\" rel=\"noopener noreferrer nofollow\">YOUTUBE \u25ba<\/a><\/p>\n","protected":false},"excerpt":{"rendered":"<p style=\"text-align: justify;\">Gorila de Buddha Seeds est une vari\u00e9t\u00e9 extr\u00eamement \u00ab\u00a0animale\u00a0\u00bb, tant au niveau de la production que de l&rsquo;effet. M\u00e9fiez-vous des coups de poing de cet \u00e9talon car il ne plaisante pas. Quelques bouff\u00e9es suffisent pour vous immobiliser sur le canap\u00e9. Sa teneur \u00e9lev\u00e9e en THC dans le plus pur style de la g\u00e9n\u00e9tique am\u00e9ricaine vous assommera d\u00e8s le premier \u00ab\u00a0round\u00a0\u00bb.<\/p>\n<p style=\"text-align: justify;\">Et si son effet est puissant, ses rendements le sont aussi. Attendez de voir comment vos mains restent coll\u00e9es aux \u00e9normes bourgeons en raison de l&rsquo;\u00e9norme quantit\u00e9 de trichomes qu&rsquo;ils g\u00e9n\u00e8rent. Gorilla est une r\u00e9sine pure qui recouvre votre plante d&rsquo;une couche blanche brillante.<\/p>\n<p style=\"text-align: justify;\">Sa culture demande tr\u00e8s peu de soins par rapport au volume de sa r\u00e9colte. Il s&rsquo;agit d&rsquo;un \u00e9talon de productivit\u00e9.<\/p>\n","protected":false},"featured_media":4786,"template":"","meta":{"_joinchat":[]},"product_brand":[],"product_cat":[657,111],"product_tag":[1394,1427,1454,1409,1479,1189,1520],"class_list":{"0":"post-4814","1":"product","2":"type-product","3":"status-publish","4":"has-post-thumbnail","6":"product_cat-usa-collection-strains-fr","7":"product_cat-varietes-buddha-seeds","8":"product_tag-cannabis-effet-puissant","9":"product_tag-cannabis-indica-fr","10":"product_tag-cannabis-resistant-aux-parasites","11":"product_tag-graines-marijuana-americaines","12":"product_tag-graines-photodependantes","13":"product_tag-souches-de-collection-usa","14":"product_tag-marijuana-productive","15":"pa_efecto-ca-potenteytotalmenterelajan-fr","16":"pa_fa-produccionenexteriorporpl-700_2000g-fr","17":"pa_genetica-indica-fr","18":"pa_mesdecosecha-be-segundamitaddeseptiembreh-fr","19":"pa_produccionm-450_700g-fr","20":"pa_semillas-10unidades-fr","21":"pa_semillas-3unidades-fr","22":"pa_semillas-50unidades-fr","23":"pa_sexo-feminizada-fr","24":"pa_tiempodefloracion-55_65dias-fr","25":"pa_tipo-photodependant-fr","27":"first","28":"instock","29":"taxable","30":"shipping-taxable","31":"purchasable","32":"product-type-variable"},"yoast_head":"<!-- This site is optimized with the Yoast SEO plugin v27.3 - https:\/\/yoast.com\/product\/yoast-seo-wordpress\/ -->\n<title>Gorilla - Buddha Seeds<\/title>\n<meta name=\"robots\" content=\"index, follow, max-snippet:-1, max-image-preview:large, max-video-preview:-1\" \/>\n<link rel=\"canonical\" href=\"https:\/\/buddhaseedbank.com\/fr\/producto\/gorila-2\/\" \/>\n<meta property=\"og:locale\" content=\"fr_FR\" \/>\n<meta property=\"og:type\" content=\"article\" \/>\n<meta property=\"og:title\" content=\"Gorilla - Buddha Seeds\" \/>\n<meta property=\"og:description\" content=\"Gorila de Buddha Seeds est une vari\u00e9t\u00e9 extr\u00eamement &quot;animale&quot;, tant au niveau de la production que de l&#039;effet. M\u00e9fiez-vous des coups de poing de cet \u00e9talon car il ne plaisante pas. Quelques bouff\u00e9es suffisent pour vous immobiliser sur le canap\u00e9. Sa teneur \u00e9lev\u00e9e en THC dans le plus pur style de la g\u00e9n\u00e9tique am\u00e9ricaine vous assommera d\u00e8s le premier &quot;round&quot;. Et si son effet est puissant, ses rendements le sont aussi. Attendez de voir comment vos mains restent coll\u00e9es aux \u00e9normes bourgeons en raison de l&#039;\u00e9norme quantit\u00e9 de trichomes qu&#039;ils g\u00e9n\u00e8rent. Gorilla est une r\u00e9sine pure qui recouvre votre plante d&#039;une couche blanche brillante. Sa culture demande tr\u00e8s peu de soins par rapport au volume de sa r\u00e9colte. Il s&#039;agit d&#039;un \u00e9talon de productivit\u00e9.\" \/>\n<meta property=\"og:url\" content=\"https:\/\/buddhaseedbank.com\/fr\/producto\/gorila-2\/\" \/>\n<meta property=\"og:site_name\" content=\"Buddha Seeds\" \/>\n<meta property=\"article:modified_time\" content=\"2025-05-09T23:30:33+00:00\" \/>\n<meta property=\"og:image\" content=\"https:\/\/buddhaseedbank.com\/wp-content\/uploads\/2021\/06\/263-Gorila.jpg\" \/>\n\t<meta property=\"og:image:width\" content=\"1080\" \/>\n\t<meta property=\"og:image:height\" content=\"1080\" \/>\n\t<meta property=\"og:image:type\" content=\"image\/jpeg\" \/>\n<meta name=\"twitter:card\" content=\"summary_large_image\" \/>\n<meta name=\"twitter:label1\" content=\"Dur\u00e9e de lecture estim\u00e9e\" \/>\n\t<meta name=\"twitter:data1\" content=\"2 minutes\" \/>\n<script type=\"application\/ld+json\" class=\"yoast-schema-graph\">{\"@context\":\"https:\\\/\\\/schema.org\",\"@graph\":[{\"@type\":\"WebPage\",\"@id\":\"https:\\\/\\\/buddhaseedbank.com\\\/fr\\\/producto\\\/gorila-2\\\/\",\"url\":\"https:\\\/\\\/buddhaseedbank.com\\\/fr\\\/producto\\\/gorila-2\\\/\",\"name\":\"Gorilla - Buddha Seeds\",\"isPartOf\":{\"@id\":\"https:\\\/\\\/buddhaseedbank.com\\\/fr\\\/#website\"},\"primaryImageOfPage\":{\"@id\":\"https:\\\/\\\/buddhaseedbank.com\\\/fr\\\/producto\\\/gorila-2\\\/#primaryimage\"},\"image\":{\"@id\":\"https:\\\/\\\/buddhaseedbank.com\\\/fr\\\/producto\\\/gorila-2\\\/#primaryimage\"},\"thumbnailUrl\":\"https:\\\/\\\/buddhaseedbank.com\\\/wp-content\\\/uploads\\\/2021\\\/06\\\/263-Gorila.jpg\",\"datePublished\":\"2021-06-08T11:23:28+00:00\",\"dateModified\":\"2025-05-09T23:30:33+00:00\",\"breadcrumb\":{\"@id\":\"https:\\\/\\\/buddhaseedbank.com\\\/fr\\\/producto\\\/gorila-2\\\/#breadcrumb\"},\"inLanguage\":\"fr-FR\",\"potentialAction\":[{\"@type\":\"ReadAction\",\"target\":[\"https:\\\/\\\/buddhaseedbank.com\\\/fr\\\/producto\\\/gorila-2\\\/\"]}]},{\"@type\":\"ImageObject\",\"inLanguage\":\"fr-FR\",\"@id\":\"https:\\\/\\\/buddhaseedbank.com\\\/fr\\\/producto\\\/gorila-2\\\/#primaryimage\",\"url\":\"https:\\\/\\\/buddhaseedbank.com\\\/wp-content\\\/uploads\\\/2021\\\/06\\\/263-Gorila.jpg\",\"contentUrl\":\"https:\\\/\\\/buddhaseedbank.com\\\/wp-content\\\/uploads\\\/2021\\\/06\\\/263-Gorila.jpg\",\"width\":1080,\"height\":1080,\"caption\":\"Gorille\"},{\"@type\":\"BreadcrumbList\",\"@id\":\"https:\\\/\\\/buddhaseedbank.com\\\/fr\\\/producto\\\/gorila-2\\\/#breadcrumb\",\"itemListElement\":[{\"@type\":\"ListItem\",\"position\":1,\"name\":\"Portada\",\"item\":\"https:\\\/\\\/buddhaseedbank.com\\\/fr\\\/\"},{\"@type\":\"ListItem\",\"position\":2,\"name\":\"Boutique\",\"item\":\"https:\\\/\\\/buddhaseedbank.com\\\/fr\\\/boutique\\\/\"},{\"@type\":\"ListItem\",\"position\":3,\"name\":\"Gorila\"}]},{\"@type\":\"WebSite\",\"@id\":\"https:\\\/\\\/buddhaseedbank.com\\\/fr\\\/#website\",\"url\":\"https:\\\/\\\/buddhaseedbank.com\\\/fr\\\/\",\"name\":\"Buddha Seeds\",\"description\":\"\",\"publisher\":{\"@id\":\"https:\\\/\\\/buddhaseedbank.com\\\/fr\\\/#organization\"},\"potentialAction\":[{\"@type\":\"SearchAction\",\"target\":{\"@type\":\"EntryPoint\",\"urlTemplate\":\"https:\\\/\\\/buddhaseedbank.com\\\/fr\\\/?s={search_term_string}\"},\"query-input\":{\"@type\":\"PropertyValueSpecification\",\"valueRequired\":true,\"valueName\":\"search_term_string\"}}],\"inLanguage\":\"fr-FR\"},{\"@type\":\"Organization\",\"@id\":\"https:\\\/\\\/buddhaseedbank.com\\\/fr\\\/#organization\",\"name\":\"Buddha Seeds\",\"url\":\"https:\\\/\\\/buddhaseedbank.com\\\/fr\\\/\",\"logo\":{\"@type\":\"ImageObject\",\"inLanguage\":\"fr-FR\",\"@id\":\"https:\\\/\\\/buddhaseedbank.com\\\/fr\\\/#\\\/schema\\\/logo\\\/image\\\/\",\"url\":\"https:\\\/\\\/buddhaseedbank.com\\\/wp-content\\\/uploads\\\/2024\\\/04\\\/buddha-seeds-logo-1622448424-1.png\",\"contentUrl\":\"https:\\\/\\\/buddhaseedbank.com\\\/wp-content\\\/uploads\\\/2024\\\/04\\\/buddha-seeds-logo-1622448424-1.png\",\"width\":478,\"height\":200,\"caption\":\"Buddha Seeds\"},\"image\":{\"@id\":\"https:\\\/\\\/buddhaseedbank.com\\\/fr\\\/#\\\/schema\\\/logo\\\/image\\\/\"}}]}<\/script>\n<!-- \/ Yoast SEO plugin. -->","yoast_head_json":{"title":"Gorilla - Buddha Seeds","robots":{"index":"index","follow":"follow","max-snippet":"max-snippet:-1","max-image-preview":"max-image-preview:large","max-video-preview":"max-video-preview:-1"},"canonical":"https:\/\/buddhaseedbank.com\/fr\/producto\/gorila-2\/","og_locale":"fr_FR","og_type":"article","og_title":"Gorilla - Buddha Seeds","og_description":"Gorila de Buddha Seeds est une vari\u00e9t\u00e9 extr\u00eamement \"animale\", tant au niveau de la production que de l'effet. M\u00e9fiez-vous des coups de poing de cet \u00e9talon car il ne plaisante pas. Quelques bouff\u00e9es suffisent pour vous immobiliser sur le canap\u00e9. Sa teneur \u00e9lev\u00e9e en THC dans le plus pur style de la g\u00e9n\u00e9tique am\u00e9ricaine vous assommera d\u00e8s le premier \"round\". Et si son effet est puissant, ses rendements le sont aussi. Attendez de voir comment vos mains restent coll\u00e9es aux \u00e9normes bourgeons en raison de l'\u00e9norme quantit\u00e9 de trichomes qu'ils g\u00e9n\u00e8rent. Gorilla est une r\u00e9sine pure qui recouvre votre plante d'une couche blanche brillante. Sa culture demande tr\u00e8s peu de soins par rapport au volume de sa r\u00e9colte. Il s'agit d'un \u00e9talon de productivit\u00e9.","og_url":"https:\/\/buddhaseedbank.com\/fr\/producto\/gorila-2\/","og_site_name":"Buddha Seeds","article_modified_time":"2025-05-09T23:30:33+00:00","og_image":[{"width":1080,"height":1080,"url":"https:\/\/buddhaseedbank.com\/wp-content\/uploads\/2021\/06\/263-Gorila.jpg","type":"image\/jpeg"}],"twitter_card":"summary_large_image","twitter_misc":{"Dur\u00e9e de lecture estim\u00e9e":"2 minutes"},"schema":{"@context":"https:\/\/schema.org","@graph":[{"@type":"WebPage","@id":"https:\/\/buddhaseedbank.com\/fr\/producto\/gorila-2\/","url":"https:\/\/buddhaseedbank.com\/fr\/producto\/gorila-2\/","name":"Gorilla - Buddha Seeds","isPartOf":{"@id":"https:\/\/buddhaseedbank.com\/fr\/#website"},"primaryImageOfPage":{"@id":"https:\/\/buddhaseedbank.com\/fr\/producto\/gorila-2\/#primaryimage"},"image":{"@id":"https:\/\/buddhaseedbank.com\/fr\/producto\/gorila-2\/#primaryimage"},"thumbnailUrl":"https:\/\/buddhaseedbank.com\/wp-content\/uploads\/2021\/06\/263-Gorila.jpg","datePublished":"2021-06-08T11:23:28+00:00","dateModified":"2025-05-09T23:30:33+00:00","breadcrumb":{"@id":"https:\/\/buddhaseedbank.com\/fr\/producto\/gorila-2\/#breadcrumb"},"inLanguage":"fr-FR","potentialAction":[{"@type":"ReadAction","target":["https:\/\/buddhaseedbank.com\/fr\/producto\/gorila-2\/"]}]},{"@type":"ImageObject","inLanguage":"fr-FR","@id":"https:\/\/buddhaseedbank.com\/fr\/producto\/gorila-2\/#primaryimage","url":"https:\/\/buddhaseedbank.com\/wp-content\/uploads\/2021\/06\/263-Gorila.jpg","contentUrl":"https:\/\/buddhaseedbank.com\/wp-content\/uploads\/2021\/06\/263-Gorila.jpg","width":1080,"height":1080,"caption":"Gorille"},{"@type":"BreadcrumbList","@id":"https:\/\/buddhaseedbank.com\/fr\/producto\/gorila-2\/#breadcrumb","itemListElement":[{"@type":"ListItem","position":1,"name":"Portada","item":"https:\/\/buddhaseedbank.com\/fr\/"},{"@type":"ListItem","position":2,"name":"Boutique","item":"https:\/\/buddhaseedbank.com\/fr\/boutique\/"},{"@type":"ListItem","position":3,"name":"Gorila"}]},{"@type":"WebSite","@id":"https:\/\/buddhaseedbank.com\/fr\/#website","url":"https:\/\/buddhaseedbank.com\/fr\/","name":"Buddha Seeds","description":"","publisher":{"@id":"https:\/\/buddhaseedbank.com\/fr\/#organization"},"potentialAction":[{"@type":"SearchAction","target":{"@type":"EntryPoint","urlTemplate":"https:\/\/buddhaseedbank.com\/fr\/?s={search_term_string}"},"query-input":{"@type":"PropertyValueSpecification","valueRequired":true,"valueName":"search_term_string"}}],"inLanguage":"fr-FR"},{"@type":"Organization","@id":"https:\/\/buddhaseedbank.com\/fr\/#organization","name":"Buddha Seeds","url":"https:\/\/buddhaseedbank.com\/fr\/","logo":{"@type":"ImageObject","inLanguage":"fr-FR","@id":"https:\/\/buddhaseedbank.com\/fr\/#\/schema\/logo\/image\/","url":"https:\/\/buddhaseedbank.com\/wp-content\/uploads\/2024\/04\/buddha-seeds-logo-1622448424-1.png","contentUrl":"https:\/\/buddhaseedbank.com\/wp-content\/uploads\/2024\/04\/buddha-seeds-logo-1622448424-1.png","width":478,"height":200,"caption":"Buddha Seeds"},"image":{"@id":"https:\/\/buddhaseedbank.com\/fr\/#\/schema\/logo\/image\/"}}]}},"_links":{"self":[{"href":"https:\/\/buddhaseedbank.com\/fr\/wp-json\/wp\/v2\/product\/4814","targetHints":{"allow":["GET"]}}],"collection":[{"href":"https:\/\/buddhaseedbank.com\/fr\/wp-json\/wp\/v2\/product"}],"about":[{"href":"https:\/\/buddhaseedbank.com\/fr\/wp-json\/wp\/v2\/types\/product"}],"wp:featuredmedia":[{"embeddable":true,"href":"https:\/\/buddhaseedbank.com\/fr\/wp-json\/wp\/v2\/media\/4786"}],"wp:attachment":[{"href":"https:\/\/buddhaseedbank.com\/fr\/wp-json\/wp\/v2\/media?parent=4814"}],"wp:term":[{"taxonomy":"product_brand","embeddable":true,"href":"https:\/\/buddhaseedbank.com\/fr\/wp-json\/wp\/v2\/product_brand?post=4814"},{"taxonomy":"product_cat","embeddable":true,"href":"https:\/\/buddhaseedbank.com\/fr\/wp-json\/wp\/v2\/product_cat?post=4814"},{"taxonomy":"product_tag","embeddable":true,"href":"https:\/\/buddhaseedbank.com\/fr\/wp-json\/wp\/v2\/product_tag?post=4814"}],"curies":[{"name":"wp","href":"https:\/\/api.w.org\/{rel}","templated":true}]}}