{"id":4914,"date":"2021-06-08T15:16:27","date_gmt":"2021-06-08T13:16:27","guid":{"rendered":"https:\/\/buddhaseedbank.com\/producto\/buddha-wedding-cheesecake-2\/"},"modified":"2024-09-04T15:41:29","modified_gmt":"2024-09-04T13:41:29","slug":"buddha-wedding-cheesecake-2","status":"publish","type":"product","link":"https:\/\/buddhaseedbank.com\/fr\/producto\/buddha-wedding-cheesecake-2\/","title":{"rendered":"Buddha Wedding Cheesecake"},"content":{"rendered":"<p style=\"text-align: justify;\">L&rsquo;authentique boulangerie am\u00e9ricaine se trouve chez Buddha Seeds. Nous avons au menu le meilleur g\u00e2teau au fromage que vous ayez jamais go\u00fbt\u00e9. Chez Buddha Seeds, nous avons am\u00e9lior\u00e9 la recette originale en y ajoutant notre secret maison pour rendre le g\u00e2teau au fromage de mariage Buddha inoubliable \u00e0 chaque bouff\u00e9e.<\/p>\n<p style=\"text-align: justify;\">Le Buddha Wedding Cheesecake est capable d&rsquo;arr\u00eater le temps pendant la d\u00e9gustation, l&rsquo;int\u00e9gration des saveurs \u00e9tant vraiment passionnante. La note pr\u00e9dominante de fromage cr\u00e9meux avec un m\u00e9lange de fruits sucr\u00e9s inonde le palais d&rsquo;une myriade de sensations.<\/p>\n<p style=\"text-align: justify;\">Les ar\u00f4mes sont intenses et franchement captivants, ce qui ouvre imm\u00e9diatement l&rsquo;app\u00e9tit, surtout pour les gourmands et les passionn\u00e9s d&rsquo;ar\u00f4mes sucr\u00e9s. Buddha Seeds a conserv\u00e9 la recette am\u00e9ricaine originale, mais y a ajout\u00e9 un \u00e9l\u00e9ment sp\u00e9cial pour d\u00e9velopper ce bonbon \u00e0 fort impact et rendre encore plus justice \u00e0 Cheese.<\/p>\n<p style=\"text-align: justify;\">La digestion du Buddha Wedding Cheesecake est parfaite pour les consommateurs r\u00e9guliers en raison de sa forte concentration en THC. L&rsquo;effet est puissant : il commence par un bien-\u00eatre corporel et \u00e9volue progressivement vers une sensation plus c\u00e9r\u00e9brale. Cette vari\u00e9t\u00e9 est id\u00e9ale pour faire le plein d&rsquo;\u00e9nergie et d&rsquo;inspiration.<\/p>\n<p style=\"text-align: justify;\">Buddha Wedding Cheesecake se distingue dans la floraison par deux aspects : la rapidit\u00e9 et la quantit\u00e9. Elle produit des fleurs volumineuses en seulement deux mois, recouvertes d&rsquo;une \u00e9paisse couche de r\u00e9sine qui favorise la rentabilit\u00e9 de tout type d&rsquo;extraction.<\/p>\n<p style=\"text-align: justify;\">Le Buddha Wedding Cheesecake est le dessert qu&rsquo;un palais exigeant pr\u00e9f\u00e9rera toujours.<\/p>\n<p><iframe title=\"Buddha Weeding Cheesecake\" width=\"800\" height=\"450\" src=\"https:\/\/www.youtube.com\/embed\/TnyQaH8d-_c?feature=oembed&#038;enablejsapi=1&#038;origin=https:\/\/buddhaseedbank.com\" frameborder=\"0\" allow=\"accelerometer; autoplay; clipboard-write; encrypted-media; gyroscope; picture-in-picture; web-share\" referrerpolicy=\"strict-origin-when-cross-origin\" allowfullscreen><\/iframe><\/p>\n","protected":false},"excerpt":{"rendered":"<p style=\"text-align: justify;\">Les ar\u00f4mes sont intenses et franchement captivants, ce qui ouvre imm\u00e9diatement l&rsquo;app\u00e9tit, surtout pour les gourmands et les passionn\u00e9s d&rsquo;ar\u00f4mes sucr\u00e9s. Buddha Seeds a conserv\u00e9 la recette am\u00e9ricaine originale, mais y a ajout\u00e9 un \u00e9l\u00e9ment sp\u00e9cial pour d\u00e9velopper ce bonbon \u00e0 fort impact et rendre encore plus justice \u00e0 Cheese.<\/p>\n<p style=\"text-align: justify;\">La digestion du Buddha Wedding Cheesecake est parfaite pour les consommateurs r\u00e9guliers en raison de sa forte concentration en THC. L&rsquo;effet est puissant, commen\u00e7ant par un high corporel et \u00e9voluant progressivement vers une sensation plus c\u00e9r\u00e9brale. Cette vari\u00e9t\u00e9 est id\u00e9ale pour faire le plein d&rsquo;\u00e9nergie et d&rsquo;inspiration.<\/p>\n","protected":false},"featured_media":4891,"template":"","meta":{"_joinchat":[]},"product_brand":[],"product_cat":[657,111],"product_tag":[1394,1427,1409,1479,1189,1520],"class_list":{"0":"post-4914","1":"product","2":"type-product","3":"status-publish","4":"has-post-thumbnail","6":"product_cat-usa-collection-strains-fr","7":"product_cat-varietes-buddha-seeds","8":"product_tag-cannabis-effet-puissant","9":"product_tag-cannabis-indica-fr","10":"product_tag-graines-marijuana-americaines","11":"product_tag-graines-photodependantes","12":"product_tag-souches-de-collection-usa","13":"product_tag-marijuana-productive","14":"pa_efecto-26-primeroempiezaconunbienes-fr","15":"pa_fa-produccionenexteriorporpl-700_2000g-fr","16":"pa_genetica-indica-fr","17":"pa_mesdecosecha-be-segundamitaddeseptiembreh-fr","18":"pa_produccionm-450_650g-fr","19":"pa_semillas-10unidades-fr","20":"pa_semillas-3unidades-fr","21":"pa_semillas-50unidades-fr","22":"pa_sexo-feminizada-fr","23":"pa_tiempodefloracion-52_65dias-fr","24":"pa_tipo-photodependant-fr","26":"first","27":"instock","28":"taxable","29":"shipping-taxable","30":"purchasable","31":"product-type-variable"},"yoast_head":"<!-- This site is optimized with the Yoast SEO plugin v27.3 - https:\/\/yoast.com\/product\/yoast-seo-wordpress\/ -->\n<title>G\u00e2teau au fromage pour le mariage de Buddha - Buddha Seeds<\/title>\n<meta name=\"robots\" content=\"index, follow, max-snippet:-1, max-image-preview:large, max-video-preview:-1\" \/>\n<link rel=\"canonical\" href=\"https:\/\/buddhaseedbank.com\/fr\/producto\/buddha-wedding-cheesecake-2\/\" \/>\n<meta property=\"og:locale\" content=\"fr_FR\" \/>\n<meta property=\"og:type\" content=\"article\" \/>\n<meta property=\"og:title\" content=\"G\u00e2teau au fromage pour le mariage de Buddha - Buddha Seeds\" \/>\n<meta property=\"og:description\" content=\"Les ar\u00f4mes sont intenses et franchement captivants, ce qui ouvre imm\u00e9diatement l&#039;app\u00e9tit, surtout pour les gourmands et les passionn\u00e9s d&#039;ar\u00f4mes sucr\u00e9s. Buddha Seeds a conserv\u00e9 la recette am\u00e9ricaine originale, mais y a ajout\u00e9 un \u00e9l\u00e9ment sp\u00e9cial pour d\u00e9velopper ce bonbon \u00e0 fort impact et rendre encore plus justice \u00e0 Cheese. La digestion du Buddha Wedding Cheesecake est parfaite pour les consommateurs r\u00e9guliers en raison de sa forte concentration en THC. L&#039;effet est puissant, commen\u00e7ant par un high corporel et \u00e9voluant progressivement vers une sensation plus c\u00e9r\u00e9brale. Cette vari\u00e9t\u00e9 est id\u00e9ale pour faire le plein d&#039;\u00e9nergie et d&#039;inspiration.\" \/>\n<meta property=\"og:url\" content=\"https:\/\/buddhaseedbank.com\/fr\/producto\/buddha-wedding-cheesecake-2\/\" \/>\n<meta property=\"og:site_name\" content=\"Buddha Seeds\" \/>\n<meta property=\"article:modified_time\" content=\"2024-09-04T13:41:29+00:00\" \/>\n<meta property=\"og:image\" content=\"https:\/\/buddhaseedbank.com\/wp-content\/uploads\/2021\/06\/274-Buddha-Wedding-Cheesecake.jpg\" \/>\n\t<meta property=\"og:image:width\" content=\"1080\" \/>\n\t<meta property=\"og:image:height\" content=\"1080\" \/>\n\t<meta property=\"og:image:type\" content=\"image\/jpeg\" \/>\n<meta name=\"twitter:card\" content=\"summary_large_image\" \/>\n<meta name=\"twitter:label1\" content=\"Dur\u00e9e de lecture estim\u00e9e\" \/>\n\t<meta name=\"twitter:data1\" content=\"2 minutes\" \/>\n<script type=\"application\/ld+json\" class=\"yoast-schema-graph\">{\"@context\":\"https:\\\/\\\/schema.org\",\"@graph\":[{\"@type\":\"WebPage\",\"@id\":\"https:\\\/\\\/buddhaseedbank.com\\\/fr\\\/producto\\\/buddha-wedding-cheesecake-2\\\/\",\"url\":\"https:\\\/\\\/buddhaseedbank.com\\\/fr\\\/producto\\\/buddha-wedding-cheesecake-2\\\/\",\"name\":\"G\u00e2teau au fromage pour le mariage de Buddha - Buddha Seeds\",\"isPartOf\":{\"@id\":\"https:\\\/\\\/buddhaseedbank.com\\\/fr\\\/#website\"},\"primaryImageOfPage\":{\"@id\":\"https:\\\/\\\/buddhaseedbank.com\\\/fr\\\/producto\\\/buddha-wedding-cheesecake-2\\\/#primaryimage\"},\"image\":{\"@id\":\"https:\\\/\\\/buddhaseedbank.com\\\/fr\\\/producto\\\/buddha-wedding-cheesecake-2\\\/#primaryimage\"},\"thumbnailUrl\":\"https:\\\/\\\/buddhaseedbank.com\\\/wp-content\\\/uploads\\\/2021\\\/06\\\/274-Buddha-Wedding-Cheesecake.jpg\",\"datePublished\":\"2021-06-08T13:16:27+00:00\",\"dateModified\":\"2024-09-04T13:41:29+00:00\",\"breadcrumb\":{\"@id\":\"https:\\\/\\\/buddhaseedbank.com\\\/fr\\\/producto\\\/buddha-wedding-cheesecake-2\\\/#breadcrumb\"},\"inLanguage\":\"fr-FR\",\"potentialAction\":[{\"@type\":\"ReadAction\",\"target\":[\"https:\\\/\\\/buddhaseedbank.com\\\/fr\\\/producto\\\/buddha-wedding-cheesecake-2\\\/\"]}]},{\"@type\":\"ImageObject\",\"inLanguage\":\"fr-FR\",\"@id\":\"https:\\\/\\\/buddhaseedbank.com\\\/fr\\\/producto\\\/buddha-wedding-cheesecake-2\\\/#primaryimage\",\"url\":\"https:\\\/\\\/buddhaseedbank.com\\\/wp-content\\\/uploads\\\/2021\\\/06\\\/274-Buddha-Wedding-Cheesecake.jpg\",\"contentUrl\":\"https:\\\/\\\/buddhaseedbank.com\\\/wp-content\\\/uploads\\\/2021\\\/06\\\/274-Buddha-Wedding-Cheesecake.jpg\",\"width\":1080,\"height\":1080,\"caption\":\"G\u00e2teau au fromage pour le mariage de Bouddha\"},{\"@type\":\"BreadcrumbList\",\"@id\":\"https:\\\/\\\/buddhaseedbank.com\\\/fr\\\/producto\\\/buddha-wedding-cheesecake-2\\\/#breadcrumb\",\"itemListElement\":[{\"@type\":\"ListItem\",\"position\":1,\"name\":\"Portada\",\"item\":\"https:\\\/\\\/buddhaseedbank.com\\\/fr\\\/\"},{\"@type\":\"ListItem\",\"position\":2,\"name\":\"Boutique\",\"item\":\"https:\\\/\\\/buddhaseedbank.com\\\/fr\\\/boutique\\\/\"},{\"@type\":\"ListItem\",\"position\":3,\"name\":\"Buddha Wedding Cheesecake\"}]},{\"@type\":\"WebSite\",\"@id\":\"https:\\\/\\\/buddhaseedbank.com\\\/fr\\\/#website\",\"url\":\"https:\\\/\\\/buddhaseedbank.com\\\/fr\\\/\",\"name\":\"Buddha Seeds\",\"description\":\"\",\"publisher\":{\"@id\":\"https:\\\/\\\/buddhaseedbank.com\\\/fr\\\/#organization\"},\"potentialAction\":[{\"@type\":\"SearchAction\",\"target\":{\"@type\":\"EntryPoint\",\"urlTemplate\":\"https:\\\/\\\/buddhaseedbank.com\\\/fr\\\/?s={search_term_string}\"},\"query-input\":{\"@type\":\"PropertyValueSpecification\",\"valueRequired\":true,\"valueName\":\"search_term_string\"}}],\"inLanguage\":\"fr-FR\"},{\"@type\":\"Organization\",\"@id\":\"https:\\\/\\\/buddhaseedbank.com\\\/fr\\\/#organization\",\"name\":\"Buddha Seeds\",\"url\":\"https:\\\/\\\/buddhaseedbank.com\\\/fr\\\/\",\"logo\":{\"@type\":\"ImageObject\",\"inLanguage\":\"fr-FR\",\"@id\":\"https:\\\/\\\/buddhaseedbank.com\\\/fr\\\/#\\\/schema\\\/logo\\\/image\\\/\",\"url\":\"https:\\\/\\\/buddhaseedbank.com\\\/wp-content\\\/uploads\\\/2024\\\/04\\\/buddha-seeds-logo-1622448424-1.png\",\"contentUrl\":\"https:\\\/\\\/buddhaseedbank.com\\\/wp-content\\\/uploads\\\/2024\\\/04\\\/buddha-seeds-logo-1622448424-1.png\",\"width\":478,\"height\":200,\"caption\":\"Buddha Seeds\"},\"image\":{\"@id\":\"https:\\\/\\\/buddhaseedbank.com\\\/fr\\\/#\\\/schema\\\/logo\\\/image\\\/\"}}]}<\/script>\n<!-- \/ Yoast SEO plugin. -->","yoast_head_json":{"title":"G\u00e2teau au fromage pour le mariage de Buddha - Buddha Seeds","robots":{"index":"index","follow":"follow","max-snippet":"max-snippet:-1","max-image-preview":"max-image-preview:large","max-video-preview":"max-video-preview:-1"},"canonical":"https:\/\/buddhaseedbank.com\/fr\/producto\/buddha-wedding-cheesecake-2\/","og_locale":"fr_FR","og_type":"article","og_title":"G\u00e2teau au fromage pour le mariage de Buddha - Buddha Seeds","og_description":"Les ar\u00f4mes sont intenses et franchement captivants, ce qui ouvre imm\u00e9diatement l'app\u00e9tit, surtout pour les gourmands et les passionn\u00e9s d'ar\u00f4mes sucr\u00e9s. Buddha Seeds a conserv\u00e9 la recette am\u00e9ricaine originale, mais y a ajout\u00e9 un \u00e9l\u00e9ment sp\u00e9cial pour d\u00e9velopper ce bonbon \u00e0 fort impact et rendre encore plus justice \u00e0 Cheese. La digestion du Buddha Wedding Cheesecake est parfaite pour les consommateurs r\u00e9guliers en raison de sa forte concentration en THC. L'effet est puissant, commen\u00e7ant par un high corporel et \u00e9voluant progressivement vers une sensation plus c\u00e9r\u00e9brale. Cette vari\u00e9t\u00e9 est id\u00e9ale pour faire le plein d'\u00e9nergie et d'inspiration.","og_url":"https:\/\/buddhaseedbank.com\/fr\/producto\/buddha-wedding-cheesecake-2\/","og_site_name":"Buddha Seeds","article_modified_time":"2024-09-04T13:41:29+00:00","og_image":[{"width":1080,"height":1080,"url":"https:\/\/buddhaseedbank.com\/wp-content\/uploads\/2021\/06\/274-Buddha-Wedding-Cheesecake.jpg","type":"image\/jpeg"}],"twitter_card":"summary_large_image","twitter_misc":{"Dur\u00e9e de lecture estim\u00e9e":"2 minutes"},"schema":{"@context":"https:\/\/schema.org","@graph":[{"@type":"WebPage","@id":"https:\/\/buddhaseedbank.com\/fr\/producto\/buddha-wedding-cheesecake-2\/","url":"https:\/\/buddhaseedbank.com\/fr\/producto\/buddha-wedding-cheesecake-2\/","name":"G\u00e2teau au fromage pour le mariage de Buddha - Buddha Seeds","isPartOf":{"@id":"https:\/\/buddhaseedbank.com\/fr\/#website"},"primaryImageOfPage":{"@id":"https:\/\/buddhaseedbank.com\/fr\/producto\/buddha-wedding-cheesecake-2\/#primaryimage"},"image":{"@id":"https:\/\/buddhaseedbank.com\/fr\/producto\/buddha-wedding-cheesecake-2\/#primaryimage"},"thumbnailUrl":"https:\/\/buddhaseedbank.com\/wp-content\/uploads\/2021\/06\/274-Buddha-Wedding-Cheesecake.jpg","datePublished":"2021-06-08T13:16:27+00:00","dateModified":"2024-09-04T13:41:29+00:00","breadcrumb":{"@id":"https:\/\/buddhaseedbank.com\/fr\/producto\/buddha-wedding-cheesecake-2\/#breadcrumb"},"inLanguage":"fr-FR","potentialAction":[{"@type":"ReadAction","target":["https:\/\/buddhaseedbank.com\/fr\/producto\/buddha-wedding-cheesecake-2\/"]}]},{"@type":"ImageObject","inLanguage":"fr-FR","@id":"https:\/\/buddhaseedbank.com\/fr\/producto\/buddha-wedding-cheesecake-2\/#primaryimage","url":"https:\/\/buddhaseedbank.com\/wp-content\/uploads\/2021\/06\/274-Buddha-Wedding-Cheesecake.jpg","contentUrl":"https:\/\/buddhaseedbank.com\/wp-content\/uploads\/2021\/06\/274-Buddha-Wedding-Cheesecake.jpg","width":1080,"height":1080,"caption":"G\u00e2teau au fromage pour le mariage de Bouddha"},{"@type":"BreadcrumbList","@id":"https:\/\/buddhaseedbank.com\/fr\/producto\/buddha-wedding-cheesecake-2\/#breadcrumb","itemListElement":[{"@type":"ListItem","position":1,"name":"Portada","item":"https:\/\/buddhaseedbank.com\/fr\/"},{"@type":"ListItem","position":2,"name":"Boutique","item":"https:\/\/buddhaseedbank.com\/fr\/boutique\/"},{"@type":"ListItem","position":3,"name":"Buddha Wedding Cheesecake"}]},{"@type":"WebSite","@id":"https:\/\/buddhaseedbank.com\/fr\/#website","url":"https:\/\/buddhaseedbank.com\/fr\/","name":"Buddha Seeds","description":"","publisher":{"@id":"https:\/\/buddhaseedbank.com\/fr\/#organization"},"potentialAction":[{"@type":"SearchAction","target":{"@type":"EntryPoint","urlTemplate":"https:\/\/buddhaseedbank.com\/fr\/?s={search_term_string}"},"query-input":{"@type":"PropertyValueSpecification","valueRequired":true,"valueName":"search_term_string"}}],"inLanguage":"fr-FR"},{"@type":"Organization","@id":"https:\/\/buddhaseedbank.com\/fr\/#organization","name":"Buddha Seeds","url":"https:\/\/buddhaseedbank.com\/fr\/","logo":{"@type":"ImageObject","inLanguage":"fr-FR","@id":"https:\/\/buddhaseedbank.com\/fr\/#\/schema\/logo\/image\/","url":"https:\/\/buddhaseedbank.com\/wp-content\/uploads\/2024\/04\/buddha-seeds-logo-1622448424-1.png","contentUrl":"https:\/\/buddhaseedbank.com\/wp-content\/uploads\/2024\/04\/buddha-seeds-logo-1622448424-1.png","width":478,"height":200,"caption":"Buddha Seeds"},"image":{"@id":"https:\/\/buddhaseedbank.com\/fr\/#\/schema\/logo\/image\/"}}]}},"_links":{"self":[{"href":"https:\/\/buddhaseedbank.com\/fr\/wp-json\/wp\/v2\/product\/4914","targetHints":{"allow":["GET"]}}],"collection":[{"href":"https:\/\/buddhaseedbank.com\/fr\/wp-json\/wp\/v2\/product"}],"about":[{"href":"https:\/\/buddhaseedbank.com\/fr\/wp-json\/wp\/v2\/types\/product"}],"wp:featuredmedia":[{"embeddable":true,"href":"https:\/\/buddhaseedbank.com\/fr\/wp-json\/wp\/v2\/media\/4891"}],"wp:attachment":[{"href":"https:\/\/buddhaseedbank.com\/fr\/wp-json\/wp\/v2\/media?parent=4914"}],"wp:term":[{"taxonomy":"product_brand","embeddable":true,"href":"https:\/\/buddhaseedbank.com\/fr\/wp-json\/wp\/v2\/product_brand?post=4914"},{"taxonomy":"product_cat","embeddable":true,"href":"https:\/\/buddhaseedbank.com\/fr\/wp-json\/wp\/v2\/product_cat?post=4914"},{"taxonomy":"product_tag","embeddable":true,"href":"https:\/\/buddhaseedbank.com\/fr\/wp-json\/wp\/v2\/product_tag?post=4914"}],"curies":[{"name":"wp","href":"https:\/\/api.w.org\/{rel}","templated":true}]}}