{"id":4944,"date":"2021-06-08T15:31:54","date_gmt":"2021-06-08T13:31:54","guid":{"rendered":"https:\/\/buddhaseedbank.com\/producto\/buddha-auto-zkitt-2\/"},"modified":"2024-06-04T12:33:41","modified_gmt":"2024-06-04T10:33:41","slug":"buddha-auto-zkitt-2","status":"publish","type":"product","link":"https:\/\/buddhaseedbank.com\/fr\/producto\/buddha-auto-zkitt-2\/","title":{"rendered":"Buddha Auto Zkitt"},"content":{"rendered":"<p style=\"text-align: justify;\">Pour les gourmands et les amateurs de g\u00e9n\u00e9tique sucr\u00e9e, Buddha Auto Zkitt vient impr\u00e9gner vos bouff\u00e9es d&rsquo;un arc-en-ciel de saveurs fruit\u00e9es. Ce n&rsquo;est donc pas une co\u00efncidence si cette vari\u00e9t\u00e9 indica est un clin d&rsquo;\u0153il au c\u00e9l\u00e8bre bonbon am\u00e9ricain Skittles. Chez Buddha Seeds, nous avons entrepris de r\u00e9volutionner vos papilles gustatives afin de rendre votre exp\u00e9rience aussi agr\u00e9able que possible. Parce qu&rsquo;on ne peut pas \u00eatre amer avec un bonbon.<\/p>\n<p style=\"text-align: justify;\">Avec Buddha Auto Zkitt, nous avons encore am\u00e9lior\u00e9 la richesse des nuances de cette g\u00e9n\u00e9tique am\u00e9ricaine populaire. Des notes de baies, de mangue et de pamplemousse se distinguent. Un d\u00e9lice savoureux \u00e0 d\u00e9guster \u00e0 tout moment de la journ\u00e9e. Mais comme pour toutes les sucreries, il est pr\u00e9f\u00e9rable de ne pas en abuser car son effet commence par un coup de fouet rapide et se termine par une sensation corporelle relaxante. Contrairement \u00e0 un high indica, Buddha Auto Zkitt vous conduit \u00e0 un \u00e9tat de s\u00e9r\u00e9nit\u00e9 et de bonheur absolu dans lequel vous pouvez rester, si \u00e0 l&rsquo;aise, pendant quelques heures.<\/p>\n<p style=\"text-align: justify;\">Quant \u00e0 sa morphologie, ce bonbon de cannabis est discret en hauteur, id\u00e9al pour les cultures SOG en int\u00e9rieur. Elle vous surprendra par ses multiples bourgeons serr\u00e9s et r\u00e9sineux avec un fort ar\u00f4me de bonbon. L&rsquo;int\u00e9rieur sera le plus proche d&rsquo;un magasin de bonbons ! Toutefois, nous recommandons une p\u00e9riode de maturation minimale d&rsquo;un mois afin que vous puissiez appr\u00e9cier au mieux cet arc-en-ciel de saveurs. Imaginez donc les saveurs qui vous attendent si vous prolongez le temps de conservation.<\/p>\n<p style=\"text-align: justify;\">Buddha Auto Zkitt ne n\u00e9cessite pas d&rsquo;entretien excessif, ce qui le rend adapt\u00e9 aux d\u00e9butants comme aux professionnels. Cette vari\u00e9t\u00e9 est tr\u00e8s r\u00e9sistante et pour obtenir les meilleurs rendements et maximiser les r\u00e9sultats, nous recommandons l&rsquo;utilisation de techniques culturales. Vous le remarquerez dans votre r\u00e9colte avec un rendement int\u00e9rieur approximatif entre 450-500g \/ m2.<\/p>\n<p style=\"text-align: justify;\">En revanche, il ne faut pas n\u00e9gliger son alimentation, car cette plante est un peu gourmande, surtout en sucres.<\/p>\n<p style=\"text-align: justify;\">Buddha Auto Zkitt deviendra un v\u00e9ritable plaisir pour vous de vivre vos moments les plus doux tous les jours.<\/p>\n<p style=\"text-align: justify;\"><a style=\"background-color: #ff0000; color: #ffffff;\" href=\"https:\/\/youtu.be\/DnHie0dwNNU\" target=\"_blank\" rel=\"noreferrer noopener nofollow\">YOUTUBE \u25ba<\/a><\/p>\n","protected":false},"excerpt":{"rendered":"<p style=\"text-align: justify;\">Avec Buddha Auto Zkitt, nous avons encore am\u00e9lior\u00e9 la richesse des nuances de cette g\u00e9n\u00e9tique am\u00e9ricaine populaire. Des notes de baies, de mangue et de pamplemousse se distinguent. Un d\u00e9lice savoureux \u00e0 d\u00e9guster \u00e0 tout moment de la journ\u00e9e.<\/p>\n<p style=\"text-align: justify;\">Cette vari\u00e9t\u00e9 ne n\u00e9cessite pas de soins excessifs, ce qui la rend adapt\u00e9e aux d\u00e9butants comme aux professionnels. Buddha Auto Zkitt est tr\u00e8s rustique et pour en tirer le meilleur parti et maximiser les r\u00e9sultats, nous vous recommandons d&rsquo;utiliser des techniques de culture.<\/p>\n<p style=\"text-align: justify;\">En revanche, il ne faut pas n\u00e9gliger son alimentation, car cette plante est un peu gourmande, surtout en sucres.<\/p>\n<p style=\"text-align: justify;\">Buddha Auto Zkitt deviendra un v\u00e9ritable plaisir pour vous de vivre vos moments les plus doux tous les jours.<\/p>\n","protected":false},"featured_media":4921,"template":"","meta":{"_joinchat":[]},"product_brand":[],"product_cat":[657,111],"product_tag":[1382,1472,1427,1406,1409,1435,1189],"class_list":{"0":"post-4944","1":"product","2":"type-product","3":"status-publish","4":"has-post-thumbnail","6":"product_cat-usa-collection-strains-fr","7":"product_cat-varietes-buddha-seeds","8":"product_tag-autofloraison-interieur","9":"product_tag-cannabis-gout-sucre","10":"product_tag-cannabis-indica-fr","11":"product_tag-graines-autofloraison","12":"product_tag-graines-marijuana-americaines","13":"product_tag-plantes-productives-floraison-automatique","14":"product_tag-souches-de-collection-usa","15":"pa_8d-tiempodecultivocrecimient-70dias-fr","16":"pa_efecto-ea-serenidadyfelicidadabsolu-fr","17":"pa_fa-produccionenexteriorporpl-70_350g-fr","18":"pa_genetica-indica-fr","19":"pa_produccionm-450_550g-fr","20":"pa_semillas-10unidades-fr","21":"pa_semillas-3unidades-fr","22":"pa_semillas-50unidades-fr","23":"pa_sexo-feminizada-fr","24":"pa_tipo-autofloraison-fr","26":"first","27":"instock","28":"taxable","29":"shipping-taxable","30":"purchasable","31":"product-type-variable"},"yoast_head":"<!-- This site is optimized with the Yoast SEO plugin v27.3 - https:\/\/yoast.com\/product\/yoast-seo-wordpress\/ -->\n<title>Buddha Auto Zkitt - Buddha Seeds<\/title>\n<meta name=\"robots\" content=\"index, follow, max-snippet:-1, max-image-preview:large, max-video-preview:-1\" \/>\n<link rel=\"canonical\" href=\"https:\/\/buddhaseedbank.com\/fr\/producto\/buddha-auto-zkitt-2\/\" \/>\n<meta property=\"og:locale\" content=\"fr_FR\" \/>\n<meta property=\"og:type\" content=\"article\" \/>\n<meta property=\"og:title\" content=\"Buddha Auto Zkitt - Buddha Seeds\" \/>\n<meta property=\"og:description\" content=\"Avec Buddha Auto Zkitt, nous avons encore am\u00e9lior\u00e9 la richesse des nuances de cette g\u00e9n\u00e9tique am\u00e9ricaine populaire. Des notes de baies, de mangue et de pamplemousse se distinguent. Un d\u00e9lice savoureux \u00e0 d\u00e9guster \u00e0 tout moment de la journ\u00e9e. Cette vari\u00e9t\u00e9 ne n\u00e9cessite pas de soins excessifs, ce qui la rend adapt\u00e9e aux d\u00e9butants comme aux professionnels. Buddha Auto Zkitt est tr\u00e8s rustique et pour en tirer le meilleur parti et maximiser les r\u00e9sultats, nous vous recommandons d&#039;utiliser des techniques de culture. En revanche, il ne faut pas n\u00e9gliger son alimentation, car cette plante est un peu gourmande, surtout en sucres. Buddha Auto Zkitt deviendra un v\u00e9ritable plaisir pour vous de vivre vos moments les plus doux tous les jours.\" \/>\n<meta property=\"og:url\" content=\"https:\/\/buddhaseedbank.com\/fr\/producto\/buddha-auto-zkitt-2\/\" \/>\n<meta property=\"og:site_name\" content=\"Buddha Seeds\" \/>\n<meta property=\"article:modified_time\" content=\"2024-06-04T10:33:41+00:00\" \/>\n<meta property=\"og:image\" content=\"https:\/\/buddhaseedbank.com\/wp-content\/uploads\/2021\/06\/277-Buddha-Auto-Zkitt.jpg\" \/>\n\t<meta property=\"og:image:width\" content=\"1080\" \/>\n\t<meta property=\"og:image:height\" content=\"1080\" \/>\n\t<meta property=\"og:image:type\" content=\"image\/jpeg\" \/>\n<meta name=\"twitter:card\" content=\"summary_large_image\" \/>\n<meta name=\"twitter:label1\" content=\"Dur\u00e9e de lecture estim\u00e9e\" \/>\n\t<meta name=\"twitter:data1\" content=\"2 minutes\" \/>\n<script type=\"application\/ld+json\" class=\"yoast-schema-graph\">{\"@context\":\"https:\\\/\\\/schema.org\",\"@graph\":[{\"@type\":\"WebPage\",\"@id\":\"https:\\\/\\\/buddhaseedbank.com\\\/fr\\\/producto\\\/buddha-auto-zkitt-2\\\/\",\"url\":\"https:\\\/\\\/buddhaseedbank.com\\\/fr\\\/producto\\\/buddha-auto-zkitt-2\\\/\",\"name\":\"Buddha Auto Zkitt - Buddha Seeds\",\"isPartOf\":{\"@id\":\"https:\\\/\\\/buddhaseedbank.com\\\/fr\\\/#website\"},\"primaryImageOfPage\":{\"@id\":\"https:\\\/\\\/buddhaseedbank.com\\\/fr\\\/producto\\\/buddha-auto-zkitt-2\\\/#primaryimage\"},\"image\":{\"@id\":\"https:\\\/\\\/buddhaseedbank.com\\\/fr\\\/producto\\\/buddha-auto-zkitt-2\\\/#primaryimage\"},\"thumbnailUrl\":\"https:\\\/\\\/buddhaseedbank.com\\\/wp-content\\\/uploads\\\/2021\\\/06\\\/277-Buddha-Auto-Zkitt.jpg\",\"datePublished\":\"2021-06-08T13:31:54+00:00\",\"dateModified\":\"2024-06-04T10:33:41+00:00\",\"breadcrumb\":{\"@id\":\"https:\\\/\\\/buddhaseedbank.com\\\/fr\\\/producto\\\/buddha-auto-zkitt-2\\\/#breadcrumb\"},\"inLanguage\":\"fr-FR\",\"potentialAction\":[{\"@type\":\"ReadAction\",\"target\":[\"https:\\\/\\\/buddhaseedbank.com\\\/fr\\\/producto\\\/buddha-auto-zkitt-2\\\/\"]}]},{\"@type\":\"ImageObject\",\"inLanguage\":\"fr-FR\",\"@id\":\"https:\\\/\\\/buddhaseedbank.com\\\/fr\\\/producto\\\/buddha-auto-zkitt-2\\\/#primaryimage\",\"url\":\"https:\\\/\\\/buddhaseedbank.com\\\/wp-content\\\/uploads\\\/2021\\\/06\\\/277-Buddha-Auto-Zkitt.jpg\",\"contentUrl\":\"https:\\\/\\\/buddhaseedbank.com\\\/wp-content\\\/uploads\\\/2021\\\/06\\\/277-Buddha-Auto-Zkitt.jpg\",\"width\":1080,\"height\":1080,\"caption\":\"Buddha Auto Zkitt\"},{\"@type\":\"BreadcrumbList\",\"@id\":\"https:\\\/\\\/buddhaseedbank.com\\\/fr\\\/producto\\\/buddha-auto-zkitt-2\\\/#breadcrumb\",\"itemListElement\":[{\"@type\":\"ListItem\",\"position\":1,\"name\":\"Portada\",\"item\":\"https:\\\/\\\/buddhaseedbank.com\\\/fr\\\/\"},{\"@type\":\"ListItem\",\"position\":2,\"name\":\"Boutique\",\"item\":\"https:\\\/\\\/buddhaseedbank.com\\\/fr\\\/boutique\\\/\"},{\"@type\":\"ListItem\",\"position\":3,\"name\":\"Buddha Auto Zkitt\"}]},{\"@type\":\"WebSite\",\"@id\":\"https:\\\/\\\/buddhaseedbank.com\\\/fr\\\/#website\",\"url\":\"https:\\\/\\\/buddhaseedbank.com\\\/fr\\\/\",\"name\":\"Buddha Seeds\",\"description\":\"\",\"publisher\":{\"@id\":\"https:\\\/\\\/buddhaseedbank.com\\\/fr\\\/#organization\"},\"potentialAction\":[{\"@type\":\"SearchAction\",\"target\":{\"@type\":\"EntryPoint\",\"urlTemplate\":\"https:\\\/\\\/buddhaseedbank.com\\\/fr\\\/?s={search_term_string}\"},\"query-input\":{\"@type\":\"PropertyValueSpecification\",\"valueRequired\":true,\"valueName\":\"search_term_string\"}}],\"inLanguage\":\"fr-FR\"},{\"@type\":\"Organization\",\"@id\":\"https:\\\/\\\/buddhaseedbank.com\\\/fr\\\/#organization\",\"name\":\"Buddha Seeds\",\"url\":\"https:\\\/\\\/buddhaseedbank.com\\\/fr\\\/\",\"logo\":{\"@type\":\"ImageObject\",\"inLanguage\":\"fr-FR\",\"@id\":\"https:\\\/\\\/buddhaseedbank.com\\\/fr\\\/#\\\/schema\\\/logo\\\/image\\\/\",\"url\":\"https:\\\/\\\/buddhaseedbank.com\\\/wp-content\\\/uploads\\\/2024\\\/04\\\/buddha-seeds-logo-1622448424-1.png\",\"contentUrl\":\"https:\\\/\\\/buddhaseedbank.com\\\/wp-content\\\/uploads\\\/2024\\\/04\\\/buddha-seeds-logo-1622448424-1.png\",\"width\":478,\"height\":200,\"caption\":\"Buddha Seeds\"},\"image\":{\"@id\":\"https:\\\/\\\/buddhaseedbank.com\\\/fr\\\/#\\\/schema\\\/logo\\\/image\\\/\"}}]}<\/script>\n<!-- \/ Yoast SEO plugin. -->","yoast_head_json":{"title":"Buddha Auto Zkitt - Buddha Seeds","robots":{"index":"index","follow":"follow","max-snippet":"max-snippet:-1","max-image-preview":"max-image-preview:large","max-video-preview":"max-video-preview:-1"},"canonical":"https:\/\/buddhaseedbank.com\/fr\/producto\/buddha-auto-zkitt-2\/","og_locale":"fr_FR","og_type":"article","og_title":"Buddha Auto Zkitt - Buddha Seeds","og_description":"Avec Buddha Auto Zkitt, nous avons encore am\u00e9lior\u00e9 la richesse des nuances de cette g\u00e9n\u00e9tique am\u00e9ricaine populaire. Des notes de baies, de mangue et de pamplemousse se distinguent. Un d\u00e9lice savoureux \u00e0 d\u00e9guster \u00e0 tout moment de la journ\u00e9e. Cette vari\u00e9t\u00e9 ne n\u00e9cessite pas de soins excessifs, ce qui la rend adapt\u00e9e aux d\u00e9butants comme aux professionnels. Buddha Auto Zkitt est tr\u00e8s rustique et pour en tirer le meilleur parti et maximiser les r\u00e9sultats, nous vous recommandons d'utiliser des techniques de culture. En revanche, il ne faut pas n\u00e9gliger son alimentation, car cette plante est un peu gourmande, surtout en sucres. Buddha Auto Zkitt deviendra un v\u00e9ritable plaisir pour vous de vivre vos moments les plus doux tous les jours.","og_url":"https:\/\/buddhaseedbank.com\/fr\/producto\/buddha-auto-zkitt-2\/","og_site_name":"Buddha Seeds","article_modified_time":"2024-06-04T10:33:41+00:00","og_image":[{"width":1080,"height":1080,"url":"https:\/\/buddhaseedbank.com\/wp-content\/uploads\/2021\/06\/277-Buddha-Auto-Zkitt.jpg","type":"image\/jpeg"}],"twitter_card":"summary_large_image","twitter_misc":{"Dur\u00e9e de lecture estim\u00e9e":"2 minutes"},"schema":{"@context":"https:\/\/schema.org","@graph":[{"@type":"WebPage","@id":"https:\/\/buddhaseedbank.com\/fr\/producto\/buddha-auto-zkitt-2\/","url":"https:\/\/buddhaseedbank.com\/fr\/producto\/buddha-auto-zkitt-2\/","name":"Buddha Auto Zkitt - Buddha Seeds","isPartOf":{"@id":"https:\/\/buddhaseedbank.com\/fr\/#website"},"primaryImageOfPage":{"@id":"https:\/\/buddhaseedbank.com\/fr\/producto\/buddha-auto-zkitt-2\/#primaryimage"},"image":{"@id":"https:\/\/buddhaseedbank.com\/fr\/producto\/buddha-auto-zkitt-2\/#primaryimage"},"thumbnailUrl":"https:\/\/buddhaseedbank.com\/wp-content\/uploads\/2021\/06\/277-Buddha-Auto-Zkitt.jpg","datePublished":"2021-06-08T13:31:54+00:00","dateModified":"2024-06-04T10:33:41+00:00","breadcrumb":{"@id":"https:\/\/buddhaseedbank.com\/fr\/producto\/buddha-auto-zkitt-2\/#breadcrumb"},"inLanguage":"fr-FR","potentialAction":[{"@type":"ReadAction","target":["https:\/\/buddhaseedbank.com\/fr\/producto\/buddha-auto-zkitt-2\/"]}]},{"@type":"ImageObject","inLanguage":"fr-FR","@id":"https:\/\/buddhaseedbank.com\/fr\/producto\/buddha-auto-zkitt-2\/#primaryimage","url":"https:\/\/buddhaseedbank.com\/wp-content\/uploads\/2021\/06\/277-Buddha-Auto-Zkitt.jpg","contentUrl":"https:\/\/buddhaseedbank.com\/wp-content\/uploads\/2021\/06\/277-Buddha-Auto-Zkitt.jpg","width":1080,"height":1080,"caption":"Buddha Auto Zkitt"},{"@type":"BreadcrumbList","@id":"https:\/\/buddhaseedbank.com\/fr\/producto\/buddha-auto-zkitt-2\/#breadcrumb","itemListElement":[{"@type":"ListItem","position":1,"name":"Portada","item":"https:\/\/buddhaseedbank.com\/fr\/"},{"@type":"ListItem","position":2,"name":"Boutique","item":"https:\/\/buddhaseedbank.com\/fr\/boutique\/"},{"@type":"ListItem","position":3,"name":"Buddha Auto Zkitt"}]},{"@type":"WebSite","@id":"https:\/\/buddhaseedbank.com\/fr\/#website","url":"https:\/\/buddhaseedbank.com\/fr\/","name":"Buddha Seeds","description":"","publisher":{"@id":"https:\/\/buddhaseedbank.com\/fr\/#organization"},"potentialAction":[{"@type":"SearchAction","target":{"@type":"EntryPoint","urlTemplate":"https:\/\/buddhaseedbank.com\/fr\/?s={search_term_string}"},"query-input":{"@type":"PropertyValueSpecification","valueRequired":true,"valueName":"search_term_string"}}],"inLanguage":"fr-FR"},{"@type":"Organization","@id":"https:\/\/buddhaseedbank.com\/fr\/#organization","name":"Buddha Seeds","url":"https:\/\/buddhaseedbank.com\/fr\/","logo":{"@type":"ImageObject","inLanguage":"fr-FR","@id":"https:\/\/buddhaseedbank.com\/fr\/#\/schema\/logo\/image\/","url":"https:\/\/buddhaseedbank.com\/wp-content\/uploads\/2024\/04\/buddha-seeds-logo-1622448424-1.png","contentUrl":"https:\/\/buddhaseedbank.com\/wp-content\/uploads\/2024\/04\/buddha-seeds-logo-1622448424-1.png","width":478,"height":200,"caption":"Buddha Seeds"},"image":{"@id":"https:\/\/buddhaseedbank.com\/fr\/#\/schema\/logo\/image\/"}}]}},"_links":{"self":[{"href":"https:\/\/buddhaseedbank.com\/fr\/wp-json\/wp\/v2\/product\/4944","targetHints":{"allow":["GET"]}}],"collection":[{"href":"https:\/\/buddhaseedbank.com\/fr\/wp-json\/wp\/v2\/product"}],"about":[{"href":"https:\/\/buddhaseedbank.com\/fr\/wp-json\/wp\/v2\/types\/product"}],"wp:featuredmedia":[{"embeddable":true,"href":"https:\/\/buddhaseedbank.com\/fr\/wp-json\/wp\/v2\/media\/4921"}],"wp:attachment":[{"href":"https:\/\/buddhaseedbank.com\/fr\/wp-json\/wp\/v2\/media?parent=4944"}],"wp:term":[{"taxonomy":"product_brand","embeddable":true,"href":"https:\/\/buddhaseedbank.com\/fr\/wp-json\/wp\/v2\/product_brand?post=4944"},{"taxonomy":"product_cat","embeddable":true,"href":"https:\/\/buddhaseedbank.com\/fr\/wp-json\/wp\/v2\/product_cat?post=4944"},{"taxonomy":"product_tag","embeddable":true,"href":"https:\/\/buddhaseedbank.com\/fr\/wp-json\/wp\/v2\/product_tag?post=4944"}],"curies":[{"name":"wp","href":"https:\/\/api.w.org\/{rel}","templated":true}]}}