{"id":4995,"date":"2021-06-15T15:27:46","date_gmt":"2021-06-15T13:27:46","guid":{"rendered":"https:\/\/buddhaseedbank.com\/producto\/assorted-classics\/"},"modified":"2024-09-04T15:39:06","modified_gmt":"2024-09-04T13:39:06","slug":"assorted-classics","status":"publish","type":"product","link":"https:\/\/buddhaseedbank.com\/fr\/producto\/assorted-classics\/","title":{"rendered":"Assorted Classics"},"content":{"rendered":"<p style=\"text-align: justify;\">Pour ceux qui ont du mal \u00e0 se d\u00e9cider pour une vari\u00e9t\u00e9, Assorted Classics de Buddha Seeds est la s\u00e9lection parfaite de graines qui ne manqueront pas de faire mouche. Ce m\u00e9lange se distingue par son prix \u00e9conomique et la s\u00e9curit\u00e9 d&rsquo;avoir la qualit\u00e9 de d\u00e9veloppement de Buddha Seeds dans chacune des vari\u00e9t\u00e9s. Assorted Classics est compos\u00e9 de la famille compl\u00e8te Classics et d&rsquo;autres g\u00e9n\u00e9tiques \u00e9tonnantes. Un engagement \u00e0 s\u00e9duire le go\u00fbt du consommateur \u00e0 travers une variation de nuances : des agrumes amers aux saveurs les plus douces, sans perdre l&rsquo;essence des classiques du cannabis. Un voyage aux origines du cannabis, mais avec la valeur distinctive de Buddha Seeds.<\/p>\n","protected":false},"excerpt":{"rendered":"<p>Pour ceux qui ont du mal \u00e0 se d\u00e9cider pour une vari\u00e9t\u00e9, Assorted Classics de Buddha Seeds est la s\u00e9lection parfaite de graines qui ne manqueront pas de faire mouche. Ce m\u00e9lange se distingue par son prix \u00e9conomique et la s\u00e9curit\u00e9 d&rsquo;avoir la qualit\u00e9 de d\u00e9veloppement de Buddha Seeds dans chacune des vari\u00e9t\u00e9s. Assorted Classics [&hellip;]<\/p>\n","protected":false},"featured_media":4986,"template":"","meta":{"_joinchat":[]},"product_brand":[],"product_cat":[641,111],"product_tag":[1479,1506,1533],"class_list":{"0":"post-4995","1":"product","2":"type-product","3":"status-publish","4":"has-post-thumbnail","6":"product_cat-classics-buddha-seeds-fr","7":"product_cat-varietes-buddha-seeds","8":"product_tag-graines-photodependantes","9":"product_tag-les-classiques-cannabis","10":"product_tag-melange-graines-photodependant","11":"pa_efecto-36-desdeefectosrelajantesalo-fr","12":"pa_fa-produccionenexteriorporpl-500_2000g-fr","13":"pa_genetica-9e-hibridosdemayorgensativoy-fr","14":"pa_mesdecosecha-60-segundamitaddeseptiembrey-fr","15":"pa_produccionm-400_650g-fr","16":"pa_semillas-10unidades-fr","17":"pa_sexo-feminizada-fr","18":"pa_tiempodefloracion-60_75dias-fr","19":"pa_tipo-photodependant-fr","21":"first","22":"instock","23":"taxable","24":"shipping-taxable","25":"purchasable","26":"product-type-variable","27":"has-default-attributes"},"yoast_head":"<!-- This site is optimized with the Yoast SEO plugin v27.3 - https:\/\/yoast.com\/product\/yoast-seo-wordpress\/ -->\n<title>Assortiment de classiques - Buddha Seeds<\/title>\n<meta name=\"description\" content=\"Assorted Classics de Buddha Seeds est une valeur s\u00fbre pour les cultivateurs \u00e0 la recherche d&#039;excellentes surprises. Ce m\u00e9lange de graines r\u00e9unit toutes les vari\u00e9t\u00e9s de la collection Buddha Seeds Classics.\" \/>\n<meta name=\"robots\" content=\"index, follow, max-snippet:-1, max-image-preview:large, max-video-preview:-1\" \/>\n<link rel=\"canonical\" href=\"https:\/\/buddhaseedbank.com\/fr\/producto\/assorted-classics\/\" \/>\n<meta property=\"og:locale\" content=\"fr_FR\" \/>\n<meta property=\"og:type\" content=\"article\" \/>\n<meta property=\"og:title\" content=\"Assortiment de classiques - Buddha Seeds\" \/>\n<meta property=\"og:description\" content=\"Assorted Classics de Buddha Seeds est une valeur s\u00fbre pour les cultivateurs \u00e0 la recherche d&#039;excellentes surprises. Ce m\u00e9lange de graines r\u00e9unit toutes les vari\u00e9t\u00e9s de la collection Buddha Seeds Classics.\" \/>\n<meta property=\"og:url\" content=\"https:\/\/buddhaseedbank.com\/fr\/producto\/assorted-classics\/\" \/>\n<meta property=\"og:site_name\" content=\"Buddha Seeds\" \/>\n<meta property=\"article:modified_time\" content=\"2024-09-04T13:39:06+00:00\" \/>\n<meta property=\"og:image\" content=\"https:\/\/buddhaseedbank.com\/wp-content\/uploads\/2021\/06\/282-Assorted-Classics.jpg\" \/>\n\t<meta property=\"og:image:width\" content=\"1080\" \/>\n\t<meta property=\"og:image:height\" content=\"1080\" \/>\n\t<meta property=\"og:image:type\" content=\"image\/jpeg\" \/>\n<meta name=\"twitter:card\" content=\"summary_large_image\" \/>\n<meta name=\"twitter:label1\" content=\"Dur\u00e9e de lecture estim\u00e9e\" \/>\n\t<meta name=\"twitter:data1\" content=\"1 minute\" \/>\n<script type=\"application\/ld+json\" class=\"yoast-schema-graph\">{\"@context\":\"https:\\\/\\\/schema.org\",\"@graph\":[{\"@type\":\"WebPage\",\"@id\":\"https:\\\/\\\/buddhaseedbank.com\\\/fr\\\/producto\\\/assorted-classics\\\/\",\"url\":\"https:\\\/\\\/buddhaseedbank.com\\\/fr\\\/producto\\\/assorted-classics\\\/\",\"name\":\"Assortiment de classiques - Buddha Seeds\",\"isPartOf\":{\"@id\":\"https:\\\/\\\/buddhaseedbank.com\\\/fr\\\/#website\"},\"primaryImageOfPage\":{\"@id\":\"https:\\\/\\\/buddhaseedbank.com\\\/fr\\\/producto\\\/assorted-classics\\\/#primaryimage\"},\"image\":{\"@id\":\"https:\\\/\\\/buddhaseedbank.com\\\/fr\\\/producto\\\/assorted-classics\\\/#primaryimage\"},\"thumbnailUrl\":\"https:\\\/\\\/buddhaseedbank.com\\\/wp-content\\\/uploads\\\/2021\\\/06\\\/282-Assorted-Classics.jpg\",\"datePublished\":\"2021-06-15T13:27:46+00:00\",\"dateModified\":\"2024-09-04T13:39:06+00:00\",\"description\":\"Assorted Classics de Buddha Seeds est une valeur s\u00fbre pour les cultivateurs \u00e0 la recherche d'excellentes surprises. Ce m\u00e9lange de graines r\u00e9unit toutes les vari\u00e9t\u00e9s de la collection Buddha Seeds Classics.\",\"breadcrumb\":{\"@id\":\"https:\\\/\\\/buddhaseedbank.com\\\/fr\\\/producto\\\/assorted-classics\\\/#breadcrumb\"},\"inLanguage\":\"fr-FR\",\"potentialAction\":[{\"@type\":\"ReadAction\",\"target\":[\"https:\\\/\\\/buddhaseedbank.com\\\/fr\\\/producto\\\/assorted-classics\\\/\"]}]},{\"@type\":\"ImageObject\",\"inLanguage\":\"fr-FR\",\"@id\":\"https:\\\/\\\/buddhaseedbank.com\\\/fr\\\/producto\\\/assorted-classics\\\/#primaryimage\",\"url\":\"https:\\\/\\\/buddhaseedbank.com\\\/wp-content\\\/uploads\\\/2021\\\/06\\\/282-Assorted-Classics.jpg\",\"contentUrl\":\"https:\\\/\\\/buddhaseedbank.com\\\/wp-content\\\/uploads\\\/2021\\\/06\\\/282-Assorted-Classics.jpg\",\"width\":1080,\"height\":1080,\"caption\":\"Assortiment de classiques\"},{\"@type\":\"BreadcrumbList\",\"@id\":\"https:\\\/\\\/buddhaseedbank.com\\\/fr\\\/producto\\\/assorted-classics\\\/#breadcrumb\",\"itemListElement\":[{\"@type\":\"ListItem\",\"position\":1,\"name\":\"Portada\",\"item\":\"https:\\\/\\\/buddhaseedbank.com\\\/fr\\\/\"},{\"@type\":\"ListItem\",\"position\":2,\"name\":\"Boutique\",\"item\":\"https:\\\/\\\/buddhaseedbank.com\\\/fr\\\/boutique\\\/\"},{\"@type\":\"ListItem\",\"position\":3,\"name\":\"Assorted Classics\"}]},{\"@type\":\"WebSite\",\"@id\":\"https:\\\/\\\/buddhaseedbank.com\\\/fr\\\/#website\",\"url\":\"https:\\\/\\\/buddhaseedbank.com\\\/fr\\\/\",\"name\":\"Buddha Seeds\",\"description\":\"\",\"publisher\":{\"@id\":\"https:\\\/\\\/buddhaseedbank.com\\\/fr\\\/#organization\"},\"potentialAction\":[{\"@type\":\"SearchAction\",\"target\":{\"@type\":\"EntryPoint\",\"urlTemplate\":\"https:\\\/\\\/buddhaseedbank.com\\\/fr\\\/?s={search_term_string}\"},\"query-input\":{\"@type\":\"PropertyValueSpecification\",\"valueRequired\":true,\"valueName\":\"search_term_string\"}}],\"inLanguage\":\"fr-FR\"},{\"@type\":\"Organization\",\"@id\":\"https:\\\/\\\/buddhaseedbank.com\\\/fr\\\/#organization\",\"name\":\"Buddha Seeds\",\"url\":\"https:\\\/\\\/buddhaseedbank.com\\\/fr\\\/\",\"logo\":{\"@type\":\"ImageObject\",\"inLanguage\":\"fr-FR\",\"@id\":\"https:\\\/\\\/buddhaseedbank.com\\\/fr\\\/#\\\/schema\\\/logo\\\/image\\\/\",\"url\":\"https:\\\/\\\/buddhaseedbank.com\\\/wp-content\\\/uploads\\\/2024\\\/04\\\/buddha-seeds-logo-1622448424-1.png\",\"contentUrl\":\"https:\\\/\\\/buddhaseedbank.com\\\/wp-content\\\/uploads\\\/2024\\\/04\\\/buddha-seeds-logo-1622448424-1.png\",\"width\":478,\"height\":200,\"caption\":\"Buddha Seeds\"},\"image\":{\"@id\":\"https:\\\/\\\/buddhaseedbank.com\\\/fr\\\/#\\\/schema\\\/logo\\\/image\\\/\"}}]}<\/script>\n<!-- \/ Yoast SEO plugin. -->","yoast_head_json":{"title":"Assortiment de classiques - Buddha Seeds","description":"Assorted Classics de Buddha Seeds est une valeur s\u00fbre pour les cultivateurs \u00e0 la recherche d'excellentes surprises. Ce m\u00e9lange de graines r\u00e9unit toutes les vari\u00e9t\u00e9s de la collection Buddha Seeds Classics.","robots":{"index":"index","follow":"follow","max-snippet":"max-snippet:-1","max-image-preview":"max-image-preview:large","max-video-preview":"max-video-preview:-1"},"canonical":"https:\/\/buddhaseedbank.com\/fr\/producto\/assorted-classics\/","og_locale":"fr_FR","og_type":"article","og_title":"Assortiment de classiques - Buddha Seeds","og_description":"Assorted Classics de Buddha Seeds est une valeur s\u00fbre pour les cultivateurs \u00e0 la recherche d'excellentes surprises. Ce m\u00e9lange de graines r\u00e9unit toutes les vari\u00e9t\u00e9s de la collection Buddha Seeds Classics.","og_url":"https:\/\/buddhaseedbank.com\/fr\/producto\/assorted-classics\/","og_site_name":"Buddha Seeds","article_modified_time":"2024-09-04T13:39:06+00:00","og_image":[{"width":1080,"height":1080,"url":"https:\/\/buddhaseedbank.com\/wp-content\/uploads\/2021\/06\/282-Assorted-Classics.jpg","type":"image\/jpeg"}],"twitter_card":"summary_large_image","twitter_misc":{"Dur\u00e9e de lecture estim\u00e9e":"1 minute"},"schema":{"@context":"https:\/\/schema.org","@graph":[{"@type":"WebPage","@id":"https:\/\/buddhaseedbank.com\/fr\/producto\/assorted-classics\/","url":"https:\/\/buddhaseedbank.com\/fr\/producto\/assorted-classics\/","name":"Assortiment de classiques - Buddha Seeds","isPartOf":{"@id":"https:\/\/buddhaseedbank.com\/fr\/#website"},"primaryImageOfPage":{"@id":"https:\/\/buddhaseedbank.com\/fr\/producto\/assorted-classics\/#primaryimage"},"image":{"@id":"https:\/\/buddhaseedbank.com\/fr\/producto\/assorted-classics\/#primaryimage"},"thumbnailUrl":"https:\/\/buddhaseedbank.com\/wp-content\/uploads\/2021\/06\/282-Assorted-Classics.jpg","datePublished":"2021-06-15T13:27:46+00:00","dateModified":"2024-09-04T13:39:06+00:00","description":"Assorted Classics de Buddha Seeds est une valeur s\u00fbre pour les cultivateurs \u00e0 la recherche d'excellentes surprises. Ce m\u00e9lange de graines r\u00e9unit toutes les vari\u00e9t\u00e9s de la collection Buddha Seeds Classics.","breadcrumb":{"@id":"https:\/\/buddhaseedbank.com\/fr\/producto\/assorted-classics\/#breadcrumb"},"inLanguage":"fr-FR","potentialAction":[{"@type":"ReadAction","target":["https:\/\/buddhaseedbank.com\/fr\/producto\/assorted-classics\/"]}]},{"@type":"ImageObject","inLanguage":"fr-FR","@id":"https:\/\/buddhaseedbank.com\/fr\/producto\/assorted-classics\/#primaryimage","url":"https:\/\/buddhaseedbank.com\/wp-content\/uploads\/2021\/06\/282-Assorted-Classics.jpg","contentUrl":"https:\/\/buddhaseedbank.com\/wp-content\/uploads\/2021\/06\/282-Assorted-Classics.jpg","width":1080,"height":1080,"caption":"Assortiment de classiques"},{"@type":"BreadcrumbList","@id":"https:\/\/buddhaseedbank.com\/fr\/producto\/assorted-classics\/#breadcrumb","itemListElement":[{"@type":"ListItem","position":1,"name":"Portada","item":"https:\/\/buddhaseedbank.com\/fr\/"},{"@type":"ListItem","position":2,"name":"Boutique","item":"https:\/\/buddhaseedbank.com\/fr\/boutique\/"},{"@type":"ListItem","position":3,"name":"Assorted Classics"}]},{"@type":"WebSite","@id":"https:\/\/buddhaseedbank.com\/fr\/#website","url":"https:\/\/buddhaseedbank.com\/fr\/","name":"Buddha Seeds","description":"","publisher":{"@id":"https:\/\/buddhaseedbank.com\/fr\/#organization"},"potentialAction":[{"@type":"SearchAction","target":{"@type":"EntryPoint","urlTemplate":"https:\/\/buddhaseedbank.com\/fr\/?s={search_term_string}"},"query-input":{"@type":"PropertyValueSpecification","valueRequired":true,"valueName":"search_term_string"}}],"inLanguage":"fr-FR"},{"@type":"Organization","@id":"https:\/\/buddhaseedbank.com\/fr\/#organization","name":"Buddha Seeds","url":"https:\/\/buddhaseedbank.com\/fr\/","logo":{"@type":"ImageObject","inLanguage":"fr-FR","@id":"https:\/\/buddhaseedbank.com\/fr\/#\/schema\/logo\/image\/","url":"https:\/\/buddhaseedbank.com\/wp-content\/uploads\/2024\/04\/buddha-seeds-logo-1622448424-1.png","contentUrl":"https:\/\/buddhaseedbank.com\/wp-content\/uploads\/2024\/04\/buddha-seeds-logo-1622448424-1.png","width":478,"height":200,"caption":"Buddha Seeds"},"image":{"@id":"https:\/\/buddhaseedbank.com\/fr\/#\/schema\/logo\/image\/"}}]}},"_links":{"self":[{"href":"https:\/\/buddhaseedbank.com\/fr\/wp-json\/wp\/v2\/product\/4995","targetHints":{"allow":["GET"]}}],"collection":[{"href":"https:\/\/buddhaseedbank.com\/fr\/wp-json\/wp\/v2\/product"}],"about":[{"href":"https:\/\/buddhaseedbank.com\/fr\/wp-json\/wp\/v2\/types\/product"}],"wp:featuredmedia":[{"embeddable":true,"href":"https:\/\/buddhaseedbank.com\/fr\/wp-json\/wp\/v2\/media\/4986"}],"wp:attachment":[{"href":"https:\/\/buddhaseedbank.com\/fr\/wp-json\/wp\/v2\/media?parent=4995"}],"wp:term":[{"taxonomy":"product_brand","embeddable":true,"href":"https:\/\/buddhaseedbank.com\/fr\/wp-json\/wp\/v2\/product_brand?post=4995"},{"taxonomy":"product_cat","embeddable":true,"href":"https:\/\/buddhaseedbank.com\/fr\/wp-json\/wp\/v2\/product_cat?post=4995"},{"taxonomy":"product_tag","embeddable":true,"href":"https:\/\/buddhaseedbank.com\/fr\/wp-json\/wp\/v2\/product_tag?post=4995"}],"curies":[{"name":"wp","href":"https:\/\/api.w.org\/{rel}","templated":true}]}}